{"id":2873,"date":"2023-07-10T11:41:34","date_gmt":"2023-07-10T11:41:34","guid":{"rendered":"https:\/\/www.labopolis.com\/?post_type=product&#038;p=2873"},"modified":"2025-04-30T12:24:25","modified_gmt":"2025-04-30T12:24:25","slug":"microscopios-levenhuk-rainbow-2l-plus","status":"publish","type":"product","link":"https:\/\/www.labopolis.com\/pt\/produto\/microscopios-levenhuk-rainbow-2l-plus\/","title":{"rendered":"LEVENHUK RAINBOW 2L PLUS Microsc\u00f3pios"},"content":{"rendered":"<p>Os microsc\u00f3pios Rainbow 2L PLUS, de design bonito e cores vivas, s\u00e3o a continua\u00e7\u00e3o l\u00f3gica da s\u00e9rie Rainbow 2L da Levenhuk. Estes novos microsc\u00f3pios combinam todas as vantagens da linha anterior com a adi\u00e7\u00e3o de novas carater\u00edsticas. Estes microsc\u00f3pios est\u00e3o equipados com dois sistemas de ilumina\u00e7\u00e3o, tornando poss\u00edvel a observa\u00e7\u00e3o de amostras transparentes, semi-transparentes e opacas.<\/p>\n<p>Cada modelo \u00e9 fornecido com um kit de experi\u00eancias Levenhuk K50, que permitir\u00e1 aos jovens investigadores efectuarem as suas primeiras experi\u00eancias e investiga\u00e7\u00f5es por si pr\u00f3prios. A principal diferen\u00e7a destes novos microsc\u00f3pios \u00e9 o facto de terem uma melhor \u00f3tica. T\u00eam amplia\u00e7\u00f5es mais elevadas (at\u00e9 640x), adequadas para os estudantes de biologia utilizarem nas suas investiga\u00e7\u00f5es. Todos os microsc\u00f3pios est\u00e3o equipados com uma lente objetiva com mola. Esta conce\u00e7\u00e3o evita que a lente seja danificada, mesmo que a lente objetiva toque na l\u00e2mina ao tentar focar.<\/p>\n<p>Os microsc\u00f3pios Levenhuk Rainbow 2L PLUS possuem corpos met\u00e1licos robustos que provaram a sua resist\u00eancia e longa vida \u00fatil, mesmo quando utilizados continuamente em universidades ou laborat\u00f3rios. E, claro, n\u00e3o podemos deixar de mencionar o seu design moderno com cinco cores vivas; qualquer um destes belos microsc\u00f3pios ficar\u00e1 muito bem no quarto dos seus filhos ou na secret\u00e1ria do seu escrit\u00f3rio.<\/p>\n<p><strong>Carater\u00edsticas:<\/strong><\/p>\n<ul>\n<li>Microsc\u00f3pio biol\u00f3gico com amplia\u00e7\u00f5es entre 64 e 640x<\/li>\n<li>Dispon\u00edvel em cinco cores apelativas<\/li>\n<li>Corpo met\u00e1lico robusto e duradouro<\/li>\n<li>Ilumina\u00e7\u00e3o superior e inferior<\/li>\n<li>Kit de experi\u00eancias inclu\u00eddo<\/li>\n<\/ul>\n<p><strong>O kit inclui:<\/strong><\/p>\n<ul>\n<li>Microsc\u00f3pio<\/li>\n<li>Objectivas: 4x, 10x e 40x<\/li>\n<li>Ocular: WF16x<\/li>\n<li>Prato com clipes<\/li>\n<li>Diafragma de disco<\/li>\n<li>Condensador<\/li>\n<li>Ilumina\u00e7\u00e3o superior e inferior LED incorporada<\/li>\n<li>Adaptador de corrente<\/li>\n<li>3 pilhas AA<\/li>\n<li>Kit de Experimenta\u00e7\u00e3o Levenhuk K50<\/li>\n<li>Manual de instru\u00e7\u00f5es e garantia vital\u00edcia<\/li>\n<\/ul>\n<p><strong>O kit de experi\u00eancias Levenhuk K50 inclui:<\/strong><\/p>\n<ul>\n<li>Manual do utilizador \"Microsc\u00f3pio Fascinante. Estudo do microcosmo\".<\/li>\n<li>Pipeta<\/li>\n<li>Pin\u00e7as<\/li>\n<li>Incubadora para ovos de art\u00e9mia<\/li>\n<li>Recipiente com art\u00e9mia<\/li>\n<li>Micr\u00f3tomo<\/li>\n<li>Recipiente para levedura<\/li>\n<li>Recipiente com sal marinho<\/li>\n<li>Recipiente com cola<\/li>\n<li>L\u00e2minas de vidro vazias (5 unidades)<\/li>\n<li>5 amostras: perna de mosca, cebola, caule de algod\u00e3o, amostra de tronco de \u00e1rvore, estacas de madeira de pinheiro<\/li>\n<li>Capa de p\u00f3<\/li>\n<\/ul>","protected":false},"excerpt":{"rendered":"<p><strong>LEVENHUK RAINBOW 2L PLUS Microsc\u00f3pios<\/strong><\/p>\n<p><strong>Carater\u00edsticas: <\/strong>Microsc\u00f3pio biol\u00f3gico com amplia\u00e7\u00e3o de 64-640x, dispon\u00edvel em cinco cores vivas, corpo de pl\u00e1stico met\u00e1lico robusto e dur\u00e1vel. Ilumina\u00e7\u00e3o superior e inferior. Com kit de experi\u00eancias inclu\u00eddo.<\/p>","protected":false},"featured_media":2895,"comment_status":"open","ping_status":"closed","template":"","meta":[],"product_brand":[],"product_cat":[23,160,165],"product_tag":[],"class_list":{"0":"post-2873","1":"product","2":"type-product","3":"status-publish","4":"has-post-thumbnail","6":"product_cat-laboratorio","7":"product_cat-microscopios","8":"product_cat-microscopios-educacion","10":"first","11":"instock","12":"taxable","13":"shipping-taxable","14":"purchasable","15":"product-type-variable"},"yoast_head":"<!-- This site is optimized with the Yoast SEO plugin v27.2 - https:\/\/yoast.com\/product\/yoast-seo-wordpress\/ -->\n<title>Microscopios LEVENHUK RAINBOW 2L PLUS - Labopolis<\/title>\n<meta name=\"description\" content=\"Microscopios Levenhuk de gran calidad \/ precio, El modelo 2L Plus, para estudiantes de escuela o universidad . Ampliaci\u00f3n: 64\u2013640x\" \/>\n<meta name=\"robots\" content=\"index, follow, max-snippet:-1, max-image-preview:large, max-video-preview:-1\" \/>\n<link rel=\"canonical\" href=\"https:\/\/www.labopolis.com\/pt\/produto\/microscopios-levenhuk-rainbow-2l-plus\/\" \/>\n<meta property=\"og:locale\" content=\"pt_PT\" \/>\n<meta property=\"og:type\" content=\"article\" \/>\n<meta property=\"og:title\" content=\"Microscopios LEVENHUK RAINBOW 2L PLUS - Labopolis\" \/>\n<meta property=\"og:description\" content=\"Microscopios Levenhuk de gran calidad \/ precio, El modelo 2L Plus, para estudiantes de escuela o universidad . Ampliaci\u00f3n: 64\u2013640x\" \/>\n<meta property=\"og:url\" content=\"https:\/\/www.labopolis.com\/pt\/produto\/microscopios-levenhuk-rainbow-2l-plus\/\" \/>\n<meta property=\"og:site_name\" content=\"Labopolis\" \/>\n<meta property=\"article:publisher\" content=\"https:\/\/www.facebook.com\/profile.php?id=100063251679439\" \/>\n<meta property=\"article:modified_time\" content=\"2025-04-30T12:24:25+00:00\" \/>\n<meta property=\"og:image\" content=\"https:\/\/www.labopolis.com\/wp-content\/uploads\/2023\/07\/LVH-microscopes-Rainbow-2L-PLUS.jpg\" \/>\n\t<meta property=\"og:image:width\" content=\"1000\" \/>\n\t<meta property=\"og:image:height\" content=\"800\" \/>\n\t<meta property=\"og:image:type\" content=\"image\/jpeg\" \/>\n<meta name=\"twitter:card\" content=\"summary_large_image\" \/>\n<meta name=\"twitter:site\" content=\"@Labopolis\" \/>\n<meta name=\"twitter:label1\" content=\"Tempo estimado de leitura\" \/>\n\t<meta name=\"twitter:data1\" content=\"2 minutos\" \/>\n<script type=\"application\/ld+json\" class=\"yoast-schema-graph\">{\"@context\":\"https:\/\/schema.org\",\"@graph\":[{\"@type\":\"WebPage\",\"@id\":\"https:\/\/www.labopolis.com\/producto\/microscopios-levenhuk-rainbow-2l-plus\/\",\"url\":\"https:\/\/www.labopolis.com\/producto\/microscopios-levenhuk-rainbow-2l-plus\/\",\"name\":\"Microscopios LEVENHUK RAINBOW 2L PLUS - Labopolis\",\"isPartOf\":{\"@id\":\"https:\/\/www.labopolis.com\/#website\"},\"primaryImageOfPage\":{\"@id\":\"https:\/\/www.labopolis.com\/producto\/microscopios-levenhuk-rainbow-2l-plus\/#primaryimage\"},\"image\":{\"@id\":\"https:\/\/www.labopolis.com\/producto\/microscopios-levenhuk-rainbow-2l-plus\/#primaryimage\"},\"thumbnailUrl\":\"https:\/\/www.labopolis.com\/wp-content\/uploads\/2023\/07\/LVH-microscopes-Rainbow-2L-PLUS.jpg\",\"datePublished\":\"2023-07-10T11:41:34+00:00\",\"dateModified\":\"2025-04-30T12:24:25+00:00\",\"description\":\"Microscopios Levenhuk de gran calidad \/ precio, El modelo 2L Plus, para estudiantes de escuela o universidad . Ampliaci\u00f3n: 64\u2013640x\",\"breadcrumb\":{\"@id\":\"https:\/\/www.labopolis.com\/producto\/microscopios-levenhuk-rainbow-2l-plus\/#breadcrumb\"},\"inLanguage\":\"pt-PT\",\"potentialAction\":[{\"@type\":\"ReadAction\",\"target\":[\"https:\/\/www.labopolis.com\/producto\/microscopios-levenhuk-rainbow-2l-plus\/\"]}]},{\"@type\":\"ImageObject\",\"inLanguage\":\"pt-PT\",\"@id\":\"https:\/\/www.labopolis.com\/producto\/microscopios-levenhuk-rainbow-2l-plus\/#primaryimage\",\"url\":\"https:\/\/www.labopolis.com\/wp-content\/uploads\/2023\/07\/LVH-microscopes-Rainbow-2L-PLUS.jpg\",\"contentUrl\":\"https:\/\/www.labopolis.com\/wp-content\/uploads\/2023\/07\/LVH-microscopes-Rainbow-2L-PLUS.jpg\",\"width\":1000,\"height\":800,\"caption\":\"Producto\"},{\"@type\":\"BreadcrumbList\",\"@id\":\"https:\/\/www.labopolis.com\/producto\/microscopios-levenhuk-rainbow-2l-plus\/#breadcrumb\",\"itemListElement\":[{\"@type\":\"ListItem\",\"position\":1,\"name\":\"Portada\",\"item\":\"https:\/\/www.labopolis.com\/\"},{\"@type\":\"ListItem\",\"position\":2,\"name\":\"Productos\",\"item\":\"https:\/\/www.labopolis.com\/shop\/\"},{\"@type\":\"ListItem\",\"position\":3,\"name\":\"Microscopios LEVENHUK RAINBOW 2L PLUS\"}]},{\"@type\":\"WebSite\",\"@id\":\"https:\/\/www.labopolis.com\/#website\",\"url\":\"https:\/\/www.labopolis.com\/\",\"name\":\"Labopolis\",\"description\":\"\",\"potentialAction\":[{\"@type\":\"SearchAction\",\"target\":{\"@type\":\"EntryPoint\",\"urlTemplate\":\"https:\/\/www.labopolis.com\/?s={search_term_string}\"},\"query-input\":{\"@type\":\"PropertyValueSpecification\",\"valueRequired\":true,\"valueName\":\"search_term_string\"}}],\"inLanguage\":\"pt-PT\"}]}<\/script>\n<!-- \/ Yoast SEO plugin. -->","yoast_head_json":{"title":"Microscopios LEVENHUK RAINBOW 2L PLUS - Labopolis","description":"Microscopios Levenhuk de gran calidad \/ precio, El modelo 2L Plus, para estudiantes de escuela o universidad . Ampliaci\u00f3n: 64\u2013640x","robots":{"index":"index","follow":"follow","max-snippet":"max-snippet:-1","max-image-preview":"max-image-preview:large","max-video-preview":"max-video-preview:-1"},"canonical":"https:\/\/www.labopolis.com\/pt\/produto\/microscopios-levenhuk-rainbow-2l-plus\/","og_locale":"pt_PT","og_type":"article","og_title":"Microscopios LEVENHUK RAINBOW 2L PLUS - Labopolis","og_description":"Microscopios Levenhuk de gran calidad \/ precio, El modelo 2L Plus, para estudiantes de escuela o universidad . Ampliaci\u00f3n: 64\u2013640x","og_url":"https:\/\/www.labopolis.com\/pt\/produto\/microscopios-levenhuk-rainbow-2l-plus\/","og_site_name":"Labopolis","article_publisher":"https:\/\/www.facebook.com\/profile.php?id=100063251679439","article_modified_time":"2025-04-30T12:24:25+00:00","og_image":[{"width":1000,"height":800,"url":"https:\/\/www.labopolis.com\/wp-content\/uploads\/2023\/07\/LVH-microscopes-Rainbow-2L-PLUS.jpg","type":"image\/jpeg"}],"twitter_card":"summary_large_image","twitter_site":"@Labopolis","twitter_misc":{"Tempo estimado de leitura":"2 minutos"},"schema":{"@context":"https:\/\/schema.org","@graph":[{"@type":"WebPage","@id":"https:\/\/www.labopolis.com\/producto\/microscopios-levenhuk-rainbow-2l-plus\/","url":"https:\/\/www.labopolis.com\/producto\/microscopios-levenhuk-rainbow-2l-plus\/","name":"Microscopios LEVENHUK RAINBOW 2L PLUS - Labopolis","isPartOf":{"@id":"https:\/\/www.labopolis.com\/#website"},"primaryImageOfPage":{"@id":"https:\/\/www.labopolis.com\/producto\/microscopios-levenhuk-rainbow-2l-plus\/#primaryimage"},"image":{"@id":"https:\/\/www.labopolis.com\/producto\/microscopios-levenhuk-rainbow-2l-plus\/#primaryimage"},"thumbnailUrl":"https:\/\/www.labopolis.com\/wp-content\/uploads\/2023\/07\/LVH-microscopes-Rainbow-2L-PLUS.jpg","datePublished":"2023-07-10T11:41:34+00:00","dateModified":"2025-04-30T12:24:25+00:00","description":"Microscopios Levenhuk de gran calidad \/ precio, El modelo 2L Plus, para estudiantes de escuela o universidad . Ampliaci\u00f3n: 64\u2013640x","breadcrumb":{"@id":"https:\/\/www.labopolis.com\/producto\/microscopios-levenhuk-rainbow-2l-plus\/#breadcrumb"},"inLanguage":"pt-PT","potentialAction":[{"@type":"ReadAction","target":["https:\/\/www.labopolis.com\/producto\/microscopios-levenhuk-rainbow-2l-plus\/"]}]},{"@type":"ImageObject","inLanguage":"pt-PT","@id":"https:\/\/www.labopolis.com\/producto\/microscopios-levenhuk-rainbow-2l-plus\/#primaryimage","url":"https:\/\/www.labopolis.com\/wp-content\/uploads\/2023\/07\/LVH-microscopes-Rainbow-2L-PLUS.jpg","contentUrl":"https:\/\/www.labopolis.com\/wp-content\/uploads\/2023\/07\/LVH-microscopes-Rainbow-2L-PLUS.jpg","width":1000,"height":800,"caption":"Producto"},{"@type":"BreadcrumbList","@id":"https:\/\/www.labopolis.com\/producto\/microscopios-levenhuk-rainbow-2l-plus\/#breadcrumb","itemListElement":[{"@type":"ListItem","position":1,"name":"Portada","item":"https:\/\/www.labopolis.com\/"},{"@type":"ListItem","position":2,"name":"Productos","item":"https:\/\/www.labopolis.com\/shop\/"},{"@type":"ListItem","position":3,"name":"Microscopios LEVENHUK RAINBOW 2L PLUS"}]},{"@type":"WebSite","@id":"https:\/\/www.labopolis.com\/#website","url":"https:\/\/www.labopolis.com\/","name":"Labopolis","description":"","potentialAction":[{"@type":"SearchAction","target":{"@type":"EntryPoint","urlTemplate":"https:\/\/www.labopolis.com\/?s={search_term_string}"},"query-input":{"@type":"PropertyValueSpecification","valueRequired":true,"valueName":"search_term_string"}}],"inLanguage":"pt-PT"}]}},"_links":{"self":[{"href":"https:\/\/www.labopolis.com\/pt\/wp-json\/wp\/v2\/product\/2873","targetHints":{"allow":["GET"]}}],"collection":[{"href":"https:\/\/www.labopolis.com\/pt\/wp-json\/wp\/v2\/product"}],"about":[{"href":"https:\/\/www.labopolis.com\/pt\/wp-json\/wp\/v2\/types\/product"}],"replies":[{"embeddable":true,"href":"https:\/\/www.labopolis.com\/pt\/wp-json\/wp\/v2\/comments?post=2873"}],"wp:featuredmedia":[{"embeddable":true,"href":"https:\/\/www.labopolis.com\/pt\/wp-json\/wp\/v2\/media\/2895"}],"wp:attachment":[{"href":"https:\/\/www.labopolis.com\/pt\/wp-json\/wp\/v2\/media?parent=2873"}],"wp:term":[{"taxonomy":"product_brand","embeddable":true,"href":"https:\/\/www.labopolis.com\/pt\/wp-json\/wp\/v2\/product_brand?post=2873"},{"taxonomy":"product_cat","embeddable":true,"href":"https:\/\/www.labopolis.com\/pt\/wp-json\/wp\/v2\/product_cat?post=2873"},{"taxonomy":"product_tag","embeddable":true,"href":"https:\/\/www.labopolis.com\/pt\/wp-json\/wp\/v2\/product_tag?post=2873"}],"curies":[{"name":"wp","href":"https:\/\/api.w.org\/{rel}","templated":true}]}}