{"id":2699,"date":"2023-07-10T11:40:31","date_gmt":"2023-07-10T11:40:31","guid":{"rendered":"https:\/\/www.labopolis.com\/?post_type=product&#038;p=2699"},"modified":"2026-03-24T09:16:42","modified_gmt":"2026-03-24T09:16:42","slug":"microscopio-biologico-monocular-levenhuk-320-plus","status":"publish","type":"product","link":"https:\/\/www.labopolis.com\/pt\/produto\/microscopio-biologico-monocular-levenhuk-320-plus\/","title":{"rendered":"Microsc\u00f3pio Biol\u00f3gico Monocular Levenhuk 320 PLUS"},"content":{"rendered":"<p>O microsc\u00f3pio Levenhuk 320 PLUS \u00e9 um modelo de laborat\u00f3rio para observa\u00e7\u00f5es profissionais de microscopia. \u00c9 adequado para investiga\u00e7\u00f5es morfol\u00f3gicas, hematol\u00f3gicas, bioqu\u00edmicas e outras em laborat\u00f3rios de institui\u00e7\u00f5es m\u00e9dicas e centros cient\u00edficos e de investiga\u00e7\u00e3o. Os professores universit\u00e1rios podem utilizar o microsc\u00f3pio Levenhuk 320 PLUS para fins did\u00e1cticos para estudantes de departamentos m\u00e9dicos.<\/p>\n<p>O microsc\u00f3pio tem lentes acrom\u00e1ticas que fornecem uma imagem n\u00edtida, detalhada e contrastada sem aberra\u00e7\u00f5es \u00f3pticas. As oculares inclu\u00eddas no microsc\u00f3pio proporcionam um campo de vis\u00e3o amplo e plano para observar objectos grandes de estrutura complicada. A cabe\u00e7a do microsc\u00f3pio monocular pode ser rodada 360\u00b0. A gama de amplia\u00e7\u00e3o \u00e9 de 40-1600x. O kit inclui um frasco com \u00f3leo de imers\u00e3o, para ser utilizado com a objetiva de 100x.<\/p>\n<p>As amostras a observar s\u00e3o fixadas numa plataforma. A platina pode ser deslocada ao longo de dois eixos. \u00c9 utilizado um micr\u00f3metro mec\u00e2nico para o posicionamento preciso das amostras sob a objetiva. A regula\u00e7\u00e3o da nitidez \u00e9 efectuada por um mecanismo coaxial de regula\u00e7\u00e3o grosseira e fina.<\/p>\n<p>As amostras s\u00e3o iluminadas por uma ilumina\u00e7\u00e3o LED inferior, cujo brilho \u00e9 ajust\u00e1vel. O feixe \u00f3tico passa atrav\u00e9s de um condensador de Abbe. O diafragma da \u00edris do condensador permite regular a luminosidade. O kit inclui filtros de luz que melhoram o contraste e a nitidez da imagem observada. A ilumina\u00e7\u00e3o \u00e9 alimentada por uma fonte de alimenta\u00e7\u00e3o CA e por pilhas recarreg\u00e1veis (inclu\u00eddas no kit). Uma carga de bateria proporciona 10 horas de funcionamento cont\u00ednuo. Por conseguinte, pode utilizar o microsc\u00f3pio Levenhuk 320 PLUS fora de casa, em expedi\u00e7\u00f5es e semin\u00e1rios.<\/p>\n<p><strong>Carater\u00edsticas:<\/strong><\/p>\n<ul class=\"vikas-list-u\">\n<li>Cabe\u00e7a monocular rotativa<\/li>\n<li>Amplia\u00e7\u00e3o: 40-1600x<\/li>\n<li>Lentes acrom\u00e1ticas de grande \u00e2ngulo<\/li>\n<li>Ilumina\u00e7\u00e3o LED de 0,75 watts com regula\u00e7\u00e3o da luminosidade<\/li>\n<li>Fonte de alimenta\u00e7\u00e3o CA ou pilhas recarreg\u00e1veis<\/li>\n<li>O tempo de carregamento da bateria \u00e9 de aproximadamente 10 horas.<\/li>\n<\/ul>\n<p><strong>O kit inclui:<\/strong><\/p>\n<ul class=\"vikas-list-u\">\n<li>Microsc\u00f3pio<\/li>\n<li>Objectivas acrom\u00e1ticas: 4x, 10x, 40x e 100x (imers\u00e3o em \u00f3leo)<\/li>\n<li>Oculares de grande angular com ponteiro: WF10x e WF16x<\/li>\n<li>Filtros: azul, verde, amarelo<\/li>\n<li>Frasco de \u00f3leo de imers\u00e3o<\/li>\n<li>adaptador AC<\/li>\n<li>Pilhas AA recarreg\u00e1veis (3 unid.)<\/li>\n<li>Cobertura protetora<\/li>\n<li>Manual do utilizador e garantia vital\u00edcia<\/li>\n<\/ul>","protected":false},"excerpt":{"rendered":"<p class=\"product-page-title\"><strong>Microsc\u00f3pio Biol\u00f3gico Monocular Levenhuk 320 PLUS<\/strong><\/p>\n<p><strong>Carater\u00edsticas: <\/strong>Cabe\u00e7a monocular rotativa, amplia\u00e7\u00e3o: 40-1600x, lente acrom\u00e1tica de \u00e2ngulo amplo, ilumina\u00e7\u00e3o LED de 0,75 Watt com ajuste de brilho, alimenta\u00e7\u00e3o por corrente alterna ou bateria recarreg\u00e1vel, tempo de carga da bateria de aproximadamente 10 horas.<\/p>\n<p><strong>O kit inclui: <\/strong>Microsc\u00f3pio, objectivas acrom\u00e1ticas: 4x, 10x, 40x e 100x (imers\u00e3o em \u00f3leo), oculares de grande angular com ponteiro: WF10x e WF16x, filtros: azul, verde, amarelo, frasco de \u00f3leo de imers\u00e3o, adaptador CA, pilhas AA recarreg\u00e1veis (3 unidades), tampa de prote\u00e7\u00e3o, manual do utilizador e garantia vital\u00edcia.<\/p>","protected":false},"featured_media":2726,"comment_status":"open","ping_status":"closed","template":"","meta":[],"product_brand":[],"product_cat":[23,160,165],"product_tag":[],"class_list":{"0":"post-2699","1":"product","2":"type-product","3":"status-publish","4":"has-post-thumbnail","6":"product_cat-laboratorio","7":"product_cat-microscopios","8":"product_cat-microscopios-educacion","10":"first","11":"instock","12":"taxable","13":"shipping-taxable","14":"purchasable","15":"product-type-simple"},"yoast_head":"<!-- This site is optimized with the Yoast SEO plugin v27.2 - https:\/\/yoast.com\/product\/yoast-seo-wordpress\/ -->\n<title>Microscopio biol\u00f3gico monocular Levenhuk 320 PLUS - Labopolis<\/title>\n<meta name=\"description\" content=\"Microscopio biol\u00f3gico monocular Levenhuk 320 PLUS Caracter\u00edsticas: Cabezal monocular rotatorio, ampliaci\u00f3n: 40\u20131600x, lentes de gran angular acrom\u00e1ticos, iluminaci\u00f3n LED de 0,75 vatios con ajuste del brillo, alimentaci\u00f3n por corriente alterna o pilas recargables, el tiempo de carga de la pila es 10 horas aproximadamente.  El kit incluye: Microscopio, objetivos acrom\u00e1ticos: 4x, 10x, 40x y 100x (inmersi\u00f3n en aceite), oculares de gran angular con puntero: WF10x y WF16x, filtros: azul, verde, amarillo, botella de aceite de inmersi\u00f3n, adaptador de CA, pilas AA recargables (3 unidades), cubierta protectora, manual de usuario y garant\u00eda de por vida.\" \/>\n<meta name=\"robots\" content=\"index, follow, max-snippet:-1, max-image-preview:large, max-video-preview:-1\" \/>\n<link rel=\"canonical\" href=\"https:\/\/www.labopolis.com\/pt\/produto\/microscopio-biologico-monocular-levenhuk-320-plus\/\" \/>\n<meta property=\"og:locale\" content=\"pt_PT\" \/>\n<meta property=\"og:type\" content=\"article\" \/>\n<meta property=\"og:title\" content=\"Microscopio biol\u00f3gico monocular Levenhuk 320 PLUS - Labopolis\" \/>\n<meta property=\"og:description\" content=\"Microscopio biol\u00f3gico monocular Levenhuk 320 PLUS Caracter\u00edsticas: Cabezal monocular rotatorio, ampliaci\u00f3n: 40\u20131600x, lentes de gran angular acrom\u00e1ticos, iluminaci\u00f3n LED de 0,75 vatios con ajuste del brillo, alimentaci\u00f3n por corriente alterna o pilas recargables, el tiempo de carga de la pila es 10 horas aproximadamente.  El kit incluye: Microscopio, objetivos acrom\u00e1ticos: 4x, 10x, 40x y 100x (inmersi\u00f3n en aceite), oculares de gran angular con puntero: WF10x y WF16x, filtros: azul, verde, amarillo, botella de aceite de inmersi\u00f3n, adaptador de CA, pilas AA recargables (3 unidades), cubierta protectora, manual de usuario y garant\u00eda de por vida.\" \/>\n<meta property=\"og:url\" content=\"https:\/\/www.labopolis.com\/pt\/produto\/microscopio-biologico-monocular-levenhuk-320-plus\/\" \/>\n<meta property=\"og:site_name\" content=\"Labopolis\" \/>\n<meta property=\"article:publisher\" content=\"https:\/\/www.facebook.com\/profile.php?id=100063251679439\" \/>\n<meta property=\"article:modified_time\" content=\"2026-03-24T09:16:42+00:00\" \/>\n<meta property=\"og:image\" content=\"https:\/\/www.labopolis.com\/wp-content\/uploads\/2023\/07\/73795_microscope-levenhuk-320-plus_00.jpg\" \/>\n\t<meta property=\"og:image:width\" content=\"1150\" \/>\n\t<meta property=\"og:image:height\" content=\"2000\" \/>\n\t<meta property=\"og:image:type\" content=\"image\/jpeg\" \/>\n<meta name=\"twitter:card\" content=\"summary_large_image\" \/>\n<meta name=\"twitter:site\" content=\"@Labopolis\" \/>\n<meta name=\"twitter:label1\" content=\"Tempo estimado de leitura\" \/>\n\t<meta name=\"twitter:data1\" content=\"2 minutos\" \/>\n<script type=\"application\/ld+json\" class=\"yoast-schema-graph\">{\"@context\":\"https:\/\/schema.org\",\"@graph\":[{\"@type\":\"WebPage\",\"@id\":\"https:\/\/www.labopolis.com\/producto\/microscopio-biologico-monocular-levenhuk-320-plus\/\",\"url\":\"https:\/\/www.labopolis.com\/producto\/microscopio-biologico-monocular-levenhuk-320-plus\/\",\"name\":\"Microscopio biol\u00f3gico monocular Levenhuk 320 PLUS - Labopolis\",\"isPartOf\":{\"@id\":\"https:\/\/www.labopolis.com\/#website\"},\"primaryImageOfPage\":{\"@id\":\"https:\/\/www.labopolis.com\/producto\/microscopio-biologico-monocular-levenhuk-320-plus\/#primaryimage\"},\"image\":{\"@id\":\"https:\/\/www.labopolis.com\/producto\/microscopio-biologico-monocular-levenhuk-320-plus\/#primaryimage\"},\"thumbnailUrl\":\"https:\/\/www.labopolis.com\/wp-content\/uploads\/2023\/07\/73795_microscope-levenhuk-320-plus_00.jpg\",\"datePublished\":\"2023-07-10T11:40:31+00:00\",\"dateModified\":\"2026-03-24T09:16:42+00:00\",\"description\":\"Microscopio biol\u00f3gico monocular Levenhuk 320 PLUS Caracter\u00edsticas: Cabezal monocular rotatorio, ampliaci\u00f3n: 40\u20131600x, lentes de gran angular acrom\u00e1ticos, iluminaci\u00f3n LED de 0,75 vatios con ajuste del brillo, alimentaci\u00f3n por corriente alterna o pilas recargables, el tiempo de carga de la pila es 10 horas aproximadamente. El kit incluye: Microscopio, objetivos acrom\u00e1ticos: 4x, 10x, 40x y 100x (inmersi\u00f3n en aceite), oculares de gran angular con puntero: WF10x y WF16x, filtros: azul, verde, amarillo, botella de aceite de inmersi\u00f3n, adaptador de CA, pilas AA recargables (3 unidades), cubierta protectora, manual de usuario y garant\u00eda de por vida.\",\"breadcrumb\":{\"@id\":\"https:\/\/www.labopolis.com\/producto\/microscopio-biologico-monocular-levenhuk-320-plus\/#breadcrumb\"},\"inLanguage\":\"pt-PT\",\"potentialAction\":[{\"@type\":\"ReadAction\",\"target\":[\"https:\/\/www.labopolis.com\/producto\/microscopio-biologico-monocular-levenhuk-320-plus\/\"]}]},{\"@type\":\"ImageObject\",\"inLanguage\":\"pt-PT\",\"@id\":\"https:\/\/www.labopolis.com\/producto\/microscopio-biologico-monocular-levenhuk-320-plus\/#primaryimage\",\"url\":\"https:\/\/www.labopolis.com\/wp-content\/uploads\/2023\/07\/73795_microscope-levenhuk-320-plus_00.jpg\",\"contentUrl\":\"https:\/\/www.labopolis.com\/wp-content\/uploads\/2023\/07\/73795_microscope-levenhuk-320-plus_00.jpg\",\"width\":1150,\"height\":2000,\"caption\":\"Producto\"},{\"@type\":\"BreadcrumbList\",\"@id\":\"https:\/\/www.labopolis.com\/producto\/microscopio-biologico-monocular-levenhuk-320-plus\/#breadcrumb\",\"itemListElement\":[{\"@type\":\"ListItem\",\"position\":1,\"name\":\"Portada\",\"item\":\"https:\/\/www.labopolis.com\/\"},{\"@type\":\"ListItem\",\"position\":2,\"name\":\"Productos\",\"item\":\"https:\/\/www.labopolis.com\/shop\/\"},{\"@type\":\"ListItem\",\"position\":3,\"name\":\"Microscopio biol\u00f3gico monocular Levenhuk 320 PLUS\"}]},{\"@type\":\"WebSite\",\"@id\":\"https:\/\/www.labopolis.com\/#website\",\"url\":\"https:\/\/www.labopolis.com\/\",\"name\":\"Labopolis\",\"description\":\"\",\"potentialAction\":[{\"@type\":\"SearchAction\",\"target\":{\"@type\":\"EntryPoint\",\"urlTemplate\":\"https:\/\/www.labopolis.com\/?s={search_term_string}\"},\"query-input\":{\"@type\":\"PropertyValueSpecification\",\"valueRequired\":true,\"valueName\":\"search_term_string\"}}],\"inLanguage\":\"pt-PT\"}]}<\/script>\n<!-- \/ Yoast SEO plugin. -->","yoast_head_json":{"title":"Microscopio biol\u00f3gico monocular Levenhuk 320 PLUS - Labopolis","description":"Microscopio biol\u00f3gico monocular Levenhuk 320 PLUS Caracter\u00edsticas: Cabezal monocular rotatorio, ampliaci\u00f3n: 40\u20131600x, lentes de gran angular acrom\u00e1ticos, iluminaci\u00f3n LED de 0,75 vatios con ajuste del brillo, alimentaci\u00f3n por corriente alterna o pilas recargables, el tiempo de carga de la pila es 10 horas aproximadamente.  El kit incluye: Microscopio, objetivos acrom\u00e1ticos: 4x, 10x, 40x y 100x (inmersi\u00f3n en aceite), oculares de gran angular con puntero: WF10x y WF16x, filtros: azul, verde, amarillo, botella de aceite de inmersi\u00f3n, adaptador de CA, pilas AA recargables (3 unidades), cubierta protectora, manual de usuario y garant\u00eda de por vida.","robots":{"index":"index","follow":"follow","max-snippet":"max-snippet:-1","max-image-preview":"max-image-preview:large","max-video-preview":"max-video-preview:-1"},"canonical":"https:\/\/www.labopolis.com\/pt\/produto\/microscopio-biologico-monocular-levenhuk-320-plus\/","og_locale":"pt_PT","og_type":"article","og_title":"Microscopio biol\u00f3gico monocular Levenhuk 320 PLUS - Labopolis","og_description":"Microscopio biol\u00f3gico monocular Levenhuk 320 PLUS Caracter\u00edsticas: Cabezal monocular rotatorio, ampliaci\u00f3n: 40\u20131600x, lentes de gran angular acrom\u00e1ticos, iluminaci\u00f3n LED de 0,75 vatios con ajuste del brillo, alimentaci\u00f3n por corriente alterna o pilas recargables, el tiempo de carga de la pila es 10 horas aproximadamente.  El kit incluye: Microscopio, objetivos acrom\u00e1ticos: 4x, 10x, 40x y 100x (inmersi\u00f3n en aceite), oculares de gran angular con puntero: WF10x y WF16x, filtros: azul, verde, amarillo, botella de aceite de inmersi\u00f3n, adaptador de CA, pilas AA recargables (3 unidades), cubierta protectora, manual de usuario y garant\u00eda de por vida.","og_url":"https:\/\/www.labopolis.com\/pt\/produto\/microscopio-biologico-monocular-levenhuk-320-plus\/","og_site_name":"Labopolis","article_publisher":"https:\/\/www.facebook.com\/profile.php?id=100063251679439","article_modified_time":"2026-03-24T09:16:42+00:00","og_image":[{"width":1150,"height":2000,"url":"https:\/\/www.labopolis.com\/wp-content\/uploads\/2023\/07\/73795_microscope-levenhuk-320-plus_00.jpg","type":"image\/jpeg"}],"twitter_card":"summary_large_image","twitter_site":"@Labopolis","twitter_misc":{"Tempo estimado de leitura":"2 minutos"},"schema":{"@context":"https:\/\/schema.org","@graph":[{"@type":"WebPage","@id":"https:\/\/www.labopolis.com\/producto\/microscopio-biologico-monocular-levenhuk-320-plus\/","url":"https:\/\/www.labopolis.com\/producto\/microscopio-biologico-monocular-levenhuk-320-plus\/","name":"Microscopio biol\u00f3gico monocular Levenhuk 320 PLUS - Labopolis","isPartOf":{"@id":"https:\/\/www.labopolis.com\/#website"},"primaryImageOfPage":{"@id":"https:\/\/www.labopolis.com\/producto\/microscopio-biologico-monocular-levenhuk-320-plus\/#primaryimage"},"image":{"@id":"https:\/\/www.labopolis.com\/producto\/microscopio-biologico-monocular-levenhuk-320-plus\/#primaryimage"},"thumbnailUrl":"https:\/\/www.labopolis.com\/wp-content\/uploads\/2023\/07\/73795_microscope-levenhuk-320-plus_00.jpg","datePublished":"2023-07-10T11:40:31+00:00","dateModified":"2026-03-24T09:16:42+00:00","description":"Microscopio biol\u00f3gico monocular Levenhuk 320 PLUS Caracter\u00edsticas: Cabezal monocular rotatorio, ampliaci\u00f3n: 40\u20131600x, lentes de gran angular acrom\u00e1ticos, iluminaci\u00f3n LED de 0,75 vatios con ajuste del brillo, alimentaci\u00f3n por corriente alterna o pilas recargables, el tiempo de carga de la pila es 10 horas aproximadamente. El kit incluye: Microscopio, objetivos acrom\u00e1ticos: 4x, 10x, 40x y 100x (inmersi\u00f3n en aceite), oculares de gran angular con puntero: WF10x y WF16x, filtros: azul, verde, amarillo, botella de aceite de inmersi\u00f3n, adaptador de CA, pilas AA recargables (3 unidades), cubierta protectora, manual de usuario y garant\u00eda de por vida.","breadcrumb":{"@id":"https:\/\/www.labopolis.com\/producto\/microscopio-biologico-monocular-levenhuk-320-plus\/#breadcrumb"},"inLanguage":"pt-PT","potentialAction":[{"@type":"ReadAction","target":["https:\/\/www.labopolis.com\/producto\/microscopio-biologico-monocular-levenhuk-320-plus\/"]}]},{"@type":"ImageObject","inLanguage":"pt-PT","@id":"https:\/\/www.labopolis.com\/producto\/microscopio-biologico-monocular-levenhuk-320-plus\/#primaryimage","url":"https:\/\/www.labopolis.com\/wp-content\/uploads\/2023\/07\/73795_microscope-levenhuk-320-plus_00.jpg","contentUrl":"https:\/\/www.labopolis.com\/wp-content\/uploads\/2023\/07\/73795_microscope-levenhuk-320-plus_00.jpg","width":1150,"height":2000,"caption":"Producto"},{"@type":"BreadcrumbList","@id":"https:\/\/www.labopolis.com\/producto\/microscopio-biologico-monocular-levenhuk-320-plus\/#breadcrumb","itemListElement":[{"@type":"ListItem","position":1,"name":"Portada","item":"https:\/\/www.labopolis.com\/"},{"@type":"ListItem","position":2,"name":"Productos","item":"https:\/\/www.labopolis.com\/shop\/"},{"@type":"ListItem","position":3,"name":"Microscopio biol\u00f3gico monocular Levenhuk 320 PLUS"}]},{"@type":"WebSite","@id":"https:\/\/www.labopolis.com\/#website","url":"https:\/\/www.labopolis.com\/","name":"Labopolis","description":"","potentialAction":[{"@type":"SearchAction","target":{"@type":"EntryPoint","urlTemplate":"https:\/\/www.labopolis.com\/?s={search_term_string}"},"query-input":{"@type":"PropertyValueSpecification","valueRequired":true,"valueName":"search_term_string"}}],"inLanguage":"pt-PT"}]}},"_links":{"self":[{"href":"https:\/\/www.labopolis.com\/pt\/wp-json\/wp\/v2\/product\/2699","targetHints":{"allow":["GET"]}}],"collection":[{"href":"https:\/\/www.labopolis.com\/pt\/wp-json\/wp\/v2\/product"}],"about":[{"href":"https:\/\/www.labopolis.com\/pt\/wp-json\/wp\/v2\/types\/product"}],"replies":[{"embeddable":true,"href":"https:\/\/www.labopolis.com\/pt\/wp-json\/wp\/v2\/comments?post=2699"}],"wp:featuredmedia":[{"embeddable":true,"href":"https:\/\/www.labopolis.com\/pt\/wp-json\/wp\/v2\/media\/2726"}],"wp:attachment":[{"href":"https:\/\/www.labopolis.com\/pt\/wp-json\/wp\/v2\/media?parent=2699"}],"wp:term":[{"taxonomy":"product_brand","embeddable":true,"href":"https:\/\/www.labopolis.com\/pt\/wp-json\/wp\/v2\/product_brand?post=2699"},{"taxonomy":"product_cat","embeddable":true,"href":"https:\/\/www.labopolis.com\/pt\/wp-json\/wp\/v2\/product_cat?post=2699"},{"taxonomy":"product_tag","embeddable":true,"href":"https:\/\/www.labopolis.com\/pt\/wp-json\/wp\/v2\/product_tag?post=2699"}],"curies":[{"name":"wp","href":"https:\/\/api.w.org\/{rel}","templated":true}]}}