{"id":2694,"date":"2023-07-10T11:40:31","date_gmt":"2023-07-10T11:40:31","guid":{"rendered":"https:\/\/www.labopolis.com\/?post_type=product&#038;p=2694"},"modified":"2025-04-30T12:32:57","modified_gmt":"2025-04-30T12:32:57","slug":"microscopio-digital-levenhuk-dtx-30","status":"publish","type":"product","link":"https:\/\/www.labopolis.com\/pt\/produto\/microscopio-digital-levenhuk-dtx-30\/","title":{"rendered":"Microsc\u00f3pio digital Levenhuk DTX 30"},"content":{"rendered":"<p>O microsc\u00f3pio digital Levenhuk DTX 30 \u00e9 um microsc\u00f3pio digital USB moderno que oferece uma amplia\u00e7\u00e3o na gama de 20-230x e est\u00e1 equipado com uma c\u00e2mara de 2 Mpx que lhe permite tirar fotografias e gravar v\u00eddeos das amostras observadas. Este modelo pode ser utilizado em muitos dom\u00ednios: eletr\u00f3nica, joalharia, biologia, zoologia e outros.<\/p>\n<p>O microsc\u00f3pio \u00e9 ligado a um PC ou port\u00e1til atrav\u00e9s de um cabo USB 2.0 normal. A observa\u00e7\u00e3o das amostras e a edi\u00e7\u00e3o das imagens captadas s\u00e3o efectuadas com um software de processamento f\u00e1cil de utilizar inclu\u00eddo no kit. Este software tem uma interface intuitiva: na barra de ferramentas principal existem bot\u00f5es para editar imagens e v\u00eddeos, imprimir imagens, guardar projectos no disco r\u00edgido e muitas outras fun\u00e7\u00f5es. O programa tamb\u00e9m inclui fun\u00e7\u00f5es de medi\u00e7\u00e3o e calibra\u00e7\u00e3o que permitem determinar o comprimento, o per\u00edmetro, o raio ou o di\u00e2metro das amostras observadas, bem como medir diferentes \u00e2ngulos.<\/p>\n<p>O Levenhuk DTX 30 \u00e9 muito f\u00e1cil de utilizar e n\u00e3o requer quaisquer conhecimentos ou compet\u00eancias especiais. Devido ao seu tamanho compacto, este microsc\u00f3pio \u00e9 muito adequado para uso dom\u00e9stico. Para um trabalho ainda mais eficiente, recomenda-se a montagem do microsc\u00f3pio num trip\u00e9 (inclu\u00eddo no kit).<\/p>\n<p>O corpo do microsc\u00f3pio \u00e9 refor\u00e7ado com borracha, pelo que \u00e9 agrad\u00e1vel ao tato e f\u00e1cil de segurar, evitando que escorregue das suas m\u00e3os.<\/p>\n<p><b>Carater\u00edsticas:<\/b><\/p>\n<ul class=\"vikas-list-u\">\n<li>Microsc\u00f3pio digital USB<\/li>\n<li>8 LEDs brancos com luminosidade ajust\u00e1vel<\/li>\n<li>Observa\u00e7\u00f5es em tempo real no ecr\u00e3 do seu PC<\/li>\n<li>Possibilidade de tirar fotografias e fazer v\u00eddeos<\/li>\n<li>Inclui software especial para medir dist\u00e2ncias lineares, \u00e1reas, \u00e2ngulos e raios das amostras estudadas.<\/li>\n<li>Vasta gama de aplica\u00e7\u00f5es<\/li>\n<li>Facilidade de utiliza\u00e7\u00e3o<\/li>\n<li>Compat\u00edvel com Windows 7\/8\/10, Mac 10.6~10.15<\/li>\n<\/ul>\n<p><b>O kit inclui:<\/b><\/p>\n<ul class=\"vikas-list-u\">\n<li>Microsc\u00f3pio digital Levenhuk DTX 30<\/li>\n<li>Trip\u00e9<\/li>\n<li>Tampa protetora de pl\u00e1stico para a lente objetiva<\/li>\n<li>CD de instala\u00e7\u00e3o<\/li>\n<li>Cabo USB<\/li>\n<li>Manual de instru\u00e7\u00f5es e garantia vital\u00edcia<\/li>\n<\/ul>\n<p><b>Recomenda\u00e7\u00f5es para a utiliza\u00e7\u00e3o do software.<\/b><br \/>\nPara que o programa funcione corretamente, iniciar a aplica\u00e7\u00e3o instalada apenas quando o microsc\u00f3pio estiver ligado ao PC e pronto para observa\u00e7\u00f5es.<\/p>\n<p>O microsc\u00f3pio digital Levenhuk DTX 30 n\u00e3o \u00e9 compat\u00edvel com c\u00e2maras digitais externas.<\/p>","protected":false},"excerpt":{"rendered":"<p class=\"product-page-title\"><strong>Microsc\u00f3pio digital Levenhuk DTX 30<\/strong><\/p>\n<p><b>Carater\u00edsticas: <\/b>Microsc\u00f3pio digital USB, 8 LEDs brancos com brilho ajust\u00e1vel, observa\u00e7\u00f5es em tempo real no ecr\u00e3 do seu PC, possibilidade de tirar fotografias e v\u00eddeos, inclui software especial para medir dist\u00e2ncias lineares, \u00e1reas, \u00e2ngulos e raios de amostras estudadas, vasta gama de aplica\u00e7\u00f5es, f\u00e1cil de utilizar, compat\u00edvel com Windows 7\/8\/10, Mac 10.6~10.15.<\/p>\n<p><b>O kit inclui: <\/b>Microsc\u00f3pio digital Levenhuk DTX 30, trip\u00e9, tampa pl\u00e1stica da objetiva, CD de instala\u00e7\u00e3o, cabo USB, manual de instru\u00e7\u00f5es e garantia vital\u00edcia.<\/p>","protected":false},"featured_media":2716,"comment_status":"open","ping_status":"closed","template":"","meta":[],"product_brand":[],"product_cat":[23,160,165],"product_tag":[],"class_list":{"0":"post-2694","1":"product","2":"type-product","3":"status-publish","4":"has-post-thumbnail","6":"product_cat-laboratorio","7":"product_cat-microscopios","8":"product_cat-microscopios-educacion","10":"first","11":"instock","12":"taxable","13":"shipping-taxable","14":"purchasable","15":"product-type-simple"},"yoast_head":"<!-- This site is optimized with the Yoast SEO plugin v27.2 - https:\/\/yoast.com\/product\/yoast-seo-wordpress\/ -->\n<title>Microscopio digital Levenhuk DTX 30 - Labopolis<\/title>\n<meta name=\"description\" content=\"Microscopio digital Levenhuk DTX 30 Caracter\u00edsticas: Microscopio digital USB, 8 LEDs blancos con brillo ajustable, observaciones en tiempo real en la pantalla de su PC, posibilidad de tomar fotos y v\u00eddeos, incluye un software especial para medir distancias lineares, \u00e1reas, \u00e1ngulos y radios de muestras estudiadas, amplio rango de aplicaciones, facilidad de uso, compatible con Windows 7\/8\/10, Mac 10.6~10.15.  El kit incluye: Microscopio digital Levenhuk DTX 30, tr\u00edpode, tapa protectora de pl\u00e1stico para la lente del objetivo, CD de instalaci\u00f3n, cable USB, manual de instrucciones y garant\u00eda de por vida.\" \/>\n<meta name=\"robots\" content=\"index, follow, max-snippet:-1, max-image-preview:large, max-video-preview:-1\" \/>\n<link rel=\"canonical\" href=\"https:\/\/www.labopolis.com\/pt\/produto\/microscopio-digital-levenhuk-dtx-30\/\" \/>\n<meta property=\"og:locale\" content=\"pt_PT\" \/>\n<meta property=\"og:type\" content=\"article\" \/>\n<meta property=\"og:title\" content=\"Microscopio digital Levenhuk DTX 30 - Labopolis\" \/>\n<meta property=\"og:description\" content=\"Microscopio digital Levenhuk DTX 30 Caracter\u00edsticas: Microscopio digital USB, 8 LEDs blancos con brillo ajustable, observaciones en tiempo real en la pantalla de su PC, posibilidad de tomar fotos y v\u00eddeos, incluye un software especial para medir distancias lineares, \u00e1reas, \u00e1ngulos y radios de muestras estudiadas, amplio rango de aplicaciones, facilidad de uso, compatible con Windows 7\/8\/10, Mac 10.6~10.15.  El kit incluye: Microscopio digital Levenhuk DTX 30, tr\u00edpode, tapa protectora de pl\u00e1stico para la lente del objetivo, CD de instalaci\u00f3n, cable USB, manual de instrucciones y garant\u00eda de por vida.\" \/>\n<meta property=\"og:url\" content=\"https:\/\/www.labopolis.com\/pt\/produto\/microscopio-digital-levenhuk-dtx-30\/\" \/>\n<meta property=\"og:site_name\" content=\"Labopolis\" \/>\n<meta property=\"article:publisher\" content=\"https:\/\/www.facebook.com\/profile.php?id=100063251679439\" \/>\n<meta property=\"article:modified_time\" content=\"2025-04-30T12:32:57+00:00\" \/>\n<meta property=\"og:image\" content=\"https:\/\/www.labopolis.com\/wp-content\/uploads\/2023\/07\/levenhuk-microscope-dtx-30.jpg\" \/>\n\t<meta property=\"og:image:width\" content=\"1000\" \/>\n\t<meta property=\"og:image:height\" content=\"867\" \/>\n\t<meta property=\"og:image:type\" content=\"image\/jpeg\" \/>\n<meta name=\"twitter:card\" content=\"summary_large_image\" \/>\n<meta name=\"twitter:site\" content=\"@Labopolis\" \/>\n<meta name=\"twitter:label1\" content=\"Tempo estimado de leitura\" \/>\n\t<meta name=\"twitter:data1\" content=\"2 minutos\" \/>\n<script type=\"application\/ld+json\" class=\"yoast-schema-graph\">{\"@context\":\"https:\/\/schema.org\",\"@graph\":[{\"@type\":\"WebPage\",\"@id\":\"https:\/\/www.labopolis.com\/producto\/microscopio-digital-levenhuk-dtx-30\/\",\"url\":\"https:\/\/www.labopolis.com\/producto\/microscopio-digital-levenhuk-dtx-30\/\",\"name\":\"Microscopio digital Levenhuk DTX 30 - Labopolis\",\"isPartOf\":{\"@id\":\"https:\/\/www.labopolis.com\/#website\"},\"primaryImageOfPage\":{\"@id\":\"https:\/\/www.labopolis.com\/producto\/microscopio-digital-levenhuk-dtx-30\/#primaryimage\"},\"image\":{\"@id\":\"https:\/\/www.labopolis.com\/producto\/microscopio-digital-levenhuk-dtx-30\/#primaryimage\"},\"thumbnailUrl\":\"https:\/\/www.labopolis.com\/wp-content\/uploads\/2023\/07\/levenhuk-microscope-dtx-30.jpg\",\"datePublished\":\"2023-07-10T11:40:31+00:00\",\"dateModified\":\"2025-04-30T12:32:57+00:00\",\"description\":\"Microscopio digital Levenhuk DTX 30 Caracter\u00edsticas: Microscopio digital USB, 8 LEDs blancos con brillo ajustable, observaciones en tiempo real en la pantalla de su PC, posibilidad de tomar fotos y v\u00eddeos, incluye un software especial para medir distancias lineares, \u00e1reas, \u00e1ngulos y radios de muestras estudiadas, amplio rango de aplicaciones, facilidad de uso, compatible con Windows 7\/8\/10, Mac 10.6~10.15. El kit incluye: Microscopio digital Levenhuk DTX 30, tr\u00edpode, tapa protectora de pl\u00e1stico para la lente del objetivo, CD de instalaci\u00f3n, cable USB, manual de instrucciones y garant\u00eda de por vida.\",\"breadcrumb\":{\"@id\":\"https:\/\/www.labopolis.com\/producto\/microscopio-digital-levenhuk-dtx-30\/#breadcrumb\"},\"inLanguage\":\"pt-PT\",\"potentialAction\":[{\"@type\":\"ReadAction\",\"target\":[\"https:\/\/www.labopolis.com\/producto\/microscopio-digital-levenhuk-dtx-30\/\"]}]},{\"@type\":\"ImageObject\",\"inLanguage\":\"pt-PT\",\"@id\":\"https:\/\/www.labopolis.com\/producto\/microscopio-digital-levenhuk-dtx-30\/#primaryimage\",\"url\":\"https:\/\/www.labopolis.com\/wp-content\/uploads\/2023\/07\/levenhuk-microscope-dtx-30.jpg\",\"contentUrl\":\"https:\/\/www.labopolis.com\/wp-content\/uploads\/2023\/07\/levenhuk-microscope-dtx-30.jpg\",\"width\":1000,\"height\":867,\"caption\":\"Producto\"},{\"@type\":\"BreadcrumbList\",\"@id\":\"https:\/\/www.labopolis.com\/producto\/microscopio-digital-levenhuk-dtx-30\/#breadcrumb\",\"itemListElement\":[{\"@type\":\"ListItem\",\"position\":1,\"name\":\"Portada\",\"item\":\"https:\/\/www.labopolis.com\/\"},{\"@type\":\"ListItem\",\"position\":2,\"name\":\"Productos\",\"item\":\"https:\/\/www.labopolis.com\/shop\/\"},{\"@type\":\"ListItem\",\"position\":3,\"name\":\"Microscopio digital Levenhuk DTX 30\"}]},{\"@type\":\"WebSite\",\"@id\":\"https:\/\/www.labopolis.com\/#website\",\"url\":\"https:\/\/www.labopolis.com\/\",\"name\":\"Labopolis\",\"description\":\"\",\"potentialAction\":[{\"@type\":\"SearchAction\",\"target\":{\"@type\":\"EntryPoint\",\"urlTemplate\":\"https:\/\/www.labopolis.com\/?s={search_term_string}\"},\"query-input\":{\"@type\":\"PropertyValueSpecification\",\"valueRequired\":true,\"valueName\":\"search_term_string\"}}],\"inLanguage\":\"pt-PT\"}]}<\/script>\n<!-- \/ Yoast SEO plugin. -->","yoast_head_json":{"title":"Microscopio digital Levenhuk DTX 30 - Labopolis","description":"Microscopio digital Levenhuk DTX 30 Caracter\u00edsticas: Microscopio digital USB, 8 LEDs blancos con brillo ajustable, observaciones en tiempo real en la pantalla de su PC, posibilidad de tomar fotos y v\u00eddeos, incluye un software especial para medir distancias lineares, \u00e1reas, \u00e1ngulos y radios de muestras estudiadas, amplio rango de aplicaciones, facilidad de uso, compatible con Windows 7\/8\/10, Mac 10.6~10.15.  El kit incluye: Microscopio digital Levenhuk DTX 30, tr\u00edpode, tapa protectora de pl\u00e1stico para la lente del objetivo, CD de instalaci\u00f3n, cable USB, manual de instrucciones y garant\u00eda de por vida.","robots":{"index":"index","follow":"follow","max-snippet":"max-snippet:-1","max-image-preview":"max-image-preview:large","max-video-preview":"max-video-preview:-1"},"canonical":"https:\/\/www.labopolis.com\/pt\/produto\/microscopio-digital-levenhuk-dtx-30\/","og_locale":"pt_PT","og_type":"article","og_title":"Microscopio digital Levenhuk DTX 30 - Labopolis","og_description":"Microscopio digital Levenhuk DTX 30 Caracter\u00edsticas: Microscopio digital USB, 8 LEDs blancos con brillo ajustable, observaciones en tiempo real en la pantalla de su PC, posibilidad de tomar fotos y v\u00eddeos, incluye un software especial para medir distancias lineares, \u00e1reas, \u00e1ngulos y radios de muestras estudiadas, amplio rango de aplicaciones, facilidad de uso, compatible con Windows 7\/8\/10, Mac 10.6~10.15.  El kit incluye: Microscopio digital Levenhuk DTX 30, tr\u00edpode, tapa protectora de pl\u00e1stico para la lente del objetivo, CD de instalaci\u00f3n, cable USB, manual de instrucciones y garant\u00eda de por vida.","og_url":"https:\/\/www.labopolis.com\/pt\/produto\/microscopio-digital-levenhuk-dtx-30\/","og_site_name":"Labopolis","article_publisher":"https:\/\/www.facebook.com\/profile.php?id=100063251679439","article_modified_time":"2025-04-30T12:32:57+00:00","og_image":[{"width":1000,"height":867,"url":"https:\/\/www.labopolis.com\/wp-content\/uploads\/2023\/07\/levenhuk-microscope-dtx-30.jpg","type":"image\/jpeg"}],"twitter_card":"summary_large_image","twitter_site":"@Labopolis","twitter_misc":{"Tempo estimado de leitura":"2 minutos"},"schema":{"@context":"https:\/\/schema.org","@graph":[{"@type":"WebPage","@id":"https:\/\/www.labopolis.com\/producto\/microscopio-digital-levenhuk-dtx-30\/","url":"https:\/\/www.labopolis.com\/producto\/microscopio-digital-levenhuk-dtx-30\/","name":"Microscopio digital Levenhuk DTX 30 - Labopolis","isPartOf":{"@id":"https:\/\/www.labopolis.com\/#website"},"primaryImageOfPage":{"@id":"https:\/\/www.labopolis.com\/producto\/microscopio-digital-levenhuk-dtx-30\/#primaryimage"},"image":{"@id":"https:\/\/www.labopolis.com\/producto\/microscopio-digital-levenhuk-dtx-30\/#primaryimage"},"thumbnailUrl":"https:\/\/www.labopolis.com\/wp-content\/uploads\/2023\/07\/levenhuk-microscope-dtx-30.jpg","datePublished":"2023-07-10T11:40:31+00:00","dateModified":"2025-04-30T12:32:57+00:00","description":"Microscopio digital Levenhuk DTX 30 Caracter\u00edsticas: Microscopio digital USB, 8 LEDs blancos con brillo ajustable, observaciones en tiempo real en la pantalla de su PC, posibilidad de tomar fotos y v\u00eddeos, incluye un software especial para medir distancias lineares, \u00e1reas, \u00e1ngulos y radios de muestras estudiadas, amplio rango de aplicaciones, facilidad de uso, compatible con Windows 7\/8\/10, Mac 10.6~10.15. El kit incluye: Microscopio digital Levenhuk DTX 30, tr\u00edpode, tapa protectora de pl\u00e1stico para la lente del objetivo, CD de instalaci\u00f3n, cable USB, manual de instrucciones y garant\u00eda de por vida.","breadcrumb":{"@id":"https:\/\/www.labopolis.com\/producto\/microscopio-digital-levenhuk-dtx-30\/#breadcrumb"},"inLanguage":"pt-PT","potentialAction":[{"@type":"ReadAction","target":["https:\/\/www.labopolis.com\/producto\/microscopio-digital-levenhuk-dtx-30\/"]}]},{"@type":"ImageObject","inLanguage":"pt-PT","@id":"https:\/\/www.labopolis.com\/producto\/microscopio-digital-levenhuk-dtx-30\/#primaryimage","url":"https:\/\/www.labopolis.com\/wp-content\/uploads\/2023\/07\/levenhuk-microscope-dtx-30.jpg","contentUrl":"https:\/\/www.labopolis.com\/wp-content\/uploads\/2023\/07\/levenhuk-microscope-dtx-30.jpg","width":1000,"height":867,"caption":"Producto"},{"@type":"BreadcrumbList","@id":"https:\/\/www.labopolis.com\/producto\/microscopio-digital-levenhuk-dtx-30\/#breadcrumb","itemListElement":[{"@type":"ListItem","position":1,"name":"Portada","item":"https:\/\/www.labopolis.com\/"},{"@type":"ListItem","position":2,"name":"Productos","item":"https:\/\/www.labopolis.com\/shop\/"},{"@type":"ListItem","position":3,"name":"Microscopio digital Levenhuk DTX 30"}]},{"@type":"WebSite","@id":"https:\/\/www.labopolis.com\/#website","url":"https:\/\/www.labopolis.com\/","name":"Labopolis","description":"","potentialAction":[{"@type":"SearchAction","target":{"@type":"EntryPoint","urlTemplate":"https:\/\/www.labopolis.com\/?s={search_term_string}"},"query-input":{"@type":"PropertyValueSpecification","valueRequired":true,"valueName":"search_term_string"}}],"inLanguage":"pt-PT"}]}},"_links":{"self":[{"href":"https:\/\/www.labopolis.com\/pt\/wp-json\/wp\/v2\/product\/2694","targetHints":{"allow":["GET"]}}],"collection":[{"href":"https:\/\/www.labopolis.com\/pt\/wp-json\/wp\/v2\/product"}],"about":[{"href":"https:\/\/www.labopolis.com\/pt\/wp-json\/wp\/v2\/types\/product"}],"replies":[{"embeddable":true,"href":"https:\/\/www.labopolis.com\/pt\/wp-json\/wp\/v2\/comments?post=2694"}],"wp:featuredmedia":[{"embeddable":true,"href":"https:\/\/www.labopolis.com\/pt\/wp-json\/wp\/v2\/media\/2716"}],"wp:attachment":[{"href":"https:\/\/www.labopolis.com\/pt\/wp-json\/wp\/v2\/media?parent=2694"}],"wp:term":[{"taxonomy":"product_brand","embeddable":true,"href":"https:\/\/www.labopolis.com\/pt\/wp-json\/wp\/v2\/product_brand?post=2694"},{"taxonomy":"product_cat","embeddable":true,"href":"https:\/\/www.labopolis.com\/pt\/wp-json\/wp\/v2\/product_cat?post=2694"},{"taxonomy":"product_tag","embeddable":true,"href":"https:\/\/www.labopolis.com\/pt\/wp-json\/wp\/v2\/product_tag?post=2694"}],"curies":[{"name":"wp","href":"https:\/\/api.w.org\/{rel}","templated":true}]}}