{"id":2676,"date":"2023-07-10T11:40:28","date_gmt":"2023-07-10T11:40:28","guid":{"rendered":"https:\/\/www.labopolis.com\/?post_type=product&#038;p=2676"},"modified":"2026-03-05T15:11:34","modified_gmt":"2026-03-05T15:11:34","slug":"refractometros-digitales-para-mediciones-zumos-y-vinos","status":"publish","type":"product","link":"https:\/\/www.labopolis.com\/pt\/produto\/refractometros-digitales-para-mediciones-zumos-y-vinos\/","title":{"rendered":"Refract\u00f3metros digitais para medi\u00e7\u00f5es de sumos e vinhos"},"content":{"rendered":"<p><strong>Refract\u00f3metros digitais apenas para medi\u00e7\u00f5es de sumos e vinhos.<\/strong><\/p>\n<p>Os MA882, MA883, MA884 e MA885 s\u00e3o instrumentos \u00f3pticos que medem com base no \u00edndice de refra\u00e7\u00e3o de uma solu\u00e7\u00e3o. A medi\u00e7\u00e3o do \u00edndice de refra\u00e7\u00e3o \u00e9 simples e r\u00e1pida e fornece um m\u00e9todo reconhecido de an\u00e1lise de a\u00e7\u00facar. As amostras s\u00e3o medidas ap\u00f3s uma calibra\u00e7\u00e3o simples com \u00e1gua desionizada ou destilada. Em segundos, o instrumento mede o \u00edndice de refra\u00e7\u00e3o da uva. Estes refract\u00f3metros digitais eliminam a incerteza associada aos refract\u00f3metros mec\u00e2nicos e s\u00e3o f\u00e1ceis de transportar para medi\u00e7\u00f5es no terreno.<br \/>\nOs quatro instrumentos utilizam m\u00e9todos reconhecidos internacionalmente para a convers\u00e3o de unidades e compensa\u00e7\u00e3o de temperatura.<\/p>\n<p>- MA882 (Sumos) Intervalo 0 a 50% Brix;<br \/>\n- MA883 (Sumos) Gama 0 a 28% Baum\u00e9; 0,0 a 80.0\u00baC<br \/>\n- MA884 (Vinho) Gama 0 a 50% Brix e \u00c1lcool Potencial (% vol) \/ 0 a 25% v\/v \u00e1lcool Pot;<br \/>\n- MA885 (Sumo) Gama 0 a 50% Brix \/ 0 a 230\u00b0Oechsle (\u00b0Oe) \/ 0 a 42\u00ba KMW.<\/p>\n<p>A temperatura (em \u00b0C ou \u00b0F) \u00e9 apresentada simultaneamente com a medi\u00e7\u00e3o no ecr\u00e3 LCD de dois n\u00edveis, bem como \u00edcones e outros c\u00f3digos e mensagens \u00fateis.<\/p>","protected":false},"excerpt":{"rendered":"<p><strong>Refract\u00f3metros digitais apenas para medi\u00e7\u00f5es de sumos e vinhos.<\/strong><\/p>\n<p>- MA882 (Sumos) Intervalo 0 a 50% Brix;<br \/>\n- MA883 (Sumos) Gama 0 a 28% Baum\u00e9; 0,0 a 80.0\u00baC<br \/>\n- MA884 (Vinho) Gama 0 a 50% Brix e \u00c1lcool Potencial (% vol) \/ 0 a 25% v\/v \u00e1lcool Pot;<br \/>\n- MA885 (Sumo) Gama 0 a 50% Brix \/ 0 a 230\u00b0Oechsle (\u00b0Oe) \/ 0 a 42\u00ba KMW.<\/p>","protected":false},"featured_media":2706,"comment_status":"open","ping_status":"closed","template":"","meta":[],"product_brand":[],"product_cat":[23,164],"product_tag":[],"class_list":{"0":"post-2676","1":"product","2":"type-product","3":"status-publish","4":"has-post-thumbnail","6":"product_cat-laboratorio","7":"product_cat-refractometros","9":"first","10":"instock","11":"taxable","12":"shipping-taxable","13":"purchasable","14":"product-type-variable"},"yoast_head":"<!-- This site is optimized with the Yoast SEO plugin v27.2 - https:\/\/yoast.com\/product\/yoast-seo-wordpress\/ -->\n<title>Refract\u00f3metros digitales para mediciones Zumos y Vinos - Labopolis<\/title>\n<meta name=\"description\" content=\"Refract\u00f3metros digitales solo para mediciones de Zumo y Vinos  \u2022 MA882 (Zumos) Rango 0 a 50% Brix; \u2022 MA883 (Zumos) Rango 0 a 28% Baum\u00e9; 0,0 a 80.0\u00baC \u2022 MA884 (Vino) Rango 0 a 50% Brix y Potencial Alcohol (% vol) \/ 0 a 25% v\/v alcohol\u00a0 Pot; \u2022 MA885 (Zumos) Rango 0 a 50% Brix \/ 0 a 230\u00b0Oechsle (\u00b0Oe)\u00a0 \/ 0 a 42\u00ba KMW.\" \/>\n<meta name=\"robots\" content=\"index, follow, max-snippet:-1, max-image-preview:large, max-video-preview:-1\" \/>\n<link rel=\"canonical\" href=\"https:\/\/www.labopolis.com\/pt\/produto\/refractometros-digitales-para-mediciones-zumos-y-vinos\/\" \/>\n<meta property=\"og:locale\" content=\"pt_PT\" \/>\n<meta property=\"og:type\" content=\"article\" \/>\n<meta property=\"og:title\" content=\"Refract\u00f3metros digitales para mediciones Zumos y Vinos - Labopolis\" \/>\n<meta property=\"og:description\" content=\"Refract\u00f3metros digitales solo para mediciones de Zumo y Vinos  \u2022 MA882 (Zumos) Rango 0 a 50% Brix; \u2022 MA883 (Zumos) Rango 0 a 28% Baum\u00e9; 0,0 a 80.0\u00baC \u2022 MA884 (Vino) Rango 0 a 50% Brix y Potencial Alcohol (% vol) \/ 0 a 25% v\/v alcohol\u00a0 Pot; \u2022 MA885 (Zumos) Rango 0 a 50% Brix \/ 0 a 230\u00b0Oechsle (\u00b0Oe)\u00a0 \/ 0 a 42\u00ba KMW.\" \/>\n<meta property=\"og:url\" content=\"https:\/\/www.labopolis.com\/pt\/produto\/refractometros-digitales-para-mediciones-zumos-y-vinos\/\" \/>\n<meta property=\"og:site_name\" content=\"Labopolis\" \/>\n<meta property=\"article:publisher\" content=\"https:\/\/www.facebook.com\/profile.php?id=100063251679439\" \/>\n<meta property=\"article:modified_time\" content=\"2026-03-05T15:11:34+00:00\" \/>\n<meta property=\"og:image\" content=\"https:\/\/www.labopolis.com\/wp-content\/uploads\/2023\/07\/MA884_incl-copy.jpg\" \/>\n\t<meta property=\"og:image:width\" content=\"694\" \/>\n\t<meta property=\"og:image:height\" content=\"694\" \/>\n\t<meta property=\"og:image:type\" content=\"image\/jpeg\" \/>\n<meta name=\"twitter:card\" content=\"summary_large_image\" \/>\n<meta name=\"twitter:site\" content=\"@Labopolis\" \/>\n<meta name=\"twitter:label1\" content=\"Tempo estimado de leitura\" \/>\n\t<meta name=\"twitter:data1\" content=\"2 minutos\" \/>\n<script type=\"application\/ld+json\" class=\"yoast-schema-graph\">{\"@context\":\"https:\/\/schema.org\",\"@graph\":[{\"@type\":\"WebPage\",\"@id\":\"https:\/\/www.labopolis.com\/producto\/refractometros-digitales-para-mediciones-zumos-y-vinos\/\",\"url\":\"https:\/\/www.labopolis.com\/producto\/refractometros-digitales-para-mediciones-zumos-y-vinos\/\",\"name\":\"Refract\u00f3metros digitales para mediciones Zumos y Vinos - Labopolis\",\"isPartOf\":{\"@id\":\"https:\/\/www.labopolis.com\/#website\"},\"primaryImageOfPage\":{\"@id\":\"https:\/\/www.labopolis.com\/producto\/refractometros-digitales-para-mediciones-zumos-y-vinos\/#primaryimage\"},\"image\":{\"@id\":\"https:\/\/www.labopolis.com\/producto\/refractometros-digitales-para-mediciones-zumos-y-vinos\/#primaryimage\"},\"thumbnailUrl\":\"https:\/\/www.labopolis.com\/wp-content\/uploads\/2023\/07\/MA884_incl-copy.jpg\",\"datePublished\":\"2023-07-10T11:40:28+00:00\",\"dateModified\":\"2026-03-05T15:11:34+00:00\",\"description\":\"Refract\u00f3metros digitales solo para mediciones de Zumo y Vinos \u2022 MA882 (Zumos) Rango 0 a 50% Brix; \u2022 MA883 (Zumos) Rango 0 a 28% Baum\u00e9; 0,0 a 80.0\u00baC \u2022 MA884 (Vino) Rango 0 a 50% Brix y Potencial Alcohol (% vol) \/ 0 a 25% v\/v alcohol\u00a0 Pot; \u2022 MA885 (Zumos) Rango 0 a 50% Brix \/ 0 a 230\u00b0Oechsle (\u00b0Oe)\u00a0 \/ 0 a 42\u00ba KMW.\",\"breadcrumb\":{\"@id\":\"https:\/\/www.labopolis.com\/producto\/refractometros-digitales-para-mediciones-zumos-y-vinos\/#breadcrumb\"},\"inLanguage\":\"pt-PT\",\"potentialAction\":[{\"@type\":\"ReadAction\",\"target\":[\"https:\/\/www.labopolis.com\/producto\/refractometros-digitales-para-mediciones-zumos-y-vinos\/\"]}]},{\"@type\":\"ImageObject\",\"inLanguage\":\"pt-PT\",\"@id\":\"https:\/\/www.labopolis.com\/producto\/refractometros-digitales-para-mediciones-zumos-y-vinos\/#primaryimage\",\"url\":\"https:\/\/www.labopolis.com\/wp-content\/uploads\/2023\/07\/MA884_incl-copy.jpg\",\"contentUrl\":\"https:\/\/www.labopolis.com\/wp-content\/uploads\/2023\/07\/MA884_incl-copy.jpg\",\"width\":694,\"height\":694,\"caption\":\"Producto\"},{\"@type\":\"BreadcrumbList\",\"@id\":\"https:\/\/www.labopolis.com\/producto\/refractometros-digitales-para-mediciones-zumos-y-vinos\/#breadcrumb\",\"itemListElement\":[{\"@type\":\"ListItem\",\"position\":1,\"name\":\"Portada\",\"item\":\"https:\/\/www.labopolis.com\/\"},{\"@type\":\"ListItem\",\"position\":2,\"name\":\"Productos\",\"item\":\"https:\/\/www.labopolis.com\/shop\/\"},{\"@type\":\"ListItem\",\"position\":3,\"name\":\"Refract\u00f3metros digitales para mediciones Zumos y Vinos\"}]},{\"@type\":\"WebSite\",\"@id\":\"https:\/\/www.labopolis.com\/#website\",\"url\":\"https:\/\/www.labopolis.com\/\",\"name\":\"Labopolis\",\"description\":\"\",\"potentialAction\":[{\"@type\":\"SearchAction\",\"target\":{\"@type\":\"EntryPoint\",\"urlTemplate\":\"https:\/\/www.labopolis.com\/?s={search_term_string}\"},\"query-input\":{\"@type\":\"PropertyValueSpecification\",\"valueRequired\":true,\"valueName\":\"search_term_string\"}}],\"inLanguage\":\"pt-PT\"}]}<\/script>\n<!-- \/ Yoast SEO plugin. -->","yoast_head_json":{"title":"Refract\u00f3metros digitales para mediciones Zumos y Vinos - Labopolis","description":"Refract\u00f3metros digitales solo para mediciones de Zumo y Vinos  \u2022 MA882 (Zumos) Rango 0 a 50% Brix; \u2022 MA883 (Zumos) Rango 0 a 28% Baum\u00e9; 0,0 a 80.0\u00baC \u2022 MA884 (Vino) Rango 0 a 50% Brix y Potencial Alcohol (% vol) \/ 0 a 25% v\/v alcohol\u00a0 Pot; \u2022 MA885 (Zumos) Rango 0 a 50% Brix \/ 0 a 230\u00b0Oechsle (\u00b0Oe)\u00a0 \/ 0 a 42\u00ba KMW.","robots":{"index":"index","follow":"follow","max-snippet":"max-snippet:-1","max-image-preview":"max-image-preview:large","max-video-preview":"max-video-preview:-1"},"canonical":"https:\/\/www.labopolis.com\/pt\/produto\/refractometros-digitales-para-mediciones-zumos-y-vinos\/","og_locale":"pt_PT","og_type":"article","og_title":"Refract\u00f3metros digitales para mediciones Zumos y Vinos - Labopolis","og_description":"Refract\u00f3metros digitales solo para mediciones de Zumo y Vinos  \u2022 MA882 (Zumos) Rango 0 a 50% Brix; \u2022 MA883 (Zumos) Rango 0 a 28% Baum\u00e9; 0,0 a 80.0\u00baC \u2022 MA884 (Vino) Rango 0 a 50% Brix y Potencial Alcohol (% vol) \/ 0 a 25% v\/v alcohol\u00a0 Pot; \u2022 MA885 (Zumos) Rango 0 a 50% Brix \/ 0 a 230\u00b0Oechsle (\u00b0Oe)\u00a0 \/ 0 a 42\u00ba KMW.","og_url":"https:\/\/www.labopolis.com\/pt\/produto\/refractometros-digitales-para-mediciones-zumos-y-vinos\/","og_site_name":"Labopolis","article_publisher":"https:\/\/www.facebook.com\/profile.php?id=100063251679439","article_modified_time":"2026-03-05T15:11:34+00:00","og_image":[{"width":694,"height":694,"url":"https:\/\/www.labopolis.com\/wp-content\/uploads\/2023\/07\/MA884_incl-copy.jpg","type":"image\/jpeg"}],"twitter_card":"summary_large_image","twitter_site":"@Labopolis","twitter_misc":{"Tempo estimado de leitura":"2 minutos"},"schema":{"@context":"https:\/\/schema.org","@graph":[{"@type":"WebPage","@id":"https:\/\/www.labopolis.com\/producto\/refractometros-digitales-para-mediciones-zumos-y-vinos\/","url":"https:\/\/www.labopolis.com\/producto\/refractometros-digitales-para-mediciones-zumos-y-vinos\/","name":"Refract\u00f3metros digitales para mediciones Zumos y Vinos - Labopolis","isPartOf":{"@id":"https:\/\/www.labopolis.com\/#website"},"primaryImageOfPage":{"@id":"https:\/\/www.labopolis.com\/producto\/refractometros-digitales-para-mediciones-zumos-y-vinos\/#primaryimage"},"image":{"@id":"https:\/\/www.labopolis.com\/producto\/refractometros-digitales-para-mediciones-zumos-y-vinos\/#primaryimage"},"thumbnailUrl":"https:\/\/www.labopolis.com\/wp-content\/uploads\/2023\/07\/MA884_incl-copy.jpg","datePublished":"2023-07-10T11:40:28+00:00","dateModified":"2026-03-05T15:11:34+00:00","description":"Refract\u00f3metros digitales solo para mediciones de Zumo y Vinos \u2022 MA882 (Zumos) Rango 0 a 50% Brix; \u2022 MA883 (Zumos) Rango 0 a 28% Baum\u00e9; 0,0 a 80.0\u00baC \u2022 MA884 (Vino) Rango 0 a 50% Brix y Potencial Alcohol (% vol) \/ 0 a 25% v\/v alcohol\u00a0 Pot; \u2022 MA885 (Zumos) Rango 0 a 50% Brix \/ 0 a 230\u00b0Oechsle (\u00b0Oe)\u00a0 \/ 0 a 42\u00ba KMW.","breadcrumb":{"@id":"https:\/\/www.labopolis.com\/producto\/refractometros-digitales-para-mediciones-zumos-y-vinos\/#breadcrumb"},"inLanguage":"pt-PT","potentialAction":[{"@type":"ReadAction","target":["https:\/\/www.labopolis.com\/producto\/refractometros-digitales-para-mediciones-zumos-y-vinos\/"]}]},{"@type":"ImageObject","inLanguage":"pt-PT","@id":"https:\/\/www.labopolis.com\/producto\/refractometros-digitales-para-mediciones-zumos-y-vinos\/#primaryimage","url":"https:\/\/www.labopolis.com\/wp-content\/uploads\/2023\/07\/MA884_incl-copy.jpg","contentUrl":"https:\/\/www.labopolis.com\/wp-content\/uploads\/2023\/07\/MA884_incl-copy.jpg","width":694,"height":694,"caption":"Producto"},{"@type":"BreadcrumbList","@id":"https:\/\/www.labopolis.com\/producto\/refractometros-digitales-para-mediciones-zumos-y-vinos\/#breadcrumb","itemListElement":[{"@type":"ListItem","position":1,"name":"Portada","item":"https:\/\/www.labopolis.com\/"},{"@type":"ListItem","position":2,"name":"Productos","item":"https:\/\/www.labopolis.com\/shop\/"},{"@type":"ListItem","position":3,"name":"Refract\u00f3metros digitales para mediciones Zumos y Vinos"}]},{"@type":"WebSite","@id":"https:\/\/www.labopolis.com\/#website","url":"https:\/\/www.labopolis.com\/","name":"Labopolis","description":"","potentialAction":[{"@type":"SearchAction","target":{"@type":"EntryPoint","urlTemplate":"https:\/\/www.labopolis.com\/?s={search_term_string}"},"query-input":{"@type":"PropertyValueSpecification","valueRequired":true,"valueName":"search_term_string"}}],"inLanguage":"pt-PT"}]}},"_links":{"self":[{"href":"https:\/\/www.labopolis.com\/pt\/wp-json\/wp\/v2\/product\/2676","targetHints":{"allow":["GET"]}}],"collection":[{"href":"https:\/\/www.labopolis.com\/pt\/wp-json\/wp\/v2\/product"}],"about":[{"href":"https:\/\/www.labopolis.com\/pt\/wp-json\/wp\/v2\/types\/product"}],"replies":[{"embeddable":true,"href":"https:\/\/www.labopolis.com\/pt\/wp-json\/wp\/v2\/comments?post=2676"}],"wp:featuredmedia":[{"embeddable":true,"href":"https:\/\/www.labopolis.com\/pt\/wp-json\/wp\/v2\/media\/2706"}],"wp:attachment":[{"href":"https:\/\/www.labopolis.com\/pt\/wp-json\/wp\/v2\/media?parent=2676"}],"wp:term":[{"taxonomy":"product_brand","embeddable":true,"href":"https:\/\/www.labopolis.com\/pt\/wp-json\/wp\/v2\/product_brand?post=2676"},{"taxonomy":"product_cat","embeddable":true,"href":"https:\/\/www.labopolis.com\/pt\/wp-json\/wp\/v2\/product_cat?post=2676"},{"taxonomy":"product_tag","embeddable":true,"href":"https:\/\/www.labopolis.com\/pt\/wp-json\/wp\/v2\/product_tag?post=2676"}],"curies":[{"name":"wp","href":"https:\/\/api.w.org\/{rel}","templated":true}]}}