{"id":2535,"date":"2023-07-10T11:39:44","date_gmt":"2023-07-10T11:39:44","guid":{"rendered":"https:\/\/www.labopolis.com\/?post_type=product&#038;p=2535"},"modified":"2026-02-18T17:20:46","modified_gmt":"2026-02-18T17:20:46","slug":"camara-cmex-dc-12000f","status":"publish","type":"product","link":"https:\/\/www.labopolis.com\/pt\/produto\/camara-cmex-dc-12000f\/","title":{"rendered":"C\u00e2mara CMEX DC.12000f"},"content":{"rendered":"<p>A CMEX-12f, equipada com um sensor CMOS extra-r\u00e1pido com convers\u00e3o de escala de cinzentos e desempenho de cor de 24 bits, est\u00e1 equipada com a interface de dados USB-2 e \u00e9 fornecida com o software ImageFocus Plus.<br \/>\nSensor: 1\/2.3\u2033 CMOS. Pixels: 12,0 Mp. Resolu\u00e7\u00e3o: 4000\u00d73000 pix\u00e9is. Tamanho do pixel: 1,33 \u03bcm \u00d7 1,33 \u03bcm. Velocidade de visualiza\u00e7\u00e3o (fotogramas por segundo - fps) superior a 15 fps (4000\u00d73000) e superior a 30 fps (2592\u00d71944), dependendo da configura\u00e7\u00e3o da c\u00e2mara e da ilumina\u00e7\u00e3o da amostra. Filtro de cor: RGB. Montagem: C. ADC: 8 bits. Profundidade de cor: 24 bits. Gama din\u00e2mica: 60 db. Sensibilidade: 1.5V\/lux @ 550 nm. Exposi\u00e7\u00e3o: Autom\u00e1tica ou manual, de 1 ms. a 2 seg. Liga\u00e7\u00e3o ao PC: Atrav\u00e9s da porta USB 2.0 (480 Mb\/s). Condi\u00e7\u00f5es ambientais de trabalho: 0-60\u00baC, humidade 10-85%. Muito adequado para trabalhar com microsc\u00f3pios de 23,2 mm de di\u00e2metro com porta-ocular ou terminais trinoculares. Fornecido de s\u00e9rie com lente objetiva de montagem 0,45 x \"C\", cabo USB 2.0, adaptadores para est\u00e9reo-microsc\u00f3pios com porta-oculares de 30 e 30,5 mm de di\u00e2metro, padr\u00e3o de calibra\u00e7\u00e3o em vidro (76 x 24 mm) com escala de 1 mm gravada em 100 partes, CD-ROM com a aplica\u00e7\u00e3o ImageFocus Plus e caixa de cart\u00e3o. Compat\u00edvel com Microsoft Windows XP, Windows Vista, Windows 7, Windows 8, Windows 10 (32 e 64 bits). Compat\u00edvel com MAC OSX.<\/p>","protected":false},"excerpt":{"rendered":"<p>C\u00e2mara USB 2.0 com resolu\u00e7\u00e3o de 12,0 MP (4000\u00d73000). Montagem em C. Adaptadores para tubos de 23,2, 30 e 30,5 mm de di\u00e2metro. Software de an\u00e1lise de imagem ImageFocus Plus inclu\u00eddo. Compat\u00edvel com Windows 10 (32 e 64 bits) e MAC OSX.<\/p>\n<p><strong><em><a href=\"https:\/\/www.labopolis.com\/wp-content\/uploads\/2019\/10\/CMEX-2-5-12_ficha_tecnica_SP.pdf\" target=\"_blank\" rel=\"attachment wp-att-3827 noopener\"><i class=\"fas fa-file-alt\"><\/i>\u00a0Ficha t\u00e9cnica CMEX-2f-5f e 12f<\/a><\/em><\/strong><\/p>","protected":false},"featured_media":2563,"comment_status":"open","ping_status":"closed","template":"","meta":[],"product_brand":[],"product_cat":[163,23],"product_tag":[],"class_list":{"0":"post-2535","1":"product","2":"type-product","3":"status-publish","4":"has-post-thumbnail","6":"product_cat-camaras-digitales","7":"product_cat-laboratorio","9":"first","10":"instock","11":"taxable","12":"shipping-taxable","13":"purchasable","14":"product-type-simple"},"yoast_head":"<!-- This site is optimized with the Yoast SEO plugin v27.2 - https:\/\/yoast.com\/product\/yoast-seo-wordpress\/ -->\n<title>C\u00e1mara CMEX DC.12000f - Labopolis<\/title>\n<meta name=\"description\" content=\"C\u00e1mara USB 2.0 con 12,0 MP de resoluci\u00f3n (4000x3000). Montura C. Adaptadores para tubo de 23,2, 30 y 30,5 mm. de di\u00e1metro. Incluye software de an\u00e1lisis de im\u00e1genes ImageFocus Plus. Compatible con Windows 10 (32 y 64 bits) y MAC OSX.  \u00a0Ficha T\u00e9cnica CMEX-2f-5f y 12f\" \/>\n<meta name=\"robots\" content=\"index, follow, max-snippet:-1, max-image-preview:large, max-video-preview:-1\" \/>\n<link rel=\"canonical\" href=\"https:\/\/www.labopolis.com\/pt\/produto\/camara-cmex-dc-12000f\/\" \/>\n<meta property=\"og:locale\" content=\"pt_PT\" \/>\n<meta property=\"og:type\" content=\"article\" \/>\n<meta property=\"og:title\" content=\"C\u00e1mara CMEX DC.12000f - Labopolis\" \/>\n<meta property=\"og:description\" content=\"C\u00e1mara USB 2.0 con 12,0 MP de resoluci\u00f3n (4000x3000). Montura C. Adaptadores para tubo de 23,2, 30 y 30,5 mm. de di\u00e1metro. Incluye software de an\u00e1lisis de im\u00e1genes ImageFocus Plus. Compatible con Windows 10 (32 y 64 bits) y MAC OSX.  \u00a0Ficha T\u00e9cnica CMEX-2f-5f y 12f\" \/>\n<meta property=\"og:url\" content=\"https:\/\/www.labopolis.com\/pt\/produto\/camara-cmex-dc-12000f\/\" \/>\n<meta property=\"og:site_name\" content=\"Labopolis\" \/>\n<meta property=\"article:publisher\" content=\"https:\/\/www.facebook.com\/profile.php?id=100063251679439\" \/>\n<meta property=\"article:modified_time\" content=\"2026-02-18T17:20:46+00:00\" \/>\n<meta property=\"og:image\" content=\"https:\/\/www.labopolis.com\/wp-content\/uploads\/2023\/07\/DC.1300c.jpg\" \/>\n\t<meta property=\"og:image:width\" content=\"800\" \/>\n\t<meta property=\"og:image:height\" content=\"606\" \/>\n\t<meta property=\"og:image:type\" content=\"image\/jpeg\" \/>\n<meta name=\"twitter:card\" content=\"summary_large_image\" \/>\n<meta name=\"twitter:site\" content=\"@Labopolis\" \/>\n<meta name=\"twitter:label1\" content=\"Tempo estimado de leitura\" \/>\n\t<meta name=\"twitter:data1\" content=\"1 minuto\" \/>\n<script type=\"application\/ld+json\" class=\"yoast-schema-graph\">{\"@context\":\"https:\/\/schema.org\",\"@graph\":[{\"@type\":\"WebPage\",\"@id\":\"https:\/\/www.labopolis.com\/producto\/camara-cmex-dc-12000f\/\",\"url\":\"https:\/\/www.labopolis.com\/producto\/camara-cmex-dc-12000f\/\",\"name\":\"C\u00e1mara CMEX DC.12000f - Labopolis\",\"isPartOf\":{\"@id\":\"https:\/\/www.labopolis.com\/#website\"},\"primaryImageOfPage\":{\"@id\":\"https:\/\/www.labopolis.com\/producto\/camara-cmex-dc-12000f\/#primaryimage\"},\"image\":{\"@id\":\"https:\/\/www.labopolis.com\/producto\/camara-cmex-dc-12000f\/#primaryimage\"},\"thumbnailUrl\":\"https:\/\/www.labopolis.com\/wp-content\/uploads\/2023\/07\/DC.1300c.jpg\",\"datePublished\":\"2023-07-10T11:39:44+00:00\",\"dateModified\":\"2026-02-18T17:20:46+00:00\",\"description\":\"C\u00e1mara USB 2.0 con 12,0 MP de resoluci\u00f3n (4000x3000). Montura C. Adaptadores para tubo de 23,2, 30 y 30,5 mm. de di\u00e1metro. Incluye software de an\u00e1lisis de im\u00e1genes ImageFocus Plus. Compatible con Windows 10 (32 y 64 bits) y MAC OSX. \u00a0Ficha T\u00e9cnica CMEX-2f-5f y 12f\",\"breadcrumb\":{\"@id\":\"https:\/\/www.labopolis.com\/producto\/camara-cmex-dc-12000f\/#breadcrumb\"},\"inLanguage\":\"pt-PT\",\"potentialAction\":[{\"@type\":\"ReadAction\",\"target\":[\"https:\/\/www.labopolis.com\/producto\/camara-cmex-dc-12000f\/\"]}]},{\"@type\":\"ImageObject\",\"inLanguage\":\"pt-PT\",\"@id\":\"https:\/\/www.labopolis.com\/producto\/camara-cmex-dc-12000f\/#primaryimage\",\"url\":\"https:\/\/www.labopolis.com\/wp-content\/uploads\/2023\/07\/DC.1300c.jpg\",\"contentUrl\":\"https:\/\/www.labopolis.com\/wp-content\/uploads\/2023\/07\/DC.1300c.jpg\",\"width\":800,\"height\":606,\"caption\":\"Producto\"},{\"@type\":\"BreadcrumbList\",\"@id\":\"https:\/\/www.labopolis.com\/producto\/camara-cmex-dc-12000f\/#breadcrumb\",\"itemListElement\":[{\"@type\":\"ListItem\",\"position\":1,\"name\":\"Portada\",\"item\":\"https:\/\/www.labopolis.com\/\"},{\"@type\":\"ListItem\",\"position\":2,\"name\":\"Productos\",\"item\":\"https:\/\/www.labopolis.com\/shop\/\"},{\"@type\":\"ListItem\",\"position\":3,\"name\":\"C\u00e1mara CMEX DC.12000f\"}]},{\"@type\":\"WebSite\",\"@id\":\"https:\/\/www.labopolis.com\/#website\",\"url\":\"https:\/\/www.labopolis.com\/\",\"name\":\"Labopolis\",\"description\":\"\",\"potentialAction\":[{\"@type\":\"SearchAction\",\"target\":{\"@type\":\"EntryPoint\",\"urlTemplate\":\"https:\/\/www.labopolis.com\/?s={search_term_string}\"},\"query-input\":{\"@type\":\"PropertyValueSpecification\",\"valueRequired\":true,\"valueName\":\"search_term_string\"}}],\"inLanguage\":\"pt-PT\"}]}<\/script>\n<!-- \/ Yoast SEO plugin. -->","yoast_head_json":{"title":"C\u00e2mara CMEX DC.12000f - Labopolis","description":"C\u00e2mara USB 2.0 com 12,0 MP de resolu\u00e7\u00e3o (4000x3000). Montagem C. Adaptadores para tubo de 23,2, 30 e 30,5 mm. de di\u00e2metro. Inclui software de an\u00e1lise de imagens ImageFocus Plus. Compat\u00edvel com Windows 10 (32 e 64 bits) e MAC OSX. Folha T\u00e9cnica CMEX-2f-5f e 12f","robots":{"index":"index","follow":"follow","max-snippet":"max-snippet:-1","max-image-preview":"max-image-preview:large","max-video-preview":"max-video-preview:-1"},"canonical":"https:\/\/www.labopolis.com\/pt\/produto\/camara-cmex-dc-12000f\/","og_locale":"pt_PT","og_type":"article","og_title":"C\u00e1mara CMEX DC.12000f - Labopolis","og_description":"C\u00e1mara USB 2.0 con 12,0 MP de resoluci\u00f3n (4000x3000). Montura C. Adaptadores para tubo de 23,2, 30 y 30,5 mm. de di\u00e1metro. Incluye software de an\u00e1lisis de im\u00e1genes ImageFocus Plus. Compatible con Windows 10 (32 y 64 bits) y MAC OSX.  \u00a0Ficha T\u00e9cnica CMEX-2f-5f y 12f","og_url":"https:\/\/www.labopolis.com\/pt\/produto\/camara-cmex-dc-12000f\/","og_site_name":"Labopolis","article_publisher":"https:\/\/www.facebook.com\/profile.php?id=100063251679439","article_modified_time":"2026-02-18T17:20:46+00:00","og_image":[{"width":800,"height":606,"url":"https:\/\/www.labopolis.com\/wp-content\/uploads\/2023\/07\/DC.1300c.jpg","type":"image\/jpeg"}],"twitter_card":"summary_large_image","twitter_site":"@Labopolis","twitter_misc":{"Tempo estimado de leitura":"1 minuto"},"schema":{"@context":"https:\/\/schema.org","@graph":[{"@type":"WebPage","@id":"https:\/\/www.labopolis.com\/producto\/camara-cmex-dc-12000f\/","url":"https:\/\/www.labopolis.com\/producto\/camara-cmex-dc-12000f\/","name":"C\u00e2mara CMEX DC.12000f - Labopolis","isPartOf":{"@id":"https:\/\/www.labopolis.com\/#website"},"primaryImageOfPage":{"@id":"https:\/\/www.labopolis.com\/producto\/camara-cmex-dc-12000f\/#primaryimage"},"image":{"@id":"https:\/\/www.labopolis.com\/producto\/camara-cmex-dc-12000f\/#primaryimage"},"thumbnailUrl":"https:\/\/www.labopolis.com\/wp-content\/uploads\/2023\/07\/DC.1300c.jpg","datePublished":"2023-07-10T11:39:44+00:00","dateModified":"2026-02-18T17:20:46+00:00","description":"C\u00e2mara USB 2.0 com resolu\u00e7\u00e3o de 12,0 MP (4000x3000). Encaixe C. Adaptadores para tubo de 23,2, 30 e 30,5 mm de di\u00e2metro. Inclui software de an\u00e1lise de imagem ImageFocus Plus. Compat\u00edvel com Windows 10 (32 e 64 bits) e MAC OSX. Ficha T\u00e9cnica CMEX-2f-5f e 12f","breadcrumb":{"@id":"https:\/\/www.labopolis.com\/producto\/camara-cmex-dc-12000f\/#breadcrumb"},"inLanguage":"pt-PT","potentialAction":[{"@type":"ReadAction","target":["https:\/\/www.labopolis.com\/producto\/camara-cmex-dc-12000f\/"]}]},{"@type":"ImageObject","inLanguage":"pt-PT","@id":"https:\/\/www.labopolis.com\/producto\/camara-cmex-dc-12000f\/#primaryimage","url":"https:\/\/www.labopolis.com\/wp-content\/uploads\/2023\/07\/DC.1300c.jpg","contentUrl":"https:\/\/www.labopolis.com\/wp-content\/uploads\/2023\/07\/DC.1300c.jpg","width":800,"height":606,"caption":"Producto"},{"@type":"BreadcrumbList","@id":"https:\/\/www.labopolis.com\/producto\/camara-cmex-dc-12000f\/#breadcrumb","itemListElement":[{"@type":"ListItem","position":1,"name":"Portada","item":"https:\/\/www.labopolis.com\/"},{"@type":"ListItem","position":2,"name":"Productos","item":"https:\/\/www.labopolis.com\/shop\/"},{"@type":"ListItem","position":3,"name":"C\u00e1mara CMEX DC.12000f"}]},{"@type":"WebSite","@id":"https:\/\/www.labopolis.com\/#website","url":"https:\/\/www.labopolis.com\/","name":"Labopolis","description":"","potentialAction":[{"@type":"SearchAction","target":{"@type":"EntryPoint","urlTemplate":"https:\/\/www.labopolis.com\/?s={search_term_string}"},"query-input":{"@type":"PropertyValueSpecification","valueRequired":true,"valueName":"search_term_string"}}],"inLanguage":"pt-PT"}]}},"_links":{"self":[{"href":"https:\/\/www.labopolis.com\/pt\/wp-json\/wp\/v2\/product\/2535","targetHints":{"allow":["GET"]}}],"collection":[{"href":"https:\/\/www.labopolis.com\/pt\/wp-json\/wp\/v2\/product"}],"about":[{"href":"https:\/\/www.labopolis.com\/pt\/wp-json\/wp\/v2\/types\/product"}],"replies":[{"embeddable":true,"href":"https:\/\/www.labopolis.com\/pt\/wp-json\/wp\/v2\/comments?post=2535"}],"wp:featuredmedia":[{"embeddable":true,"href":"https:\/\/www.labopolis.com\/pt\/wp-json\/wp\/v2\/media\/2563"}],"wp:attachment":[{"href":"https:\/\/www.labopolis.com\/pt\/wp-json\/wp\/v2\/media?parent=2535"}],"wp:term":[{"taxonomy":"product_brand","embeddable":true,"href":"https:\/\/www.labopolis.com\/pt\/wp-json\/wp\/v2\/product_brand?post=2535"},{"taxonomy":"product_cat","embeddable":true,"href":"https:\/\/www.labopolis.com\/pt\/wp-json\/wp\/v2\/product_cat?post=2535"},{"taxonomy":"product_tag","embeddable":true,"href":"https:\/\/www.labopolis.com\/pt\/wp-json\/wp\/v2\/product_tag?post=2535"}],"curies":[{"name":"wp","href":"https:\/\/api.w.org\/{rel}","templated":true}]}}