{"id":2501,"date":"2023-07-10T11:39:30","date_gmt":"2023-07-10T11:39:30","guid":{"rendered":"https:\/\/www.labopolis.com\/?post_type=product&#038;p=2501"},"modified":"2026-02-18T17:15:47","modified_gmt":"2026-02-18T17:15:47","slug":"euromex-bscope-bs-1152-epl","status":"publish","type":"product","link":"https:\/\/www.labopolis.com\/pt\/produto\/euromex-bscope-bs-1152-epl\/","title":{"rendered":"Euromex bEscopo BS.1152-EPL"},"content":{"rendered":"<p>Microsc\u00f3pio biol\u00f3gico, modelo para o ensino secund\u00e1rio, f\u00e1cil de utilizar e concebido para os estudantes.<br \/>\nOculares HWF 10x\/20 mm.<br \/>\nCabe\u00e7a binocular, inclina\u00e7\u00e3o de 30\u00b0, dist\u00e2ncia interpupilar entre 48 e 75 mm. Corre\u00e7\u00e3o de dioptrias no suporte ocular esquerdo.<br \/>\nRev\u00f3lver de lente qu\u00e1drupla montado em rolamentos de esferas. Virado para o interior.<br \/>\nObjectivas E-plan 4x\/0,10, 10x\/0,25, S40x\/0,65 (retr\u00e1cteis), S100x\/1,25 (retr\u00e1cteis\/imers\u00e3o em \u00f3leo). Para-focais de 45 mm.<br \/>\nPrato m\u00f3vel 131 x 152\/197 mm. com desvio X-Y 77 x 36 mm. Sem cremalheira no eixo X.<br \/>\nTodos os componentes \u00f3pticos t\u00eam tratamento anti-mofo e antirreflexo.<br \/>\nCondensador de 1,25 A.N. ajust\u00e1vel em altura por cremalheira e pinh\u00e3o com diafragma de \u00edris e anel porta-filtro de 32 mm de di\u00e2metro.<br \/>\nBot\u00e3o de focagem macrom\u00e9trico e microm\u00e9trico num eixo coaxial. Micr\u00f3metro com 180 divis\u00f5es, 1,1 m\u00edcron por divis\u00e3o, 0,2 mm por rota\u00e7\u00e3o do micr\u00f3metro. Desloca\u00e7\u00e3o total de cerca de 18 mm. Com regula\u00e7\u00e3o da tens\u00e3o e limite de altura da platina para proteger as objectivas de grande amplia\u00e7\u00e3o e a amostra observada.<br \/>\nIlumina\u00e7\u00e3o NeoLED de 3 W regul\u00e1vel. Baterias recarreg\u00e1veis opcionais. Fonte de alimenta\u00e7\u00e3o interna.<br \/>\nFornecido em caixa de esferovite com tampa de prote\u00e7\u00e3o, frasco de \u00f3leo de imers\u00e3o de 5 ml e manual de instru\u00e7\u00f5es.<\/p>","protected":false},"excerpt":{"rendered":"<div>Microsc\u00f3pio biol\u00f3gico, modelo para o ensino secund\u00e1rio, f\u00e1cil de utilizar e concebido para estudantes. Cabe\u00e7a binocular, oculares HWF10x\/20 mm. Microsc\u00f3pio rotativo qu\u00e1druplo. Objectivas E-Plan 4x, 10x, 40x e 100x DIN 45 mm. Palco m\u00f3vel com desloca\u00e7\u00e3o X-Y. Condensador A.N. 1.25. Focagem macro e microm\u00e9trica em eixo coaxial. Ilumina\u00e7\u00e3o NeoLED 3W com baterias recarreg\u00e1veis opcionais.<\/div>\n<div><\/div>\n<div><strong><em><a href=\"https:\/\/www.labopolis.com\/wp-content\/uploads\/2019\/10\/bScope_ficha_tecnica_SP.pdf\" target=\"_blank\" rel=\"attachment wp-att-3827 noopener\"><i class=\"fas fa-file-alt\"><\/i> Ficha de dados t\u00e9cnicos do bScope<\/a><\/em><\/strong><\/div>","protected":false},"featured_media":2524,"comment_status":"open","ping_status":"closed","template":"","meta":[],"product_brand":[],"product_cat":[23,161],"product_tag":[],"class_list":{"0":"post-2501","1":"product","2":"type-product","3":"status-publish","4":"has-post-thumbnail","6":"product_cat-laboratorio","7":"product_cat-microscopios-biologicos","9":"first","10":"instock","11":"taxable","12":"shipping-taxable","13":"purchasable","14":"product-type-simple"},"yoast_head":"<!-- This site is optimized with the Yoast SEO plugin v27.2 - https:\/\/yoast.com\/product\/yoast-seo-wordpress\/ -->\n<title>Euromex bScope BS.1152-EPL - Labopolis<\/title>\n<meta name=\"description\" content=\"Microscopio Biol\u00f3gico, modelo para Educaci\u00f3n secundaria, f\u00e1cil de utilizar y pensados para estudiantes. Cabezal binocular, oculares HWF10x\/20 mm. Rev\u00f3lver cu\u00e1druple. Objetivos E-Plan 4x, 10x, 40x y 100x DIN 45 mm. Platina m\u00f3vil con desplazamiento X-Y. Condensador A.N. 1.25. Enfoque macro y microm\u00e9trico en eje coaxial. Iluminaci\u00f3n NeoLED 3W con bater\u00edas recargables opcionales.   Ficha T\u00e9cnica bScope\" \/>\n<meta name=\"robots\" content=\"index, follow, max-snippet:-1, max-image-preview:large, max-video-preview:-1\" \/>\n<link rel=\"canonical\" href=\"https:\/\/www.labopolis.com\/pt\/produto\/euromex-bscope-bs-1152-epl\/\" \/>\n<meta property=\"og:locale\" content=\"pt_PT\" \/>\n<meta property=\"og:type\" content=\"article\" \/>\n<meta property=\"og:title\" content=\"Euromex bScope BS.1152-EPL - Labopolis\" \/>\n<meta property=\"og:description\" content=\"Microscopio Biol\u00f3gico, modelo para Educaci\u00f3n secundaria, f\u00e1cil de utilizar y pensados para estudiantes. Cabezal binocular, oculares HWF10x\/20 mm. Rev\u00f3lver cu\u00e1druple. Objetivos E-Plan 4x, 10x, 40x y 100x DIN 45 mm. Platina m\u00f3vil con desplazamiento X-Y. Condensador A.N. 1.25. Enfoque macro y microm\u00e9trico en eje coaxial. Iluminaci\u00f3n NeoLED 3W con bater\u00edas recargables opcionales.   Ficha T\u00e9cnica bScope\" \/>\n<meta property=\"og:url\" content=\"https:\/\/www.labopolis.com\/pt\/produto\/euromex-bscope-bs-1152-epl\/\" \/>\n<meta property=\"og:site_name\" content=\"Labopolis\" \/>\n<meta property=\"article:publisher\" content=\"https:\/\/www.facebook.com\/profile.php?id=100063251679439\" \/>\n<meta property=\"article:modified_time\" content=\"2026-02-18T17:15:47+00:00\" \/>\n<meta property=\"og:image\" content=\"https:\/\/www.labopolis.com\/wp-content\/uploads\/2023\/07\/BS.1152-PLi_B_4.png\" \/>\n\t<meta property=\"og:image:width\" content=\"590\" \/>\n\t<meta property=\"og:image:height\" content=\"750\" \/>\n\t<meta property=\"og:image:type\" content=\"image\/png\" \/>\n<meta name=\"twitter:card\" content=\"summary_large_image\" \/>\n<meta name=\"twitter:site\" content=\"@Labopolis\" \/>\n<meta name=\"twitter:label1\" content=\"Tempo estimado de leitura\" \/>\n\t<meta name=\"twitter:data1\" content=\"1 minuto\" \/>\n<script type=\"application\/ld+json\" class=\"yoast-schema-graph\">{\"@context\":\"https:\/\/schema.org\",\"@graph\":[{\"@type\":\"WebPage\",\"@id\":\"https:\/\/www.labopolis.com\/producto\/euromex-bscope-bs-1152-epl\/\",\"url\":\"https:\/\/www.labopolis.com\/producto\/euromex-bscope-bs-1152-epl\/\",\"name\":\"Euromex bScope BS.1152-EPL - Labopolis\",\"isPartOf\":{\"@id\":\"https:\/\/www.labopolis.com\/#website\"},\"primaryImageOfPage\":{\"@id\":\"https:\/\/www.labopolis.com\/producto\/euromex-bscope-bs-1152-epl\/#primaryimage\"},\"image\":{\"@id\":\"https:\/\/www.labopolis.com\/producto\/euromex-bscope-bs-1152-epl\/#primaryimage\"},\"thumbnailUrl\":\"https:\/\/www.labopolis.com\/wp-content\/uploads\/2023\/07\/BS.1152-PLi_B_4.png\",\"datePublished\":\"2023-07-10T11:39:30+00:00\",\"dateModified\":\"2026-02-18T17:15:47+00:00\",\"description\":\"Microscopio Biol\u00f3gico, modelo para Educaci\u00f3n secundaria, f\u00e1cil de utilizar y pensados para estudiantes. Cabezal binocular, oculares HWF10x\/20 mm. Rev\u00f3lver cu\u00e1druple. Objetivos E-Plan 4x, 10x, 40x y 100x DIN 45 mm. Platina m\u00f3vil con desplazamiento X-Y. Condensador A.N. 1.25. Enfoque macro y microm\u00e9trico en eje coaxial. Iluminaci\u00f3n NeoLED 3W con bater\u00edas recargables opcionales. Ficha T\u00e9cnica bScope\",\"breadcrumb\":{\"@id\":\"https:\/\/www.labopolis.com\/producto\/euromex-bscope-bs-1152-epl\/#breadcrumb\"},\"inLanguage\":\"pt-PT\",\"potentialAction\":[{\"@type\":\"ReadAction\",\"target\":[\"https:\/\/www.labopolis.com\/producto\/euromex-bscope-bs-1152-epl\/\"]}]},{\"@type\":\"ImageObject\",\"inLanguage\":\"pt-PT\",\"@id\":\"https:\/\/www.labopolis.com\/producto\/euromex-bscope-bs-1152-epl\/#primaryimage\",\"url\":\"https:\/\/www.labopolis.com\/wp-content\/uploads\/2023\/07\/BS.1152-PLi_B_4.png\",\"contentUrl\":\"https:\/\/www.labopolis.com\/wp-content\/uploads\/2023\/07\/BS.1152-PLi_B_4.png\",\"width\":590,\"height\":750,\"caption\":\"Producto\"},{\"@type\":\"BreadcrumbList\",\"@id\":\"https:\/\/www.labopolis.com\/producto\/euromex-bscope-bs-1152-epl\/#breadcrumb\",\"itemListElement\":[{\"@type\":\"ListItem\",\"position\":1,\"name\":\"Portada\",\"item\":\"https:\/\/www.labopolis.com\/\"},{\"@type\":\"ListItem\",\"position\":2,\"name\":\"Productos\",\"item\":\"https:\/\/www.labopolis.com\/shop\/\"},{\"@type\":\"ListItem\",\"position\":3,\"name\":\"Euromex bScope BS.1152-EPL\"}]},{\"@type\":\"WebSite\",\"@id\":\"https:\/\/www.labopolis.com\/#website\",\"url\":\"https:\/\/www.labopolis.com\/\",\"name\":\"Labopolis\",\"description\":\"\",\"potentialAction\":[{\"@type\":\"SearchAction\",\"target\":{\"@type\":\"EntryPoint\",\"urlTemplate\":\"https:\/\/www.labopolis.com\/?s={search_term_string}\"},\"query-input\":{\"@type\":\"PropertyValueSpecification\",\"valueRequired\":true,\"valueName\":\"search_term_string\"}}],\"inLanguage\":\"pt-PT\"}]}<\/script>\n<!-- \/ Yoast SEO plugin. -->","yoast_head_json":{"title":"Euromex bScope BS.1152-EPL - Labopolis","description":"Microscopio Biol\u00f3gico, modelo para Educaci\u00f3n secundaria, f\u00e1cil de utilizar y pensados para estudiantes. Cabezal binocular, oculares HWF10x\/20 mm. Rev\u00f3lver cu\u00e1druple. Objetivos E-Plan 4x, 10x, 40x y 100x DIN 45 mm. Platina m\u00f3vil con desplazamiento X-Y. Condensador A.N. 1.25. Enfoque macro y microm\u00e9trico en eje coaxial. Iluminaci\u00f3n NeoLED 3W con bater\u00edas recargables opcionales.   Ficha T\u00e9cnica bScope","robots":{"index":"index","follow":"follow","max-snippet":"max-snippet:-1","max-image-preview":"max-image-preview:large","max-video-preview":"max-video-preview:-1"},"canonical":"https:\/\/www.labopolis.com\/pt\/produto\/euromex-bscope-bs-1152-epl\/","og_locale":"pt_PT","og_type":"article","og_title":"Euromex bScope BS.1152-EPL - Labopolis","og_description":"Microscopio Biol\u00f3gico, modelo para Educaci\u00f3n secundaria, f\u00e1cil de utilizar y pensados para estudiantes. Cabezal binocular, oculares HWF10x\/20 mm. Rev\u00f3lver cu\u00e1druple. Objetivos E-Plan 4x, 10x, 40x y 100x DIN 45 mm. Platina m\u00f3vil con desplazamiento X-Y. Condensador A.N. 1.25. Enfoque macro y microm\u00e9trico en eje coaxial. Iluminaci\u00f3n NeoLED 3W con bater\u00edas recargables opcionales.   Ficha T\u00e9cnica bScope","og_url":"https:\/\/www.labopolis.com\/pt\/produto\/euromex-bscope-bs-1152-epl\/","og_site_name":"Labopolis","article_publisher":"https:\/\/www.facebook.com\/profile.php?id=100063251679439","article_modified_time":"2026-02-18T17:15:47+00:00","og_image":[{"width":590,"height":750,"url":"https:\/\/www.labopolis.com\/wp-content\/uploads\/2023\/07\/BS.1152-PLi_B_4.png","type":"image\/png"}],"twitter_card":"summary_large_image","twitter_site":"@Labopolis","twitter_misc":{"Tempo estimado de leitura":"1 minuto"},"schema":{"@context":"https:\/\/schema.org","@graph":[{"@type":"WebPage","@id":"https:\/\/www.labopolis.com\/producto\/euromex-bscope-bs-1152-epl\/","url":"https:\/\/www.labopolis.com\/producto\/euromex-bscope-bs-1152-epl\/","name":"Euromex bScope BS.1152-EPL - Labopolis","isPartOf":{"@id":"https:\/\/www.labopolis.com\/#website"},"primaryImageOfPage":{"@id":"https:\/\/www.labopolis.com\/producto\/euromex-bscope-bs-1152-epl\/#primaryimage"},"image":{"@id":"https:\/\/www.labopolis.com\/producto\/euromex-bscope-bs-1152-epl\/#primaryimage"},"thumbnailUrl":"https:\/\/www.labopolis.com\/wp-content\/uploads\/2023\/07\/BS.1152-PLi_B_4.png","datePublished":"2023-07-10T11:39:30+00:00","dateModified":"2026-02-18T17:15:47+00:00","description":"Microscopio Biol\u00f3gico, modelo para Educaci\u00f3n secundaria, f\u00e1cil de utilizar y pensados para estudiantes. Cabezal binocular, oculares HWF10x\/20 mm. Rev\u00f3lver cu\u00e1druple. Objetivos E-Plan 4x, 10x, 40x y 100x DIN 45 mm. Platina m\u00f3vil con desplazamiento X-Y. Condensador A.N. 1.25. Enfoque macro y microm\u00e9trico en eje coaxial. Iluminaci\u00f3n NeoLED 3W con bater\u00edas recargables opcionales. Ficha T\u00e9cnica bScope","breadcrumb":{"@id":"https:\/\/www.labopolis.com\/producto\/euromex-bscope-bs-1152-epl\/#breadcrumb"},"inLanguage":"pt-PT","potentialAction":[{"@type":"ReadAction","target":["https:\/\/www.labopolis.com\/producto\/euromex-bscope-bs-1152-epl\/"]}]},{"@type":"ImageObject","inLanguage":"pt-PT","@id":"https:\/\/www.labopolis.com\/producto\/euromex-bscope-bs-1152-epl\/#primaryimage","url":"https:\/\/www.labopolis.com\/wp-content\/uploads\/2023\/07\/BS.1152-PLi_B_4.png","contentUrl":"https:\/\/www.labopolis.com\/wp-content\/uploads\/2023\/07\/BS.1152-PLi_B_4.png","width":590,"height":750,"caption":"Producto"},{"@type":"BreadcrumbList","@id":"https:\/\/www.labopolis.com\/producto\/euromex-bscope-bs-1152-epl\/#breadcrumb","itemListElement":[{"@type":"ListItem","position":1,"name":"Portada","item":"https:\/\/www.labopolis.com\/"},{"@type":"ListItem","position":2,"name":"Productos","item":"https:\/\/www.labopolis.com\/shop\/"},{"@type":"ListItem","position":3,"name":"Euromex bScope BS.1152-EPL"}]},{"@type":"WebSite","@id":"https:\/\/www.labopolis.com\/#website","url":"https:\/\/www.labopolis.com\/","name":"Labopolis","description":"","potentialAction":[{"@type":"SearchAction","target":{"@type":"EntryPoint","urlTemplate":"https:\/\/www.labopolis.com\/?s={search_term_string}"},"query-input":{"@type":"PropertyValueSpecification","valueRequired":true,"valueName":"search_term_string"}}],"inLanguage":"pt-PT"}]}},"_links":{"self":[{"href":"https:\/\/www.labopolis.com\/pt\/wp-json\/wp\/v2\/product\/2501","targetHints":{"allow":["GET"]}}],"collection":[{"href":"https:\/\/www.labopolis.com\/pt\/wp-json\/wp\/v2\/product"}],"about":[{"href":"https:\/\/www.labopolis.com\/pt\/wp-json\/wp\/v2\/types\/product"}],"replies":[{"embeddable":true,"href":"https:\/\/www.labopolis.com\/pt\/wp-json\/wp\/v2\/comments?post=2501"}],"wp:featuredmedia":[{"embeddable":true,"href":"https:\/\/www.labopolis.com\/pt\/wp-json\/wp\/v2\/media\/2524"}],"wp:attachment":[{"href":"https:\/\/www.labopolis.com\/pt\/wp-json\/wp\/v2\/media?parent=2501"}],"wp:term":[{"taxonomy":"product_brand","embeddable":true,"href":"https:\/\/www.labopolis.com\/pt\/wp-json\/wp\/v2\/product_brand?post=2501"},{"taxonomy":"product_cat","embeddable":true,"href":"https:\/\/www.labopolis.com\/pt\/wp-json\/wp\/v2\/product_cat?post=2501"},{"taxonomy":"product_tag","embeddable":true,"href":"https:\/\/www.labopolis.com\/pt\/wp-json\/wp\/v2\/product_tag?post=2501"}],"curies":[{"name":"wp","href":"https:\/\/api.w.org\/{rel}","templated":true}]}}