{"id":2495,"date":"2023-07-10T11:39:29","date_gmt":"2023-07-10T11:39:29","guid":{"rendered":"https:\/\/www.labopolis.com\/?post_type=product&#038;p=2495"},"modified":"2026-02-18T17:17:59","modified_gmt":"2026-02-18T17:17:59","slug":"euromex-microblue-mb-1051","status":"publish","type":"product","link":"https:\/\/www.labopolis.com\/pt\/produto\/euromex-microblue-mb-1051\/","title":{"rendered":"Euromex MicroBlue MB.1051"},"content":{"rendered":"<p>Modelo para o ensino prim\u00e1rio, f\u00e1cil de utilizar e concebido para os estudantes.<br \/>\nOcular DIN WF10x\/18 mm. com ponteiro. Com sistema de fixa\u00e7\u00e3o.<br \/>\nCabe\u00e7a monocular, inclinada 45\u00ba, rotativa 360\u00ba. Comprimento do tubo 160 mm.<br \/>\nRev\u00f3lver de lente qu\u00e1drupla montado em rolamentos de esferas.<br \/>\nObjectivas acrom\u00e1ticas 4x\/0,10, 10x\/0,25, S40x\/0,65 (retr\u00e1cteis). Parafocal 35 mm.<br \/>\nPrato m\u00f3vel de 115 x 100 mm com offset de 55 x 22 mm.<br \/>\nTodos os componentes \u00f3pticos t\u00eam tratamento anti-mofo e antirreflexo.<br \/>\nCondensador de 1,25 A.N. com diafragma de \u00edris e anel de filtro de 32 mm de di\u00e2metro.<br \/>\nBot\u00e3o de focagem macrom\u00e9trico e microm\u00e9trico num eixo coaxial. Micr\u00f3metro com 200 divis\u00f5es, 15 microns por divis\u00e3o, 3 mm por rota\u00e7\u00e3o do micr\u00f3metro. Desloca\u00e7\u00e3o total de cerca de 15 mm. Com regula\u00e7\u00e3o da tens\u00e3o e limite de altura da platina para proteger as objectivas de grande amplia\u00e7\u00e3o e a amostra observada.<br \/>\nIlumina\u00e7\u00e3o LED de 1 W com intensidade regul\u00e1vel e pilhas recarreg\u00e1veis.<br \/>\nFonte de alimenta\u00e7\u00e3o externa.<br \/>\nFornecido numa caixa de esferovite com capa protetora e manual de instru\u00e7\u00f5es.<\/p>","protected":false},"excerpt":{"rendered":"<div>Modelo para o ensino prim\u00e1rio, f\u00e1cil de utilizar e concebido para os estudantes. Cabe\u00e7a monocular, ocular DIN WF10x\/18 mm. Nariz rotativo qu\u00e1druplo. Objectivas acrom\u00e1ticas de 4x, 10x e 40x DIN 35 mm. Palco m\u00f3vel com desloca\u00e7\u00e3o X-Y. Condensador A.N. 1.25. Focagem macro e microm\u00e9trica em eixo coaxial. Ilumina\u00e7\u00e3o LED 1W com baterias recarreg\u00e1veis.<\/div>\n<div><\/div>\n<div><strong><em><a href=\"https:\/\/www.labopolis.com\/wp-content\/uploads\/2019\/10\/MicroBlue_ficha_tecnica_ES.pdf\" target=\"_blank\" rel=\"attachment wp-att-3827 noopener\"><i class=\"fas fa-file-alt\"><\/i> Ficha de dados t\u00e9cnicos MicroBlue<\/a><\/em><\/strong><\/div>","protected":false},"featured_media":2518,"comment_status":"open","ping_status":"closed","template":"","meta":[],"product_brand":[],"product_cat":[23,161],"product_tag":[],"class_list":{"0":"post-2495","1":"product","2":"type-product","3":"status-publish","4":"has-post-thumbnail","6":"product_cat-laboratorio","7":"product_cat-microscopios-biologicos","9":"first","10":"instock","11":"taxable","12":"shipping-taxable","13":"purchasable","14":"product-type-simple"},"yoast_head":"<!-- This site is optimized with the Yoast SEO plugin v27.2 - https:\/\/yoast.com\/product\/yoast-seo-wordpress\/ -->\n<title>Euromex MicroBlue MB.1051 - Labopolis<\/title>\n<meta name=\"description\" content=\"Modelo para Educaci\u00f3n primaria, f\u00e1cil de utilizar y pensados para estudiantes. Cabezal monocular, ocular DIN WF10x\/18 mm. Rev\u00f3lver cu\u00e1druple. Objetivos acrom\u00e1ticos 4x, 10x y 40x DIN 35 mm. Platina m\u00f3vil con desplazamiento X-Y. Condensador A.N. 1.25. Enfoque macro y microm\u00e9trico en eje coaxial. Iluminaci\u00f3n LED 1W con bater\u00edas recargables.   Ficha T\u00e9cnica MicroBlue\" \/>\n<meta name=\"robots\" content=\"index, follow, max-snippet:-1, max-image-preview:large, max-video-preview:-1\" \/>\n<link rel=\"canonical\" href=\"https:\/\/www.labopolis.com\/pt\/produto\/euromex-microblue-mb-1051\/\" \/>\n<meta property=\"og:locale\" content=\"pt_PT\" \/>\n<meta property=\"og:type\" content=\"article\" \/>\n<meta property=\"og:title\" content=\"Euromex MicroBlue MB.1051 - Labopolis\" \/>\n<meta property=\"og:description\" content=\"Modelo para Educaci\u00f3n primaria, f\u00e1cil de utilizar y pensados para estudiantes. Cabezal monocular, ocular DIN WF10x\/18 mm. Rev\u00f3lver cu\u00e1druple. Objetivos acrom\u00e1ticos 4x, 10x y 40x DIN 35 mm. Platina m\u00f3vil con desplazamiento X-Y. Condensador A.N. 1.25. Enfoque macro y microm\u00e9trico en eje coaxial. Iluminaci\u00f3n LED 1W con bater\u00edas recargables.   Ficha T\u00e9cnica MicroBlue\" \/>\n<meta property=\"og:url\" content=\"https:\/\/www.labopolis.com\/pt\/produto\/euromex-microblue-mb-1051\/\" \/>\n<meta property=\"og:site_name\" content=\"Labopolis\" \/>\n<meta property=\"article:publisher\" content=\"https:\/\/www.facebook.com\/profile.php?id=100063251679439\" \/>\n<meta property=\"article:modified_time\" content=\"2026-02-18T17:17:59+00:00\" \/>\n<meta property=\"og:image\" content=\"https:\/\/www.labopolis.com\/wp-content\/uploads\/2023\/07\/MB.1051.jpg\" \/>\n\t<meta property=\"og:image:width\" content=\"638\" \/>\n\t<meta property=\"og:image:height\" content=\"800\" \/>\n\t<meta property=\"og:image:type\" content=\"image\/jpeg\" \/>\n<meta name=\"twitter:card\" content=\"summary_large_image\" \/>\n<meta name=\"twitter:site\" content=\"@Labopolis\" \/>\n<meta name=\"twitter:label1\" content=\"Tempo estimado de leitura\" \/>\n\t<meta name=\"twitter:data1\" content=\"1 minuto\" \/>\n<script type=\"application\/ld+json\" class=\"yoast-schema-graph\">{\"@context\":\"https:\/\/schema.org\",\"@graph\":[{\"@type\":\"WebPage\",\"@id\":\"https:\/\/www.labopolis.com\/producto\/euromex-microblue-mb-1051\/\",\"url\":\"https:\/\/www.labopolis.com\/producto\/euromex-microblue-mb-1051\/\",\"name\":\"Euromex MicroBlue MB.1051 - Labopolis\",\"isPartOf\":{\"@id\":\"https:\/\/www.labopolis.com\/#website\"},\"primaryImageOfPage\":{\"@id\":\"https:\/\/www.labopolis.com\/producto\/euromex-microblue-mb-1051\/#primaryimage\"},\"image\":{\"@id\":\"https:\/\/www.labopolis.com\/producto\/euromex-microblue-mb-1051\/#primaryimage\"},\"thumbnailUrl\":\"https:\/\/www.labopolis.com\/wp-content\/uploads\/2023\/07\/MB.1051.jpg\",\"datePublished\":\"2023-07-10T11:39:29+00:00\",\"dateModified\":\"2026-02-18T17:17:59+00:00\",\"description\":\"Modelo para Educaci\u00f3n primaria, f\u00e1cil de utilizar y pensados para estudiantes. Cabezal monocular, ocular DIN WF10x\/18 mm. Rev\u00f3lver cu\u00e1druple. Objetivos acrom\u00e1ticos 4x, 10x y 40x DIN 35 mm. Platina m\u00f3vil con desplazamiento X-Y. Condensador A.N. 1.25. Enfoque macro y microm\u00e9trico en eje coaxial. Iluminaci\u00f3n LED 1W con bater\u00edas recargables. Ficha T\u00e9cnica MicroBlue\",\"breadcrumb\":{\"@id\":\"https:\/\/www.labopolis.com\/producto\/euromex-microblue-mb-1051\/#breadcrumb\"},\"inLanguage\":\"pt-PT\",\"potentialAction\":[{\"@type\":\"ReadAction\",\"target\":[\"https:\/\/www.labopolis.com\/producto\/euromex-microblue-mb-1051\/\"]}]},{\"@type\":\"ImageObject\",\"inLanguage\":\"pt-PT\",\"@id\":\"https:\/\/www.labopolis.com\/producto\/euromex-microblue-mb-1051\/#primaryimage\",\"url\":\"https:\/\/www.labopolis.com\/wp-content\/uploads\/2023\/07\/MB.1051.jpg\",\"contentUrl\":\"https:\/\/www.labopolis.com\/wp-content\/uploads\/2023\/07\/MB.1051.jpg\",\"width\":638,\"height\":800,\"caption\":\"Producto\"},{\"@type\":\"BreadcrumbList\",\"@id\":\"https:\/\/www.labopolis.com\/producto\/euromex-microblue-mb-1051\/#breadcrumb\",\"itemListElement\":[{\"@type\":\"ListItem\",\"position\":1,\"name\":\"Portada\",\"item\":\"https:\/\/www.labopolis.com\/\"},{\"@type\":\"ListItem\",\"position\":2,\"name\":\"Productos\",\"item\":\"https:\/\/www.labopolis.com\/shop\/\"},{\"@type\":\"ListItem\",\"position\":3,\"name\":\"Euromex MicroBlue MB.1051\"}]},{\"@type\":\"WebSite\",\"@id\":\"https:\/\/www.labopolis.com\/#website\",\"url\":\"https:\/\/www.labopolis.com\/\",\"name\":\"Labopolis\",\"description\":\"\",\"potentialAction\":[{\"@type\":\"SearchAction\",\"target\":{\"@type\":\"EntryPoint\",\"urlTemplate\":\"https:\/\/www.labopolis.com\/?s={search_term_string}\"},\"query-input\":{\"@type\":\"PropertyValueSpecification\",\"valueRequired\":true,\"valueName\":\"search_term_string\"}}],\"inLanguage\":\"pt-PT\"}]}<\/script>\n<!-- \/ Yoast SEO plugin. -->","yoast_head_json":{"title":"Euromex MicroBlue MB.1051 - Labopolis","description":"Modelo para Educaci\u00f3n primaria, f\u00e1cil de utilizar y pensados para estudiantes. Cabezal monocular, ocular DIN WF10x\/18 mm. Rev\u00f3lver cu\u00e1druple. Objetivos acrom\u00e1ticos 4x, 10x y 40x DIN 35 mm. Platina m\u00f3vil con desplazamiento X-Y. Condensador A.N. 1.25. Enfoque macro y microm\u00e9trico en eje coaxial. Iluminaci\u00f3n LED 1W con bater\u00edas recargables.   Ficha T\u00e9cnica MicroBlue","robots":{"index":"index","follow":"follow","max-snippet":"max-snippet:-1","max-image-preview":"max-image-preview:large","max-video-preview":"max-video-preview:-1"},"canonical":"https:\/\/www.labopolis.com\/pt\/produto\/euromex-microblue-mb-1051\/","og_locale":"pt_PT","og_type":"article","og_title":"Euromex MicroBlue MB.1051 - Labopolis","og_description":"Modelo para Educaci\u00f3n primaria, f\u00e1cil de utilizar y pensados para estudiantes. Cabezal monocular, ocular DIN WF10x\/18 mm. Rev\u00f3lver cu\u00e1druple. Objetivos acrom\u00e1ticos 4x, 10x y 40x DIN 35 mm. Platina m\u00f3vil con desplazamiento X-Y. Condensador A.N. 1.25. Enfoque macro y microm\u00e9trico en eje coaxial. Iluminaci\u00f3n LED 1W con bater\u00edas recargables.   Ficha T\u00e9cnica MicroBlue","og_url":"https:\/\/www.labopolis.com\/pt\/produto\/euromex-microblue-mb-1051\/","og_site_name":"Labopolis","article_publisher":"https:\/\/www.facebook.com\/profile.php?id=100063251679439","article_modified_time":"2026-02-18T17:17:59+00:00","og_image":[{"width":638,"height":800,"url":"https:\/\/www.labopolis.com\/wp-content\/uploads\/2023\/07\/MB.1051.jpg","type":"image\/jpeg"}],"twitter_card":"summary_large_image","twitter_site":"@Labopolis","twitter_misc":{"Tempo estimado de leitura":"1 minuto"},"schema":{"@context":"https:\/\/schema.org","@graph":[{"@type":"WebPage","@id":"https:\/\/www.labopolis.com\/producto\/euromex-microblue-mb-1051\/","url":"https:\/\/www.labopolis.com\/producto\/euromex-microblue-mb-1051\/","name":"Euromex MicroBlue MB.1051 - Labopolis","isPartOf":{"@id":"https:\/\/www.labopolis.com\/#website"},"primaryImageOfPage":{"@id":"https:\/\/www.labopolis.com\/producto\/euromex-microblue-mb-1051\/#primaryimage"},"image":{"@id":"https:\/\/www.labopolis.com\/producto\/euromex-microblue-mb-1051\/#primaryimage"},"thumbnailUrl":"https:\/\/www.labopolis.com\/wp-content\/uploads\/2023\/07\/MB.1051.jpg","datePublished":"2023-07-10T11:39:29+00:00","dateModified":"2026-02-18T17:17:59+00:00","description":"Modelo para Educaci\u00f3n primaria, f\u00e1cil de utilizar y pensados para estudiantes. Cabezal monocular, ocular DIN WF10x\/18 mm. Rev\u00f3lver cu\u00e1druple. Objetivos acrom\u00e1ticos 4x, 10x y 40x DIN 35 mm. Platina m\u00f3vil con desplazamiento X-Y. Condensador A.N. 1.25. Enfoque macro y microm\u00e9trico en eje coaxial. Iluminaci\u00f3n LED 1W con bater\u00edas recargables. Ficha T\u00e9cnica MicroBlue","breadcrumb":{"@id":"https:\/\/www.labopolis.com\/producto\/euromex-microblue-mb-1051\/#breadcrumb"},"inLanguage":"pt-PT","potentialAction":[{"@type":"ReadAction","target":["https:\/\/www.labopolis.com\/producto\/euromex-microblue-mb-1051\/"]}]},{"@type":"ImageObject","inLanguage":"pt-PT","@id":"https:\/\/www.labopolis.com\/producto\/euromex-microblue-mb-1051\/#primaryimage","url":"https:\/\/www.labopolis.com\/wp-content\/uploads\/2023\/07\/MB.1051.jpg","contentUrl":"https:\/\/www.labopolis.com\/wp-content\/uploads\/2023\/07\/MB.1051.jpg","width":638,"height":800,"caption":"Producto"},{"@type":"BreadcrumbList","@id":"https:\/\/www.labopolis.com\/producto\/euromex-microblue-mb-1051\/#breadcrumb","itemListElement":[{"@type":"ListItem","position":1,"name":"Portada","item":"https:\/\/www.labopolis.com\/"},{"@type":"ListItem","position":2,"name":"Productos","item":"https:\/\/www.labopolis.com\/shop\/"},{"@type":"ListItem","position":3,"name":"Euromex MicroBlue MB.1051"}]},{"@type":"WebSite","@id":"https:\/\/www.labopolis.com\/#website","url":"https:\/\/www.labopolis.com\/","name":"Labopolis","description":"","potentialAction":[{"@type":"SearchAction","target":{"@type":"EntryPoint","urlTemplate":"https:\/\/www.labopolis.com\/?s={search_term_string}"},"query-input":{"@type":"PropertyValueSpecification","valueRequired":true,"valueName":"search_term_string"}}],"inLanguage":"pt-PT"}]}},"_links":{"self":[{"href":"https:\/\/www.labopolis.com\/pt\/wp-json\/wp\/v2\/product\/2495","targetHints":{"allow":["GET"]}}],"collection":[{"href":"https:\/\/www.labopolis.com\/pt\/wp-json\/wp\/v2\/product"}],"about":[{"href":"https:\/\/www.labopolis.com\/pt\/wp-json\/wp\/v2\/types\/product"}],"replies":[{"embeddable":true,"href":"https:\/\/www.labopolis.com\/pt\/wp-json\/wp\/v2\/comments?post=2495"}],"wp:featuredmedia":[{"embeddable":true,"href":"https:\/\/www.labopolis.com\/pt\/wp-json\/wp\/v2\/media\/2518"}],"wp:attachment":[{"href":"https:\/\/www.labopolis.com\/pt\/wp-json\/wp\/v2\/media?parent=2495"}],"wp:term":[{"taxonomy":"product_brand","embeddable":true,"href":"https:\/\/www.labopolis.com\/pt\/wp-json\/wp\/v2\/product_brand?post=2495"},{"taxonomy":"product_cat","embeddable":true,"href":"https:\/\/www.labopolis.com\/pt\/wp-json\/wp\/v2\/product_cat?post=2495"},{"taxonomy":"product_tag","embeddable":true,"href":"https:\/\/www.labopolis.com\/pt\/wp-json\/wp\/v2\/product_tag?post=2495"}],"curies":[{"name":"wp","href":"https:\/\/api.w.org\/{rel}","templated":true}]}}