{"id":2173,"date":"2023-07-10T11:37:41","date_gmt":"2023-07-10T11:37:41","guid":{"rendered":"https:\/\/www.labopolis.com\/?post_type=product&#038;p=2173"},"modified":"2025-03-03T15:06:56","modified_gmt":"2025-03-03T15:06:56","slug":"ultracongelador-vertical-40oc","status":"publish","type":"product","link":"https:\/\/www.labopolis.com\/pt\/produto\/ultracongelador-vertical-40oc\/","title":{"rendered":"Ultra congelador vertical -40\u00baC"},"content":{"rendered":"<p><strong>Congeladores verticais <span style=\"color: #6f6f6f;\">-20 \/ -40\u00baC<\/span><\/strong><\/p>\n<table>\n<tbody>\n<tr>\n<th>REFER\u00caNCIAS<\/th>\n<td>LEUF60S (Est\u00e1tico)<\/td>\n<td>LTUF25S<\/td>\n<td>LTUF40S<\/td>\n<td>LTUF65S<\/td>\n<td>LTUF80S<\/td>\n<\/tr>\n<tr>\n<th>GAMA DE TEMPERATURAS<\/th>\n<td>-20\u00ba \/ -40\u00ba.<\/td>\n<td>-20\u00ba \/ -40\u00ba.<\/td>\n<td>-20\u00ba \/ -40\u00ba.<\/td>\n<td>-20\u00ba \/ -40\u00ba.<\/td>\n<td>-20\u00ba \/ -40\u00ba.<\/td>\n<\/tr>\n<tr>\n<th>CAPACIDADE NOMINAL (LITROS)<\/th>\n<td>600<\/td>\n<td>250<\/td>\n<td>400<\/td>\n<td>500<\/td>\n<td>700<\/td>\n<\/tr>\n<tr>\n<th>DIMENS\u00d5ES EXTERIORES (MM.)<\/th>\n<td>750 x 772 x 1966<\/td>\n<td>670 x 720 x 1538<\/td>\n<td>670 x 720 x 1963<\/td>\n<td>687 x 855 x 1955<\/td>\n<td>797 x 1037 x 1955<\/td>\n<\/tr>\n<tr>\n<th>DIMENS\u00d5ES INTERNAS (MM.)<\/th>\n<td>624 x 589 x 1594<\/td>\n<td>520 x 484 x 913<\/td>\n<td>520 x 484 x 1337<\/td>\n<td>534 x 600 x 1207<\/td>\n<td>645 x 768 x 1388<\/td>\n<\/tr>\n<tr>\n<th>ESPA\u00c7O LIVRE DA PORTA (MM)<\/th>\n<td>624 x 1557<\/td>\n<td>568 x 855<\/td>\n<td>568 x 1280<\/td>\n<td>534 x 1350<\/td>\n<td>645 x 1350<\/td>\n<\/tr>\n<tr>\n<th>ESPESSURA DO ISOLAMENTO (MM.)<\/th>\n<td>60<\/td>\n<td>50<\/td>\n<td>50<\/td>\n<td>75<\/td>\n<td>75<\/td>\n<\/tr>\n<tr>\n<th>ACABAMENTO EXTERIOR<\/th>\n<td>A\u00e7o inoxid\u00e1vel<\/td>\n<td colspan=\"4\">A\u00e7o galvanizado revestido a pl\u00e1stico branco<\/td>\n<\/tr>\n<tr>\n<th>ACABAMENTO INTERIOR<\/th>\n<td>A\u00e7o inoxid\u00e1vel<\/td>\n<td colspan=\"2\">A\u00e7o galvanizado revestido a pl\u00e1stico branco<\/td>\n<td colspan=\"2\">A\u00e7o inoxid\u00e1vel<\/td>\n<\/tr>\n<tr>\n<th>N\u00ba ESTANTES<\/th>\n<td>6\/13<\/td>\n<td>4 gavetas<\/td>\n<td>7 gavetas<\/td>\n<td>7<\/td>\n<td>7<\/td>\n<\/tr>\n<tr>\n<th>PERMUTABILIDADE DAS PRATELEIRAS<\/th>\n<td>N\u00e3o<\/td>\n<td>Sim<\/td>\n<td>Sim<\/td>\n<td>Sim<\/td>\n<td>Sim<\/td>\n<\/tr>\n<tr>\n<th>PRATELEIRAS DE MATERIAIS<\/th>\n<td>Grelha de arame cromado<\/td>\n<td colspan=\"2\">A\u00e7o galvanizado com pintura epoxi<\/td>\n<td colspan=\"2\">A\u00e7o inoxid\u00e1vel<\/td>\n<\/tr>\n<tr>\n<th>TIPO DE PORTA<\/th>\n<td>Cego<\/td>\n<td>Cego<\/td>\n<td>Cego<\/td>\n<td>Cego<\/td>\n<td>Cego<\/td>\n<\/tr>\n<tr>\n<th>BLOQUEAR<\/th>\n<td>Sim<\/td>\n<td>Sim<\/td>\n<td>Sim<\/td>\n<td>Sim<\/td>\n<td>Sim<\/td>\n<\/tr>\n<tr>\n<th>SA\u00cdDA USB<\/th>\n<td>N\u00e3o<\/td>\n<td>Sim<\/td>\n<td>Sim<\/td>\n<td>Sim<\/td>\n<td>Sim<\/td>\n<\/tr>\n<tr>\n<th>DATALOGGER<\/th>\n<td>Opcional<\/td>\n<td>Sim<\/td>\n<td>Sim<\/td>\n<td>Sim<\/td>\n<td>Sim<\/td>\n<\/tr>\n<tr>\n<th>BATERIA<\/th>\n<td>Opcional<\/td>\n<td>Sim<\/td>\n<td>Sim<\/td>\n<td>Sim<\/td>\n<td>Sim<\/td>\n<\/tr>\n<tr>\n<th>SONDA DE SIMULA\u00c7\u00c3O DE PRODUTOS<\/th>\n<td>N\u00e3o<\/td>\n<td>N\u00e3o<\/td>\n<td>N\u00e3o<\/td>\n<td>N\u00e3o<\/td>\n<td>N\u00e3o<\/td>\n<\/tr>\n<tr>\n<th>SONDA DE TEMPERATURA AMBIENTE<\/th>\n<td>Opcional<\/td>\n<td>Sim<\/td>\n<td>Sim<\/td>\n<td>Sim<\/td>\n<td>Sim<\/td>\n<\/tr>\n<tr>\n<th>TIPO DE CONTROLADOR<\/th>\n<td>Digital<\/td>\n<td>Digital Plus<\/td>\n<td>Digital Plus<\/td>\n<td>Digital Plus<\/td>\n<td>Digital Plus<\/td>\n<\/tr>\n<tr>\n<th>TIPO DE REFRIGERANTE<\/th>\n<td>R290<\/td>\n<td>R290<\/td>\n<td>R290<\/td>\n<td>R404A<\/td>\n<td>R404A<\/td>\n<\/tr>\n<tr>\n<th>POT\u00caNCIA EL\u00c9CTRICA (W)<\/th>\n<td>436<\/td>\n<td>572<\/td>\n<td>576<\/td>\n<td>920<\/td>\n<td>956<\/td>\n<\/tr>\n<tr>\n<th>TENS\u00c3O \/ FREQU\u00caNCIA (V\/HZ)<\/th>\n<td>230 \/ 50<\/td>\n<td>230 \/ 50<\/td>\n<td>230 \/ 50<\/td>\n<td>230 \/ 50<\/td>\n<td>230 \/ 50<\/td>\n<\/tr>\n<tr>\n<th>PESO (KG)<\/th>\n<td>130<\/td>\n<td>132<\/td>\n<td>159<\/td>\n<td>147<\/td>\n<td>180<\/td>\n<\/tr>\n<\/tbody>\n<\/table>","protected":false},"excerpt":{"rendered":"<p><span style=\"color: #6f6f6f;\">Ultracongeladores verticais -20 \/ -40\u00baC . Congelador de Plasma<\/span><\/p>\n<p>Os ultracongeladores v<span style=\"color: #6f6f6f;\">erticais de -20 \/ -40\u00baC,<\/span> oferecem uma elevada fiabilidade, facilidade de utiliza\u00e7\u00e3o e s\u00e3o especialmente concebidos para utiliza\u00e7\u00e3o em laborat\u00f3rio. Mant\u00eam uma temperatura interna homog\u00e9nea, incorporando uma s\u00e9rie de melhorias para garantir a qualidade dos produtos conservados. O equipamento \u00e9 entregue totalmente programado com a gama de temperaturas e alarmes, pelo que o utilizador s\u00f3 tem de o ligar \u00e0 rede el\u00e9ctrica para come\u00e7ar a utiliz\u00e1-lo.<\/p>\n<table>\n<tbody>\n<tr>\n<th>REFER\u00caNCIAS<\/th>\n<td>LEUF60S (Est\u00e1tico)<\/td>\n<td>LTUF25S<\/td>\n<td>LTUF40S<\/td>\n<td>LTUF65S<\/td>\n<td>LTUF80S<\/td>\n<\/tr>\n<tr>\n<th>GAMA DE TEMPERATURAS<\/th>\n<td>-20\u00ba \/ -40\u00ba.<\/td>\n<td>-20\u00ba \/ -40\u00ba.<\/td>\n<td>-20\u00ba \/ -40\u00ba.<\/td>\n<td>-20\u00ba \/ -40\u00ba.<\/td>\n<td>-20\u00ba \/ -40\u00ba.<\/td>\n<\/tr>\n<tr>\n<th>CAPACIDADE NOMINAL (LITROS)<\/th>\n<td>600<\/td>\n<td>250<\/td>\n<td>400<\/td>\n<td>500<\/td>\n<td>700<\/td>\n<\/tr>\n<\/tbody>\n<\/table>","protected":false},"featured_media":2203,"comment_status":"open","ping_status":"closed","template":"","meta":[],"product_brand":[],"product_cat":[145,23],"product_tag":[],"class_list":{"0":"post-2173","1":"product","2":"type-product","3":"status-publish","4":"has-post-thumbnail","6":"product_cat-congeladores","7":"product_cat-laboratorio","9":"first","10":"instock","11":"taxable","12":"shipping-taxable","13":"purchasable","14":"product-type-variable"},"yoast_head":"<!-- This site is optimized with the Yoast SEO plugin v27.2 - https:\/\/yoast.com\/product\/yoast-seo-wordpress\/ -->\n<title>Ultracongelador Vertical -40\u00baC - Labopolis<\/title>\n<meta name=\"description\" content=\"Ultracongeladores Verticales de -20 \/ -40\u00baC . Congelador de Plasma  Los ultracongeladores verticales de -20 \/ -40\u00baC, ofrecen gran confiabilidad, facilidad de uso y est\u00e1n especialmente dise\u00f1ados para su uso en laboratorio. Mantienen una temperatura interna homog\u00e9nea, para lo que incorporan una serie de mejoras tendentes a asegurar la calidad de los productos conservados. El equipo se entrega totalmente programado con el rango de temperatura y alarmas, por lo que el usuario solo tiene que conectarlo a la corriente el\u00e9ctrica para comenzar a usarlo.    REFERENCIAS LEUF60S (Est\u00e1tico) LTUF25S LTUF40S LTUF65S LTUF80S   RANGO TEMPERATURA -20\u00ba \/ -40\u00ba -20\u00ba \/ -40\u00ba -20\u00ba \/ -40\u00ba -20\u00ba \/ -40\u00ba -20\u00ba \/ -40\u00ba   CAPACIDAD NOMINAL (LITROS) 600 250 400 500 700\" \/>\n<meta name=\"robots\" content=\"index, follow, max-snippet:-1, max-image-preview:large, max-video-preview:-1\" \/>\n<link rel=\"canonical\" href=\"https:\/\/www.labopolis.com\/pt\/produto\/ultracongelador-vertical-40oc\/\" \/>\n<meta property=\"og:locale\" content=\"pt_PT\" \/>\n<meta property=\"og:type\" content=\"article\" \/>\n<meta property=\"og:title\" content=\"Ultracongelador Vertical -40\u00baC - Labopolis\" \/>\n<meta property=\"og:description\" content=\"Ultracongeladores Verticales de -20 \/ -40\u00baC . Congelador de Plasma  Los ultracongeladores verticales de -20 \/ -40\u00baC, ofrecen gran confiabilidad, facilidad de uso y est\u00e1n especialmente dise\u00f1ados para su uso en laboratorio. Mantienen una temperatura interna homog\u00e9nea, para lo que incorporan una serie de mejoras tendentes a asegurar la calidad de los productos conservados. El equipo se entrega totalmente programado con el rango de temperatura y alarmas, por lo que el usuario solo tiene que conectarlo a la corriente el\u00e9ctrica para comenzar a usarlo.    REFERENCIAS LEUF60S (Est\u00e1tico) LTUF25S LTUF40S LTUF65S LTUF80S   RANGO TEMPERATURA -20\u00ba \/ -40\u00ba -20\u00ba \/ -40\u00ba -20\u00ba \/ -40\u00ba -20\u00ba \/ -40\u00ba -20\u00ba \/ -40\u00ba   CAPACIDAD NOMINAL (LITROS) 600 250 400 500 700\" \/>\n<meta property=\"og:url\" content=\"https:\/\/www.labopolis.com\/pt\/produto\/ultracongelador-vertical-40oc\/\" \/>\n<meta property=\"og:site_name\" content=\"Labopolis\" \/>\n<meta property=\"article:publisher\" content=\"https:\/\/www.facebook.com\/profile.php?id=100063251679439\" \/>\n<meta property=\"article:modified_time\" content=\"2025-03-03T15:06:56+00:00\" \/>\n<meta property=\"og:image\" content=\"https:\/\/www.labopolis.com\/wp-content\/uploads\/2023\/07\/ltuf40s-1.jpg\" \/>\n\t<meta property=\"og:image:width\" content=\"800\" \/>\n\t<meta property=\"og:image:height\" content=\"800\" \/>\n\t<meta property=\"og:image:type\" content=\"image\/jpeg\" \/>\n<meta name=\"twitter:card\" content=\"summary_large_image\" \/>\n<meta name=\"twitter:site\" content=\"@Labopolis\" \/>\n<meta name=\"twitter:label1\" content=\"Tempo estimado de leitura\" \/>\n\t<meta name=\"twitter:data1\" content=\"1 minuto\" \/>\n<script type=\"application\/ld+json\" class=\"yoast-schema-graph\">{\"@context\":\"https:\/\/schema.org\",\"@graph\":[{\"@type\":\"WebPage\",\"@id\":\"https:\/\/www.labopolis.com\/producto\/ultracongelador-vertical-40oc\/\",\"url\":\"https:\/\/www.labopolis.com\/producto\/ultracongelador-vertical-40oc\/\",\"name\":\"Ultracongelador Vertical -40\u00baC - Labopolis\",\"isPartOf\":{\"@id\":\"https:\/\/www.labopolis.com\/#website\"},\"primaryImageOfPage\":{\"@id\":\"https:\/\/www.labopolis.com\/producto\/ultracongelador-vertical-40oc\/#primaryimage\"},\"image\":{\"@id\":\"https:\/\/www.labopolis.com\/producto\/ultracongelador-vertical-40oc\/#primaryimage\"},\"thumbnailUrl\":\"https:\/\/www.labopolis.com\/wp-content\/uploads\/2023\/07\/ltuf40s-1.jpg\",\"datePublished\":\"2023-07-10T11:37:41+00:00\",\"dateModified\":\"2025-03-03T15:06:56+00:00\",\"description\":\"Ultracongeladores Verticales de -20 \/ -40\u00baC . Congelador de Plasma Los ultracongeladores verticales de -20 \/ -40\u00baC, ofrecen gran confiabilidad, facilidad de uso y est\u00e1n especialmente dise\u00f1ados para su uso en laboratorio. Mantienen una temperatura interna homog\u00e9nea, para lo que incorporan una serie de mejoras tendentes a asegurar la calidad de los productos conservados. El equipo se entrega totalmente programado con el rango de temperatura y alarmas, por lo que el usuario solo tiene que conectarlo a la corriente el\u00e9ctrica para comenzar a usarlo. REFERENCIAS LEUF60S (Est\u00e1tico) LTUF25S LTUF40S LTUF65S LTUF80S RANGO TEMPERATURA -20\u00ba \/ -40\u00ba -20\u00ba \/ -40\u00ba -20\u00ba \/ -40\u00ba -20\u00ba \/ -40\u00ba -20\u00ba \/ -40\u00ba CAPACIDAD NOMINAL (LITROS) 600 250 400 500 700\",\"breadcrumb\":{\"@id\":\"https:\/\/www.labopolis.com\/producto\/ultracongelador-vertical-40oc\/#breadcrumb\"},\"inLanguage\":\"pt-PT\",\"potentialAction\":[{\"@type\":\"ReadAction\",\"target\":[\"https:\/\/www.labopolis.com\/producto\/ultracongelador-vertical-40oc\/\"]}]},{\"@type\":\"ImageObject\",\"inLanguage\":\"pt-PT\",\"@id\":\"https:\/\/www.labopolis.com\/producto\/ultracongelador-vertical-40oc\/#primaryimage\",\"url\":\"https:\/\/www.labopolis.com\/wp-content\/uploads\/2023\/07\/ltuf40s-1.jpg\",\"contentUrl\":\"https:\/\/www.labopolis.com\/wp-content\/uploads\/2023\/07\/ltuf40s-1.jpg\",\"width\":800,\"height\":800,\"caption\":\"Producto\"},{\"@type\":\"BreadcrumbList\",\"@id\":\"https:\/\/www.labopolis.com\/producto\/ultracongelador-vertical-40oc\/#breadcrumb\",\"itemListElement\":[{\"@type\":\"ListItem\",\"position\":1,\"name\":\"Portada\",\"item\":\"https:\/\/www.labopolis.com\/\"},{\"@type\":\"ListItem\",\"position\":2,\"name\":\"Productos\",\"item\":\"https:\/\/www.labopolis.com\/shop\/\"},{\"@type\":\"ListItem\",\"position\":3,\"name\":\"Ultracongelador Vertical -40\u00baC\"}]},{\"@type\":\"WebSite\",\"@id\":\"https:\/\/www.labopolis.com\/#website\",\"url\":\"https:\/\/www.labopolis.com\/\",\"name\":\"Labopolis\",\"description\":\"\",\"potentialAction\":[{\"@type\":\"SearchAction\",\"target\":{\"@type\":\"EntryPoint\",\"urlTemplate\":\"https:\/\/www.labopolis.com\/?s={search_term_string}\"},\"query-input\":{\"@type\":\"PropertyValueSpecification\",\"valueRequired\":true,\"valueName\":\"search_term_string\"}}],\"inLanguage\":\"pt-PT\"}]}<\/script>\n<!-- \/ Yoast SEO plugin. -->","yoast_head_json":{"title":"Ultracongelador Vertical -40\u00baC - Labopolis","description":"Ultracongeladores Verticales de -20 \/ -40\u00baC . Congelador de Plasma  Los ultracongeladores verticales de -20 \/ -40\u00baC, ofrecen gran confiabilidad, facilidad de uso y est\u00e1n especialmente dise\u00f1ados para su uso en laboratorio. Mantienen una temperatura interna homog\u00e9nea, para lo que incorporan una serie de mejoras tendentes a asegurar la calidad de los productos conservados. El equipo se entrega totalmente programado con el rango de temperatura y alarmas, por lo que el usuario solo tiene que conectarlo a la corriente el\u00e9ctrica para comenzar a usarlo.    REFERENCIAS LEUF60S (Est\u00e1tico) LTUF25S LTUF40S LTUF65S LTUF80S   RANGO TEMPERATURA -20\u00ba \/ -40\u00ba -20\u00ba \/ -40\u00ba -20\u00ba \/ -40\u00ba -20\u00ba \/ -40\u00ba -20\u00ba \/ -40\u00ba   CAPACIDAD NOMINAL (LITROS) 600 250 400 500 700","robots":{"index":"index","follow":"follow","max-snippet":"max-snippet:-1","max-image-preview":"max-image-preview:large","max-video-preview":"max-video-preview:-1"},"canonical":"https:\/\/www.labopolis.com\/pt\/produto\/ultracongelador-vertical-40oc\/","og_locale":"pt_PT","og_type":"article","og_title":"Ultracongelador Vertical -40\u00baC - Labopolis","og_description":"Ultracongeladores Verticales de -20 \/ -40\u00baC . Congelador de Plasma  Los ultracongeladores verticales de -20 \/ -40\u00baC, ofrecen gran confiabilidad, facilidad de uso y est\u00e1n especialmente dise\u00f1ados para su uso en laboratorio. Mantienen una temperatura interna homog\u00e9nea, para lo que incorporan una serie de mejoras tendentes a asegurar la calidad de los productos conservados. El equipo se entrega totalmente programado con el rango de temperatura y alarmas, por lo que el usuario solo tiene que conectarlo a la corriente el\u00e9ctrica para comenzar a usarlo.    REFERENCIAS LEUF60S (Est\u00e1tico) LTUF25S LTUF40S LTUF65S LTUF80S   RANGO TEMPERATURA -20\u00ba \/ -40\u00ba -20\u00ba \/ -40\u00ba -20\u00ba \/ -40\u00ba -20\u00ba \/ -40\u00ba -20\u00ba \/ -40\u00ba   CAPACIDAD NOMINAL (LITROS) 600 250 400 500 700","og_url":"https:\/\/www.labopolis.com\/pt\/produto\/ultracongelador-vertical-40oc\/","og_site_name":"Labopolis","article_publisher":"https:\/\/www.facebook.com\/profile.php?id=100063251679439","article_modified_time":"2025-03-03T15:06:56+00:00","og_image":[{"width":800,"height":800,"url":"https:\/\/www.labopolis.com\/wp-content\/uploads\/2023\/07\/ltuf40s-1.jpg","type":"image\/jpeg"}],"twitter_card":"summary_large_image","twitter_site":"@Labopolis","twitter_misc":{"Tempo estimado de leitura":"1 minuto"},"schema":{"@context":"https:\/\/schema.org","@graph":[{"@type":"WebPage","@id":"https:\/\/www.labopolis.com\/producto\/ultracongelador-vertical-40oc\/","url":"https:\/\/www.labopolis.com\/producto\/ultracongelador-vertical-40oc\/","name":"Ultracongelador Vertical -40\u00baC - Labopolis","isPartOf":{"@id":"https:\/\/www.labopolis.com\/#website"},"primaryImageOfPage":{"@id":"https:\/\/www.labopolis.com\/producto\/ultracongelador-vertical-40oc\/#primaryimage"},"image":{"@id":"https:\/\/www.labopolis.com\/producto\/ultracongelador-vertical-40oc\/#primaryimage"},"thumbnailUrl":"https:\/\/www.labopolis.com\/wp-content\/uploads\/2023\/07\/ltuf40s-1.jpg","datePublished":"2023-07-10T11:37:41+00:00","dateModified":"2025-03-03T15:06:56+00:00","description":"Ultracongeladores Verticales de -20 \/ -40\u00baC . Congelador de Plasma Los ultracongeladores verticales de -20 \/ -40\u00baC, ofrecen gran confiabilidad, facilidad de uso y est\u00e1n especialmente dise\u00f1ados para su uso en laboratorio. Mantienen una temperatura interna homog\u00e9nea, para lo que incorporan una serie de mejoras tendentes a asegurar la calidad de los productos conservados. El equipo se entrega totalmente programado con el rango de temperatura y alarmas, por lo que el usuario solo tiene que conectarlo a la corriente el\u00e9ctrica para comenzar a usarlo. REFERENCIAS LEUF60S (Est\u00e1tico) LTUF25S LTUF40S LTUF65S LTUF80S RANGO TEMPERATURA -20\u00ba \/ -40\u00ba -20\u00ba \/ -40\u00ba -20\u00ba \/ -40\u00ba -20\u00ba \/ -40\u00ba -20\u00ba \/ -40\u00ba CAPACIDAD NOMINAL (LITROS) 600 250 400 500 700","breadcrumb":{"@id":"https:\/\/www.labopolis.com\/producto\/ultracongelador-vertical-40oc\/#breadcrumb"},"inLanguage":"pt-PT","potentialAction":[{"@type":"ReadAction","target":["https:\/\/www.labopolis.com\/producto\/ultracongelador-vertical-40oc\/"]}]},{"@type":"ImageObject","inLanguage":"pt-PT","@id":"https:\/\/www.labopolis.com\/producto\/ultracongelador-vertical-40oc\/#primaryimage","url":"https:\/\/www.labopolis.com\/wp-content\/uploads\/2023\/07\/ltuf40s-1.jpg","contentUrl":"https:\/\/www.labopolis.com\/wp-content\/uploads\/2023\/07\/ltuf40s-1.jpg","width":800,"height":800,"caption":"Producto"},{"@type":"BreadcrumbList","@id":"https:\/\/www.labopolis.com\/producto\/ultracongelador-vertical-40oc\/#breadcrumb","itemListElement":[{"@type":"ListItem","position":1,"name":"Portada","item":"https:\/\/www.labopolis.com\/"},{"@type":"ListItem","position":2,"name":"Productos","item":"https:\/\/www.labopolis.com\/shop\/"},{"@type":"ListItem","position":3,"name":"Ultracongelador Vertical -40\u00baC"}]},{"@type":"WebSite","@id":"https:\/\/www.labopolis.com\/#website","url":"https:\/\/www.labopolis.com\/","name":"Labopolis","description":"","potentialAction":[{"@type":"SearchAction","target":{"@type":"EntryPoint","urlTemplate":"https:\/\/www.labopolis.com\/?s={search_term_string}"},"query-input":{"@type":"PropertyValueSpecification","valueRequired":true,"valueName":"search_term_string"}}],"inLanguage":"pt-PT"}]}},"_links":{"self":[{"href":"https:\/\/www.labopolis.com\/pt\/wp-json\/wp\/v2\/product\/2173","targetHints":{"allow":["GET"]}}],"collection":[{"href":"https:\/\/www.labopolis.com\/pt\/wp-json\/wp\/v2\/product"}],"about":[{"href":"https:\/\/www.labopolis.com\/pt\/wp-json\/wp\/v2\/types\/product"}],"replies":[{"embeddable":true,"href":"https:\/\/www.labopolis.com\/pt\/wp-json\/wp\/v2\/comments?post=2173"}],"wp:featuredmedia":[{"embeddable":true,"href":"https:\/\/www.labopolis.com\/pt\/wp-json\/wp\/v2\/media\/2203"}],"wp:attachment":[{"href":"https:\/\/www.labopolis.com\/pt\/wp-json\/wp\/v2\/media?parent=2173"}],"wp:term":[{"taxonomy":"product_brand","embeddable":true,"href":"https:\/\/www.labopolis.com\/pt\/wp-json\/wp\/v2\/product_brand?post=2173"},{"taxonomy":"product_cat","embeddable":true,"href":"https:\/\/www.labopolis.com\/pt\/wp-json\/wp\/v2\/product_cat?post=2173"},{"taxonomy":"product_tag","embeddable":true,"href":"https:\/\/www.labopolis.com\/pt\/wp-json\/wp\/v2\/product_tag?post=2173"}],"curies":[{"name":"wp","href":"https:\/\/api.w.org\/{rel}","templated":true}]}}