{"id":2111,"date":"2023-07-10T11:37:15","date_gmt":"2023-07-10T11:37:15","guid":{"rendered":"https:\/\/www.labopolis.com\/?post_type=product&#038;p=2111"},"modified":"2026-03-05T14:50:47","modified_gmt":"2026-03-05T14:50:47","slug":"medidor-combo-ph-ec-tds-temp-mw803","status":"publish","type":"product","link":"https:\/\/www.labopolis.com\/pt\/produto\/medidor-combo-ph-ec-tds-temp-mw803\/","title":{"rendered":"MEDIDOR COMBINADO PH\/EC\/TDS\/TEMP MW803"},"content":{"rendered":"<p>O Medidor Combo 4 EM 1 PH\/EC\/TDS\/Temp MW803, \u00e0 prova de \u00e1gua, incorpora as funcionalidades de medi\u00e7\u00e3o de PH\/temperatura e condutividade no mesmo dispositivo. Com a grande vantagem de ser um instrumento leve e port\u00e1til para poder efetuar medi\u00e7\u00f5es em qualquer lugar. Muito pr\u00e1tico para piscinas, agricultura e alimenta\u00e7\u00e3o, bem como para a qualidade da \u00e1gua.<\/p>\n<p>GAMA: pH: 0,00-14,00 pH : 0 a 3999 uS\/cm | EC: 0 a 3999 uS\/cm | TDS 0 - 2000 ppm | Temp: 0,0 a 50,0\u00b0C \/ 32,0 a 122,0\u00b0F<\/p>\n<p>RESOLU\u00c7\u00c3O: 0,01 pH | 1 uS\/cm | 1 ppm | 0,1\u00b0C (0,1\u00b0F)<\/p>\n<p>Precis\u00e3o: pH: \u00b10,05 pH | EC\/TDS: 2% Escala: | +\/-0,5\u00b0C (+\/-1\u00b0F)<\/p>\n<p>CALIBRA\u00c7\u00c3O: Autom\u00e1tica<\/p>\n<p>Compensa\u00e7\u00e3o de temperatura: Autom\u00e1tica<\/p>","protected":false},"excerpt":{"rendered":"<p>Medidor combinado de PH\/CE\/TDS\/Temperatura MW803<\/p>","protected":false},"featured_media":2123,"comment_status":"open","ping_status":"closed","template":"","meta":[],"product_brand":[],"product_cat":[23,133],"product_tag":[],"class_list":{"0":"post-2111","1":"product","2":"type-product","3":"status-publish","4":"has-post-thumbnail","6":"product_cat-laboratorio","7":"product_cat-ph-conductividad","9":"first","10":"instock","11":"taxable","12":"shipping-taxable","13":"purchasable","14":"product-type-simple"},"yoast_head":"<!-- This site is optimized with the Yoast SEO plugin v27.2 - https:\/\/yoast.com\/product\/yoast-seo-wordpress\/ -->\n<title>MEDIDOR COMBO PH\/EC\/TDS\/TEMP MW803 - Labopolis<\/title>\n<meta name=\"description\" content=\"Medidor Combo PH\/EC\/TDS\/Temp MW803\" \/>\n<meta name=\"robots\" content=\"index, follow, max-snippet:-1, max-image-preview:large, max-video-preview:-1\" \/>\n<link rel=\"canonical\" href=\"https:\/\/www.labopolis.com\/pt\/produto\/medidor-combo-ph-ec-tds-temp-mw803\/\" \/>\n<meta property=\"og:locale\" content=\"pt_PT\" \/>\n<meta property=\"og:type\" content=\"article\" \/>\n<meta property=\"og:title\" content=\"MEDIDOR COMBO PH\/EC\/TDS\/TEMP MW803 - Labopolis\" \/>\n<meta property=\"og:description\" content=\"Medidor Combo PH\/EC\/TDS\/Temp MW803\" \/>\n<meta property=\"og:url\" content=\"https:\/\/www.labopolis.com\/pt\/produto\/medidor-combo-ph-ec-tds-temp-mw803\/\" \/>\n<meta property=\"og:site_name\" content=\"Labopolis\" \/>\n<meta property=\"article:publisher\" content=\"https:\/\/www.facebook.com\/profile.php?id=100063251679439\" \/>\n<meta property=\"article:modified_time\" content=\"2026-03-05T14:50:47+00:00\" \/>\n<meta property=\"og:image\" content=\"https:\/\/www.labopolis.com\/wp-content\/uploads\/2023\/07\/MW803-Front-Cap-On-copy.jpg\" \/>\n\t<meta property=\"og:image:width\" content=\"1264\" \/>\n\t<meta property=\"og:image:height\" content=\"1264\" \/>\n\t<meta property=\"og:image:type\" content=\"image\/jpeg\" \/>\n<meta name=\"twitter:card\" content=\"summary_large_image\" \/>\n<meta name=\"twitter:site\" content=\"@Labopolis\" \/>\n<meta name=\"twitter:label1\" content=\"Tempo estimado de leitura\" \/>\n\t<meta name=\"twitter:data1\" content=\"1 minuto\" \/>\n<script type=\"application\/ld+json\" class=\"yoast-schema-graph\">{\"@context\":\"https:\/\/schema.org\",\"@graph\":[{\"@type\":\"WebPage\",\"@id\":\"https:\/\/www.labopolis.com\/producto\/medidor-combo-ph-ec-tds-temp-mw803\/\",\"url\":\"https:\/\/www.labopolis.com\/producto\/medidor-combo-ph-ec-tds-temp-mw803\/\",\"name\":\"MEDIDOR COMBO PH\/EC\/TDS\/TEMP MW803 - Labopolis\",\"isPartOf\":{\"@id\":\"https:\/\/www.labopolis.com\/#website\"},\"primaryImageOfPage\":{\"@id\":\"https:\/\/www.labopolis.com\/producto\/medidor-combo-ph-ec-tds-temp-mw803\/#primaryimage\"},\"image\":{\"@id\":\"https:\/\/www.labopolis.com\/producto\/medidor-combo-ph-ec-tds-temp-mw803\/#primaryimage\"},\"thumbnailUrl\":\"https:\/\/www.labopolis.com\/wp-content\/uploads\/2023\/07\/MW803-Front-Cap-On-copy.jpg\",\"datePublished\":\"2023-07-10T11:37:15+00:00\",\"dateModified\":\"2026-03-05T14:50:47+00:00\",\"description\":\"Medidor Combo PH\/EC\/TDS\/Temp MW803\",\"breadcrumb\":{\"@id\":\"https:\/\/www.labopolis.com\/producto\/medidor-combo-ph-ec-tds-temp-mw803\/#breadcrumb\"},\"inLanguage\":\"pt-PT\",\"potentialAction\":[{\"@type\":\"ReadAction\",\"target\":[\"https:\/\/www.labopolis.com\/producto\/medidor-combo-ph-ec-tds-temp-mw803\/\"]}]},{\"@type\":\"ImageObject\",\"inLanguage\":\"pt-PT\",\"@id\":\"https:\/\/www.labopolis.com\/producto\/medidor-combo-ph-ec-tds-temp-mw803\/#primaryimage\",\"url\":\"https:\/\/www.labopolis.com\/wp-content\/uploads\/2023\/07\/MW803-Front-Cap-On-copy.jpg\",\"contentUrl\":\"https:\/\/www.labopolis.com\/wp-content\/uploads\/2023\/07\/MW803-Front-Cap-On-copy.jpg\",\"width\":1264,\"height\":1264,\"caption\":\"Producto\"},{\"@type\":\"BreadcrumbList\",\"@id\":\"https:\/\/www.labopolis.com\/producto\/medidor-combo-ph-ec-tds-temp-mw803\/#breadcrumb\",\"itemListElement\":[{\"@type\":\"ListItem\",\"position\":1,\"name\":\"Portada\",\"item\":\"https:\/\/www.labopolis.com\/\"},{\"@type\":\"ListItem\",\"position\":2,\"name\":\"Productos\",\"item\":\"https:\/\/www.labopolis.com\/shop\/\"},{\"@type\":\"ListItem\",\"position\":3,\"name\":\"MEDIDOR COMBO PH\/EC\/TDS\/TEMP MW803\"}]},{\"@type\":\"WebSite\",\"@id\":\"https:\/\/www.labopolis.com\/#website\",\"url\":\"https:\/\/www.labopolis.com\/\",\"name\":\"Labopolis\",\"description\":\"\",\"potentialAction\":[{\"@type\":\"SearchAction\",\"target\":{\"@type\":\"EntryPoint\",\"urlTemplate\":\"https:\/\/www.labopolis.com\/?s={search_term_string}\"},\"query-input\":{\"@type\":\"PropertyValueSpecification\",\"valueRequired\":true,\"valueName\":\"search_term_string\"}}],\"inLanguage\":\"pt-PT\"}]}<\/script>\n<!-- \/ Yoast SEO plugin. -->","yoast_head_json":{"title":"MEDIDOR COMBO PH\/EC\/TDS\/TEMP MW803 - Labopolis","description":"Medidor combinado de PH\/CE\/TDS\/Temperatura MW803","robots":{"index":"index","follow":"follow","max-snippet":"max-snippet:-1","max-image-preview":"max-image-preview:large","max-video-preview":"max-video-preview:-1"},"canonical":"https:\/\/www.labopolis.com\/pt\/produto\/medidor-combo-ph-ec-tds-temp-mw803\/","og_locale":"pt_PT","og_type":"article","og_title":"MEDIDOR COMBO PH\/EC\/TDS\/TEMP MW803 - Labopolis","og_description":"Medidor Combo PH\/EC\/TDS\/Temp MW803","og_url":"https:\/\/www.labopolis.com\/pt\/produto\/medidor-combo-ph-ec-tds-temp-mw803\/","og_site_name":"Labopolis","article_publisher":"https:\/\/www.facebook.com\/profile.php?id=100063251679439","article_modified_time":"2026-03-05T14:50:47+00:00","og_image":[{"width":1264,"height":1264,"url":"https:\/\/www.labopolis.com\/wp-content\/uploads\/2023\/07\/MW803-Front-Cap-On-copy.jpg","type":"image\/jpeg"}],"twitter_card":"summary_large_image","twitter_site":"@Labopolis","twitter_misc":{"Tempo estimado de leitura":"1 minuto"},"schema":{"@context":"https:\/\/schema.org","@graph":[{"@type":"WebPage","@id":"https:\/\/www.labopolis.com\/producto\/medidor-combo-ph-ec-tds-temp-mw803\/","url":"https:\/\/www.labopolis.com\/producto\/medidor-combo-ph-ec-tds-temp-mw803\/","name":"MEDIDOR COMBO PH\/EC\/TDS\/TEMP MW803 - Labopolis","isPartOf":{"@id":"https:\/\/www.labopolis.com\/#website"},"primaryImageOfPage":{"@id":"https:\/\/www.labopolis.com\/producto\/medidor-combo-ph-ec-tds-temp-mw803\/#primaryimage"},"image":{"@id":"https:\/\/www.labopolis.com\/producto\/medidor-combo-ph-ec-tds-temp-mw803\/#primaryimage"},"thumbnailUrl":"https:\/\/www.labopolis.com\/wp-content\/uploads\/2023\/07\/MW803-Front-Cap-On-copy.jpg","datePublished":"2023-07-10T11:37:15+00:00","dateModified":"2026-03-05T14:50:47+00:00","description":"Medidor combinado de PH\/CE\/TDS\/Temperatura MW803","breadcrumb":{"@id":"https:\/\/www.labopolis.com\/producto\/medidor-combo-ph-ec-tds-temp-mw803\/#breadcrumb"},"inLanguage":"pt-PT","potentialAction":[{"@type":"ReadAction","target":["https:\/\/www.labopolis.com\/producto\/medidor-combo-ph-ec-tds-temp-mw803\/"]}]},{"@type":"ImageObject","inLanguage":"pt-PT","@id":"https:\/\/www.labopolis.com\/producto\/medidor-combo-ph-ec-tds-temp-mw803\/#primaryimage","url":"https:\/\/www.labopolis.com\/wp-content\/uploads\/2023\/07\/MW803-Front-Cap-On-copy.jpg","contentUrl":"https:\/\/www.labopolis.com\/wp-content\/uploads\/2023\/07\/MW803-Front-Cap-On-copy.jpg","width":1264,"height":1264,"caption":"Producto"},{"@type":"BreadcrumbList","@id":"https:\/\/www.labopolis.com\/producto\/medidor-combo-ph-ec-tds-temp-mw803\/#breadcrumb","itemListElement":[{"@type":"ListItem","position":1,"name":"Portada","item":"https:\/\/www.labopolis.com\/"},{"@type":"ListItem","position":2,"name":"Productos","item":"https:\/\/www.labopolis.com\/shop\/"},{"@type":"ListItem","position":3,"name":"MEDIDOR COMBO PH\/EC\/TDS\/TEMP MW803"}]},{"@type":"WebSite","@id":"https:\/\/www.labopolis.com\/#website","url":"https:\/\/www.labopolis.com\/","name":"Labopolis","description":"","potentialAction":[{"@type":"SearchAction","target":{"@type":"EntryPoint","urlTemplate":"https:\/\/www.labopolis.com\/?s={search_term_string}"},"query-input":{"@type":"PropertyValueSpecification","valueRequired":true,"valueName":"search_term_string"}}],"inLanguage":"pt-PT"}]}},"_links":{"self":[{"href":"https:\/\/www.labopolis.com\/pt\/wp-json\/wp\/v2\/product\/2111","targetHints":{"allow":["GET"]}}],"collection":[{"href":"https:\/\/www.labopolis.com\/pt\/wp-json\/wp\/v2\/product"}],"about":[{"href":"https:\/\/www.labopolis.com\/pt\/wp-json\/wp\/v2\/types\/product"}],"replies":[{"embeddable":true,"href":"https:\/\/www.labopolis.com\/pt\/wp-json\/wp\/v2\/comments?post=2111"}],"wp:featuredmedia":[{"embeddable":true,"href":"https:\/\/www.labopolis.com\/pt\/wp-json\/wp\/v2\/media\/2123"}],"wp:attachment":[{"href":"https:\/\/www.labopolis.com\/pt\/wp-json\/wp\/v2\/media?parent=2111"}],"wp:term":[{"taxonomy":"product_brand","embeddable":true,"href":"https:\/\/www.labopolis.com\/pt\/wp-json\/wp\/v2\/product_brand?post=2111"},{"taxonomy":"product_cat","embeddable":true,"href":"https:\/\/www.labopolis.com\/pt\/wp-json\/wp\/v2\/product_cat?post=2111"},{"taxonomy":"product_tag","embeddable":true,"href":"https:\/\/www.labopolis.com\/pt\/wp-json\/wp\/v2\/product_tag?post=2111"}],"curies":[{"name":"wp","href":"https:\/\/api.w.org\/{rel}","templated":true}]}}