{"id":14362,"date":"2025-02-25T12:41:12","date_gmt":"2025-02-25T12:41:12","guid":{"rendered":"https:\/\/www.labopolis.com\/?post_type=product&#038;p=14362"},"modified":"2026-02-05T10:49:13","modified_gmt":"2026-02-05T10:49:13","slug":"incubador-de-co2","status":"publish","type":"product","link":"https:\/\/www.labopolis.com\/pt\/produto\/incubador-de-co2\/","title":{"rendered":"Incubadora de CO2"},"content":{"rendered":"<p>A nova incubadora de\u00a0<strong>CO<sub>2<\/sub>\u00a0Incubadora<\/strong>\u00a0\"O Diret Heat, equipado com um ciclo de descontamina\u00e7\u00e3o autom\u00e1tico, foi concebido para oferecer um ambiente est\u00e1vel e perfeitamente adaptado \u00e0 cultura de c\u00e9lulas e tecidos, tendo em conta as exig\u00eancias mais sofisticadas de quem trabalha neste dom\u00ednio, seja em cultura cont\u00ednua ou em lote.<br \/>\n<strong>Cruma CO<sub>2<\/sub>\u00a0Incubadora<\/strong>\u00a0mant\u00e9m com exatid\u00e3o a percentagem de CO<sub>2<\/sub>\u00a0preparados, assegurando simultaneamente a uniformidade da temperatura e o elevado n\u00edvel de humidade necess\u00e1rio para a estabilidade do ambiente exigido para aplica\u00e7\u00f5es particularmente cr\u00edticas, como as culturas de FIV e de ibridomas.<\/p>\n<p>Grande capacidade interna de 188,6 litros, o que se traduz num espa\u00e7o \u00fatil efetivo de <strong>140 litros<\/strong>\u00a0(um valor que se traduz numa rela\u00e7\u00e3o capacidade\/espa\u00e7o efetivo que nenhum outro concorrente pode oferecer) gra\u00e7as ao design particular da estante e ao sistema de 4 prateleiras que garante uma \u00e1rea de ocupa\u00e7\u00e3o de 0,23 m2 em cada uma das prateleiras.<\/p>\n<p>A exatid\u00e3o e a precis\u00e3o da temperatura s\u00e3o asseguradas por 4 elementos de aquecimento direto validados e controlados de forma independente, posicionados nos 6 lados da c\u00e2mara, capazes de medir e controlar a temperatura com um desvio padr\u00e3o de 0,1 graus em rela\u00e7\u00e3o ao valor definido. A percentagem de CO2 \u00e9 mantida com precis\u00e3o por um sensor IR de \u00faltima gera\u00e7\u00e3o.<\/p>\n<p>A humidade \u00e9 mantida constante no 95% por meio de um tabuleiro de a\u00e7o inoxid\u00e1vel de 2,5 litros, aquecido pelo elemento colocado na parte inferior. Para al\u00e9m disso, a unidade est\u00e1 equipada com um ciclo de descontamina\u00e7\u00e3o program\u00e1vel \"a pedido\" que garante total seguran\u00e7a.<\/p>\n<p>Alarmes program\u00e1veis de par\u00e2metros \"fora de gama<br \/>\nReposi\u00e7\u00e3o autom\u00e1tica para a recupera\u00e7\u00e3o das condi\u00e7\u00f5es da c\u00e2mara<br \/>\nEcr\u00e3 alfanum\u00e9rico de 2\u00d724 caracteres que mostra o<br \/>\nmodos de configura\u00e7\u00e3o e informa\u00e7\u00f5es sobre o estado<br \/>\nTemperatura indicada em d\u00e9cimos de \u00b0C<br \/>\nTeclas de configura\u00e7\u00e3o de par\u00e2metros program\u00e1veis<br \/>\nTeclas para percorrer os menus<br \/>\nValores de CO2 de % em incrementos de 0,1%.<\/p>","protected":false},"excerpt":{"rendered":"<p>Incubadora de CO2<\/p>\n<table class=\"easy-table easy-table-default\">\n<tbody>\n<tr>\n<td><strong>Modelo<\/strong><\/td>\n<td><b>Incubadora de CO2<\/b><\/td>\n<\/tr>\n<tr>\n<td>Dimens\u00f5es internas (largura\/profundidade\/altura)<\/td>\n<td>530x690x500<\/td>\n<\/tr>\n<tr>\n<td>Medidas exteriores (largura\/profundidade\/altura)<\/td>\n<td>680x896x746<\/td>\n<\/tr>\n<tr>\n<td>Consumo total de eletricidade<\/td>\n<td>1,5 Kw<\/td>\n<\/tr>\n<tr>\n<td>Per\u00edodos de tens\u00e3o<\/td>\n<td>110-220 V \/ 50-60 Hz<\/td>\n<\/tr>\n<tr>\n<td>Peso<\/td>\n<td>102 Kg<\/td>\n<\/tr>\n<tr>\n<td>Volume da caixa<\/td>\n<td>0.89 m3<\/td>\n<\/tr>\n<tr>\n<td>Garantia<\/td>\n<td>2 anos<\/td>\n<\/tr>\n<\/tbody>\n<\/table>","protected":false},"featured_media":14363,"comment_status":"open","ping_status":"closed","template":"","meta":[],"product_brand":[],"product_cat":[117,23],"product_tag":[],"class_list":{"0":"post-14362","1":"product","2":"type-product","3":"status-publish","4":"has-post-thumbnail","6":"product_cat-camaras-incubadoras","7":"product_cat-laboratorio","9":"first","10":"instock","11":"taxable","12":"shipping-taxable","13":"purchasable","14":"product-type-simple"},"yoast_head":"<!-- This site is optimized with the Yoast SEO plugin v27.2 - https:\/\/yoast.com\/product\/yoast-seo-wordpress\/ -->\n<title>Incubador de CO2 - Labopolis<\/title>\n<meta name=\"description\" content=\"C\u00e1mara incubadora refrigerada transparente (metacrilato Pexigl\u00e1s\u00ae) de sobremesa con puerta frontal, controlada por microprocesador.\" \/>\n<meta name=\"robots\" content=\"index, follow, max-snippet:-1, max-image-preview:large, max-video-preview:-1\" \/>\n<link rel=\"canonical\" href=\"https:\/\/www.labopolis.com\/pt\/produto\/incubador-de-co2\/\" \/>\n<meta property=\"og:locale\" content=\"pt_PT\" \/>\n<meta property=\"og:type\" content=\"article\" \/>\n<meta property=\"og:title\" content=\"Incubador de CO2 - Labopolis\" \/>\n<meta property=\"og:description\" content=\"C\u00e1mara incubadora refrigerada transparente (metacrilato Pexigl\u00e1s\u00ae) de sobremesa con puerta frontal, controlada por microprocesador.\" \/>\n<meta property=\"og:url\" content=\"https:\/\/www.labopolis.com\/pt\/produto\/incubador-de-co2\/\" \/>\n<meta property=\"og:site_name\" content=\"Labopolis\" \/>\n<meta property=\"article:publisher\" content=\"https:\/\/www.facebook.com\/profile.php?id=100063251679439\" \/>\n<meta property=\"article:modified_time\" content=\"2026-02-05T10:49:13+00:00\" \/>\n<meta property=\"og:image\" content=\"https:\/\/www.labopolis.com\/wp-content\/uploads\/2025\/02\/INCUBADOR-CO2.png\" \/>\n\t<meta property=\"og:image:width\" content=\"701\" \/>\n\t<meta property=\"og:image:height\" content=\"927\" \/>\n\t<meta property=\"og:image:type\" content=\"image\/png\" \/>\n<meta name=\"twitter:card\" content=\"summary_large_image\" \/>\n<meta name=\"twitter:site\" content=\"@Labopolis\" \/>\n<meta name=\"twitter:label1\" content=\"Tempo estimado de leitura\" \/>\n\t<meta name=\"twitter:data1\" content=\"2 minutos\" \/>\n<script type=\"application\/ld+json\" class=\"yoast-schema-graph\">{\"@context\":\"https:\/\/schema.org\",\"@graph\":[{\"@type\":\"WebPage\",\"@id\":\"https:\/\/www.labopolis.com\/producto\/incubador-de-co2\/\",\"url\":\"https:\/\/www.labopolis.com\/producto\/incubador-de-co2\/\",\"name\":\"Incubador de CO2 - Labopolis\",\"isPartOf\":{\"@id\":\"https:\/\/www.labopolis.com\/#website\"},\"primaryImageOfPage\":{\"@id\":\"https:\/\/www.labopolis.com\/producto\/incubador-de-co2\/#primaryimage\"},\"image\":{\"@id\":\"https:\/\/www.labopolis.com\/producto\/incubador-de-co2\/#primaryimage\"},\"thumbnailUrl\":\"https:\/\/www.labopolis.com\/wp-content\/uploads\/2025\/02\/INCUBADOR-CO2.png\",\"datePublished\":\"2025-02-25T12:41:12+00:00\",\"dateModified\":\"2026-02-05T10:49:13+00:00\",\"description\":\"C\u00e1mara incubadora refrigerada transparente (metacrilato Pexigl\u00e1s\u00ae) de sobremesa con puerta frontal, controlada por microprocesador.\",\"breadcrumb\":{\"@id\":\"https:\/\/www.labopolis.com\/producto\/incubador-de-co2\/#breadcrumb\"},\"inLanguage\":\"pt-PT\",\"potentialAction\":[{\"@type\":\"ReadAction\",\"target\":[\"https:\/\/www.labopolis.com\/producto\/incubador-de-co2\/\"]}]},{\"@type\":\"ImageObject\",\"inLanguage\":\"pt-PT\",\"@id\":\"https:\/\/www.labopolis.com\/producto\/incubador-de-co2\/#primaryimage\",\"url\":\"https:\/\/www.labopolis.com\/wp-content\/uploads\/2025\/02\/INCUBADOR-CO2.png\",\"contentUrl\":\"https:\/\/www.labopolis.com\/wp-content\/uploads\/2025\/02\/INCUBADOR-CO2.png\",\"width\":701,\"height\":927},{\"@type\":\"BreadcrumbList\",\"@id\":\"https:\/\/www.labopolis.com\/producto\/incubador-de-co2\/#breadcrumb\",\"itemListElement\":[{\"@type\":\"ListItem\",\"position\":1,\"name\":\"Portada\",\"item\":\"https:\/\/www.labopolis.com\/\"},{\"@type\":\"ListItem\",\"position\":2,\"name\":\"Productos\",\"item\":\"https:\/\/www.labopolis.com\/shop\/\"},{\"@type\":\"ListItem\",\"position\":3,\"name\":\"Incubador de CO2\"}]},{\"@type\":\"WebSite\",\"@id\":\"https:\/\/www.labopolis.com\/#website\",\"url\":\"https:\/\/www.labopolis.com\/\",\"name\":\"Labopolis\",\"description\":\"\",\"potentialAction\":[{\"@type\":\"SearchAction\",\"target\":{\"@type\":\"EntryPoint\",\"urlTemplate\":\"https:\/\/www.labopolis.com\/?s={search_term_string}\"},\"query-input\":{\"@type\":\"PropertyValueSpecification\",\"valueRequired\":true,\"valueName\":\"search_term_string\"}}],\"inLanguage\":\"pt-PT\"}]}<\/script>\n<!-- \/ Yoast SEO plugin. -->","yoast_head_json":{"title":"Incubadora de CO2 - Labopolis","description":"C\u00e2mara de incuba\u00e7\u00e3o refrigerada transparente (metacrilato Pexiglas\u00ae) com porta frontal, controlada por microprocessador.","robots":{"index":"index","follow":"follow","max-snippet":"max-snippet:-1","max-image-preview":"max-image-preview:large","max-video-preview":"max-video-preview:-1"},"canonical":"https:\/\/www.labopolis.com\/pt\/produto\/incubador-de-co2\/","og_locale":"pt_PT","og_type":"article","og_title":"Incubador de CO2 - Labopolis","og_description":"C\u00e1mara incubadora refrigerada transparente (metacrilato Pexigl\u00e1s\u00ae) de sobremesa con puerta frontal, controlada por microprocesador.","og_url":"https:\/\/www.labopolis.com\/pt\/produto\/incubador-de-co2\/","og_site_name":"Labopolis","article_publisher":"https:\/\/www.facebook.com\/profile.php?id=100063251679439","article_modified_time":"2026-02-05T10:49:13+00:00","og_image":[{"width":701,"height":927,"url":"https:\/\/www.labopolis.com\/wp-content\/uploads\/2025\/02\/INCUBADOR-CO2.png","type":"image\/png"}],"twitter_card":"summary_large_image","twitter_site":"@Labopolis","twitter_misc":{"Tempo estimado de leitura":"2 minutos"},"schema":{"@context":"https:\/\/schema.org","@graph":[{"@type":"WebPage","@id":"https:\/\/www.labopolis.com\/producto\/incubador-de-co2\/","url":"https:\/\/www.labopolis.com\/producto\/incubador-de-co2\/","name":"Incubadora de CO2 - Labopolis","isPartOf":{"@id":"https:\/\/www.labopolis.com\/#website"},"primaryImageOfPage":{"@id":"https:\/\/www.labopolis.com\/producto\/incubador-de-co2\/#primaryimage"},"image":{"@id":"https:\/\/www.labopolis.com\/producto\/incubador-de-co2\/#primaryimage"},"thumbnailUrl":"https:\/\/www.labopolis.com\/wp-content\/uploads\/2025\/02\/INCUBADOR-CO2.png","datePublished":"2025-02-25T12:41:12+00:00","dateModified":"2026-02-05T10:49:13+00:00","description":"C\u00e2mara de incuba\u00e7\u00e3o refrigerada transparente (metacrilato Pexiglas\u00ae) com porta frontal, controlada por microprocessador.","breadcrumb":{"@id":"https:\/\/www.labopolis.com\/producto\/incubador-de-co2\/#breadcrumb"},"inLanguage":"pt-PT","potentialAction":[{"@type":"ReadAction","target":["https:\/\/www.labopolis.com\/producto\/incubador-de-co2\/"]}]},{"@type":"ImageObject","inLanguage":"pt-PT","@id":"https:\/\/www.labopolis.com\/producto\/incubador-de-co2\/#primaryimage","url":"https:\/\/www.labopolis.com\/wp-content\/uploads\/2025\/02\/INCUBADOR-CO2.png","contentUrl":"https:\/\/www.labopolis.com\/wp-content\/uploads\/2025\/02\/INCUBADOR-CO2.png","width":701,"height":927},{"@type":"BreadcrumbList","@id":"https:\/\/www.labopolis.com\/producto\/incubador-de-co2\/#breadcrumb","itemListElement":[{"@type":"ListItem","position":1,"name":"Portada","item":"https:\/\/www.labopolis.com\/"},{"@type":"ListItem","position":2,"name":"Productos","item":"https:\/\/www.labopolis.com\/shop\/"},{"@type":"ListItem","position":3,"name":"Incubador de CO2"}]},{"@type":"WebSite","@id":"https:\/\/www.labopolis.com\/#website","url":"https:\/\/www.labopolis.com\/","name":"Labopolis","description":"","potentialAction":[{"@type":"SearchAction","target":{"@type":"EntryPoint","urlTemplate":"https:\/\/www.labopolis.com\/?s={search_term_string}"},"query-input":{"@type":"PropertyValueSpecification","valueRequired":true,"valueName":"search_term_string"}}],"inLanguage":"pt-PT"}]}},"_links":{"self":[{"href":"https:\/\/www.labopolis.com\/pt\/wp-json\/wp\/v2\/product\/14362","targetHints":{"allow":["GET"]}}],"collection":[{"href":"https:\/\/www.labopolis.com\/pt\/wp-json\/wp\/v2\/product"}],"about":[{"href":"https:\/\/www.labopolis.com\/pt\/wp-json\/wp\/v2\/types\/product"}],"replies":[{"embeddable":true,"href":"https:\/\/www.labopolis.com\/pt\/wp-json\/wp\/v2\/comments?post=14362"}],"wp:featuredmedia":[{"embeddable":true,"href":"https:\/\/www.labopolis.com\/pt\/wp-json\/wp\/v2\/media\/14363"}],"wp:attachment":[{"href":"https:\/\/www.labopolis.com\/pt\/wp-json\/wp\/v2\/media?parent=14362"}],"wp:term":[{"taxonomy":"product_brand","embeddable":true,"href":"https:\/\/www.labopolis.com\/pt\/wp-json\/wp\/v2\/product_brand?post=14362"},{"taxonomy":"product_cat","embeddable":true,"href":"https:\/\/www.labopolis.com\/pt\/wp-json\/wp\/v2\/product_cat?post=14362"},{"taxonomy":"product_tag","embeddable":true,"href":"https:\/\/www.labopolis.com\/pt\/wp-json\/wp\/v2\/product_tag?post=14362"}],"curies":[{"name":"wp","href":"https:\/\/api.w.org\/{rel}","templated":true}]}}