{"id":1397,"date":"2023-07-10T11:33:40","date_gmt":"2023-07-10T11:33:40","guid":{"rendered":"https:\/\/www.labopolis.com\/?post_type=product&#038;p=1397"},"modified":"2025-12-28T16:22:57","modified_gmt":"2025-12-28T16:22:57","slug":"mechero-bunsen-flame-100","status":"publish","type":"product","link":"https:\/\/www.labopolis.com\/pt\/produto\/mechero-bunsen-flame-100\/","title":{"rendered":"Bico de Bunsen Chama 100"},"content":{"rendered":"<p>O Flame 100 estabelece um novo padr\u00e3o para os bicos de Bunsen<br \/>\nA alternativa segura aos bicos de Bunsen ou aos bicos de \u00e1lcool.<br \/>\nCarater\u00edsticas e acess\u00f3rios inclu\u00eddos:<br \/>\nChama, acende com o premir do bot\u00e3o, n\u00e3o s\u00e3o necess\u00e1rios f\u00f3sforos<br \/>\nTecnologia de seguran\u00e7a inovadora<br \/>\nDispositivo de fixa\u00e7\u00e3o para 2 la\u00e7os de sementes em espiral.<br \/>\nF\u00e1cil de utilizar<br \/>\nPoupan\u00e7a de custos e amigo do ambiente<br \/>\nO Flame 100 \u00e9 ideal para todas as aplica\u00e7\u00f5es laboratoriais. A sua chama de precis\u00e3o de 15 mm permite o aquecimento de instrumentos dent\u00e1rios e a esteriliza\u00e7\u00e3o segura de instrumentos microbiol\u00f3gicos, o tamanho e a intensidade da chama podem ser ajustados infinitamente.<\/p>\n<p>Modelo: 2.100.000<\/p>","protected":false},"excerpt":{"rendered":"<p>Ref.: 2.100.000 Bico de Bunsen Chama 100<\/p>","protected":false},"featured_media":1407,"comment_status":"open","ping_status":"closed","template":"","meta":[],"product_brand":[],"product_cat":[23,127],"product_tag":[],"class_list":{"0":"post-1397","1":"product","2":"type-product","3":"status-publish","4":"has-post-thumbnail","6":"product_cat-laboratorio","7":"product_cat-mecheros-de-laboratorio","9":"first","10":"instock","11":"taxable","12":"shipping-taxable","13":"purchasable","14":"product-type-simple"},"yoast_head":"<!-- This site is optimized with the Yoast SEO plugin v27.2 - https:\/\/yoast.com\/product\/yoast-seo-wordpress\/ -->\n<title>Mechero Bunsen Flame 100 - Labopolis<\/title>\n<meta name=\"description\" content=\"Ref.: 2.100.000\u00a0Mechero Bunsen Flame 100\" \/>\n<meta name=\"robots\" content=\"index, follow, max-snippet:-1, max-image-preview:large, max-video-preview:-1\" \/>\n<link rel=\"canonical\" href=\"https:\/\/www.labopolis.com\/pt\/produto\/mechero-bunsen-flame-100\/\" \/>\n<meta property=\"og:locale\" content=\"pt_PT\" \/>\n<meta property=\"og:type\" content=\"article\" \/>\n<meta property=\"og:title\" content=\"Mechero Bunsen Flame 100 - Labopolis\" \/>\n<meta property=\"og:description\" content=\"Ref.: 2.100.000\u00a0Mechero Bunsen Flame 100\" \/>\n<meta property=\"og:url\" content=\"https:\/\/www.labopolis.com\/pt\/produto\/mechero-bunsen-flame-100\/\" \/>\n<meta property=\"og:site_name\" content=\"Labopolis\" \/>\n<meta property=\"article:publisher\" content=\"https:\/\/www.facebook.com\/profile.php?id=100063251679439\" \/>\n<meta property=\"article:modified_time\" content=\"2025-12-28T16:22:57+00:00\" \/>\n<meta property=\"og:image\" content=\"https:\/\/www.labopolis.com\/wp-content\/uploads\/2023\/07\/Flame_100_main_4637.png\" \/>\n\t<meta property=\"og:image:width\" content=\"264\" \/>\n\t<meta property=\"og:image:height\" content=\"400\" \/>\n\t<meta property=\"og:image:type\" content=\"image\/png\" \/>\n<meta name=\"twitter:card\" content=\"summary_large_image\" \/>\n<meta name=\"twitter:site\" content=\"@Labopolis\" \/>\n<meta name=\"twitter:label1\" content=\"Tempo estimado de leitura\" \/>\n\t<meta name=\"twitter:data1\" content=\"1 minuto\" \/>\n<script type=\"application\/ld+json\" class=\"yoast-schema-graph\">{\"@context\":\"https:\/\/schema.org\",\"@graph\":[{\"@type\":\"WebPage\",\"@id\":\"https:\/\/www.labopolis.com\/producto\/mechero-bunsen-flame-100\/\",\"url\":\"https:\/\/www.labopolis.com\/producto\/mechero-bunsen-flame-100\/\",\"name\":\"Mechero Bunsen Flame 100 - Labopolis\",\"isPartOf\":{\"@id\":\"https:\/\/www.labopolis.com\/#website\"},\"primaryImageOfPage\":{\"@id\":\"https:\/\/www.labopolis.com\/producto\/mechero-bunsen-flame-100\/#primaryimage\"},\"image\":{\"@id\":\"https:\/\/www.labopolis.com\/producto\/mechero-bunsen-flame-100\/#primaryimage\"},\"thumbnailUrl\":\"https:\/\/www.labopolis.com\/wp-content\/uploads\/2023\/07\/Flame_100_main_4637.png\",\"datePublished\":\"2023-07-10T11:33:40+00:00\",\"dateModified\":\"2025-12-28T16:22:57+00:00\",\"description\":\"Ref.: 2.100.000\u00a0Mechero Bunsen Flame 100\",\"breadcrumb\":{\"@id\":\"https:\/\/www.labopolis.com\/producto\/mechero-bunsen-flame-100\/#breadcrumb\"},\"inLanguage\":\"pt-PT\",\"potentialAction\":[{\"@type\":\"ReadAction\",\"target\":[\"https:\/\/www.labopolis.com\/producto\/mechero-bunsen-flame-100\/\"]}]},{\"@type\":\"ImageObject\",\"inLanguage\":\"pt-PT\",\"@id\":\"https:\/\/www.labopolis.com\/producto\/mechero-bunsen-flame-100\/#primaryimage\",\"url\":\"https:\/\/www.labopolis.com\/wp-content\/uploads\/2023\/07\/Flame_100_main_4637.png\",\"contentUrl\":\"https:\/\/www.labopolis.com\/wp-content\/uploads\/2023\/07\/Flame_100_main_4637.png\",\"width\":264,\"height\":400,\"caption\":\"Producto\"},{\"@type\":\"BreadcrumbList\",\"@id\":\"https:\/\/www.labopolis.com\/producto\/mechero-bunsen-flame-100\/#breadcrumb\",\"itemListElement\":[{\"@type\":\"ListItem\",\"position\":1,\"name\":\"Portada\",\"item\":\"https:\/\/www.labopolis.com\/\"},{\"@type\":\"ListItem\",\"position\":2,\"name\":\"Productos\",\"item\":\"https:\/\/www.labopolis.com\/shop\/\"},{\"@type\":\"ListItem\",\"position\":3,\"name\":\"Mechero Bunsen Flame 100\"}]},{\"@type\":\"WebSite\",\"@id\":\"https:\/\/www.labopolis.com\/#website\",\"url\":\"https:\/\/www.labopolis.com\/\",\"name\":\"Labopolis\",\"description\":\"\",\"potentialAction\":[{\"@type\":\"SearchAction\",\"target\":{\"@type\":\"EntryPoint\",\"urlTemplate\":\"https:\/\/www.labopolis.com\/?s={search_term_string}\"},\"query-input\":{\"@type\":\"PropertyValueSpecification\",\"valueRequired\":true,\"valueName\":\"search_term_string\"}}],\"inLanguage\":\"pt-PT\"}]}<\/script>\n<!-- \/ Yoast SEO plugin. -->","yoast_head_json":{"title":"Mechero Bunsen Flame 100 - Labopolis","description":"Ref.: 2.100.000 Bico de Bunsen Chama 100","robots":{"index":"index","follow":"follow","max-snippet":"max-snippet:-1","max-image-preview":"max-image-preview:large","max-video-preview":"max-video-preview:-1"},"canonical":"https:\/\/www.labopolis.com\/pt\/produto\/mechero-bunsen-flame-100\/","og_locale":"pt_PT","og_type":"article","og_title":"Mechero Bunsen Flame 100 - Labopolis","og_description":"Ref.: 2.100.000\u00a0Mechero Bunsen Flame 100","og_url":"https:\/\/www.labopolis.com\/pt\/produto\/mechero-bunsen-flame-100\/","og_site_name":"Labopolis","article_publisher":"https:\/\/www.facebook.com\/profile.php?id=100063251679439","article_modified_time":"2025-12-28T16:22:57+00:00","og_image":[{"width":264,"height":400,"url":"https:\/\/www.labopolis.com\/wp-content\/uploads\/2023\/07\/Flame_100_main_4637.png","type":"image\/png"}],"twitter_card":"summary_large_image","twitter_site":"@Labopolis","twitter_misc":{"Tempo estimado de leitura":"1 minuto"},"schema":{"@context":"https:\/\/schema.org","@graph":[{"@type":"WebPage","@id":"https:\/\/www.labopolis.com\/producto\/mechero-bunsen-flame-100\/","url":"https:\/\/www.labopolis.com\/producto\/mechero-bunsen-flame-100\/","name":"Mechero Bunsen Flame 100 - Labopolis","isPartOf":{"@id":"https:\/\/www.labopolis.com\/#website"},"primaryImageOfPage":{"@id":"https:\/\/www.labopolis.com\/producto\/mechero-bunsen-flame-100\/#primaryimage"},"image":{"@id":"https:\/\/www.labopolis.com\/producto\/mechero-bunsen-flame-100\/#primaryimage"},"thumbnailUrl":"https:\/\/www.labopolis.com\/wp-content\/uploads\/2023\/07\/Flame_100_main_4637.png","datePublished":"2023-07-10T11:33:40+00:00","dateModified":"2025-12-28T16:22:57+00:00","description":"Ref.: 2.100.000 Bico de Bunsen Chama 100","breadcrumb":{"@id":"https:\/\/www.labopolis.com\/producto\/mechero-bunsen-flame-100\/#breadcrumb"},"inLanguage":"pt-PT","potentialAction":[{"@type":"ReadAction","target":["https:\/\/www.labopolis.com\/producto\/mechero-bunsen-flame-100\/"]}]},{"@type":"ImageObject","inLanguage":"pt-PT","@id":"https:\/\/www.labopolis.com\/producto\/mechero-bunsen-flame-100\/#primaryimage","url":"https:\/\/www.labopolis.com\/wp-content\/uploads\/2023\/07\/Flame_100_main_4637.png","contentUrl":"https:\/\/www.labopolis.com\/wp-content\/uploads\/2023\/07\/Flame_100_main_4637.png","width":264,"height":400,"caption":"Producto"},{"@type":"BreadcrumbList","@id":"https:\/\/www.labopolis.com\/producto\/mechero-bunsen-flame-100\/#breadcrumb","itemListElement":[{"@type":"ListItem","position":1,"name":"Portada","item":"https:\/\/www.labopolis.com\/"},{"@type":"ListItem","position":2,"name":"Productos","item":"https:\/\/www.labopolis.com\/shop\/"},{"@type":"ListItem","position":3,"name":"Mechero Bunsen Flame 100"}]},{"@type":"WebSite","@id":"https:\/\/www.labopolis.com\/#website","url":"https:\/\/www.labopolis.com\/","name":"Labopolis","description":"","potentialAction":[{"@type":"SearchAction","target":{"@type":"EntryPoint","urlTemplate":"https:\/\/www.labopolis.com\/?s={search_term_string}"},"query-input":{"@type":"PropertyValueSpecification","valueRequired":true,"valueName":"search_term_string"}}],"inLanguage":"pt-PT"}]}},"_links":{"self":[{"href":"https:\/\/www.labopolis.com\/pt\/wp-json\/wp\/v2\/product\/1397","targetHints":{"allow":["GET"]}}],"collection":[{"href":"https:\/\/www.labopolis.com\/pt\/wp-json\/wp\/v2\/product"}],"about":[{"href":"https:\/\/www.labopolis.com\/pt\/wp-json\/wp\/v2\/types\/product"}],"replies":[{"embeddable":true,"href":"https:\/\/www.labopolis.com\/pt\/wp-json\/wp\/v2\/comments?post=1397"}],"wp:featuredmedia":[{"embeddable":true,"href":"https:\/\/www.labopolis.com\/pt\/wp-json\/wp\/v2\/media\/1407"}],"wp:attachment":[{"href":"https:\/\/www.labopolis.com\/pt\/wp-json\/wp\/v2\/media?parent=1397"}],"wp:term":[{"taxonomy":"product_brand","embeddable":true,"href":"https:\/\/www.labopolis.com\/pt\/wp-json\/wp\/v2\/product_brand?post=1397"},{"taxonomy":"product_cat","embeddable":true,"href":"https:\/\/www.labopolis.com\/pt\/wp-json\/wp\/v2\/product_cat?post=1397"},{"taxonomy":"product_tag","embeddable":true,"href":"https:\/\/www.labopolis.com\/pt\/wp-json\/wp\/v2\/product_tag?post=1397"}],"curies":[{"name":"wp","href":"https:\/\/api.w.org\/{rel}","templated":true}]}}