{"id":1382,"date":"2023-07-10T11:33:39","date_gmt":"2023-07-10T11:33:39","guid":{"rendered":"https:\/\/www.labopolis.com\/?post_type=product&#038;p=1382"},"modified":"2025-01-27T12:01:19","modified_gmt":"2025-01-27T12:01:19","slug":"estufas-desecacion-por-aire-forzado-a-300oc","status":"publish","type":"product","link":"https:\/\/www.labopolis.com\/pt\/produto\/estufas-desecacion-por-aire-forzado-a-300oc\/","title":{"rendered":"Fornos de secagem por ar for\u00e7ado a 300\u00b0C"},"content":{"rendered":"<p>Fornos de secagem com circula\u00e7\u00e3o for\u00e7ada de ar 300\u00ba C, incluindo:<br \/>\n- Circula\u00e7\u00e3o de ar for\u00e7ada horizontal <strong>(com regulador de velocidade do ventilador MODELOS LSN11)<\/strong><br \/>\n- V\u00e1lvula de controlo do escape de ar (controlada a partir do painel frontal)<br \/>\n- C\u00e2mara em a\u00e7o inoxid\u00e1vel<br \/>\n- Fecho herm\u00e9tico da porta<br \/>\n- Controlador de temperatura controlado por microprocessador<br \/>\n- Sinal ac\u00fastico de fim de programa<br \/>\n- Prote\u00e7\u00e3o contra sobreaquecimento - OTP n\u00e3o ajust\u00e1vel (opcionalmente, pode ser inclu\u00edda uma OTP ajust\u00e1vel)<br \/>\n- Controlador de velocidade da ventoinha<br \/>\n- Inclui 3 prateleiras standard, exceto o modelo 20\/300 que inclui 2 prateleiras.<br \/>\n- Isolamento t\u00e9rmico de alta qualidade e amigo do ambiente<br \/>\n- Baixo consumo de eletricidade<br \/>\n- Curto per\u00edodo de aquecimento\/arrefecimento<br \/>\n- Elevado grau de precis\u00e3o<br \/>\n- Exterior revestido a p\u00f3 (RAL 1015 e RAL 1017)<\/p>\n<p>Os modelos est\u00e3o equipados de s\u00e9rie com um controlador de temperatura OMROM E5CC n\u00e3o program\u00e1vel com 1 programa e 2 passos, mas podem ser encomendados opcionalmente com controladores de temperatura program\u00e1veis, como o OMROM E5CC-T, com 8 programas e 32 passos. A estes modelos podem ser adicionadas outras op\u00e7\u00f5es, tais como liga\u00e7\u00e3o e software para PC RS232\/RS-485\/USB, prote\u00e7\u00e3o ajust\u00e1vel contra sobreaquecimento Eurotherm 3216i, temporizador digital, etc.<\/p>","protected":false},"excerpt":{"rendered":"<p><strong>Modelos at\u00e9 300\u00baC com ar for\u00e7ado e controlador de velocidade da ventoinha<\/strong>:<\/p>\n<p>20\/300 LSN11 - Capacidade 20 litros - Circula\u00e7\u00e3o de ar for\u00e7ado - C\u00e2mara Inox<br \/>\n60\/300 LSN11 - Capacidade 60 litros - Circula\u00e7\u00e3o de ar for\u00e7ado - C\u00e2mara em a\u00e7o inoxid\u00e1vel<br \/>\n120\/300 LSN11 - Capacidade 120 litros - Circula\u00e7\u00e3o de ar for\u00e7ado - C\u00e2mara em a\u00e7o inoxid\u00e1vel<br \/>\n220\/300 LSN11 - Capacidade 220 Litros - Circula\u00e7\u00e3o de Ar For\u00e7ado - C\u00e2mara Inox<br \/>\n420\/300 LSN11 - Capacidade 420 litros - Circula\u00e7\u00e3o de ar for\u00e7ado - C\u00e2mara em a\u00e7o inoxid\u00e1vel<\/p>\n<p><strong>Modelos at\u00e9 300\u00baC com ar for\u00e7ado sem controlador de velocidade da ventoinha:<br \/>\n<\/strong><\/p>\n<p>20\/300 LSN41 - Capacidade 20 litros - Circula\u00e7\u00e3o de ar for\u00e7ado - C\u00e2mara em a\u00e7o inoxid\u00e1vel<br \/>\n60\/300 LSN41 - Capacidade 60 litros - Circula\u00e7\u00e3o de ar for\u00e7ado - C\u00e2mara Inox<br \/>\n120\/300 LSN41 - Capacidade 120 litros - Circula\u00e7\u00e3o de ar for\u00e7ado - C\u00e2mara Inox<br \/>\n220\/300 LSN41 - Capacidade 220 litros - Circula\u00e7\u00e3o de ar for\u00e7ado - C\u00e2mara em a\u00e7o inoxid\u00e1vel<br \/>\n420\/300 LSN41 - Capacidade 420 litros - Circula\u00e7\u00e3o de ar for\u00e7ado - C\u00e2mara Inox<\/p>\n<p><a class=\"ficha-tecnica-es\" href=\"https:\/\/www.labopolis.com\/wp-content\/uploads\/2016\/01\/Linea-Estufas-300_ES-3.pdf\" target=\"_blank\" rel=\"attachment wp-att-4031 noopener noreferrer\"><strong><i class=\"fas fa-file-alt\"><\/i>\u00a0<em>Ficha t\u00e9cnica Fornos de secagem 300\u00ba C<\/em><\/strong><\/a><\/p>\n<p><a class=\"ficha-tecnica-en\" href=\"https:\/\/www.labopolis.com\/wp-content\/uploads\/2024\/10\/Line-of-ovens-300_EN.pdf\" target=\"_blank\" rel=\"noopener\"><strong><i class=\"fas fa-file-alt\"><\/i> Ficha t\u00e9cnica Fornos<em>\u00a0300\u00ba C<\/em><\/strong><\/a><\/p>","protected":false},"featured_media":1401,"comment_status":"open","ping_status":"closed","template":"","meta":[],"product_brand":[],"product_cat":[122,23],"product_tag":[123,124,125,126],"class_list":{"0":"post-1382","1":"product","2":"type-product","3":"status-publish","4":"has-post-thumbnail","6":"product_cat-estufas","7":"product_cat-laboratorio","8":"product_tag-estufa-desecacion-aire-forzado","9":"product_tag-estufa-desecacion-conveccion-natural","10":"product_tag-estufa-desecacion-laboratorio","11":"product_tag-estufas-desecacion","13":"first","14":"instock","15":"taxable","16":"shipping-taxable","17":"purchasable","18":"product-type-variable"},"yoast_head":"<!-- This site is optimized with the Yoast SEO plugin v27.2 - https:\/\/yoast.com\/product\/yoast-seo-wordpress\/ -->\n<title>Estufas Desecaci\u00f3n por Aire Forzado a 300\u00baC - Labopolis<\/title>\n<meta name=\"description\" content=\"Estufas de desecaci\u00f3n por aire forzado con y sin controlador de velocidad del ventilador, para trabajar en temperaturas de hasta 300\u00baC\" \/>\n<meta name=\"robots\" content=\"index, follow, max-snippet:-1, max-image-preview:large, max-video-preview:-1\" \/>\n<link rel=\"canonical\" href=\"https:\/\/www.labopolis.com\/pt\/produto\/estufas-desecacion-por-aire-forzado-a-300oc\/\" \/>\n<meta property=\"og:locale\" content=\"pt_PT\" \/>\n<meta property=\"og:type\" content=\"article\" \/>\n<meta property=\"og:title\" content=\"Estufas Desecaci\u00f3n por Aire Forzado a 300\u00baC - Labopolis\" \/>\n<meta property=\"og:description\" content=\"Estufas de desecaci\u00f3n por aire forzado con y sin controlador de velocidad del ventilador, para trabajar en temperaturas de hasta 300\u00baC\" \/>\n<meta property=\"og:url\" content=\"https:\/\/www.labopolis.com\/pt\/produto\/estufas-desecacion-por-aire-forzado-a-300oc\/\" \/>\n<meta property=\"og:site_name\" content=\"Labopolis\" \/>\n<meta property=\"article:publisher\" content=\"https:\/\/www.facebook.com\/profile.php?id=100063251679439\" \/>\n<meta property=\"article:modified_time\" content=\"2025-01-27T12:01:19+00:00\" \/>\n<meta property=\"og:image\" content=\"https:\/\/www.labopolis.com\/wp-content\/uploads\/2023\/07\/20-300LSN11.jpg\" \/>\n\t<meta property=\"og:image:width\" content=\"224\" \/>\n\t<meta property=\"og:image:height\" content=\"238\" \/>\n\t<meta property=\"og:image:type\" content=\"image\/jpeg\" \/>\n<meta name=\"twitter:card\" content=\"summary_large_image\" \/>\n<meta name=\"twitter:site\" content=\"@Labopolis\" \/>\n<meta name=\"twitter:label1\" content=\"Tempo estimado de leitura\" \/>\n\t<meta name=\"twitter:data1\" content=\"1 minuto\" \/>\n<script type=\"application\/ld+json\" class=\"yoast-schema-graph\">{\"@context\":\"https:\/\/schema.org\",\"@graph\":[{\"@type\":\"WebPage\",\"@id\":\"https:\/\/www.labopolis.com\/producto\/estufas-desecacion-por-aire-forzado-a-300oc\/\",\"url\":\"https:\/\/www.labopolis.com\/producto\/estufas-desecacion-por-aire-forzado-a-300oc\/\",\"name\":\"Estufas Desecaci\u00f3n por Aire Forzado a 300\u00baC - Labopolis\",\"isPartOf\":{\"@id\":\"https:\/\/www.labopolis.com\/#website\"},\"primaryImageOfPage\":{\"@id\":\"https:\/\/www.labopolis.com\/producto\/estufas-desecacion-por-aire-forzado-a-300oc\/#primaryimage\"},\"image\":{\"@id\":\"https:\/\/www.labopolis.com\/producto\/estufas-desecacion-por-aire-forzado-a-300oc\/#primaryimage\"},\"thumbnailUrl\":\"https:\/\/www.labopolis.com\/wp-content\/uploads\/2023\/07\/20-300LSN11.jpg\",\"datePublished\":\"2023-07-10T11:33:39+00:00\",\"dateModified\":\"2025-01-27T12:01:19+00:00\",\"description\":\"Estufas de desecaci\u00f3n por aire forzado con y sin controlador de velocidad del ventilador, para trabajar en temperaturas de hasta 300\u00baC\",\"breadcrumb\":{\"@id\":\"https:\/\/www.labopolis.com\/producto\/estufas-desecacion-por-aire-forzado-a-300oc\/#breadcrumb\"},\"inLanguage\":\"pt-PT\",\"potentialAction\":[{\"@type\":\"ReadAction\",\"target\":[\"https:\/\/www.labopolis.com\/producto\/estufas-desecacion-por-aire-forzado-a-300oc\/\"]}]},{\"@type\":\"ImageObject\",\"inLanguage\":\"pt-PT\",\"@id\":\"https:\/\/www.labopolis.com\/producto\/estufas-desecacion-por-aire-forzado-a-300oc\/#primaryimage\",\"url\":\"https:\/\/www.labopolis.com\/wp-content\/uploads\/2023\/07\/20-300LSN11.jpg\",\"contentUrl\":\"https:\/\/www.labopolis.com\/wp-content\/uploads\/2023\/07\/20-300LSN11.jpg\",\"width\":224,\"height\":238,\"caption\":\"Producto\"},{\"@type\":\"BreadcrumbList\",\"@id\":\"https:\/\/www.labopolis.com\/producto\/estufas-desecacion-por-aire-forzado-a-300oc\/#breadcrumb\",\"itemListElement\":[{\"@type\":\"ListItem\",\"position\":1,\"name\":\"Portada\",\"item\":\"https:\/\/www.labopolis.com\/\"},{\"@type\":\"ListItem\",\"position\":2,\"name\":\"Productos\",\"item\":\"https:\/\/www.labopolis.com\/shop\/\"},{\"@type\":\"ListItem\",\"position\":3,\"name\":\"Estufas Desecaci\u00f3n por Aire Forzado a 300\u00baC\"}]},{\"@type\":\"WebSite\",\"@id\":\"https:\/\/www.labopolis.com\/#website\",\"url\":\"https:\/\/www.labopolis.com\/\",\"name\":\"Labopolis\",\"description\":\"\",\"potentialAction\":[{\"@type\":\"SearchAction\",\"target\":{\"@type\":\"EntryPoint\",\"urlTemplate\":\"https:\/\/www.labopolis.com\/?s={search_term_string}\"},\"query-input\":{\"@type\":\"PropertyValueSpecification\",\"valueRequired\":true,\"valueName\":\"search_term_string\"}}],\"inLanguage\":\"pt-PT\"}]}<\/script>\n<!-- \/ Yoast SEO plugin. -->","yoast_head_json":{"title":"Estufas Desecaci\u00f3n por Aire Forzado a 300\u00baC - Labopolis","description":"Estufas de desecaci\u00f3n por aire forzado con y sin controlador de velocidad del ventilador, para trabajar en temperaturas de hasta 300\u00baC","robots":{"index":"index","follow":"follow","max-snippet":"max-snippet:-1","max-image-preview":"max-image-preview:large","max-video-preview":"max-video-preview:-1"},"canonical":"https:\/\/www.labopolis.com\/pt\/produto\/estufas-desecacion-por-aire-forzado-a-300oc\/","og_locale":"pt_PT","og_type":"article","og_title":"Estufas Desecaci\u00f3n por Aire Forzado a 300\u00baC - Labopolis","og_description":"Estufas de desecaci\u00f3n por aire forzado con y sin controlador de velocidad del ventilador, para trabajar en temperaturas de hasta 300\u00baC","og_url":"https:\/\/www.labopolis.com\/pt\/produto\/estufas-desecacion-por-aire-forzado-a-300oc\/","og_site_name":"Labopolis","article_publisher":"https:\/\/www.facebook.com\/profile.php?id=100063251679439","article_modified_time":"2025-01-27T12:01:19+00:00","og_image":[{"width":224,"height":238,"url":"https:\/\/www.labopolis.com\/wp-content\/uploads\/2023\/07\/20-300LSN11.jpg","type":"image\/jpeg"}],"twitter_card":"summary_large_image","twitter_site":"@Labopolis","twitter_misc":{"Tempo estimado de leitura":"1 minuto"},"schema":{"@context":"https:\/\/schema.org","@graph":[{"@type":"WebPage","@id":"https:\/\/www.labopolis.com\/producto\/estufas-desecacion-por-aire-forzado-a-300oc\/","url":"https:\/\/www.labopolis.com\/producto\/estufas-desecacion-por-aire-forzado-a-300oc\/","name":"Estufas Desecaci\u00f3n por Aire Forzado a 300\u00baC - Labopolis","isPartOf":{"@id":"https:\/\/www.labopolis.com\/#website"},"primaryImageOfPage":{"@id":"https:\/\/www.labopolis.com\/producto\/estufas-desecacion-por-aire-forzado-a-300oc\/#primaryimage"},"image":{"@id":"https:\/\/www.labopolis.com\/producto\/estufas-desecacion-por-aire-forzado-a-300oc\/#primaryimage"},"thumbnailUrl":"https:\/\/www.labopolis.com\/wp-content\/uploads\/2023\/07\/20-300LSN11.jpg","datePublished":"2023-07-10T11:33:39+00:00","dateModified":"2025-01-27T12:01:19+00:00","description":"Estufas de desecaci\u00f3n por aire forzado con y sin controlador de velocidad del ventilador, para trabajar en temperaturas de hasta 300\u00baC","breadcrumb":{"@id":"https:\/\/www.labopolis.com\/producto\/estufas-desecacion-por-aire-forzado-a-300oc\/#breadcrumb"},"inLanguage":"pt-PT","potentialAction":[{"@type":"ReadAction","target":["https:\/\/www.labopolis.com\/producto\/estufas-desecacion-por-aire-forzado-a-300oc\/"]}]},{"@type":"ImageObject","inLanguage":"pt-PT","@id":"https:\/\/www.labopolis.com\/producto\/estufas-desecacion-por-aire-forzado-a-300oc\/#primaryimage","url":"https:\/\/www.labopolis.com\/wp-content\/uploads\/2023\/07\/20-300LSN11.jpg","contentUrl":"https:\/\/www.labopolis.com\/wp-content\/uploads\/2023\/07\/20-300LSN11.jpg","width":224,"height":238,"caption":"Producto"},{"@type":"BreadcrumbList","@id":"https:\/\/www.labopolis.com\/producto\/estufas-desecacion-por-aire-forzado-a-300oc\/#breadcrumb","itemListElement":[{"@type":"ListItem","position":1,"name":"Portada","item":"https:\/\/www.labopolis.com\/"},{"@type":"ListItem","position":2,"name":"Productos","item":"https:\/\/www.labopolis.com\/shop\/"},{"@type":"ListItem","position":3,"name":"Estufas Desecaci\u00f3n por Aire Forzado a 300\u00baC"}]},{"@type":"WebSite","@id":"https:\/\/www.labopolis.com\/#website","url":"https:\/\/www.labopolis.com\/","name":"Labopolis","description":"","potentialAction":[{"@type":"SearchAction","target":{"@type":"EntryPoint","urlTemplate":"https:\/\/www.labopolis.com\/?s={search_term_string}"},"query-input":{"@type":"PropertyValueSpecification","valueRequired":true,"valueName":"search_term_string"}}],"inLanguage":"pt-PT"}]}},"_links":{"self":[{"href":"https:\/\/www.labopolis.com\/pt\/wp-json\/wp\/v2\/product\/1382","targetHints":{"allow":["GET"]}}],"collection":[{"href":"https:\/\/www.labopolis.com\/pt\/wp-json\/wp\/v2\/product"}],"about":[{"href":"https:\/\/www.labopolis.com\/pt\/wp-json\/wp\/v2\/types\/product"}],"replies":[{"embeddable":true,"href":"https:\/\/www.labopolis.com\/pt\/wp-json\/wp\/v2\/comments?post=1382"}],"wp:featuredmedia":[{"embeddable":true,"href":"https:\/\/www.labopolis.com\/pt\/wp-json\/wp\/v2\/media\/1401"}],"wp:attachment":[{"href":"https:\/\/www.labopolis.com\/pt\/wp-json\/wp\/v2\/media?parent=1382"}],"wp:term":[{"taxonomy":"product_brand","embeddable":true,"href":"https:\/\/www.labopolis.com\/pt\/wp-json\/wp\/v2\/product_brand?post=1382"},{"taxonomy":"product_cat","embeddable":true,"href":"https:\/\/www.labopolis.com\/pt\/wp-json\/wp\/v2\/product_cat?post=1382"},{"taxonomy":"product_tag","embeddable":true,"href":"https:\/\/www.labopolis.com\/pt\/wp-json\/wp\/v2\/product_tag?post=1382"}],"curies":[{"name":"wp","href":"https:\/\/api.w.org\/{rel}","templated":true}]}}