{"id":1338,"date":"2023-07-10T11:33:29","date_gmt":"2023-07-10T11:33:29","guid":{"rendered":"https:\/\/www.labopolis.com\/?post_type=product&#038;p=1338"},"modified":"2025-09-18T10:43:57","modified_gmt":"2025-09-18T10:43:57","slug":"centrifuga-plasma-22","status":"publish","type":"product","link":"https:\/\/www.labopolis.com\/pt\/produto\/centrifuga-plasma-22\/","title":{"rendered":"Centrifugadora de plasma 22"},"content":{"rendered":"<p>A centr\u00edfuga Plasma 22 pode ser configurada com os dois programas de obten\u00e7\u00e3o de plasma rico em plaquetas, de acordo com as diferentes capacidades dos tubos de extra\u00e7\u00e3o, com posi\u00e7\u00f5es livres na mem\u00f3ria que permitem modificar estes valores. Esta vantagem permite ao utilizador otimizar o resultado, em fun\u00e7\u00e3o da variabilidade da amostra do paciente. Outra das vantagens deste equipamento \u00e9 a facilidade de equilibrar os tubos. A centr\u00edfuga tem um \u00fanico rotor e um \u00fanico conjunto de adaptadores, o que significa que todas as 8 posi\u00e7\u00f5es podem ser utilizadas numa \u00fanica centrifuga\u00e7\u00e3o, independentemente do volume a ser trabalhado.<br \/>\n-M\u00e1ximo 3.000RPM para 8 tubos de 15 ml.<br \/>\n-Facilita o processo ao armazenar os valores de rota\u00e7\u00e3o na mem\u00f3ria.<br \/>\n-Produ\u00e7\u00e3o: 8 amostras em apenas 8 minutos - Rotores e redutores autoclav\u00e1veis.<br \/>\n-Tamanho pequeno.<br \/>\n-A centrifuga\u00e7\u00e3o oscilante facilita a extra\u00e7\u00e3o da camada com a maior concentra\u00e7\u00e3o de plaquetas.<br \/>\n-Fabricado de acordo com os regulamentos relativos a dispositivos m\u00e9dicos.<br \/>\nTens\u00e3o: 220-240 V 50-60 Hz*.<\/p>\n<p>*Outras tens\u00f5es a pedido<\/p>","protected":false},"excerpt":{"rendered":"<p>Centrifugadora Plasma 22. Acess\u00f3rios n\u00e3o inclu\u00eddos.<br \/>\nCapacidade m\u00e1xima: 8 x 9\/15 ml.<br \/>\nVelocidade m\u00e1xima: 1.288 xg \/ 3.000 RPM<\/p>\n<p>CE 156 PLASMA 22, 220-240 V 50-60 Hz<\/p>\n<p>ACESS\u00d3RIOS:<br \/>\nRT 237 Rotor basculante para 8 tubos de 9\/15 ml<br \/>\nRE 474 8 adaptadores para 8 tubos de 5 ml<\/p>\n<p><strong><em><a class=\"ficha-tecnica-es\" href=\"https:\/\/www.labopolis.com\/wp-content\/uploads\/2025\/02\/Catalogo_Plasma_22_ESP.pdf\" target=\"_blank\" rel=\"noopener\"><i class=\"fas fa-file-alt\"><\/i>\u00a0Ficha de dados t\u00e9cnicos do Plasma 22<\/a><br \/>\n<a class=\"ficha-tecnica-en\" href=\"https:\/\/www.labopolis.com\/wp-content\/uploads\/2025\/02\/Catalogue_Plasma_22_ENG.pdf\" target=\"_blank\" rel=\"noopener\"><i class=\"fas fa-file-alt\"><\/i> Ficha de dados t\u00e9cnicos Plasma 22<\/a><\/em><\/strong><\/p>","protected":false},"featured_media":14803,"comment_status":"open","ping_status":"closed","template":"","meta":[],"product_brand":[],"product_cat":[121,23],"product_tag":[],"class_list":{"0":"post-1338","1":"product","2":"type-product","3":"status-publish","4":"has-post-thumbnail","6":"product_cat-centrifugas","7":"product_cat-laboratorio","9":"first","10":"instock","11":"taxable","12":"shipping-taxable","13":"product-type-simple"},"yoast_head":"<!-- This site is optimized with the Yoast SEO plugin v27.2 - https:\/\/yoast.com\/product\/yoast-seo-wordpress\/ -->\n<title>Centr\u00edfuga Plasma 22 - Labopolis<\/title>\n<meta name=\"description\" content=\"Centr\u00edfuga Plasma 22. Accesorios no incluidos. Max. capacity: 8 x 9\/15 ml. Max. speed: 1.288 xg \/ 3.000 RPM  CE 156 PLASMA 22, 220-240 V 50-60 Hz  ACCESORIOS: RT 237 Rotor Oscilante para 8 tubos de 9\/15 ml RE 474 8 adaptadores para 8 tubos de 5 ml  \u00a0Ficha T\u00e9cnica Plasma 22  Technical Datasheet Plasma 22\" \/>\n<meta name=\"robots\" content=\"index, follow, max-snippet:-1, max-image-preview:large, max-video-preview:-1\" \/>\n<link rel=\"canonical\" href=\"https:\/\/www.labopolis.com\/pt\/produto\/centrifuga-plasma-22\/\" \/>\n<meta property=\"og:locale\" content=\"pt_PT\" \/>\n<meta property=\"og:type\" content=\"article\" \/>\n<meta property=\"og:title\" content=\"Centr\u00edfuga Plasma 22 - Labopolis\" \/>\n<meta property=\"og:description\" content=\"Centr\u00edfuga Plasma 22. Accesorios no incluidos. Max. capacity: 8 x 9\/15 ml. Max. speed: 1.288 xg \/ 3.000 RPM  CE 156 PLASMA 22, 220-240 V 50-60 Hz  ACCESORIOS: RT 237 Rotor Oscilante para 8 tubos de 9\/15 ml RE 474 8 adaptadores para 8 tubos de 5 ml  \u00a0Ficha T\u00e9cnica Plasma 22  Technical Datasheet Plasma 22\" \/>\n<meta property=\"og:url\" content=\"https:\/\/www.labopolis.com\/pt\/produto\/centrifuga-plasma-22\/\" \/>\n<meta property=\"og:site_name\" content=\"Labopolis\" \/>\n<meta property=\"article:publisher\" content=\"https:\/\/www.facebook.com\/profile.php?id=100063251679439\" \/>\n<meta property=\"article:modified_time\" content=\"2025-09-18T10:43:57+00:00\" \/>\n<meta name=\"twitter:card\" content=\"summary_large_image\" \/>\n<meta name=\"twitter:site\" content=\"@Labopolis\" \/>\n<meta name=\"twitter:label1\" content=\"Tempo estimado de leitura\" \/>\n\t<meta name=\"twitter:data1\" content=\"1 minuto\" \/>\n<script type=\"application\/ld+json\" class=\"yoast-schema-graph\">{\"@context\":\"https:\/\/schema.org\",\"@graph\":[{\"@type\":\"WebPage\",\"@id\":\"https:\/\/www.labopolis.com\/producto\/centrifuga-plasma-22\/\",\"url\":\"https:\/\/www.labopolis.com\/producto\/centrifuga-plasma-22\/\",\"name\":\"Centr\u00edfuga Plasma 22 - Labopolis\",\"isPartOf\":{\"@id\":\"https:\/\/www.labopolis.com\/#website\"},\"primaryImageOfPage\":{\"@id\":\"https:\/\/www.labopolis.com\/producto\/centrifuga-plasma-22\/#primaryimage\"},\"image\":{\"@id\":\"https:\/\/www.labopolis.com\/producto\/centrifuga-plasma-22\/#primaryimage\"},\"thumbnailUrl\":\"https:\/\/www.labopolis.com\/wp-content\/uploads\/2023\/07\/Plasma_22.avif\",\"datePublished\":\"2023-07-10T11:33:29+00:00\",\"dateModified\":\"2025-09-18T10:43:57+00:00\",\"description\":\"Centr\u00edfuga Plasma 22. Accesorios no incluidos. Max. capacity: 8 x 9\/15 ml. Max. speed: 1.288 xg \/ 3.000 RPM CE 156 PLASMA 22, 220-240 V 50-60 Hz ACCESORIOS: RT 237 Rotor Oscilante para 8 tubos de 9\/15 ml RE 474 8 adaptadores para 8 tubos de 5 ml \u00a0Ficha T\u00e9cnica Plasma 22 Technical Datasheet Plasma 22\",\"breadcrumb\":{\"@id\":\"https:\/\/www.labopolis.com\/producto\/centrifuga-plasma-22\/#breadcrumb\"},\"inLanguage\":\"pt-PT\",\"potentialAction\":[{\"@type\":\"ReadAction\",\"target\":[\"https:\/\/www.labopolis.com\/producto\/centrifuga-plasma-22\/\"]}]},{\"@type\":\"ImageObject\",\"inLanguage\":\"pt-PT\",\"@id\":\"https:\/\/www.labopolis.com\/producto\/centrifuga-plasma-22\/#primaryimage\",\"url\":\"https:\/\/www.labopolis.com\/wp-content\/uploads\/2023\/07\/Plasma_22.avif\",\"contentUrl\":\"https:\/\/www.labopolis.com\/wp-content\/uploads\/2023\/07\/Plasma_22.avif\",\"width\":931,\"height\":1024,\"caption\":\"Centrifuga Plasma\"},{\"@type\":\"BreadcrumbList\",\"@id\":\"https:\/\/www.labopolis.com\/producto\/centrifuga-plasma-22\/#breadcrumb\",\"itemListElement\":[{\"@type\":\"ListItem\",\"position\":1,\"name\":\"Portada\",\"item\":\"https:\/\/www.labopolis.com\/\"},{\"@type\":\"ListItem\",\"position\":2,\"name\":\"Productos\",\"item\":\"https:\/\/www.labopolis.com\/shop\/\"},{\"@type\":\"ListItem\",\"position\":3,\"name\":\"Centr\u00edfuga Plasma 22\"}]},{\"@type\":\"WebSite\",\"@id\":\"https:\/\/www.labopolis.com\/#website\",\"url\":\"https:\/\/www.labopolis.com\/\",\"name\":\"Labopolis\",\"description\":\"\",\"potentialAction\":[{\"@type\":\"SearchAction\",\"target\":{\"@type\":\"EntryPoint\",\"urlTemplate\":\"https:\/\/www.labopolis.com\/?s={search_term_string}\"},\"query-input\":{\"@type\":\"PropertyValueSpecification\",\"valueRequired\":true,\"valueName\":\"search_term_string\"}}],\"inLanguage\":\"pt-PT\"}]}<\/script>\n<!-- \/ Yoast SEO plugin. -->","yoast_head_json":{"title":"Centr\u00edfuga Plasma 22 - Labopolis","description":"Centr\u00edfuga Plasma 22. Accesorios no incluidos. Max. capacity: 8 x 9\/15 ml. Max. speed: 1.288 xg \/ 3.000 RPM  CE 156 PLASMA 22, 220-240 V 50-60 Hz  ACCESORIOS: RT 237 Rotor Oscilante para 8 tubos de 9\/15 ml RE 474 8 adaptadores para 8 tubos de 5 ml  \u00a0Ficha T\u00e9cnica Plasma 22  Technical Datasheet Plasma 22","robots":{"index":"index","follow":"follow","max-snippet":"max-snippet:-1","max-image-preview":"max-image-preview:large","max-video-preview":"max-video-preview:-1"},"canonical":"https:\/\/www.labopolis.com\/pt\/produto\/centrifuga-plasma-22\/","og_locale":"pt_PT","og_type":"article","og_title":"Centr\u00edfuga Plasma 22 - Labopolis","og_description":"Centr\u00edfuga Plasma 22. Accesorios no incluidos. Max. capacity: 8 x 9\/15 ml. Max. speed: 1.288 xg \/ 3.000 RPM  CE 156 PLASMA 22, 220-240 V 50-60 Hz  ACCESORIOS: RT 237 Rotor Oscilante para 8 tubos de 9\/15 ml RE 474 8 adaptadores para 8 tubos de 5 ml  \u00a0Ficha T\u00e9cnica Plasma 22  Technical Datasheet Plasma 22","og_url":"https:\/\/www.labopolis.com\/pt\/produto\/centrifuga-plasma-22\/","og_site_name":"Labopolis","article_publisher":"https:\/\/www.facebook.com\/profile.php?id=100063251679439","article_modified_time":"2025-09-18T10:43:57+00:00","twitter_card":"summary_large_image","twitter_site":"@Labopolis","twitter_misc":{"Tempo estimado de leitura":"1 minuto"},"schema":{"@context":"https:\/\/schema.org","@graph":[{"@type":"WebPage","@id":"https:\/\/www.labopolis.com\/producto\/centrifuga-plasma-22\/","url":"https:\/\/www.labopolis.com\/producto\/centrifuga-plasma-22\/","name":"Centr\u00edfuga Plasma 22 - Labopolis","isPartOf":{"@id":"https:\/\/www.labopolis.com\/#website"},"primaryImageOfPage":{"@id":"https:\/\/www.labopolis.com\/producto\/centrifuga-plasma-22\/#primaryimage"},"image":{"@id":"https:\/\/www.labopolis.com\/producto\/centrifuga-plasma-22\/#primaryimage"},"thumbnailUrl":"https:\/\/www.labopolis.com\/wp-content\/uploads\/2023\/07\/Plasma_22.avif","datePublished":"2023-07-10T11:33:29+00:00","dateModified":"2025-09-18T10:43:57+00:00","description":"Centr\u00edfuga Plasma 22. Accesorios no incluidos. Max. capacity: 8 x 9\/15 ml. Max. speed: 1.288 xg \/ 3.000 RPM CE 156 PLASMA 22, 220-240 V 50-60 Hz ACCESORIOS: RT 237 Rotor Oscilante para 8 tubos de 9\/15 ml RE 474 8 adaptadores para 8 tubos de 5 ml \u00a0Ficha T\u00e9cnica Plasma 22 Technical Datasheet Plasma 22","breadcrumb":{"@id":"https:\/\/www.labopolis.com\/producto\/centrifuga-plasma-22\/#breadcrumb"},"inLanguage":"pt-PT","potentialAction":[{"@type":"ReadAction","target":["https:\/\/www.labopolis.com\/producto\/centrifuga-plasma-22\/"]}]},{"@type":"ImageObject","inLanguage":"pt-PT","@id":"https:\/\/www.labopolis.com\/producto\/centrifuga-plasma-22\/#primaryimage","url":"https:\/\/www.labopolis.com\/wp-content\/uploads\/2023\/07\/Plasma_22.avif","contentUrl":"https:\/\/www.labopolis.com\/wp-content\/uploads\/2023\/07\/Plasma_22.avif","width":931,"height":1024,"caption":"Centrifuga Plasma"},{"@type":"BreadcrumbList","@id":"https:\/\/www.labopolis.com\/producto\/centrifuga-plasma-22\/#breadcrumb","itemListElement":[{"@type":"ListItem","position":1,"name":"Portada","item":"https:\/\/www.labopolis.com\/"},{"@type":"ListItem","position":2,"name":"Productos","item":"https:\/\/www.labopolis.com\/shop\/"},{"@type":"ListItem","position":3,"name":"Centr\u00edfuga Plasma 22"}]},{"@type":"WebSite","@id":"https:\/\/www.labopolis.com\/#website","url":"https:\/\/www.labopolis.com\/","name":"Labopolis","description":"","potentialAction":[{"@type":"SearchAction","target":{"@type":"EntryPoint","urlTemplate":"https:\/\/www.labopolis.com\/?s={search_term_string}"},"query-input":{"@type":"PropertyValueSpecification","valueRequired":true,"valueName":"search_term_string"}}],"inLanguage":"pt-PT"}]}},"_links":{"self":[{"href":"https:\/\/www.labopolis.com\/pt\/wp-json\/wp\/v2\/product\/1338","targetHints":{"allow":["GET"]}}],"collection":[{"href":"https:\/\/www.labopolis.com\/pt\/wp-json\/wp\/v2\/product"}],"about":[{"href":"https:\/\/www.labopolis.com\/pt\/wp-json\/wp\/v2\/types\/product"}],"replies":[{"embeddable":true,"href":"https:\/\/www.labopolis.com\/pt\/wp-json\/wp\/v2\/comments?post=1338"}],"wp:featuredmedia":[{"embeddable":true,"href":"https:\/\/www.labopolis.com\/pt\/wp-json\/wp\/v2\/media\/14803"}],"wp:attachment":[{"href":"https:\/\/www.labopolis.com\/pt\/wp-json\/wp\/v2\/media?parent=1338"}],"wp:term":[{"taxonomy":"product_brand","embeddable":true,"href":"https:\/\/www.labopolis.com\/pt\/wp-json\/wp\/v2\/product_brand?post=1338"},{"taxonomy":"product_cat","embeddable":true,"href":"https:\/\/www.labopolis.com\/pt\/wp-json\/wp\/v2\/product_cat?post=1338"},{"taxonomy":"product_tag","embeddable":true,"href":"https:\/\/www.labopolis.com\/pt\/wp-json\/wp\/v2\/product_tag?post=1338"}],"curies":[{"name":"wp","href":"https:\/\/api.w.org\/{rel}","templated":true}]}}