{"id":1223,"date":"2023-07-10T11:32:57","date_gmt":"2023-07-10T11:32:57","guid":{"rendered":"https:\/\/www.labopolis.com\/?post_type=product&#038;p=1223"},"modified":"2025-12-28T17:22:08","modified_gmt":"2025-12-28T17:22:08","slug":"camara-incubadora-termostatizada-incubator-clear","status":"publish","type":"product","link":"https:\/\/www.labopolis.com\/pt\/produto\/camara-incubadora-termostatizada-incubator-clear\/","title":{"rendered":"Incubadora Clear C\u00e2mara de incuba\u00e7\u00e3o com term\u00f3stato"},"content":{"rendered":"<p>Incubadora Clear C\u00e2mara de incuba\u00e7\u00e3o com term\u00f3stato<br \/>\nModelos:<br \/>\n* CI10-CE C\u00e2mara de incuba\u00e7\u00e3o Clear CI10-CE (sem acess\u00f3rios)<br \/>\n* 10000-01085 Incubadora Clear CI10-CE + Orbital Maxi (sem acess\u00f3rios) OL30-ME<br \/>\n* 10000-01058 Incubadora Clear CI10-CE C\u00e2mara + acoplador<br \/>\n* 30000-00022 Kit Incubadora Clear CI10-CE + Ag. rotator 4 posi\u00e7\u00f5es ROTATOR R4-HDE<br \/>\nC\u00e2mara de incuba\u00e7\u00e3o digital transparente (metacrilato Pexiglas\u00ae) com porta frontal, controlada por microprocessador.<br \/>\nEcr\u00e3 LCD digital retroiluminado com indica\u00e7\u00e3o do valor de temperatura selecionado e temporizador.<br \/>\nTeclado com bot\u00f5es de membrana sens\u00edveis ao toque.<br \/>\nCircula\u00e7\u00e3o for\u00e7ada de ar a 60\u00ba C.<br \/>\nPossibilidade de incorporar uma sonda de temperatura externa para controlar a temperatura mais pr\u00f3xima da amostra a ensaiar.<br \/>\nPossibilidade de montagem num agitador orbital ou alternativo (modelos Orbital Midi, Orbital Maxi ou Horizontal Maxi).<\/p>","protected":false},"excerpt":{"rendered":"<p>Incubadora Clear C\u00e2mara de incuba\u00e7\u00e3o com term\u00f3stato<br \/>\nModelos:<br \/>\n* CI10-CE C\u00e2mara de incuba\u00e7\u00e3o Clear CI10-CE (sem acess\u00f3rios)<br \/>\n* 10000-01085 Incubadora Clear CI10-CE + Orbital Maxi (sem acess\u00f3rios) OL30-ME<br \/>\n* 10000-01058 Incubadora Clear CI10-CE C\u00e2mara + acoplador<br \/>\n* 30000-00022 Kit Incubadora Clear CI10-CE + Ag. rotator 4 posi\u00e7\u00f5es ROTATOR R4-HDE<\/p>\n<p><strong><em> <a href=\"https:\/\/www.labopolis.com\/wp-content\/uploads\/2015\/06\/IncubatorCLEAR.pdf\" target=\"_blank\" rel=\"noopener noreferrer\"><i class=\"fas fa-file-alt\"><\/i>\u00a0Ficha de dados Dispositivos de desobstru\u00e7\u00e3o<\/a><\/em><\/strong><\/p>","protected":false},"featured_media":1254,"comment_status":"open","ping_status":"closed","template":"","meta":[],"product_brand":[],"product_cat":[117,118],"product_tag":[],"class_list":{"0":"post-1223","1":"product","2":"type-product","3":"status-publish","4":"has-post-thumbnail","6":"product_cat-camaras-incubadoras","7":"product_cat-camaras-termostatizadas","9":"first","10":"instock","11":"taxable","12":"shipping-taxable","13":"purchasable","14":"product-type-variable"},"yoast_head":"<!-- This site is optimized with the Yoast SEO plugin v27.2 - https:\/\/yoast.com\/product\/yoast-seo-wordpress\/ -->\n<title>C\u00e1mara Incubadora Termostatizada Incubator Clear - Labopolis<\/title>\n<meta name=\"description\" content=\"C\u00e1mara incubadora transparente digital (metacrilato Pexigl\u00e1s\u00ae) de sobremesa con puerta frontal, controlada por microprocesador.\" \/>\n<meta name=\"robots\" content=\"index, follow, max-snippet:-1, max-image-preview:large, max-video-preview:-1\" \/>\n<link rel=\"canonical\" href=\"https:\/\/www.labopolis.com\/pt\/produto\/camara-incubadora-termostatizada-incubator-clear\/\" \/>\n<meta property=\"og:locale\" content=\"pt_PT\" \/>\n<meta property=\"og:type\" content=\"article\" \/>\n<meta property=\"og:title\" content=\"C\u00e1mara Incubadora Termostatizada Incubator Clear - Labopolis\" \/>\n<meta property=\"og:description\" content=\"C\u00e1mara incubadora transparente digital (metacrilato Pexigl\u00e1s\u00ae) de sobremesa con puerta frontal, controlada por microprocesador.\" \/>\n<meta property=\"og:url\" content=\"https:\/\/www.labopolis.com\/pt\/produto\/camara-incubadora-termostatizada-incubator-clear\/\" \/>\n<meta property=\"og:site_name\" content=\"Labopolis\" \/>\n<meta property=\"article:publisher\" content=\"https:\/\/www.facebook.com\/profile.php?id=100063251679439\" \/>\n<meta property=\"article:modified_time\" content=\"2025-12-28T17:22:08+00:00\" \/>\n<meta property=\"og:image\" content=\"https:\/\/www.labopolis.com\/wp-content\/uploads\/2023\/07\/IncubadoraClearbandejas.png\" \/>\n\t<meta property=\"og:image:width\" content=\"524\" \/>\n\t<meta property=\"og:image:height\" content=\"572\" \/>\n\t<meta property=\"og:image:type\" content=\"image\/png\" \/>\n<meta name=\"twitter:card\" content=\"summary_large_image\" \/>\n<meta name=\"twitter:site\" content=\"@Labopolis\" \/>\n<meta name=\"twitter:label1\" content=\"Tempo estimado de leitura\" \/>\n\t<meta name=\"twitter:data1\" content=\"1 minuto\" \/>\n<script type=\"application\/ld+json\" class=\"yoast-schema-graph\">{\"@context\":\"https:\/\/schema.org\",\"@graph\":[{\"@type\":\"WebPage\",\"@id\":\"https:\/\/www.labopolis.com\/producto\/camara-incubadora-termostatizada-incubator-clear\/\",\"url\":\"https:\/\/www.labopolis.com\/producto\/camara-incubadora-termostatizada-incubator-clear\/\",\"name\":\"C\u00e1mara Incubadora Termostatizada Incubator Clear - Labopolis\",\"isPartOf\":{\"@id\":\"https:\/\/www.labopolis.com\/#website\"},\"primaryImageOfPage\":{\"@id\":\"https:\/\/www.labopolis.com\/producto\/camara-incubadora-termostatizada-incubator-clear\/#primaryimage\"},\"image\":{\"@id\":\"https:\/\/www.labopolis.com\/producto\/camara-incubadora-termostatizada-incubator-clear\/#primaryimage\"},\"thumbnailUrl\":\"https:\/\/www.labopolis.com\/wp-content\/uploads\/2023\/07\/IncubadoraClearbandejas.png\",\"datePublished\":\"2023-07-10T11:32:57+00:00\",\"dateModified\":\"2025-12-28T17:22:08+00:00\",\"description\":\"C\u00e1mara incubadora transparente digital (metacrilato Pexigl\u00e1s\u00ae) de sobremesa con puerta frontal, controlada por microprocesador.\",\"breadcrumb\":{\"@id\":\"https:\/\/www.labopolis.com\/producto\/camara-incubadora-termostatizada-incubator-clear\/#breadcrumb\"},\"inLanguage\":\"pt-PT\",\"potentialAction\":[{\"@type\":\"ReadAction\",\"target\":[\"https:\/\/www.labopolis.com\/producto\/camara-incubadora-termostatizada-incubator-clear\/\"]}]},{\"@type\":\"ImageObject\",\"inLanguage\":\"pt-PT\",\"@id\":\"https:\/\/www.labopolis.com\/producto\/camara-incubadora-termostatizada-incubator-clear\/#primaryimage\",\"url\":\"https:\/\/www.labopolis.com\/wp-content\/uploads\/2023\/07\/IncubadoraClearbandejas.png\",\"contentUrl\":\"https:\/\/www.labopolis.com\/wp-content\/uploads\/2023\/07\/IncubadoraClearbandejas.png\",\"width\":524,\"height\":572,\"caption\":\"Producto\"},{\"@type\":\"BreadcrumbList\",\"@id\":\"https:\/\/www.labopolis.com\/producto\/camara-incubadora-termostatizada-incubator-clear\/#breadcrumb\",\"itemListElement\":[{\"@type\":\"ListItem\",\"position\":1,\"name\":\"Portada\",\"item\":\"https:\/\/www.labopolis.com\/\"},{\"@type\":\"ListItem\",\"position\":2,\"name\":\"Productos\",\"item\":\"https:\/\/www.labopolis.com\/shop\/\"},{\"@type\":\"ListItem\",\"position\":3,\"name\":\"C\u00e1mara Incubadora Termostatizada Incubator Clear\"}]},{\"@type\":\"WebSite\",\"@id\":\"https:\/\/www.labopolis.com\/#website\",\"url\":\"https:\/\/www.labopolis.com\/\",\"name\":\"Labopolis\",\"description\":\"\",\"potentialAction\":[{\"@type\":\"SearchAction\",\"target\":{\"@type\":\"EntryPoint\",\"urlTemplate\":\"https:\/\/www.labopolis.com\/?s={search_term_string}\"},\"query-input\":{\"@type\":\"PropertyValueSpecification\",\"valueRequired\":true,\"valueName\":\"search_term_string\"}}],\"inLanguage\":\"pt-PT\"}]}<\/script>\n<!-- \/ Yoast SEO plugin. -->","yoast_head_json":{"title":"Incubadora Termost\u00e1tica C\u00e2mara de Incuba\u00e7\u00e3o transparente - Labopolis","description":"C\u00e2mara de incuba\u00e7\u00e3o digital transparente (metacrilato Pexiglas\u00ae) com porta frontal, controlada por microprocessador.","robots":{"index":"index","follow":"follow","max-snippet":"max-snippet:-1","max-image-preview":"max-image-preview:large","max-video-preview":"max-video-preview:-1"},"canonical":"https:\/\/www.labopolis.com\/pt\/produto\/camara-incubadora-termostatizada-incubator-clear\/","og_locale":"pt_PT","og_type":"article","og_title":"C\u00e1mara Incubadora Termostatizada Incubator Clear - Labopolis","og_description":"C\u00e1mara incubadora transparente digital (metacrilato Pexigl\u00e1s\u00ae) de sobremesa con puerta frontal, controlada por microprocesador.","og_url":"https:\/\/www.labopolis.com\/pt\/produto\/camara-incubadora-termostatizada-incubator-clear\/","og_site_name":"Labopolis","article_publisher":"https:\/\/www.facebook.com\/profile.php?id=100063251679439","article_modified_time":"2025-12-28T17:22:08+00:00","og_image":[{"width":524,"height":572,"url":"https:\/\/www.labopolis.com\/wp-content\/uploads\/2023\/07\/IncubadoraClearbandejas.png","type":"image\/png"}],"twitter_card":"summary_large_image","twitter_site":"@Labopolis","twitter_misc":{"Tempo estimado de leitura":"1 minuto"},"schema":{"@context":"https:\/\/schema.org","@graph":[{"@type":"WebPage","@id":"https:\/\/www.labopolis.com\/producto\/camara-incubadora-termostatizada-incubator-clear\/","url":"https:\/\/www.labopolis.com\/producto\/camara-incubadora-termostatizada-incubator-clear\/","name":"Incubadora Termost\u00e1tica C\u00e2mara de Incuba\u00e7\u00e3o transparente - Labopolis","isPartOf":{"@id":"https:\/\/www.labopolis.com\/#website"},"primaryImageOfPage":{"@id":"https:\/\/www.labopolis.com\/producto\/camara-incubadora-termostatizada-incubator-clear\/#primaryimage"},"image":{"@id":"https:\/\/www.labopolis.com\/producto\/camara-incubadora-termostatizada-incubator-clear\/#primaryimage"},"thumbnailUrl":"https:\/\/www.labopolis.com\/wp-content\/uploads\/2023\/07\/IncubadoraClearbandejas.png","datePublished":"2023-07-10T11:32:57+00:00","dateModified":"2025-12-28T17:22:08+00:00","description":"C\u00e2mara de incuba\u00e7\u00e3o digital transparente (metacrilato Pexiglas\u00ae) com porta frontal, controlada por microprocessador.","breadcrumb":{"@id":"https:\/\/www.labopolis.com\/producto\/camara-incubadora-termostatizada-incubator-clear\/#breadcrumb"},"inLanguage":"pt-PT","potentialAction":[{"@type":"ReadAction","target":["https:\/\/www.labopolis.com\/producto\/camara-incubadora-termostatizada-incubator-clear\/"]}]},{"@type":"ImageObject","inLanguage":"pt-PT","@id":"https:\/\/www.labopolis.com\/producto\/camara-incubadora-termostatizada-incubator-clear\/#primaryimage","url":"https:\/\/www.labopolis.com\/wp-content\/uploads\/2023\/07\/IncubadoraClearbandejas.png","contentUrl":"https:\/\/www.labopolis.com\/wp-content\/uploads\/2023\/07\/IncubadoraClearbandejas.png","width":524,"height":572,"caption":"Producto"},{"@type":"BreadcrumbList","@id":"https:\/\/www.labopolis.com\/producto\/camara-incubadora-termostatizada-incubator-clear\/#breadcrumb","itemListElement":[{"@type":"ListItem","position":1,"name":"Portada","item":"https:\/\/www.labopolis.com\/"},{"@type":"ListItem","position":2,"name":"Productos","item":"https:\/\/www.labopolis.com\/shop\/"},{"@type":"ListItem","position":3,"name":"C\u00e1mara Incubadora Termostatizada Incubator Clear"}]},{"@type":"WebSite","@id":"https:\/\/www.labopolis.com\/#website","url":"https:\/\/www.labopolis.com\/","name":"Labopolis","description":"","potentialAction":[{"@type":"SearchAction","target":{"@type":"EntryPoint","urlTemplate":"https:\/\/www.labopolis.com\/?s={search_term_string}"},"query-input":{"@type":"PropertyValueSpecification","valueRequired":true,"valueName":"search_term_string"}}],"inLanguage":"pt-PT"}]}},"_links":{"self":[{"href":"https:\/\/www.labopolis.com\/pt\/wp-json\/wp\/v2\/product\/1223","targetHints":{"allow":["GET"]}}],"collection":[{"href":"https:\/\/www.labopolis.com\/pt\/wp-json\/wp\/v2\/product"}],"about":[{"href":"https:\/\/www.labopolis.com\/pt\/wp-json\/wp\/v2\/types\/product"}],"replies":[{"embeddable":true,"href":"https:\/\/www.labopolis.com\/pt\/wp-json\/wp\/v2\/comments?post=1223"}],"wp:featuredmedia":[{"embeddable":true,"href":"https:\/\/www.labopolis.com\/pt\/wp-json\/wp\/v2\/media\/1254"}],"wp:attachment":[{"href":"https:\/\/www.labopolis.com\/pt\/wp-json\/wp\/v2\/media?parent=1223"}],"wp:term":[{"taxonomy":"product_brand","embeddable":true,"href":"https:\/\/www.labopolis.com\/pt\/wp-json\/wp\/v2\/product_brand?post=1223"},{"taxonomy":"product_cat","embeddable":true,"href":"https:\/\/www.labopolis.com\/pt\/wp-json\/wp\/v2\/product_cat?post=1223"},{"taxonomy":"product_tag","embeddable":true,"href":"https:\/\/www.labopolis.com\/pt\/wp-json\/wp\/v2\/product_tag?post=1223"}],"curies":[{"name":"wp","href":"https:\/\/api.w.org\/{rel}","templated":true}]}}