{"id":1218,"date":"2023-07-10T11:32:57","date_gmt":"2023-07-10T11:32:57","guid":{"rendered":"https:\/\/www.labopolis.com\/?post_type=product&#038;p=1218"},"modified":"2025-12-28T17:18:32","modified_gmt":"2025-12-28T17:18:32","slug":"camara-incubadora-termostatizada-incubator-opaq","status":"publish","type":"product","link":"https:\/\/www.labopolis.com\/pt\/produto\/camara-incubadora-termostatizada-incubator-opaq\/","title":{"rendered":"Incubadora com term\u00f3stato C\u00e2mara de incuba\u00e7\u00e3o Opaq"},"content":{"rendered":"<p>Incubadora com term\u00f3stato C\u00e2mara de incuba\u00e7\u00e3o Opaq<br \/>\nC\u00e2mara de incuba\u00e7\u00e3o digital de mesa em metal opaco com porta frontal em metacrilato transparente, controlada por microprocessador.<br \/>\nEcr\u00e3 LCD digital retroiluminado com indica\u00e7\u00e3o do valor de temperatura selecionado e temporizador.<br \/>\nTeclado com bot\u00f5es de membrana sens\u00edveis ao toque.<br \/>\nCircula\u00e7\u00e3o for\u00e7ada de ar a 60\u00ba C.<br \/>\nPossibilidade de incorporar uma sonda de temperatura externa para controlar a temperatura mais pr\u00f3xima da amostra a ensaiar.<br \/>\nPossibilidade de montagem num agitador orbital ou alternativo (modelos Orbital Midi, Orbital Maxi ou Horizontal Maxi).<\/p>","protected":false},"excerpt":{"rendered":"<p>Incubadora com term\u00f3stato C\u00e2mara de incuba\u00e7\u00e3o Opaq<br \/>\nModelos e combina\u00e7\u00f5es dispon\u00edveis:<br \/>\n* CI10-OE C\u00e2mara da incubadora Opaq CI10-OE (sem acess\u00f3rios)<br \/>\n* 10000-01084 Kit Incubadora Opaq CI10-OE + Agitador orbital Maxi OL30-ME (sem acess\u00f3rios)<br \/>\n* 10000-01056 C\u00e2mara de incuba\u00e7\u00e3o Opaq CI10 + acoplador<br \/>\n* 30000-00201 Kit Incubadora Opaq CI10-OE + AMM90E Agitador magn\u00e9tico 9 lugares<br \/>\n* 01084-00041 Kit Incubadora Opaq CI10 + Agitador orbital Maxi OL30-ME (sem acess\u00f3rios) + Plataforma universal de 5 rolos 20000-00041<br \/>\n* 10000-01084-PL: Incubadora Opaq CI10-OE + Plataforma 5 rolos m\u00f3veis 20000-00041<\/p>\n<p><strong><em><a href=\"https:\/\/www.labopolis.com\/wp-content\/uploads\/2015\/06\/IncubatorOPAQ.pdf\" target=\"_blank\" rel=\"noopener noreferrer\"><i class=\"fas fa-file-alt\"><\/i>\u00a0Ficha t\u00e9cnica Opaq setters<\/a><\/em><\/strong><\/p>","protected":false},"featured_media":1253,"comment_status":"open","ping_status":"closed","template":"","meta":[],"product_brand":[],"product_cat":[117,118,23],"product_tag":[],"class_list":{"0":"post-1218","1":"product","2":"type-product","3":"status-publish","4":"has-post-thumbnail","6":"product_cat-camaras-incubadoras","7":"product_cat-camaras-termostatizadas","8":"product_cat-laboratorio","10":"first","11":"instock","12":"taxable","13":"shipping-taxable","14":"purchasable","15":"product-type-variable"},"yoast_head":"<!-- This site is optimized with the Yoast SEO plugin v27.2 - https:\/\/yoast.com\/product\/yoast-seo-wordpress\/ -->\n<title>C\u00e1mara Incubadora Termostatizada Incubator Opaq - Labopolis<\/title>\n<meta name=\"description\" content=\"C\u00e1mara incubadora opaca digital met\u00e1lica de sobremesa con puerta frontal en metacrilato transparente, controlada por microprocesador.\" \/>\n<meta name=\"robots\" content=\"index, follow, max-snippet:-1, max-image-preview:large, max-video-preview:-1\" \/>\n<link rel=\"canonical\" href=\"https:\/\/www.labopolis.com\/pt\/produto\/camara-incubadora-termostatizada-incubator-opaq\/\" \/>\n<meta property=\"og:locale\" content=\"pt_PT\" \/>\n<meta property=\"og:type\" content=\"article\" \/>\n<meta property=\"og:title\" content=\"C\u00e1mara Incubadora Termostatizada Incubator Opaq - Labopolis\" \/>\n<meta property=\"og:description\" content=\"C\u00e1mara incubadora opaca digital met\u00e1lica de sobremesa con puerta frontal en metacrilato transparente, controlada por microprocesador.\" \/>\n<meta property=\"og:url\" content=\"https:\/\/www.labopolis.com\/pt\/produto\/camara-incubadora-termostatizada-incubator-opaq\/\" \/>\n<meta property=\"og:site_name\" content=\"Labopolis\" \/>\n<meta property=\"article:publisher\" content=\"https:\/\/www.facebook.com\/profile.php?id=100063251679439\" \/>\n<meta property=\"article:modified_time\" content=\"2025-12-28T17:18:32+00:00\" \/>\n<meta property=\"og:image\" content=\"https:\/\/www.labopolis.com\/wp-content\/uploads\/2023\/07\/IncubadoraOpaqbandejas.png\" \/>\n\t<meta property=\"og:image:width\" content=\"518\" \/>\n\t<meta property=\"og:image:height\" content=\"572\" \/>\n\t<meta property=\"og:image:type\" content=\"image\/png\" \/>\n<meta name=\"twitter:card\" content=\"summary_large_image\" \/>\n<meta name=\"twitter:site\" content=\"@Labopolis\" \/>\n<meta name=\"twitter:label1\" content=\"Tempo estimado de leitura\" \/>\n\t<meta name=\"twitter:data1\" content=\"1 minuto\" \/>\n<script type=\"application\/ld+json\" class=\"yoast-schema-graph\">{\"@context\":\"https:\/\/schema.org\",\"@graph\":[{\"@type\":\"WebPage\",\"@id\":\"https:\/\/www.labopolis.com\/producto\/camara-incubadora-termostatizada-incubator-opaq\/\",\"url\":\"https:\/\/www.labopolis.com\/producto\/camara-incubadora-termostatizada-incubator-opaq\/\",\"name\":\"C\u00e1mara Incubadora Termostatizada Incubator Opaq - Labopolis\",\"isPartOf\":{\"@id\":\"https:\/\/www.labopolis.com\/#website\"},\"primaryImageOfPage\":{\"@id\":\"https:\/\/www.labopolis.com\/producto\/camara-incubadora-termostatizada-incubator-opaq\/#primaryimage\"},\"image\":{\"@id\":\"https:\/\/www.labopolis.com\/producto\/camara-incubadora-termostatizada-incubator-opaq\/#primaryimage\"},\"thumbnailUrl\":\"https:\/\/www.labopolis.com\/wp-content\/uploads\/2023\/07\/IncubadoraOpaqbandejas.png\",\"datePublished\":\"2023-07-10T11:32:57+00:00\",\"dateModified\":\"2025-12-28T17:18:32+00:00\",\"description\":\"C\u00e1mara incubadora opaca digital met\u00e1lica de sobremesa con puerta frontal en metacrilato transparente, controlada por microprocesador.\",\"breadcrumb\":{\"@id\":\"https:\/\/www.labopolis.com\/producto\/camara-incubadora-termostatizada-incubator-opaq\/#breadcrumb\"},\"inLanguage\":\"pt-PT\",\"potentialAction\":[{\"@type\":\"ReadAction\",\"target\":[\"https:\/\/www.labopolis.com\/producto\/camara-incubadora-termostatizada-incubator-opaq\/\"]}]},{\"@type\":\"ImageObject\",\"inLanguage\":\"pt-PT\",\"@id\":\"https:\/\/www.labopolis.com\/producto\/camara-incubadora-termostatizada-incubator-opaq\/#primaryimage\",\"url\":\"https:\/\/www.labopolis.com\/wp-content\/uploads\/2023\/07\/IncubadoraOpaqbandejas.png\",\"contentUrl\":\"https:\/\/www.labopolis.com\/wp-content\/uploads\/2023\/07\/IncubadoraOpaqbandejas.png\",\"width\":518,\"height\":572,\"caption\":\"Producto\"},{\"@type\":\"BreadcrumbList\",\"@id\":\"https:\/\/www.labopolis.com\/producto\/camara-incubadora-termostatizada-incubator-opaq\/#breadcrumb\",\"itemListElement\":[{\"@type\":\"ListItem\",\"position\":1,\"name\":\"Portada\",\"item\":\"https:\/\/www.labopolis.com\/\"},{\"@type\":\"ListItem\",\"position\":2,\"name\":\"Productos\",\"item\":\"https:\/\/www.labopolis.com\/shop\/\"},{\"@type\":\"ListItem\",\"position\":3,\"name\":\"C\u00e1mara Incubadora Termostatizada Incubator Opaq\"}]},{\"@type\":\"WebSite\",\"@id\":\"https:\/\/www.labopolis.com\/#website\",\"url\":\"https:\/\/www.labopolis.com\/\",\"name\":\"Labopolis\",\"description\":\"\",\"potentialAction\":[{\"@type\":\"SearchAction\",\"target\":{\"@type\":\"EntryPoint\",\"urlTemplate\":\"https:\/\/www.labopolis.com\/?s={search_term_string}\"},\"query-input\":{\"@type\":\"PropertyValueSpecification\",\"valueRequired\":true,\"valueName\":\"search_term_string\"}}],\"inLanguage\":\"pt-PT\"}]}<\/script>\n<!-- \/ Yoast SEO plugin. -->","yoast_head_json":{"title":"C\u00e1mara Incubadora Termostatizada Incubator Opaq - Labopolis","description":"C\u00e2mara de incuba\u00e7\u00e3o digital de mesa em metal opaco com porta frontal em metacrilato transparente, controlada por microprocessador.","robots":{"index":"index","follow":"follow","max-snippet":"max-snippet:-1","max-image-preview":"max-image-preview:large","max-video-preview":"max-video-preview:-1"},"canonical":"https:\/\/www.labopolis.com\/pt\/produto\/camara-incubadora-termostatizada-incubator-opaq\/","og_locale":"pt_PT","og_type":"article","og_title":"C\u00e1mara Incubadora Termostatizada Incubator Opaq - Labopolis","og_description":"C\u00e1mara incubadora opaca digital met\u00e1lica de sobremesa con puerta frontal en metacrilato transparente, controlada por microprocesador.","og_url":"https:\/\/www.labopolis.com\/pt\/produto\/camara-incubadora-termostatizada-incubator-opaq\/","og_site_name":"Labopolis","article_publisher":"https:\/\/www.facebook.com\/profile.php?id=100063251679439","article_modified_time":"2025-12-28T17:18:32+00:00","og_image":[{"width":518,"height":572,"url":"https:\/\/www.labopolis.com\/wp-content\/uploads\/2023\/07\/IncubadoraOpaqbandejas.png","type":"image\/png"}],"twitter_card":"summary_large_image","twitter_site":"@Labopolis","twitter_misc":{"Tempo estimado de leitura":"1 minuto"},"schema":{"@context":"https:\/\/schema.org","@graph":[{"@type":"WebPage","@id":"https:\/\/www.labopolis.com\/producto\/camara-incubadora-termostatizada-incubator-opaq\/","url":"https:\/\/www.labopolis.com\/producto\/camara-incubadora-termostatizada-incubator-opaq\/","name":"C\u00e1mara Incubadora Termostatizada Incubator Opaq - Labopolis","isPartOf":{"@id":"https:\/\/www.labopolis.com\/#website"},"primaryImageOfPage":{"@id":"https:\/\/www.labopolis.com\/producto\/camara-incubadora-termostatizada-incubator-opaq\/#primaryimage"},"image":{"@id":"https:\/\/www.labopolis.com\/producto\/camara-incubadora-termostatizada-incubator-opaq\/#primaryimage"},"thumbnailUrl":"https:\/\/www.labopolis.com\/wp-content\/uploads\/2023\/07\/IncubadoraOpaqbandejas.png","datePublished":"2023-07-10T11:32:57+00:00","dateModified":"2025-12-28T17:18:32+00:00","description":"C\u00e2mara de incuba\u00e7\u00e3o digital de mesa em metal opaco com porta frontal em metacrilato transparente, controlada por microprocessador.","breadcrumb":{"@id":"https:\/\/www.labopolis.com\/producto\/camara-incubadora-termostatizada-incubator-opaq\/#breadcrumb"},"inLanguage":"pt-PT","potentialAction":[{"@type":"ReadAction","target":["https:\/\/www.labopolis.com\/producto\/camara-incubadora-termostatizada-incubator-opaq\/"]}]},{"@type":"ImageObject","inLanguage":"pt-PT","@id":"https:\/\/www.labopolis.com\/producto\/camara-incubadora-termostatizada-incubator-opaq\/#primaryimage","url":"https:\/\/www.labopolis.com\/wp-content\/uploads\/2023\/07\/IncubadoraOpaqbandejas.png","contentUrl":"https:\/\/www.labopolis.com\/wp-content\/uploads\/2023\/07\/IncubadoraOpaqbandejas.png","width":518,"height":572,"caption":"Producto"},{"@type":"BreadcrumbList","@id":"https:\/\/www.labopolis.com\/producto\/camara-incubadora-termostatizada-incubator-opaq\/#breadcrumb","itemListElement":[{"@type":"ListItem","position":1,"name":"Portada","item":"https:\/\/www.labopolis.com\/"},{"@type":"ListItem","position":2,"name":"Productos","item":"https:\/\/www.labopolis.com\/shop\/"},{"@type":"ListItem","position":3,"name":"C\u00e1mara Incubadora Termostatizada Incubator Opaq"}]},{"@type":"WebSite","@id":"https:\/\/www.labopolis.com\/#website","url":"https:\/\/www.labopolis.com\/","name":"Labopolis","description":"","potentialAction":[{"@type":"SearchAction","target":{"@type":"EntryPoint","urlTemplate":"https:\/\/www.labopolis.com\/?s={search_term_string}"},"query-input":{"@type":"PropertyValueSpecification","valueRequired":true,"valueName":"search_term_string"}}],"inLanguage":"pt-PT"}]}},"_links":{"self":[{"href":"https:\/\/www.labopolis.com\/pt\/wp-json\/wp\/v2\/product\/1218","targetHints":{"allow":["GET"]}}],"collection":[{"href":"https:\/\/www.labopolis.com\/pt\/wp-json\/wp\/v2\/product"}],"about":[{"href":"https:\/\/www.labopolis.com\/pt\/wp-json\/wp\/v2\/types\/product"}],"replies":[{"embeddable":true,"href":"https:\/\/www.labopolis.com\/pt\/wp-json\/wp\/v2\/comments?post=1218"}],"wp:featuredmedia":[{"embeddable":true,"href":"https:\/\/www.labopolis.com\/pt\/wp-json\/wp\/v2\/media\/1253"}],"wp:attachment":[{"href":"https:\/\/www.labopolis.com\/pt\/wp-json\/wp\/v2\/media?parent=1218"}],"wp:term":[{"taxonomy":"product_brand","embeddable":true,"href":"https:\/\/www.labopolis.com\/pt\/wp-json\/wp\/v2\/product_brand?post=1218"},{"taxonomy":"product_cat","embeddable":true,"href":"https:\/\/www.labopolis.com\/pt\/wp-json\/wp\/v2\/product_cat?post=1218"},{"taxonomy":"product_tag","embeddable":true,"href":"https:\/\/www.labopolis.com\/pt\/wp-json\/wp\/v2\/product_tag?post=1218"}],"curies":[{"name":"wp","href":"https:\/\/api.w.org\/{rel}","templated":true}]}}