{"id":1144,"date":"2023-07-10T11:32:34","date_gmt":"2023-07-10T11:32:34","guid":{"rendered":"https:\/\/www.labopolis.com\/?post_type=product&#038;p=1144"},"modified":"2025-12-28T16:41:28","modified_gmt":"2025-12-28T16:41:28","slug":"bano-termostatizado-analogico-bath","status":"publish","type":"product","link":"https:\/\/www.labopolis.com\/pt\/produto\/bano-termostatizado-analogico-bath\/","title":{"rendered":"Banheira termost\u00e1tica anal\u00f3gica Banheira"},"content":{"rendered":"<p>Modelo B105E: 5 l. 100\u00ba C<br \/>\nModelo B112E: 12 l. 100\u00ba C<br \/>\nModelo B120E: 20 l. 100\u00ba C<br \/>\nModelo B145E: 45 l. 100\u00ba C<br \/>\nModelo B205E: 5 l. 200\u00ba C<br \/>\nModelo B212E: 12 l. 200\u00ba C<br \/>\nModelo B220E: 20 l. 200\u00ba C<br \/>\nModelo B245E: 45 l. 200\u00ba C<\/p>\n<p>Banhos termost\u00e1ticos de controlo hidr\u00e1ulico para \u00e1gua e \u00f3leo.<br \/>\nDep\u00f3sito interior em a\u00e7o inoxid\u00e1vel AISI 304 e chassis met\u00e1lico exterior protegido com Epoxy altamente resistente a ambientes agressivos.<br \/>\nAquecedores de liga especial em a\u00e7o inoxid\u00e1vel resistente \u00e0 corros\u00e3o e a altas temperaturas.<br \/>\nTerm\u00f3stato de temperatura com luz piloto sincronizada.<br \/>\nProte\u00e7\u00e3o contra sobreaquecimento ou falta de l\u00edquido por term\u00f3stato de seguran\u00e7a.<br \/>\nTorneira de drenagem e pegas para um transporte c\u00f3modo<\/p>","protected":false},"excerpt":{"rendered":"<p>Modelo B105E: 5 l. 100\u00ba C<br \/>\nModelo B112E: 12 l. 100\u00ba C<br \/>\nModelo B120E: 20 l. 100\u00ba C<br \/>\nModelo B145E: 45 l. 100\u00ba C<br \/>\nModelo B205E: 5 l. 200\u00ba C<br \/>\nModelo B212E: 12 l. 200\u00ba C<br \/>\nModelo B220E: 20 l. 200\u00ba C<br \/>\nModelo B245E: 45 l. 200\u00ba C<br \/>\nAcess\u00f3rios n\u00e3o inclu\u00eddos<\/p>\n<p><strong><em><a title=\"Banheira anal\u00f3gica com controlo termost\u00e1tico BANHO\" href=\"https:\/\/www.labopolis.com\/wp-content\/uploads\/2015\/05\/Bath.pdf\" target=\"_blank\" rel=\"noopener noreferrer\"><i class=\"fas fa-file-alt\"><\/i>\u00a0Ficha t\u00e9cnica BATH<\/a><\/em><\/strong><\/p>","protected":false},"featured_media":1153,"comment_status":"open","ping_status":"closed","template":"","meta":[],"product_brand":[],"product_cat":[75,93,23],"product_tag":[99,96,84,100],"class_list":{"0":"post-1144","1":"product","2":"type-product","3":"status-publish","4":"has-post-thumbnail","6":"product_cat-banos","7":"product_cat-banos-sin-agitacion","8":"product_cat-laboratorio","9":"product_tag-bano-analogico","10":"product_tag-bano-sin-agitacion","11":"product_tag-bano-termostatizado","12":"product_tag-bano-termostatizado-analogico","14":"first","15":"instock","16":"taxable","17":"shipping-taxable","18":"purchasable","19":"product-type-variable"},"yoast_head":"<!-- This site is optimized with the Yoast SEO plugin v27.2 - https:\/\/yoast.com\/product\/yoast-seo-wordpress\/ -->\n<title>Ba\u00f1o termostatizado anal\u00f3gico Bath - Labopolis<\/title>\n<meta name=\"description\" content=\"Ba\u00f1os termostatizados an\u00e1logicos modelo Bath. Fabricados en Espa\u00f1a. Con servicio t\u00e9cnico nacional con suministro de repuestos y accesorios\" \/>\n<meta name=\"robots\" content=\"index, follow, max-snippet:-1, max-image-preview:large, max-video-preview:-1\" \/>\n<link rel=\"canonical\" href=\"https:\/\/www.labopolis.com\/pt\/produto\/bano-termostatizado-analogico-bath\/\" \/>\n<meta property=\"og:locale\" content=\"pt_PT\" \/>\n<meta property=\"og:type\" content=\"article\" \/>\n<meta property=\"og:title\" content=\"Ba\u00f1o termostatizado anal\u00f3gico Bath - Labopolis\" \/>\n<meta property=\"og:description\" content=\"Ba\u00f1os termostatizados an\u00e1logicos modelo Bath. Fabricados en Espa\u00f1a. Con servicio t\u00e9cnico nacional con suministro de repuestos y accesorios\" \/>\n<meta property=\"og:url\" content=\"https:\/\/www.labopolis.com\/pt\/produto\/bano-termostatizado-analogico-bath\/\" \/>\n<meta property=\"og:site_name\" content=\"Labopolis\" \/>\n<meta property=\"article:publisher\" content=\"https:\/\/www.facebook.com\/profile.php?id=100063251679439\" \/>\n<meta property=\"article:modified_time\" content=\"2025-12-28T16:41:28+00:00\" \/>\n<meta property=\"og:image\" content=\"https:\/\/www.labopolis.com\/wp-content\/uploads\/2023\/07\/BathE-20LtapaDiscosReducto.png\" \/>\n\t<meta property=\"og:image:width\" content=\"290\" \/>\n\t<meta property=\"og:image:height\" content=\"213\" \/>\n\t<meta property=\"og:image:type\" content=\"image\/png\" \/>\n<meta name=\"twitter:card\" content=\"summary_large_image\" \/>\n<meta name=\"twitter:site\" content=\"@Labopolis\" \/>\n<meta name=\"twitter:label1\" content=\"Tempo estimado de leitura\" \/>\n\t<meta name=\"twitter:data1\" content=\"1 minuto\" \/>\n<script type=\"application\/ld+json\" class=\"yoast-schema-graph\">{\"@context\":\"https:\/\/schema.org\",\"@graph\":[{\"@type\":\"WebPage\",\"@id\":\"https:\/\/www.labopolis.com\/producto\/bano-termostatizado-analogico-bath\/\",\"url\":\"https:\/\/www.labopolis.com\/producto\/bano-termostatizado-analogico-bath\/\",\"name\":\"Ba\u00f1o termostatizado anal\u00f3gico Bath - Labopolis\",\"isPartOf\":{\"@id\":\"https:\/\/www.labopolis.com\/#website\"},\"primaryImageOfPage\":{\"@id\":\"https:\/\/www.labopolis.com\/producto\/bano-termostatizado-analogico-bath\/#primaryimage\"},\"image\":{\"@id\":\"https:\/\/www.labopolis.com\/producto\/bano-termostatizado-analogico-bath\/#primaryimage\"},\"thumbnailUrl\":\"https:\/\/www.labopolis.com\/wp-content\/uploads\/2023\/07\/BathE-20LtapaDiscosReducto.png\",\"datePublished\":\"2023-07-10T11:32:34+00:00\",\"dateModified\":\"2025-12-28T16:41:28+00:00\",\"description\":\"Ba\u00f1os termostatizados an\u00e1logicos modelo Bath. Fabricados en Espa\u00f1a. Con servicio t\u00e9cnico nacional con suministro de repuestos y accesorios\",\"breadcrumb\":{\"@id\":\"https:\/\/www.labopolis.com\/producto\/bano-termostatizado-analogico-bath\/#breadcrumb\"},\"inLanguage\":\"pt-PT\",\"potentialAction\":[{\"@type\":\"ReadAction\",\"target\":[\"https:\/\/www.labopolis.com\/producto\/bano-termostatizado-analogico-bath\/\"]}]},{\"@type\":\"ImageObject\",\"inLanguage\":\"pt-PT\",\"@id\":\"https:\/\/www.labopolis.com\/producto\/bano-termostatizado-analogico-bath\/#primaryimage\",\"url\":\"https:\/\/www.labopolis.com\/wp-content\/uploads\/2023\/07\/BathE-20LtapaDiscosReducto.png\",\"contentUrl\":\"https:\/\/www.labopolis.com\/wp-content\/uploads\/2023\/07\/BathE-20LtapaDiscosReducto.png\",\"width\":290,\"height\":213,\"caption\":\"Producto\"},{\"@type\":\"BreadcrumbList\",\"@id\":\"https:\/\/www.labopolis.com\/producto\/bano-termostatizado-analogico-bath\/#breadcrumb\",\"itemListElement\":[{\"@type\":\"ListItem\",\"position\":1,\"name\":\"Portada\",\"item\":\"https:\/\/www.labopolis.com\/\"},{\"@type\":\"ListItem\",\"position\":2,\"name\":\"Productos\",\"item\":\"https:\/\/www.labopolis.com\/shop\/\"},{\"@type\":\"ListItem\",\"position\":3,\"name\":\"Ba\u00f1o termostatizado anal\u00f3gico Bath\"}]},{\"@type\":\"WebSite\",\"@id\":\"https:\/\/www.labopolis.com\/#website\",\"url\":\"https:\/\/www.labopolis.com\/\",\"name\":\"Labopolis\",\"description\":\"\",\"potentialAction\":[{\"@type\":\"SearchAction\",\"target\":{\"@type\":\"EntryPoint\",\"urlTemplate\":\"https:\/\/www.labopolis.com\/?s={search_term_string}\"},\"query-input\":{\"@type\":\"PropertyValueSpecification\",\"valueRequired\":true,\"valueName\":\"search_term_string\"}}],\"inLanguage\":\"pt-PT\"}]}<\/script>\n<!-- \/ Yoast SEO plugin. -->","yoast_head_json":{"title":"Ba\u00f1o termostatizado anal\u00f3gico Bath - Labopolis","description":"Ba\u00f1os termostatizados an\u00e1logicos modelo Bath. Fabricados en Espa\u00f1a. Con servicio t\u00e9cnico nacional con suministro de repuestos y accesorios","robots":{"index":"index","follow":"follow","max-snippet":"max-snippet:-1","max-image-preview":"max-image-preview:large","max-video-preview":"max-video-preview:-1"},"canonical":"https:\/\/www.labopolis.com\/pt\/produto\/bano-termostatizado-analogico-bath\/","og_locale":"pt_PT","og_type":"article","og_title":"Ba\u00f1o termostatizado anal\u00f3gico Bath - Labopolis","og_description":"Ba\u00f1os termostatizados an\u00e1logicos modelo Bath. Fabricados en Espa\u00f1a. Con servicio t\u00e9cnico nacional con suministro de repuestos y accesorios","og_url":"https:\/\/www.labopolis.com\/pt\/produto\/bano-termostatizado-analogico-bath\/","og_site_name":"Labopolis","article_publisher":"https:\/\/www.facebook.com\/profile.php?id=100063251679439","article_modified_time":"2025-12-28T16:41:28+00:00","og_image":[{"width":290,"height":213,"url":"https:\/\/www.labopolis.com\/wp-content\/uploads\/2023\/07\/BathE-20LtapaDiscosReducto.png","type":"image\/png"}],"twitter_card":"summary_large_image","twitter_site":"@Labopolis","twitter_misc":{"Tempo estimado de leitura":"1 minuto"},"schema":{"@context":"https:\/\/schema.org","@graph":[{"@type":"WebPage","@id":"https:\/\/www.labopolis.com\/producto\/bano-termostatizado-analogico-bath\/","url":"https:\/\/www.labopolis.com\/producto\/bano-termostatizado-analogico-bath\/","name":"Ba\u00f1o termostatizado anal\u00f3gico Bath - Labopolis","isPartOf":{"@id":"https:\/\/www.labopolis.com\/#website"},"primaryImageOfPage":{"@id":"https:\/\/www.labopolis.com\/producto\/bano-termostatizado-analogico-bath\/#primaryimage"},"image":{"@id":"https:\/\/www.labopolis.com\/producto\/bano-termostatizado-analogico-bath\/#primaryimage"},"thumbnailUrl":"https:\/\/www.labopolis.com\/wp-content\/uploads\/2023\/07\/BathE-20LtapaDiscosReducto.png","datePublished":"2023-07-10T11:32:34+00:00","dateModified":"2025-12-28T16:41:28+00:00","description":"Ba\u00f1os termostatizados an\u00e1logicos modelo Bath. Fabricados en Espa\u00f1a. Con servicio t\u00e9cnico nacional con suministro de repuestos y accesorios","breadcrumb":{"@id":"https:\/\/www.labopolis.com\/producto\/bano-termostatizado-analogico-bath\/#breadcrumb"},"inLanguage":"pt-PT","potentialAction":[{"@type":"ReadAction","target":["https:\/\/www.labopolis.com\/producto\/bano-termostatizado-analogico-bath\/"]}]},{"@type":"ImageObject","inLanguage":"pt-PT","@id":"https:\/\/www.labopolis.com\/producto\/bano-termostatizado-analogico-bath\/#primaryimage","url":"https:\/\/www.labopolis.com\/wp-content\/uploads\/2023\/07\/BathE-20LtapaDiscosReducto.png","contentUrl":"https:\/\/www.labopolis.com\/wp-content\/uploads\/2023\/07\/BathE-20LtapaDiscosReducto.png","width":290,"height":213,"caption":"Producto"},{"@type":"BreadcrumbList","@id":"https:\/\/www.labopolis.com\/producto\/bano-termostatizado-analogico-bath\/#breadcrumb","itemListElement":[{"@type":"ListItem","position":1,"name":"Portada","item":"https:\/\/www.labopolis.com\/"},{"@type":"ListItem","position":2,"name":"Productos","item":"https:\/\/www.labopolis.com\/shop\/"},{"@type":"ListItem","position":3,"name":"Ba\u00f1o termostatizado anal\u00f3gico Bath"}]},{"@type":"WebSite","@id":"https:\/\/www.labopolis.com\/#website","url":"https:\/\/www.labopolis.com\/","name":"Labopolis","description":"","potentialAction":[{"@type":"SearchAction","target":{"@type":"EntryPoint","urlTemplate":"https:\/\/www.labopolis.com\/?s={search_term_string}"},"query-input":{"@type":"PropertyValueSpecification","valueRequired":true,"valueName":"search_term_string"}}],"inLanguage":"pt-PT"}]}},"_links":{"self":[{"href":"https:\/\/www.labopolis.com\/pt\/wp-json\/wp\/v2\/product\/1144","targetHints":{"allow":["GET"]}}],"collection":[{"href":"https:\/\/www.labopolis.com\/pt\/wp-json\/wp\/v2\/product"}],"about":[{"href":"https:\/\/www.labopolis.com\/pt\/wp-json\/wp\/v2\/types\/product"}],"replies":[{"embeddable":true,"href":"https:\/\/www.labopolis.com\/pt\/wp-json\/wp\/v2\/comments?post=1144"}],"wp:featuredmedia":[{"embeddable":true,"href":"https:\/\/www.labopolis.com\/pt\/wp-json\/wp\/v2\/media\/1153"}],"wp:attachment":[{"href":"https:\/\/www.labopolis.com\/pt\/wp-json\/wp\/v2\/media?parent=1144"}],"wp:term":[{"taxonomy":"product_brand","embeddable":true,"href":"https:\/\/www.labopolis.com\/pt\/wp-json\/wp\/v2\/product_brand?post=1144"},{"taxonomy":"product_cat","embeddable":true,"href":"https:\/\/www.labopolis.com\/pt\/wp-json\/wp\/v2\/product_cat?post=1144"},{"taxonomy":"product_tag","embeddable":true,"href":"https:\/\/www.labopolis.com\/pt\/wp-json\/wp\/v2\/product_tag?post=1144"}],"curies":[{"name":"wp","href":"https:\/\/api.w.org\/{rel}","templated":true}]}}