{"id":1130,"date":"2023-07-10T11:32:33","date_gmt":"2023-07-10T11:32:33","guid":{"rendered":"https:\/\/www.labopolis.com\/?post_type=product&#038;p=1130"},"modified":"2025-12-28T16:44:56","modified_gmt":"2025-12-28T16:44:56","slug":"bano-transparente-con-termostato-de-inmersion-digital-bath-ovantherm-h-clear","status":"publish","type":"product","link":"https:\/\/www.labopolis.com\/pt\/produto\/bano-transparente-con-termostato-de-inmersion-digital-bath-ovantherm-h-clear\/","title":{"rendered":"Banheira OvanTherm H Clear com term\u00f3stato de imers\u00e3o digital Banheira OvanTherm H Clear"},"content":{"rendered":"<p>Modelo BH608CE: 8 l. 60\u00ba C<br \/>\nModelo BH612CE: 12 l. 60\u00ba C<br \/>\nModelo BH620CE: 20 l. 60\u00ba C<br \/>\nModelo BH627CE: 27 l. 60\u00ba C<\/p>\n<p>Banhos de imers\u00e3o termostatizados controlados por microprocessador.<br \/>\nDep\u00f3sito de metacrilato transparente.<br \/>\nEcr\u00e3 digital LCD retroiluminado com indica\u00e7\u00e3o do valor de temperatura selecionado e real.<br \/>\nTeclado com bot\u00f5es de membrana sens\u00edveis ao toque.<br \/>\nSonda PT100 de alta precis\u00e3o incorporada.<br \/>\nTerm\u00f3stato de seguran\u00e7a para o n\u00edvel de l\u00edquido, sobreaquecimento ou falta de \u00e1gua na resist\u00eancia.<br \/>\nGuarda na mem\u00f3ria os \u00faltimos dados utilizados.<br \/>\nAlarme ac\u00fastico de seguran\u00e7a contra sobreaquecimento que desliga o sistema de aquecimento.<\/p>","protected":false},"excerpt":{"rendered":"<p>Modelo BH608CE: 8 l. 60\u00ba C<br \/>\nModelo BH612CE: 12 l. 60\u00ba C<br \/>\nModelo BH620CE: 20 l. 60\u00ba C<br \/>\nModelo BH627CE: 27 l. 60\u00ba C<br \/>\nAcess\u00f3rios n\u00e3o inclu\u00eddos<\/p>\n<p><strong><em><a title=\"Banheira transparente com term\u00f3stato de imers\u00e3o digital BANHO OVANTHERM H CLEAR\" href=\"https:\/\/www.labopolis.com\/wp-content\/uploads\/2015\/05\/BathOvanthermHCLEAR.pdf\" target=\"_blank\" rel=\"noopener\"><i class=\"fas fa-file-alt\"><\/i>\u00a0Ficha t\u00e9cnica BANHO OVANTHERM H CLEAR<\/a><\/em><\/strong><\/p>","protected":false},"featured_media":1151,"comment_status":"open","ping_status":"closed","template":"","meta":[],"product_brand":[],"product_cat":[75,93,23],"product_tag":[94,96,84,97],"class_list":{"0":"post-1130","1":"product","2":"type-product","3":"status-publish","4":"has-post-thumbnail","6":"product_cat-banos","7":"product_cat-banos-sin-agitacion","8":"product_cat-laboratorio","9":"product_tag-bano-laboratorio","10":"product_tag-bano-sin-agitacion","11":"product_tag-bano-termostatizado","12":"product_tag-bano-transparente-termostatizado","14":"first","15":"instock","16":"taxable","17":"shipping-taxable","18":"purchasable","19":"product-type-variable"},"yoast_head":"<!-- This site is optimized with the Yoast SEO plugin v27.2 - https:\/\/yoast.com\/product\/yoast-seo-wordpress\/ -->\n<title>Ba\u00f1o transparente con termostato de inmersi\u00f3n digital Bath OvanTherm H Clear - Labopolis<\/title>\n<meta name=\"description\" content=\"Ba\u00f1o termostatizado de inmersi\u00f3n digital con cubeta transparente, con sonda Pt-100 de alta precisi\u00f3n. Accesorios no incluidos.\" \/>\n<meta name=\"robots\" content=\"index, follow, max-snippet:-1, max-image-preview:large, max-video-preview:-1\" \/>\n<link rel=\"canonical\" href=\"https:\/\/www.labopolis.com\/pt\/produto\/bano-transparente-con-termostato-de-inmersion-digital-bath-ovantherm-h-clear\/\" \/>\n<meta property=\"og:locale\" content=\"pt_PT\" \/>\n<meta property=\"og:type\" content=\"article\" \/>\n<meta property=\"og:title\" content=\"Ba\u00f1o transparente con termostato de inmersi\u00f3n digital Bath OvanTherm H Clear - Labopolis\" \/>\n<meta property=\"og:description\" content=\"Ba\u00f1o termostatizado de inmersi\u00f3n digital con cubeta transparente, con sonda Pt-100 de alta precisi\u00f3n. Accesorios no incluidos.\" \/>\n<meta property=\"og:url\" content=\"https:\/\/www.labopolis.com\/pt\/produto\/bano-transparente-con-termostato-de-inmersion-digital-bath-ovantherm-h-clear\/\" \/>\n<meta property=\"og:site_name\" content=\"Labopolis\" \/>\n<meta property=\"article:publisher\" content=\"https:\/\/www.facebook.com\/profile.php?id=100063251679439\" \/>\n<meta property=\"article:modified_time\" content=\"2025-12-28T16:44:56+00:00\" \/>\n<meta property=\"og:image\" content=\"https:\/\/www.labopolis.com\/wp-content\/uploads\/2023\/07\/BathOvanThermCLEAR-E-27Lgr.png\" \/>\n\t<meta property=\"og:image:width\" content=\"481\" \/>\n\t<meta property=\"og:image:height\" content=\"503\" \/>\n\t<meta property=\"og:image:type\" content=\"image\/png\" \/>\n<meta name=\"twitter:card\" content=\"summary_large_image\" \/>\n<meta name=\"twitter:site\" content=\"@Labopolis\" \/>\n<meta name=\"twitter:label1\" content=\"Tempo estimado de leitura\" \/>\n\t<meta name=\"twitter:data1\" content=\"1 minuto\" \/>\n<script type=\"application\/ld+json\" class=\"yoast-schema-graph\">{\"@context\":\"https:\/\/schema.org\",\"@graph\":[{\"@type\":\"WebPage\",\"@id\":\"https:\/\/www.labopolis.com\/producto\/bano-transparente-con-termostato-de-inmersion-digital-bath-ovantherm-h-clear\/\",\"url\":\"https:\/\/www.labopolis.com\/producto\/bano-transparente-con-termostato-de-inmersion-digital-bath-ovantherm-h-clear\/\",\"name\":\"Ba\u00f1o transparente con termostato de inmersi\u00f3n digital Bath OvanTherm H Clear - Labopolis\",\"isPartOf\":{\"@id\":\"https:\/\/www.labopolis.com\/#website\"},\"primaryImageOfPage\":{\"@id\":\"https:\/\/www.labopolis.com\/producto\/bano-transparente-con-termostato-de-inmersion-digital-bath-ovantherm-h-clear\/#primaryimage\"},\"image\":{\"@id\":\"https:\/\/www.labopolis.com\/producto\/bano-transparente-con-termostato-de-inmersion-digital-bath-ovantherm-h-clear\/#primaryimage\"},\"thumbnailUrl\":\"https:\/\/www.labopolis.com\/wp-content\/uploads\/2023\/07\/BathOvanThermCLEAR-E-27Lgr.png\",\"datePublished\":\"2023-07-10T11:32:33+00:00\",\"dateModified\":\"2025-12-28T16:44:56+00:00\",\"description\":\"Ba\u00f1o termostatizado de inmersi\u00f3n digital con cubeta transparente, con sonda Pt-100 de alta precisi\u00f3n. Accesorios no incluidos.\",\"breadcrumb\":{\"@id\":\"https:\/\/www.labopolis.com\/producto\/bano-transparente-con-termostato-de-inmersion-digital-bath-ovantherm-h-clear\/#breadcrumb\"},\"inLanguage\":\"pt-PT\",\"potentialAction\":[{\"@type\":\"ReadAction\",\"target\":[\"https:\/\/www.labopolis.com\/producto\/bano-transparente-con-termostato-de-inmersion-digital-bath-ovantherm-h-clear\/\"]}]},{\"@type\":\"ImageObject\",\"inLanguage\":\"pt-PT\",\"@id\":\"https:\/\/www.labopolis.com\/producto\/bano-transparente-con-termostato-de-inmersion-digital-bath-ovantherm-h-clear\/#primaryimage\",\"url\":\"https:\/\/www.labopolis.com\/wp-content\/uploads\/2023\/07\/BathOvanThermCLEAR-E-27Lgr.png\",\"contentUrl\":\"https:\/\/www.labopolis.com\/wp-content\/uploads\/2023\/07\/BathOvanThermCLEAR-E-27Lgr.png\",\"width\":481,\"height\":503,\"caption\":\"Producto\"},{\"@type\":\"BreadcrumbList\",\"@id\":\"https:\/\/www.labopolis.com\/producto\/bano-transparente-con-termostato-de-inmersion-digital-bath-ovantherm-h-clear\/#breadcrumb\",\"itemListElement\":[{\"@type\":\"ListItem\",\"position\":1,\"name\":\"Portada\",\"item\":\"https:\/\/www.labopolis.com\/\"},{\"@type\":\"ListItem\",\"position\":2,\"name\":\"Productos\",\"item\":\"https:\/\/www.labopolis.com\/shop\/\"},{\"@type\":\"ListItem\",\"position\":3,\"name\":\"Ba\u00f1o transparente con termostato de inmersi\u00f3n digital Bath OvanTherm H Clear\"}]},{\"@type\":\"WebSite\",\"@id\":\"https:\/\/www.labopolis.com\/#website\",\"url\":\"https:\/\/www.labopolis.com\/\",\"name\":\"Labopolis\",\"description\":\"\",\"potentialAction\":[{\"@type\":\"SearchAction\",\"target\":{\"@type\":\"EntryPoint\",\"urlTemplate\":\"https:\/\/www.labopolis.com\/?s={search_term_string}\"},\"query-input\":{\"@type\":\"PropertyValueSpecification\",\"valueRequired\":true,\"valueName\":\"search_term_string\"}}],\"inLanguage\":\"pt-PT\"}]}<\/script>\n<!-- \/ Yoast SEO plugin. -->","yoast_head_json":{"title":"Ba\u00f1o transparente con termostato de inmersi\u00f3n digital Bath OvanTherm H Clear - Labopolis","description":"Ba\u00f1o termostatizado de inmersi\u00f3n digital con cubeta transparente, con sonda Pt-100 de alta precisi\u00f3n. Accesorios no incluidos.","robots":{"index":"index","follow":"follow","max-snippet":"max-snippet:-1","max-image-preview":"max-image-preview:large","max-video-preview":"max-video-preview:-1"},"canonical":"https:\/\/www.labopolis.com\/pt\/produto\/bano-transparente-con-termostato-de-inmersion-digital-bath-ovantherm-h-clear\/","og_locale":"pt_PT","og_type":"article","og_title":"Ba\u00f1o transparente con termostato de inmersi\u00f3n digital Bath OvanTherm H Clear - Labopolis","og_description":"Ba\u00f1o termostatizado de inmersi\u00f3n digital con cubeta transparente, con sonda Pt-100 de alta precisi\u00f3n. Accesorios no incluidos.","og_url":"https:\/\/www.labopolis.com\/pt\/produto\/bano-transparente-con-termostato-de-inmersion-digital-bath-ovantherm-h-clear\/","og_site_name":"Labopolis","article_publisher":"https:\/\/www.facebook.com\/profile.php?id=100063251679439","article_modified_time":"2025-12-28T16:44:56+00:00","og_image":[{"width":481,"height":503,"url":"https:\/\/www.labopolis.com\/wp-content\/uploads\/2023\/07\/BathOvanThermCLEAR-E-27Lgr.png","type":"image\/png"}],"twitter_card":"summary_large_image","twitter_site":"@Labopolis","twitter_misc":{"Tempo estimado de leitura":"1 minuto"},"schema":{"@context":"https:\/\/schema.org","@graph":[{"@type":"WebPage","@id":"https:\/\/www.labopolis.com\/producto\/bano-transparente-con-termostato-de-inmersion-digital-bath-ovantherm-h-clear\/","url":"https:\/\/www.labopolis.com\/producto\/bano-transparente-con-termostato-de-inmersion-digital-bath-ovantherm-h-clear\/","name":"Ba\u00f1o transparente con termostato de inmersi\u00f3n digital Bath OvanTherm H Clear - Labopolis","isPartOf":{"@id":"https:\/\/www.labopolis.com\/#website"},"primaryImageOfPage":{"@id":"https:\/\/www.labopolis.com\/producto\/bano-transparente-con-termostato-de-inmersion-digital-bath-ovantherm-h-clear\/#primaryimage"},"image":{"@id":"https:\/\/www.labopolis.com\/producto\/bano-transparente-con-termostato-de-inmersion-digital-bath-ovantherm-h-clear\/#primaryimage"},"thumbnailUrl":"https:\/\/www.labopolis.com\/wp-content\/uploads\/2023\/07\/BathOvanThermCLEAR-E-27Lgr.png","datePublished":"2023-07-10T11:32:33+00:00","dateModified":"2025-12-28T16:44:56+00:00","description":"Ba\u00f1o termostatizado de inmersi\u00f3n digital con cubeta transparente, con sonda Pt-100 de alta precisi\u00f3n. Accesorios no incluidos.","breadcrumb":{"@id":"https:\/\/www.labopolis.com\/producto\/bano-transparente-con-termostato-de-inmersion-digital-bath-ovantherm-h-clear\/#breadcrumb"},"inLanguage":"pt-PT","potentialAction":[{"@type":"ReadAction","target":["https:\/\/www.labopolis.com\/producto\/bano-transparente-con-termostato-de-inmersion-digital-bath-ovantherm-h-clear\/"]}]},{"@type":"ImageObject","inLanguage":"pt-PT","@id":"https:\/\/www.labopolis.com\/producto\/bano-transparente-con-termostato-de-inmersion-digital-bath-ovantherm-h-clear\/#primaryimage","url":"https:\/\/www.labopolis.com\/wp-content\/uploads\/2023\/07\/BathOvanThermCLEAR-E-27Lgr.png","contentUrl":"https:\/\/www.labopolis.com\/wp-content\/uploads\/2023\/07\/BathOvanThermCLEAR-E-27Lgr.png","width":481,"height":503,"caption":"Producto"},{"@type":"BreadcrumbList","@id":"https:\/\/www.labopolis.com\/producto\/bano-transparente-con-termostato-de-inmersion-digital-bath-ovantherm-h-clear\/#breadcrumb","itemListElement":[{"@type":"ListItem","position":1,"name":"Portada","item":"https:\/\/www.labopolis.com\/"},{"@type":"ListItem","position":2,"name":"Productos","item":"https:\/\/www.labopolis.com\/shop\/"},{"@type":"ListItem","position":3,"name":"Ba\u00f1o transparente con termostato de inmersi\u00f3n digital Bath OvanTherm H Clear"}]},{"@type":"WebSite","@id":"https:\/\/www.labopolis.com\/#website","url":"https:\/\/www.labopolis.com\/","name":"Labopolis","description":"","potentialAction":[{"@type":"SearchAction","target":{"@type":"EntryPoint","urlTemplate":"https:\/\/www.labopolis.com\/?s={search_term_string}"},"query-input":{"@type":"PropertyValueSpecification","valueRequired":true,"valueName":"search_term_string"}}],"inLanguage":"pt-PT"}]}},"_links":{"self":[{"href":"https:\/\/www.labopolis.com\/pt\/wp-json\/wp\/v2\/product\/1130","targetHints":{"allow":["GET"]}}],"collection":[{"href":"https:\/\/www.labopolis.com\/pt\/wp-json\/wp\/v2\/product"}],"about":[{"href":"https:\/\/www.labopolis.com\/pt\/wp-json\/wp\/v2\/types\/product"}],"replies":[{"embeddable":true,"href":"https:\/\/www.labopolis.com\/pt\/wp-json\/wp\/v2\/comments?post=1130"}],"wp:featuredmedia":[{"embeddable":true,"href":"https:\/\/www.labopolis.com\/pt\/wp-json\/wp\/v2\/media\/1151"}],"wp:attachment":[{"href":"https:\/\/www.labopolis.com\/pt\/wp-json\/wp\/v2\/media?parent=1130"}],"wp:term":[{"taxonomy":"product_brand","embeddable":true,"href":"https:\/\/www.labopolis.com\/pt\/wp-json\/wp\/v2\/product_brand?post=1130"},{"taxonomy":"product_cat","embeddable":true,"href":"https:\/\/www.labopolis.com\/pt\/wp-json\/wp\/v2\/product_cat?post=1130"},{"taxonomy":"product_tag","embeddable":true,"href":"https:\/\/www.labopolis.com\/pt\/wp-json\/wp\/v2\/product_tag?post=1130"}],"curies":[{"name":"wp","href":"https:\/\/api.w.org\/{rel}","templated":true}]}}