{"id":1064,"date":"2023-07-10T11:32:12","date_gmt":"2023-07-10T11:32:12","guid":{"rendered":"https:\/\/www.labopolis.com\/?post_type=product&#038;p=1064"},"modified":"2025-09-15T15:32:00","modified_gmt":"2025-09-15T15:32:00","slug":"bano-con-termostato-de-inmersion-y-agitacion-magnetica-multiplaza-digital-bath-ovantherm-multimix","status":"publish","type":"product","link":"https:\/\/www.labopolis.com\/pt\/produto\/bano-con-termostato-de-inmersion-y-agitacion-magnetica-multiplaza-digital-bath-ovantherm-multimix\/","title":{"rendered":"Banho OvanTherm Multimix Banho OvanTherm Multimix digital multiplace com term\u00f3stato de imers\u00e3o e agitador magn\u00e9tico"},"content":{"rendered":"<p>Banho OvanTherm Multimix Banho OvanTherm Multimix digital multiplace com term\u00f3stato de imers\u00e3o e agitador magn\u00e9tico<br \/>\nModelo BHM5E: 5 bancos 20 l. 100\u00ba C<br \/>\nModelo BHM9E: 9 bancos 20 l. 100\u00ba C<\/p>\n<p>Banho com term\u00f3stato. Composto por um term\u00f3stato de imers\u00e3o OvanTherm H TH100, um multi-agitador MultiMix D MM50 ou MM90 e um dep\u00f3sito de a\u00e7o inoxid\u00e1vel de 20L.<br \/>\nA temperatura pode ser ajustada a partir do term\u00f3stato de imers\u00e3o e a velocidade de agita\u00e7\u00e3o pode ser ajustada individualmente para cada quadrado.<br \/>\nBomba de homogeneiza\u00e7\u00e3o com uma capacidade de 6 l\/min. Regula\u00e7\u00e3o do motor com 4 n\u00edveis de pot\u00eancia.<br \/>\nEcr\u00e3 LCD digital retroiluminado com indica\u00e7\u00e3o dos valores de temperatura e velocidade selecionados e reais.<br \/>\nComando por bot\u00e3o de press\u00e3o da membrana.<br \/>\nAlarme ac\u00fastico de seguran\u00e7a contra sobreaquecimento que desliga o sistema de aquecimento para proteger a amostra de ensaio.<br \/>\nMemoriza os \u00faltimos dados utilizados.<br \/>\nInterruptor principal protegido contra salpicos de \u00e1gua.<\/p>","protected":false},"excerpt":{"rendered":"<p>Banho OvanTherm Multimix Banho OvanTherm Multimix digital multiplace com term\u00f3stato de imers\u00e3o e agitador magn\u00e9tico<br \/>\nModelo BHM5E: 5 bancos 20 l. 100\u00ba C<br \/>\nModelo BHM9E: 9 bancos 20 l. 100\u00ba C<br \/>\nAcess\u00f3rios n\u00e3o inclu\u00eddos<\/p>\n<p><strong><em> <a title=\"BANHO OVANTHERM MULTIMIX banho digital multiplace com term\u00f3stato de imers\u00e3o e agitador magn\u00e9tico\" href=\"https:\/\/www.labopolis.com\/wp-content\/uploads\/2015\/05\/BathOvanThermMultiMix.pdf\" target=\"_blank\" rel=\"noopener\"><i class=\"fas fa-file-alt\"><\/i>\u00a0Ficha t\u00e9cnica BATH OVANTHERM MULTIMIX<\/a><\/em><\/strong><\/p>","protected":false},"featured_media":1081,"comment_status":"open","ping_status":"closed","template":"","meta":[],"product_brand":[],"product_cat":[75,76,23],"product_tag":[77,78,79],"class_list":{"0":"post-1064","1":"product","2":"type-product","3":"status-publish","4":"has-post-thumbnail","6":"product_cat-banos","7":"product_cat-banos-con-agitacion","8":"product_cat-laboratorio","9":"product_tag-bano-agitacion-magnetica-multiplaza","10":"product_tag-bano-con-agitacion-magnetica","11":"product_tag-bano-con-termostato-de-inmersion","13":"first","14":"instock","15":"taxable","16":"shipping-taxable","17":"purchasable","18":"product-type-variable"},"yoast_head":"<!-- This site is optimized with the Yoast SEO plugin v27.2 - https:\/\/yoast.com\/product\/yoast-seo-wordpress\/ -->\n<title>Ba\u00f1o con termostato de inmersi\u00f3n y agitaci\u00f3n magn\u00e9tica multiplaza digital Bath OvanTherm Multimix - Labopolis<\/title>\n<meta name=\"description\" content=\"Disponibles en 5 y 9 plazas. Con termostato de inmersi\u00f3n OvanTherm H TH100, multiagitador MultiMix D MM50 o MM90 cubeta Inoxidable 20L\" \/>\n<meta name=\"robots\" content=\"index, follow, max-snippet:-1, max-image-preview:large, max-video-preview:-1\" \/>\n<link rel=\"canonical\" href=\"https:\/\/www.labopolis.com\/pt\/produto\/bano-con-termostato-de-inmersion-y-agitacion-magnetica-multiplaza-digital-bath-ovantherm-multimix\/\" \/>\n<meta property=\"og:locale\" content=\"pt_PT\" \/>\n<meta property=\"og:type\" content=\"article\" \/>\n<meta property=\"og:title\" content=\"Ba\u00f1o con termostato de inmersi\u00f3n y agitaci\u00f3n magn\u00e9tica multiplaza digital Bath OvanTherm Multimix - Labopolis\" \/>\n<meta property=\"og:description\" content=\"Disponibles en 5 y 9 plazas. Con termostato de inmersi\u00f3n OvanTherm H TH100, multiagitador MultiMix D MM50 o MM90 cubeta Inoxidable 20L\" \/>\n<meta property=\"og:url\" content=\"https:\/\/www.labopolis.com\/pt\/produto\/bano-con-termostato-de-inmersion-y-agitacion-magnetica-multiplaza-digital-bath-ovantherm-multimix\/\" \/>\n<meta property=\"og:site_name\" content=\"Labopolis\" \/>\n<meta property=\"article:publisher\" content=\"https:\/\/www.facebook.com\/profile.php?id=100063251679439\" \/>\n<meta property=\"article:modified_time\" content=\"2025-09-15T15:32:00+00:00\" \/>\n<meta property=\"og:image\" content=\"https:\/\/www.labopolis.com\/wp-content\/uploads\/2023\/07\/BathOvanThermMultiMixE-9p.png\" \/>\n\t<meta property=\"og:image:width\" content=\"504\" \/>\n\t<meta property=\"og:image:height\" content=\"506\" \/>\n\t<meta property=\"og:image:type\" content=\"image\/png\" \/>\n<meta name=\"twitter:card\" content=\"summary_large_image\" \/>\n<meta name=\"twitter:site\" content=\"@Labopolis\" \/>\n<meta name=\"twitter:label1\" content=\"Tempo estimado de leitura\" \/>\n\t<meta name=\"twitter:data1\" content=\"1 minuto\" \/>\n<script type=\"application\/ld+json\" class=\"yoast-schema-graph\">{\"@context\":\"https:\/\/schema.org\",\"@graph\":[{\"@type\":\"WebPage\",\"@id\":\"https:\/\/www.labopolis.com\/producto\/bano-con-termostato-de-inmersion-y-agitacion-magnetica-multiplaza-digital-bath-ovantherm-multimix\/\",\"url\":\"https:\/\/www.labopolis.com\/producto\/bano-con-termostato-de-inmersion-y-agitacion-magnetica-multiplaza-digital-bath-ovantherm-multimix\/\",\"name\":\"Ba\u00f1o con termostato de inmersi\u00f3n y agitaci\u00f3n magn\u00e9tica multiplaza digital Bath OvanTherm Multimix - Labopolis\",\"isPartOf\":{\"@id\":\"https:\/\/www.labopolis.com\/#website\"},\"primaryImageOfPage\":{\"@id\":\"https:\/\/www.labopolis.com\/producto\/bano-con-termostato-de-inmersion-y-agitacion-magnetica-multiplaza-digital-bath-ovantherm-multimix\/#primaryimage\"},\"image\":{\"@id\":\"https:\/\/www.labopolis.com\/producto\/bano-con-termostato-de-inmersion-y-agitacion-magnetica-multiplaza-digital-bath-ovantherm-multimix\/#primaryimage\"},\"thumbnailUrl\":\"https:\/\/www.labopolis.com\/wp-content\/uploads\/2023\/07\/BathOvanThermMultiMixE-9p.png\",\"datePublished\":\"2023-07-10T11:32:12+00:00\",\"dateModified\":\"2025-09-15T15:32:00+00:00\",\"description\":\"Disponibles en 5 y 9 plazas. Con termostato de inmersi\u00f3n OvanTherm H TH100, multiagitador MultiMix D MM50 o MM90 cubeta Inoxidable 20L\",\"breadcrumb\":{\"@id\":\"https:\/\/www.labopolis.com\/producto\/bano-con-termostato-de-inmersion-y-agitacion-magnetica-multiplaza-digital-bath-ovantherm-multimix\/#breadcrumb\"},\"inLanguage\":\"pt-PT\",\"potentialAction\":[{\"@type\":\"ReadAction\",\"target\":[\"https:\/\/www.labopolis.com\/producto\/bano-con-termostato-de-inmersion-y-agitacion-magnetica-multiplaza-digital-bath-ovantherm-multimix\/\"]}]},{\"@type\":\"ImageObject\",\"inLanguage\":\"pt-PT\",\"@id\":\"https:\/\/www.labopolis.com\/producto\/bano-con-termostato-de-inmersion-y-agitacion-magnetica-multiplaza-digital-bath-ovantherm-multimix\/#primaryimage\",\"url\":\"https:\/\/www.labopolis.com\/wp-content\/uploads\/2023\/07\/BathOvanThermMultiMixE-9p.png\",\"contentUrl\":\"https:\/\/www.labopolis.com\/wp-content\/uploads\/2023\/07\/BathOvanThermMultiMixE-9p.png\",\"width\":504,\"height\":506,\"caption\":\"Producto\"},{\"@type\":\"BreadcrumbList\",\"@id\":\"https:\/\/www.labopolis.com\/producto\/bano-con-termostato-de-inmersion-y-agitacion-magnetica-multiplaza-digital-bath-ovantherm-multimix\/#breadcrumb\",\"itemListElement\":[{\"@type\":\"ListItem\",\"position\":1,\"name\":\"Portada\",\"item\":\"https:\/\/www.labopolis.com\/\"},{\"@type\":\"ListItem\",\"position\":2,\"name\":\"Productos\",\"item\":\"https:\/\/www.labopolis.com\/shop\/\"},{\"@type\":\"ListItem\",\"position\":3,\"name\":\"Ba\u00f1o con termostato de inmersi\u00f3n y agitaci\u00f3n magn\u00e9tica multiplaza digital Bath OvanTherm Multimix\"}]},{\"@type\":\"WebSite\",\"@id\":\"https:\/\/www.labopolis.com\/#website\",\"url\":\"https:\/\/www.labopolis.com\/\",\"name\":\"Labopolis\",\"description\":\"\",\"potentialAction\":[{\"@type\":\"SearchAction\",\"target\":{\"@type\":\"EntryPoint\",\"urlTemplate\":\"https:\/\/www.labopolis.com\/?s={search_term_string}\"},\"query-input\":{\"@type\":\"PropertyValueSpecification\",\"valueRequired\":true,\"valueName\":\"search_term_string\"}}],\"inLanguage\":\"pt-PT\"}]}<\/script>\n<!-- \/ Yoast SEO plugin. -->","yoast_head_json":{"title":"Banho OvanTherm Multimix digital com term\u00f3stato de imers\u00e3o e agita\u00e7\u00e3o magn\u00e9tica - Labopolis","description":"Dispon\u00edvel em 5 e 9 lugares. Com term\u00f3stato de imers\u00e3o OvanTherm H TH100, ta\u00e7a MultiMix D MM50 ou MM90 em a\u00e7o inoxid\u00e1vel 20L.","robots":{"index":"index","follow":"follow","max-snippet":"max-snippet:-1","max-image-preview":"max-image-preview:large","max-video-preview":"max-video-preview:-1"},"canonical":"https:\/\/www.labopolis.com\/pt\/produto\/bano-con-termostato-de-inmersion-y-agitacion-magnetica-multiplaza-digital-bath-ovantherm-multimix\/","og_locale":"pt_PT","og_type":"article","og_title":"Ba\u00f1o con termostato de inmersi\u00f3n y agitaci\u00f3n magn\u00e9tica multiplaza digital Bath OvanTherm Multimix - Labopolis","og_description":"Disponibles en 5 y 9 plazas. Con termostato de inmersi\u00f3n OvanTherm H TH100, multiagitador MultiMix D MM50 o MM90 cubeta Inoxidable 20L","og_url":"https:\/\/www.labopolis.com\/pt\/produto\/bano-con-termostato-de-inmersion-y-agitacion-magnetica-multiplaza-digital-bath-ovantherm-multimix\/","og_site_name":"Labopolis","article_publisher":"https:\/\/www.facebook.com\/profile.php?id=100063251679439","article_modified_time":"2025-09-15T15:32:00+00:00","og_image":[{"width":504,"height":506,"url":"https:\/\/www.labopolis.com\/wp-content\/uploads\/2023\/07\/BathOvanThermMultiMixE-9p.png","type":"image\/png"}],"twitter_card":"summary_large_image","twitter_site":"@Labopolis","twitter_misc":{"Tempo estimado de leitura":"1 minuto"},"schema":{"@context":"https:\/\/schema.org","@graph":[{"@type":"WebPage","@id":"https:\/\/www.labopolis.com\/producto\/bano-con-termostato-de-inmersion-y-agitacion-magnetica-multiplaza-digital-bath-ovantherm-multimix\/","url":"https:\/\/www.labopolis.com\/producto\/bano-con-termostato-de-inmersion-y-agitacion-magnetica-multiplaza-digital-bath-ovantherm-multimix\/","name":"Banho OvanTherm Multimix digital com term\u00f3stato de imers\u00e3o e agita\u00e7\u00e3o magn\u00e9tica - Labopolis","isPartOf":{"@id":"https:\/\/www.labopolis.com\/#website"},"primaryImageOfPage":{"@id":"https:\/\/www.labopolis.com\/producto\/bano-con-termostato-de-inmersion-y-agitacion-magnetica-multiplaza-digital-bath-ovantherm-multimix\/#primaryimage"},"image":{"@id":"https:\/\/www.labopolis.com\/producto\/bano-con-termostato-de-inmersion-y-agitacion-magnetica-multiplaza-digital-bath-ovantherm-multimix\/#primaryimage"},"thumbnailUrl":"https:\/\/www.labopolis.com\/wp-content\/uploads\/2023\/07\/BathOvanThermMultiMixE-9p.png","datePublished":"2023-07-10T11:32:12+00:00","dateModified":"2025-09-15T15:32:00+00:00","description":"Dispon\u00edvel em 5 e 9 lugares. Com term\u00f3stato de imers\u00e3o OvanTherm H TH100, ta\u00e7a MultiMix D MM50 ou MM90 em a\u00e7o inoxid\u00e1vel 20L.","breadcrumb":{"@id":"https:\/\/www.labopolis.com\/producto\/bano-con-termostato-de-inmersion-y-agitacion-magnetica-multiplaza-digital-bath-ovantherm-multimix\/#breadcrumb"},"inLanguage":"pt-PT","potentialAction":[{"@type":"ReadAction","target":["https:\/\/www.labopolis.com\/producto\/bano-con-termostato-de-inmersion-y-agitacion-magnetica-multiplaza-digital-bath-ovantherm-multimix\/"]}]},{"@type":"ImageObject","inLanguage":"pt-PT","@id":"https:\/\/www.labopolis.com\/producto\/bano-con-termostato-de-inmersion-y-agitacion-magnetica-multiplaza-digital-bath-ovantherm-multimix\/#primaryimage","url":"https:\/\/www.labopolis.com\/wp-content\/uploads\/2023\/07\/BathOvanThermMultiMixE-9p.png","contentUrl":"https:\/\/www.labopolis.com\/wp-content\/uploads\/2023\/07\/BathOvanThermMultiMixE-9p.png","width":504,"height":506,"caption":"Producto"},{"@type":"BreadcrumbList","@id":"https:\/\/www.labopolis.com\/producto\/bano-con-termostato-de-inmersion-y-agitacion-magnetica-multiplaza-digital-bath-ovantherm-multimix\/#breadcrumb","itemListElement":[{"@type":"ListItem","position":1,"name":"Portada","item":"https:\/\/www.labopolis.com\/"},{"@type":"ListItem","position":2,"name":"Productos","item":"https:\/\/www.labopolis.com\/shop\/"},{"@type":"ListItem","position":3,"name":"Ba\u00f1o con termostato de inmersi\u00f3n y agitaci\u00f3n magn\u00e9tica multiplaza digital Bath OvanTherm Multimix"}]},{"@type":"WebSite","@id":"https:\/\/www.labopolis.com\/#website","url":"https:\/\/www.labopolis.com\/","name":"Labopolis","description":"","potentialAction":[{"@type":"SearchAction","target":{"@type":"EntryPoint","urlTemplate":"https:\/\/www.labopolis.com\/?s={search_term_string}"},"query-input":{"@type":"PropertyValueSpecification","valueRequired":true,"valueName":"search_term_string"}}],"inLanguage":"pt-PT"}]}},"_links":{"self":[{"href":"https:\/\/www.labopolis.com\/pt\/wp-json\/wp\/v2\/product\/1064","targetHints":{"allow":["GET"]}}],"collection":[{"href":"https:\/\/www.labopolis.com\/pt\/wp-json\/wp\/v2\/product"}],"about":[{"href":"https:\/\/www.labopolis.com\/pt\/wp-json\/wp\/v2\/types\/product"}],"replies":[{"embeddable":true,"href":"https:\/\/www.labopolis.com\/pt\/wp-json\/wp\/v2\/comments?post=1064"}],"wp:featuredmedia":[{"embeddable":true,"href":"https:\/\/www.labopolis.com\/pt\/wp-json\/wp\/v2\/media\/1081"}],"wp:attachment":[{"href":"https:\/\/www.labopolis.com\/pt\/wp-json\/wp\/v2\/media?parent=1064"}],"wp:term":[{"taxonomy":"product_brand","embeddable":true,"href":"https:\/\/www.labopolis.com\/pt\/wp-json\/wp\/v2\/product_brand?post=1064"},{"taxonomy":"product_cat","embeddable":true,"href":"https:\/\/www.labopolis.com\/pt\/wp-json\/wp\/v2\/product_cat?post=1064"},{"taxonomy":"product_tag","embeddable":true,"href":"https:\/\/www.labopolis.com\/pt\/wp-json\/wp\/v2\/product_tag?post=1064"}],"curies":[{"name":"wp","href":"https:\/\/api.w.org\/{rel}","templated":true}]}}