{"id":1056,"date":"2023-07-10T11:32:12","date_gmt":"2023-07-10T11:32:12","guid":{"rendered":"https:\/\/www.labopolis.com\/?post_type=product&#038;p=1056"},"modified":"2025-12-10T17:33:12","modified_gmt":"2025-12-10T17:33:12","slug":"autoclave-sobremesa-certoclav-cv-el","status":"publish","type":"product","link":"https:\/\/www.labopolis.com\/pt\/produto\/autoclave-sobremesa-certoclav-cv-el\/","title":{"rendered":"Autoclave de mesa Certoclav CV EL"},"content":{"rendered":"<p>Autoclave de mesa CERTOCLAV CV-EL + Cesto com pega<br \/>\nAutoclave com controlo de v\u00e1lvula e term\u00f3stato. Com tabuleiro de instrumentos est\u00e1vel em alum\u00ednio com suporte + cesto de instrumentos com pega.<br \/>\nCapacidade: 12 litros e 18 litros. \u00d8 C\u00e2mara interior: 240mm, Altura, possibilidade de carga: 260mm. Dimens\u00f5es: 370mm x 300mm x 510mm<\/p>","protected":false},"excerpt":{"rendered":"<p>Autoclaves de laborat\u00f3rio Certoclav, em alum\u00ednio:<\/p>\n<p>Modelo 8501412: Conjunto de 12 litros CERTOCLAV CV-EL 12 L GS 125\/140\u00baC + Cesto<br \/>\nModelo 8501412A: Conjunto de 12 litros CERTOCLAV CV-EL 12 L GS 115\/121\u00baC + Cesto<br \/>\nModelo 8501418: 18 Litros CONJUNTO CERTOCLAV CV-EL 18 L GS 125\/140\u00baC + Cesto<br \/>\nModelo 8501418A: Conjunto de 18 litros CERTOCLAV CV-EL 18 L GS 115\/121\u00b0C + Cesto<\/p>\n<p><em><strong><a href=\"https:\/\/www.labopolis.com\/wp-content\/uploads\/2016\/01\/Certoclav.pdf\" target=\"_blank\" rel=\"attachment wp-att-3816 noopener noreferrer\"><i class=\"fas fa-file-alt\"><\/i>\u00a0Ficha t\u00e9cnica do CERTOCLAV<\/a><\/strong><\/em><\/p>","protected":false},"featured_media":1071,"comment_status":"open","ping_status":"closed","template":"","meta":[],"product_brand":[],"product_cat":[73,23],"product_tag":[],"class_list":{"0":"post-1056","1":"product","2":"type-product","3":"status-publish","4":"has-post-thumbnail","6":"product_cat-autoclaves","7":"product_cat-laboratorio","9":"first","10":"instock","11":"taxable","12":"shipping-taxable","13":"purchasable","14":"product-type-variable"},"yoast_head":"<!-- This site is optimized with the Yoast SEO plugin v27.2 - https:\/\/yoast.com\/product\/yoast-seo-wordpress\/ -->\n<title>Autoclave sobremesa Certoclav CV EL - Labopolis<\/title>\n<meta name=\"description\" content=\"Autoclaves de sobremesa Certoclav para esterilizaci\u00f3n de instrumental de laboratorio con cestillo, para laboratorios con espacio reducido\" \/>\n<meta name=\"robots\" content=\"index, follow, max-snippet:-1, max-image-preview:large, max-video-preview:-1\" \/>\n<link rel=\"canonical\" href=\"https:\/\/www.labopolis.com\/pt\/produto\/autoclave-sobremesa-certoclav-cv-el\/\" \/>\n<meta property=\"og:locale\" content=\"pt_PT\" \/>\n<meta property=\"og:type\" content=\"article\" \/>\n<meta property=\"og:title\" content=\"Autoclave sobremesa Certoclav CV EL - Labopolis\" \/>\n<meta property=\"og:description\" content=\"Autoclaves de sobremesa Certoclav para esterilizaci\u00f3n de instrumental de laboratorio con cestillo, para laboratorios con espacio reducido\" \/>\n<meta property=\"og:url\" content=\"https:\/\/www.labopolis.com\/pt\/produto\/autoclave-sobremesa-certoclav-cv-el\/\" \/>\n<meta property=\"og:site_name\" content=\"Labopolis\" \/>\n<meta property=\"article:publisher\" content=\"https:\/\/www.facebook.com\/profile.php?id=100063251679439\" \/>\n<meta property=\"article:modified_time\" content=\"2025-12-10T17:33:12+00:00\" \/>\n<meta property=\"og:image\" content=\"https:\/\/www.labopolis.com\/wp-content\/uploads\/2023\/07\/8501418_set_cv_el_12.jpg\" \/>\n\t<meta property=\"og:image:width\" content=\"1417\" \/>\n\t<meta property=\"og:image:height\" content=\"1554\" \/>\n\t<meta property=\"og:image:type\" content=\"image\/jpeg\" \/>\n<meta name=\"twitter:card\" content=\"summary_large_image\" \/>\n<meta name=\"twitter:site\" content=\"@Labopolis\" \/>\n<script type=\"application\/ld+json\" class=\"yoast-schema-graph\">{\"@context\":\"https:\/\/schema.org\",\"@graph\":[{\"@type\":\"WebPage\",\"@id\":\"https:\/\/www.labopolis.com\/producto\/autoclave-sobremesa-certoclav-cv-el\/\",\"url\":\"https:\/\/www.labopolis.com\/producto\/autoclave-sobremesa-certoclav-cv-el\/\",\"name\":\"Autoclave sobremesa Certoclav CV EL - Labopolis\",\"isPartOf\":{\"@id\":\"https:\/\/www.labopolis.com\/#website\"},\"primaryImageOfPage\":{\"@id\":\"https:\/\/www.labopolis.com\/producto\/autoclave-sobremesa-certoclav-cv-el\/#primaryimage\"},\"image\":{\"@id\":\"https:\/\/www.labopolis.com\/producto\/autoclave-sobremesa-certoclav-cv-el\/#primaryimage\"},\"thumbnailUrl\":\"https:\/\/www.labopolis.com\/wp-content\/uploads\/2023\/07\/8501418_set_cv_el_12.jpg\",\"datePublished\":\"2023-07-10T11:32:12+00:00\",\"dateModified\":\"2025-12-10T17:33:12+00:00\",\"description\":\"Autoclaves de sobremesa Certoclav para esterilizaci\u00f3n de instrumental de laboratorio con cestillo, para laboratorios con espacio reducido\",\"breadcrumb\":{\"@id\":\"https:\/\/www.labopolis.com\/producto\/autoclave-sobremesa-certoclav-cv-el\/#breadcrumb\"},\"inLanguage\":\"pt-PT\",\"potentialAction\":[{\"@type\":\"ReadAction\",\"target\":[\"https:\/\/www.labopolis.com\/producto\/autoclave-sobremesa-certoclav-cv-el\/\"]}]},{\"@type\":\"ImageObject\",\"inLanguage\":\"pt-PT\",\"@id\":\"https:\/\/www.labopolis.com\/producto\/autoclave-sobremesa-certoclav-cv-el\/#primaryimage\",\"url\":\"https:\/\/www.labopolis.com\/wp-content\/uploads\/2023\/07\/8501418_set_cv_el_12.jpg\",\"contentUrl\":\"https:\/\/www.labopolis.com\/wp-content\/uploads\/2023\/07\/8501418_set_cv_el_12.jpg\",\"width\":1417,\"height\":1554,\"caption\":\"Producto\"},{\"@type\":\"BreadcrumbList\",\"@id\":\"https:\/\/www.labopolis.com\/producto\/autoclave-sobremesa-certoclav-cv-el\/#breadcrumb\",\"itemListElement\":[{\"@type\":\"ListItem\",\"position\":1,\"name\":\"Portada\",\"item\":\"https:\/\/www.labopolis.com\/\"},{\"@type\":\"ListItem\",\"position\":2,\"name\":\"Productos\",\"item\":\"https:\/\/www.labopolis.com\/shop\/\"},{\"@type\":\"ListItem\",\"position\":3,\"name\":\"Autoclave sobremesa Certoclav CV EL\"}]},{\"@type\":\"WebSite\",\"@id\":\"https:\/\/www.labopolis.com\/#website\",\"url\":\"https:\/\/www.labopolis.com\/\",\"name\":\"Labopolis\",\"description\":\"\",\"potentialAction\":[{\"@type\":\"SearchAction\",\"target\":{\"@type\":\"EntryPoint\",\"urlTemplate\":\"https:\/\/www.labopolis.com\/?s={search_term_string}\"},\"query-input\":{\"@type\":\"PropertyValueSpecification\",\"valueRequired\":true,\"valueName\":\"search_term_string\"}}],\"inLanguage\":\"pt-PT\"}]}<\/script>\n<!-- \/ Yoast SEO plugin. -->","yoast_head_json":{"title":"Autoclave sobremesa Certoclav CV EL - Labopolis","description":"Autoclaves de sobremesa Certoclav para esterilizaci\u00f3n de instrumental de laboratorio con cestillo, para laboratorios con espacio reducido","robots":{"index":"index","follow":"follow","max-snippet":"max-snippet:-1","max-image-preview":"max-image-preview:large","max-video-preview":"max-video-preview:-1"},"canonical":"https:\/\/www.labopolis.com\/pt\/produto\/autoclave-sobremesa-certoclav-cv-el\/","og_locale":"pt_PT","og_type":"article","og_title":"Autoclave sobremesa Certoclav CV EL - Labopolis","og_description":"Autoclaves de sobremesa Certoclav para esterilizaci\u00f3n de instrumental de laboratorio con cestillo, para laboratorios con espacio reducido","og_url":"https:\/\/www.labopolis.com\/pt\/produto\/autoclave-sobremesa-certoclav-cv-el\/","og_site_name":"Labopolis","article_publisher":"https:\/\/www.facebook.com\/profile.php?id=100063251679439","article_modified_time":"2025-12-10T17:33:12+00:00","og_image":[{"width":1417,"height":1554,"url":"https:\/\/www.labopolis.com\/wp-content\/uploads\/2023\/07\/8501418_set_cv_el_12.jpg","type":"image\/jpeg"}],"twitter_card":"summary_large_image","twitter_site":"@Labopolis","schema":{"@context":"https:\/\/schema.org","@graph":[{"@type":"WebPage","@id":"https:\/\/www.labopolis.com\/producto\/autoclave-sobremesa-certoclav-cv-el\/","url":"https:\/\/www.labopolis.com\/producto\/autoclave-sobremesa-certoclav-cv-el\/","name":"Autoclave sobremesa Certoclav CV EL - Labopolis","isPartOf":{"@id":"https:\/\/www.labopolis.com\/#website"},"primaryImageOfPage":{"@id":"https:\/\/www.labopolis.com\/producto\/autoclave-sobremesa-certoclav-cv-el\/#primaryimage"},"image":{"@id":"https:\/\/www.labopolis.com\/producto\/autoclave-sobremesa-certoclav-cv-el\/#primaryimage"},"thumbnailUrl":"https:\/\/www.labopolis.com\/wp-content\/uploads\/2023\/07\/8501418_set_cv_el_12.jpg","datePublished":"2023-07-10T11:32:12+00:00","dateModified":"2025-12-10T17:33:12+00:00","description":"Autoclaves de sobremesa Certoclav para esterilizaci\u00f3n de instrumental de laboratorio con cestillo, para laboratorios con espacio reducido","breadcrumb":{"@id":"https:\/\/www.labopolis.com\/producto\/autoclave-sobremesa-certoclav-cv-el\/#breadcrumb"},"inLanguage":"pt-PT","potentialAction":[{"@type":"ReadAction","target":["https:\/\/www.labopolis.com\/producto\/autoclave-sobremesa-certoclav-cv-el\/"]}]},{"@type":"ImageObject","inLanguage":"pt-PT","@id":"https:\/\/www.labopolis.com\/producto\/autoclave-sobremesa-certoclav-cv-el\/#primaryimage","url":"https:\/\/www.labopolis.com\/wp-content\/uploads\/2023\/07\/8501418_set_cv_el_12.jpg","contentUrl":"https:\/\/www.labopolis.com\/wp-content\/uploads\/2023\/07\/8501418_set_cv_el_12.jpg","width":1417,"height":1554,"caption":"Producto"},{"@type":"BreadcrumbList","@id":"https:\/\/www.labopolis.com\/producto\/autoclave-sobremesa-certoclav-cv-el\/#breadcrumb","itemListElement":[{"@type":"ListItem","position":1,"name":"Portada","item":"https:\/\/www.labopolis.com\/"},{"@type":"ListItem","position":2,"name":"Productos","item":"https:\/\/www.labopolis.com\/shop\/"},{"@type":"ListItem","position":3,"name":"Autoclave sobremesa Certoclav CV EL"}]},{"@type":"WebSite","@id":"https:\/\/www.labopolis.com\/#website","url":"https:\/\/www.labopolis.com\/","name":"Labopolis","description":"","potentialAction":[{"@type":"SearchAction","target":{"@type":"EntryPoint","urlTemplate":"https:\/\/www.labopolis.com\/?s={search_term_string}"},"query-input":{"@type":"PropertyValueSpecification","valueRequired":true,"valueName":"search_term_string"}}],"inLanguage":"pt-PT"}]}},"_links":{"self":[{"href":"https:\/\/www.labopolis.com\/pt\/wp-json\/wp\/v2\/product\/1056","targetHints":{"allow":["GET"]}}],"collection":[{"href":"https:\/\/www.labopolis.com\/pt\/wp-json\/wp\/v2\/product"}],"about":[{"href":"https:\/\/www.labopolis.com\/pt\/wp-json\/wp\/v2\/types\/product"}],"replies":[{"embeddable":true,"href":"https:\/\/www.labopolis.com\/pt\/wp-json\/wp\/v2\/comments?post=1056"}],"wp:featuredmedia":[{"embeddable":true,"href":"https:\/\/www.labopolis.com\/pt\/wp-json\/wp\/v2\/media\/1071"}],"wp:attachment":[{"href":"https:\/\/www.labopolis.com\/pt\/wp-json\/wp\/v2\/media?parent=1056"}],"wp:term":[{"taxonomy":"product_brand","embeddable":true,"href":"https:\/\/www.labopolis.com\/pt\/wp-json\/wp\/v2\/product_brand?post=1056"},{"taxonomy":"product_cat","embeddable":true,"href":"https:\/\/www.labopolis.com\/pt\/wp-json\/wp\/v2\/product_cat?post=1056"},{"taxonomy":"product_tag","embeddable":true,"href":"https:\/\/www.labopolis.com\/pt\/wp-json\/wp\/v2\/product_tag?post=1056"}],"curies":[{"name":"wp","href":"https:\/\/api.w.org\/{rel}","templated":true}]}}