{"id":1013,"date":"2023-07-10T11:32:00","date_gmt":"2023-07-10T11:32:00","guid":{"rendered":"https:\/\/www.labopolis.com\/?post_type=product&#038;p=1013"},"modified":"2025-12-28T17:43:34","modified_gmt":"2025-12-28T17:43:34","slug":"agitador-rotatorio-y-oscilante-de-rodillos-rollermix-d","status":"publish","type":"product","link":"https:\/\/www.labopolis.com\/pt\/produto\/agitador-rotatorio-y-oscilante-de-rodillos-rollermix-d\/","title":{"rendered":"Misturador de rolos rotativos e oscilantes RollerMix D"},"content":{"rendered":"<p>Misturador de rolos rotativos e oscilantes RollerMix D<br \/>\nModelo: ARM120DE<\/p>\n<p>Agitador de duplo movimento rotativo-oscilante simult\u00e2neo para tubos, garrafas e recipientes fechados.<br \/>\nVelocidade de agita\u00e7\u00e3o ajust\u00e1vel controlada por microprocessador.<br \/>\nCinco rolos de agita\u00e7\u00e3o que formam quatro pistas dispon\u00edveis.<br \/>\nEcr\u00e3 LCD digital retroiluminado com indica\u00e7\u00e3o do valor da velocidade selecionada e real e do temporizador.<br \/>\nTeclado com bot\u00f5es de membrana sens\u00edveis ao toque.<br \/>\nSilencioso, para funcionamento cont\u00ednuo<\/p>","protected":false},"excerpt":{"rendered":"<p>Misturador de rolos rotativos e oscilantes RollerMix D<br \/>\nModelo: ARM120DE<br \/>\nAcess\u00f3rios n\u00e3o inclu\u00eddos<\/p>\n<p><strong><em><a title=\"Dados t\u00e9cnicos RollerMix D\" href=\"https:\/\/www.labopolis.com\/wp-content\/uploads\/2015\/05\/RollerMixD.pdf\" target=\"_blank\" rel=\"noopener\"><i class=\"fas fa-file-alt\"><\/i>\u00a0Dados t\u00e9cnicos RollerMix D<\/a><\/em><\/strong><\/p>","protected":false},"featured_media":1035,"comment_status":"open","ping_status":"closed","template":"","meta":[],"product_brand":[],"product_cat":[21,63,23],"product_tag":[65,66,67,43],"class_list":{"0":"post-1013","1":"product","2":"type-product","3":"status-publish","4":"has-post-thumbnail","6":"product_cat-agitadores","7":"product_cat-agitadores-rotatorios-rodillos","8":"product_cat-laboratorio","9":"product_tag-agitador-oscilante","10":"product_tag-agitador-rotatorio","11":"product_tag-agitador-rotatorio-y-oscilante","12":"product_tag-agitadores","14":"first","15":"instock","16":"taxable","17":"shipping-taxable","18":"purchasable","19":"product-type-simple"},"yoast_head":"<!-- This site is optimized with the Yoast SEO plugin v27.2 - https:\/\/yoast.com\/product\/yoast-seo-wordpress\/ -->\n<title>Agitador rotatorio y oscilante de rodillos RollerMix D - Labopolis<\/title>\n<meta name=\"description\" content=\"Agitador rotatorio y oscilante de rodillos RollerMix D Modelo: ARM120DE Accesorios no incluidos  \u00a0Ficha T\u00e9cnica RollerMix D\" \/>\n<meta name=\"robots\" content=\"index, follow, max-snippet:-1, max-image-preview:large, max-video-preview:-1\" \/>\n<link rel=\"canonical\" href=\"https:\/\/www.labopolis.com\/pt\/produto\/agitador-rotatorio-y-oscilante-de-rodillos-rollermix-d\/\" \/>\n<meta property=\"og:locale\" content=\"pt_PT\" \/>\n<meta property=\"og:type\" content=\"article\" \/>\n<meta property=\"og:title\" content=\"Agitador rotatorio y oscilante de rodillos RollerMix D - Labopolis\" \/>\n<meta property=\"og:description\" content=\"Agitador rotatorio y oscilante de rodillos RollerMix D Modelo: ARM120DE Accesorios no incluidos  \u00a0Ficha T\u00e9cnica RollerMix D\" \/>\n<meta property=\"og:url\" content=\"https:\/\/www.labopolis.com\/pt\/produto\/agitador-rotatorio-y-oscilante-de-rodillos-rollermix-d\/\" \/>\n<meta property=\"og:site_name\" content=\"Labopolis\" \/>\n<meta property=\"article:publisher\" content=\"https:\/\/www.facebook.com\/profile.php?id=100063251679439\" \/>\n<meta property=\"article:modified_time\" content=\"2025-12-28T17:43:34+00:00\" \/>\n<meta property=\"og:image\" content=\"https:\/\/www.labopolis.com\/wp-content\/uploads\/2023\/07\/RollerMixDE.gif\" \/>\n\t<meta property=\"og:image:width\" content=\"468\" \/>\n\t<meta property=\"og:image:height\" content=\"232\" \/>\n\t<meta property=\"og:image:type\" content=\"image\/gif\" \/>\n<meta name=\"twitter:card\" content=\"summary_large_image\" \/>\n<meta name=\"twitter:site\" content=\"@Labopolis\" \/>\n<meta name=\"twitter:label1\" content=\"Tempo estimado de leitura\" \/>\n\t<meta name=\"twitter:data1\" content=\"1 minuto\" \/>\n<script type=\"application\/ld+json\" class=\"yoast-schema-graph\">{\"@context\":\"https:\/\/schema.org\",\"@graph\":[{\"@type\":\"WebPage\",\"@id\":\"https:\/\/www.labopolis.com\/producto\/agitador-rotatorio-y-oscilante-de-rodillos-rollermix-d\/\",\"url\":\"https:\/\/www.labopolis.com\/producto\/agitador-rotatorio-y-oscilante-de-rodillos-rollermix-d\/\",\"name\":\"Agitador rotatorio y oscilante de rodillos RollerMix D - Labopolis\",\"isPartOf\":{\"@id\":\"https:\/\/www.labopolis.com\/#website\"},\"primaryImageOfPage\":{\"@id\":\"https:\/\/www.labopolis.com\/producto\/agitador-rotatorio-y-oscilante-de-rodillos-rollermix-d\/#primaryimage\"},\"image\":{\"@id\":\"https:\/\/www.labopolis.com\/producto\/agitador-rotatorio-y-oscilante-de-rodillos-rollermix-d\/#primaryimage\"},\"thumbnailUrl\":\"https:\/\/www.labopolis.com\/wp-content\/uploads\/2023\/07\/RollerMixDE.gif\",\"datePublished\":\"2023-07-10T11:32:00+00:00\",\"dateModified\":\"2025-12-28T17:43:34+00:00\",\"description\":\"Agitador rotatorio y oscilante de rodillos RollerMix D Modelo: ARM120DE Accesorios no incluidos \u00a0Ficha T\u00e9cnica RollerMix D\",\"breadcrumb\":{\"@id\":\"https:\/\/www.labopolis.com\/producto\/agitador-rotatorio-y-oscilante-de-rodillos-rollermix-d\/#breadcrumb\"},\"inLanguage\":\"pt-PT\",\"potentialAction\":[{\"@type\":\"ReadAction\",\"target\":[\"https:\/\/www.labopolis.com\/producto\/agitador-rotatorio-y-oscilante-de-rodillos-rollermix-d\/\"]}]},{\"@type\":\"ImageObject\",\"inLanguage\":\"pt-PT\",\"@id\":\"https:\/\/www.labopolis.com\/producto\/agitador-rotatorio-y-oscilante-de-rodillos-rollermix-d\/#primaryimage\",\"url\":\"https:\/\/www.labopolis.com\/wp-content\/uploads\/2023\/07\/RollerMixDE.gif\",\"contentUrl\":\"https:\/\/www.labopolis.com\/wp-content\/uploads\/2023\/07\/RollerMixDE.gif\",\"width\":468,\"height\":232,\"caption\":\"Producto\"},{\"@type\":\"BreadcrumbList\",\"@id\":\"https:\/\/www.labopolis.com\/producto\/agitador-rotatorio-y-oscilante-de-rodillos-rollermix-d\/#breadcrumb\",\"itemListElement\":[{\"@type\":\"ListItem\",\"position\":1,\"name\":\"Portada\",\"item\":\"https:\/\/www.labopolis.com\/\"},{\"@type\":\"ListItem\",\"position\":2,\"name\":\"Productos\",\"item\":\"https:\/\/www.labopolis.com\/shop\/\"},{\"@type\":\"ListItem\",\"position\":3,\"name\":\"Agitador rotatorio y oscilante de rodillos RollerMix D\"}]},{\"@type\":\"WebSite\",\"@id\":\"https:\/\/www.labopolis.com\/#website\",\"url\":\"https:\/\/www.labopolis.com\/\",\"name\":\"Labopolis\",\"description\":\"\",\"potentialAction\":[{\"@type\":\"SearchAction\",\"target\":{\"@type\":\"EntryPoint\",\"urlTemplate\":\"https:\/\/www.labopolis.com\/?s={search_term_string}\"},\"query-input\":{\"@type\":\"PropertyValueSpecification\",\"valueRequired\":true,\"valueName\":\"search_term_string\"}}],\"inLanguage\":\"pt-PT\"}]}<\/script>\n<!-- \/ Yoast SEO plugin. -->","yoast_head_json":{"title":"RollerMix D Misturador de rolos rotativos e oscilantes - Labopolis","description":"Misturador de rolos rotativos e oscilantes RollerMix D Modelo: ARM120DE Acess\u00f3rios n\u00e3o inclu\u00eddos RollerMix D Dados t\u00e9cnicos RollerMix D","robots":{"index":"index","follow":"follow","max-snippet":"max-snippet:-1","max-image-preview":"max-image-preview:large","max-video-preview":"max-video-preview:-1"},"canonical":"https:\/\/www.labopolis.com\/pt\/produto\/agitador-rotatorio-y-oscilante-de-rodillos-rollermix-d\/","og_locale":"pt_PT","og_type":"article","og_title":"Agitador rotatorio y oscilante de rodillos RollerMix D - Labopolis","og_description":"Agitador rotatorio y oscilante de rodillos RollerMix D Modelo: ARM120DE Accesorios no incluidos  \u00a0Ficha T\u00e9cnica RollerMix D","og_url":"https:\/\/www.labopolis.com\/pt\/produto\/agitador-rotatorio-y-oscilante-de-rodillos-rollermix-d\/","og_site_name":"Labopolis","article_publisher":"https:\/\/www.facebook.com\/profile.php?id=100063251679439","article_modified_time":"2025-12-28T17:43:34+00:00","og_image":[{"width":468,"height":232,"url":"https:\/\/www.labopolis.com\/wp-content\/uploads\/2023\/07\/RollerMixDE.gif","type":"image\/gif"}],"twitter_card":"summary_large_image","twitter_site":"@Labopolis","twitter_misc":{"Tempo estimado de leitura":"1 minuto"},"schema":{"@context":"https:\/\/schema.org","@graph":[{"@type":"WebPage","@id":"https:\/\/www.labopolis.com\/producto\/agitador-rotatorio-y-oscilante-de-rodillos-rollermix-d\/","url":"https:\/\/www.labopolis.com\/producto\/agitador-rotatorio-y-oscilante-de-rodillos-rollermix-d\/","name":"RollerMix D Misturador de rolos rotativos e oscilantes - Labopolis","isPartOf":{"@id":"https:\/\/www.labopolis.com\/#website"},"primaryImageOfPage":{"@id":"https:\/\/www.labopolis.com\/producto\/agitador-rotatorio-y-oscilante-de-rodillos-rollermix-d\/#primaryimage"},"image":{"@id":"https:\/\/www.labopolis.com\/producto\/agitador-rotatorio-y-oscilante-de-rodillos-rollermix-d\/#primaryimage"},"thumbnailUrl":"https:\/\/www.labopolis.com\/wp-content\/uploads\/2023\/07\/RollerMixDE.gif","datePublished":"2023-07-10T11:32:00+00:00","dateModified":"2025-12-28T17:43:34+00:00","description":"Misturador de rolos rotativos e oscilantes RollerMix D Modelo: ARM120DE Acess\u00f3rios n\u00e3o inclu\u00eddos RollerMix D Dados t\u00e9cnicos RollerMix D","breadcrumb":{"@id":"https:\/\/www.labopolis.com\/producto\/agitador-rotatorio-y-oscilante-de-rodillos-rollermix-d\/#breadcrumb"},"inLanguage":"pt-PT","potentialAction":[{"@type":"ReadAction","target":["https:\/\/www.labopolis.com\/producto\/agitador-rotatorio-y-oscilante-de-rodillos-rollermix-d\/"]}]},{"@type":"ImageObject","inLanguage":"pt-PT","@id":"https:\/\/www.labopolis.com\/producto\/agitador-rotatorio-y-oscilante-de-rodillos-rollermix-d\/#primaryimage","url":"https:\/\/www.labopolis.com\/wp-content\/uploads\/2023\/07\/RollerMixDE.gif","contentUrl":"https:\/\/www.labopolis.com\/wp-content\/uploads\/2023\/07\/RollerMixDE.gif","width":468,"height":232,"caption":"Producto"},{"@type":"BreadcrumbList","@id":"https:\/\/www.labopolis.com\/producto\/agitador-rotatorio-y-oscilante-de-rodillos-rollermix-d\/#breadcrumb","itemListElement":[{"@type":"ListItem","position":1,"name":"Portada","item":"https:\/\/www.labopolis.com\/"},{"@type":"ListItem","position":2,"name":"Productos","item":"https:\/\/www.labopolis.com\/shop\/"},{"@type":"ListItem","position":3,"name":"Agitador rotatorio y oscilante de rodillos RollerMix D"}]},{"@type":"WebSite","@id":"https:\/\/www.labopolis.com\/#website","url":"https:\/\/www.labopolis.com\/","name":"Labopolis","description":"","potentialAction":[{"@type":"SearchAction","target":{"@type":"EntryPoint","urlTemplate":"https:\/\/www.labopolis.com\/?s={search_term_string}"},"query-input":{"@type":"PropertyValueSpecification","valueRequired":true,"valueName":"search_term_string"}}],"inLanguage":"pt-PT"}]}},"_links":{"self":[{"href":"https:\/\/www.labopolis.com\/pt\/wp-json\/wp\/v2\/product\/1013","targetHints":{"allow":["GET"]}}],"collection":[{"href":"https:\/\/www.labopolis.com\/pt\/wp-json\/wp\/v2\/product"}],"about":[{"href":"https:\/\/www.labopolis.com\/pt\/wp-json\/wp\/v2\/types\/product"}],"replies":[{"embeddable":true,"href":"https:\/\/www.labopolis.com\/pt\/wp-json\/wp\/v2\/comments?post=1013"}],"wp:featuredmedia":[{"embeddable":true,"href":"https:\/\/www.labopolis.com\/pt\/wp-json\/wp\/v2\/media\/1035"}],"wp:attachment":[{"href":"https:\/\/www.labopolis.com\/pt\/wp-json\/wp\/v2\/media?parent=1013"}],"wp:term":[{"taxonomy":"product_brand","embeddable":true,"href":"https:\/\/www.labopolis.com\/pt\/wp-json\/wp\/v2\/product_brand?post=1013"},{"taxonomy":"product_cat","embeddable":true,"href":"https:\/\/www.labopolis.com\/pt\/wp-json\/wp\/v2\/product_cat?post=1013"},{"taxonomy":"product_tag","embeddable":true,"href":"https:\/\/www.labopolis.com\/pt\/wp-json\/wp\/v2\/product_tag?post=1013"}],"curies":[{"name":"wp","href":"https:\/\/api.w.org\/{rel}","templated":true}]}}