{"id":1003,"date":"2023-07-10T11:31:59","date_gmt":"2023-07-10T11:31:59","guid":{"rendered":"https:\/\/www.labopolis.com\/?post_type=product&#038;p=1003"},"modified":"2025-12-28T17:53:30","modified_gmt":"2025-12-28T17:53:30","slug":"agitador-orbital-digital-orbital-maxi-md","status":"publish","type":"product","link":"https:\/\/www.labopolis.com\/pt\/produto\/agitador-orbital-digital-orbital-maxi-md\/","title":{"rendered":"Agitador digital Agitador orbital Orbital Maxi MD"},"content":{"rendered":"<p>Agitador digital Agitador orbital Orbital Maxi MD<br \/>\nA velocidade de agita\u00e7\u00e3o \u00e9 regul\u00e1vel e controlada por microprocessador. Arranque e paragem suaves e progressivos, independentemente da velocidade selecionada. Ecr\u00e3 digital LCD retroiluminado com indica\u00e7\u00e3o do valor da velocidade selecionada e real e do temporizador. Teclado com bot\u00f5es de membrana sens\u00edveis ao toque. Superf\u00edcie de trabalho antiderrapante opcional. Muito silenciosa, para um funcionamento cont\u00ednuo.<\/p>","protected":false},"excerpt":{"rendered":"<p>Agitador digital Agitador orbital Orbital Maxi MD<br \/>\nModelos:<br \/>\n* Agitador simples AOL30ME (sem plataforma)<br \/>\n* AOL30HE Pesado - Agitador apenas Acess\u00f3rios n\u00e3o inclu\u00eddos<br \/>\n* AMDLOL30M Orbital Maxi MD-OL30M (humidade 95% e fonte de alimenta\u00e7\u00e3o externa) Apenas agitador. Acess\u00f3rios n\u00e3o inclu\u00eddos<br \/>\n* AOL30ME + 20000-00041 Agitador orbital digital Orbital Maxi + Plataforma universal 5 rolos<\/p>\n<p><strong><em><a title=\"Dados t\u00e9cnicos Orbital Maxi\" href=\"https:\/\/www.labopolis.com\/wp-content\/uploads\/2015\/05\/OrbitalMaxi.pdf\" target=\"_blank\" rel=\"noopener noreferrer\"><i class=\"fas fa-file-alt\"><\/i>\u00a0Dados t\u00e9cnicos Orbital Maxi<\/a><\/em><\/strong><\/p>","protected":false},"featured_media":1028,"comment_status":"open","ping_status":"closed","template":"","meta":[],"product_brand":[],"product_cat":[21,59,23],"product_tag":[],"class_list":{"0":"post-1003","1":"product","2":"type-product","3":"status-publish","4":"has-post-thumbnail","6":"product_cat-agitadores","7":"product_cat-agitadores-orbitales","8":"product_cat-laboratorio","10":"first","11":"instock","12":"taxable","13":"shipping-taxable","14":"purchasable","15":"product-type-variable"},"yoast_head":"<!-- This site is optimized with the Yoast SEO plugin v27.2 - https:\/\/yoast.com\/product\/yoast-seo-wordpress\/ -->\n<title>Agitador Orbital Digital Orbital Maxi MD - Labopolis<\/title>\n<meta name=\"description\" content=\"Agitador orbital adecuado para recipientes de gran volumen. Mantiene constante la velocidad seleccionada, independientemente de la carga.\" \/>\n<meta name=\"robots\" content=\"index, follow, max-snippet:-1, max-image-preview:large, max-video-preview:-1\" \/>\n<link rel=\"canonical\" href=\"https:\/\/www.labopolis.com\/pt\/produto\/agitador-orbital-digital-orbital-maxi-md\/\" \/>\n<meta property=\"og:locale\" content=\"pt_PT\" \/>\n<meta property=\"og:type\" content=\"article\" \/>\n<meta property=\"og:title\" content=\"Agitador Orbital Digital Orbital Maxi MD - Labopolis\" \/>\n<meta property=\"og:description\" content=\"Agitador orbital adecuado para recipientes de gran volumen. Mantiene constante la velocidad seleccionada, independientemente de la carga.\" \/>\n<meta property=\"og:url\" content=\"https:\/\/www.labopolis.com\/pt\/produto\/agitador-orbital-digital-orbital-maxi-md\/\" \/>\n<meta property=\"og:site_name\" content=\"Labopolis\" \/>\n<meta property=\"article:publisher\" content=\"https:\/\/www.facebook.com\/profile.php?id=100063251679439\" \/>\n<meta property=\"article:modified_time\" content=\"2025-12-28T17:53:30+00:00\" \/>\n<meta property=\"og:image\" content=\"https:\/\/www.labopolis.com\/wp-content\/uploads\/2023\/07\/OrbitalMaxiE.gif\" \/>\n\t<meta property=\"og:image:width\" content=\"494\" \/>\n\t<meta property=\"og:image:height\" content=\"421\" \/>\n\t<meta property=\"og:image:type\" content=\"image\/gif\" \/>\n<meta name=\"twitter:card\" content=\"summary_large_image\" \/>\n<meta name=\"twitter:site\" content=\"@Labopolis\" \/>\n<meta name=\"twitter:label1\" content=\"Tempo estimado de leitura\" \/>\n\t<meta name=\"twitter:data1\" content=\"1 minuto\" \/>\n<script type=\"application\/ld+json\" class=\"yoast-schema-graph\">{\"@context\":\"https:\/\/schema.org\",\"@graph\":[{\"@type\":\"WebPage\",\"@id\":\"https:\/\/www.labopolis.com\/producto\/agitador-orbital-digital-orbital-maxi-md\/\",\"url\":\"https:\/\/www.labopolis.com\/producto\/agitador-orbital-digital-orbital-maxi-md\/\",\"name\":\"Agitador Orbital Digital Orbital Maxi MD - Labopolis\",\"isPartOf\":{\"@id\":\"https:\/\/www.labopolis.com\/#website\"},\"primaryImageOfPage\":{\"@id\":\"https:\/\/www.labopolis.com\/producto\/agitador-orbital-digital-orbital-maxi-md\/#primaryimage\"},\"image\":{\"@id\":\"https:\/\/www.labopolis.com\/producto\/agitador-orbital-digital-orbital-maxi-md\/#primaryimage\"},\"thumbnailUrl\":\"https:\/\/www.labopolis.com\/wp-content\/uploads\/2023\/07\/OrbitalMaxiE.gif\",\"datePublished\":\"2023-07-10T11:31:59+00:00\",\"dateModified\":\"2025-12-28T17:53:30+00:00\",\"description\":\"Agitador orbital adecuado para recipientes de gran volumen. Mantiene constante la velocidad seleccionada, independientemente de la carga.\",\"breadcrumb\":{\"@id\":\"https:\/\/www.labopolis.com\/producto\/agitador-orbital-digital-orbital-maxi-md\/#breadcrumb\"},\"inLanguage\":\"pt-PT\",\"potentialAction\":[{\"@type\":\"ReadAction\",\"target\":[\"https:\/\/www.labopolis.com\/producto\/agitador-orbital-digital-orbital-maxi-md\/\"]}]},{\"@type\":\"ImageObject\",\"inLanguage\":\"pt-PT\",\"@id\":\"https:\/\/www.labopolis.com\/producto\/agitador-orbital-digital-orbital-maxi-md\/#primaryimage\",\"url\":\"https:\/\/www.labopolis.com\/wp-content\/uploads\/2023\/07\/OrbitalMaxiE.gif\",\"contentUrl\":\"https:\/\/www.labopolis.com\/wp-content\/uploads\/2023\/07\/OrbitalMaxiE.gif\",\"width\":494,\"height\":421,\"caption\":\"Producto\"},{\"@type\":\"BreadcrumbList\",\"@id\":\"https:\/\/www.labopolis.com\/producto\/agitador-orbital-digital-orbital-maxi-md\/#breadcrumb\",\"itemListElement\":[{\"@type\":\"ListItem\",\"position\":1,\"name\":\"Portada\",\"item\":\"https:\/\/www.labopolis.com\/\"},{\"@type\":\"ListItem\",\"position\":2,\"name\":\"Productos\",\"item\":\"https:\/\/www.labopolis.com\/shop\/\"},{\"@type\":\"ListItem\",\"position\":3,\"name\":\"Agitador Orbital Digital Orbital Maxi MD\"}]},{\"@type\":\"WebSite\",\"@id\":\"https:\/\/www.labopolis.com\/#website\",\"url\":\"https:\/\/www.labopolis.com\/\",\"name\":\"Labopolis\",\"description\":\"\",\"potentialAction\":[{\"@type\":\"SearchAction\",\"target\":{\"@type\":\"EntryPoint\",\"urlTemplate\":\"https:\/\/www.labopolis.com\/?s={search_term_string}\"},\"query-input\":{\"@type\":\"PropertyValueSpecification\",\"valueRequired\":true,\"valueName\":\"search_term_string\"}}],\"inLanguage\":\"pt-PT\"}]}<\/script>\n<!-- \/ Yoast SEO plugin. -->","yoast_head_json":{"title":"Agitador Orbital Digital Orbital Maxi MD - Labopolis","description":"Agitador orbital adequado para recipientes de grande volume. Mant\u00e9m constante a velocidade selecionada, independentemente da carga.","robots":{"index":"index","follow":"follow","max-snippet":"max-snippet:-1","max-image-preview":"max-image-preview:large","max-video-preview":"max-video-preview:-1"},"canonical":"https:\/\/www.labopolis.com\/pt\/produto\/agitador-orbital-digital-orbital-maxi-md\/","og_locale":"pt_PT","og_type":"article","og_title":"Agitador Orbital Digital Orbital Maxi MD - Labopolis","og_description":"Agitador orbital adecuado para recipientes de gran volumen. Mantiene constante la velocidad seleccionada, independientemente de la carga.","og_url":"https:\/\/www.labopolis.com\/pt\/produto\/agitador-orbital-digital-orbital-maxi-md\/","og_site_name":"Labopolis","article_publisher":"https:\/\/www.facebook.com\/profile.php?id=100063251679439","article_modified_time":"2025-12-28T17:53:30+00:00","og_image":[{"width":494,"height":421,"url":"https:\/\/www.labopolis.com\/wp-content\/uploads\/2023\/07\/OrbitalMaxiE.gif","type":"image\/gif"}],"twitter_card":"summary_large_image","twitter_site":"@Labopolis","twitter_misc":{"Tempo estimado de leitura":"1 minuto"},"schema":{"@context":"https:\/\/schema.org","@graph":[{"@type":"WebPage","@id":"https:\/\/www.labopolis.com\/producto\/agitador-orbital-digital-orbital-maxi-md\/","url":"https:\/\/www.labopolis.com\/producto\/agitador-orbital-digital-orbital-maxi-md\/","name":"Agitador Orbital Digital Orbital Maxi MD - Labopolis","isPartOf":{"@id":"https:\/\/www.labopolis.com\/#website"},"primaryImageOfPage":{"@id":"https:\/\/www.labopolis.com\/producto\/agitador-orbital-digital-orbital-maxi-md\/#primaryimage"},"image":{"@id":"https:\/\/www.labopolis.com\/producto\/agitador-orbital-digital-orbital-maxi-md\/#primaryimage"},"thumbnailUrl":"https:\/\/www.labopolis.com\/wp-content\/uploads\/2023\/07\/OrbitalMaxiE.gif","datePublished":"2023-07-10T11:31:59+00:00","dateModified":"2025-12-28T17:53:30+00:00","description":"Agitador orbital adequado para recipientes de grande volume. Mant\u00e9m constante a velocidade selecionada, independentemente da carga.","breadcrumb":{"@id":"https:\/\/www.labopolis.com\/producto\/agitador-orbital-digital-orbital-maxi-md\/#breadcrumb"},"inLanguage":"pt-PT","potentialAction":[{"@type":"ReadAction","target":["https:\/\/www.labopolis.com\/producto\/agitador-orbital-digital-orbital-maxi-md\/"]}]},{"@type":"ImageObject","inLanguage":"pt-PT","@id":"https:\/\/www.labopolis.com\/producto\/agitador-orbital-digital-orbital-maxi-md\/#primaryimage","url":"https:\/\/www.labopolis.com\/wp-content\/uploads\/2023\/07\/OrbitalMaxiE.gif","contentUrl":"https:\/\/www.labopolis.com\/wp-content\/uploads\/2023\/07\/OrbitalMaxiE.gif","width":494,"height":421,"caption":"Producto"},{"@type":"BreadcrumbList","@id":"https:\/\/www.labopolis.com\/producto\/agitador-orbital-digital-orbital-maxi-md\/#breadcrumb","itemListElement":[{"@type":"ListItem","position":1,"name":"Portada","item":"https:\/\/www.labopolis.com\/"},{"@type":"ListItem","position":2,"name":"Productos","item":"https:\/\/www.labopolis.com\/shop\/"},{"@type":"ListItem","position":3,"name":"Agitador Orbital Digital Orbital Maxi MD"}]},{"@type":"WebSite","@id":"https:\/\/www.labopolis.com\/#website","url":"https:\/\/www.labopolis.com\/","name":"Labopolis","description":"","potentialAction":[{"@type":"SearchAction","target":{"@type":"EntryPoint","urlTemplate":"https:\/\/www.labopolis.com\/?s={search_term_string}"},"query-input":{"@type":"PropertyValueSpecification","valueRequired":true,"valueName":"search_term_string"}}],"inLanguage":"pt-PT"}]}},"_links":{"self":[{"href":"https:\/\/www.labopolis.com\/pt\/wp-json\/wp\/v2\/product\/1003","targetHints":{"allow":["GET"]}}],"collection":[{"href":"https:\/\/www.labopolis.com\/pt\/wp-json\/wp\/v2\/product"}],"about":[{"href":"https:\/\/www.labopolis.com\/pt\/wp-json\/wp\/v2\/types\/product"}],"replies":[{"embeddable":true,"href":"https:\/\/www.labopolis.com\/pt\/wp-json\/wp\/v2\/comments?post=1003"}],"wp:featuredmedia":[{"embeddable":true,"href":"https:\/\/www.labopolis.com\/pt\/wp-json\/wp\/v2\/media\/1028"}],"wp:attachment":[{"href":"https:\/\/www.labopolis.com\/pt\/wp-json\/wp\/v2\/media?parent=1003"}],"wp:term":[{"taxonomy":"product_brand","embeddable":true,"href":"https:\/\/www.labopolis.com\/pt\/wp-json\/wp\/v2\/product_brand?post=1003"},{"taxonomy":"product_cat","embeddable":true,"href":"https:\/\/www.labopolis.com\/pt\/wp-json\/wp\/v2\/product_cat?post=1003"},{"taxonomy":"product_tag","embeddable":true,"href":"https:\/\/www.labopolis.com\/pt\/wp-json\/wp\/v2\/product_tag?post=1003"}],"curies":[{"name":"wp","href":"https:\/\/api.w.org\/{rel}","templated":true}]}}