{"id":10421,"date":"2023-07-14T11:28:56","date_gmt":"2023-07-14T11:28:56","guid":{"rendered":"https:\/\/www.labopolis.com\/?page_id=10421"},"modified":"2025-11-05T10:54:43","modified_gmt":"2025-11-05T10:54:43","slug":"resolucion-de-litigios","status":"publish","type":"page","link":"https:\/\/www.labopolis.com\/pt\/resolucion-de-litigios\/","title":{"rendered":"Resolu\u00e7\u00e3o de lit\u00edgios"},"content":{"rendered":"<div data-elementor-type=\"wp-page\" data-elementor-id=\"10421\" class=\"elementor elementor-10421\">\n\t\t\t\t\t\t<section class=\"elementor-section elementor-top-section elementor-element elementor-element-0271087 elementor-section-boxed elementor-section-height-default elementor-section-height-default wpr-particle-no wpr-jarallax-no wpr-parallax-no wpr-sticky-section-no\" data-id=\"0271087\" data-element_type=\"section\" data-e-type=\"section\">\n\t\t\t\t\t\t<div class=\"elementor-container elementor-column-gap-default\">\n\t\t\t\t\t<div class=\"elementor-column elementor-col-100 elementor-top-column elementor-element elementor-element-c66c27f\" data-id=\"c66c27f\" data-element_type=\"column\" data-e-type=\"column\">\n\t\t\t<div class=\"elementor-widget-wrap elementor-element-populated\">\n\t\t\t\t\t\t<div class=\"elementor-element elementor-element-d57fea2 elementor-widget elementor-widget-heading\" data-id=\"d57fea2\" data-element_type=\"widget\" data-e-type=\"widget\" data-widget_type=\"heading.default\">\n\t\t\t\t<div class=\"elementor-widget-container\">\n\t\t\t\t\t<h1 class=\"elementor-heading-title elementor-size-default\">Resolu\u00e7\u00e3o de lit\u00edgios<\/h1>\t\t\t\t<\/div>\n\t\t\t\t<\/div>\n\t\t\t\t<div class=\"elementor-element elementor-element-e2d339e elementor-invisible elementor-widget elementor-widget-text-editor\" data-id=\"e2d339e\" data-element_type=\"widget\" data-e-type=\"widget\" data-settings=\"{&quot;_animation&quot;:&quot;fadeIn&quot;}\" data-widget_type=\"text-editor.default\">\n\t\t\t\t<div class=\"elementor-widget-container\">\n\t\t\t\t\t\t\t\t\t<p>Caros clientes:<\/p><p>Chama-se a aten\u00e7\u00e3o para o facto de o Regulamento (UE) n.\u00ba 524\/2013 relativo \u00e0 resolu\u00e7\u00e3o de lit\u00edgios em linha em mat\u00e9ria de consumo ter entrado em vigor em 09.01.2016.<\/p><p>O regulamento, denominado RLL (Resolu\u00e7\u00e3o de Lit\u00edgios em Linha), visa estabelecer um procedimento judicial independente, imparcial, transparente, eficiente, r\u00e1pido e justo para resolver v\u00e1rios lit\u00edgios decorrentes da venda internacional em linha de bens e servi\u00e7os entre pa\u00edses da UE.<\/p><p>Este objetivo deve ser alcan\u00e7ado atrav\u00e9s da cria\u00e7\u00e3o de uma plataforma RLL (plataforma de resolu\u00e7\u00e3o de lit\u00edgios em linha) na UE e de regras de coopera\u00e7\u00e3o com os organismos nacionais de RAL.<\/p><p>Informamos os nossos clientes da exist\u00eancia desta plataforma de resolu\u00e7\u00e3o de lit\u00edgios em linha. Para mais informa\u00e7\u00f5es, consultar o n.\u00ba 1 do artigo 14.\u00ba do ODR-VO, que pode ser descarregado em formato PDF no seguinte link:<\/p><p>http:\/\/eur-lex.europa.eu\/legal-content\/ES\/TXT\/PDF\/?uri=CELEX:32013R0524<\/p><p>Pode tamb\u00e9m aceder a esta plataforma a partir do seguinte endere\u00e7o:<\/p><p>http:\/\/ec.europa.eu\/consumers\/odr\/<\/p><p>Obrigado pela vossa aten\u00e7\u00e3o.<\/p><p>Labopolis, S.L.<\/p>\t\t\t\t\t\t\t\t<\/div>\n\t\t\t\t<\/div>\n\t\t\t\t\t<\/div>\n\t\t<\/div>\n\t\t\t\t\t<\/div>\n\t\t<\/section>\n\t\t\t\t<\/div>","protected":false},"excerpt":{"rendered":"<p>Resolu\u00e7\u00e3o de lit\u00edgios Caros clientes: Informamos que o Regulamento (UE) n.\u00ba 524\/2013 relativo \u00e0 resolu\u00e7\u00e3o de lit\u00edgios em linha em mat\u00e9ria de consumo entrou em vigor em 09.01.2016. O Regulamento, designado por RLL (Resolu\u00e7\u00e3o de Lit\u00edgios em Linha), visa estabelecer um procedimento judicial independente, imparcial, transparente, eficiente, r\u00e1pido e justo para resolver v\u00e1rios lit\u00edgios decorrentes da venda internacional em linha de bens e servi\u00e7os entre pa\u00edses da UE. Este objetivo dever\u00e1 ser alcan\u00e7ado atrav\u00e9s da cria\u00e7\u00e3o de uma plataforma de RLL (a Plataforma de Resolu\u00e7\u00e3o de Lit\u00edgios em Linha) na UE e das regras de coopera\u00e7\u00e3o com os organismos nacionais respons\u00e1veis pela resolu\u00e7\u00e3o alternativa de lit\u00edgios. Informamos os nossos clientes da exist\u00eancia desta plataforma de RLL. Pode encontrar mais informa\u00e7\u00f5es no n.\u00ba 1 do artigo 14.\u00ba da ODR-VO - descarreg\u00e1vel em formato PDF no seguinte link: http:\/\/eur-lex.europa.eu\/legal-content\/ES\/TXT\/PDF\/?uri=CELEX:32013R0524. Al\u00e9m disso, pode aceder a esta plataforma a partir do seguinte endere\u00e7o: http:\/\/ec.europa.eu\/consumers\/odr\/. Agradecemos a sua aten\u00e7\u00e3o. Labopolis, S.L.<\/p>","protected":false},"author":1,"featured_media":0,"parent":0,"menu_order":0,"comment_status":"closed","ping_status":"closed","template":"","meta":{"footnotes":""},"class_list":["post-10421","page","type-page","status-publish","hentry"],"yoast_head":"<!-- This site is optimized with the Yoast SEO plugin v27.2 - https:\/\/yoast.com\/product\/yoast-seo-wordpress\/ -->\n<title>Resoluci\u00f3n de litigios - Labopolis<\/title>\n<meta name=\"description\" content=\"Resoluci\u00f3n de litigios    Estimados clientes:Les informamos de que Reglamento UE n\u00b0 524\/2013 sobre la resoluci\u00f3n de litigios en l\u00ednea en materia de consumo entr\u00f3 en vigor el 09.01.2016.El Reglamento, llamado ODR (Online Dispute Resolution), busca establecer un procedimiento judicial independiente, imparcial, transparente, eficaz, r\u00e1pido y justo para resolver los diversos litigios derivados de la venta en l\u00ednea internacional de mercanc\u00edas y servicios entre los pa\u00edses de la UE.Este objetivo se deber\u00eda lograr mediante el establecimiento de una plataforma RLL (la plataforma de resoluci\u00f3n de litigios en l\u00ednea) en la UE y las normas de cooperaci\u00f3n con los organismos nacionales encargados de la resoluci\u00f3n alternativa de litigios.Informamos a nuestros clientes de la existencia de esta plataforma de resoluci\u00f3n de litigios en l\u00ednea. Puede consultar m\u00e1s informaci\u00f3n en el art\u00edculo 14 apartado 1 del ODR-VO \u2013 descargable en formato PDF al siguiente enlace:http:\/\/eur-lex.europa.eu\/legal-content\/ES\/TXT\/PDF\/?uri=CELEX:32013R0524Adem\u00e1s, puede acceder a esta plataforma desde la siguiente direcci\u00f3n:http:\/\/ec.europa.eu\/consumers\/odr\/Gracias por su atenci\u00f3n.Labopolis, S.L.\" \/>\n<meta name=\"robots\" content=\"index, follow, max-snippet:-1, max-image-preview:large, max-video-preview:-1\" \/>\n<link rel=\"canonical\" href=\"https:\/\/www.labopolis.com\/pt\/resolucion-de-litigios\/\" \/>\n<meta property=\"og:locale\" content=\"pt_PT\" \/>\n<meta property=\"og:type\" content=\"article\" \/>\n<meta property=\"og:title\" content=\"Resoluci\u00f3n de litigios - Labopolis\" \/>\n<meta property=\"og:description\" content=\"Resoluci\u00f3n de litigios    Estimados clientes:Les informamos de que Reglamento UE n\u00b0 524\/2013 sobre la resoluci\u00f3n de litigios en l\u00ednea en materia de consumo entr\u00f3 en vigor el 09.01.2016.El Reglamento, llamado ODR (Online Dispute Resolution), busca establecer un procedimiento judicial independiente, imparcial, transparente, eficaz, r\u00e1pido y justo para resolver los diversos litigios derivados de la venta en l\u00ednea internacional de mercanc\u00edas y servicios entre los pa\u00edses de la UE.Este objetivo se deber\u00eda lograr mediante el establecimiento de una plataforma RLL (la plataforma de resoluci\u00f3n de litigios en l\u00ednea) en la UE y las normas de cooperaci\u00f3n con los organismos nacionales encargados de la resoluci\u00f3n alternativa de litigios.Informamos a nuestros clientes de la existencia de esta plataforma de resoluci\u00f3n de litigios en l\u00ednea. Puede consultar m\u00e1s informaci\u00f3n en el art\u00edculo 14 apartado 1 del ODR-VO \u2013 descargable en formato PDF al siguiente enlace:http:\/\/eur-lex.europa.eu\/legal-content\/ES\/TXT\/PDF\/?uri=CELEX:32013R0524Adem\u00e1s, puede acceder a esta plataforma desde la siguiente direcci\u00f3n:http:\/\/ec.europa.eu\/consumers\/odr\/Gracias por su atenci\u00f3n.Labopolis, S.L.\" \/>\n<meta property=\"og:url\" content=\"https:\/\/www.labopolis.com\/pt\/resolucion-de-litigios\/\" \/>\n<meta property=\"og:site_name\" content=\"Labopolis\" \/>\n<meta property=\"article:publisher\" content=\"https:\/\/www.facebook.com\/profile.php?id=100063251679439\" \/>\n<meta property=\"article:modified_time\" content=\"2025-11-05T10:54:43+00:00\" \/>\n<meta name=\"twitter:card\" content=\"summary_large_image\" \/>\n<meta name=\"twitter:site\" content=\"@Labopolis\" \/>\n<meta name=\"twitter:label1\" content=\"Tempo estimado de leitura\" \/>\n\t<meta name=\"twitter:data1\" content=\"1 minuto\" \/>\n<script type=\"application\/ld+json\" class=\"yoast-schema-graph\">{\"@context\":\"https:\/\/schema.org\",\"@graph\":[{\"@type\":\"WebPage\",\"@id\":\"https:\/\/www.labopolis.com\/resolucion-de-litigios\/\",\"url\":\"https:\/\/www.labopolis.com\/resolucion-de-litigios\/\",\"name\":\"Resoluci\u00f3n de litigios - Labopolis\",\"isPartOf\":{\"@id\":\"https:\/\/www.labopolis.com\/#website\"},\"datePublished\":\"2023-07-14T11:28:56+00:00\",\"dateModified\":\"2025-11-05T10:54:43+00:00\",\"description\":\"Resoluci\u00f3n de litigios Estimados clientes:Les informamos de que Reglamento UE n\u00b0 524\/2013 sobre la resoluci\u00f3n de litigios en l\u00ednea en materia de consumo entr\u00f3 en vigor el 09.01.2016.El Reglamento, llamado ODR (Online Dispute Resolution), busca establecer un procedimiento judicial independiente, imparcial, transparente, eficaz, r\u00e1pido y justo para resolver los diversos litigios derivados de la venta en l\u00ednea internacional de mercanc\u00edas y servicios entre los pa\u00edses de la UE.Este objetivo se deber\u00eda lograr mediante el establecimiento de una plataforma RLL (la plataforma de resoluci\u00f3n de litigios en l\u00ednea) en la UE y las normas de cooperaci\u00f3n con los organismos nacionales encargados de la resoluci\u00f3n alternativa de litigios.Informamos a nuestros clientes de la existencia de esta plataforma de resoluci\u00f3n de litigios en l\u00ednea. Puede consultar m\u00e1s informaci\u00f3n en el art\u00edculo 14 apartado 1 del ODR-VO \u2013 descargable en formato PDF al siguiente enlace:http:\/\/eur-lex.europa.eu\/legal-content\/ES\/TXT\/PDF\/?uri=CELEX:32013R0524Adem\u00e1s, puede acceder a esta plataforma desde la siguiente direcci\u00f3n:http:\/\/ec.europa.eu\/consumers\/odr\/Gracias por su atenci\u00f3n.Labopolis, S.L.\",\"breadcrumb\":{\"@id\":\"https:\/\/www.labopolis.com\/resolucion-de-litigios\/#breadcrumb\"},\"inLanguage\":\"pt-PT\",\"potentialAction\":[{\"@type\":\"ReadAction\",\"target\":[\"https:\/\/www.labopolis.com\/resolucion-de-litigios\/\"]}]},{\"@type\":\"BreadcrumbList\",\"@id\":\"https:\/\/www.labopolis.com\/resolucion-de-litigios\/#breadcrumb\",\"itemListElement\":[{\"@type\":\"ListItem\",\"position\":1,\"name\":\"Portada\",\"item\":\"https:\/\/www.labopolis.com\/\"},{\"@type\":\"ListItem\",\"position\":2,\"name\":\"Resoluci\u00f3n de litigios\"}]},{\"@type\":\"WebSite\",\"@id\":\"https:\/\/www.labopolis.com\/#website\",\"url\":\"https:\/\/www.labopolis.com\/\",\"name\":\"Labopolis\",\"description\":\"\",\"potentialAction\":[{\"@type\":\"SearchAction\",\"target\":{\"@type\":\"EntryPoint\",\"urlTemplate\":\"https:\/\/www.labopolis.com\/?s={search_term_string}\"},\"query-input\":{\"@type\":\"PropertyValueSpecification\",\"valueRequired\":true,\"valueName\":\"search_term_string\"}}],\"inLanguage\":\"pt-PT\"}]}<\/script>\n<!-- \/ Yoast SEO plugin. -->","yoast_head_json":{"title":"Resolu\u00e7\u00e3o de lit\u00edgios - Labopolis","description":"Resolu\u00e7\u00e3o de lit\u00edgios Caros clientes:Informamos que o Regulamento (UE) n.\u00ba 524\/2013 relativo \u00e0 resolu\u00e7\u00e3o de lit\u00edgios em linha em mat\u00e9ria de consumo entrou em vigor em 09.01.2016. O regulamento, denominado RLL (Resolu\u00e7\u00e3o de Lit\u00edgios em Linha), visa estabelecer um procedimento judicial independente, imparcial, transparente, eficiente, r\u00e1pido e justo para resolver os v\u00e1rios lit\u00edgios decorrentes da venda internacional em linha de bens e servi\u00e7os entre pa\u00edses da UE.Este objetivo dever\u00e1 ser alcan\u00e7ado atrav\u00e9s da cria\u00e7\u00e3o de uma plataforma de RLL (a Plataforma de Resolu\u00e7\u00e3o de Lit\u00edgios em Linha) na UE e das regras de coopera\u00e7\u00e3o com os organismos nacionais respons\u00e1veis pela resolu\u00e7\u00e3o alternativa de lit\u00edgios. Pode encontrar mais informa\u00e7\u00f5es no artigo 14.\u00ba, n.\u00ba 1, do ODR-VO - descarreg\u00e1vel em formato PDF no seguinte link:http:\/\/eur-lex.europa.eu\/legal-content\/ES\/TXT\/PDF\/?uri=CELEX:32013R0524Adem\u00e1s, pode aceder a esta plataforma a partir do seguinte endere\u00e7o:http:\/\/ec.europa.eu\/consumers\/odr\/Gracias \u00e0 sua aten\u00e7\u00e3o.Labopolis, S.L.","robots":{"index":"index","follow":"follow","max-snippet":"max-snippet:-1","max-image-preview":"max-image-preview:large","max-video-preview":"max-video-preview:-1"},"canonical":"https:\/\/www.labopolis.com\/pt\/resolucion-de-litigios\/","og_locale":"pt_PT","og_type":"article","og_title":"Resoluci\u00f3n de litigios - Labopolis","og_description":"Resoluci\u00f3n de litigios    Estimados clientes:Les informamos de que Reglamento UE n\u00b0 524\/2013 sobre la resoluci\u00f3n de litigios en l\u00ednea en materia de consumo entr\u00f3 en vigor el 09.01.2016.El Reglamento, llamado ODR (Online Dispute Resolution), busca establecer un procedimiento judicial independiente, imparcial, transparente, eficaz, r\u00e1pido y justo para resolver los diversos litigios derivados de la venta en l\u00ednea internacional de mercanc\u00edas y servicios entre los pa\u00edses de la UE.Este objetivo se deber\u00eda lograr mediante el establecimiento de una plataforma RLL (la plataforma de resoluci\u00f3n de litigios en l\u00ednea) en la UE y las normas de cooperaci\u00f3n con los organismos nacionales encargados de la resoluci\u00f3n alternativa de litigios.Informamos a nuestros clientes de la existencia de esta plataforma de resoluci\u00f3n de litigios en l\u00ednea. Puede consultar m\u00e1s informaci\u00f3n en el art\u00edculo 14 apartado 1 del ODR-VO \u2013 descargable en formato PDF al siguiente enlace:http:\/\/eur-lex.europa.eu\/legal-content\/ES\/TXT\/PDF\/?uri=CELEX:32013R0524Adem\u00e1s, puede acceder a esta plataforma desde la siguiente direcci\u00f3n:http:\/\/ec.europa.eu\/consumers\/odr\/Gracias por su atenci\u00f3n.Labopolis, S.L.","og_url":"https:\/\/www.labopolis.com\/pt\/resolucion-de-litigios\/","og_site_name":"Labopolis","article_publisher":"https:\/\/www.facebook.com\/profile.php?id=100063251679439","article_modified_time":"2025-11-05T10:54:43+00:00","twitter_card":"summary_large_image","twitter_site":"@Labopolis","twitter_misc":{"Tempo estimado de leitura":"1 minuto"},"schema":{"@context":"https:\/\/schema.org","@graph":[{"@type":"WebPage","@id":"https:\/\/www.labopolis.com\/resolucion-de-litigios\/","url":"https:\/\/www.labopolis.com\/resolucion-de-litigios\/","name":"Resolu\u00e7\u00e3o de lit\u00edgios - Labopolis","isPartOf":{"@id":"https:\/\/www.labopolis.com\/#website"},"datePublished":"2023-07-14T11:28:56+00:00","dateModified":"2025-11-05T10:54:43+00:00","description":"Resolu\u00e7\u00e3o de lit\u00edgios Caros clientes:Informamos que o Regulamento (UE) n.\u00ba 524\/2013 relativo \u00e0 resolu\u00e7\u00e3o de lit\u00edgios em linha em mat\u00e9ria de consumo entrou em vigor em 09.01.2016. O regulamento, denominado RLL (Resolu\u00e7\u00e3o de Lit\u00edgios em Linha), visa estabelecer um procedimento judicial independente, imparcial, transparente, eficiente, r\u00e1pido e justo para resolver os v\u00e1rios lit\u00edgios decorrentes da venda internacional em linha de bens e servi\u00e7os entre pa\u00edses da UE.Este objetivo dever\u00e1 ser alcan\u00e7ado atrav\u00e9s da cria\u00e7\u00e3o de uma plataforma de RLL (a Plataforma de Resolu\u00e7\u00e3o de Lit\u00edgios em Linha) na UE e das regras de coopera\u00e7\u00e3o com os organismos nacionais respons\u00e1veis pela resolu\u00e7\u00e3o alternativa de lit\u00edgios. Pode encontrar mais informa\u00e7\u00f5es no artigo 14.\u00ba, n.\u00ba 1, do ODR-VO - descarreg\u00e1vel em formato PDF no seguinte link:http:\/\/eur-lex.europa.eu\/legal-content\/ES\/TXT\/PDF\/?uri=CELEX:32013R0524Adem\u00e1s, pode aceder a esta plataforma a partir do seguinte endere\u00e7o:http:\/\/ec.europa.eu\/consumers\/odr\/Gracias \u00e0 sua aten\u00e7\u00e3o.Labopolis, S.L.","breadcrumb":{"@id":"https:\/\/www.labopolis.com\/resolucion-de-litigios\/#breadcrumb"},"inLanguage":"pt-PT","potentialAction":[{"@type":"ReadAction","target":["https:\/\/www.labopolis.com\/resolucion-de-litigios\/"]}]},{"@type":"BreadcrumbList","@id":"https:\/\/www.labopolis.com\/resolucion-de-litigios\/#breadcrumb","itemListElement":[{"@type":"ListItem","position":1,"name":"Portada","item":"https:\/\/www.labopolis.com\/"},{"@type":"ListItem","position":2,"name":"Resoluci\u00f3n de litigios"}]},{"@type":"WebSite","@id":"https:\/\/www.labopolis.com\/#website","url":"https:\/\/www.labopolis.com\/","name":"Labopolis","description":"","potentialAction":[{"@type":"SearchAction","target":{"@type":"EntryPoint","urlTemplate":"https:\/\/www.labopolis.com\/?s={search_term_string}"},"query-input":{"@type":"PropertyValueSpecification","valueRequired":true,"valueName":"search_term_string"}}],"inLanguage":"pt-PT"}]}},"_links":{"self":[{"href":"https:\/\/www.labopolis.com\/pt\/wp-json\/wp\/v2\/pages\/10421","targetHints":{"allow":["GET"]}}],"collection":[{"href":"https:\/\/www.labopolis.com\/pt\/wp-json\/wp\/v2\/pages"}],"about":[{"href":"https:\/\/www.labopolis.com\/pt\/wp-json\/wp\/v2\/types\/page"}],"author":[{"embeddable":true,"href":"https:\/\/www.labopolis.com\/pt\/wp-json\/wp\/v2\/users\/1"}],"replies":[{"embeddable":true,"href":"https:\/\/www.labopolis.com\/pt\/wp-json\/wp\/v2\/comments?post=10421"}],"version-history":[{"count":11,"href":"https:\/\/www.labopolis.com\/pt\/wp-json\/wp\/v2\/pages\/10421\/revisions"}],"predecessor-version":[{"id":16446,"href":"https:\/\/www.labopolis.com\/pt\/wp-json\/wp\/v2\/pages\/10421\/revisions\/16446"}],"wp:attachment":[{"href":"https:\/\/www.labopolis.com\/pt\/wp-json\/wp\/v2\/media?parent=10421"}],"curies":[{"name":"wp","href":"https:\/\/api.w.org\/{rel}","templated":true}]}}