{"id":10408,"date":"2023-07-14T11:23:35","date_gmt":"2023-07-14T11:23:35","guid":{"rendered":"https:\/\/www.labopolis.com\/?page_id=10408"},"modified":"2025-11-05T09:40:20","modified_gmt":"2025-11-05T09:40:20","slug":"gastos-de-envio","status":"publish","type":"page","link":"https:\/\/www.labopolis.com\/pt\/gastos-de-envio\/","title":{"rendered":"Custos de envio"},"content":{"rendered":"<div data-elementor-type=\"wp-page\" data-elementor-id=\"10408\" class=\"elementor elementor-10408\">\n\t\t\t\t\t\t<section class=\"elementor-section elementor-top-section elementor-element elementor-element-a3594ed elementor-section-boxed elementor-section-height-default elementor-section-height-default wpr-particle-no wpr-jarallax-no wpr-parallax-no wpr-sticky-section-no\" data-id=\"a3594ed\" data-element_type=\"section\" data-e-type=\"section\">\n\t\t\t\t\t\t<div class=\"elementor-container elementor-column-gap-default\">\n\t\t\t\t\t<div class=\"elementor-column elementor-col-100 elementor-top-column elementor-element elementor-element-b0e1a07\" data-id=\"b0e1a07\" data-element_type=\"column\" data-e-type=\"column\">\n\t\t\t<div class=\"elementor-widget-wrap elementor-element-populated\">\n\t\t\t\t\t\t<div class=\"elementor-element elementor-element-536b5c8 elementor-widget elementor-widget-heading\" data-id=\"536b5c8\" data-element_type=\"widget\" data-e-type=\"widget\" data-widget_type=\"heading.default\">\n\t\t\t\t<div class=\"elementor-widget-container\">\n\t\t\t\t\t<h1 class=\"elementor-heading-title elementor-size-default\">Custos de envio<\/h1>\t\t\t\t<\/div>\n\t\t\t\t<\/div>\n\t\t\t\t<div class=\"elementor-element elementor-element-9ca8342 elementor-invisible elementor-widget elementor-widget-text-editor\" data-id=\"9ca8342\" data-element_type=\"widget\" data-e-type=\"widget\" data-settings=\"{&quot;_animation&quot;:&quot;fadeIn&quot;}\" data-widget_type=\"text-editor.default\">\n\t\t\t\t<div class=\"elementor-widget-container\">\n\t\t\t\t\t\t\t\t\t<p>Os produtos ser\u00e3o entregues no local indicado pelo Cliente.<\/p><p>Os custos de envio s\u00e3o calculados em fun\u00e7\u00e3o do peso da encomenda e da zona de envio (Pen\u00ednsula, Baleares, Can\u00e1rias, Ceuta e Melilha).<\/p><p>No caso de envios para as Ilhas Can\u00e1rias, o pre\u00e7o do transporte inclui apenas o \"desalfandegamento na origem\". Em caso algum est\u00e1 inclu\u00eddo o desalfandegamento no destino, nem os direitos aduaneiros ou o imposto can\u00e1rio, se for caso disso, que devem ser pagos diretamente pelo cliente no momento da rece\u00e7\u00e3o da mercadoria.<\/p><p>Para entregas no estrangeiro, pode pedir um pre\u00e7o por e-mail: info@labopolis.com, indicando o que pretende encomendar e os dados da empresa ou do particular, nome, morada, telefone, e-mail, NIF\/CIF\/IVA, etc., e enviar-lhe-emos um or\u00e7amento.<\/p><p>NOTA: O pre\u00e7o do transporte de mercadorias de grande volume n\u00e3o \u00e9 calculado automaticamente, o custo do transporte ser-lhe-\u00e1 enviado por correio eletr\u00f3nico com a confirma\u00e7\u00e3o da encomenda, o transporte apenas inclui o transporte at\u00e9 \u00e0 rua, nem a instala\u00e7\u00e3o ou montagem. Para encomendas superiores a 50Kg, o custo de transporte ser-lhe-\u00e1 fornecido com a confirma\u00e7\u00e3o da encomenda.<\/p>\t\t\t\t\t\t\t\t<\/div>\n\t\t\t\t<\/div>\n\t\t\t\t<div class=\"elementor-element elementor-element-ef30955 elementor-widget elementor-widget-heading\" data-id=\"ef30955\" data-element_type=\"widget\" data-e-type=\"widget\" data-widget_type=\"heading.default\">\n\t\t\t\t<div class=\"elementor-widget-container\">\n\t\t\t\t\t<h2 class=\"elementor-heading-title elementor-size-default\">Pedidos de indemniza\u00e7\u00e3o por danos sofridos durante o transporte:<\/h2>\t\t\t\t<\/div>\n\t\t\t\t<\/div>\n\t\t\t\t<div class=\"elementor-element elementor-element-900287c elementor-invisible elementor-widget elementor-widget-text-editor\" data-id=\"900287c\" data-element_type=\"widget\" data-e-type=\"widget\" data-settings=\"{&quot;_animation&quot;:&quot;fadeIn&quot;}\" data-widget_type=\"text-editor.default\">\n\t\t\t\t<div class=\"elementor-widget-container\">\n\t\t\t\t\t\t\t\t\t<p>- \u00c9 favor registar o incidente na guia de remessa da transportadora, quer receba os pacotes em mau estado ou se o n\u00famero de pacotes n\u00e3o corresponder \u00e0 guia de remessa.<\/p><p>- A nota de entrega \u00e9 a prova de qualquer incidente no estado da mercadoria. A ag\u00eancia de transportes n\u00e3o aceitar\u00e1 reclama\u00e7\u00f5es se a reclama\u00e7\u00e3o n\u00e3o constar da nota de entrega.<\/p><p>- O incidente deve ser comunicado por escrito \u00e0 LABOPOLIS no prazo de 24 horas.<\/p><p>Labopolis, s\u00f3 ser\u00e1 respons\u00e1vel pelos portes no caso de, por engano, o material enviado n\u00e3o corresponder ao material encomendado pelo cliente, em caso algum ser\u00e1 respons\u00e1vel pelos portes se o cliente tiver encomendado o material errado, e neste caso, teremos de ser informados para que o possamos enviar para a nossa ag\u00eancia. N\u00e3o aceitamos a entrega por qualquer outra ag\u00eancia que n\u00e3o tenha sido previamente confirmada por n\u00f3s.<\/p>\t\t\t\t\t\t\t\t<\/div>\n\t\t\t\t<\/div>\n\t\t\t\t\t<\/div>\n\t\t<\/div>\n\t\t\t\t\t<\/div>\n\t\t<\/section>\n\t\t\t\t<\/div>","protected":false},"excerpt":{"rendered":"<p>Custos de envio Os produtos ser\u00e3o entregues no local indicado pelo Cliente. Os custos de envio s\u00e3o calculados em fun\u00e7\u00e3o do peso da encomenda e da zona de envio (Pen\u00ednsula, Baleares, Can\u00e1rias, Ceuta e Melilha). No caso de envios para as Ilhas Can\u00e1rias, o pre\u00e7o do transporte inclui apenas o \u201cdesalfandegamento na origem\u201d. Em caso algum est\u00e1 inclu\u00eddo o desalfandegamento no destino, nem os direitos aduaneiros ou o imposto can\u00e1rio, se for caso disso, que devem ser pagos diretamente pelo cliente no momento da rece\u00e7\u00e3o da mercadoria. Para envios para o estrangeiro, pode solicitar um pre\u00e7o por correio eletr\u00f3nico: info@labopolis.com, indicando o que pretende encomendar e os dados da empresa ou do indiv\u00edduo, nome, morada, telefone, correio eletr\u00f3nico, NIF \/ CIF \/ IVA, etc., e enviar-lhe-emos um or\u00e7amento. NOTA: O pre\u00e7o do transporte de mercadorias de grande volume n\u00e3o \u00e9 calculado automaticamente, ser-lhe-\u00e1 enviado o custo do mesmo por e-mail com a confirma\u00e7\u00e3o da encomenda, o transporte apenas inclui o transporte para a rua da f\u00e1brica, nem a instala\u00e7\u00e3o ou montagem. Para encomendas superiores a 50Kg, o custo de transporte ser-lhe-\u00e1 fornecido com a confirma\u00e7\u00e3o da encomenda. Pedidos de indemniza\u00e7\u00e3o por danos sofridos durante o transporte: - Anote o incidente na nota de entrega da ag\u00eancia de transportes, se receber as encomendas em mau estado ou se o n\u00famero de encomendas n\u00e3o corresponder \u00e0 nota de entrega. - A nota de entrega \u00e9 a prova de qualquer incidente no estado da mercadoria. O servi\u00e7o de transporte n\u00e3o aceitar\u00e1 reclama\u00e7\u00f5es se a reclama\u00e7\u00e3o n\u00e3o constar da guia de remessa. - O incidente deve ser comunicado por escrito \u00e0 LABOPOLIS, no prazo de 24 horas. A Labopolis, s\u00f3 se encarregar\u00e1 dos portes no caso de, por engano, o material enviado n\u00e3o corresponder ao material encomendado pelo cliente, em caso algum se encarregar\u00e1 dos portes se o Cliente tiver encomendado um material errado, e neste caso, dever\u00e1 comunicar-nos o facto para que o enviemos para a nossa ag\u00eancia. N\u00e3o aceitamos o envio por qualquer outra ag\u00eancia que n\u00e3o tenha sido previamente confirmada por n\u00f3s.<\/p>","protected":false},"author":1,"featured_media":0,"parent":0,"menu_order":0,"comment_status":"closed","ping_status":"closed","template":"","meta":{"footnotes":""},"class_list":["post-10408","page","type-page","status-publish","hentry"],"yoast_head":"<!-- This site is optimized with the Yoast SEO plugin v27.2 - https:\/\/yoast.com\/product\/yoast-seo-wordpress\/ -->\n<title>Gastos de env\u00edo - Labopolis<\/title>\n<meta name=\"description\" content=\"Gastos de env\u00edo    Los productos se entregar\u00e1n en el lugar indicado por el Cliente.Los portes se calculan en base al peso del pedido y a la zona de env\u00edo (Pen\u00ednsula, Baleares, Canarias, Ceuta y Melilla).En el caso de env\u00edos a Canarias, el precio del transporte incluye solo \u201cdespacho de aduanas en origen\u201d. En ning\u00fan caso estar\u00e1 incluido el despacho de aduanas en destino ni los aranceles o impuesto Canario, si los hubiera, que deber\u00e1n ser abonados directamente por el cliente a la recepci\u00f3n de la mercanc\u00eda.Para env\u00edos al extranjero puede solicitarnos precio por e-mail: info@labopolis.com, indicando lo que quieren pedir y los datos de la empresa o particular, nombre, direcci\u00f3n, tel\u00e9fono, e-mail, NIF \/ CIF \/ VAT, etc, y le haremos llegar un presupuesto.NOTA: El precio del transporte de mercanc\u00edas de gran volumen no es calculado autom\u00e1ticamente, le ser\u00e1 enviado el coste del mismo por e-mail con la confirmaci\u00f3n del pedido, el transporte solo incluye el llevarlo a la planta calle, ni la instalaci\u00f3n o el montaje. Para los pedidos de m\u00e1s de 50Kg, el precio del transporte le ser\u00e1 facilitado con la confirmaci\u00f3n de su pedido.    Reclamaciones por da\u00f1os sufridos durante el transporte:    \u2013 Haga constar la incidencia en el albar\u00e1n de la agencia de transporte, tanto si recibe los bultos en mal estado, como si el n\u00famero de bultos no corresponde al albar\u00e1n de entrega.\u2013 El albar\u00e1n de entrega es el justificante de cualquier incidencia en el estado de la mercanc\u00eda. La agencia de transporte no admitir\u00e1 reclamaciones si la reclamaci\u00f3n no consta en el albar\u00e1n de entrega.\u2013 La incidencia deber\u00e1\u00a0comunicarla por escrito a LABOPOLIS, en el plazo m\u00e1ximo de 24 horas.Labopolis, solo se har\u00e1 cargo de los portes en el caso de que, por error, el material enviado no se corresponda con el material pedido por el cliente, en ning\u00fan caso se har\u00e1 cargo de los portes si el Cliente ha pedido un material equivocado, y en dicho caso, nos lo tendr\u00e1 que comunicar para que enviemos a nuestra agencia. No se admiten portes debidos por otra agencia que no haya sido confirmada previamente por nosotros.\" \/>\n<meta name=\"robots\" content=\"index, follow, max-snippet:-1, max-image-preview:large, max-video-preview:-1\" \/>\n<link rel=\"canonical\" href=\"https:\/\/www.labopolis.com\/pt\/gastos-de-envio\/\" \/>\n<meta property=\"og:locale\" content=\"pt_PT\" \/>\n<meta property=\"og:type\" content=\"article\" \/>\n<meta property=\"og:title\" content=\"Gastos de env\u00edo - Labopolis\" \/>\n<meta property=\"og:description\" content=\"Gastos de env\u00edo    Los productos se entregar\u00e1n en el lugar indicado por el Cliente.Los portes se calculan en base al peso del pedido y a la zona de env\u00edo (Pen\u00ednsula, Baleares, Canarias, Ceuta y Melilla).En el caso de env\u00edos a Canarias, el precio del transporte incluye solo \u201cdespacho de aduanas en origen\u201d. En ning\u00fan caso estar\u00e1 incluido el despacho de aduanas en destino ni los aranceles o impuesto Canario, si los hubiera, que deber\u00e1n ser abonados directamente por el cliente a la recepci\u00f3n de la mercanc\u00eda.Para env\u00edos al extranjero puede solicitarnos precio por e-mail: info@labopolis.com, indicando lo que quieren pedir y los datos de la empresa o particular, nombre, direcci\u00f3n, tel\u00e9fono, e-mail, NIF \/ CIF \/ VAT, etc, y le haremos llegar un presupuesto.NOTA: El precio del transporte de mercanc\u00edas de gran volumen no es calculado autom\u00e1ticamente, le ser\u00e1 enviado el coste del mismo por e-mail con la confirmaci\u00f3n del pedido, el transporte solo incluye el llevarlo a la planta calle, ni la instalaci\u00f3n o el montaje. Para los pedidos de m\u00e1s de 50Kg, el precio del transporte le ser\u00e1 facilitado con la confirmaci\u00f3n de su pedido.    Reclamaciones por da\u00f1os sufridos durante el transporte:    \u2013 Haga constar la incidencia en el albar\u00e1n de la agencia de transporte, tanto si recibe los bultos en mal estado, como si el n\u00famero de bultos no corresponde al albar\u00e1n de entrega.\u2013 El albar\u00e1n de entrega es el justificante de cualquier incidencia en el estado de la mercanc\u00eda. La agencia de transporte no admitir\u00e1 reclamaciones si la reclamaci\u00f3n no consta en el albar\u00e1n de entrega.\u2013 La incidencia deber\u00e1\u00a0comunicarla por escrito a LABOPOLIS, en el plazo m\u00e1ximo de 24 horas.Labopolis, solo se har\u00e1 cargo de los portes en el caso de que, por error, el material enviado no se corresponda con el material pedido por el cliente, en ning\u00fan caso se har\u00e1 cargo de los portes si el Cliente ha pedido un material equivocado, y en dicho caso, nos lo tendr\u00e1 que comunicar para que enviemos a nuestra agencia. No se admiten portes debidos por otra agencia que no haya sido confirmada previamente por nosotros.\" \/>\n<meta property=\"og:url\" content=\"https:\/\/www.labopolis.com\/pt\/gastos-de-envio\/\" \/>\n<meta property=\"og:site_name\" content=\"Labopolis\" \/>\n<meta property=\"article:publisher\" content=\"https:\/\/www.facebook.com\/profile.php?id=100063251679439\" \/>\n<meta property=\"article:modified_time\" content=\"2025-11-05T09:40:20+00:00\" \/>\n<meta name=\"twitter:card\" content=\"summary_large_image\" \/>\n<meta name=\"twitter:site\" content=\"@Labopolis\" \/>\n<meta name=\"twitter:label1\" content=\"Tempo estimado de leitura\" \/>\n\t<meta name=\"twitter:data1\" content=\"2 minutos\" \/>\n<script type=\"application\/ld+json\" class=\"yoast-schema-graph\">{\"@context\":\"https:\/\/schema.org\",\"@graph\":[{\"@type\":\"WebPage\",\"@id\":\"https:\/\/www.labopolis.com\/gastos-de-envio\/\",\"url\":\"https:\/\/www.labopolis.com\/gastos-de-envio\/\",\"name\":\"Gastos de env\u00edo - Labopolis\",\"isPartOf\":{\"@id\":\"https:\/\/www.labopolis.com\/#website\"},\"datePublished\":\"2023-07-14T11:23:35+00:00\",\"dateModified\":\"2025-11-05T09:40:20+00:00\",\"description\":\"Gastos de env\u00edo Los productos se entregar\u00e1n en el lugar indicado por el Cliente.Los portes se calculan en base al peso del pedido y a la zona de env\u00edo (Pen\u00ednsula, Baleares, Canarias, Ceuta y Melilla).En el caso de env\u00edos a Canarias, el precio del transporte incluye solo \u201cdespacho de aduanas en origen\u201d. En ning\u00fan caso estar\u00e1 incluido el despacho de aduanas en destino ni los aranceles o impuesto Canario, si los hubiera, que deber\u00e1n ser abonados directamente por el cliente a la recepci\u00f3n de la mercanc\u00eda.Para env\u00edos al extranjero puede solicitarnos precio por e-mail: info@labopolis.com, indicando lo que quieren pedir y los datos de la empresa o particular, nombre, direcci\u00f3n, tel\u00e9fono, e-mail, NIF \/ CIF \/ VAT, etc, y le haremos llegar un presupuesto.NOTA: El precio del transporte de mercanc\u00edas de gran volumen no es calculado autom\u00e1ticamente, le ser\u00e1 enviado el coste del mismo por e-mail con la confirmaci\u00f3n del pedido, el transporte solo incluye el llevarlo a la planta calle, ni la instalaci\u00f3n o el montaje. Para los pedidos de m\u00e1s de 50Kg, el precio del transporte le ser\u00e1 facilitado con la confirmaci\u00f3n de su pedido. Reclamaciones por da\u00f1os sufridos durante el transporte: \u2013 Haga constar la incidencia en el albar\u00e1n de la agencia de transporte, tanto si recibe los bultos en mal estado, como si el n\u00famero de bultos no corresponde al albar\u00e1n de entrega.\u2013 El albar\u00e1n de entrega es el justificante de cualquier incidencia en el estado de la mercanc\u00eda. La agencia de transporte no admitir\u00e1 reclamaciones si la reclamaci\u00f3n no consta en el albar\u00e1n de entrega.\u2013 La incidencia deber\u00e1\u00a0comunicarla por escrito a LABOPOLIS, en el plazo m\u00e1ximo de 24 horas.Labopolis, solo se har\u00e1 cargo de los portes en el caso de que, por error, el material enviado no se corresponda con el material pedido por el cliente, en ning\u00fan caso se har\u00e1 cargo de los portes si el Cliente ha pedido un material equivocado, y en dicho caso, nos lo tendr\u00e1 que comunicar para que enviemos a nuestra agencia. No se admiten portes debidos por otra agencia que no haya sido confirmada previamente por nosotros.\",\"breadcrumb\":{\"@id\":\"https:\/\/www.labopolis.com\/gastos-de-envio\/#breadcrumb\"},\"inLanguage\":\"pt-PT\",\"potentialAction\":[{\"@type\":\"ReadAction\",\"target\":[\"https:\/\/www.labopolis.com\/gastos-de-envio\/\"]}]},{\"@type\":\"BreadcrumbList\",\"@id\":\"https:\/\/www.labopolis.com\/gastos-de-envio\/#breadcrumb\",\"itemListElement\":[{\"@type\":\"ListItem\",\"position\":1,\"name\":\"Portada\",\"item\":\"https:\/\/www.labopolis.com\/\"},{\"@type\":\"ListItem\",\"position\":2,\"name\":\"Gastos de env\u00edo\"}]},{\"@type\":\"WebSite\",\"@id\":\"https:\/\/www.labopolis.com\/#website\",\"url\":\"https:\/\/www.labopolis.com\/\",\"name\":\"Labopolis\",\"description\":\"\",\"potentialAction\":[{\"@type\":\"SearchAction\",\"target\":{\"@type\":\"EntryPoint\",\"urlTemplate\":\"https:\/\/www.labopolis.com\/?s={search_term_string}\"},\"query-input\":{\"@type\":\"PropertyValueSpecification\",\"valueRequired\":true,\"valueName\":\"search_term_string\"}}],\"inLanguage\":\"pt-PT\"}]}<\/script>\n<!-- \/ Yoast SEO plugin. -->","yoast_head_json":{"title":"Gastos de env\u00edo - Labopolis","description":"Gastos de env\u00edo    Los productos se entregar\u00e1n en el lugar indicado por el Cliente.Los portes se calculan en base al peso del pedido y a la zona de env\u00edo (Pen\u00ednsula, Baleares, Canarias, Ceuta y Melilla).En el caso de env\u00edos a Canarias, el precio del transporte incluye solo \u201cdespacho de aduanas en origen\u201d. En ning\u00fan caso estar\u00e1 incluido el despacho de aduanas en destino ni los aranceles o impuesto Canario, si los hubiera, que deber\u00e1n ser abonados directamente por el cliente a la recepci\u00f3n de la mercanc\u00eda.Para env\u00edos al extranjero puede solicitarnos precio por e-mail: info@labopolis.com, indicando lo que quieren pedir y los datos de la empresa o particular, nombre, direcci\u00f3n, tel\u00e9fono, e-mail, NIF \/ CIF \/ VAT, etc, y le haremos llegar un presupuesto.NOTA: El precio del transporte de mercanc\u00edas de gran volumen no es calculado autom\u00e1ticamente, le ser\u00e1 enviado el coste del mismo por e-mail con la confirmaci\u00f3n del pedido, el transporte solo incluye el llevarlo a la planta calle, ni la instalaci\u00f3n o el montaje. Para los pedidos de m\u00e1s de 50Kg, el precio del transporte le ser\u00e1 facilitado con la confirmaci\u00f3n de su pedido.    Reclamaciones por da\u00f1os sufridos durante el transporte:    \u2013 Haga constar la incidencia en el albar\u00e1n de la agencia de transporte, tanto si recibe los bultos en mal estado, como si el n\u00famero de bultos no corresponde al albar\u00e1n de entrega.\u2013 El albar\u00e1n de entrega es el justificante de cualquier incidencia en el estado de la mercanc\u00eda. La agencia de transporte no admitir\u00e1 reclamaciones si la reclamaci\u00f3n no consta en el albar\u00e1n de entrega.\u2013 La incidencia deber\u00e1\u00a0comunicarla por escrito a LABOPOLIS, en el plazo m\u00e1ximo de 24 horas.Labopolis, solo se har\u00e1 cargo de los portes en el caso de que, por error, el material enviado no se corresponda con el material pedido por el cliente, en ning\u00fan caso se har\u00e1 cargo de los portes si el Cliente ha pedido un material equivocado, y en dicho caso, nos lo tendr\u00e1 que comunicar para que enviemos a nuestra agencia. No se admiten portes debidos por otra agencia que no haya sido confirmada previamente por nosotros.","robots":{"index":"index","follow":"follow","max-snippet":"max-snippet:-1","max-image-preview":"max-image-preview:large","max-video-preview":"max-video-preview:-1"},"canonical":"https:\/\/www.labopolis.com\/pt\/gastos-de-envio\/","og_locale":"pt_PT","og_type":"article","og_title":"Gastos de env\u00edo - Labopolis","og_description":"Gastos de env\u00edo    Los productos se entregar\u00e1n en el lugar indicado por el Cliente.Los portes se calculan en base al peso del pedido y a la zona de env\u00edo (Pen\u00ednsula, Baleares, Canarias, Ceuta y Melilla).En el caso de env\u00edos a Canarias, el precio del transporte incluye solo \u201cdespacho de aduanas en origen\u201d. En ning\u00fan caso estar\u00e1 incluido el despacho de aduanas en destino ni los aranceles o impuesto Canario, si los hubiera, que deber\u00e1n ser abonados directamente por el cliente a la recepci\u00f3n de la mercanc\u00eda.Para env\u00edos al extranjero puede solicitarnos precio por e-mail: info@labopolis.com, indicando lo que quieren pedir y los datos de la empresa o particular, nombre, direcci\u00f3n, tel\u00e9fono, e-mail, NIF \/ CIF \/ VAT, etc, y le haremos llegar un presupuesto.NOTA: El precio del transporte de mercanc\u00edas de gran volumen no es calculado autom\u00e1ticamente, le ser\u00e1 enviado el coste del mismo por e-mail con la confirmaci\u00f3n del pedido, el transporte solo incluye el llevarlo a la planta calle, ni la instalaci\u00f3n o el montaje. Para los pedidos de m\u00e1s de 50Kg, el precio del transporte le ser\u00e1 facilitado con la confirmaci\u00f3n de su pedido.    Reclamaciones por da\u00f1os sufridos durante el transporte:    \u2013 Haga constar la incidencia en el albar\u00e1n de la agencia de transporte, tanto si recibe los bultos en mal estado, como si el n\u00famero de bultos no corresponde al albar\u00e1n de entrega.\u2013 El albar\u00e1n de entrega es el justificante de cualquier incidencia en el estado de la mercanc\u00eda. La agencia de transporte no admitir\u00e1 reclamaciones si la reclamaci\u00f3n no consta en el albar\u00e1n de entrega.\u2013 La incidencia deber\u00e1\u00a0comunicarla por escrito a LABOPOLIS, en el plazo m\u00e1ximo de 24 horas.Labopolis, solo se har\u00e1 cargo de los portes en el caso de que, por error, el material enviado no se corresponda con el material pedido por el cliente, en ning\u00fan caso se har\u00e1 cargo de los portes si el Cliente ha pedido un material equivocado, y en dicho caso, nos lo tendr\u00e1 que comunicar para que enviemos a nuestra agencia. No se admiten portes debidos por otra agencia que no haya sido confirmada previamente por nosotros.","og_url":"https:\/\/www.labopolis.com\/pt\/gastos-de-envio\/","og_site_name":"Labopolis","article_publisher":"https:\/\/www.facebook.com\/profile.php?id=100063251679439","article_modified_time":"2025-11-05T09:40:20+00:00","twitter_card":"summary_large_image","twitter_site":"@Labopolis","twitter_misc":{"Tempo estimado de leitura":"2 minutos"},"schema":{"@context":"https:\/\/schema.org","@graph":[{"@type":"WebPage","@id":"https:\/\/www.labopolis.com\/gastos-de-envio\/","url":"https:\/\/www.labopolis.com\/gastos-de-envio\/","name":"Gastos de env\u00edo - Labopolis","isPartOf":{"@id":"https:\/\/www.labopolis.com\/#website"},"datePublished":"2023-07-14T11:23:35+00:00","dateModified":"2025-11-05T09:40:20+00:00","description":"Gastos de env\u00edo Los productos se entregar\u00e1n en el lugar indicado por el Cliente.Los portes se calculan en base al peso del pedido y a la zona de env\u00edo (Pen\u00ednsula, Baleares, Canarias, Ceuta y Melilla).En el caso de env\u00edos a Canarias, el precio del transporte incluye solo \u201cdespacho de aduanas en origen\u201d. En ning\u00fan caso estar\u00e1 incluido el despacho de aduanas en destino ni los aranceles o impuesto Canario, si los hubiera, que deber\u00e1n ser abonados directamente por el cliente a la recepci\u00f3n de la mercanc\u00eda.Para env\u00edos al extranjero puede solicitarnos precio por e-mail: info@labopolis.com, indicando lo que quieren pedir y los datos de la empresa o particular, nombre, direcci\u00f3n, tel\u00e9fono, e-mail, NIF \/ CIF \/ VAT, etc, y le haremos llegar un presupuesto.NOTA: El precio del transporte de mercanc\u00edas de gran volumen no es calculado autom\u00e1ticamente, le ser\u00e1 enviado el coste del mismo por e-mail con la confirmaci\u00f3n del pedido, el transporte solo incluye el llevarlo a la planta calle, ni la instalaci\u00f3n o el montaje. Para los pedidos de m\u00e1s de 50Kg, el precio del transporte le ser\u00e1 facilitado con la confirmaci\u00f3n de su pedido. Reclamaciones por da\u00f1os sufridos durante el transporte: \u2013 Haga constar la incidencia en el albar\u00e1n de la agencia de transporte, tanto si recibe los bultos en mal estado, como si el n\u00famero de bultos no corresponde al albar\u00e1n de entrega.\u2013 El albar\u00e1n de entrega es el justificante de cualquier incidencia en el estado de la mercanc\u00eda. La agencia de transporte no admitir\u00e1 reclamaciones si la reclamaci\u00f3n no consta en el albar\u00e1n de entrega.\u2013 La incidencia deber\u00e1\u00a0comunicarla por escrito a LABOPOLIS, en el plazo m\u00e1ximo de 24 horas.Labopolis, solo se har\u00e1 cargo de los portes en el caso de que, por error, el material enviado no se corresponda con el material pedido por el cliente, en ning\u00fan caso se har\u00e1 cargo de los portes si el Cliente ha pedido un material equivocado, y en dicho caso, nos lo tendr\u00e1 que comunicar para que enviemos a nuestra agencia. No se admiten portes debidos por otra agencia que no haya sido confirmada previamente por nosotros.","breadcrumb":{"@id":"https:\/\/www.labopolis.com\/gastos-de-envio\/#breadcrumb"},"inLanguage":"pt-PT","potentialAction":[{"@type":"ReadAction","target":["https:\/\/www.labopolis.com\/gastos-de-envio\/"]}]},{"@type":"BreadcrumbList","@id":"https:\/\/www.labopolis.com\/gastos-de-envio\/#breadcrumb","itemListElement":[{"@type":"ListItem","position":1,"name":"Portada","item":"https:\/\/www.labopolis.com\/"},{"@type":"ListItem","position":2,"name":"Gastos de env\u00edo"}]},{"@type":"WebSite","@id":"https:\/\/www.labopolis.com\/#website","url":"https:\/\/www.labopolis.com\/","name":"Labopolis","description":"","potentialAction":[{"@type":"SearchAction","target":{"@type":"EntryPoint","urlTemplate":"https:\/\/www.labopolis.com\/?s={search_term_string}"},"query-input":{"@type":"PropertyValueSpecification","valueRequired":true,"valueName":"search_term_string"}}],"inLanguage":"pt-PT"}]}},"_links":{"self":[{"href":"https:\/\/www.labopolis.com\/pt\/wp-json\/wp\/v2\/pages\/10408","targetHints":{"allow":["GET"]}}],"collection":[{"href":"https:\/\/www.labopolis.com\/pt\/wp-json\/wp\/v2\/pages"}],"about":[{"href":"https:\/\/www.labopolis.com\/pt\/wp-json\/wp\/v2\/types\/page"}],"author":[{"embeddable":true,"href":"https:\/\/www.labopolis.com\/pt\/wp-json\/wp\/v2\/users\/1"}],"replies":[{"embeddable":true,"href":"https:\/\/www.labopolis.com\/pt\/wp-json\/wp\/v2\/comments?post=10408"}],"version-history":[{"count":14,"href":"https:\/\/www.labopolis.com\/pt\/wp-json\/wp\/v2\/pages\/10408\/revisions"}],"predecessor-version":[{"id":16365,"href":"https:\/\/www.labopolis.com\/pt\/wp-json\/wp\/v2\/pages\/10408\/revisions\/16365"}],"wp:attachment":[{"href":"https:\/\/www.labopolis.com\/pt\/wp-json\/wp\/v2\/media?parent=10408"}],"curies":[{"name":"wp","href":"https:\/\/api.w.org\/{rel}","templated":true}]}}