{"id":966,"date":"2023-07-10T11:31:52","date_gmt":"2023-07-10T11:31:52","guid":{"rendered":"https:\/\/www.labopolis.com\/?post_type=product&#038;p=966"},"modified":"2024-12-23T11:04:25","modified_gmt":"2024-12-23T11:04:25","slug":"balanzas-cb-compact","status":"publish","type":"product","link":"https:\/\/www.labopolis.com\/it\/prodotto\/balanzas-cb-compact\/","title":{"rendered":"Bilance CB Compact"},"content":{"rendered":"<table style=\"color: #000000;\" border=\"1\" width=\"1258\">\n<tbody>\n<tr>\n<td class=\"textop\" style=\"font-weight: bold;\" align=\"center\">Modelli<\/td>\n<td class=\"textop\" style=\"font-weight: bold;\" align=\"center\">Capacit\u00e0<\/td>\n<td class=\"textop\" style=\"font-weight: bold;\" align=\"center\">Risoluzione<\/td>\n<td class=\"textop\" style=\"font-weight: bold;\" align=\"center\">Piatto<\/td>\n<\/tr>\n<tr>\n<td class=\"textop\" style=\"font-weight: bold;\" align=\"center\">CB501<\/td>\n<td class=\"textop\" align=\"center\">500 g<\/td>\n<td class=\"textop\" align=\"center\">0,1 g<\/td>\n<td class=\"textop\" align=\"center\">130 mm<\/td>\n<\/tr>\n<tr>\n<td class=\"textop\" style=\"font-weight: bold;\" align=\"center\">CB1001<\/td>\n<td class=\"textop\" align=\"center\">1000 g<\/td>\n<td class=\"textop\" align=\"center\">0,1 g<\/td>\n<td class=\"textop\" align=\"center\">130 mm<\/td>\n<\/tr>\n<tr>\n<td class=\"textop\" style=\"font-weight: bold;\" align=\"center\">CB3000<\/td>\n<td class=\"textop\" align=\"center\">3000 g<\/td>\n<td class=\"textop\" align=\"center\">1 g<\/td>\n<td class=\"textop\" align=\"center\">130 mm<\/td>\n<\/tr>\n<\/tbody>\n<\/table>\n<p>Caratteristiche:<br \/>\nLCD retroilluminato, facilmente visibile in qualsiasi condizione di luce.<br \/>\nL'ampia piastra in acciaio inox 304 consente una rapida pulizia.<br \/>\nIl design leggero semplifica il trasporto e la trasportabilit\u00e0<br \/>\nLa tastiera sigillata protegge dallo sporco e dalle fuoriuscite accidentali di liquidi<br \/>\nIl livello dell'aria regolabile e i piedini di livellamento consentono una configurazione ottimale per risultati di pesatura ottimali<br \/>\nFunzione di spegnimento automatico programmabile per risparmiare energia<br \/>\nLa taratura esterna consente la verifica e la regolazione con le masse<br \/>\nLa semplicit\u00e0 d'uso consente un rapido utilizzo con poca formazione<br \/>\nLa funzione di tracciamento dello zero assicura che la lettura sul display torni a zero<br \/>\nL'indicatore di batteria scarica avverte l'utente quando le batterie devono essere sostituite<\/p>","protected":false},"excerpt":{"rendered":"<p>Selezionare il modello desiderato in base alle caratteristiche della tabella nella descrizione del prodotto.<\/p>\n<p><strong><em><a href=\"https:\/\/www.labopolis.com\/wp-content\/uploads\/2014\/05\/Balanzas_Compactas_Compact-SP.pdf\" target=\"_blank\" rel=\"attachment wp-att-4082 noopener noreferrer\"><i class=\"fas fa-file-alt\"><\/i> Scheda tecnica delle bilance compatte serie CB<\/a><\/em><\/strong><\/p>","protected":false},"featured_media":981,"comment_status":"open","ping_status":"closed","template":"","meta":[],"product_brand":[],"product_cat":[32,35,23],"product_tag":[],"class_list":{"0":"post-966","1":"product","2":"type-product","3":"status-publish","4":"has-post-thumbnail","6":"product_cat-balanzas","7":"product_cat-balanzas-basicas","8":"product_cat-laboratorio","10":"first","11":"instock","12":"taxable","13":"shipping-taxable","14":"purchasable","15":"product-type-variable"},"yoast_head":"<!-- This site is optimized with the Yoast SEO plugin v27.2 - https:\/\/yoast.com\/product\/yoast-seo-wordpress\/ -->\n<title>Balanzas CB Compact - Labopolis<\/title>\n<meta name=\"description\" content=\"Seleccione el modelo deseado seg\u00fan las caracter\u00edsticas de la tabla que aparece en la descripci\u00f3n del producto.   Ficha T\u00e9cnica Balanzas Serie Compact CB\" \/>\n<meta name=\"robots\" content=\"index, follow, max-snippet:-1, max-image-preview:large, max-video-preview:-1\" \/>\n<link rel=\"canonical\" href=\"https:\/\/www.labopolis.com\/it\/prodotto\/balanzas-cb-compact\/\" \/>\n<meta property=\"og:locale\" content=\"it_IT\" \/>\n<meta property=\"og:type\" content=\"article\" \/>\n<meta property=\"og:title\" content=\"Balanzas CB Compact - Labopolis\" \/>\n<meta property=\"og:description\" content=\"Seleccione el modelo deseado seg\u00fan las caracter\u00edsticas de la tabla que aparece en la descripci\u00f3n del producto.   Ficha T\u00e9cnica Balanzas Serie Compact CB\" \/>\n<meta property=\"og:url\" content=\"https:\/\/www.labopolis.com\/it\/prodotto\/balanzas-cb-compact\/\" \/>\n<meta property=\"og:site_name\" content=\"Labopolis\" \/>\n<meta property=\"article:publisher\" content=\"https:\/\/www.facebook.com\/profile.php?id=100063251679439\" \/>\n<meta property=\"article:modified_time\" content=\"2024-12-23T11:04:25+00:00\" \/>\n<meta property=\"og:image\" content=\"https:\/\/www.labopolis.com\/wp-content\/uploads\/2023\/07\/CB-Compact-Balance-Small-RH.jpg\" \/>\n\t<meta property=\"og:image:width\" content=\"999\" \/>\n\t<meta property=\"og:image:height\" content=\"863\" \/>\n\t<meta property=\"og:image:type\" content=\"image\/jpeg\" \/>\n<meta name=\"twitter:card\" content=\"summary_large_image\" \/>\n<meta name=\"twitter:site\" content=\"@Labopolis\" \/>\n<meta name=\"twitter:label1\" content=\"Tempo di lettura stimato\" \/>\n\t<meta name=\"twitter:data1\" content=\"1 minuto\" \/>\n<script type=\"application\/ld+json\" class=\"yoast-schema-graph\">{\"@context\":\"https:\/\/schema.org\",\"@graph\":[{\"@type\":\"WebPage\",\"@id\":\"https:\/\/www.labopolis.com\/producto\/balanzas-cb-compact\/\",\"url\":\"https:\/\/www.labopolis.com\/producto\/balanzas-cb-compact\/\",\"name\":\"Balanzas CB Compact - Labopolis\",\"isPartOf\":{\"@id\":\"https:\/\/www.labopolis.com\/#website\"},\"primaryImageOfPage\":{\"@id\":\"https:\/\/www.labopolis.com\/producto\/balanzas-cb-compact\/#primaryimage\"},\"image\":{\"@id\":\"https:\/\/www.labopolis.com\/producto\/balanzas-cb-compact\/#primaryimage\"},\"thumbnailUrl\":\"https:\/\/www.labopolis.com\/wp-content\/uploads\/2023\/07\/CB-Compact-Balance-Small-RH.jpg\",\"datePublished\":\"2023-07-10T11:31:52+00:00\",\"dateModified\":\"2024-12-23T11:04:25+00:00\",\"description\":\"Seleccione el modelo deseado seg\u00fan las caracter\u00edsticas de la tabla que aparece en la descripci\u00f3n del producto. Ficha T\u00e9cnica Balanzas Serie Compact CB\",\"breadcrumb\":{\"@id\":\"https:\/\/www.labopolis.com\/producto\/balanzas-cb-compact\/#breadcrumb\"},\"inLanguage\":\"it-IT\",\"potentialAction\":[{\"@type\":\"ReadAction\",\"target\":[\"https:\/\/www.labopolis.com\/producto\/balanzas-cb-compact\/\"]}]},{\"@type\":\"ImageObject\",\"inLanguage\":\"it-IT\",\"@id\":\"https:\/\/www.labopolis.com\/producto\/balanzas-cb-compact\/#primaryimage\",\"url\":\"https:\/\/www.labopolis.com\/wp-content\/uploads\/2023\/07\/CB-Compact-Balance-Small-RH.jpg\",\"contentUrl\":\"https:\/\/www.labopolis.com\/wp-content\/uploads\/2023\/07\/CB-Compact-Balance-Small-RH.jpg\",\"width\":999,\"height\":863,\"caption\":\"Producto\"},{\"@type\":\"BreadcrumbList\",\"@id\":\"https:\/\/www.labopolis.com\/producto\/balanzas-cb-compact\/#breadcrumb\",\"itemListElement\":[{\"@type\":\"ListItem\",\"position\":1,\"name\":\"Portada\",\"item\":\"https:\/\/www.labopolis.com\/\"},{\"@type\":\"ListItem\",\"position\":2,\"name\":\"Productos\",\"item\":\"https:\/\/www.labopolis.com\/shop\/\"},{\"@type\":\"ListItem\",\"position\":3,\"name\":\"Balanzas CB Compact\"}]},{\"@type\":\"WebSite\",\"@id\":\"https:\/\/www.labopolis.com\/#website\",\"url\":\"https:\/\/www.labopolis.com\/\",\"name\":\"Labopolis\",\"description\":\"\",\"potentialAction\":[{\"@type\":\"SearchAction\",\"target\":{\"@type\":\"EntryPoint\",\"urlTemplate\":\"https:\/\/www.labopolis.com\/?s={search_term_string}\"},\"query-input\":{\"@type\":\"PropertyValueSpecification\",\"valueRequired\":true,\"valueName\":\"search_term_string\"}}],\"inLanguage\":\"it-IT\"}]}<\/script>\n<!-- \/ Yoast SEO plugin. -->","yoast_head_json":{"title":"Balanzas CB Compact - Labopolis","description":"Seleccione el modelo deseado seg\u00fan las caracter\u00edsticas de la tabla que aparece en la descripci\u00f3n del producto.   Ficha T\u00e9cnica Balanzas Serie Compact CB","robots":{"index":"index","follow":"follow","max-snippet":"max-snippet:-1","max-image-preview":"max-image-preview:large","max-video-preview":"max-video-preview:-1"},"canonical":"https:\/\/www.labopolis.com\/it\/prodotto\/balanzas-cb-compact\/","og_locale":"it_IT","og_type":"article","og_title":"Balanzas CB Compact - Labopolis","og_description":"Seleccione el modelo deseado seg\u00fan las caracter\u00edsticas de la tabla que aparece en la descripci\u00f3n del producto.   Ficha T\u00e9cnica Balanzas Serie Compact CB","og_url":"https:\/\/www.labopolis.com\/it\/prodotto\/balanzas-cb-compact\/","og_site_name":"Labopolis","article_publisher":"https:\/\/www.facebook.com\/profile.php?id=100063251679439","article_modified_time":"2024-12-23T11:04:25+00:00","og_image":[{"width":999,"height":863,"url":"https:\/\/www.labopolis.com\/wp-content\/uploads\/2023\/07\/CB-Compact-Balance-Small-RH.jpg","type":"image\/jpeg"}],"twitter_card":"summary_large_image","twitter_site":"@Labopolis","twitter_misc":{"Tempo di lettura stimato":"1 minuto"},"schema":{"@context":"https:\/\/schema.org","@graph":[{"@type":"WebPage","@id":"https:\/\/www.labopolis.com\/producto\/balanzas-cb-compact\/","url":"https:\/\/www.labopolis.com\/producto\/balanzas-cb-compact\/","name":"Balanzas CB Compact - Labopolis","isPartOf":{"@id":"https:\/\/www.labopolis.com\/#website"},"primaryImageOfPage":{"@id":"https:\/\/www.labopolis.com\/producto\/balanzas-cb-compact\/#primaryimage"},"image":{"@id":"https:\/\/www.labopolis.com\/producto\/balanzas-cb-compact\/#primaryimage"},"thumbnailUrl":"https:\/\/www.labopolis.com\/wp-content\/uploads\/2023\/07\/CB-Compact-Balance-Small-RH.jpg","datePublished":"2023-07-10T11:31:52+00:00","dateModified":"2024-12-23T11:04:25+00:00","description":"Seleccione el modelo deseado seg\u00fan las caracter\u00edsticas de la tabla que aparece en la descripci\u00f3n del producto. Ficha T\u00e9cnica Balanzas Serie Compact CB","breadcrumb":{"@id":"https:\/\/www.labopolis.com\/producto\/balanzas-cb-compact\/#breadcrumb"},"inLanguage":"it-IT","potentialAction":[{"@type":"ReadAction","target":["https:\/\/www.labopolis.com\/producto\/balanzas-cb-compact\/"]}]},{"@type":"ImageObject","inLanguage":"it-IT","@id":"https:\/\/www.labopolis.com\/producto\/balanzas-cb-compact\/#primaryimage","url":"https:\/\/www.labopolis.com\/wp-content\/uploads\/2023\/07\/CB-Compact-Balance-Small-RH.jpg","contentUrl":"https:\/\/www.labopolis.com\/wp-content\/uploads\/2023\/07\/CB-Compact-Balance-Small-RH.jpg","width":999,"height":863,"caption":"Producto"},{"@type":"BreadcrumbList","@id":"https:\/\/www.labopolis.com\/producto\/balanzas-cb-compact\/#breadcrumb","itemListElement":[{"@type":"ListItem","position":1,"name":"Portada","item":"https:\/\/www.labopolis.com\/"},{"@type":"ListItem","position":2,"name":"Productos","item":"https:\/\/www.labopolis.com\/shop\/"},{"@type":"ListItem","position":3,"name":"Balanzas CB Compact"}]},{"@type":"WebSite","@id":"https:\/\/www.labopolis.com\/#website","url":"https:\/\/www.labopolis.com\/","name":"Labopolis","description":"","potentialAction":[{"@type":"SearchAction","target":{"@type":"EntryPoint","urlTemplate":"https:\/\/www.labopolis.com\/?s={search_term_string}"},"query-input":{"@type":"PropertyValueSpecification","valueRequired":true,"valueName":"search_term_string"}}],"inLanguage":"it-IT"}]}},"_links":{"self":[{"href":"https:\/\/www.labopolis.com\/it\/wp-json\/wp\/v2\/product\/966","targetHints":{"allow":["GET"]}}],"collection":[{"href":"https:\/\/www.labopolis.com\/it\/wp-json\/wp\/v2\/product"}],"about":[{"href":"https:\/\/www.labopolis.com\/it\/wp-json\/wp\/v2\/types\/product"}],"replies":[{"embeddable":true,"href":"https:\/\/www.labopolis.com\/it\/wp-json\/wp\/v2\/comments?post=966"}],"wp:featuredmedia":[{"embeddable":true,"href":"https:\/\/www.labopolis.com\/it\/wp-json\/wp\/v2\/media\/981"}],"wp:attachment":[{"href":"https:\/\/www.labopolis.com\/it\/wp-json\/wp\/v2\/media?parent=966"}],"wp:term":[{"taxonomy":"product_brand","embeddable":true,"href":"https:\/\/www.labopolis.com\/it\/wp-json\/wp\/v2\/product_brand?post=966"},{"taxonomy":"product_cat","embeddable":true,"href":"https:\/\/www.labopolis.com\/it\/wp-json\/wp\/v2\/product_cat?post=966"},{"taxonomy":"product_tag","embeddable":true,"href":"https:\/\/www.labopolis.com\/it\/wp-json\/wp\/v2\/product_tag?post=966"}],"curies":[{"name":"wp","href":"https:\/\/api.w.org\/{rel}","templated":true}]}}