{"id":2891,"date":"2023-07-10T11:41:36","date_gmt":"2023-07-10T11:41:36","guid":{"rendered":"https:\/\/www.labopolis.com\/?post_type=product&#038;p=2891"},"modified":"2026-02-05T09:38:42","modified_gmt":"2026-02-05T09:38:42","slug":"cabinas-filtracion-de-gases-plugplay","status":"publish","type":"product","link":"https:\/\/www.labopolis.com\/it\/prodotto\/cabinas-filtracion-de-gases-plugplay\/","title":{"rendered":"Armadi di filtrazione gas PLUG&amp;PLAY"},"content":{"rendered":"<p><span style=\"color: #000000;\">Gli armadi filtranti della gamma Cruma Plug&amp;Play sono di Classe I e\/o Classe II secondo la norma NF X 15-211.<\/span><\/p>\n<p><span style=\"color: #000000;\">Le cabine di\u00a0<strong>filtrazione canalizzata<\/strong> della gamma Plug&amp;Play sono ideali per rimuovere gli inquinanti gassosi e\/o le particelle solide\/aerosol dall'area di lavoro in modo semplice ed efficace, sicuro, efficiente ed economico, proteggendo sia l'utente che l'ambiente. Filtri non inclusi \/ Pre-filtri a carboni attivi inclusi.<\/span><\/p>\n<p><span style=\"color: #000000;\">Questa gamma viene consegnata completamente assemblata <strong>(disimballare, installare i filtri e collegarsi)<\/strong>Ha una gamma pi\u00f9 ampia di dimensioni e la possibilit\u00e0 di incorporare pi\u00f9 accessori.<br \/>\n<\/span><span style=\"color: #000000;\">I modelli disponibili sono G-1, G-2, G-3, G-4 e G-5.<\/span><\/p>\n<table class=\"easy-table easy-table-default\">\n<tbody>\n<tr>\n<td><strong>Modelli<\/strong><\/td>\n<td>G1<\/td>\n<td>G2<\/td>\n<td>G3<\/td>\n<td>G4<\/td>\n<td>G5<\/td>\n<\/tr>\n<tr>\n<td>Dimensioni interne (larghezza\/profondit\u00e0\/altezza)<\/td>\n<td>776x600x762<\/td>\n<td>976x600x761<\/td>\n<td>1176x767x762<\/td>\n<td>1576x767x762<\/td>\n<td>1776x767x762<\/td>\n<\/tr>\n<tr>\n<td>Misure esterne (larghezza\/profondit\u00e0\/altezza)<\/td>\n<td>792x650x1196<\/td>\n<td>992x650x1196<\/td>\n<td>1192x850x1196<\/td>\n<td>1592x850x1196<\/td>\n<td>1792x850x1196<\/td>\n<\/tr>\n<tr>\n<td>Colonne di filtraggio<\/td>\n<td>1<\/td>\n<td>1<\/td>\n<td>2<\/td>\n<td>2<\/td>\n<td>2<\/td>\n<\/tr>\n<tr>\n<td>Numero di filtri<\/td>\n<td>1 a 3<\/td>\n<td>1 a 3<\/td>\n<td>2 a 6<\/td>\n<td>2 a 6<\/td>\n<td>2 a 6<\/td>\n<\/tr>\n<tr>\n<td>I fan<\/td>\n<td>1<\/td>\n<td>1<\/td>\n<td>2<\/td>\n<td>2<\/td>\n<td>2<\/td>\n<\/tr>\n<tr>\n<td>Volume medio di aria trattata\/ora<\/td>\n<td>159 m3\/h<\/td>\n<td>159 m3\/h<\/td>\n<td>270 m3\/h<\/td>\n<td>385 m3\/h<\/td>\n<td>464 m3\/h<\/td>\n<\/tr>\n<tr>\n<td>Velocit\u00e0 media dell'aria in facciata<\/td>\n<td>0,50 m\/s<\/td>\n<td>0,50 m\/s<\/td>\n<td>0,50 m\/s<\/td>\n<td>0,50 m\/s<\/td>\n<td>0,50 m\/s<\/td>\n<\/tr>\n<tr>\n<td>Volume interno della cabina<\/td>\n<td>0.32m3<\/td>\n<td>0.40m3<\/td>\n<td>0.67m3<\/td>\n<td>0.89m3<\/td>\n<td>1.01m3<\/td>\n<\/tr>\n<tr>\n<td>Rinnovo dell'aria in cabina\/min.<\/td>\n<td>8.25<\/td>\n<td>6.6<\/td>\n<td>6.7<\/td>\n<td>7.2<\/td>\n<td>7.6<\/td>\n<\/tr>\n<tr>\n<td>Consumo totale di elettricit\u00e0<\/td>\n<td>91 W<\/td>\n<td>91 W<\/td>\n<td>174 W<\/td>\n<td>174 W<\/td>\n<td>174 W<\/td>\n<\/tr>\n<tr>\n<td>Periodi di tensione<\/td>\n<td>220 V \/ 50-60 Hz<\/td>\n<td>220 V \/ 50-60 Hz<\/td>\n<td>220 V \/ 50-60 Hz<\/td>\n<td>220 V \/ 50-60 Hz<\/td>\n<td>220 V \/ 50-60 Hz<\/td>\n<\/tr>\n<tr>\n<td>Livello di illuminazione del LED<\/td>\n<td>900Lux \/ LED 16 W<\/td>\n<td>900Lux \/ LED 16 W<\/td>\n<td>900Lux \/ 2x LED 16 W<\/td>\n<td>900Lux \/ 2x LED 16 W<\/td>\n<td>900Lux \/ 2x LED 16 W<\/td>\n<\/tr>\n<tr>\n<td>Lampada UV<\/td>\n<td>-<\/td>\n<td>-<\/td>\n<td>-<\/td>\n<td>-<\/td>\n<td>-<\/td>\n<\/tr>\n<tr>\n<td>Livello di rumore<\/td>\n<td>45 dB<\/td>\n<td>45 dB<\/td>\n<td>45 dB<\/td>\n<td>45 dB<\/td>\n<td>45 dB<\/td>\n<\/tr>\n<tr>\n<td>Peso<\/td>\n<td>95 Kg<\/td>\n<td>110 Kg<\/td>\n<td>130 Kg<\/td>\n<td>160 Kg<\/td>\n<td>180 Kg<\/td>\n<\/tr>\n<\/tbody>\n<\/table>\n<p>&nbsp;<\/p>","protected":false},"excerpt":{"rendered":"<p><span style=\"color: #000000;\">Gli armadi filtranti della gamma Cruma Plug&amp;Play sono di Classe I e\/o Classe II secondo la norma NF X 15-211.<\/span><\/p>\n<p><span style=\"color: #000000;\">I modelli disponibili sono G-1, G-2, G-3, G-4 e G-5. Vedere le dimensioni di seguito. Filtri non inclusi \/ Pre-filtri a carbone attivo inclusi.<\/span><\/p>","protected":false},"featured_media":2901,"comment_status":"open","ping_status":"closed","template":"","meta":[],"product_brand":[],"product_cat":[106,23],"product_tag":[],"class_list":{"0":"post-2891","1":"product","2":"type-product","3":"status-publish","4":"has-post-thumbnail","6":"product_cat-cabinas-de-seguridad","7":"product_cat-laboratorio","9":"first","10":"instock","11":"taxable","12":"shipping-taxable","13":"purchasable","14":"product-type-variable"},"yoast_head":"<!-- This site is optimized with the Yoast SEO plugin v27.2 - https:\/\/yoast.com\/product\/yoast-seo-wordpress\/ -->\n<title>Cabinas Filtraci\u00f3n de gases PLUG&amp;PLAY - Labopolis<\/title>\n<meta name=\"description\" content=\"Las cabinas de filtraci\u00f3n de la gama Plug&amp;Play de Cruma, son de Clase I y\/o Clase II seg\u00fan norma NF X 15-211.  Modelos disponibles son el G-1, G-2, G-3, G-4 y G-5. Ver dimensiones abajo. Filtros no incluidos \/ Prefiltros de carb\u00f3n activo incluido.\" \/>\n<meta name=\"robots\" content=\"index, follow, max-snippet:-1, max-image-preview:large, max-video-preview:-1\" \/>\n<link rel=\"canonical\" href=\"https:\/\/www.labopolis.com\/it\/prodotto\/cabinas-filtracion-de-gases-plugplay\/\" \/>\n<meta property=\"og:locale\" content=\"it_IT\" \/>\n<meta property=\"og:type\" content=\"article\" \/>\n<meta property=\"og:title\" content=\"Cabinas Filtraci\u00f3n de gases PLUG&amp;PLAY - Labopolis\" \/>\n<meta property=\"og:description\" content=\"Las cabinas de filtraci\u00f3n de la gama Plug&amp;Play de Cruma, son de Clase I y\/o Clase II seg\u00fan norma NF X 15-211.  Modelos disponibles son el G-1, G-2, G-3, G-4 y G-5. Ver dimensiones abajo. Filtros no incluidos \/ Prefiltros de carb\u00f3n activo incluido.\" \/>\n<meta property=\"og:url\" content=\"https:\/\/www.labopolis.com\/it\/prodotto\/cabinas-filtracion-de-gases-plugplay\/\" \/>\n<meta property=\"og:site_name\" content=\"Labopolis\" \/>\n<meta property=\"article:publisher\" content=\"https:\/\/www.facebook.com\/profile.php?id=100063251679439\" \/>\n<meta property=\"article:modified_time\" content=\"2026-02-05T09:38:42+00:00\" \/>\n<meta property=\"og:image\" content=\"https:\/\/www.labopolis.com\/wp-content\/uploads\/2023\/07\/Cruma-G-1-scaled-1.jpeg\" \/>\n\t<meta property=\"og:image:width\" content=\"1920\" \/>\n\t<meta property=\"og:image:height\" content=\"2560\" \/>\n\t<meta property=\"og:image:type\" content=\"image\/jpeg\" \/>\n<meta name=\"twitter:card\" content=\"summary_large_image\" \/>\n<meta name=\"twitter:site\" content=\"@Labopolis\" \/>\n<meta name=\"twitter:label1\" content=\"Tempo di lettura stimato\" \/>\n\t<meta name=\"twitter:data1\" content=\"2 minuti\" \/>\n<script type=\"application\/ld+json\" class=\"yoast-schema-graph\">{\"@context\":\"https:\/\/schema.org\",\"@graph\":[{\"@type\":\"WebPage\",\"@id\":\"https:\/\/www.labopolis.com\/producto\/cabinas-filtracion-de-gases-plugplay\/\",\"url\":\"https:\/\/www.labopolis.com\/producto\/cabinas-filtracion-de-gases-plugplay\/\",\"name\":\"Cabinas Filtraci\u00f3n de gases PLUG&PLAY - Labopolis\",\"isPartOf\":{\"@id\":\"https:\/\/www.labopolis.com\/#website\"},\"primaryImageOfPage\":{\"@id\":\"https:\/\/www.labopolis.com\/producto\/cabinas-filtracion-de-gases-plugplay\/#primaryimage\"},\"image\":{\"@id\":\"https:\/\/www.labopolis.com\/producto\/cabinas-filtracion-de-gases-plugplay\/#primaryimage\"},\"thumbnailUrl\":\"https:\/\/www.labopolis.com\/wp-content\/uploads\/2023\/07\/Cruma-G-1-scaled-1.jpeg\",\"datePublished\":\"2023-07-10T11:41:36+00:00\",\"dateModified\":\"2026-02-05T09:38:42+00:00\",\"description\":\"Las cabinas de filtraci\u00f3n de la gama Plug&amp;Play de Cruma, son de Clase I y\/o Clase II seg\u00fan norma NF X 15-211. Modelos disponibles son el G-1, G-2, G-3, G-4 y G-5. Ver dimensiones abajo. Filtros no incluidos \/ Prefiltros de carb\u00f3n activo incluido.\",\"breadcrumb\":{\"@id\":\"https:\/\/www.labopolis.com\/producto\/cabinas-filtracion-de-gases-plugplay\/#breadcrumb\"},\"inLanguage\":\"it-IT\",\"potentialAction\":[{\"@type\":\"ReadAction\",\"target\":[\"https:\/\/www.labopolis.com\/producto\/cabinas-filtracion-de-gases-plugplay\/\"]}]},{\"@type\":\"ImageObject\",\"inLanguage\":\"it-IT\",\"@id\":\"https:\/\/www.labopolis.com\/producto\/cabinas-filtracion-de-gases-plugplay\/#primaryimage\",\"url\":\"https:\/\/www.labopolis.com\/wp-content\/uploads\/2023\/07\/Cruma-G-1-scaled-1.jpeg\",\"contentUrl\":\"https:\/\/www.labopolis.com\/wp-content\/uploads\/2023\/07\/Cruma-G-1-scaled-1.jpeg\",\"width\":1920,\"height\":2560,\"caption\":\"Producto\"},{\"@type\":\"BreadcrumbList\",\"@id\":\"https:\/\/www.labopolis.com\/producto\/cabinas-filtracion-de-gases-plugplay\/#breadcrumb\",\"itemListElement\":[{\"@type\":\"ListItem\",\"position\":1,\"name\":\"Portada\",\"item\":\"https:\/\/www.labopolis.com\/\"},{\"@type\":\"ListItem\",\"position\":2,\"name\":\"Productos\",\"item\":\"https:\/\/www.labopolis.com\/shop\/\"},{\"@type\":\"ListItem\",\"position\":3,\"name\":\"Cabinas Filtraci\u00f3n de gases PLUG&#038;PLAY\"}]},{\"@type\":\"WebSite\",\"@id\":\"https:\/\/www.labopolis.com\/#website\",\"url\":\"https:\/\/www.labopolis.com\/\",\"name\":\"Labopolis\",\"description\":\"\",\"potentialAction\":[{\"@type\":\"SearchAction\",\"target\":{\"@type\":\"EntryPoint\",\"urlTemplate\":\"https:\/\/www.labopolis.com\/?s={search_term_string}\"},\"query-input\":{\"@type\":\"PropertyValueSpecification\",\"valueRequired\":true,\"valueName\":\"search_term_string\"}}],\"inLanguage\":\"it-IT\"}]}<\/script>\n<!-- \/ Yoast SEO plugin. -->","yoast_head_json":{"title":"Cabinas Filtraci\u00f3n de gases PLUG&PLAY - Labopolis","description":"Las cabinas de filtraci\u00f3n de la gama Plug&amp;Play de Cruma, son de Clase I y\/o Clase II seg\u00fan norma NF X 15-211.  Modelos disponibles son el G-1, G-2, G-3, G-4 y G-5. Ver dimensiones abajo. Filtros no incluidos \/ Prefiltros de carb\u00f3n activo incluido.","robots":{"index":"index","follow":"follow","max-snippet":"max-snippet:-1","max-image-preview":"max-image-preview:large","max-video-preview":"max-video-preview:-1"},"canonical":"https:\/\/www.labopolis.com\/it\/prodotto\/cabinas-filtracion-de-gases-plugplay\/","og_locale":"it_IT","og_type":"article","og_title":"Cabinas Filtraci\u00f3n de gases PLUG&PLAY - Labopolis","og_description":"Las cabinas de filtraci\u00f3n de la gama Plug&amp;Play de Cruma, son de Clase I y\/o Clase II seg\u00fan norma NF X 15-211.  Modelos disponibles son el G-1, G-2, G-3, G-4 y G-5. Ver dimensiones abajo. Filtros no incluidos \/ Prefiltros de carb\u00f3n activo incluido.","og_url":"https:\/\/www.labopolis.com\/it\/prodotto\/cabinas-filtracion-de-gases-plugplay\/","og_site_name":"Labopolis","article_publisher":"https:\/\/www.facebook.com\/profile.php?id=100063251679439","article_modified_time":"2026-02-05T09:38:42+00:00","og_image":[{"width":1920,"height":2560,"url":"https:\/\/www.labopolis.com\/wp-content\/uploads\/2023\/07\/Cruma-G-1-scaled-1.jpeg","type":"image\/jpeg"}],"twitter_card":"summary_large_image","twitter_site":"@Labopolis","twitter_misc":{"Tempo di lettura stimato":"2 minuti"},"schema":{"@context":"https:\/\/schema.org","@graph":[{"@type":"WebPage","@id":"https:\/\/www.labopolis.com\/producto\/cabinas-filtracion-de-gases-plugplay\/","url":"https:\/\/www.labopolis.com\/producto\/cabinas-filtracion-de-gases-plugplay\/","name":"Cabinas Filtraci\u00f3n de gases PLUG&PLAY - Labopolis","isPartOf":{"@id":"https:\/\/www.labopolis.com\/#website"},"primaryImageOfPage":{"@id":"https:\/\/www.labopolis.com\/producto\/cabinas-filtracion-de-gases-plugplay\/#primaryimage"},"image":{"@id":"https:\/\/www.labopolis.com\/producto\/cabinas-filtracion-de-gases-plugplay\/#primaryimage"},"thumbnailUrl":"https:\/\/www.labopolis.com\/wp-content\/uploads\/2023\/07\/Cruma-G-1-scaled-1.jpeg","datePublished":"2023-07-10T11:41:36+00:00","dateModified":"2026-02-05T09:38:42+00:00","description":"Las cabinas de filtraci\u00f3n de la gama Plug&amp;Play de Cruma, son de Clase I y\/o Clase II seg\u00fan norma NF X 15-211. Modelos disponibles son el G-1, G-2, G-3, G-4 y G-5. Ver dimensiones abajo. Filtros no incluidos \/ Prefiltros de carb\u00f3n activo incluido.","breadcrumb":{"@id":"https:\/\/www.labopolis.com\/producto\/cabinas-filtracion-de-gases-plugplay\/#breadcrumb"},"inLanguage":"it-IT","potentialAction":[{"@type":"ReadAction","target":["https:\/\/www.labopolis.com\/producto\/cabinas-filtracion-de-gases-plugplay\/"]}]},{"@type":"ImageObject","inLanguage":"it-IT","@id":"https:\/\/www.labopolis.com\/producto\/cabinas-filtracion-de-gases-plugplay\/#primaryimage","url":"https:\/\/www.labopolis.com\/wp-content\/uploads\/2023\/07\/Cruma-G-1-scaled-1.jpeg","contentUrl":"https:\/\/www.labopolis.com\/wp-content\/uploads\/2023\/07\/Cruma-G-1-scaled-1.jpeg","width":1920,"height":2560,"caption":"Producto"},{"@type":"BreadcrumbList","@id":"https:\/\/www.labopolis.com\/producto\/cabinas-filtracion-de-gases-plugplay\/#breadcrumb","itemListElement":[{"@type":"ListItem","position":1,"name":"Portada","item":"https:\/\/www.labopolis.com\/"},{"@type":"ListItem","position":2,"name":"Productos","item":"https:\/\/www.labopolis.com\/shop\/"},{"@type":"ListItem","position":3,"name":"Cabinas Filtraci\u00f3n de gases PLUG&#038;PLAY"}]},{"@type":"WebSite","@id":"https:\/\/www.labopolis.com\/#website","url":"https:\/\/www.labopolis.com\/","name":"Labopolis","description":"","potentialAction":[{"@type":"SearchAction","target":{"@type":"EntryPoint","urlTemplate":"https:\/\/www.labopolis.com\/?s={search_term_string}"},"query-input":{"@type":"PropertyValueSpecification","valueRequired":true,"valueName":"search_term_string"}}],"inLanguage":"it-IT"}]}},"_links":{"self":[{"href":"https:\/\/www.labopolis.com\/it\/wp-json\/wp\/v2\/product\/2891","targetHints":{"allow":["GET"]}}],"collection":[{"href":"https:\/\/www.labopolis.com\/it\/wp-json\/wp\/v2\/product"}],"about":[{"href":"https:\/\/www.labopolis.com\/it\/wp-json\/wp\/v2\/types\/product"}],"replies":[{"embeddable":true,"href":"https:\/\/www.labopolis.com\/it\/wp-json\/wp\/v2\/comments?post=2891"}],"wp:featuredmedia":[{"embeddable":true,"href":"https:\/\/www.labopolis.com\/it\/wp-json\/wp\/v2\/media\/2901"}],"wp:attachment":[{"href":"https:\/\/www.labopolis.com\/it\/wp-json\/wp\/v2\/media?parent=2891"}],"wp:term":[{"taxonomy":"product_brand","embeddable":true,"href":"https:\/\/www.labopolis.com\/it\/wp-json\/wp\/v2\/product_brand?post=2891"},{"taxonomy":"product_cat","embeddable":true,"href":"https:\/\/www.labopolis.com\/it\/wp-json\/wp\/v2\/product_cat?post=2891"},{"taxonomy":"product_tag","embeddable":true,"href":"https:\/\/www.labopolis.com\/it\/wp-json\/wp\/v2\/product_tag?post=2891"}],"curies":[{"name":"wp","href":"https:\/\/api.w.org\/{rel}","templated":true}]}}