{"id":2698,"date":"2023-07-10T11:40:31","date_gmt":"2023-07-10T11:40:31","guid":{"rendered":"https:\/\/www.labopolis.com\/?post_type=product&#038;p=2698"},"modified":"2026-03-24T09:22:13","modified_gmt":"2026-03-24T09:22:13","slug":"microscopio-digital-levenhuk-dtx-tv-lcd","status":"publish","type":"product","link":"https:\/\/www.labopolis.com\/it\/prodotto\/microscopio-digital-levenhuk-dtx-tv-lcd\/","title":{"rendered":"Microscopio digitale Levenhuk DTX TV LCD"},"content":{"rendered":"<p>Levenhuk DTX TV LCD \u00e8 un microscopio digitale con schermo LCD a colori e fotocamera digitale integrata da 3 mpx. Pu\u00f2 osservare campioni, scattare foto e registrare video didattici sul micro mondo. Questo microscopio ha tre modalit\u00e0 di funzionamento: osservazione, registrazione su una scheda di memoria (inclusa nel kit) e uscita delle immagini su un display online esterno. \u00c8 possibile collegare il microscopio a quasi tutti i dispositivi moderni: TV, laptop o computer. Il kit comprende tre diversi cavi.<\/p>\n<p>L'obiettivo del microscopio \u00e8 realizzato in vetro ottico e trasmette un'immagine nitida e chiara. Lo schema ottico consente un ingrandimento compreso tra 100x e 220x. \u00c8 possibile scegliere l'ingrandimento manualmente. La manopola di messa a fuoco serve per la messa a fuoco: \u00e8 possibile spostare il microscopio lungo l'asse verticale ruotando la manopola di messa a fuoco per avvicinare o allontanare l'obiettivo dal palcoscenico. Il palcoscenico \u00e8 dotato di righelli di misurazione; \u00e8 possibile fissare comodamente i campioni con i supporti metallici del palcoscenico. Il microscopio \u00e8 dotato di illuminazione a LED con luminosit\u00e0 facilmente regolabile.<\/p>\n<p>Il Levenhuk DTX TV LCD utilizza un telecomando. Non consente l'accesso completo a tutte le funzioni del microscopio, ma permette di scattare foto e registrare video premendo alcuni pulsanti. Con questo telecomando, non \u00e8 necessario toccare il microscopio quando si scattano le foto, assicurando che non si modifichino accidentalmente le impostazioni di messa a fuoco con un movimento involontario. La configurazione completa del microscopio si effettua con l'aiuto dei pulsanti sul corpo e del software fornito in dotazione.<\/p>\n<p><strong>Caratteristiche:<\/strong><\/p>\n<ul class=\"vikas-list-u\">\n<li>Display LCD a colori da 2,4\u2033<\/li>\n<li>Telecomando per registrare foto e video<\/li>\n<li>Uscita dell'immagine su un display online esterno<\/li>\n<li>Fotocamera digitale integrata da 3 mpx<\/li>\n<li>Fino a 90 minuti di lavoro autonomo<\/li>\n<li>Cavi e software necessari nel kit<\/li>\n<\/ul>\n<p><strong>Il kit comprende:<\/strong><\/p>\n<ul class=\"vikas-list-u\">\n<li>Microscopio digitale Levenhuk DTX TV LCD<\/li>\n<li>Supporto<\/li>\n<li>Adattatore<\/li>\n<li>Un telecomando per registrare foto e video<\/li>\n<li>Cavo HDMI<\/li>\n<li>Cavo USB<\/li>\n<li>Cavo TV<\/li>\n<li>Scheda microSD da 4 GB<\/li>\n<li>CD software<\/li>\n<li>Manuale di istruzioni e garanzia a vita<\/li>\n<\/ul>\n<p><b>Raccomandazioni per l'uso del software.<\/b><br \/>\nAffinch\u00e9 il programma funzioni correttamente, avviare l'applicazione installata solo quando il microscopio \u00e8 collegato al PC e pronto per le osservazioni.<\/p>\n<p>Il microscopio digitale Levenhuk DTX TV LCD non \u00e8 compatibile con fotocamere digitali esterne.<\/p>","protected":false},"excerpt":{"rendered":"<p class=\"product-page-title\"><strong>Microscopio digitale Levenhuk DTX TV LCD<\/strong><\/p>\n<p><strong>Caratteristiche: <\/strong>Schermo LCD a colori da 2,4\u2033, telecomando per registrare foto e video, uscita delle immagini su uno schermo online esterno, fotocamera digitale integrata da 3 mpx, fino a 90 minuti di lavoro autonomo, cavi e software necessari nel kit.<\/p>\n<p><strong>Il kit comprende: <\/strong>Microscopio digitale Levenhuk DTX TV LCD, stativo, adattatore*, telecomando per la registrazione di foto e video, cavo HDMI, cavo USB, cavo TV, scheda microSD da 4 GB, CD software, manuale di istruzioni e garanzia a vita.<\/p>","protected":false},"featured_media":2724,"comment_status":"open","ping_status":"closed","template":"","meta":[],"product_brand":[],"product_cat":[23,160,165],"product_tag":[],"class_list":{"0":"post-2698","1":"product","2":"type-product","3":"status-publish","4":"has-post-thumbnail","6":"product_cat-laboratorio","7":"product_cat-microscopios","8":"product_cat-microscopios-educacion","10":"first","11":"instock","12":"taxable","13":"shipping-taxable","14":"purchasable","15":"product-type-simple"},"yoast_head":"<!-- This site is optimized with the Yoast SEO plugin v27.2 - https:\/\/yoast.com\/product\/yoast-seo-wordpress\/ -->\n<title>Microscopio digital Levenhuk DTX TV LCD - Labopolis<\/title>\n<meta name=\"description\" content=\"Microscopio digital Levenhuk DTX TV LCD Caracter\u00edsticas: Pantalla LCD a color de 2,4&quot;, mando a distancia para grabar fotos y v\u00eddeos, salida de imagen a una pantalla externa en l\u00ednea, c\u00e1mara digital 3 mpx incorporada, hasta 90 min de trabajo aut\u00f3nomo, cables y software necesarios en el kit.  El kit incluye: Microscopio digital Levenhuk DTX TV LCD, soporte, adaptador*, un mando a distancia para grabar fotos y v\u00eddeos, cable de HDMI, cable de USB, cable de TV, tarjeta microSD de 4 GB, CD de software, manual de instrucciones y garant\u00eda de por vida.\" \/>\n<meta name=\"robots\" content=\"index, follow, max-snippet:-1, max-image-preview:large, max-video-preview:-1\" \/>\n<link rel=\"canonical\" href=\"https:\/\/www.labopolis.com\/it\/prodotto\/microscopio-digital-levenhuk-dtx-tv-lcd\/\" \/>\n<meta property=\"og:locale\" content=\"it_IT\" \/>\n<meta property=\"og:type\" content=\"article\" \/>\n<meta property=\"og:title\" content=\"Microscopio digital Levenhuk DTX TV LCD - Labopolis\" \/>\n<meta property=\"og:description\" content=\"Microscopio digital Levenhuk DTX TV LCD Caracter\u00edsticas: Pantalla LCD a color de 2,4&quot;, mando a distancia para grabar fotos y v\u00eddeos, salida de imagen a una pantalla externa en l\u00ednea, c\u00e1mara digital 3 mpx incorporada, hasta 90 min de trabajo aut\u00f3nomo, cables y software necesarios en el kit.  El kit incluye: Microscopio digital Levenhuk DTX TV LCD, soporte, adaptador*, un mando a distancia para grabar fotos y v\u00eddeos, cable de HDMI, cable de USB, cable de TV, tarjeta microSD de 4 GB, CD de software, manual de instrucciones y garant\u00eda de por vida.\" \/>\n<meta property=\"og:url\" content=\"https:\/\/www.labopolis.com\/it\/prodotto\/microscopio-digital-levenhuk-dtx-tv-lcd\/\" \/>\n<meta property=\"og:site_name\" content=\"Labopolis\" \/>\n<meta property=\"article:publisher\" content=\"https:\/\/www.facebook.com\/profile.php?id=100063251679439\" \/>\n<meta property=\"article:modified_time\" content=\"2026-03-24T09:22:13+00:00\" \/>\n<meta property=\"og:image\" content=\"https:\/\/www.labopolis.com\/wp-content\/uploads\/2023\/07\/levenhuk-digital-microscope-dtx-tv-lcd.jpg\" \/>\n\t<meta property=\"og:image:width\" content=\"771\" \/>\n\t<meta property=\"og:image:height\" content=\"1000\" \/>\n\t<meta property=\"og:image:type\" content=\"image\/jpeg\" \/>\n<meta name=\"twitter:card\" content=\"summary_large_image\" \/>\n<meta name=\"twitter:site\" content=\"@Labopolis\" \/>\n<meta name=\"twitter:label1\" content=\"Tempo di lettura stimato\" \/>\n\t<meta name=\"twitter:data1\" content=\"2 minuti\" \/>\n<script type=\"application\/ld+json\" class=\"yoast-schema-graph\">{\"@context\":\"https:\/\/schema.org\",\"@graph\":[{\"@type\":\"WebPage\",\"@id\":\"https:\/\/www.labopolis.com\/producto\/microscopio-digital-levenhuk-dtx-tv-lcd\/\",\"url\":\"https:\/\/www.labopolis.com\/producto\/microscopio-digital-levenhuk-dtx-tv-lcd\/\",\"name\":\"Microscopio digital Levenhuk DTX TV LCD - Labopolis\",\"isPartOf\":{\"@id\":\"https:\/\/www.labopolis.com\/#website\"},\"primaryImageOfPage\":{\"@id\":\"https:\/\/www.labopolis.com\/producto\/microscopio-digital-levenhuk-dtx-tv-lcd\/#primaryimage\"},\"image\":{\"@id\":\"https:\/\/www.labopolis.com\/producto\/microscopio-digital-levenhuk-dtx-tv-lcd\/#primaryimage\"},\"thumbnailUrl\":\"https:\/\/www.labopolis.com\/wp-content\/uploads\/2023\/07\/levenhuk-digital-microscope-dtx-tv-lcd.jpg\",\"datePublished\":\"2023-07-10T11:40:31+00:00\",\"dateModified\":\"2026-03-24T09:22:13+00:00\",\"description\":\"Microscopio digital Levenhuk DTX TV LCD Caracter\u00edsticas: Pantalla LCD a color de 2,4\\\", mando a distancia para grabar fotos y v\u00eddeos, salida de imagen a una pantalla externa en l\u00ednea, c\u00e1mara digital 3 mpx incorporada, hasta 90 min de trabajo aut\u00f3nomo, cables y software necesarios en el kit. El kit incluye: Microscopio digital Levenhuk DTX TV LCD, soporte, adaptador*, un mando a distancia para grabar fotos y v\u00eddeos, cable de HDMI, cable de USB, cable de TV, tarjeta microSD de 4 GB, CD de software, manual de instrucciones y garant\u00eda de por vida.\",\"breadcrumb\":{\"@id\":\"https:\/\/www.labopolis.com\/producto\/microscopio-digital-levenhuk-dtx-tv-lcd\/#breadcrumb\"},\"inLanguage\":\"it-IT\",\"potentialAction\":[{\"@type\":\"ReadAction\",\"target\":[\"https:\/\/www.labopolis.com\/producto\/microscopio-digital-levenhuk-dtx-tv-lcd\/\"]}]},{\"@type\":\"ImageObject\",\"inLanguage\":\"it-IT\",\"@id\":\"https:\/\/www.labopolis.com\/producto\/microscopio-digital-levenhuk-dtx-tv-lcd\/#primaryimage\",\"url\":\"https:\/\/www.labopolis.com\/wp-content\/uploads\/2023\/07\/levenhuk-digital-microscope-dtx-tv-lcd.jpg\",\"contentUrl\":\"https:\/\/www.labopolis.com\/wp-content\/uploads\/2023\/07\/levenhuk-digital-microscope-dtx-tv-lcd.jpg\",\"width\":771,\"height\":1000,\"caption\":\"Producto\"},{\"@type\":\"BreadcrumbList\",\"@id\":\"https:\/\/www.labopolis.com\/producto\/microscopio-digital-levenhuk-dtx-tv-lcd\/#breadcrumb\",\"itemListElement\":[{\"@type\":\"ListItem\",\"position\":1,\"name\":\"Portada\",\"item\":\"https:\/\/www.labopolis.com\/\"},{\"@type\":\"ListItem\",\"position\":2,\"name\":\"Productos\",\"item\":\"https:\/\/www.labopolis.com\/shop\/\"},{\"@type\":\"ListItem\",\"position\":3,\"name\":\"Microscopio digital Levenhuk DTX TV LCD\"}]},{\"@type\":\"WebSite\",\"@id\":\"https:\/\/www.labopolis.com\/#website\",\"url\":\"https:\/\/www.labopolis.com\/\",\"name\":\"Labopolis\",\"description\":\"\",\"potentialAction\":[{\"@type\":\"SearchAction\",\"target\":{\"@type\":\"EntryPoint\",\"urlTemplate\":\"https:\/\/www.labopolis.com\/?s={search_term_string}\"},\"query-input\":{\"@type\":\"PropertyValueSpecification\",\"valueRequired\":true,\"valueName\":\"search_term_string\"}}],\"inLanguage\":\"it-IT\"}]}<\/script>\n<!-- \/ Yoast SEO plugin. -->","yoast_head_json":{"title":"Microscopio digital Levenhuk DTX TV LCD - Labopolis","description":"Microscopio digital Levenhuk DTX TV LCD Caracter\u00edsticas: Pantalla LCD a color de 2,4\", mando a distancia para grabar fotos y v\u00eddeos, salida de imagen a una pantalla externa en l\u00ednea, c\u00e1mara digital 3 mpx incorporada, hasta 90 min de trabajo aut\u00f3nomo, cables y software necesarios en el kit.  El kit incluye: Microscopio digital Levenhuk DTX TV LCD, soporte, adaptador*, un mando a distancia para grabar fotos y v\u00eddeos, cable de HDMI, cable de USB, cable de TV, tarjeta microSD de 4 GB, CD de software, manual de instrucciones y garant\u00eda de por vida.","robots":{"index":"index","follow":"follow","max-snippet":"max-snippet:-1","max-image-preview":"max-image-preview:large","max-video-preview":"max-video-preview:-1"},"canonical":"https:\/\/www.labopolis.com\/it\/prodotto\/microscopio-digital-levenhuk-dtx-tv-lcd\/","og_locale":"it_IT","og_type":"article","og_title":"Microscopio digital Levenhuk DTX TV LCD - Labopolis","og_description":"Microscopio digital Levenhuk DTX TV LCD Caracter\u00edsticas: Pantalla LCD a color de 2,4\", mando a distancia para grabar fotos y v\u00eddeos, salida de imagen a una pantalla externa en l\u00ednea, c\u00e1mara digital 3 mpx incorporada, hasta 90 min de trabajo aut\u00f3nomo, cables y software necesarios en el kit.  El kit incluye: Microscopio digital Levenhuk DTX TV LCD, soporte, adaptador*, un mando a distancia para grabar fotos y v\u00eddeos, cable de HDMI, cable de USB, cable de TV, tarjeta microSD de 4 GB, CD de software, manual de instrucciones y garant\u00eda de por vida.","og_url":"https:\/\/www.labopolis.com\/it\/prodotto\/microscopio-digital-levenhuk-dtx-tv-lcd\/","og_site_name":"Labopolis","article_publisher":"https:\/\/www.facebook.com\/profile.php?id=100063251679439","article_modified_time":"2026-03-24T09:22:13+00:00","og_image":[{"width":771,"height":1000,"url":"https:\/\/www.labopolis.com\/wp-content\/uploads\/2023\/07\/levenhuk-digital-microscope-dtx-tv-lcd.jpg","type":"image\/jpeg"}],"twitter_card":"summary_large_image","twitter_site":"@Labopolis","twitter_misc":{"Tempo di lettura stimato":"2 minuti"},"schema":{"@context":"https:\/\/schema.org","@graph":[{"@type":"WebPage","@id":"https:\/\/www.labopolis.com\/producto\/microscopio-digital-levenhuk-dtx-tv-lcd\/","url":"https:\/\/www.labopolis.com\/producto\/microscopio-digital-levenhuk-dtx-tv-lcd\/","name":"Microscopio digital Levenhuk DTX TV LCD - Labopolis","isPartOf":{"@id":"https:\/\/www.labopolis.com\/#website"},"primaryImageOfPage":{"@id":"https:\/\/www.labopolis.com\/producto\/microscopio-digital-levenhuk-dtx-tv-lcd\/#primaryimage"},"image":{"@id":"https:\/\/www.labopolis.com\/producto\/microscopio-digital-levenhuk-dtx-tv-lcd\/#primaryimage"},"thumbnailUrl":"https:\/\/www.labopolis.com\/wp-content\/uploads\/2023\/07\/levenhuk-digital-microscope-dtx-tv-lcd.jpg","datePublished":"2023-07-10T11:40:31+00:00","dateModified":"2026-03-24T09:22:13+00:00","description":"Microscopio digital Levenhuk DTX TV LCD Caracter\u00edsticas: Pantalla LCD a color de 2,4\", mando a distancia para grabar fotos y v\u00eddeos, salida de imagen a una pantalla externa en l\u00ednea, c\u00e1mara digital 3 mpx incorporada, hasta 90 min de trabajo aut\u00f3nomo, cables y software necesarios en el kit. El kit incluye: Microscopio digital Levenhuk DTX TV LCD, soporte, adaptador*, un mando a distancia para grabar fotos y v\u00eddeos, cable de HDMI, cable de USB, cable de TV, tarjeta microSD de 4 GB, CD de software, manual de instrucciones y garant\u00eda de por vida.","breadcrumb":{"@id":"https:\/\/www.labopolis.com\/producto\/microscopio-digital-levenhuk-dtx-tv-lcd\/#breadcrumb"},"inLanguage":"it-IT","potentialAction":[{"@type":"ReadAction","target":["https:\/\/www.labopolis.com\/producto\/microscopio-digital-levenhuk-dtx-tv-lcd\/"]}]},{"@type":"ImageObject","inLanguage":"it-IT","@id":"https:\/\/www.labopolis.com\/producto\/microscopio-digital-levenhuk-dtx-tv-lcd\/#primaryimage","url":"https:\/\/www.labopolis.com\/wp-content\/uploads\/2023\/07\/levenhuk-digital-microscope-dtx-tv-lcd.jpg","contentUrl":"https:\/\/www.labopolis.com\/wp-content\/uploads\/2023\/07\/levenhuk-digital-microscope-dtx-tv-lcd.jpg","width":771,"height":1000,"caption":"Producto"},{"@type":"BreadcrumbList","@id":"https:\/\/www.labopolis.com\/producto\/microscopio-digital-levenhuk-dtx-tv-lcd\/#breadcrumb","itemListElement":[{"@type":"ListItem","position":1,"name":"Portada","item":"https:\/\/www.labopolis.com\/"},{"@type":"ListItem","position":2,"name":"Productos","item":"https:\/\/www.labopolis.com\/shop\/"},{"@type":"ListItem","position":3,"name":"Microscopio digital Levenhuk DTX TV LCD"}]},{"@type":"WebSite","@id":"https:\/\/www.labopolis.com\/#website","url":"https:\/\/www.labopolis.com\/","name":"Labopolis","description":"","potentialAction":[{"@type":"SearchAction","target":{"@type":"EntryPoint","urlTemplate":"https:\/\/www.labopolis.com\/?s={search_term_string}"},"query-input":{"@type":"PropertyValueSpecification","valueRequired":true,"valueName":"search_term_string"}}],"inLanguage":"it-IT"}]}},"_links":{"self":[{"href":"https:\/\/www.labopolis.com\/it\/wp-json\/wp\/v2\/product\/2698","targetHints":{"allow":["GET"]}}],"collection":[{"href":"https:\/\/www.labopolis.com\/it\/wp-json\/wp\/v2\/product"}],"about":[{"href":"https:\/\/www.labopolis.com\/it\/wp-json\/wp\/v2\/types\/product"}],"replies":[{"embeddable":true,"href":"https:\/\/www.labopolis.com\/it\/wp-json\/wp\/v2\/comments?post=2698"}],"wp:featuredmedia":[{"embeddable":true,"href":"https:\/\/www.labopolis.com\/it\/wp-json\/wp\/v2\/media\/2724"}],"wp:attachment":[{"href":"https:\/\/www.labopolis.com\/it\/wp-json\/wp\/v2\/media?parent=2698"}],"wp:term":[{"taxonomy":"product_brand","embeddable":true,"href":"https:\/\/www.labopolis.com\/it\/wp-json\/wp\/v2\/product_brand?post=2698"},{"taxonomy":"product_cat","embeddable":true,"href":"https:\/\/www.labopolis.com\/it\/wp-json\/wp\/v2\/product_cat?post=2698"},{"taxonomy":"product_tag","embeddable":true,"href":"https:\/\/www.labopolis.com\/it\/wp-json\/wp\/v2\/product_tag?post=2698"}],"curies":[{"name":"wp","href":"https:\/\/api.w.org\/{rel}","templated":true}]}}