{"id":2697,"date":"2023-07-10T11:40:31","date_gmt":"2023-07-10T11:40:31","guid":{"rendered":"https:\/\/www.labopolis.com\/?post_type=product&#038;p=2697"},"modified":"2026-03-24T09:19:42","modified_gmt":"2026-03-24T09:19:42","slug":"microscopio-digital-levenhuk-dtx-700-lcd","status":"publish","type":"product","link":"https:\/\/www.labopolis.com\/it\/prodotto\/microscopio-digital-levenhuk-dtx-700-lcd\/","title":{"rendered":"Microscopio digitale LCD Levenhuk DTX 700"},"content":{"rendered":"<p>Il microscopio digitale Levenhuk DTX 700 LCD \u00e8 progettato per studiare oggetti non trasparenti. \u00c8 adatto per lavorare con gioielli, schede elettroniche, minerali, monete e sezioni di metallo. Questo microscopio \u00e8 utile anche per l'uso domestico, ad esempio per studiare insetti e piante. Il modello Levenhuk DTX 700 LCD \u00e8 dotato di un display LCD che riduce l'affaticamento della vista durante il lavoro prolungato ed \u00e8 pi\u00f9 comodo rispetto alla visione attraverso l'oculare di un microscopio classico.<\/p>\n<p>Le immagini sono acquisite da una fotocamera digitale da 5M. La fotocamera offre un ingrandimento di 10-300x e uno zoom aggiuntivo consente di visualizzare gli oggetti con un ingrandimento fino a 1200x. L'immagine ottenuta, colorata e dettagliata, viene trasmessa a uno schermo LCD integrato. Inoltre, la fotocamera integrata consente di scattare foto e registrare video. I pulsanti di controllo si trovano appena sotto lo schermo. Servono per impostare la qualit\u00e0 delle foto e dei video, attivare e disattivare la ripresa time-lapse, scegliere la modalit\u00e0 video circolare e impostare data e ora.<\/p>\n<p>Questo microscopio \u00e8 autonomo e non richiede il collegamento a dispositivi esterni. Per memorizzare foto e video \u00e8 necessaria una scheda di memoria (da acquistare separatamente). Il microscopio pu\u00f2 essere collegato a un monitor esterno, a un televisore o a un computer. Tutti i cavi e il software necessari sono inclusi nel kit. Nota: il software da installare su un computer consente di misurare oggetti (linea, raggio, diametro, angolo a tre punti). Questo software consente inoltre di aggiungere immagini e testi supplementari alle immagini acquisite dal microscopio.<\/p>\n<p>Il sistema di illuminazione del microscopio \u00e8 costituito da 8 lampade LED a luminosit\u00e0 regolabile. Un filtro polarizzatore incorporato riduce i riflessi parassiti durante lo studio di oggetti luminosi.<\/p>\n<p>Il microscopio \u00e8 alimentato da un alimentatore CA o da una batteria integrata, che consente un funzionamento continuo per tre ore.<\/p>\n<p><strong>Caratteristiche:<\/strong><\/p>\n<ul class=\"vikas-list-u\">\n<li>Microscopio digitale con telecamera 5M e display LCD a colori<\/li>\n<li>Illuminazione superiore a LED con regolazione della luminosit\u00e0<\/li>\n<li>Filtro polarizzatore incorporato<\/li>\n<li>Capacit\u00e0 di registrare immagini e video; le immagini vengono trasmesse a uno schermo esterno<\/li>\n<li>Software di elaborazione delle immagini con funzione di misurazione<\/li>\n<li>Alimentazione tramite alimentatore CA o batteria integrata<\/li>\n<\/ul>\n<p><strong>Il kit comprende:<\/strong><\/p>\n<ul class=\"vikas-list-u\">\n<li>Microscopio<\/li>\n<li>Adattatore (100-240 V, 50\/60 Hz)<\/li>\n<li>Cavo USB<\/li>\n<li>Cavo audio\/video<\/li>\n<li>Scala di calibrazione<\/li>\n<li>CD software<\/li>\n<li>Manuale d'uso e garanzia a vita<\/li>\n<\/ul>\n<p><strong>Raccomandazioni sull'uso del software:\u00a0<\/strong>affinch\u00e9 PortableCapture Plus (e le altre versioni) funzioni correttamente, avviare l'applicazione installata solo quando il microscopio \u00e8 collegato a un PC e pronto per le osservazioni.<\/p>","protected":false},"excerpt":{"rendered":"<p class=\"product-page-title\"><strong>Microscopio digitale LCD Levenhuk DTX 700<\/strong><\/p>\n<p><strong>Caratteristiche: <\/strong>Microscopio digitale con telecamera da 5M e display LCD a colori, illuminazione LED dall'alto con regolazione della luminosit\u00e0, filtro polarizzatore incorporato, possibilit\u00e0 di registrare immagini e video; le immagini vengono trasmesse a un display esterno, software di elaborazione delle immagini con funzione di misurazione, alimentato da rete elettrica o batteria incorporata.<\/p>\n<p><strong>Il kit comprende: <\/strong>Microscopio, adattatore (100-240 V, 50\/60 Hz), cavo USB, cavo audio\/video, scala di calibrazione, CD del software.<\/p>","protected":false},"featured_media":2722,"comment_status":"open","ping_status":"closed","template":"","meta":[],"product_brand":[],"product_cat":[23,160,165],"product_tag":[],"class_list":{"0":"post-2697","1":"product","2":"type-product","3":"status-publish","4":"has-post-thumbnail","6":"product_cat-laboratorio","7":"product_cat-microscopios","8":"product_cat-microscopios-educacion","10":"first","11":"instock","12":"taxable","13":"shipping-taxable","14":"purchasable","15":"product-type-simple"},"yoast_head":"<!-- This site is optimized with the Yoast SEO plugin v27.2 - https:\/\/yoast.com\/product\/yoast-seo-wordpress\/ -->\n<title>Microscopio digital Levenhuk DTX 700 LCD - Labopolis<\/title>\n<meta name=\"description\" content=\"Microscopio digital Levenhuk DTX 700 LCD Caracter\u00edsticas: Microscopio digital con una c\u00e1mara de 5M y pantalla LCD a color, iluminaci\u00f3n superior por LED con ajuste del brillo, filtro polarizador incorporado, capacidad para grabar im\u00e1genes y videos; las im\u00e1genes se transmiten a una pantalla externa, software de procesamiento de im\u00e1genes con funci\u00f3n de medici\u00f3n, alimentado por una fuente de alimentaci\u00f3n CA o pila incorporada.  El kit incluye: Microscopio, adaptador (100\u2013240 V, 50\/60 Hz), cable USB, cable de audio\/v\u00eddeo, escala de calibraci\u00f3n, CD de software.\" \/>\n<meta name=\"robots\" content=\"index, follow, max-snippet:-1, max-image-preview:large, max-video-preview:-1\" \/>\n<link rel=\"canonical\" href=\"https:\/\/www.labopolis.com\/it\/prodotto\/microscopio-digital-levenhuk-dtx-700-lcd\/\" \/>\n<meta property=\"og:locale\" content=\"it_IT\" \/>\n<meta property=\"og:type\" content=\"article\" \/>\n<meta property=\"og:title\" content=\"Microscopio digital Levenhuk DTX 700 LCD - Labopolis\" \/>\n<meta property=\"og:description\" content=\"Microscopio digital Levenhuk DTX 700 LCD Caracter\u00edsticas: Microscopio digital con una c\u00e1mara de 5M y pantalla LCD a color, iluminaci\u00f3n superior por LED con ajuste del brillo, filtro polarizador incorporado, capacidad para grabar im\u00e1genes y videos; las im\u00e1genes se transmiten a una pantalla externa, software de procesamiento de im\u00e1genes con funci\u00f3n de medici\u00f3n, alimentado por una fuente de alimentaci\u00f3n CA o pila incorporada.  El kit incluye: Microscopio, adaptador (100\u2013240 V, 50\/60 Hz), cable USB, cable de audio\/v\u00eddeo, escala de calibraci\u00f3n, CD de software.\" \/>\n<meta property=\"og:url\" content=\"https:\/\/www.labopolis.com\/it\/prodotto\/microscopio-digital-levenhuk-dtx-700-lcd\/\" \/>\n<meta property=\"og:site_name\" content=\"Labopolis\" \/>\n<meta property=\"article:publisher\" content=\"https:\/\/www.facebook.com\/profile.php?id=100063251679439\" \/>\n<meta property=\"article:modified_time\" content=\"2026-03-24T09:19:42+00:00\" \/>\n<meta property=\"og:image\" content=\"https:\/\/www.labopolis.com\/wp-content\/uploads\/2023\/07\/75075_levenhuk-digital-microscope-dtx-700-lcd_00.jpg\" \/>\n\t<meta property=\"og:image:width\" content=\"656\" \/>\n\t<meta property=\"og:image:height\" content=\"1000\" \/>\n\t<meta property=\"og:image:type\" content=\"image\/jpeg\" \/>\n<meta name=\"twitter:card\" content=\"summary_large_image\" \/>\n<meta name=\"twitter:site\" content=\"@Labopolis\" \/>\n<meta name=\"twitter:label1\" content=\"Tempo di lettura stimato\" \/>\n\t<meta name=\"twitter:data1\" content=\"2 minuti\" \/>\n<script type=\"application\/ld+json\" class=\"yoast-schema-graph\">{\"@context\":\"https:\/\/schema.org\",\"@graph\":[{\"@type\":\"WebPage\",\"@id\":\"https:\/\/www.labopolis.com\/producto\/microscopio-digital-levenhuk-dtx-700-lcd\/\",\"url\":\"https:\/\/www.labopolis.com\/producto\/microscopio-digital-levenhuk-dtx-700-lcd\/\",\"name\":\"Microscopio digital Levenhuk DTX 700 LCD - Labopolis\",\"isPartOf\":{\"@id\":\"https:\/\/www.labopolis.com\/#website\"},\"primaryImageOfPage\":{\"@id\":\"https:\/\/www.labopolis.com\/producto\/microscopio-digital-levenhuk-dtx-700-lcd\/#primaryimage\"},\"image\":{\"@id\":\"https:\/\/www.labopolis.com\/producto\/microscopio-digital-levenhuk-dtx-700-lcd\/#primaryimage\"},\"thumbnailUrl\":\"https:\/\/www.labopolis.com\/wp-content\/uploads\/2023\/07\/75075_levenhuk-digital-microscope-dtx-700-lcd_00.jpg\",\"datePublished\":\"2023-07-10T11:40:31+00:00\",\"dateModified\":\"2026-03-24T09:19:42+00:00\",\"description\":\"Microscopio digital Levenhuk DTX 700 LCD Caracter\u00edsticas: Microscopio digital con una c\u00e1mara de 5M y pantalla LCD a color, iluminaci\u00f3n superior por LED con ajuste del brillo, filtro polarizador incorporado, capacidad para grabar im\u00e1genes y videos; las im\u00e1genes se transmiten a una pantalla externa, software de procesamiento de im\u00e1genes con funci\u00f3n de medici\u00f3n, alimentado por una fuente de alimentaci\u00f3n CA o pila incorporada. El kit incluye: Microscopio, adaptador (100\u2013240 V, 50\/60 Hz), cable USB, cable de audio\/v\u00eddeo, escala de calibraci\u00f3n, CD de software.\",\"breadcrumb\":{\"@id\":\"https:\/\/www.labopolis.com\/producto\/microscopio-digital-levenhuk-dtx-700-lcd\/#breadcrumb\"},\"inLanguage\":\"it-IT\",\"potentialAction\":[{\"@type\":\"ReadAction\",\"target\":[\"https:\/\/www.labopolis.com\/producto\/microscopio-digital-levenhuk-dtx-700-lcd\/\"]}]},{\"@type\":\"ImageObject\",\"inLanguage\":\"it-IT\",\"@id\":\"https:\/\/www.labopolis.com\/producto\/microscopio-digital-levenhuk-dtx-700-lcd\/#primaryimage\",\"url\":\"https:\/\/www.labopolis.com\/wp-content\/uploads\/2023\/07\/75075_levenhuk-digital-microscope-dtx-700-lcd_00.jpg\",\"contentUrl\":\"https:\/\/www.labopolis.com\/wp-content\/uploads\/2023\/07\/75075_levenhuk-digital-microscope-dtx-700-lcd_00.jpg\",\"width\":656,\"height\":1000,\"caption\":\"Producto\"},{\"@type\":\"BreadcrumbList\",\"@id\":\"https:\/\/www.labopolis.com\/producto\/microscopio-digital-levenhuk-dtx-700-lcd\/#breadcrumb\",\"itemListElement\":[{\"@type\":\"ListItem\",\"position\":1,\"name\":\"Portada\",\"item\":\"https:\/\/www.labopolis.com\/\"},{\"@type\":\"ListItem\",\"position\":2,\"name\":\"Productos\",\"item\":\"https:\/\/www.labopolis.com\/shop\/\"},{\"@type\":\"ListItem\",\"position\":3,\"name\":\"Microscopio digital Levenhuk DTX 700 LCD\"}]},{\"@type\":\"WebSite\",\"@id\":\"https:\/\/www.labopolis.com\/#website\",\"url\":\"https:\/\/www.labopolis.com\/\",\"name\":\"Labopolis\",\"description\":\"\",\"potentialAction\":[{\"@type\":\"SearchAction\",\"target\":{\"@type\":\"EntryPoint\",\"urlTemplate\":\"https:\/\/www.labopolis.com\/?s={search_term_string}\"},\"query-input\":{\"@type\":\"PropertyValueSpecification\",\"valueRequired\":true,\"valueName\":\"search_term_string\"}}],\"inLanguage\":\"it-IT\"}]}<\/script>\n<!-- \/ Yoast SEO plugin. -->","yoast_head_json":{"title":"Microscopio digitale Levenhuk DXT 700 LCD - Labopolis","description":"Microscopio digitale Levenhuk DTX 700 LCD Caratteristiche: microscopio digitale con fotocamera da 5 M e schermo LCD a colori, illuminazione superiore a LED con regolazione della luminosit\u00e0, filtro polarizzatore integrato, capacit\u00e0 di registrare immagini e video; le immagini vengono trasmesse a uno schermo esterno, software di elaborazione delle immagini con funzione di misurazione, alimentazione tramite alimentatore CA o batteria integrata. Il kit include: microscopio, adattatore (100\u2013240 V, 50\/60 Hz), cavo USB, cavo audio\/video, scala di calibrazione, CD software.","robots":{"index":"index","follow":"follow","max-snippet":"max-snippet:-1","max-image-preview":"max-image-preview:large","max-video-preview":"max-video-preview:-1"},"canonical":"https:\/\/www.labopolis.com\/it\/prodotto\/microscopio-digital-levenhuk-dtx-700-lcd\/","og_locale":"it_IT","og_type":"article","og_title":"Microscopio digital Levenhuk DTX 700 LCD - Labopolis","og_description":"Microscopio digital Levenhuk DTX 700 LCD Caracter\u00edsticas: Microscopio digital con una c\u00e1mara de 5M y pantalla LCD a color, iluminaci\u00f3n superior por LED con ajuste del brillo, filtro polarizador incorporado, capacidad para grabar im\u00e1genes y videos; las im\u00e1genes se transmiten a una pantalla externa, software de procesamiento de im\u00e1genes con funci\u00f3n de medici\u00f3n, alimentado por una fuente de alimentaci\u00f3n CA o pila incorporada.  El kit incluye: Microscopio, adaptador (100\u2013240 V, 50\/60 Hz), cable USB, cable de audio\/v\u00eddeo, escala de calibraci\u00f3n, CD de software.","og_url":"https:\/\/www.labopolis.com\/it\/prodotto\/microscopio-digital-levenhuk-dtx-700-lcd\/","og_site_name":"Labopolis","article_publisher":"https:\/\/www.facebook.com\/profile.php?id=100063251679439","article_modified_time":"2026-03-24T09:19:42+00:00","og_image":[{"width":656,"height":1000,"url":"https:\/\/www.labopolis.com\/wp-content\/uploads\/2023\/07\/75075_levenhuk-digital-microscope-dtx-700-lcd_00.jpg","type":"image\/jpeg"}],"twitter_card":"summary_large_image","twitter_site":"@Labopolis","twitter_misc":{"Tempo di lettura stimato":"2 minuti"},"schema":{"@context":"https:\/\/schema.org","@graph":[{"@type":"WebPage","@id":"https:\/\/www.labopolis.com\/producto\/microscopio-digital-levenhuk-dtx-700-lcd\/","url":"https:\/\/www.labopolis.com\/producto\/microscopio-digital-levenhuk-dtx-700-lcd\/","name":"Microscopio digitale Levenhuk DXT 700 LCD - Labopolis","isPartOf":{"@id":"https:\/\/www.labopolis.com\/#website"},"primaryImageOfPage":{"@id":"https:\/\/www.labopolis.com\/producto\/microscopio-digital-levenhuk-dtx-700-lcd\/#primaryimage"},"image":{"@id":"https:\/\/www.labopolis.com\/producto\/microscopio-digital-levenhuk-dtx-700-lcd\/#primaryimage"},"thumbnailUrl":"https:\/\/www.labopolis.com\/wp-content\/uploads\/2023\/07\/75075_levenhuk-digital-microscope-dtx-700-lcd_00.jpg","datePublished":"2023-07-10T11:40:31+00:00","dateModified":"2026-03-24T09:19:42+00:00","description":"Microscopio digitale Levenhuk DTX 700 LCD Caratteristiche: Microscopio digitale con una fotocamera da 5M e schermo LCD a colori, illuminazione superiore a LED con regolazione della luminosit\u00e0, filtro polarizzatore integrato, possibilit\u00e0 di registrare immagini e video; le immagini vengono trasmesse a uno schermo esterno, software di elaborazione delle immagini con funzione di misurazione, alimentato da una fonte di alimentazione CA o da una batteria incorporata. Il kit include: Microscopio, adattatore (100\u2013240 V, 50\/60 Hz), cavo USB, cavo audio\/video, scala di calibrazione, CD software.","breadcrumb":{"@id":"https:\/\/www.labopolis.com\/producto\/microscopio-digital-levenhuk-dtx-700-lcd\/#breadcrumb"},"inLanguage":"it-IT","potentialAction":[{"@type":"ReadAction","target":["https:\/\/www.labopolis.com\/producto\/microscopio-digital-levenhuk-dtx-700-lcd\/"]}]},{"@type":"ImageObject","inLanguage":"it-IT","@id":"https:\/\/www.labopolis.com\/producto\/microscopio-digital-levenhuk-dtx-700-lcd\/#primaryimage","url":"https:\/\/www.labopolis.com\/wp-content\/uploads\/2023\/07\/75075_levenhuk-digital-microscope-dtx-700-lcd_00.jpg","contentUrl":"https:\/\/www.labopolis.com\/wp-content\/uploads\/2023\/07\/75075_levenhuk-digital-microscope-dtx-700-lcd_00.jpg","width":656,"height":1000,"caption":"Producto"},{"@type":"BreadcrumbList","@id":"https:\/\/www.labopolis.com\/producto\/microscopio-digital-levenhuk-dtx-700-lcd\/#breadcrumb","itemListElement":[{"@type":"ListItem","position":1,"name":"Portada","item":"https:\/\/www.labopolis.com\/"},{"@type":"ListItem","position":2,"name":"Productos","item":"https:\/\/www.labopolis.com\/shop\/"},{"@type":"ListItem","position":3,"name":"Microscopio digital Levenhuk DTX 700 LCD"}]},{"@type":"WebSite","@id":"https:\/\/www.labopolis.com\/#website","url":"https:\/\/www.labopolis.com\/","name":"Labopolis","description":"","potentialAction":[{"@type":"SearchAction","target":{"@type":"EntryPoint","urlTemplate":"https:\/\/www.labopolis.com\/?s={search_term_string}"},"query-input":{"@type":"PropertyValueSpecification","valueRequired":true,"valueName":"search_term_string"}}],"inLanguage":"it-IT"}]}},"_links":{"self":[{"href":"https:\/\/www.labopolis.com\/it\/wp-json\/wp\/v2\/product\/2697","targetHints":{"allow":["GET"]}}],"collection":[{"href":"https:\/\/www.labopolis.com\/it\/wp-json\/wp\/v2\/product"}],"about":[{"href":"https:\/\/www.labopolis.com\/it\/wp-json\/wp\/v2\/types\/product"}],"replies":[{"embeddable":true,"href":"https:\/\/www.labopolis.com\/it\/wp-json\/wp\/v2\/comments?post=2697"}],"wp:featuredmedia":[{"embeddable":true,"href":"https:\/\/www.labopolis.com\/it\/wp-json\/wp\/v2\/media\/2722"}],"wp:attachment":[{"href":"https:\/\/www.labopolis.com\/it\/wp-json\/wp\/v2\/media?parent=2697"}],"wp:term":[{"taxonomy":"product_brand","embeddable":true,"href":"https:\/\/www.labopolis.com\/it\/wp-json\/wp\/v2\/product_brand?post=2697"},{"taxonomy":"product_cat","embeddable":true,"href":"https:\/\/www.labopolis.com\/it\/wp-json\/wp\/v2\/product_cat?post=2697"},{"taxonomy":"product_tag","embeddable":true,"href":"https:\/\/www.labopolis.com\/it\/wp-json\/wp\/v2\/product_tag?post=2697"}],"curies":[{"name":"wp","href":"https:\/\/api.w.org\/{rel}","templated":true}]}}