{"id":2696,"date":"2023-07-10T11:40:31","date_gmt":"2023-07-10T11:40:31","guid":{"rendered":"https:\/\/www.labopolis.com\/?post_type=product&#038;p=2696"},"modified":"2026-03-24T09:28:16","modified_gmt":"2026-03-24T09:28:16","slug":"microscopio-digital-levenhuk-dtx-350-lcd","status":"publish","type":"product","link":"https:\/\/www.labopolis.com\/it\/prodotto\/microscopio-digital-levenhuk-dtx-350-lcd\/","title":{"rendered":"Microscopio digitale Levenhuk DTX 350 LCD"},"content":{"rendered":"<p>Il microscopio LCD DTX 350 \u00e8 stato progettato per la ricerca applicata. Pu\u00f2 essere utilizzato al posto di una lente digitale per osservare oggetti voluminosi (monete, semi, insetti) o di un microscopio per studiare campioni non trasparenti. Il microscopio Levenhuk DTX 350 LCD \u00e8 facile da usare e perfetto per lo studio o per l'hobby ed \u00e8 adatto anche per le attivit\u00e0 professionali.<\/p>\n<p>L'ingrandimento viene effettuato con l'aiuto di una fotocamera digitale integrata. La qualit\u00e0 dell'immagine \u00e8 regolata da un software. Il campione \u00e8 fissato al palcoscenico e illuminato dall'alto con otto luci LED luminose. L'immagine ingrandita viene trasmessa al display incorporato. Inoltre, \u00e8 possibile visualizzare l'immagine su qualsiasi schermo esterno, come quello di un computer, di un portatile o di un proiettore. L'illuminazione \u00e8 regolabile; \u00e8 inoltre possibile regolare separatamente la nitidezza dell'immagine.<\/p>\n<p>\u00c8 possibile salvare i risultati delle osservazioni come foto o video. Le registrazioni vengono salvate sulla scheda di memoria inclusa nel kit. Un'altra caratteristica importante \u00e8 il programma di elaborazione delle immagini incluso nel CD. Dopo aver installato questo programma sul computer, si avr\u00e0 accesso ad altre opzioni, come la regolazione della luminosit\u00e0 e del contrasto, la registrazione di scritte sulle foto e la misurazione delle dimensioni angolari e lineari dei campioni.<\/p>\n<p>Un grande vantaggio del microscopio \u00e8 la sua autonomia di lavoro. Una batteria integrata garantisce fino a 7 ore di funzionamento continuo. Se necessario, il microscopio pu\u00f2 essere alimentato anche tramite una porta USB del computer. Questo microscopio pu\u00f2 anche essere collegato a un alimentatore CA (adattatore CA acquistabile separatamente).<\/p>\n<p><strong>Caratteristiche:<\/strong><\/p>\n<ul class=\"vikas-list-u\">\n<li>Microscopio digitale LCD da 4,3 pollici<\/li>\n<li>Ingrandimento: da 20 a 600x<\/li>\n<li>Possibilit\u00e0 di registrare video e scattare foto<\/li>\n<li>Pu\u00f2 essere collegato a un proiettore o a un computer<\/li>\n<li>Adatto per la misurazione di distanze lineari, aree, angoli e raggi degli oggetti osservati<\/li>\n<li>Software di elaborazione delle immagini incluso<\/li>\n<li>Alimentazione tramite batteria integrata o porta USB del computer<\/li>\n<\/ul>\n<p><strong>Il kit comprende:<\/strong><\/p>\n<ul class=\"vikas-list-u\">\n<li>Microscopio digitale<\/li>\n<li>Treppiede<\/li>\n<li>Cavo USB<\/li>\n<li>Scheda di memoria microSD da 1 GB<\/li>\n<li>CD software<\/li>\n<li>Manuale d'uso e garanzia a vita<\/li>\n<\/ul>\n<p><strong>Raccomandazioni per l'uso del software:<\/strong>\u00a0Affinch\u00e9 il programma funzioni correttamente, avviare l'applicazione installata solo quando il microscopio \u00e8 collegato al PC e pronto per le osservazioni.<\/p>\n<p>Il microscopio digitale Levenhuk DTX 350 LCD non \u00e8 compatibile con fotocamere digitali esterne.<\/p>","protected":false},"excerpt":{"rendered":"<p class=\"product-page-title\"><strong>Microscopio digitale Levenhuk DTX 350 LCD<\/strong><\/p>\n<p><strong>Caratteristiche: M<\/strong>microscopio digitale con display LCD da 4,3 pollici, ingrandimento da 20 a 600x, possibilit\u00e0 di registrare video e scattare foto, collegabile a un proiettore o a un computer, adatto a misurare distanze lineari, aree, angoli e raggi degli oggetti osservati, software di elaborazione delle immagini incluso, alimentato dalla batteria integrata o tramite la porta USB del computer<\/p>\n<p><strong>Il kit comprende: M<\/strong>Microscopio digitale, treppiede, cavo USB, scheda di memoria microSD da 1 GB, CD del software, manuale d'uso e garanzia a vita.<\/p>","protected":false},"featured_media":2719,"comment_status":"open","ping_status":"closed","template":"","meta":[],"product_brand":[],"product_cat":[23,160,165],"product_tag":[],"class_list":{"0":"post-2696","1":"product","2":"type-product","3":"status-publish","4":"has-post-thumbnail","6":"product_cat-laboratorio","7":"product_cat-microscopios","8":"product_cat-microscopios-educacion","10":"first","11":"instock","12":"taxable","13":"shipping-taxable","14":"purchasable","15":"product-type-simple"},"yoast_head":"<!-- This site is optimized with the Yoast SEO plugin v27.2 - https:\/\/yoast.com\/product\/yoast-seo-wordpress\/ -->\n<title>Microscopio digital Levenhuk DTX 350 LCD - Labopolis<\/title>\n<meta name=\"description\" content=\"Microscopio digital Levenhuk DTX 350 LCD Caracter\u00edsticas: Microscopio digital con pantalla LCD de 4,3 pulgadas, ampliaci\u00f3n: de 20 a 600x, posibilidad de grabar videos y tomar fotos, se puede conectar a un proyector u ordenador,\u00a0 adecuado para medir distancias lineales, \u00e1reas, \u00e1ngulos y radios de los objetos observados, software de procesamiento de im\u00e1genes incluido, alimentado por una pila incorporada o por medio de un puerto USB de ordenador  El kit incluye: Microscopio digital, Tr\u00edpode, Cable USB, Tarjeta de memoria microSD de 1 GB, CD de software, Manual de usuario y garant\u00eda de por vida\" \/>\n<meta name=\"robots\" content=\"index, follow, max-snippet:-1, max-image-preview:large, max-video-preview:-1\" \/>\n<link rel=\"canonical\" href=\"https:\/\/www.labopolis.com\/it\/prodotto\/microscopio-digital-levenhuk-dtx-350-lcd\/\" \/>\n<meta property=\"og:locale\" content=\"it_IT\" \/>\n<meta property=\"og:type\" content=\"article\" \/>\n<meta property=\"og:title\" content=\"Microscopio digital Levenhuk DTX 350 LCD - Labopolis\" \/>\n<meta property=\"og:description\" content=\"Microscopio digital Levenhuk DTX 350 LCD Caracter\u00edsticas: Microscopio digital con pantalla LCD de 4,3 pulgadas, ampliaci\u00f3n: de 20 a 600x, posibilidad de grabar videos y tomar fotos, se puede conectar a un proyector u ordenador,\u00a0 adecuado para medir distancias lineales, \u00e1reas, \u00e1ngulos y radios de los objetos observados, software de procesamiento de im\u00e1genes incluido, alimentado por una pila incorporada o por medio de un puerto USB de ordenador  El kit incluye: Microscopio digital, Tr\u00edpode, Cable USB, Tarjeta de memoria microSD de 1 GB, CD de software, Manual de usuario y garant\u00eda de por vida\" \/>\n<meta property=\"og:url\" content=\"https:\/\/www.labopolis.com\/it\/prodotto\/microscopio-digital-levenhuk-dtx-350-lcd\/\" \/>\n<meta property=\"og:site_name\" content=\"Labopolis\" \/>\n<meta property=\"article:publisher\" content=\"https:\/\/www.facebook.com\/profile.php?id=100063251679439\" \/>\n<meta property=\"article:modified_time\" content=\"2026-03-24T09:28:16+00:00\" \/>\n<meta property=\"og:image\" content=\"https:\/\/www.labopolis.com\/wp-content\/uploads\/2023\/07\/74768_levenhuk-digital-microscope-dtx-350-lcd_00.jpg\" \/>\n\t<meta property=\"og:image:width\" content=\"1467\" \/>\n\t<meta property=\"og:image:height\" content=\"2000\" \/>\n\t<meta property=\"og:image:type\" content=\"image\/jpeg\" \/>\n<meta name=\"twitter:card\" content=\"summary_large_image\" \/>\n<meta name=\"twitter:site\" content=\"@Labopolis\" \/>\n<meta name=\"twitter:label1\" content=\"Tempo di lettura stimato\" \/>\n\t<meta name=\"twitter:data1\" content=\"2 minuti\" \/>\n<script type=\"application\/ld+json\" class=\"yoast-schema-graph\">{\"@context\":\"https:\/\/schema.org\",\"@graph\":[{\"@type\":\"WebPage\",\"@id\":\"https:\/\/www.labopolis.com\/producto\/microscopio-digital-levenhuk-dtx-350-lcd\/\",\"url\":\"https:\/\/www.labopolis.com\/producto\/microscopio-digital-levenhuk-dtx-350-lcd\/\",\"name\":\"Microscopio digital Levenhuk DTX 350 LCD - Labopolis\",\"isPartOf\":{\"@id\":\"https:\/\/www.labopolis.com\/#website\"},\"primaryImageOfPage\":{\"@id\":\"https:\/\/www.labopolis.com\/producto\/microscopio-digital-levenhuk-dtx-350-lcd\/#primaryimage\"},\"image\":{\"@id\":\"https:\/\/www.labopolis.com\/producto\/microscopio-digital-levenhuk-dtx-350-lcd\/#primaryimage\"},\"thumbnailUrl\":\"https:\/\/www.labopolis.com\/wp-content\/uploads\/2023\/07\/74768_levenhuk-digital-microscope-dtx-350-lcd_00.jpg\",\"datePublished\":\"2023-07-10T11:40:31+00:00\",\"dateModified\":\"2026-03-24T09:28:16+00:00\",\"description\":\"Microscopio digital Levenhuk DTX 350 LCD Caracter\u00edsticas: Microscopio digital con pantalla LCD de 4,3 pulgadas, ampliaci\u00f3n: de 20 a 600x, posibilidad de grabar videos y tomar fotos, se puede conectar a un proyector u ordenador,\u00a0 adecuado para medir distancias lineales, \u00e1reas, \u00e1ngulos y radios de los objetos observados, software de procesamiento de im\u00e1genes incluido, alimentado por una pila incorporada o por medio de un puerto USB de ordenador El kit incluye: Microscopio digital, Tr\u00edpode, Cable USB, Tarjeta de memoria microSD de 1 GB, CD de software, Manual de usuario y garant\u00eda de por vida\",\"breadcrumb\":{\"@id\":\"https:\/\/www.labopolis.com\/producto\/microscopio-digital-levenhuk-dtx-350-lcd\/#breadcrumb\"},\"inLanguage\":\"it-IT\",\"potentialAction\":[{\"@type\":\"ReadAction\",\"target\":[\"https:\/\/www.labopolis.com\/producto\/microscopio-digital-levenhuk-dtx-350-lcd\/\"]}]},{\"@type\":\"ImageObject\",\"inLanguage\":\"it-IT\",\"@id\":\"https:\/\/www.labopolis.com\/producto\/microscopio-digital-levenhuk-dtx-350-lcd\/#primaryimage\",\"url\":\"https:\/\/www.labopolis.com\/wp-content\/uploads\/2023\/07\/74768_levenhuk-digital-microscope-dtx-350-lcd_00.jpg\",\"contentUrl\":\"https:\/\/www.labopolis.com\/wp-content\/uploads\/2023\/07\/74768_levenhuk-digital-microscope-dtx-350-lcd_00.jpg\",\"width\":1467,\"height\":2000,\"caption\":\"Producto\"},{\"@type\":\"BreadcrumbList\",\"@id\":\"https:\/\/www.labopolis.com\/producto\/microscopio-digital-levenhuk-dtx-350-lcd\/#breadcrumb\",\"itemListElement\":[{\"@type\":\"ListItem\",\"position\":1,\"name\":\"Portada\",\"item\":\"https:\/\/www.labopolis.com\/\"},{\"@type\":\"ListItem\",\"position\":2,\"name\":\"Productos\",\"item\":\"https:\/\/www.labopolis.com\/shop\/\"},{\"@type\":\"ListItem\",\"position\":3,\"name\":\"Microscopio digital Levenhuk DTX 350 LCD\"}]},{\"@type\":\"WebSite\",\"@id\":\"https:\/\/www.labopolis.com\/#website\",\"url\":\"https:\/\/www.labopolis.com\/\",\"name\":\"Labopolis\",\"description\":\"\",\"potentialAction\":[{\"@type\":\"SearchAction\",\"target\":{\"@type\":\"EntryPoint\",\"urlTemplate\":\"https:\/\/www.labopolis.com\/?s={search_term_string}\"},\"query-input\":{\"@type\":\"PropertyValueSpecification\",\"valueRequired\":true,\"valueName\":\"search_term_string\"}}],\"inLanguage\":\"it-IT\"}]}<\/script>\n<!-- \/ Yoast SEO plugin. -->","yoast_head_json":{"title":"Microscopio digital Levenhuk DTX 350 LCD - Labopolis","description":"Microscopio digital Levenhuk DTX 350 LCD Caracter\u00edsticas: Microscopio digital con pantalla LCD de 4,3 pulgadas, ampliaci\u00f3n: de 20 a 600x, posibilidad de grabar videos y tomar fotos, se puede conectar a un proyector u ordenador,\u00a0 adecuado para medir distancias lineales, \u00e1reas, \u00e1ngulos y radios de los objetos observados, software de procesamiento de im\u00e1genes incluido, alimentado por una pila incorporada o por medio de un puerto USB de ordenador  El kit incluye: Microscopio digital, Tr\u00edpode, Cable USB, Tarjeta de memoria microSD de 1 GB, CD de software, Manual de usuario y garant\u00eda de por vida","robots":{"index":"index","follow":"follow","max-snippet":"max-snippet:-1","max-image-preview":"max-image-preview:large","max-video-preview":"max-video-preview:-1"},"canonical":"https:\/\/www.labopolis.com\/it\/prodotto\/microscopio-digital-levenhuk-dtx-350-lcd\/","og_locale":"it_IT","og_type":"article","og_title":"Microscopio digital Levenhuk DTX 350 LCD - Labopolis","og_description":"Microscopio digital Levenhuk DTX 350 LCD Caracter\u00edsticas: Microscopio digital con pantalla LCD de 4,3 pulgadas, ampliaci\u00f3n: de 20 a 600x, posibilidad de grabar videos y tomar fotos, se puede conectar a un proyector u ordenador,\u00a0 adecuado para medir distancias lineales, \u00e1reas, \u00e1ngulos y radios de los objetos observados, software de procesamiento de im\u00e1genes incluido, alimentado por una pila incorporada o por medio de un puerto USB de ordenador  El kit incluye: Microscopio digital, Tr\u00edpode, Cable USB, Tarjeta de memoria microSD de 1 GB, CD de software, Manual de usuario y garant\u00eda de por vida","og_url":"https:\/\/www.labopolis.com\/it\/prodotto\/microscopio-digital-levenhuk-dtx-350-lcd\/","og_site_name":"Labopolis","article_publisher":"https:\/\/www.facebook.com\/profile.php?id=100063251679439","article_modified_time":"2026-03-24T09:28:16+00:00","og_image":[{"width":1467,"height":2000,"url":"https:\/\/www.labopolis.com\/wp-content\/uploads\/2023\/07\/74768_levenhuk-digital-microscope-dtx-350-lcd_00.jpg","type":"image\/jpeg"}],"twitter_card":"summary_large_image","twitter_site":"@Labopolis","twitter_misc":{"Tempo di lettura stimato":"2 minuti"},"schema":{"@context":"https:\/\/schema.org","@graph":[{"@type":"WebPage","@id":"https:\/\/www.labopolis.com\/producto\/microscopio-digital-levenhuk-dtx-350-lcd\/","url":"https:\/\/www.labopolis.com\/producto\/microscopio-digital-levenhuk-dtx-350-lcd\/","name":"Microscopio digital Levenhuk DTX 350 LCD - Labopolis","isPartOf":{"@id":"https:\/\/www.labopolis.com\/#website"},"primaryImageOfPage":{"@id":"https:\/\/www.labopolis.com\/producto\/microscopio-digital-levenhuk-dtx-350-lcd\/#primaryimage"},"image":{"@id":"https:\/\/www.labopolis.com\/producto\/microscopio-digital-levenhuk-dtx-350-lcd\/#primaryimage"},"thumbnailUrl":"https:\/\/www.labopolis.com\/wp-content\/uploads\/2023\/07\/74768_levenhuk-digital-microscope-dtx-350-lcd_00.jpg","datePublished":"2023-07-10T11:40:31+00:00","dateModified":"2026-03-24T09:28:16+00:00","description":"Microscopio digital Levenhuk DTX 350 LCD Caracter\u00edsticas: Microscopio digital con pantalla LCD de 4,3 pulgadas, ampliaci\u00f3n: de 20 a 600x, posibilidad de grabar videos y tomar fotos, se puede conectar a un proyector u ordenador,\u00a0 adecuado para medir distancias lineales, \u00e1reas, \u00e1ngulos y radios de los objetos observados, software de procesamiento de im\u00e1genes incluido, alimentado por una pila incorporada o por medio de un puerto USB de ordenador El kit incluye: Microscopio digital, Tr\u00edpode, Cable USB, Tarjeta de memoria microSD de 1 GB, CD de software, Manual de usuario y garant\u00eda de por vida","breadcrumb":{"@id":"https:\/\/www.labopolis.com\/producto\/microscopio-digital-levenhuk-dtx-350-lcd\/#breadcrumb"},"inLanguage":"it-IT","potentialAction":[{"@type":"ReadAction","target":["https:\/\/www.labopolis.com\/producto\/microscopio-digital-levenhuk-dtx-350-lcd\/"]}]},{"@type":"ImageObject","inLanguage":"it-IT","@id":"https:\/\/www.labopolis.com\/producto\/microscopio-digital-levenhuk-dtx-350-lcd\/#primaryimage","url":"https:\/\/www.labopolis.com\/wp-content\/uploads\/2023\/07\/74768_levenhuk-digital-microscope-dtx-350-lcd_00.jpg","contentUrl":"https:\/\/www.labopolis.com\/wp-content\/uploads\/2023\/07\/74768_levenhuk-digital-microscope-dtx-350-lcd_00.jpg","width":1467,"height":2000,"caption":"Producto"},{"@type":"BreadcrumbList","@id":"https:\/\/www.labopolis.com\/producto\/microscopio-digital-levenhuk-dtx-350-lcd\/#breadcrumb","itemListElement":[{"@type":"ListItem","position":1,"name":"Portada","item":"https:\/\/www.labopolis.com\/"},{"@type":"ListItem","position":2,"name":"Productos","item":"https:\/\/www.labopolis.com\/shop\/"},{"@type":"ListItem","position":3,"name":"Microscopio digital Levenhuk DTX 350 LCD"}]},{"@type":"WebSite","@id":"https:\/\/www.labopolis.com\/#website","url":"https:\/\/www.labopolis.com\/","name":"Labopolis","description":"","potentialAction":[{"@type":"SearchAction","target":{"@type":"EntryPoint","urlTemplate":"https:\/\/www.labopolis.com\/?s={search_term_string}"},"query-input":{"@type":"PropertyValueSpecification","valueRequired":true,"valueName":"search_term_string"}}],"inLanguage":"it-IT"}]}},"_links":{"self":[{"href":"https:\/\/www.labopolis.com\/it\/wp-json\/wp\/v2\/product\/2696","targetHints":{"allow":["GET"]}}],"collection":[{"href":"https:\/\/www.labopolis.com\/it\/wp-json\/wp\/v2\/product"}],"about":[{"href":"https:\/\/www.labopolis.com\/it\/wp-json\/wp\/v2\/types\/product"}],"replies":[{"embeddable":true,"href":"https:\/\/www.labopolis.com\/it\/wp-json\/wp\/v2\/comments?post=2696"}],"wp:featuredmedia":[{"embeddable":true,"href":"https:\/\/www.labopolis.com\/it\/wp-json\/wp\/v2\/media\/2719"}],"wp:attachment":[{"href":"https:\/\/www.labopolis.com\/it\/wp-json\/wp\/v2\/media?parent=2696"}],"wp:term":[{"taxonomy":"product_brand","embeddable":true,"href":"https:\/\/www.labopolis.com\/it\/wp-json\/wp\/v2\/product_brand?post=2696"},{"taxonomy":"product_cat","embeddable":true,"href":"https:\/\/www.labopolis.com\/it\/wp-json\/wp\/v2\/product_cat?post=2696"},{"taxonomy":"product_tag","embeddable":true,"href":"https:\/\/www.labopolis.com\/it\/wp-json\/wp\/v2\/product_tag?post=2696"}],"curies":[{"name":"wp","href":"https:\/\/api.w.org\/{rel}","templated":true}]}}