{"id":2693,"date":"2023-07-10T11:40:30","date_gmt":"2023-07-10T11:40:30","guid":{"rendered":"https:\/\/www.labopolis.com\/?post_type=product&#038;p=2693"},"modified":"2026-03-24T09:47:39","modified_gmt":"2026-03-24T09:47:39","slug":"microscopio-digital-levenhuk-dtx-90","status":"publish","type":"product","link":"https:\/\/www.labopolis.com\/it\/prodotto\/microscopio-digital-levenhuk-dtx-90\/","title":{"rendered":"Microscopio digitale Levenhuk DTX 90"},"content":{"rendered":"<p>Il moderno microscopio Levenhuk DTX 90 USB \u00e8 utilizzato per lavori di alta precisione. Il microscopio \u00e8 dotato di una fotocamera da 5 Mpx e offre ingrandimenti compresi tra 10x e 300x. \u00c8 dotato di uno speciale treppiede e di un palcoscenico con scala di misurazione (8 cm sull'asse x e 7 cm sull'asse y) e due morsetti per fissare il campione sotto la fotocamera.<\/p>\n<p>Il microscopio digitale Levenhuk DTX 90 consente di ottenere immagini di alta qualit\u00e0 e ad alta risoluzione. Il microscopio viene collegato a un PC o a un laptop tramite un cavo USB 2.0 standard. L'osservazione dei campioni e la modifica delle immagini acquisite vengono effettuate con il software di elaborazione di facile utilizzo incluso nel kit. Oltre alle funzionalit\u00e0 di editing delle immagini che consentono di catturare e modificare immagini e video, il software pu\u00f2 misurare distanze lineari, perimetri, raggi e angoli diversi sui campioni osservati.<\/p>\n<p>Il Levenhuk DTX 90 \u00e8 molto facile da usare e non richiede conoscenze o abilit\u00e0 particolari. Grazie alle sue dimensioni compatte, questo microscopio \u00e8 molto adatto all'uso domestico. Se necessario, la fotocamera digitale pu\u00f2 essere ritirata e utilizzata senza il treppiede.<\/p>\n<p>Il corpo del microscopio \u00e8 rinforzato in gomma, quindi \u00e8 piacevole al tatto e facile da impugnare, evitando che scivoli dalle mani.<\/p>\n<p><b>Caratteristiche:<\/b><\/p>\n<ul class=\"vikas-list-u\">\n<li>Microscopio digitale USB con treppiede professionale<\/li>\n<li>Fotocamera digitale retrattile da 5 Mpx<\/li>\n<li>Alimentazione USB<\/li>\n<li>8 LED bianchi con luminosit\u00e0 regolabile<\/li>\n<li>Possibilit\u00e0 di scattare foto e video<\/li>\n<li>Include un software speciale per misurare distanze lineari, aree, angoli e raggi dei campioni studiati.<\/li>\n<li>Ampia gamma di applicazioni<\/li>\n<li>Facilit\u00e0 d'uso<\/li>\n<li>Compatibile con Windows 7\/8\/10, Mac 10.12 e successivi<\/li>\n<\/ul>\n<p><b>Il kit comprende:<\/b><\/p>\n<ul class=\"vikas-list-u\">\n<li>Microscopio digitale Levenhuk DTX 90<\/li>\n<li>Treppiede professionale<\/li>\n<li>Piastra con scala di misurazione<\/li>\n<li>Scala di calibrazione<\/li>\n<li>CD di installazione<\/li>\n<li>Cavo USB<\/li>\n<li>Manuale di istruzioni e garanzia a vita<\/li>\n<\/ul>\n<p><b>Raccomandazioni per l'uso del software.<\/b><br \/>\nAffinch\u00e9 il programma funzioni correttamente, avviare l'applicazione installata solo quando il microscopio \u00e8 collegato al PC e pronto per le osservazioni.<\/p>\n<p>Il microscopio digitale Levenhuk DTX 90 non \u00e8 compatibile con fotocamere digitali esterne.<\/p>","protected":false},"excerpt":{"rendered":"<p><strong>Microscopio digitale Levenhuk DTX 90<\/strong><\/p>\n<p><b>Caratteristiche: <\/b>Microscopio digitale USB con treppiede professionale, fotocamera digitale retrattile da 5 Mpx, alimentazione USB, 8 LED bianchi con luminosit\u00e0 regolabile, possibilit\u00e0 di scattare foto e video, include un software speciale per misurare distanze lineari, aree, angoli e raggi dei campioni studiati, ampia gamma di applicazioni, facile da usare, compatibile con Windows 7\/8\/10, Mac 10.12 e successivi.<\/p>\n<p><b>Il kit comprende: <\/b>Microscopio digitale Levenhuk DTX 90, treppiede professionale, palcoscenico con scala di misurazione, scala di calibrazione, CD di installazione, cavo USB, manuale di istruzioni e garanzia a vita.<\/p>","protected":false},"featured_media":2713,"comment_status":"open","ping_status":"closed","template":"","meta":[],"product_brand":[],"product_cat":[23,160,165],"product_tag":[],"class_list":{"0":"post-2693","1":"product","2":"type-product","3":"status-publish","4":"has-post-thumbnail","6":"product_cat-laboratorio","7":"product_cat-microscopios","8":"product_cat-microscopios-educacion","10":"first","11":"instock","12":"taxable","13":"shipping-taxable","14":"purchasable","15":"product-type-simple"},"yoast_head":"<!-- This site is optimized with the Yoast SEO plugin v27.2 - https:\/\/yoast.com\/product\/yoast-seo-wordpress\/ -->\n<title>Microscopio Digital Levenhuk DTX 90 - Labopolis<\/title>\n<meta name=\"description\" content=\"Microscopio Digital Levenhuk DTX 90  Caracter\u00edsticas: Microscopio digital USB con tr\u00edpode profesional, c\u00e1mara digital de 5 Mpx retractable, fuente de alimentaci\u00f3n mediante USB, 8 LEDs blancos con brillo ajustable, posibilidad de tomar fotos y v\u00eddeos, incluye un software especial para medir distancias lineares, \u00e1reas, \u00e1ngulos y radios de muestras estudiadas, amplio rango de aplicaciones, facilidad de uso, compatible con Windows 7\/8\/10, Mac 10.12 y posterior.  El kit incluye: Microscopio Digital Levenhuk DTX 90, tr\u00edpode profesional, platina con escala de medidas, escala de calibrado, CD de instalaci\u00f3n, cable USB, manual de instrucciones y garant\u00eda de por vida.\" \/>\n<meta name=\"robots\" content=\"index, follow, max-snippet:-1, max-image-preview:large, max-video-preview:-1\" \/>\n<link rel=\"canonical\" href=\"https:\/\/www.labopolis.com\/it\/prodotto\/microscopio-digital-levenhuk-dtx-90\/\" \/>\n<meta property=\"og:locale\" content=\"it_IT\" \/>\n<meta property=\"og:type\" content=\"article\" \/>\n<meta property=\"og:title\" content=\"Microscopio Digital Levenhuk DTX 90 - Labopolis\" \/>\n<meta property=\"og:description\" content=\"Microscopio Digital Levenhuk DTX 90  Caracter\u00edsticas: Microscopio digital USB con tr\u00edpode profesional, c\u00e1mara digital de 5 Mpx retractable, fuente de alimentaci\u00f3n mediante USB, 8 LEDs blancos con brillo ajustable, posibilidad de tomar fotos y v\u00eddeos, incluye un software especial para medir distancias lineares, \u00e1reas, \u00e1ngulos y radios de muestras estudiadas, amplio rango de aplicaciones, facilidad de uso, compatible con Windows 7\/8\/10, Mac 10.12 y posterior.  El kit incluye: Microscopio Digital Levenhuk DTX 90, tr\u00edpode profesional, platina con escala de medidas, escala de calibrado, CD de instalaci\u00f3n, cable USB, manual de instrucciones y garant\u00eda de por vida.\" \/>\n<meta property=\"og:url\" content=\"https:\/\/www.labopolis.com\/it\/prodotto\/microscopio-digital-levenhuk-dtx-90\/\" \/>\n<meta property=\"og:site_name\" content=\"Labopolis\" \/>\n<meta property=\"article:publisher\" content=\"https:\/\/www.facebook.com\/profile.php?id=100063251679439\" \/>\n<meta property=\"article:modified_time\" content=\"2026-03-24T09:47:39+00:00\" \/>\n<meta property=\"og:image\" content=\"https:\/\/www.labopolis.com\/wp-content\/uploads\/2023\/07\/levenhuk-microscope-dtx-90.jpg\" \/>\n\t<meta property=\"og:image:width\" content=\"948\" \/>\n\t<meta property=\"og:image:height\" content=\"1000\" \/>\n\t<meta property=\"og:image:type\" content=\"image\/jpeg\" \/>\n<meta name=\"twitter:card\" content=\"summary_large_image\" \/>\n<meta name=\"twitter:site\" content=\"@Labopolis\" \/>\n<meta name=\"twitter:label1\" content=\"Tempo di lettura stimato\" \/>\n\t<meta name=\"twitter:data1\" content=\"2 minuti\" \/>\n<script type=\"application\/ld+json\" class=\"yoast-schema-graph\">{\"@context\":\"https:\/\/schema.org\",\"@graph\":[{\"@type\":\"WebPage\",\"@id\":\"https:\/\/www.labopolis.com\/producto\/microscopio-digital-levenhuk-dtx-90\/\",\"url\":\"https:\/\/www.labopolis.com\/producto\/microscopio-digital-levenhuk-dtx-90\/\",\"name\":\"Microscopio Digital Levenhuk DTX 90 - Labopolis\",\"isPartOf\":{\"@id\":\"https:\/\/www.labopolis.com\/#website\"},\"primaryImageOfPage\":{\"@id\":\"https:\/\/www.labopolis.com\/producto\/microscopio-digital-levenhuk-dtx-90\/#primaryimage\"},\"image\":{\"@id\":\"https:\/\/www.labopolis.com\/producto\/microscopio-digital-levenhuk-dtx-90\/#primaryimage\"},\"thumbnailUrl\":\"https:\/\/www.labopolis.com\/wp-content\/uploads\/2023\/07\/levenhuk-microscope-dtx-90.jpg\",\"datePublished\":\"2023-07-10T11:40:30+00:00\",\"dateModified\":\"2026-03-24T09:47:39+00:00\",\"description\":\"Microscopio Digital Levenhuk DTX 90 Caracter\u00edsticas: Microscopio digital USB con tr\u00edpode profesional, c\u00e1mara digital de 5 Mpx retractable, fuente de alimentaci\u00f3n mediante USB, 8 LEDs blancos con brillo ajustable, posibilidad de tomar fotos y v\u00eddeos, incluye un software especial para medir distancias lineares, \u00e1reas, \u00e1ngulos y radios de muestras estudiadas, amplio rango de aplicaciones, facilidad de uso, compatible con Windows 7\/8\/10, Mac 10.12 y posterior. El kit incluye: Microscopio Digital Levenhuk DTX 90, tr\u00edpode profesional, platina con escala de medidas, escala de calibrado, CD de instalaci\u00f3n, cable USB, manual de instrucciones y garant\u00eda de por vida.\",\"breadcrumb\":{\"@id\":\"https:\/\/www.labopolis.com\/producto\/microscopio-digital-levenhuk-dtx-90\/#breadcrumb\"},\"inLanguage\":\"it-IT\",\"potentialAction\":[{\"@type\":\"ReadAction\",\"target\":[\"https:\/\/www.labopolis.com\/producto\/microscopio-digital-levenhuk-dtx-90\/\"]}]},{\"@type\":\"ImageObject\",\"inLanguage\":\"it-IT\",\"@id\":\"https:\/\/www.labopolis.com\/producto\/microscopio-digital-levenhuk-dtx-90\/#primaryimage\",\"url\":\"https:\/\/www.labopolis.com\/wp-content\/uploads\/2023\/07\/levenhuk-microscope-dtx-90.jpg\",\"contentUrl\":\"https:\/\/www.labopolis.com\/wp-content\/uploads\/2023\/07\/levenhuk-microscope-dtx-90.jpg\",\"width\":948,\"height\":1000,\"caption\":\"Producto\"},{\"@type\":\"BreadcrumbList\",\"@id\":\"https:\/\/www.labopolis.com\/producto\/microscopio-digital-levenhuk-dtx-90\/#breadcrumb\",\"itemListElement\":[{\"@type\":\"ListItem\",\"position\":1,\"name\":\"Portada\",\"item\":\"https:\/\/www.labopolis.com\/\"},{\"@type\":\"ListItem\",\"position\":2,\"name\":\"Productos\",\"item\":\"https:\/\/www.labopolis.com\/shop\/\"},{\"@type\":\"ListItem\",\"position\":3,\"name\":\"Microscopio Digital Levenhuk DTX 90\"}]},{\"@type\":\"WebSite\",\"@id\":\"https:\/\/www.labopolis.com\/#website\",\"url\":\"https:\/\/www.labopolis.com\/\",\"name\":\"Labopolis\",\"description\":\"\",\"potentialAction\":[{\"@type\":\"SearchAction\",\"target\":{\"@type\":\"EntryPoint\",\"urlTemplate\":\"https:\/\/www.labopolis.com\/?s={search_term_string}\"},\"query-input\":{\"@type\":\"PropertyValueSpecification\",\"valueRequired\":true,\"valueName\":\"search_term_string\"}}],\"inLanguage\":\"it-IT\"}]}<\/script>\n<!-- \/ Yoast SEO plugin. -->","yoast_head_json":{"title":"Microscopio Digital Levenhuk DTX 90 - Labopolis","description":"Microscopio Digital Levenhuk DTX 90  Caracter\u00edsticas: Microscopio digital USB con tr\u00edpode profesional, c\u00e1mara digital de 5 Mpx retractable, fuente de alimentaci\u00f3n mediante USB, 8 LEDs blancos con brillo ajustable, posibilidad de tomar fotos y v\u00eddeos, incluye un software especial para medir distancias lineares, \u00e1reas, \u00e1ngulos y radios de muestras estudiadas, amplio rango de aplicaciones, facilidad de uso, compatible con Windows 7\/8\/10, Mac 10.12 y posterior.  El kit incluye: Microscopio Digital Levenhuk DTX 90, tr\u00edpode profesional, platina con escala de medidas, escala de calibrado, CD de instalaci\u00f3n, cable USB, manual de instrucciones y garant\u00eda de por vida.","robots":{"index":"index","follow":"follow","max-snippet":"max-snippet:-1","max-image-preview":"max-image-preview:large","max-video-preview":"max-video-preview:-1"},"canonical":"https:\/\/www.labopolis.com\/it\/prodotto\/microscopio-digital-levenhuk-dtx-90\/","og_locale":"it_IT","og_type":"article","og_title":"Microscopio Digital Levenhuk DTX 90 - Labopolis","og_description":"Microscopio Digital Levenhuk DTX 90  Caracter\u00edsticas: Microscopio digital USB con tr\u00edpode profesional, c\u00e1mara digital de 5 Mpx retractable, fuente de alimentaci\u00f3n mediante USB, 8 LEDs blancos con brillo ajustable, posibilidad de tomar fotos y v\u00eddeos, incluye un software especial para medir distancias lineares, \u00e1reas, \u00e1ngulos y radios de muestras estudiadas, amplio rango de aplicaciones, facilidad de uso, compatible con Windows 7\/8\/10, Mac 10.12 y posterior.  El kit incluye: Microscopio Digital Levenhuk DTX 90, tr\u00edpode profesional, platina con escala de medidas, escala de calibrado, CD de instalaci\u00f3n, cable USB, manual de instrucciones y garant\u00eda de por vida.","og_url":"https:\/\/www.labopolis.com\/it\/prodotto\/microscopio-digital-levenhuk-dtx-90\/","og_site_name":"Labopolis","article_publisher":"https:\/\/www.facebook.com\/profile.php?id=100063251679439","article_modified_time":"2026-03-24T09:47:39+00:00","og_image":[{"width":948,"height":1000,"url":"https:\/\/www.labopolis.com\/wp-content\/uploads\/2023\/07\/levenhuk-microscope-dtx-90.jpg","type":"image\/jpeg"}],"twitter_card":"summary_large_image","twitter_site":"@Labopolis","twitter_misc":{"Tempo di lettura stimato":"2 minuti"},"schema":{"@context":"https:\/\/schema.org","@graph":[{"@type":"WebPage","@id":"https:\/\/www.labopolis.com\/producto\/microscopio-digital-levenhuk-dtx-90\/","url":"https:\/\/www.labopolis.com\/producto\/microscopio-digital-levenhuk-dtx-90\/","name":"Microscopio Digital Levenhuk DTX 90 - Labopolis","isPartOf":{"@id":"https:\/\/www.labopolis.com\/#website"},"primaryImageOfPage":{"@id":"https:\/\/www.labopolis.com\/producto\/microscopio-digital-levenhuk-dtx-90\/#primaryimage"},"image":{"@id":"https:\/\/www.labopolis.com\/producto\/microscopio-digital-levenhuk-dtx-90\/#primaryimage"},"thumbnailUrl":"https:\/\/www.labopolis.com\/wp-content\/uploads\/2023\/07\/levenhuk-microscope-dtx-90.jpg","datePublished":"2023-07-10T11:40:30+00:00","dateModified":"2026-03-24T09:47:39+00:00","description":"Microscopio Digital Levenhuk DTX 90 Caracter\u00edsticas: Microscopio digital USB con tr\u00edpode profesional, c\u00e1mara digital de 5 Mpx retractable, fuente de alimentaci\u00f3n mediante USB, 8 LEDs blancos con brillo ajustable, posibilidad de tomar fotos y v\u00eddeos, incluye un software especial para medir distancias lineares, \u00e1reas, \u00e1ngulos y radios de muestras estudiadas, amplio rango de aplicaciones, facilidad de uso, compatible con Windows 7\/8\/10, Mac 10.12 y posterior. El kit incluye: Microscopio Digital Levenhuk DTX 90, tr\u00edpode profesional, platina con escala de medidas, escala de calibrado, CD de instalaci\u00f3n, cable USB, manual de instrucciones y garant\u00eda de por vida.","breadcrumb":{"@id":"https:\/\/www.labopolis.com\/producto\/microscopio-digital-levenhuk-dtx-90\/#breadcrumb"},"inLanguage":"it-IT","potentialAction":[{"@type":"ReadAction","target":["https:\/\/www.labopolis.com\/producto\/microscopio-digital-levenhuk-dtx-90\/"]}]},{"@type":"ImageObject","inLanguage":"it-IT","@id":"https:\/\/www.labopolis.com\/producto\/microscopio-digital-levenhuk-dtx-90\/#primaryimage","url":"https:\/\/www.labopolis.com\/wp-content\/uploads\/2023\/07\/levenhuk-microscope-dtx-90.jpg","contentUrl":"https:\/\/www.labopolis.com\/wp-content\/uploads\/2023\/07\/levenhuk-microscope-dtx-90.jpg","width":948,"height":1000,"caption":"Producto"},{"@type":"BreadcrumbList","@id":"https:\/\/www.labopolis.com\/producto\/microscopio-digital-levenhuk-dtx-90\/#breadcrumb","itemListElement":[{"@type":"ListItem","position":1,"name":"Portada","item":"https:\/\/www.labopolis.com\/"},{"@type":"ListItem","position":2,"name":"Productos","item":"https:\/\/www.labopolis.com\/shop\/"},{"@type":"ListItem","position":3,"name":"Microscopio Digital Levenhuk DTX 90"}]},{"@type":"WebSite","@id":"https:\/\/www.labopolis.com\/#website","url":"https:\/\/www.labopolis.com\/","name":"Labopolis","description":"","potentialAction":[{"@type":"SearchAction","target":{"@type":"EntryPoint","urlTemplate":"https:\/\/www.labopolis.com\/?s={search_term_string}"},"query-input":{"@type":"PropertyValueSpecification","valueRequired":true,"valueName":"search_term_string"}}],"inLanguage":"it-IT"}]}},"_links":{"self":[{"href":"https:\/\/www.labopolis.com\/it\/wp-json\/wp\/v2\/product\/2693","targetHints":{"allow":["GET"]}}],"collection":[{"href":"https:\/\/www.labopolis.com\/it\/wp-json\/wp\/v2\/product"}],"about":[{"href":"https:\/\/www.labopolis.com\/it\/wp-json\/wp\/v2\/types\/product"}],"replies":[{"embeddable":true,"href":"https:\/\/www.labopolis.com\/it\/wp-json\/wp\/v2\/comments?post=2693"}],"wp:featuredmedia":[{"embeddable":true,"href":"https:\/\/www.labopolis.com\/it\/wp-json\/wp\/v2\/media\/2713"}],"wp:attachment":[{"href":"https:\/\/www.labopolis.com\/it\/wp-json\/wp\/v2\/media?parent=2693"}],"wp:term":[{"taxonomy":"product_brand","embeddable":true,"href":"https:\/\/www.labopolis.com\/it\/wp-json\/wp\/v2\/product_brand?post=2693"},{"taxonomy":"product_cat","embeddable":true,"href":"https:\/\/www.labopolis.com\/it\/wp-json\/wp\/v2\/product_cat?post=2693"},{"taxonomy":"product_tag","embeddable":true,"href":"https:\/\/www.labopolis.com\/it\/wp-json\/wp\/v2\/product_tag?post=2693"}],"curies":[{"name":"wp","href":"https:\/\/api.w.org\/{rel}","templated":true}]}}