{"id":2621,"date":"2023-07-10T11:40:09","date_gmt":"2023-07-10T11:40:09","guid":{"rendered":"https:\/\/www.labopolis.com\/?post_type=product&#038;p=2621"},"modified":"2026-04-28T13:48:37","modified_gmt":"2026-04-28T13:48:37","slug":"cabina-de-seguridad-microbiologica-bio","status":"publish","type":"product","link":"https:\/\/www.labopolis.com\/it\/prodotto\/cabina-de-seguridad-microbiologica-bio\/","title":{"rendered":"Cabina di sicurezza microbiologica BIO+ Cabina di sicurezza microbiologica Classe II A2"},"content":{"rendered":"<p>Gli armadi di sicurezza biologica classe II A2 BIO+ sono certificati da T\u00fav Nord secondo la norma EN 12469:2000. Si tratta di armadi di CLASSE II TIPO A2 dotati di luce U.V. di serie e sviluppati per proteggere il personale e l'ambiente dai materiali manipolati dei gruppi di rischio 1, 2 e 3 e, allo stesso tempo, per proteggere questi materiali dalla contaminazione esterna.<\/p>\n<ul>\n<li>Filtri assoluti H14 con efficienza del 99,995 su particelle di 0,3 micron.<\/li>\n<li>Finestre laterali in vetro temperato per una migliore luminosit\u00e0.<\/li>\n<li>Flusso di ricircolo bilanciato con il flusso di espulsione, per garantire 25 ricambi\/minuto di aria sterile nell'area di lavoro.<\/li>\n<li>Velocit\u00e0 media dell'aria ad un'altezza di 195 mm sulla facciata di 0,5 m\/sec o superiore.<\/li>\n<li>Fattore di contenimento superiore a 1,5 x 105<\/li>\n<li>Grado di pulizia CC secondo la norma EN 12469.<\/li>\n<li>Illuminazione del piano di lavoro superiore a 900 lux.<\/li>\n<li>Luce U.V. germicida installata di serie nella parete interna.<\/li>\n<li>Livello di pressione sonora secondo ISO 1102: inferiore o uguale a 58 dB (A).<\/li>\n<li>Alimentazione standard 230 V 50 Hz.<\/li>\n<li>Corrente consentita per ogni presa di servizio 3A.<\/li>\n<li>Cane da guardia analogico del microprocessore.<\/li>\n<li>Certificazione CE secondo la Direttiva Macchine 89-392<\/li>\n<li>Certificato EN 12469-2000<\/li>\n<\/ul>\n<p>USI<\/p>\n<ul>\n<li>Manipolazione di microrganismi, batteri, funghi, virus e parassiti dei gruppi di rischio 1, 2 e 3.<\/li>\n<li>Isolamento e coltura dei campioni<\/li>\n<li>Metodi di quantificazione<\/li>\n<li>Tecniche di microscopia e preparazione dei campioni Identificazione e tipizzazione dei microrganismi<\/li>\n<li>Manipolazione genetica<\/li>\n<\/ul>\n<table class=\"easy-table easy-table-default\">\n<thead>\n<tr>\n<th><strong>Modello<\/strong><\/th>\n<th>BIO+1<\/th>\n<th>BIO+2<\/th>\n<th>BIO+3<\/th>\n<th>BIO+4<\/th>\n<\/tr>\n<\/thead>\n<tbody>\n<tr>\n<td>Dimensioni interne (larghezza\/profondit\u00e0\/altezza)<\/td>\n<td>925x580x700<\/td>\n<td>1230x580x700<\/td>\n<td>1530x580x700<\/td>\n<td>1840x580x700<\/td>\n<\/tr>\n<tr>\n<td>Misure esterne (larghezza\/profondit\u00e0\/altezza)<\/td>\n<td>1075x795x1450<\/td>\n<td>1380x795x1450<\/td>\n<td>1685x795x1450<\/td>\n<td>1990x795x1450<\/td>\n<\/tr>\n<tr>\n<td>Colonne di filtraggio<\/td>\n<td>1<\/td>\n<td>1<\/td>\n<td>1<\/td>\n<td>1<\/td>\n<\/tr>\n<tr>\n<td>Numero di filtri<\/td>\n<td>2<\/td>\n<td>2<\/td>\n<td>2<\/td>\n<td>2<\/td>\n<\/tr>\n<tr>\n<td>I fan<\/td>\n<td>1<\/td>\n<td>1<\/td>\n<td>1<\/td>\n<td>1<\/td>\n<\/tr>\n<tr>\n<td>Volume medio di aria trattata\/ora<\/td>\n<td>+\/-350 m3\/h<\/td>\n<td>+\/-400 m3\/h<\/td>\n<td>+\/-600 m3\/h<\/td>\n<td>+\/-600 m3\/h<\/td>\n<\/tr>\n<tr>\n<td>Velocit\u00e0 media dell'aria in facciata<\/td>\n<td>0,50 m\/s<\/td>\n<td>0,50 m\/s<\/td>\n<td>0,50 m\/s<\/td>\n<td>0,50 m\/s<\/td>\n<\/tr>\n<tr>\n<td>Consumo totale di elettricit\u00e0<\/td>\n<td>260W<\/td>\n<td>360 W<\/td>\n<td>500 W<\/td>\n<td>650 W<\/td>\n<\/tr>\n<tr>\n<td>Periodi di tensione<\/td>\n<td>110-220 V \/ 50-60 Hz<\/td>\n<td>110-220 V \/ 50-60 Hz<\/td>\n<td>110-220 V \/ 50-60 Hz<\/td>\n<td>110-220 V \/ 50-60 Hz<\/td>\n<\/tr>\n<tr>\n<td>Livello di illuminazione<\/td>\n<td>Fluorescente +900 Lux\/36 W<\/td>\n<td>Fluorescente +900 Lux\/36 W<\/td>\n<td>Fluorescente +900 Lux\/36 W<\/td>\n<td>Fluorescente +900 Lux\/36 W<\/td>\n<\/tr>\n<tr>\n<td>Lampada UV<\/td>\n<td>Serie<\/td>\n<td>Serie<\/td>\n<td>Serie<\/td>\n<td>Serie<\/td>\n<\/tr>\n<tr>\n<td>Livello di rumore<\/td>\n<td>&lt;49 dB<\/td>\n<td>&lt;50 dB<\/td>\n<td>&lt;54 dB<\/td>\n<td>&lt;58 dB<\/td>\n<\/tr>\n<tr>\n<td>Peso<\/td>\n<td>227 Kg<\/td>\n<td>256 Kg<\/td>\n<td>310 Kg<\/td>\n<td>390 Kg<\/td>\n<\/tr>\n<tr>\n<td>Volume Box<\/td>\n<td>2 m3<\/td>\n<td>2.39 m3<\/td>\n<td>2.5 m3<\/td>\n<td>3.47 m3<\/td>\n<\/tr>\n<tr>\n<td>Anni di garanzia<\/td>\n<td>2<\/td>\n<td>2<\/td>\n<td>2<\/td>\n<td>2<\/td>\n<\/tr>\n<\/tbody>\n<\/table>","protected":false},"excerpt":{"rendered":"<p>L'armadio di sicurezza biologica di classe II A2 BIO+ \u00e8 certificato da T\u00fav Nord secondo la norma EN 12469:2000.<\/p>\n<p><strong><em><a class=\"ficha-tecnica-es\" href=\"https:\/\/www.labopolis.com\/wp-content\/uploads\/2023\/07\/FichaTecnica-BIO-ES.pdf\" target=\"_blank\" rel=\"noopener\"><i class=\"fas fa-file-alt\"><\/i> Scheda tecnica Cabine di sicurezza microbiologica BIO+ Classe II A2<\/a><br \/>\n<a class=\"ficha-tecnica-en\" href=\"https:\/\/www.labopolis.com\/wp-content\/uploads\/2023\/07\/FichaTecnica-BIO-EN.pdf\" target=\"_blank\" rel=\"noopener\"><i class=\"fas fa-file-alt\"><\/i> Scheda tecnica Cabina di sicurezza microbiologica BIO+ Classe II A2<\/a><\/em><\/strong><\/p>","protected":false},"featured_media":14302,"comment_status":"open","ping_status":"closed","template":"","meta":[],"product_brand":[],"product_cat":[106],"product_tag":[],"class_list":{"0":"post-2621","1":"product","2":"type-product","3":"status-publish","4":"has-post-thumbnail","6":"product_cat-cabinas-de-seguridad","8":"first","9":"instock","10":"taxable","11":"shipping-taxable","12":"purchasable","13":"product-type-variable"},"yoast_head":"<!-- This site is optimized with the Yoast SEO plugin v27.2 - https:\/\/yoast.com\/product\/yoast-seo-wordpress\/ -->\n<title>Cabina de Seguridad Microbiol\u00f3gica BIO+ Clase II A2 - Labopolis<\/title>\n<meta name=\"description\" content=\"Cabinas de seguridad biol\u00f3gica clase II A2 BIO+ est\u00e1 certificada por T\u00fav Nord seg\u00fan la norma EN 12469:2000   Ficha T\u00e9cnica Cabinas de Seguridad Microbiol\u00f3gica BIO+ Clase II A2  Technical Data Sheet Microbiological Safety Cabinet BIO+ Class II A2\" \/>\n<meta name=\"robots\" content=\"index, follow, max-snippet:-1, max-image-preview:large, max-video-preview:-1\" \/>\n<link rel=\"canonical\" href=\"https:\/\/www.labopolis.com\/it\/prodotto\/cabina-de-seguridad-microbiologica-bio\/\" \/>\n<meta property=\"og:locale\" content=\"it_IT\" \/>\n<meta property=\"og:type\" content=\"article\" \/>\n<meta property=\"og:title\" content=\"Cabina de Seguridad Microbiol\u00f3gica BIO+ Clase II A2 - Labopolis\" \/>\n<meta property=\"og:description\" content=\"Cabinas de seguridad biol\u00f3gica clase II A2 BIO+ est\u00e1 certificada por T\u00fav Nord seg\u00fan la norma EN 12469:2000   Ficha T\u00e9cnica Cabinas de Seguridad Microbiol\u00f3gica BIO+ Clase II A2  Technical Data Sheet Microbiological Safety Cabinet BIO+ Class II A2\" \/>\n<meta property=\"og:url\" content=\"https:\/\/www.labopolis.com\/it\/prodotto\/cabina-de-seguridad-microbiologica-bio\/\" \/>\n<meta property=\"og:site_name\" content=\"Labopolis\" \/>\n<meta property=\"article:publisher\" content=\"https:\/\/www.facebook.com\/profile.php?id=100063251679439\" \/>\n<meta property=\"article:modified_time\" content=\"2026-04-28T13:48:37+00:00\" \/>\n<meta property=\"og:image\" content=\"https:\/\/www.labopolis.com\/wp-content\/uploads\/2023\/07\/BIO-scaled.jpg\" \/>\n\t<meta property=\"og:image:width\" content=\"1723\" \/>\n\t<meta property=\"og:image:height\" content=\"2560\" \/>\n\t<meta property=\"og:image:type\" content=\"image\/jpeg\" \/>\n<meta name=\"twitter:card\" content=\"summary_large_image\" \/>\n<meta name=\"twitter:site\" content=\"@Labopolis\" \/>\n<meta name=\"twitter:label1\" content=\"Tempo di lettura stimato\" \/>\n\t<meta name=\"twitter:data1\" content=\"2 minuti\" \/>\n<script type=\"application\/ld+json\" class=\"yoast-schema-graph\">{\"@context\":\"https:\/\/schema.org\",\"@graph\":[{\"@type\":\"WebPage\",\"@id\":\"https:\/\/www.labopolis.com\/producto\/cabina-de-seguridad-microbiologica-bio\/\",\"url\":\"https:\/\/www.labopolis.com\/producto\/cabina-de-seguridad-microbiologica-bio\/\",\"name\":\"Cabina de Seguridad Microbiol\u00f3gica BIO+ Clase II A2 - Labopolis\",\"isPartOf\":{\"@id\":\"https:\/\/www.labopolis.com\/#website\"},\"primaryImageOfPage\":{\"@id\":\"https:\/\/www.labopolis.com\/producto\/cabina-de-seguridad-microbiologica-bio\/#primaryimage\"},\"image\":{\"@id\":\"https:\/\/www.labopolis.com\/producto\/cabina-de-seguridad-microbiologica-bio\/#primaryimage\"},\"thumbnailUrl\":\"https:\/\/www.labopolis.com\/wp-content\/uploads\/2023\/07\/BIO-scaled.jpg\",\"datePublished\":\"2023-07-10T11:40:09+00:00\",\"dateModified\":\"2026-04-28T13:48:37+00:00\",\"description\":\"Cabinas de seguridad biol\u00f3gica clase II A2 BIO+ est\u00e1 certificada por T\u00fav Nord seg\u00fan la norma EN 12469:2000 Ficha T\u00e9cnica Cabinas de Seguridad Microbiol\u00f3gica BIO+ Clase II A2 Technical Data Sheet Microbiological Safety Cabinet BIO+ Class II A2\",\"breadcrumb\":{\"@id\":\"https:\/\/www.labopolis.com\/producto\/cabina-de-seguridad-microbiologica-bio\/#breadcrumb\"},\"inLanguage\":\"it-IT\",\"potentialAction\":[{\"@type\":\"ReadAction\",\"target\":[\"https:\/\/www.labopolis.com\/producto\/cabina-de-seguridad-microbiologica-bio\/\"]}]},{\"@type\":\"ImageObject\",\"inLanguage\":\"it-IT\",\"@id\":\"https:\/\/www.labopolis.com\/producto\/cabina-de-seguridad-microbiologica-bio\/#primaryimage\",\"url\":\"https:\/\/www.labopolis.com\/wp-content\/uploads\/2023\/07\/BIO-scaled.jpg\",\"contentUrl\":\"https:\/\/www.labopolis.com\/wp-content\/uploads\/2023\/07\/BIO-scaled.jpg\",\"width\":1723,\"height\":2560},{\"@type\":\"BreadcrumbList\",\"@id\":\"https:\/\/www.labopolis.com\/producto\/cabina-de-seguridad-microbiologica-bio\/#breadcrumb\",\"itemListElement\":[{\"@type\":\"ListItem\",\"position\":1,\"name\":\"Portada\",\"item\":\"https:\/\/www.labopolis.com\/\"},{\"@type\":\"ListItem\",\"position\":2,\"name\":\"Productos\",\"item\":\"https:\/\/www.labopolis.com\/shop\/\"},{\"@type\":\"ListItem\",\"position\":3,\"name\":\"Cabina de Seguridad Microbiol\u00f3gica BIO+ Clase II A2\"}]},{\"@type\":\"WebSite\",\"@id\":\"https:\/\/www.labopolis.com\/#website\",\"url\":\"https:\/\/www.labopolis.com\/\",\"name\":\"Labopolis\",\"description\":\"\",\"potentialAction\":[{\"@type\":\"SearchAction\",\"target\":{\"@type\":\"EntryPoint\",\"urlTemplate\":\"https:\/\/www.labopolis.com\/?s={search_term_string}\"},\"query-input\":{\"@type\":\"PropertyValueSpecification\",\"valueRequired\":true,\"valueName\":\"search_term_string\"}}],\"inLanguage\":\"it-IT\"}]}<\/script>\n<!-- \/ Yoast SEO plugin. -->","yoast_head_json":{"title":"Cabina di Sicurezza Microbiologica BIO+ Classe II A2 - Labopolis","description":"Cabine di sicurezza biologica classe II A2 BIO+ certificate T\u00dcV Nord secondo la norma EN 12469:2000 Scheda Tecnica Cabine di Sicurezza Microbiologica BIO+ Classe II A2","robots":{"index":"index","follow":"follow","max-snippet":"max-snippet:-1","max-image-preview":"max-image-preview:large","max-video-preview":"max-video-preview:-1"},"canonical":"https:\/\/www.labopolis.com\/it\/prodotto\/cabina-de-seguridad-microbiologica-bio\/","og_locale":"it_IT","og_type":"article","og_title":"Cabina de Seguridad Microbiol\u00f3gica BIO+ Clase II A2 - Labopolis","og_description":"Cabinas de seguridad biol\u00f3gica clase II A2 BIO+ est\u00e1 certificada por T\u00fav Nord seg\u00fan la norma EN 12469:2000   Ficha T\u00e9cnica Cabinas de Seguridad Microbiol\u00f3gica BIO+ Clase II A2  Technical Data Sheet Microbiological Safety Cabinet BIO+ Class II A2","og_url":"https:\/\/www.labopolis.com\/it\/prodotto\/cabina-de-seguridad-microbiologica-bio\/","og_site_name":"Labopolis","article_publisher":"https:\/\/www.facebook.com\/profile.php?id=100063251679439","article_modified_time":"2026-04-28T13:48:37+00:00","og_image":[{"width":1723,"height":2560,"url":"https:\/\/www.labopolis.com\/wp-content\/uploads\/2023\/07\/BIO-scaled.jpg","type":"image\/jpeg"}],"twitter_card":"summary_large_image","twitter_site":"@Labopolis","twitter_misc":{"Tempo di lettura stimato":"2 minuti"},"schema":{"@context":"https:\/\/schema.org","@graph":[{"@type":"WebPage","@id":"https:\/\/www.labopolis.com\/producto\/cabina-de-seguridad-microbiologica-bio\/","url":"https:\/\/www.labopolis.com\/producto\/cabina-de-seguridad-microbiologica-bio\/","name":"Cabina di Sicurezza Microbiologica BIO+ Classe II A2 - Labopolis","isPartOf":{"@id":"https:\/\/www.labopolis.com\/#website"},"primaryImageOfPage":{"@id":"https:\/\/www.labopolis.com\/producto\/cabina-de-seguridad-microbiologica-bio\/#primaryimage"},"image":{"@id":"https:\/\/www.labopolis.com\/producto\/cabina-de-seguridad-microbiologica-bio\/#primaryimage"},"thumbnailUrl":"https:\/\/www.labopolis.com\/wp-content\/uploads\/2023\/07\/BIO-scaled.jpg","datePublished":"2023-07-10T11:40:09+00:00","dateModified":"2026-04-28T13:48:37+00:00","description":"Cabine di sicurezza biologica classe II A2 BIO+ \u00e8 certificata da T\u00fcv Nord secondo la norma EN 12469:2000 Scheda Tecnica Cabina di Sicurezza Microbiologica BIO+ Classe II A2","breadcrumb":{"@id":"https:\/\/www.labopolis.com\/producto\/cabina-de-seguridad-microbiologica-bio\/#breadcrumb"},"inLanguage":"it-IT","potentialAction":[{"@type":"ReadAction","target":["https:\/\/www.labopolis.com\/producto\/cabina-de-seguridad-microbiologica-bio\/"]}]},{"@type":"ImageObject","inLanguage":"it-IT","@id":"https:\/\/www.labopolis.com\/producto\/cabina-de-seguridad-microbiologica-bio\/#primaryimage","url":"https:\/\/www.labopolis.com\/wp-content\/uploads\/2023\/07\/BIO-scaled.jpg","contentUrl":"https:\/\/www.labopolis.com\/wp-content\/uploads\/2023\/07\/BIO-scaled.jpg","width":1723,"height":2560},{"@type":"BreadcrumbList","@id":"https:\/\/www.labopolis.com\/producto\/cabina-de-seguridad-microbiologica-bio\/#breadcrumb","itemListElement":[{"@type":"ListItem","position":1,"name":"Portada","item":"https:\/\/www.labopolis.com\/"},{"@type":"ListItem","position":2,"name":"Productos","item":"https:\/\/www.labopolis.com\/shop\/"},{"@type":"ListItem","position":3,"name":"Cabina de Seguridad Microbiol\u00f3gica BIO+ Clase II A2"}]},{"@type":"WebSite","@id":"https:\/\/www.labopolis.com\/#website","url":"https:\/\/www.labopolis.com\/","name":"Labopolis","description":"","potentialAction":[{"@type":"SearchAction","target":{"@type":"EntryPoint","urlTemplate":"https:\/\/www.labopolis.com\/?s={search_term_string}"},"query-input":{"@type":"PropertyValueSpecification","valueRequired":true,"valueName":"search_term_string"}}],"inLanguage":"it-IT"}]}},"_links":{"self":[{"href":"https:\/\/www.labopolis.com\/it\/wp-json\/wp\/v2\/product\/2621","targetHints":{"allow":["GET"]}}],"collection":[{"href":"https:\/\/www.labopolis.com\/it\/wp-json\/wp\/v2\/product"}],"about":[{"href":"https:\/\/www.labopolis.com\/it\/wp-json\/wp\/v2\/types\/product"}],"replies":[{"embeddable":true,"href":"https:\/\/www.labopolis.com\/it\/wp-json\/wp\/v2\/comments?post=2621"}],"wp:featuredmedia":[{"embeddable":true,"href":"https:\/\/www.labopolis.com\/it\/wp-json\/wp\/v2\/media\/14302"}],"wp:attachment":[{"href":"https:\/\/www.labopolis.com\/it\/wp-json\/wp\/v2\/media?parent=2621"}],"wp:term":[{"taxonomy":"product_brand","embeddable":true,"href":"https:\/\/www.labopolis.com\/it\/wp-json\/wp\/v2\/product_brand?post=2621"},{"taxonomy":"product_cat","embeddable":true,"href":"https:\/\/www.labopolis.com\/it\/wp-json\/wp\/v2\/product_cat?post=2621"},{"taxonomy":"product_tag","embeddable":true,"href":"https:\/\/www.labopolis.com\/it\/wp-json\/wp\/v2\/product_tag?post=2621"}],"curies":[{"name":"wp","href":"https:\/\/api.w.org\/{rel}","templated":true}]}}