{"id":2503,"date":"2023-07-10T11:39:30","date_gmt":"2023-07-10T11:39:30","guid":{"rendered":"https:\/\/www.labopolis.com\/?post_type=product&#038;p=2503"},"modified":"2026-02-19T09:05:03","modified_gmt":"2026-02-19T09:05:03","slug":"euromex-stereoblue-sb-1902-p","status":"publish","type":"product","link":"https:\/\/www.labopolis.com\/it\/prodotto\/euromex-stereoblue-sb-1902-p\/","title":{"rendered":"Euromex StereoBlue SB.1902-P"},"content":{"rendered":"<p>Modello di microscopio stereo per l'istruzione secondaria, facile da usare e progettato per gli studenti.<br \/>\nCoppia di oculari WF10x\/20 mm. Con protezioni in gomma.<br \/>\nTesta binoculare, inclinata di 45\u00ba. Correzione diottrica su entrambi i tubi oculari.<br \/>\nDistanza interpupillare compresa tra 55 e 75 mm.<br \/>\nObiettivo zoom da 0,7x a 4,5x. Distanza di lavoro 100 mm. Altezza massima del campione 193 mm.<br \/>\nIngrandimento 7x e 45x. Campo visivo da 28,5 mm. a 4,4 mm.<br \/>\nBase a colonna piatta, sistema di messa a fuoco macrometrico a cremagliera.<br \/>\nFornito con piastra bianca\/nera, piastra trasparente e due morsetti.<br \/>\nSistema di illuminazione incidente e trasmessa LED 3W. Intensit\u00e0 dimmerabile indipendente. Entrambe le illuminazioni possono essere utilizzate contemporaneamente. Alimentazione interna.<br \/>\nFornito in una scatola di polistirolo con coperchio protettivo e manuale di istruzioni.<\/p>","protected":false},"excerpt":{"rendered":"<div>Modello di stereomicroscopio per l'istruzione secondaria, facile da usare e progettato per gli studenti. Testa binoculare, oculari WF10x\/20 mm. Obiettivo zoom da 0,7 a 4,5x. Ingrandimento da 7x a 45x. Base piatta con colonna e due morsetti. Messa a fuoco macrometrica. Illuminazione incidente e trasmessa a LED.<\/div>\n<div><\/div>\n<div><strong><em><a href=\"https:\/\/www.labopolis.com\/wp-content\/uploads\/2019\/10\/StereoBlue_ficha_tecnica_ES-1.pdf\" target=\"_blank\" rel=\"attachment wp-att-3827 noopener\"><i class=\"fas fa-file-alt\"><\/i> Scheda tecnica di StereoBlue<\/a><\/em><\/strong><\/div>","protected":false},"featured_media":2526,"comment_status":"open","ping_status":"closed","template":"","meta":[],"product_brand":[],"product_cat":[23,162],"product_tag":[],"class_list":{"0":"post-2503","1":"product","2":"type-product","3":"status-publish","4":"has-post-thumbnail","6":"product_cat-laboratorio","7":"product_cat-microscopios-estereoscopicos","9":"first","10":"instock","11":"taxable","12":"shipping-taxable","13":"purchasable","14":"product-type-simple"},"yoast_head":"<!-- This site is optimized with the Yoast SEO plugin v27.2 - https:\/\/yoast.com\/product\/yoast-seo-wordpress\/ -->\n<title>Euromex StereoBlue SB.1902-P - Labopolis<\/title>\n<meta name=\"description\" content=\"Modelo Microscopio Estereosc\u00f3pico para Educaci\u00f3n secundaria, f\u00e1cil de utilizar y pensados para estudiantes. Cabezal binocular, oculares WF10x\/20 mm. Objetivo Zoom 0,7 a 4,5x. Aumentos 7x a 45x. Base plana con columna y dos pinzas de sujeci\u00f3n. Enfoque macrom\u00e9trico. Iluminaci\u00f3n incidente y transmitida LED.   Ficha T\u00e9cnica StereoBlue\" \/>\n<meta name=\"robots\" content=\"index, follow, max-snippet:-1, max-image-preview:large, max-video-preview:-1\" \/>\n<link rel=\"canonical\" href=\"https:\/\/www.labopolis.com\/it\/prodotto\/euromex-stereoblue-sb-1902-p\/\" \/>\n<meta property=\"og:locale\" content=\"it_IT\" \/>\n<meta property=\"og:type\" content=\"article\" \/>\n<meta property=\"og:title\" content=\"Euromex StereoBlue SB.1902-P - Labopolis\" \/>\n<meta property=\"og:description\" content=\"Modelo Microscopio Estereosc\u00f3pico para Educaci\u00f3n secundaria, f\u00e1cil de utilizar y pensados para estudiantes. Cabezal binocular, oculares WF10x\/20 mm. Objetivo Zoom 0,7 a 4,5x. Aumentos 7x a 45x. Base plana con columna y dos pinzas de sujeci\u00f3n. Enfoque macrom\u00e9trico. Iluminaci\u00f3n incidente y transmitida LED.   Ficha T\u00e9cnica StereoBlue\" \/>\n<meta property=\"og:url\" content=\"https:\/\/www.labopolis.com\/it\/prodotto\/euromex-stereoblue-sb-1902-p\/\" \/>\n<meta property=\"og:site_name\" content=\"Labopolis\" \/>\n<meta property=\"article:publisher\" content=\"https:\/\/www.facebook.com\/profile.php?id=100063251679439\" \/>\n<meta property=\"article:modified_time\" content=\"2026-02-19T09:05:03+00:00\" \/>\n<meta property=\"og:image\" content=\"https:\/\/www.labopolis.com\/wp-content\/uploads\/2023\/07\/SB.1902-P.jpg\" \/>\n\t<meta property=\"og:image:width\" content=\"557\" \/>\n\t<meta property=\"og:image:height\" content=\"800\" \/>\n\t<meta property=\"og:image:type\" content=\"image\/jpeg\" \/>\n<meta name=\"twitter:card\" content=\"summary_large_image\" \/>\n<meta name=\"twitter:site\" content=\"@Labopolis\" \/>\n<meta name=\"twitter:label1\" content=\"Tempo di lettura stimato\" \/>\n\t<meta name=\"twitter:data1\" content=\"1 minuto\" \/>\n<script type=\"application\/ld+json\" class=\"yoast-schema-graph\">{\"@context\":\"https:\/\/schema.org\",\"@graph\":[{\"@type\":\"WebPage\",\"@id\":\"https:\/\/www.labopolis.com\/producto\/euromex-stereoblue-sb-1902-p\/\",\"url\":\"https:\/\/www.labopolis.com\/producto\/euromex-stereoblue-sb-1902-p\/\",\"name\":\"Euromex StereoBlue SB.1902-P - Labopolis\",\"isPartOf\":{\"@id\":\"https:\/\/www.labopolis.com\/#website\"},\"primaryImageOfPage\":{\"@id\":\"https:\/\/www.labopolis.com\/producto\/euromex-stereoblue-sb-1902-p\/#primaryimage\"},\"image\":{\"@id\":\"https:\/\/www.labopolis.com\/producto\/euromex-stereoblue-sb-1902-p\/#primaryimage\"},\"thumbnailUrl\":\"https:\/\/www.labopolis.com\/wp-content\/uploads\/2023\/07\/SB.1902-P.jpg\",\"datePublished\":\"2023-07-10T11:39:30+00:00\",\"dateModified\":\"2026-02-19T09:05:03+00:00\",\"description\":\"Modelo Microscopio Estereosc\u00f3pico para Educaci\u00f3n secundaria, f\u00e1cil de utilizar y pensados para estudiantes. Cabezal binocular, oculares WF10x\/20 mm. Objetivo Zoom 0,7 a 4,5x. Aumentos 7x a 45x. Base plana con columna y dos pinzas de sujeci\u00f3n. Enfoque macrom\u00e9trico. Iluminaci\u00f3n incidente y transmitida LED. Ficha T\u00e9cnica StereoBlue\",\"breadcrumb\":{\"@id\":\"https:\/\/www.labopolis.com\/producto\/euromex-stereoblue-sb-1902-p\/#breadcrumb\"},\"inLanguage\":\"it-IT\",\"potentialAction\":[{\"@type\":\"ReadAction\",\"target\":[\"https:\/\/www.labopolis.com\/producto\/euromex-stereoblue-sb-1902-p\/\"]}]},{\"@type\":\"ImageObject\",\"inLanguage\":\"it-IT\",\"@id\":\"https:\/\/www.labopolis.com\/producto\/euromex-stereoblue-sb-1902-p\/#primaryimage\",\"url\":\"https:\/\/www.labopolis.com\/wp-content\/uploads\/2023\/07\/SB.1902-P.jpg\",\"contentUrl\":\"https:\/\/www.labopolis.com\/wp-content\/uploads\/2023\/07\/SB.1902-P.jpg\",\"width\":557,\"height\":800,\"caption\":\"Producto\"},{\"@type\":\"BreadcrumbList\",\"@id\":\"https:\/\/www.labopolis.com\/producto\/euromex-stereoblue-sb-1902-p\/#breadcrumb\",\"itemListElement\":[{\"@type\":\"ListItem\",\"position\":1,\"name\":\"Portada\",\"item\":\"https:\/\/www.labopolis.com\/\"},{\"@type\":\"ListItem\",\"position\":2,\"name\":\"Productos\",\"item\":\"https:\/\/www.labopolis.com\/shop\/\"},{\"@type\":\"ListItem\",\"position\":3,\"name\":\"Euromex StereoBlue SB.1902-P\"}]},{\"@type\":\"WebSite\",\"@id\":\"https:\/\/www.labopolis.com\/#website\",\"url\":\"https:\/\/www.labopolis.com\/\",\"name\":\"Labopolis\",\"description\":\"\",\"potentialAction\":[{\"@type\":\"SearchAction\",\"target\":{\"@type\":\"EntryPoint\",\"urlTemplate\":\"https:\/\/www.labopolis.com\/?s={search_term_string}\"},\"query-input\":{\"@type\":\"PropertyValueSpecification\",\"valueRequired\":true,\"valueName\":\"search_term_string\"}}],\"inLanguage\":\"it-IT\"}]}<\/script>\n<!-- \/ Yoast SEO plugin. -->","yoast_head_json":{"title":"Euromex StereoBlue SB.1902-P - Labopolis","description":"Modello di stereomicroscopio per l'istruzione secondaria, facile da usare e progettato per gli studenti. Testa binoculare, oculari WF10x\/20 mm. Obiettivo zoom da 0,7 a 4,5x. Ingrandimento da 7x a 45x. Base piatta con colonna e due morsetti. Messa a fuoco macrometrica. Illuminazione LED incidente e trasmessa.   Scheda tecnica di StereoBlue","robots":{"index":"index","follow":"follow","max-snippet":"max-snippet:-1","max-image-preview":"max-image-preview:large","max-video-preview":"max-video-preview:-1"},"canonical":"https:\/\/www.labopolis.com\/it\/prodotto\/euromex-stereoblue-sb-1902-p\/","og_locale":"it_IT","og_type":"article","og_title":"Euromex StereoBlue SB.1902-P - Labopolis","og_description":"Modelo Microscopio Estereosc\u00f3pico para Educaci\u00f3n secundaria, f\u00e1cil de utilizar y pensados para estudiantes. Cabezal binocular, oculares WF10x\/20 mm. Objetivo Zoom 0,7 a 4,5x. Aumentos 7x a 45x. Base plana con columna y dos pinzas de sujeci\u00f3n. Enfoque macrom\u00e9trico. Iluminaci\u00f3n incidente y transmitida LED.   Ficha T\u00e9cnica StereoBlue","og_url":"https:\/\/www.labopolis.com\/it\/prodotto\/euromex-stereoblue-sb-1902-p\/","og_site_name":"Labopolis","article_publisher":"https:\/\/www.facebook.com\/profile.php?id=100063251679439","article_modified_time":"2026-02-19T09:05:03+00:00","og_image":[{"width":557,"height":800,"url":"https:\/\/www.labopolis.com\/wp-content\/uploads\/2023\/07\/SB.1902-P.jpg","type":"image\/jpeg"}],"twitter_card":"summary_large_image","twitter_site":"@Labopolis","twitter_misc":{"Tempo di lettura stimato":"1 minuto"},"schema":{"@context":"https:\/\/schema.org","@graph":[{"@type":"WebPage","@id":"https:\/\/www.labopolis.com\/producto\/euromex-stereoblue-sb-1902-p\/","url":"https:\/\/www.labopolis.com\/producto\/euromex-stereoblue-sb-1902-p\/","name":"Euromex StereoBlue SB.1902-P - Labopolis","isPartOf":{"@id":"https:\/\/www.labopolis.com\/#website"},"primaryImageOfPage":{"@id":"https:\/\/www.labopolis.com\/producto\/euromex-stereoblue-sb-1902-p\/#primaryimage"},"image":{"@id":"https:\/\/www.labopolis.com\/producto\/euromex-stereoblue-sb-1902-p\/#primaryimage"},"thumbnailUrl":"https:\/\/www.labopolis.com\/wp-content\/uploads\/2023\/07\/SB.1902-P.jpg","datePublished":"2023-07-10T11:39:30+00:00","dateModified":"2026-02-19T09:05:03+00:00","description":"Modello di stereomicroscopio per l'istruzione secondaria, facile da usare e progettato per gli studenti. Testa binoculare, oculari WF10x\/20 mm. Obiettivo zoom da 0,7 a 4,5x. Ingrandimento da 7x a 45x. Base piatta con colonna e due morsetti. Messa a fuoco macrometrica. Illuminazione LED incidente e trasmessa. Scheda tecnica di StereoBlue","breadcrumb":{"@id":"https:\/\/www.labopolis.com\/producto\/euromex-stereoblue-sb-1902-p\/#breadcrumb"},"inLanguage":"it-IT","potentialAction":[{"@type":"ReadAction","target":["https:\/\/www.labopolis.com\/producto\/euromex-stereoblue-sb-1902-p\/"]}]},{"@type":"ImageObject","inLanguage":"it-IT","@id":"https:\/\/www.labopolis.com\/producto\/euromex-stereoblue-sb-1902-p\/#primaryimage","url":"https:\/\/www.labopolis.com\/wp-content\/uploads\/2023\/07\/SB.1902-P.jpg","contentUrl":"https:\/\/www.labopolis.com\/wp-content\/uploads\/2023\/07\/SB.1902-P.jpg","width":557,"height":800,"caption":"Producto"},{"@type":"BreadcrumbList","@id":"https:\/\/www.labopolis.com\/producto\/euromex-stereoblue-sb-1902-p\/#breadcrumb","itemListElement":[{"@type":"ListItem","position":1,"name":"Portada","item":"https:\/\/www.labopolis.com\/"},{"@type":"ListItem","position":2,"name":"Productos","item":"https:\/\/www.labopolis.com\/shop\/"},{"@type":"ListItem","position":3,"name":"Euromex StereoBlue SB.1902-P"}]},{"@type":"WebSite","@id":"https:\/\/www.labopolis.com\/#website","url":"https:\/\/www.labopolis.com\/","name":"Labopolis","description":"","potentialAction":[{"@type":"SearchAction","target":{"@type":"EntryPoint","urlTemplate":"https:\/\/www.labopolis.com\/?s={search_term_string}"},"query-input":{"@type":"PropertyValueSpecification","valueRequired":true,"valueName":"search_term_string"}}],"inLanguage":"it-IT"}]}},"_links":{"self":[{"href":"https:\/\/www.labopolis.com\/it\/wp-json\/wp\/v2\/product\/2503","targetHints":{"allow":["GET"]}}],"collection":[{"href":"https:\/\/www.labopolis.com\/it\/wp-json\/wp\/v2\/product"}],"about":[{"href":"https:\/\/www.labopolis.com\/it\/wp-json\/wp\/v2\/types\/product"}],"replies":[{"embeddable":true,"href":"https:\/\/www.labopolis.com\/it\/wp-json\/wp\/v2\/comments?post=2503"}],"wp:featuredmedia":[{"embeddable":true,"href":"https:\/\/www.labopolis.com\/it\/wp-json\/wp\/v2\/media\/2526"}],"wp:attachment":[{"href":"https:\/\/www.labopolis.com\/it\/wp-json\/wp\/v2\/media?parent=2503"}],"wp:term":[{"taxonomy":"product_brand","embeddable":true,"href":"https:\/\/www.labopolis.com\/it\/wp-json\/wp\/v2\/product_brand?post=2503"},{"taxonomy":"product_cat","embeddable":true,"href":"https:\/\/www.labopolis.com\/it\/wp-json\/wp\/v2\/product_cat?post=2503"},{"taxonomy":"product_tag","embeddable":true,"href":"https:\/\/www.labopolis.com\/it\/wp-json\/wp\/v2\/product_tag?post=2503"}],"curies":[{"name":"wp","href":"https:\/\/api.w.org\/{rel}","templated":true}]}}