{"id":2499,"date":"2023-07-10T11:39:30","date_gmt":"2023-07-10T11:39:30","guid":{"rendered":"https:\/\/www.labopolis.com\/?post_type=product&#038;p=2499"},"modified":"2026-02-18T17:14:32","modified_gmt":"2026-02-18T17:14:32","slug":"euromex-bioblue-bb-4260","status":"publish","type":"product","link":"https:\/\/www.labopolis.com\/it\/prodotto\/euromex-bioblue-bb-4260\/","title":{"rendered":"Euromex BioBlue BB.4260"},"content":{"rendered":"<p>Microscopio biologico, modello per l'istruzione secondaria, facile da usare e progettato per gli studenti.<br \/>\nOculari DIN WF10x\/18 mm. Con sistema di fissaggio.<br \/>\nTesta binoculare, inclinata di 30\u00b0, ruotabile di 360\u00b0. Distanza interpupillare compresa tra 48 e 75 mm. Correzione diottrica in un tubo porta-occhi.<br \/>\nRevolver a quadrupla lente montato su cuscinetti a sfera. Rivolto verso l'interno.<br \/>\nLenti acromatiche semi-piatte 4x\/0,10, 10x\/0,25, S40x\/0,65 (retrattile), S100x\/1,25 (retrattile\/immersione in olio). Parafocali 45 mm.<br \/>\nPiano mobile da 130 x 130 mm con offset X-Y da 70 x 28 mm.<br \/>\nTutti i componenti ottici sono trattati antimuffa e antiriflesso.<br \/>\nCondensatore A.N. 1,25 regolabile in altezza con diaframma a iride e anello portafiltri di 32 mm. di diametro.<br \/>\nManopola di messa a fuoco macrometrica e micrometrica su asse coassiale. Micrometro con 200 divisioni, 2 micron per divisione, 0,4 mm per rotazione del micrometro. Spostamento totale di circa 23 mm. Con regolazione della tensione e limite di altezza del palcoscenico per proteggere gli obiettivi ad alto ingrandimento e il campione osservato.<br \/>\nIlluminazione NeoLED da 1 W, dimmerabile con 3 batterie ricaricabili.<br \/>\nAlimentatore interno.<br \/>\nFornito in scatola di polistirolo con coperchio protettivo, flacone di olio per immersione da 5 ml. e manuale di istruzioni.<\/p>","protected":false},"excerpt":{"rendered":"<div>Microscopio biologico, modello per l'istruzione secondaria, facile da usare e progettato per gli studenti. Testa binoculare, oculari DIN WF10x\/18 mm. Ogiva quadrupla girevole. Obiettivi acromatici semipiatti 4x, 10x, 40x e 100x DIN 45 mm. Palcoscenico mobile con spostamento X-Y. Condensatore A.N. 1,25. Messa a fuoco macro e micrometrica su asse coassiale. Illuminazione NeoLED 1W con batterie ricaricabili.<\/div>\n<div><\/div>\n<div><strong><em><a href=\"https:\/\/www.labopolis.com\/wp-content\/uploads\/2019\/10\/BioBlue_Ficha_Tecnica_SP.pdf\" target=\"_blank\" rel=\"attachment wp-att-3827 noopener\"><i class=\"fas fa-file-alt\"><\/i> Scheda tecnica di BioBlue<\/a><\/em><\/strong><\/div>","protected":false},"featured_media":2522,"comment_status":"open","ping_status":"closed","template":"","meta":[],"product_brand":[],"product_cat":[23,161],"product_tag":[],"class_list":{"0":"post-2499","1":"product","2":"type-product","3":"status-publish","4":"has-post-thumbnail","6":"product_cat-laboratorio","7":"product_cat-microscopios-biologicos","9":"first","10":"instock","11":"taxable","12":"shipping-taxable","13":"purchasable","14":"product-type-simple"},"yoast_head":"<!-- This site is optimized with the Yoast SEO plugin v27.2 - https:\/\/yoast.com\/product\/yoast-seo-wordpress\/ -->\n<title>Euromex BioBlue BB.4260 - Labopolis<\/title>\n<meta name=\"description\" content=\"Microscopio Biol\u00f3gico, modelo para Educaci\u00f3n secundaria, f\u00e1cil de utilizar y pensados para estudiantes. Cabezal binocular, oculares DIN WF10x\/18 mm. Rev\u00f3lver cu\u00e1druple. Objetivos semiplano acrom\u00e1ticos 4x, 10x, 40x y 100x DIN 45 mm. Platina m\u00f3vil con desplazamiento X-Y. Condensador A.N. 1.25. Enfoque macro y microm\u00e9trico en eje coaxial. Iluminaci\u00f3n NeoLED 1W con bater\u00edas recargables.   Ficha T\u00e9cnica BioBlue\" \/>\n<meta name=\"robots\" content=\"index, follow, max-snippet:-1, max-image-preview:large, max-video-preview:-1\" \/>\n<link rel=\"canonical\" href=\"https:\/\/www.labopolis.com\/it\/prodotto\/euromex-bioblue-bb-4260\/\" \/>\n<meta property=\"og:locale\" content=\"it_IT\" \/>\n<meta property=\"og:type\" content=\"article\" \/>\n<meta property=\"og:title\" content=\"Euromex BioBlue BB.4260 - Labopolis\" \/>\n<meta property=\"og:description\" content=\"Microscopio Biol\u00f3gico, modelo para Educaci\u00f3n secundaria, f\u00e1cil de utilizar y pensados para estudiantes. Cabezal binocular, oculares DIN WF10x\/18 mm. Rev\u00f3lver cu\u00e1druple. Objetivos semiplano acrom\u00e1ticos 4x, 10x, 40x y 100x DIN 45 mm. Platina m\u00f3vil con desplazamiento X-Y. Condensador A.N. 1.25. Enfoque macro y microm\u00e9trico en eje coaxial. Iluminaci\u00f3n NeoLED 1W con bater\u00edas recargables.   Ficha T\u00e9cnica BioBlue\" \/>\n<meta property=\"og:url\" content=\"https:\/\/www.labopolis.com\/it\/prodotto\/euromex-bioblue-bb-4260\/\" \/>\n<meta property=\"og:site_name\" content=\"Labopolis\" \/>\n<meta property=\"article:publisher\" content=\"https:\/\/www.facebook.com\/profile.php?id=100063251679439\" \/>\n<meta property=\"article:modified_time\" content=\"2026-02-18T17:14:32+00:00\" \/>\n<meta property=\"og:image\" content=\"https:\/\/www.labopolis.com\/wp-content\/uploads\/2023\/07\/BB.4260.jpg\" \/>\n\t<meta property=\"og:image:width\" content=\"740\" \/>\n\t<meta property=\"og:image:height\" content=\"800\" \/>\n\t<meta property=\"og:image:type\" content=\"image\/jpeg\" \/>\n<meta name=\"twitter:card\" content=\"summary_large_image\" \/>\n<meta name=\"twitter:site\" content=\"@Labopolis\" \/>\n<meta name=\"twitter:label1\" content=\"Tempo di lettura stimato\" \/>\n\t<meta name=\"twitter:data1\" content=\"1 minuto\" \/>\n<script type=\"application\/ld+json\" class=\"yoast-schema-graph\">{\"@context\":\"https:\/\/schema.org\",\"@graph\":[{\"@type\":\"WebPage\",\"@id\":\"https:\/\/www.labopolis.com\/producto\/euromex-bioblue-bb-4260\/\",\"url\":\"https:\/\/www.labopolis.com\/producto\/euromex-bioblue-bb-4260\/\",\"name\":\"Euromex BioBlue BB.4260 - Labopolis\",\"isPartOf\":{\"@id\":\"https:\/\/www.labopolis.com\/#website\"},\"primaryImageOfPage\":{\"@id\":\"https:\/\/www.labopolis.com\/producto\/euromex-bioblue-bb-4260\/#primaryimage\"},\"image\":{\"@id\":\"https:\/\/www.labopolis.com\/producto\/euromex-bioblue-bb-4260\/#primaryimage\"},\"thumbnailUrl\":\"https:\/\/www.labopolis.com\/wp-content\/uploads\/2023\/07\/BB.4260.jpg\",\"datePublished\":\"2023-07-10T11:39:30+00:00\",\"dateModified\":\"2026-02-18T17:14:32+00:00\",\"description\":\"Microscopio Biol\u00f3gico, modelo para Educaci\u00f3n secundaria, f\u00e1cil de utilizar y pensados para estudiantes. Cabezal binocular, oculares DIN WF10x\/18 mm. Rev\u00f3lver cu\u00e1druple. Objetivos semiplano acrom\u00e1ticos 4x, 10x, 40x y 100x DIN 45 mm. Platina m\u00f3vil con desplazamiento X-Y. Condensador A.N. 1.25. Enfoque macro y microm\u00e9trico en eje coaxial. Iluminaci\u00f3n NeoLED 1W con bater\u00edas recargables. Ficha T\u00e9cnica BioBlue\",\"breadcrumb\":{\"@id\":\"https:\/\/www.labopolis.com\/producto\/euromex-bioblue-bb-4260\/#breadcrumb\"},\"inLanguage\":\"it-IT\",\"potentialAction\":[{\"@type\":\"ReadAction\",\"target\":[\"https:\/\/www.labopolis.com\/producto\/euromex-bioblue-bb-4260\/\"]}]},{\"@type\":\"ImageObject\",\"inLanguage\":\"it-IT\",\"@id\":\"https:\/\/www.labopolis.com\/producto\/euromex-bioblue-bb-4260\/#primaryimage\",\"url\":\"https:\/\/www.labopolis.com\/wp-content\/uploads\/2023\/07\/BB.4260.jpg\",\"contentUrl\":\"https:\/\/www.labopolis.com\/wp-content\/uploads\/2023\/07\/BB.4260.jpg\",\"width\":740,\"height\":800,\"caption\":\"Producto\"},{\"@type\":\"BreadcrumbList\",\"@id\":\"https:\/\/www.labopolis.com\/producto\/euromex-bioblue-bb-4260\/#breadcrumb\",\"itemListElement\":[{\"@type\":\"ListItem\",\"position\":1,\"name\":\"Portada\",\"item\":\"https:\/\/www.labopolis.com\/\"},{\"@type\":\"ListItem\",\"position\":2,\"name\":\"Productos\",\"item\":\"https:\/\/www.labopolis.com\/shop\/\"},{\"@type\":\"ListItem\",\"position\":3,\"name\":\"Euromex BioBlue BB.4260\"}]},{\"@type\":\"WebSite\",\"@id\":\"https:\/\/www.labopolis.com\/#website\",\"url\":\"https:\/\/www.labopolis.com\/\",\"name\":\"Labopolis\",\"description\":\"\",\"potentialAction\":[{\"@type\":\"SearchAction\",\"target\":{\"@type\":\"EntryPoint\",\"urlTemplate\":\"https:\/\/www.labopolis.com\/?s={search_term_string}\"},\"query-input\":{\"@type\":\"PropertyValueSpecification\",\"valueRequired\":true,\"valueName\":\"search_term_string\"}}],\"inLanguage\":\"it-IT\"}]}<\/script>\n<!-- \/ Yoast SEO plugin. -->","yoast_head_json":{"title":"Euromex BioBlue BB.4260 - Labopolis","description":"Microscopio Biol\u00f3gico, modelo para Educaci\u00f3n secundaria, f\u00e1cil de utilizar y pensados para estudiantes. Cabezal binocular, oculares DIN WF10x\/18 mm. Rev\u00f3lver cu\u00e1druple. Objetivos semiplano acrom\u00e1ticos 4x, 10x, 40x y 100x DIN 45 mm. Platina m\u00f3vil con desplazamiento X-Y. Condensador A.N. 1.25. Enfoque macro y microm\u00e9trico en eje coaxial. Iluminaci\u00f3n NeoLED 1W con bater\u00edas recargables.   Ficha T\u00e9cnica BioBlue","robots":{"index":"index","follow":"follow","max-snippet":"max-snippet:-1","max-image-preview":"max-image-preview:large","max-video-preview":"max-video-preview:-1"},"canonical":"https:\/\/www.labopolis.com\/it\/prodotto\/euromex-bioblue-bb-4260\/","og_locale":"it_IT","og_type":"article","og_title":"Euromex BioBlue BB.4260 - Labopolis","og_description":"Microscopio Biol\u00f3gico, modelo para Educaci\u00f3n secundaria, f\u00e1cil de utilizar y pensados para estudiantes. Cabezal binocular, oculares DIN WF10x\/18 mm. Rev\u00f3lver cu\u00e1druple. Objetivos semiplano acrom\u00e1ticos 4x, 10x, 40x y 100x DIN 45 mm. Platina m\u00f3vil con desplazamiento X-Y. Condensador A.N. 1.25. Enfoque macro y microm\u00e9trico en eje coaxial. Iluminaci\u00f3n NeoLED 1W con bater\u00edas recargables.   Ficha T\u00e9cnica BioBlue","og_url":"https:\/\/www.labopolis.com\/it\/prodotto\/euromex-bioblue-bb-4260\/","og_site_name":"Labopolis","article_publisher":"https:\/\/www.facebook.com\/profile.php?id=100063251679439","article_modified_time":"2026-02-18T17:14:32+00:00","og_image":[{"width":740,"height":800,"url":"https:\/\/www.labopolis.com\/wp-content\/uploads\/2023\/07\/BB.4260.jpg","type":"image\/jpeg"}],"twitter_card":"summary_large_image","twitter_site":"@Labopolis","twitter_misc":{"Tempo di lettura stimato":"1 minuto"},"schema":{"@context":"https:\/\/schema.org","@graph":[{"@type":"WebPage","@id":"https:\/\/www.labopolis.com\/producto\/euromex-bioblue-bb-4260\/","url":"https:\/\/www.labopolis.com\/producto\/euromex-bioblue-bb-4260\/","name":"Euromex BioBlue BB.4260 - Labopolis","isPartOf":{"@id":"https:\/\/www.labopolis.com\/#website"},"primaryImageOfPage":{"@id":"https:\/\/www.labopolis.com\/producto\/euromex-bioblue-bb-4260\/#primaryimage"},"image":{"@id":"https:\/\/www.labopolis.com\/producto\/euromex-bioblue-bb-4260\/#primaryimage"},"thumbnailUrl":"https:\/\/www.labopolis.com\/wp-content\/uploads\/2023\/07\/BB.4260.jpg","datePublished":"2023-07-10T11:39:30+00:00","dateModified":"2026-02-18T17:14:32+00:00","description":"Microscopio Biol\u00f3gico, modelo para Educaci\u00f3n secundaria, f\u00e1cil de utilizar y pensados para estudiantes. Cabezal binocular, oculares DIN WF10x\/18 mm. Rev\u00f3lver cu\u00e1druple. Objetivos semiplano acrom\u00e1ticos 4x, 10x, 40x y 100x DIN 45 mm. Platina m\u00f3vil con desplazamiento X-Y. Condensador A.N. 1.25. Enfoque macro y microm\u00e9trico en eje coaxial. Iluminaci\u00f3n NeoLED 1W con bater\u00edas recargables. Ficha T\u00e9cnica BioBlue","breadcrumb":{"@id":"https:\/\/www.labopolis.com\/producto\/euromex-bioblue-bb-4260\/#breadcrumb"},"inLanguage":"it-IT","potentialAction":[{"@type":"ReadAction","target":["https:\/\/www.labopolis.com\/producto\/euromex-bioblue-bb-4260\/"]}]},{"@type":"ImageObject","inLanguage":"it-IT","@id":"https:\/\/www.labopolis.com\/producto\/euromex-bioblue-bb-4260\/#primaryimage","url":"https:\/\/www.labopolis.com\/wp-content\/uploads\/2023\/07\/BB.4260.jpg","contentUrl":"https:\/\/www.labopolis.com\/wp-content\/uploads\/2023\/07\/BB.4260.jpg","width":740,"height":800,"caption":"Producto"},{"@type":"BreadcrumbList","@id":"https:\/\/www.labopolis.com\/producto\/euromex-bioblue-bb-4260\/#breadcrumb","itemListElement":[{"@type":"ListItem","position":1,"name":"Portada","item":"https:\/\/www.labopolis.com\/"},{"@type":"ListItem","position":2,"name":"Productos","item":"https:\/\/www.labopolis.com\/shop\/"},{"@type":"ListItem","position":3,"name":"Euromex BioBlue BB.4260"}]},{"@type":"WebSite","@id":"https:\/\/www.labopolis.com\/#website","url":"https:\/\/www.labopolis.com\/","name":"Labopolis","description":"","potentialAction":[{"@type":"SearchAction","target":{"@type":"EntryPoint","urlTemplate":"https:\/\/www.labopolis.com\/?s={search_term_string}"},"query-input":{"@type":"PropertyValueSpecification","valueRequired":true,"valueName":"search_term_string"}}],"inLanguage":"it-IT"}]}},"_links":{"self":[{"href":"https:\/\/www.labopolis.com\/it\/wp-json\/wp\/v2\/product\/2499","targetHints":{"allow":["GET"]}}],"collection":[{"href":"https:\/\/www.labopolis.com\/it\/wp-json\/wp\/v2\/product"}],"about":[{"href":"https:\/\/www.labopolis.com\/it\/wp-json\/wp\/v2\/types\/product"}],"replies":[{"embeddable":true,"href":"https:\/\/www.labopolis.com\/it\/wp-json\/wp\/v2\/comments?post=2499"}],"wp:featuredmedia":[{"embeddable":true,"href":"https:\/\/www.labopolis.com\/it\/wp-json\/wp\/v2\/media\/2522"}],"wp:attachment":[{"href":"https:\/\/www.labopolis.com\/it\/wp-json\/wp\/v2\/media?parent=2499"}],"wp:term":[{"taxonomy":"product_brand","embeddable":true,"href":"https:\/\/www.labopolis.com\/it\/wp-json\/wp\/v2\/product_brand?post=2499"},{"taxonomy":"product_cat","embeddable":true,"href":"https:\/\/www.labopolis.com\/it\/wp-json\/wp\/v2\/product_cat?post=2499"},{"taxonomy":"product_tag","embeddable":true,"href":"https:\/\/www.labopolis.com\/it\/wp-json\/wp\/v2\/product_tag?post=2499"}],"curies":[{"name":"wp","href":"https:\/\/api.w.org\/{rel}","templated":true}]}}