{"id":2459,"date":"2023-07-10T11:39:17","date_gmt":"2023-07-10T11:39:17","guid":{"rendered":"https:\/\/www.labopolis.com\/?post_type=product&#038;p=2459"},"modified":"2024-02-02T18:02:33","modified_gmt":"2024-02-02T18:02:33","slug":"pipetas-electronicas-capp-maestro","status":"publish","type":"product","link":"https:\/\/www.labopolis.com\/it\/prodotto\/pipetas-electronicas-capp-maestro\/","title":{"rendered":"Pipette elettroniche - Capp Maestro"},"content":{"rendered":"<p>CAPPMaestro \u00e8 la pipetta elettronica che combina tutti i vantaggi di cui il ricercatore moderno ha bisogno. Il pulsante \"Preferiti\" \u00e8 la prima funzione visualizzata sul display OLED a colori di CAPPMaestro. Il display a colori OLED offre un migliore controllo ottico durante il pipettaggio, grazie al contrasto e alla frequenza di aggiornamento pi\u00f9 elevati rispetto ad altri display LCD.<br \/>\nInoltre, un display OLED consuma meno energia di altri display.<br \/>\nStruttura leggera e design elegante ed ergonomico con un ampio gancio, che consente di appoggiare la pipetta sul palmo della mano senza doverla \"afferrare\".<br \/>\nL'estrattore di punta CAPPMaestro consente di appoggiare il pollice.<br \/>\n\u00c8 sufficiente appoggiare il pollice sull'espulsore del puntale e contemporaneamente attivare delicatamente il pulsante di pipettaggio.<br \/>\nOttimizzate il vostro lavoro in batch con funzioni avanzate come la multidistribuzione, la diluizione e la miscelazione, tutte disponibili su CAPPMaestro, mentre navigate attraverso l'interfaccia user-friendly con una grafica intuitiva e facile da usare.<br \/>\nPer le attivit\u00e0 di laboratorio di routine, CAPPMaestro consente di memorizzare i protocolli preferiti e di passare da uno all'altro con la semplice pressione di due pulsanti.<br \/>\nSe siete stanchi di cambiare spesso le batterie, provate il CAPPMaestro, che utilizza batterie al litio, ideali per un lavoro di lunga durata.<br \/>\n\u00c8 possibile utilizzare questa pipetta elettronica anche durante la ricarica.<br \/>\nSono disponibili le funzioni di password e calibrazione.<\/p>","protected":false},"excerpt":{"rendered":"<p>Pipetas electr\u00f3nicas &#8211; Capp Maestro<\/p>\n<table>\n<tbody>\n<tr>\n<td class=\"textop\" style=\"font-weight: bold;\" align=\"center\">Referencia<\/td>\n<td class=\"textop\" style=\"font-weight: bold;\" align=\"center\">Descripci\u00f3n<\/td>\n<\/tr>\n<tr>\n<td class=\"textop\" style=\"font-weight: bold;\">M10-1<\/td>\n<td class=\"textop\">Pipeta electr\u00f3nica Capp Maestro, monocanal, 0,2-10\u00b5l<\/td>\n<\/tr>\n<tr>\n<td class=\"textop\" style=\"font-weight: bold;\">M100-1<\/td>\n<td class=\"textop\">Pipeta electr\u00f3nica Capp Maestro, monocanal, 5-100\u00b5l<\/td>\n<\/tr>\n<tr>\n<td class=\"textop\" style=\"font-weight: bold;\">M200-1<\/td>\n<td class=\"textop\">Pipeta electr\u00f3nica Capp Maestro, monocanal, 10-200\u00b5l<\/td>\n<\/tr>\n<tr>\n<td class=\"textop\" style=\"font-weight: bold;\">M1000-1<\/td>\n<td class=\"textop\">Pipeta electr\u00f3nica Capp Maestro, monocanal, 50-1000\u00b5l<\/td>\n<\/tr>\n<tr>\n<td class=\"textop\" style=\"font-weight: bold;\">M5000-1<\/td>\n<td class=\"textop\">Pipeta electr\u00f3nica Capp Maestro, monocanal, 500-5000\u00b5l<\/td>\n<\/tr>\n<\/tbody>\n<\/table>\n<p>[sv slug=\u00bbproductos\u00bb]<\/p>\n","protected":false},"featured_media":2474,"comment_status":"open","ping_status":"closed","template":"","meta":[],"product_brand":[],"product_cat":[159],"product_tag":[],"class_list":{"0":"post-2459","1":"product","2":"type-product","3":"status-publish","4":"has-post-thumbnail","6":"product_cat-pipetas","8":"first","9":"instock","10":"taxable","11":"shipping-taxable","12":"product-type-simple"},"yoast_head":"<!-- This site is optimized with the Yoast SEO plugin v27.2 - https:\/\/yoast.com\/product\/yoast-seo-wordpress\/ -->\n<title>Pipetas Electr\u00f3nicas - Capp Maestro - Labopolis<\/title>\n<meta name=\"description\" content=\"Pipetas electr\u00f3nicas - Capp Maestro    Referencia Descripci\u00f3n   M10-1 Pipeta electr\u00f3nica Capp Maestro, monocanal, 0,2-10\u00b5l   M100-1 Pipeta electr\u00f3nica Capp Maestro, monocanal, 5-100\u00b5l   M200-1 Pipeta electr\u00f3nica Capp Maestro, monocanal, 10-200\u00b5l   M1000-1 Pipeta electr\u00f3nica Capp Maestro, monocanal, 50-1000\u00b5l   M5000-1 Pipeta electr\u00f3nica Capp Maestro, monocanal, 500-5000\u00b5l\" \/>\n<meta name=\"robots\" content=\"index, follow, max-snippet:-1, max-image-preview:large, max-video-preview:-1\" \/>\n<link rel=\"canonical\" href=\"https:\/\/www.labopolis.com\/it\/prodotto\/pipetas-electronicas-capp-maestro\/\" \/>\n<meta property=\"og:locale\" content=\"it_IT\" \/>\n<meta property=\"og:type\" content=\"article\" \/>\n<meta property=\"og:title\" content=\"Pipetas Electr\u00f3nicas - Capp Maestro - Labopolis\" \/>\n<meta property=\"og:description\" content=\"Pipetas electr\u00f3nicas - Capp Maestro    Referencia Descripci\u00f3n   M10-1 Pipeta electr\u00f3nica Capp Maestro, monocanal, 0,2-10\u00b5l   M100-1 Pipeta electr\u00f3nica Capp Maestro, monocanal, 5-100\u00b5l   M200-1 Pipeta electr\u00f3nica Capp Maestro, monocanal, 10-200\u00b5l   M1000-1 Pipeta electr\u00f3nica Capp Maestro, monocanal, 50-1000\u00b5l   M5000-1 Pipeta electr\u00f3nica Capp Maestro, monocanal, 500-5000\u00b5l\" \/>\n<meta property=\"og:url\" content=\"https:\/\/www.labopolis.com\/it\/prodotto\/pipetas-electronicas-capp-maestro\/\" \/>\n<meta property=\"og:site_name\" content=\"Labopolis\" \/>\n<meta property=\"article:publisher\" content=\"https:\/\/www.facebook.com\/profile.php?id=100063251679439\" \/>\n<meta property=\"article:modified_time\" content=\"2024-02-02T18:02:33+00:00\" \/>\n<meta property=\"og:image\" content=\"https:\/\/www.labopolis.com\/wp-content\/uploads\/2023\/07\/CappMaestro.jpg\" \/>\n\t<meta property=\"og:image:width\" content=\"386\" \/>\n\t<meta property=\"og:image:height\" content=\"768\" \/>\n\t<meta property=\"og:image:type\" content=\"image\/jpeg\" \/>\n<meta name=\"twitter:card\" content=\"summary_large_image\" \/>\n<meta name=\"twitter:site\" content=\"@Labopolis\" \/>\n<meta name=\"twitter:label1\" content=\"Tempo di lettura stimato\" \/>\n\t<meta name=\"twitter:data1\" content=\"1 minuto\" \/>\n<script type=\"application\/ld+json\" class=\"yoast-schema-graph\">{\"@context\":\"https:\/\/schema.org\",\"@graph\":[{\"@type\":\"WebPage\",\"@id\":\"https:\/\/www.labopolis.com\/producto\/pipetas-electronicas-capp-maestro\/\",\"url\":\"https:\/\/www.labopolis.com\/producto\/pipetas-electronicas-capp-maestro\/\",\"name\":\"Pipetas Electr\u00f3nicas - Capp Maestro - Labopolis\",\"isPartOf\":{\"@id\":\"https:\/\/www.labopolis.com\/#website\"},\"primaryImageOfPage\":{\"@id\":\"https:\/\/www.labopolis.com\/producto\/pipetas-electronicas-capp-maestro\/#primaryimage\"},\"image\":{\"@id\":\"https:\/\/www.labopolis.com\/producto\/pipetas-electronicas-capp-maestro\/#primaryimage\"},\"thumbnailUrl\":\"https:\/\/www.labopolis.com\/wp-content\/uploads\/2023\/07\/CappMaestro.jpg\",\"datePublished\":\"2023-07-10T11:39:17+00:00\",\"dateModified\":\"2024-02-02T18:02:33+00:00\",\"description\":\"Pipetas electr\u00f3nicas - Capp Maestro Referencia Descripci\u00f3n M10-1 Pipeta electr\u00f3nica Capp Maestro, monocanal, 0,2-10\u00b5l M100-1 Pipeta electr\u00f3nica Capp Maestro, monocanal, 5-100\u00b5l M200-1 Pipeta electr\u00f3nica Capp Maestro, monocanal, 10-200\u00b5l M1000-1 Pipeta electr\u00f3nica Capp Maestro, monocanal, 50-1000\u00b5l M5000-1 Pipeta electr\u00f3nica Capp Maestro, monocanal, 500-5000\u00b5l\",\"breadcrumb\":{\"@id\":\"https:\/\/www.labopolis.com\/producto\/pipetas-electronicas-capp-maestro\/#breadcrumb\"},\"inLanguage\":\"it-IT\",\"potentialAction\":[{\"@type\":\"ReadAction\",\"target\":[\"https:\/\/www.labopolis.com\/producto\/pipetas-electronicas-capp-maestro\/\"]}]},{\"@type\":\"ImageObject\",\"inLanguage\":\"it-IT\",\"@id\":\"https:\/\/www.labopolis.com\/producto\/pipetas-electronicas-capp-maestro\/#primaryimage\",\"url\":\"https:\/\/www.labopolis.com\/wp-content\/uploads\/2023\/07\/CappMaestro.jpg\",\"contentUrl\":\"https:\/\/www.labopolis.com\/wp-content\/uploads\/2023\/07\/CappMaestro.jpg\",\"width\":386,\"height\":768,\"caption\":\"Producto\"},{\"@type\":\"BreadcrumbList\",\"@id\":\"https:\/\/www.labopolis.com\/producto\/pipetas-electronicas-capp-maestro\/#breadcrumb\",\"itemListElement\":[{\"@type\":\"ListItem\",\"position\":1,\"name\":\"Portada\",\"item\":\"https:\/\/www.labopolis.com\/\"},{\"@type\":\"ListItem\",\"position\":2,\"name\":\"Productos\",\"item\":\"https:\/\/www.labopolis.com\/shop\/\"},{\"@type\":\"ListItem\",\"position\":3,\"name\":\"Pipetas Electr\u00f3nicas &#8211; Capp Maestro\"}]},{\"@type\":\"WebSite\",\"@id\":\"https:\/\/www.labopolis.com\/#website\",\"url\":\"https:\/\/www.labopolis.com\/\",\"name\":\"Labopolis\",\"description\":\"\",\"potentialAction\":[{\"@type\":\"SearchAction\",\"target\":{\"@type\":\"EntryPoint\",\"urlTemplate\":\"https:\/\/www.labopolis.com\/?s={search_term_string}\"},\"query-input\":{\"@type\":\"PropertyValueSpecification\",\"valueRequired\":true,\"valueName\":\"search_term_string\"}}],\"inLanguage\":\"it-IT\"}]}<\/script>\n<!-- \/ Yoast SEO plugin. -->","yoast_head_json":{"title":"Pipette Elettroniche - Capp Maestro - Labopolis","description":"Pipette elettroniche - Capp Maestro    Riferimento Descrizione   M10-1 Pipetta elettronica Capp Maestro, monocanale, 0,2-10\u00b5l   M100-1 Pipetta elettronica Capp Maestro, monocanale, 5-100\u00b5l   M200-1 Pipetta elettronica Capp Maestro, monocanale, 10-200\u00b5l   M1000-1 Pipetta elettronica Capp Maestro, monocanale, 50-1000\u00b5l   M5000-1 Pipetta elettronica Capp Maestro, monocanale, 500-5000\u00b5l","robots":{"index":"index","follow":"follow","max-snippet":"max-snippet:-1","max-image-preview":"max-image-preview:large","max-video-preview":"max-video-preview:-1"},"canonical":"https:\/\/www.labopolis.com\/it\/prodotto\/pipetas-electronicas-capp-maestro\/","og_locale":"it_IT","og_type":"article","og_title":"Pipetas Electr\u00f3nicas - Capp Maestro - Labopolis","og_description":"Pipetas electr\u00f3nicas - Capp Maestro    Referencia Descripci\u00f3n   M10-1 Pipeta electr\u00f3nica Capp Maestro, monocanal, 0,2-10\u00b5l   M100-1 Pipeta electr\u00f3nica Capp Maestro, monocanal, 5-100\u00b5l   M200-1 Pipeta electr\u00f3nica Capp Maestro, monocanal, 10-200\u00b5l   M1000-1 Pipeta electr\u00f3nica Capp Maestro, monocanal, 50-1000\u00b5l   M5000-1 Pipeta electr\u00f3nica Capp Maestro, monocanal, 500-5000\u00b5l","og_url":"https:\/\/www.labopolis.com\/it\/prodotto\/pipetas-electronicas-capp-maestro\/","og_site_name":"Labopolis","article_publisher":"https:\/\/www.facebook.com\/profile.php?id=100063251679439","article_modified_time":"2024-02-02T18:02:33+00:00","og_image":[{"width":386,"height":768,"url":"https:\/\/www.labopolis.com\/wp-content\/uploads\/2023\/07\/CappMaestro.jpg","type":"image\/jpeg"}],"twitter_card":"summary_large_image","twitter_site":"@Labopolis","twitter_misc":{"Tempo di lettura stimato":"1 minuto"},"schema":{"@context":"https:\/\/schema.org","@graph":[{"@type":"WebPage","@id":"https:\/\/www.labopolis.com\/producto\/pipetas-electronicas-capp-maestro\/","url":"https:\/\/www.labopolis.com\/producto\/pipetas-electronicas-capp-maestro\/","name":"Pipette Elettroniche - Capp Maestro - Labopolis","isPartOf":{"@id":"https:\/\/www.labopolis.com\/#website"},"primaryImageOfPage":{"@id":"https:\/\/www.labopolis.com\/producto\/pipetas-electronicas-capp-maestro\/#primaryimage"},"image":{"@id":"https:\/\/www.labopolis.com\/producto\/pipetas-electronicas-capp-maestro\/#primaryimage"},"thumbnailUrl":"https:\/\/www.labopolis.com\/wp-content\/uploads\/2023\/07\/CappMaestro.jpg","datePublished":"2023-07-10T11:39:17+00:00","dateModified":"2024-02-02T18:02:33+00:00","description":"Pipette elettroniche - Capp Maestro\nRiferimento Descrizione\nM10-1 Pipetta elettronica Capp Maestro, monocanale, 0,2-10\u00b5l\nM100-1 Pipetta elettronica Capp Maestro, monocanale, 5-100\u00b5l\nM200-1 Pipetta elettronica Capp Maestro, monocanale, 10-200\u00b5l\nM1000-1 Pipetta elettronica Capp Maestro, monocanale, 50-1000\u00b5l\nM5000-1 Pipetta elettronica Capp Maestro, monocanale, 500-5000\u00b5l","breadcrumb":{"@id":"https:\/\/www.labopolis.com\/producto\/pipetas-electronicas-capp-maestro\/#breadcrumb"},"inLanguage":"it-IT","potentialAction":[{"@type":"ReadAction","target":["https:\/\/www.labopolis.com\/producto\/pipetas-electronicas-capp-maestro\/"]}]},{"@type":"ImageObject","inLanguage":"it-IT","@id":"https:\/\/www.labopolis.com\/producto\/pipetas-electronicas-capp-maestro\/#primaryimage","url":"https:\/\/www.labopolis.com\/wp-content\/uploads\/2023\/07\/CappMaestro.jpg","contentUrl":"https:\/\/www.labopolis.com\/wp-content\/uploads\/2023\/07\/CappMaestro.jpg","width":386,"height":768,"caption":"Producto"},{"@type":"BreadcrumbList","@id":"https:\/\/www.labopolis.com\/producto\/pipetas-electronicas-capp-maestro\/#breadcrumb","itemListElement":[{"@type":"ListItem","position":1,"name":"Portada","item":"https:\/\/www.labopolis.com\/"},{"@type":"ListItem","position":2,"name":"Productos","item":"https:\/\/www.labopolis.com\/shop\/"},{"@type":"ListItem","position":3,"name":"Pipetas Electr\u00f3nicas &#8211; Capp Maestro"}]},{"@type":"WebSite","@id":"https:\/\/www.labopolis.com\/#website","url":"https:\/\/www.labopolis.com\/","name":"Labopolis","description":"","potentialAction":[{"@type":"SearchAction","target":{"@type":"EntryPoint","urlTemplate":"https:\/\/www.labopolis.com\/?s={search_term_string}"},"query-input":{"@type":"PropertyValueSpecification","valueRequired":true,"valueName":"search_term_string"}}],"inLanguage":"it-IT"}]}},"_links":{"self":[{"href":"https:\/\/www.labopolis.com\/it\/wp-json\/wp\/v2\/product\/2459","targetHints":{"allow":["GET"]}}],"collection":[{"href":"https:\/\/www.labopolis.com\/it\/wp-json\/wp\/v2\/product"}],"about":[{"href":"https:\/\/www.labopolis.com\/it\/wp-json\/wp\/v2\/types\/product"}],"replies":[{"embeddable":true,"href":"https:\/\/www.labopolis.com\/it\/wp-json\/wp\/v2\/comments?post=2459"}],"wp:featuredmedia":[{"embeddable":true,"href":"https:\/\/www.labopolis.com\/it\/wp-json\/wp\/v2\/media\/2474"}],"wp:attachment":[{"href":"https:\/\/www.labopolis.com\/it\/wp-json\/wp\/v2\/media?parent=2459"}],"wp:term":[{"taxonomy":"product_brand","embeddable":true,"href":"https:\/\/www.labopolis.com\/it\/wp-json\/wp\/v2\/product_brand?post=2459"},{"taxonomy":"product_cat","embeddable":true,"href":"https:\/\/www.labopolis.com\/it\/wp-json\/wp\/v2\/product_cat?post=2459"},{"taxonomy":"product_tag","embeddable":true,"href":"https:\/\/www.labopolis.com\/it\/wp-json\/wp\/v2\/product_tag?post=2459"}],"curies":[{"name":"wp","href":"https:\/\/api.w.org\/{rel}","templated":true}]}}