{"id":2154,"date":"2023-07-10T11:37:30","date_gmt":"2023-07-10T11:37:30","guid":{"rendered":"https:\/\/www.labopolis.com\/?post_type=product&#038;p=2154"},"modified":"2025-03-10T11:14:19","modified_gmt":"2025-03-10T11:14:19","slug":"ultracongelador-vertical-86oc","status":"publish","type":"product","link":"https:\/\/www.labopolis.com\/it\/prodotto\/ultracongelador-vertical-86oc\/","title":{"rendered":"Ultra congelatore verticale -86\u00baC"},"content":{"rendered":"<p><strong>Ultracongelatori verticali da -40 a -86\u00baC<\/strong><\/p>\n<table class=\"shop_attributes\">\n<tbody>\n<tr>\n<th style=\"text-align: left;\">RIFERIMENTI<\/th>\n<td style=\"text-align: center;\">ULT11086<\/td>\n<td style=\"text-align: center;\">ULT40086<\/td>\n<td style=\"text-align: center;\">ULT50086<\/td>\n<td style=\"text-align: center;\">ULT70086<\/td>\n<td style=\"text-align: center;\">ULT80086<\/td>\n<\/tr>\n<tr>\n<th style=\"text-align: left;\">INTERVALLO DI TEMPERATURA<\/th>\n<td style=\"text-align: center;\">-40\u00ba \/ -86\u00ba.<\/td>\n<td style=\"text-align: center;\">-40\u00ba \/ -86\u00ba.<\/td>\n<td style=\"text-align: center;\">-40\u00ba \/ -86\u00ba.<\/td>\n<td style=\"text-align: center;\">-40\u00ba \/ -86\u00ba.<\/td>\n<td style=\"text-align: center;\">-40\u00ba \/ -86\u00ba.<\/td>\n<\/tr>\n<tr>\n<th style=\"text-align: left;\">CAPACIT\u00c0 NOMINALE (LITRI)<\/th>\n<td style=\"text-align: center;\">110<\/td>\n<td style=\"text-align: center;\">400<\/td>\n<td style=\"text-align: center;\">500<\/td>\n<td style=\"text-align: center;\">700<\/td>\n<td style=\"text-align: center;\">800<\/td>\n<\/tr>\n<tr>\n<th style=\"text-align: left;\">DIMENSIONI ESTERNE (MM.)<\/th>\n<td style=\"text-align: center;\">1092 x 827 x 827<\/td>\n<td style=\"text-align: center;\">793 x 915 x 1986<\/td>\n<td style=\"text-align: center;\">944 x 915 x 1986<\/td>\n<td style=\"text-align: center;\">1224 x 915 x 1986<\/td>\n<td style=\"text-align: center;\">1376 x 953 x 1986<\/td>\n<\/tr>\n<tr>\n<th style=\"text-align: left;\">DIMENSIONI INTERNE (MM.)<\/th>\n<td style=\"text-align: center;\">490 x 481 x 530<\/td>\n<td style=\"text-align: center;\">490 x 650 x 1300<\/td>\n<td style=\"text-align: center;\">640 x 650 x 1300<\/td>\n<td style=\"text-align: center;\">920 x 650 x 1300<\/td>\n<td style=\"text-align: center;\">1022 x 628 x 1300<\/td>\n<\/tr>\n<tr>\n<th style=\"text-align: left;\">DISTANZA DALLA PORTA (MM)<\/th>\n<td style=\"text-align: center;\">517 x 5277<\/td>\n<td style=\"text-align: center;\">490 x 1297<\/td>\n<td style=\"text-align: center;\">640 x 1297<\/td>\n<td style=\"text-align: center;\">920 x 1297<\/td>\n<td style=\"text-align: center;\">1048 x 1302<\/td>\n<\/tr>\n<tr>\n<th style=\"text-align: left;\">SPESSORE DELL'ISOLAMENTO (MM.)<\/th>\n<td style=\"text-align: center;\">120 + VIP<\/td>\n<td style=\"text-align: center;\">120 + VIP<\/td>\n<td style=\"text-align: center;\">120 + VIP<\/td>\n<td style=\"text-align: center;\">120 + VIP<\/td>\n<td style=\"text-align: center;\">120 + VIP<\/td>\n<\/tr>\n<tr>\n<th style=\"text-align: left;\">FINITURA ESTERNA<\/th>\n<td style=\"text-align: center;\">Acciaio zincato plastificato bianco<\/td>\n<td style=\"text-align: center;\">Acciaio zincato plastificato bianco<\/td>\n<td style=\"text-align: center;\">Acciaio zincato plastificato bianco<\/td>\n<td style=\"text-align: center;\">Acciaio zincato plastificato bianco<\/td>\n<td style=\"text-align: center;\">Acciaio zincato plastificato bianco<\/td>\n<\/tr>\n<tr>\n<th style=\"text-align: left;\">FINITURA INTERNA<\/th>\n<td style=\"text-align: center;\">Acciaio inox<\/td>\n<td style=\"text-align: center;\">Acciaio inox<\/td>\n<td style=\"text-align: center;\">Acciaio inox<\/td>\n<td style=\"text-align: center;\">Acciaio inox<\/td>\n<td style=\"text-align: center;\">Acciaio inox<\/td>\n<\/tr>\n<tr>\n<th style=\"text-align: left;\">N\u00ba ESTANTES<\/th>\n<td style=\"text-align: center;\">1<\/td>\n<td style=\"text-align: center;\">3<\/td>\n<td style=\"text-align: center;\">3<\/td>\n<td style=\"text-align: center;\">3<\/td>\n<td style=\"text-align: center;\">3<\/td>\n<\/tr>\n<tr>\n<th style=\"text-align: left;\">N. LIVELLI<\/th>\n<td style=\"text-align: center;\">2<\/td>\n<td style=\"text-align: center;\">4<\/td>\n<td style=\"text-align: center;\">4<\/td>\n<td style=\"text-align: center;\">4<\/td>\n<td style=\"text-align: center;\">4<\/td>\n<\/tr>\n<tr>\n<th style=\"text-align: left;\">SCAFFALI PER MATERIALI<\/th>\n<td style=\"text-align: center;\">Acciaio inox<\/td>\n<td style=\"text-align: center;\">Acciaio inox<\/td>\n<td style=\"text-align: center;\">Acciaio inox<\/td>\n<td style=\"text-align: center;\">Acciaio inox<\/td>\n<td style=\"text-align: center;\">Acciaio inox<\/td>\n<\/tr>\n<tr>\n<th style=\"text-align: left;\">TIPO DI PORTA<\/th>\n<td style=\"text-align: center;\">Cieco<\/td>\n<td style=\"text-align: center;\">Cieco<\/td>\n<td style=\"text-align: center;\">Cieco<\/td>\n<td style=\"text-align: center;\">Cieco<\/td>\n<td style=\"text-align: center;\">Cieco<\/td>\n<\/tr>\n<tr>\n<th style=\"text-align: left;\">BLOCCO<\/th>\n<td style=\"text-align: center;\">S\u00ec<\/td>\n<td style=\"text-align: center;\">S\u00ec<\/td>\n<td style=\"text-align: center;\">S\u00ec<\/td>\n<td style=\"text-align: center;\">S\u00ec<\/td>\n<td style=\"text-align: center;\">S\u00ec<\/td>\n<\/tr>\n<tr>\n<th style=\"text-align: left;\">USCITA USB<\/th>\n<td style=\"text-align: center;\">S\u00ec<\/td>\n<td style=\"text-align: center;\">S\u00ec<\/td>\n<td style=\"text-align: center;\">S\u00ec<\/td>\n<td style=\"text-align: center;\">S\u00ec<\/td>\n<td style=\"text-align: center;\">S\u00ec<\/td>\n<\/tr>\n<tr>\n<th style=\"text-align: left;\">DATALOGGER<\/th>\n<td style=\"text-align: center;\">S\u00ec<\/td>\n<td style=\"text-align: center;\">S\u00ec<\/td>\n<td style=\"text-align: center;\">S\u00ec<\/td>\n<td style=\"text-align: center;\">S\u00ec<\/td>\n<td style=\"text-align: center;\">S\u00ec<\/td>\n<\/tr>\n<tr>\n<th style=\"text-align: left;\">BATTERIA<\/th>\n<td style=\"text-align: center;\">S\u00ec<\/td>\n<td style=\"text-align: center;\">S\u00ec<\/td>\n<td style=\"text-align: center;\">S\u00ec<\/td>\n<td style=\"text-align: center;\">S\u00ec<\/td>\n<td style=\"text-align: center;\">S\u00ec<\/td>\n<\/tr>\n<tr>\n<th style=\"text-align: left;\">SONDA DI SIMULAZIONE DEL PRODOTTO<\/th>\n<td style=\"text-align: center;\">No<\/td>\n<td style=\"text-align: center;\">No<\/td>\n<td style=\"text-align: center;\">No<\/td>\n<td style=\"text-align: center;\">No<\/td>\n<td style=\"text-align: center;\">No<\/td>\n<\/tr>\n<tr>\n<th style=\"text-align: left;\">SONDA DI TEMPERATURA AMBIENTE<\/th>\n<td style=\"text-align: center;\">S\u00ec<\/td>\n<td style=\"text-align: center;\">S\u00ec<\/td>\n<td style=\"text-align: center;\">S\u00ec<\/td>\n<td style=\"text-align: center;\">S\u00ec<\/td>\n<td style=\"text-align: center;\">S\u00ec<\/td>\n<\/tr>\n<tr>\n<th style=\"text-align: left;\">TIPO DI CONTROLLORE<\/th>\n<td style=\"text-align: center;\">Digitale Plus<\/td>\n<td style=\"text-align: center;\">Digitale Plus<\/td>\n<td style=\"text-align: center;\">Digitale Plus<\/td>\n<td style=\"text-align: center;\">Digitale Plus<\/td>\n<td style=\"text-align: center;\">Digitale Plus<\/td>\n<\/tr>\n<tr>\n<th style=\"text-align: left;\">TIPO DI REFRIGERANTE<\/th>\n<td style=\"text-align: center;\">HC<\/td>\n<td style=\"text-align: center;\">HC<\/td>\n<td style=\"text-align: center;\">HC<\/td>\n<td style=\"text-align: center;\">HC<\/td>\n<td style=\"text-align: center;\">HC<\/td>\n<\/tr>\n<tr>\n<th style=\"text-align: left;\">POTENZA ELETTRICA (W)<\/th>\n<td style=\"text-align: center;\">723<\/td>\n<td style=\"text-align: center;\">1290<\/td>\n<td style=\"text-align: center;\">1420<\/td>\n<td style=\"text-align: center;\">1420<\/td>\n<td style=\"text-align: center;\">1420<\/td>\n<\/tr>\n<tr>\n<th style=\"text-align: left;\">TENSIONE \/ FREQUENZA (V\/HZ)<\/th>\n<td style=\"text-align: center;\">230 \/ 50<\/td>\n<td style=\"text-align: center;\">230 \/ 50<\/td>\n<td style=\"text-align: center;\">230 \/ 50<\/td>\n<td style=\"text-align: center;\">230 \/ 50<\/td>\n<td style=\"text-align: center;\">230 \/ 50<\/td>\n<\/tr>\n<tr>\n<th style=\"text-align: left;\">PESO (KG)<\/th>\n<td style=\"text-align: center;\">125<\/td>\n<td style=\"text-align: center;\">224<\/td>\n<td style=\"text-align: center;\">253<\/td>\n<td style=\"text-align: center;\">311<\/td>\n<td style=\"text-align: center;\">311<\/td>\n<\/tr>\n<\/tbody>\n<\/table>","protected":false},"excerpt":{"rendered":"<p>Ultracongelatori verticali da -40 a -86\u00baC<br \/>\nI surgelatori da -40 a -86\u00baC offrono un'elevata affidabilit\u00e0, facilit\u00e0 d'uso e sono appositamente progettati per l'uso in laboratorio. Mantengono una temperatura interna omogenea, incorporando una serie di miglioramenti per garantire la qualit\u00e0 dei prodotti conservati. L'apparecchiatura viene consegnata completamente programmata con l'intervallo di temperatura e gli allarmi, quindi l'utente deve solo collegarla alla rete elettrica per iniziare a usarla.<\/p>\n<table class=\"shop_attributes\">\n<tbody>\n<tr>\n<th style=\"text-align: left;\">RIFERIMENTI<\/th>\n<td style=\"text-align: center;\">ULT11086<\/td>\n<td style=\"text-align: center;\">ULT40086<\/td>\n<td style=\"text-align: center;\">ULT50086<\/td>\n<td style=\"text-align: center;\">ULT70086<\/td>\n<td style=\"text-align: center;\">ULT80086<\/td>\n<\/tr>\n<tr>\n<th style=\"text-align: left;\">INTERVALLO DI TEMPERATURA<\/th>\n<td style=\"text-align: center;\">-40\u00ba \/ -86\u00ba.<\/td>\n<td style=\"text-align: center;\">-40\u00ba \/ -86\u00ba.<\/td>\n<td style=\"text-align: center;\">-40\u00ba \/ -86\u00ba.<\/td>\n<td style=\"text-align: center;\">-40\u00ba \/ -86\u00ba.<\/td>\n<td style=\"text-align: center;\">-40\u00ba \/ -86\u00ba.<\/td>\n<\/tr>\n<tr>\n<th style=\"text-align: left;\">CAPACIT\u00c0 NOMINALE (LITRI)<\/th>\n<td style=\"text-align: center;\">110<\/td>\n<td style=\"text-align: center;\">400<\/td>\n<td style=\"text-align: center;\">500<\/td>\n<td style=\"text-align: center;\">700<\/td>\n<td style=\"text-align: center;\">800<\/td>\n<\/tr>\n<\/tbody>\n<\/table>","protected":false},"featured_media":2169,"comment_status":"open","ping_status":"closed","template":"","meta":[],"product_brand":[],"product_cat":[145,23],"product_tag":[],"class_list":{"0":"post-2154","1":"product","2":"type-product","3":"status-publish","4":"has-post-thumbnail","6":"product_cat-congeladores","7":"product_cat-laboratorio","9":"first","10":"instock","11":"taxable","12":"shipping-taxable","13":"purchasable","14":"product-type-variable"},"yoast_head":"<!-- This site is optimized with the Yoast SEO plugin v27.2 - https:\/\/yoast.com\/product\/yoast-seo-wordpress\/ -->\n<title>Ultracongelador Vertical -86\u00baC - Labopolis<\/title>\n<meta name=\"description\" content=\"Ultracongeladores Verticales de -40 a -86\u00baC Los ultracongeladores de -40 a -86\u00baC ofrecen gran confiabilidad, facilidad de uso y est\u00e1n especialmente dise\u00f1ados para su uso en laboratorio. Mantienen una temperatura interna homog\u00e9nea, para lo que incorporan una serie de mejoras tendentes a asegurar la calidad de los productos conservados. El equipo se entrega totalmente programado con el rango de temperatura y alarmas, por lo que el usuario solo tiene que conectarlo a la corriente el\u00e9ctrica para comenzar a usarlo.    REFERENCIAS ULT11086 ULT40086 ULT50086 ULT70086 ULT80086   RANGO TEMPERATURA -40\u00ba \/ -86\u00ba -40\u00ba \/ -86\u00ba -40\u00ba \/ -86\u00ba -40\u00ba \/ -86\u00ba -40\u00ba \/ -86\u00ba   CAPACIDAD NOMINAL (LITROS) 110 400 500 700 800\" \/>\n<meta name=\"robots\" content=\"index, follow, max-snippet:-1, max-image-preview:large, max-video-preview:-1\" \/>\n<link rel=\"canonical\" href=\"https:\/\/www.labopolis.com\/it\/prodotto\/ultracongelador-vertical-86oc\/\" \/>\n<meta property=\"og:locale\" content=\"it_IT\" \/>\n<meta property=\"og:type\" content=\"article\" \/>\n<meta property=\"og:title\" content=\"Ultracongelador Vertical -86\u00baC - Labopolis\" \/>\n<meta property=\"og:description\" content=\"Ultracongeladores Verticales de -40 a -86\u00baC Los ultracongeladores de -40 a -86\u00baC ofrecen gran confiabilidad, facilidad de uso y est\u00e1n especialmente dise\u00f1ados para su uso en laboratorio. Mantienen una temperatura interna homog\u00e9nea, para lo que incorporan una serie de mejoras tendentes a asegurar la calidad de los productos conservados. El equipo se entrega totalmente programado con el rango de temperatura y alarmas, por lo que el usuario solo tiene que conectarlo a la corriente el\u00e9ctrica para comenzar a usarlo.    REFERENCIAS ULT11086 ULT40086 ULT50086 ULT70086 ULT80086   RANGO TEMPERATURA -40\u00ba \/ -86\u00ba -40\u00ba \/ -86\u00ba -40\u00ba \/ -86\u00ba -40\u00ba \/ -86\u00ba -40\u00ba \/ -86\u00ba   CAPACIDAD NOMINAL (LITROS) 110 400 500 700 800\" \/>\n<meta property=\"og:url\" content=\"https:\/\/www.labopolis.com\/it\/prodotto\/ultracongelador-vertical-86oc\/\" \/>\n<meta property=\"og:site_name\" content=\"Labopolis\" \/>\n<meta property=\"article:publisher\" content=\"https:\/\/www.facebook.com\/profile.php?id=100063251679439\" \/>\n<meta property=\"article:modified_time\" content=\"2025-03-10T11:14:19+00:00\" \/>\n<meta property=\"og:image\" content=\"https:\/\/www.labopolis.com\/wp-content\/uploads\/2023\/07\/ULF70086.jpg\" \/>\n\t<meta property=\"og:image:width\" content=\"800\" \/>\n\t<meta property=\"og:image:height\" content=\"800\" \/>\n\t<meta property=\"og:image:type\" content=\"image\/jpeg\" \/>\n<meta name=\"twitter:card\" content=\"summary_large_image\" \/>\n<meta name=\"twitter:site\" content=\"@Labopolis\" \/>\n<meta name=\"twitter:label1\" content=\"Tempo di lettura stimato\" \/>\n\t<meta name=\"twitter:data1\" content=\"2 minuti\" \/>\n<script type=\"application\/ld+json\" class=\"yoast-schema-graph\">{\"@context\":\"https:\/\/schema.org\",\"@graph\":[{\"@type\":\"WebPage\",\"@id\":\"https:\/\/www.labopolis.com\/producto\/ultracongelador-vertical-86oc\/\",\"url\":\"https:\/\/www.labopolis.com\/producto\/ultracongelador-vertical-86oc\/\",\"name\":\"Ultracongelador Vertical -86\u00baC - Labopolis\",\"isPartOf\":{\"@id\":\"https:\/\/www.labopolis.com\/#website\"},\"primaryImageOfPage\":{\"@id\":\"https:\/\/www.labopolis.com\/producto\/ultracongelador-vertical-86oc\/#primaryimage\"},\"image\":{\"@id\":\"https:\/\/www.labopolis.com\/producto\/ultracongelador-vertical-86oc\/#primaryimage\"},\"thumbnailUrl\":\"https:\/\/www.labopolis.com\/wp-content\/uploads\/2023\/07\/ULF70086.jpg\",\"datePublished\":\"2023-07-10T11:37:30+00:00\",\"dateModified\":\"2025-03-10T11:14:19+00:00\",\"description\":\"Ultracongeladores Verticales de -40 a -86\u00baC Los ultracongeladores de -40 a -86\u00baC ofrecen gran confiabilidad, facilidad de uso y est\u00e1n especialmente dise\u00f1ados para su uso en laboratorio. Mantienen una temperatura interna homog\u00e9nea, para lo que incorporan una serie de mejoras tendentes a asegurar la calidad de los productos conservados. El equipo se entrega totalmente programado con el rango de temperatura y alarmas, por lo que el usuario solo tiene que conectarlo a la corriente el\u00e9ctrica para comenzar a usarlo. REFERENCIAS ULT11086 ULT40086 ULT50086 ULT70086 ULT80086 RANGO TEMPERATURA -40\u00ba \/ -86\u00ba -40\u00ba \/ -86\u00ba -40\u00ba \/ -86\u00ba -40\u00ba \/ -86\u00ba -40\u00ba \/ -86\u00ba CAPACIDAD NOMINAL (LITROS) 110 400 500 700 800\",\"breadcrumb\":{\"@id\":\"https:\/\/www.labopolis.com\/producto\/ultracongelador-vertical-86oc\/#breadcrumb\"},\"inLanguage\":\"it-IT\",\"potentialAction\":[{\"@type\":\"ReadAction\",\"target\":[\"https:\/\/www.labopolis.com\/producto\/ultracongelador-vertical-86oc\/\"]}]},{\"@type\":\"ImageObject\",\"inLanguage\":\"it-IT\",\"@id\":\"https:\/\/www.labopolis.com\/producto\/ultracongelador-vertical-86oc\/#primaryimage\",\"url\":\"https:\/\/www.labopolis.com\/wp-content\/uploads\/2023\/07\/ULF70086.jpg\",\"contentUrl\":\"https:\/\/www.labopolis.com\/wp-content\/uploads\/2023\/07\/ULF70086.jpg\",\"width\":800,\"height\":800,\"caption\":\"Producto\"},{\"@type\":\"BreadcrumbList\",\"@id\":\"https:\/\/www.labopolis.com\/producto\/ultracongelador-vertical-86oc\/#breadcrumb\",\"itemListElement\":[{\"@type\":\"ListItem\",\"position\":1,\"name\":\"Portada\",\"item\":\"https:\/\/www.labopolis.com\/\"},{\"@type\":\"ListItem\",\"position\":2,\"name\":\"Productos\",\"item\":\"https:\/\/www.labopolis.com\/shop\/\"},{\"@type\":\"ListItem\",\"position\":3,\"name\":\"Ultracongelador Vertical -86\u00baC\"}]},{\"@type\":\"WebSite\",\"@id\":\"https:\/\/www.labopolis.com\/#website\",\"url\":\"https:\/\/www.labopolis.com\/\",\"name\":\"Labopolis\",\"description\":\"\",\"potentialAction\":[{\"@type\":\"SearchAction\",\"target\":{\"@type\":\"EntryPoint\",\"urlTemplate\":\"https:\/\/www.labopolis.com\/?s={search_term_string}\"},\"query-input\":{\"@type\":\"PropertyValueSpecification\",\"valueRequired\":true,\"valueName\":\"search_term_string\"}}],\"inLanguage\":\"it-IT\"}]}<\/script>\n<!-- \/ Yoast SEO plugin. -->","yoast_head_json":{"title":"Ultracongelador Vertical -86\u00baC - Labopolis","description":"Ultracongeladores Verticales de -40 a -86\u00baC Los ultracongeladores de -40 a -86\u00baC ofrecen gran confiabilidad, facilidad de uso y est\u00e1n especialmente dise\u00f1ados para su uso en laboratorio. Mantienen una temperatura interna homog\u00e9nea, para lo que incorporan una serie de mejoras tendentes a asegurar la calidad de los productos conservados. El equipo se entrega totalmente programado con el rango de temperatura y alarmas, por lo que el usuario solo tiene que conectarlo a la corriente el\u00e9ctrica para comenzar a usarlo.    REFERENCIAS ULT11086 ULT40086 ULT50086 ULT70086 ULT80086   RANGO TEMPERATURA -40\u00ba \/ -86\u00ba -40\u00ba \/ -86\u00ba -40\u00ba \/ -86\u00ba -40\u00ba \/ -86\u00ba -40\u00ba \/ -86\u00ba   CAPACIDAD NOMINAL (LITROS) 110 400 500 700 800","robots":{"index":"index","follow":"follow","max-snippet":"max-snippet:-1","max-image-preview":"max-image-preview:large","max-video-preview":"max-video-preview:-1"},"canonical":"https:\/\/www.labopolis.com\/it\/prodotto\/ultracongelador-vertical-86oc\/","og_locale":"it_IT","og_type":"article","og_title":"Ultracongelador Vertical -86\u00baC - Labopolis","og_description":"Ultracongeladores Verticales de -40 a -86\u00baC Los ultracongeladores de -40 a -86\u00baC ofrecen gran confiabilidad, facilidad de uso y est\u00e1n especialmente dise\u00f1ados para su uso en laboratorio. Mantienen una temperatura interna homog\u00e9nea, para lo que incorporan una serie de mejoras tendentes a asegurar la calidad de los productos conservados. El equipo se entrega totalmente programado con el rango de temperatura y alarmas, por lo que el usuario solo tiene que conectarlo a la corriente el\u00e9ctrica para comenzar a usarlo.    REFERENCIAS ULT11086 ULT40086 ULT50086 ULT70086 ULT80086   RANGO TEMPERATURA -40\u00ba \/ -86\u00ba -40\u00ba \/ -86\u00ba -40\u00ba \/ -86\u00ba -40\u00ba \/ -86\u00ba -40\u00ba \/ -86\u00ba   CAPACIDAD NOMINAL (LITROS) 110 400 500 700 800","og_url":"https:\/\/www.labopolis.com\/it\/prodotto\/ultracongelador-vertical-86oc\/","og_site_name":"Labopolis","article_publisher":"https:\/\/www.facebook.com\/profile.php?id=100063251679439","article_modified_time":"2025-03-10T11:14:19+00:00","og_image":[{"width":800,"height":800,"url":"https:\/\/www.labopolis.com\/wp-content\/uploads\/2023\/07\/ULF70086.jpg","type":"image\/jpeg"}],"twitter_card":"summary_large_image","twitter_site":"@Labopolis","twitter_misc":{"Tempo di lettura stimato":"2 minuti"},"schema":{"@context":"https:\/\/schema.org","@graph":[{"@type":"WebPage","@id":"https:\/\/www.labopolis.com\/producto\/ultracongelador-vertical-86oc\/","url":"https:\/\/www.labopolis.com\/producto\/ultracongelador-vertical-86oc\/","name":"Ultracongelador Vertical -86\u00baC - Labopolis","isPartOf":{"@id":"https:\/\/www.labopolis.com\/#website"},"primaryImageOfPage":{"@id":"https:\/\/www.labopolis.com\/producto\/ultracongelador-vertical-86oc\/#primaryimage"},"image":{"@id":"https:\/\/www.labopolis.com\/producto\/ultracongelador-vertical-86oc\/#primaryimage"},"thumbnailUrl":"https:\/\/www.labopolis.com\/wp-content\/uploads\/2023\/07\/ULF70086.jpg","datePublished":"2023-07-10T11:37:30+00:00","dateModified":"2025-03-10T11:14:19+00:00","description":"Ultracongeladores Verticales de -40 a -86\u00baC Los ultracongeladores de -40 a -86\u00baC ofrecen gran confiabilidad, facilidad de uso y est\u00e1n especialmente dise\u00f1ados para su uso en laboratorio. Mantienen una temperatura interna homog\u00e9nea, para lo que incorporan una serie de mejoras tendentes a asegurar la calidad de los productos conservados. El equipo se entrega totalmente programado con el rango de temperatura y alarmas, por lo que el usuario solo tiene que conectarlo a la corriente el\u00e9ctrica para comenzar a usarlo. REFERENCIAS ULT11086 ULT40086 ULT50086 ULT70086 ULT80086 RANGO TEMPERATURA -40\u00ba \/ -86\u00ba -40\u00ba \/ -86\u00ba -40\u00ba \/ -86\u00ba -40\u00ba \/ -86\u00ba -40\u00ba \/ -86\u00ba CAPACIDAD NOMINAL (LITROS) 110 400 500 700 800","breadcrumb":{"@id":"https:\/\/www.labopolis.com\/producto\/ultracongelador-vertical-86oc\/#breadcrumb"},"inLanguage":"it-IT","potentialAction":[{"@type":"ReadAction","target":["https:\/\/www.labopolis.com\/producto\/ultracongelador-vertical-86oc\/"]}]},{"@type":"ImageObject","inLanguage":"it-IT","@id":"https:\/\/www.labopolis.com\/producto\/ultracongelador-vertical-86oc\/#primaryimage","url":"https:\/\/www.labopolis.com\/wp-content\/uploads\/2023\/07\/ULF70086.jpg","contentUrl":"https:\/\/www.labopolis.com\/wp-content\/uploads\/2023\/07\/ULF70086.jpg","width":800,"height":800,"caption":"Producto"},{"@type":"BreadcrumbList","@id":"https:\/\/www.labopolis.com\/producto\/ultracongelador-vertical-86oc\/#breadcrumb","itemListElement":[{"@type":"ListItem","position":1,"name":"Portada","item":"https:\/\/www.labopolis.com\/"},{"@type":"ListItem","position":2,"name":"Productos","item":"https:\/\/www.labopolis.com\/shop\/"},{"@type":"ListItem","position":3,"name":"Ultracongelador Vertical -86\u00baC"}]},{"@type":"WebSite","@id":"https:\/\/www.labopolis.com\/#website","url":"https:\/\/www.labopolis.com\/","name":"Labopolis","description":"","potentialAction":[{"@type":"SearchAction","target":{"@type":"EntryPoint","urlTemplate":"https:\/\/www.labopolis.com\/?s={search_term_string}"},"query-input":{"@type":"PropertyValueSpecification","valueRequired":true,"valueName":"search_term_string"}}],"inLanguage":"it-IT"}]}},"_links":{"self":[{"href":"https:\/\/www.labopolis.com\/it\/wp-json\/wp\/v2\/product\/2154","targetHints":{"allow":["GET"]}}],"collection":[{"href":"https:\/\/www.labopolis.com\/it\/wp-json\/wp\/v2\/product"}],"about":[{"href":"https:\/\/www.labopolis.com\/it\/wp-json\/wp\/v2\/types\/product"}],"replies":[{"embeddable":true,"href":"https:\/\/www.labopolis.com\/it\/wp-json\/wp\/v2\/comments?post=2154"}],"wp:featuredmedia":[{"embeddable":true,"href":"https:\/\/www.labopolis.com\/it\/wp-json\/wp\/v2\/media\/2169"}],"wp:attachment":[{"href":"https:\/\/www.labopolis.com\/it\/wp-json\/wp\/v2\/media?parent=2154"}],"wp:term":[{"taxonomy":"product_brand","embeddable":true,"href":"https:\/\/www.labopolis.com\/it\/wp-json\/wp\/v2\/product_brand?post=2154"},{"taxonomy":"product_cat","embeddable":true,"href":"https:\/\/www.labopolis.com\/it\/wp-json\/wp\/v2\/product_cat?post=2154"},{"taxonomy":"product_tag","embeddable":true,"href":"https:\/\/www.labopolis.com\/it\/wp-json\/wp\/v2\/product_tag?post=2154"}],"curies":[{"name":"wp","href":"https:\/\/api.w.org\/{rel}","templated":true}]}}