{"id":14362,"date":"2025-02-25T12:41:12","date_gmt":"2025-02-25T12:41:12","guid":{"rendered":"https:\/\/www.labopolis.com\/?post_type=product&#038;p=14362"},"modified":"2026-02-05T10:49:13","modified_gmt":"2026-02-05T10:49:13","slug":"incubador-de-co2","status":"publish","type":"product","link":"https:\/\/www.labopolis.com\/it\/prodotto\/incubador-de-co2\/","title":{"rendered":"Incubatore a CO2"},"content":{"rendered":"<p>Il nuovo incubatore di\u00a0<strong>CO<sub>2<\/sub>\u00a0Incubatore<\/strong>\u00a0\"Direct Heat\", dotato di un ciclo di decontaminazione automatica, \u00e8 stato progettato per offrire un ambiente stabile e perfettamente adatto alla coltura di cellule e tessuti, tenendo conto delle esigenze pi\u00f9 sofisticate di chi lavora in questo campo, sia in coltura continua che in batch.<br \/>\n<strong>Cruma CO<sub>2<\/sub>\u00a0Incubatore<\/strong>\u00a0mantiene accuratamente la percentuale di CO<sub>2<\/sub>\u00a0preparazione, garantendo al contempo l'uniformit\u00e0 della temperatura e l'elevato livello di umidit\u00e0 necessario per la stabilit\u00e0 dell'ambiente richiesto per applicazioni particolarmente critiche, come le colture di FIV e di ibridomi.<\/p>\n<p>Ampia capacit\u00e0 interna di 188,6 litri, che si traduce in uno spazio utile effettivo di <strong>140 litri<\/strong>\u00a0(un valore che si traduce in un rapporto capacit\u00e0\/spazio effettivo che nessun altro concorrente \u00e8 in grado di offrire) grazie al particolare design del rack e al sistema a 4 ripiani che garantisce un ingombro di 0,23 m2 su ciascuno dei ripiani.<\/p>\n<p>L'accuratezza e la precisione della temperatura sono garantite da 4 elementi di riscaldamento diretto controllati e validati in modo indipendente, posizionati su tutti e 6 i lati della camera, in grado di misurare e controllare la temperatura con una deviazione standard di 0,1 gradi dal valore impostato. La percentuale di CO2 \u00e8 mantenuta con precisione da un sensore IR all'avanguardia.<\/p>\n<p>L'umidit\u00e0 viene mantenuta costante nel 95% per mezzo di una vaschetta in acciaio inox da 2,5 litri, riscaldata dall'elemento posto sul fondo. Inoltre, l'unit\u00e0 \u00e8 dotata di un ciclo di decontaminazione programmabile ''on demand'' che garantisce una sicurezza totale.<\/p>\n<p>Allarmi programmabili per parametri \"fuori gamma<br \/>\nAuto-reset per il ripristino delle condizioni della telecamera<br \/>\nDisplay alfanumerico di 2\u00d724 caratteri che indica la<br \/>\nmodalit\u00e0 di configurazione e informazioni di stato<br \/>\nTemperatura visualizzata in decimi di \u00b0C<br \/>\nTasti di impostazione dei parametri programmabili<br \/>\nTasti per lo scorrimento dei menu<br \/>\nValori di CO2 di % con incrementi di 0,1%.<\/p>","protected":false},"excerpt":{"rendered":"<p>Incubatore a CO2<\/p>\n<table class=\"easy-table easy-table-default\">\n<tbody>\n<tr>\n<td><strong>Modello<\/strong><\/td>\n<td><b>Incubatore a CO2<\/b><\/td>\n<\/tr>\n<tr>\n<td>Dimensioni interne (larghezza\/profondit\u00e0\/altezza)<\/td>\n<td>530x690x500<\/td>\n<\/tr>\n<tr>\n<td>Misure esterne (larghezza\/profondit\u00e0\/altezza)<\/td>\n<td>680x896x746<\/td>\n<\/tr>\n<tr>\n<td>Consumo totale di elettricit\u00e0<\/td>\n<td>1,5 Kw<\/td>\n<\/tr>\n<tr>\n<td>Periodi di tensione<\/td>\n<td>110-220 V \/ 50-60 Hz<\/td>\n<\/tr>\n<tr>\n<td>Peso<\/td>\n<td>102 Kg<\/td>\n<\/tr>\n<tr>\n<td>Volume della scatola<\/td>\n<td>0.89 m3<\/td>\n<\/tr>\n<tr>\n<td>Garanzia<\/td>\n<td>2 anni<\/td>\n<\/tr>\n<\/tbody>\n<\/table>","protected":false},"featured_media":14363,"comment_status":"open","ping_status":"closed","template":"","meta":[],"product_brand":[],"product_cat":[117,23],"product_tag":[],"class_list":{"0":"post-14362","1":"product","2":"type-product","3":"status-publish","4":"has-post-thumbnail","6":"product_cat-camaras-incubadoras","7":"product_cat-laboratorio","9":"first","10":"instock","11":"taxable","12":"shipping-taxable","13":"purchasable","14":"product-type-simple"},"yoast_head":"<!-- This site is optimized with the Yoast SEO plugin v27.2 - https:\/\/yoast.com\/product\/yoast-seo-wordpress\/ -->\n<title>Incubador de CO2 - Labopolis<\/title>\n<meta name=\"description\" content=\"C\u00e1mara incubadora refrigerada transparente (metacrilato Pexigl\u00e1s\u00ae) de sobremesa con puerta frontal, controlada por microprocesador.\" \/>\n<meta name=\"robots\" content=\"index, follow, max-snippet:-1, max-image-preview:large, max-video-preview:-1\" \/>\n<link rel=\"canonical\" href=\"https:\/\/www.labopolis.com\/it\/prodotto\/incubador-de-co2\/\" \/>\n<meta property=\"og:locale\" content=\"it_IT\" \/>\n<meta property=\"og:type\" content=\"article\" \/>\n<meta property=\"og:title\" content=\"Incubador de CO2 - Labopolis\" \/>\n<meta property=\"og:description\" content=\"C\u00e1mara incubadora refrigerada transparente (metacrilato Pexigl\u00e1s\u00ae) de sobremesa con puerta frontal, controlada por microprocesador.\" \/>\n<meta property=\"og:url\" content=\"https:\/\/www.labopolis.com\/it\/prodotto\/incubador-de-co2\/\" \/>\n<meta property=\"og:site_name\" content=\"Labopolis\" \/>\n<meta property=\"article:publisher\" content=\"https:\/\/www.facebook.com\/profile.php?id=100063251679439\" \/>\n<meta property=\"article:modified_time\" content=\"2026-02-05T10:49:13+00:00\" \/>\n<meta property=\"og:image\" content=\"https:\/\/www.labopolis.com\/wp-content\/uploads\/2025\/02\/INCUBADOR-CO2.png\" \/>\n\t<meta property=\"og:image:width\" content=\"701\" \/>\n\t<meta property=\"og:image:height\" content=\"927\" \/>\n\t<meta property=\"og:image:type\" content=\"image\/png\" \/>\n<meta name=\"twitter:card\" content=\"summary_large_image\" \/>\n<meta name=\"twitter:site\" content=\"@Labopolis\" \/>\n<meta name=\"twitter:label1\" content=\"Tempo di lettura stimato\" \/>\n\t<meta name=\"twitter:data1\" content=\"2 minuti\" \/>\n<script type=\"application\/ld+json\" class=\"yoast-schema-graph\">{\"@context\":\"https:\/\/schema.org\",\"@graph\":[{\"@type\":\"WebPage\",\"@id\":\"https:\/\/www.labopolis.com\/producto\/incubador-de-co2\/\",\"url\":\"https:\/\/www.labopolis.com\/producto\/incubador-de-co2\/\",\"name\":\"Incubador de CO2 - Labopolis\",\"isPartOf\":{\"@id\":\"https:\/\/www.labopolis.com\/#website\"},\"primaryImageOfPage\":{\"@id\":\"https:\/\/www.labopolis.com\/producto\/incubador-de-co2\/#primaryimage\"},\"image\":{\"@id\":\"https:\/\/www.labopolis.com\/producto\/incubador-de-co2\/#primaryimage\"},\"thumbnailUrl\":\"https:\/\/www.labopolis.com\/wp-content\/uploads\/2025\/02\/INCUBADOR-CO2.png\",\"datePublished\":\"2025-02-25T12:41:12+00:00\",\"dateModified\":\"2026-02-05T10:49:13+00:00\",\"description\":\"C\u00e1mara incubadora refrigerada transparente (metacrilato Pexigl\u00e1s\u00ae) de sobremesa con puerta frontal, controlada por microprocesador.\",\"breadcrumb\":{\"@id\":\"https:\/\/www.labopolis.com\/producto\/incubador-de-co2\/#breadcrumb\"},\"inLanguage\":\"it-IT\",\"potentialAction\":[{\"@type\":\"ReadAction\",\"target\":[\"https:\/\/www.labopolis.com\/producto\/incubador-de-co2\/\"]}]},{\"@type\":\"ImageObject\",\"inLanguage\":\"it-IT\",\"@id\":\"https:\/\/www.labopolis.com\/producto\/incubador-de-co2\/#primaryimage\",\"url\":\"https:\/\/www.labopolis.com\/wp-content\/uploads\/2025\/02\/INCUBADOR-CO2.png\",\"contentUrl\":\"https:\/\/www.labopolis.com\/wp-content\/uploads\/2025\/02\/INCUBADOR-CO2.png\",\"width\":701,\"height\":927},{\"@type\":\"BreadcrumbList\",\"@id\":\"https:\/\/www.labopolis.com\/producto\/incubador-de-co2\/#breadcrumb\",\"itemListElement\":[{\"@type\":\"ListItem\",\"position\":1,\"name\":\"Portada\",\"item\":\"https:\/\/www.labopolis.com\/\"},{\"@type\":\"ListItem\",\"position\":2,\"name\":\"Productos\",\"item\":\"https:\/\/www.labopolis.com\/shop\/\"},{\"@type\":\"ListItem\",\"position\":3,\"name\":\"Incubador de CO2\"}]},{\"@type\":\"WebSite\",\"@id\":\"https:\/\/www.labopolis.com\/#website\",\"url\":\"https:\/\/www.labopolis.com\/\",\"name\":\"Labopolis\",\"description\":\"\",\"potentialAction\":[{\"@type\":\"SearchAction\",\"target\":{\"@type\":\"EntryPoint\",\"urlTemplate\":\"https:\/\/www.labopolis.com\/?s={search_term_string}\"},\"query-input\":{\"@type\":\"PropertyValueSpecification\",\"valueRequired\":true,\"valueName\":\"search_term_string\"}}],\"inLanguage\":\"it-IT\"}]}<\/script>\n<!-- \/ Yoast SEO plugin. -->","yoast_head_json":{"title":"Incubador de CO2 - Labopolis","description":"Camera di incubazione refrigerata trasparente (Pexiglas\u00ae metacrilato) con porta anteriore, controllata da microprocessore.","robots":{"index":"index","follow":"follow","max-snippet":"max-snippet:-1","max-image-preview":"max-image-preview:large","max-video-preview":"max-video-preview:-1"},"canonical":"https:\/\/www.labopolis.com\/it\/prodotto\/incubador-de-co2\/","og_locale":"it_IT","og_type":"article","og_title":"Incubador de CO2 - Labopolis","og_description":"C\u00e1mara incubadora refrigerada transparente (metacrilato Pexigl\u00e1s\u00ae) de sobremesa con puerta frontal, controlada por microprocesador.","og_url":"https:\/\/www.labopolis.com\/it\/prodotto\/incubador-de-co2\/","og_site_name":"Labopolis","article_publisher":"https:\/\/www.facebook.com\/profile.php?id=100063251679439","article_modified_time":"2026-02-05T10:49:13+00:00","og_image":[{"width":701,"height":927,"url":"https:\/\/www.labopolis.com\/wp-content\/uploads\/2025\/02\/INCUBADOR-CO2.png","type":"image\/png"}],"twitter_card":"summary_large_image","twitter_site":"@Labopolis","twitter_misc":{"Tempo di lettura stimato":"2 minuti"},"schema":{"@context":"https:\/\/schema.org","@graph":[{"@type":"WebPage","@id":"https:\/\/www.labopolis.com\/producto\/incubador-de-co2\/","url":"https:\/\/www.labopolis.com\/producto\/incubador-de-co2\/","name":"Incubador de CO2 - Labopolis","isPartOf":{"@id":"https:\/\/www.labopolis.com\/#website"},"primaryImageOfPage":{"@id":"https:\/\/www.labopolis.com\/producto\/incubador-de-co2\/#primaryimage"},"image":{"@id":"https:\/\/www.labopolis.com\/producto\/incubador-de-co2\/#primaryimage"},"thumbnailUrl":"https:\/\/www.labopolis.com\/wp-content\/uploads\/2025\/02\/INCUBADOR-CO2.png","datePublished":"2025-02-25T12:41:12+00:00","dateModified":"2026-02-05T10:49:13+00:00","description":"Camera di incubazione refrigerata trasparente (Pexiglas\u00ae metacrilato) con porta anteriore, controllata da microprocessore.","breadcrumb":{"@id":"https:\/\/www.labopolis.com\/producto\/incubador-de-co2\/#breadcrumb"},"inLanguage":"it-IT","potentialAction":[{"@type":"ReadAction","target":["https:\/\/www.labopolis.com\/producto\/incubador-de-co2\/"]}]},{"@type":"ImageObject","inLanguage":"it-IT","@id":"https:\/\/www.labopolis.com\/producto\/incubador-de-co2\/#primaryimage","url":"https:\/\/www.labopolis.com\/wp-content\/uploads\/2025\/02\/INCUBADOR-CO2.png","contentUrl":"https:\/\/www.labopolis.com\/wp-content\/uploads\/2025\/02\/INCUBADOR-CO2.png","width":701,"height":927},{"@type":"BreadcrumbList","@id":"https:\/\/www.labopolis.com\/producto\/incubador-de-co2\/#breadcrumb","itemListElement":[{"@type":"ListItem","position":1,"name":"Portada","item":"https:\/\/www.labopolis.com\/"},{"@type":"ListItem","position":2,"name":"Productos","item":"https:\/\/www.labopolis.com\/shop\/"},{"@type":"ListItem","position":3,"name":"Incubador de CO2"}]},{"@type":"WebSite","@id":"https:\/\/www.labopolis.com\/#website","url":"https:\/\/www.labopolis.com\/","name":"Labopolis","description":"","potentialAction":[{"@type":"SearchAction","target":{"@type":"EntryPoint","urlTemplate":"https:\/\/www.labopolis.com\/?s={search_term_string}"},"query-input":{"@type":"PropertyValueSpecification","valueRequired":true,"valueName":"search_term_string"}}],"inLanguage":"it-IT"}]}},"_links":{"self":[{"href":"https:\/\/www.labopolis.com\/it\/wp-json\/wp\/v2\/product\/14362","targetHints":{"allow":["GET"]}}],"collection":[{"href":"https:\/\/www.labopolis.com\/it\/wp-json\/wp\/v2\/product"}],"about":[{"href":"https:\/\/www.labopolis.com\/it\/wp-json\/wp\/v2\/types\/product"}],"replies":[{"embeddable":true,"href":"https:\/\/www.labopolis.com\/it\/wp-json\/wp\/v2\/comments?post=14362"}],"wp:featuredmedia":[{"embeddable":true,"href":"https:\/\/www.labopolis.com\/it\/wp-json\/wp\/v2\/media\/14363"}],"wp:attachment":[{"href":"https:\/\/www.labopolis.com\/it\/wp-json\/wp\/v2\/media?parent=14362"}],"wp:term":[{"taxonomy":"product_brand","embeddable":true,"href":"https:\/\/www.labopolis.com\/it\/wp-json\/wp\/v2\/product_brand?post=14362"},{"taxonomy":"product_cat","embeddable":true,"href":"https:\/\/www.labopolis.com\/it\/wp-json\/wp\/v2\/product_cat?post=14362"},{"taxonomy":"product_tag","embeddable":true,"href":"https:\/\/www.labopolis.com\/it\/wp-json\/wp\/v2\/product_tag?post=14362"}],"curies":[{"name":"wp","href":"https:\/\/api.w.org\/{rel}","templated":true}]}}