{"id":1413,"date":"2023-07-10T11:33:47","date_gmt":"2023-07-10T11:33:47","guid":{"rendered":"https:\/\/www.labopolis.com\/?post_type=product&#038;p=1413"},"modified":"2025-12-28T18:10:37","modified_gmt":"2025-12-28T18:10:37","slug":"placa-calefactora-digital-multiplaza-multiheat-d","status":"publish","type":"product","link":"https:\/\/www.labopolis.com\/it\/prodotto\/placa-calefactora-digital-multiplaza-multiheat-d\/","title":{"rendered":"MultiHeat D piastra digitale a pi\u00f9 posti"},"content":{"rendered":"<p>Piastra riscaldante digitale multiposto MultiHeat D per 3, 5 o 9 posti, con riscaldamento individuale, con un unico collegamento elettrico e funzionamento indipendente di ogni posto, per tutti i tipi di applicazioni, molto facile da usare.<br \/>\nLa temperatura \u00e8 controllata da un microprocessore, il che la rende altamente affidabile.<br \/>\nIndicazione dei parametri di ciascun quadrato mediante un display digitale LCD retroilluminato.<br \/>\nTastiera con pulsanti a membrana sensibili al tocco.<br \/>\nI parametri selezionati vengono mantenuti nella memoria del dispositivo anche quando questo \u00e8 spento.<br \/>\nMandrini in alluminio lucidato<\/p>","protected":false},"excerpt":{"rendered":"<p>MultiHeat D piastra digitale a pi\u00f9 posti<br \/>\nModello a 3 posizioni: PMH30E<br \/>\nModello a 5 posizioni: PMH50E<br \/>\nModello 9 posizioni: PMH90E<\/p>\n<p><strong><em><a class=\"ficha-tecnica-es\" href=\"https:\/\/www.labopolis.com\/wp-content\/uploads\/2015\/03\/MultiHeatDE-MH30E.pdf\" target=\"_blank\" rel=\"noopener\"><i class=\"fas fa-file-alt\"><\/i>\u00a0Scheda tecnica MultiHeatD-3 posizioni<br \/>\n<\/a><\/em><\/strong><br \/>\n<strong><em><a class=\"ficha-tecnica-es\" href=\"https:\/\/www.labopolis.com\/wp-content\/uploads\/2016\/01\/MultiHeatD.pdf\" target=\"_blank\" rel=\"noopener\"><i class=\"fas fa-file-alt\"><\/i>\u00a0Scheda tecnica MultiHeat D<\/a><\/em><\/strong><\/p>\n<p><strong><em><a class=\"ficha-tecnica-en\" href=\"https:\/\/www.labopolis.com\/wp-content\/uploads\/2024\/10\/MultiHeatD_PMH30E_EN.pdf\" target=\"_blank\" rel=\"noopener\"><i class=\"fas fa-file-alt\"><\/i>\u00a0Scheda tecnica MultiHeatD-3 posizioni<\/a><\/em><\/strong><\/p>\n<p><strong><em><a class=\"ficha-tecnica-en\" href=\"https:\/\/www.labopolis.com\/wp-content\/uploads\/2024\/10\/MultiHeatD_PMH30E_EN.pdf\" target=\"_blank\" rel=\"noopener\"><i class=\"fas fa-file-alt\"><\/i>\u00a0Scheda tecnica MultiHeat D<\/a><\/em><\/strong><\/p>\n<p>&nbsp;<\/p>","protected":false},"featured_media":1442,"comment_status":"open","ping_status":"closed","template":"","meta":[],"product_brand":[],"product_cat":[23,29],"product_tag":[],"class_list":{"0":"post-1413","1":"product","2":"type-product","3":"status-publish","4":"has-post-thumbnail","6":"product_cat-laboratorio","7":"product_cat-placas-calefactoras","9":"first","10":"instock","11":"taxable","12":"shipping-taxable","13":"purchasable","14":"product-type-variable"},"yoast_head":"<!-- This site is optimized with the Yoast SEO plugin v27.2 - https:\/\/yoast.com\/product\/yoast-seo-wordpress\/ -->\n<title>Placa calefactora digital multiplaza MultiHeat D - Labopolis<\/title>\n<meta name=\"description\" content=\"Placas calefactora de 3, 5 o 9 plazas, con calefacci\u00f3n individual, \u00a0con \u00fanica conexi\u00f3n el\u00e9ctrica y funcionamiento independiente de cada plaza,\" \/>\n<meta name=\"robots\" content=\"index, follow, max-snippet:-1, max-image-preview:large, max-video-preview:-1\" \/>\n<link rel=\"canonical\" href=\"https:\/\/www.labopolis.com\/it\/prodotto\/placa-calefactora-digital-multiplaza-multiheat-d\/\" \/>\n<meta property=\"og:locale\" content=\"it_IT\" \/>\n<meta property=\"og:type\" content=\"article\" \/>\n<meta property=\"og:title\" content=\"Placa calefactora digital multiplaza MultiHeat D - Labopolis\" \/>\n<meta property=\"og:description\" content=\"Placas calefactora de 3, 5 o 9 plazas, con calefacci\u00f3n individual, \u00a0con \u00fanica conexi\u00f3n el\u00e9ctrica y funcionamiento independiente de cada plaza,\" \/>\n<meta property=\"og:url\" content=\"https:\/\/www.labopolis.com\/it\/prodotto\/placa-calefactora-digital-multiplaza-multiheat-d\/\" \/>\n<meta property=\"og:site_name\" content=\"Labopolis\" \/>\n<meta property=\"article:publisher\" content=\"https:\/\/www.facebook.com\/profile.php?id=100063251679439\" \/>\n<meta property=\"article:modified_time\" content=\"2025-12-28T18:10:37+00:00\" \/>\n<meta property=\"og:image\" content=\"https:\/\/www.labopolis.com\/wp-content\/uploads\/2023\/07\/MultiHeatDE-3p.gif\" \/>\n\t<meta property=\"og:image:width\" content=\"483\" \/>\n\t<meta property=\"og:image:height\" content=\"386\" \/>\n\t<meta property=\"og:image:type\" content=\"image\/gif\" \/>\n<meta name=\"twitter:card\" content=\"summary_large_image\" \/>\n<meta name=\"twitter:site\" content=\"@Labopolis\" \/>\n<meta name=\"twitter:label1\" content=\"Tempo di lettura stimato\" \/>\n\t<meta name=\"twitter:data1\" content=\"1 minuto\" \/>\n<script type=\"application\/ld+json\" class=\"yoast-schema-graph\">{\"@context\":\"https:\/\/schema.org\",\"@graph\":[{\"@type\":\"WebPage\",\"@id\":\"https:\/\/www.labopolis.com\/producto\/placa-calefactora-digital-multiplaza-multiheat-d\/\",\"url\":\"https:\/\/www.labopolis.com\/producto\/placa-calefactora-digital-multiplaza-multiheat-d\/\",\"name\":\"Placa calefactora digital multiplaza MultiHeat D - Labopolis\",\"isPartOf\":{\"@id\":\"https:\/\/www.labopolis.com\/#website\"},\"primaryImageOfPage\":{\"@id\":\"https:\/\/www.labopolis.com\/producto\/placa-calefactora-digital-multiplaza-multiheat-d\/#primaryimage\"},\"image\":{\"@id\":\"https:\/\/www.labopolis.com\/producto\/placa-calefactora-digital-multiplaza-multiheat-d\/#primaryimage\"},\"thumbnailUrl\":\"https:\/\/www.labopolis.com\/wp-content\/uploads\/2023\/07\/MultiHeatDE-3p.gif\",\"datePublished\":\"2023-07-10T11:33:47+00:00\",\"dateModified\":\"2025-12-28T18:10:37+00:00\",\"description\":\"Placas calefactora de 3, 5 o 9 plazas, con calefacci\u00f3n individual, \u00a0con \u00fanica conexi\u00f3n el\u00e9ctrica y funcionamiento independiente de cada plaza,\",\"breadcrumb\":{\"@id\":\"https:\/\/www.labopolis.com\/producto\/placa-calefactora-digital-multiplaza-multiheat-d\/#breadcrumb\"},\"inLanguage\":\"it-IT\",\"potentialAction\":[{\"@type\":\"ReadAction\",\"target\":[\"https:\/\/www.labopolis.com\/producto\/placa-calefactora-digital-multiplaza-multiheat-d\/\"]}]},{\"@type\":\"ImageObject\",\"inLanguage\":\"it-IT\",\"@id\":\"https:\/\/www.labopolis.com\/producto\/placa-calefactora-digital-multiplaza-multiheat-d\/#primaryimage\",\"url\":\"https:\/\/www.labopolis.com\/wp-content\/uploads\/2023\/07\/MultiHeatDE-3p.gif\",\"contentUrl\":\"https:\/\/www.labopolis.com\/wp-content\/uploads\/2023\/07\/MultiHeatDE-3p.gif\",\"width\":483,\"height\":386,\"caption\":\"Producto\"},{\"@type\":\"BreadcrumbList\",\"@id\":\"https:\/\/www.labopolis.com\/producto\/placa-calefactora-digital-multiplaza-multiheat-d\/#breadcrumb\",\"itemListElement\":[{\"@type\":\"ListItem\",\"position\":1,\"name\":\"Portada\",\"item\":\"https:\/\/www.labopolis.com\/\"},{\"@type\":\"ListItem\",\"position\":2,\"name\":\"Productos\",\"item\":\"https:\/\/www.labopolis.com\/shop\/\"},{\"@type\":\"ListItem\",\"position\":3,\"name\":\"Placa calefactora digital multiplaza MultiHeat D\"}]},{\"@type\":\"WebSite\",\"@id\":\"https:\/\/www.labopolis.com\/#website\",\"url\":\"https:\/\/www.labopolis.com\/\",\"name\":\"Labopolis\",\"description\":\"\",\"potentialAction\":[{\"@type\":\"SearchAction\",\"target\":{\"@type\":\"EntryPoint\",\"urlTemplate\":\"https:\/\/www.labopolis.com\/?s={search_term_string}\"},\"query-input\":{\"@type\":\"PropertyValueSpecification\",\"valueRequired\":true,\"valueName\":\"search_term_string\"}}],\"inLanguage\":\"it-IT\"}]}<\/script>\n<!-- \/ Yoast SEO plugin. -->","yoast_head_json":{"title":"MultiHeat D piastra digitale a pi\u00f9 posti - Labopolis","description":"Piastre riscaldanti per 3, 5 o 9 posti, con riscaldamento individuale, con un unico collegamento elettrico e funzionamento indipendente per ogni posto,","robots":{"index":"index","follow":"follow","max-snippet":"max-snippet:-1","max-image-preview":"max-image-preview:large","max-video-preview":"max-video-preview:-1"},"canonical":"https:\/\/www.labopolis.com\/it\/prodotto\/placa-calefactora-digital-multiplaza-multiheat-d\/","og_locale":"it_IT","og_type":"article","og_title":"Placa calefactora digital multiplaza MultiHeat D - Labopolis","og_description":"Placas calefactora de 3, 5 o 9 plazas, con calefacci\u00f3n individual, \u00a0con \u00fanica conexi\u00f3n el\u00e9ctrica y funcionamiento independiente de cada plaza,","og_url":"https:\/\/www.labopolis.com\/it\/prodotto\/placa-calefactora-digital-multiplaza-multiheat-d\/","og_site_name":"Labopolis","article_publisher":"https:\/\/www.facebook.com\/profile.php?id=100063251679439","article_modified_time":"2025-12-28T18:10:37+00:00","og_image":[{"width":483,"height":386,"url":"https:\/\/www.labopolis.com\/wp-content\/uploads\/2023\/07\/MultiHeatDE-3p.gif","type":"image\/gif"}],"twitter_card":"summary_large_image","twitter_site":"@Labopolis","twitter_misc":{"Tempo di lettura stimato":"1 minuto"},"schema":{"@context":"https:\/\/schema.org","@graph":[{"@type":"WebPage","@id":"https:\/\/www.labopolis.com\/producto\/placa-calefactora-digital-multiplaza-multiheat-d\/","url":"https:\/\/www.labopolis.com\/producto\/placa-calefactora-digital-multiplaza-multiheat-d\/","name":"MultiHeat D piastra digitale a pi\u00f9 posti - Labopolis","isPartOf":{"@id":"https:\/\/www.labopolis.com\/#website"},"primaryImageOfPage":{"@id":"https:\/\/www.labopolis.com\/producto\/placa-calefactora-digital-multiplaza-multiheat-d\/#primaryimage"},"image":{"@id":"https:\/\/www.labopolis.com\/producto\/placa-calefactora-digital-multiplaza-multiheat-d\/#primaryimage"},"thumbnailUrl":"https:\/\/www.labopolis.com\/wp-content\/uploads\/2023\/07\/MultiHeatDE-3p.gif","datePublished":"2023-07-10T11:33:47+00:00","dateModified":"2025-12-28T18:10:37+00:00","description":"Piastre riscaldanti per 3, 5 o 9 posti, con riscaldamento individuale, con un unico collegamento elettrico e funzionamento indipendente per ogni posto,","breadcrumb":{"@id":"https:\/\/www.labopolis.com\/producto\/placa-calefactora-digital-multiplaza-multiheat-d\/#breadcrumb"},"inLanguage":"it-IT","potentialAction":[{"@type":"ReadAction","target":["https:\/\/www.labopolis.com\/producto\/placa-calefactora-digital-multiplaza-multiheat-d\/"]}]},{"@type":"ImageObject","inLanguage":"it-IT","@id":"https:\/\/www.labopolis.com\/producto\/placa-calefactora-digital-multiplaza-multiheat-d\/#primaryimage","url":"https:\/\/www.labopolis.com\/wp-content\/uploads\/2023\/07\/MultiHeatDE-3p.gif","contentUrl":"https:\/\/www.labopolis.com\/wp-content\/uploads\/2023\/07\/MultiHeatDE-3p.gif","width":483,"height":386,"caption":"Producto"},{"@type":"BreadcrumbList","@id":"https:\/\/www.labopolis.com\/producto\/placa-calefactora-digital-multiplaza-multiheat-d\/#breadcrumb","itemListElement":[{"@type":"ListItem","position":1,"name":"Portada","item":"https:\/\/www.labopolis.com\/"},{"@type":"ListItem","position":2,"name":"Productos","item":"https:\/\/www.labopolis.com\/shop\/"},{"@type":"ListItem","position":3,"name":"Placa calefactora digital multiplaza MultiHeat D"}]},{"@type":"WebSite","@id":"https:\/\/www.labopolis.com\/#website","url":"https:\/\/www.labopolis.com\/","name":"Labopolis","description":"","potentialAction":[{"@type":"SearchAction","target":{"@type":"EntryPoint","urlTemplate":"https:\/\/www.labopolis.com\/?s={search_term_string}"},"query-input":{"@type":"PropertyValueSpecification","valueRequired":true,"valueName":"search_term_string"}}],"inLanguage":"it-IT"}]}},"_links":{"self":[{"href":"https:\/\/www.labopolis.com\/it\/wp-json\/wp\/v2\/product\/1413","targetHints":{"allow":["GET"]}}],"collection":[{"href":"https:\/\/www.labopolis.com\/it\/wp-json\/wp\/v2\/product"}],"about":[{"href":"https:\/\/www.labopolis.com\/it\/wp-json\/wp\/v2\/types\/product"}],"replies":[{"embeddable":true,"href":"https:\/\/www.labopolis.com\/it\/wp-json\/wp\/v2\/comments?post=1413"}],"wp:featuredmedia":[{"embeddable":true,"href":"https:\/\/www.labopolis.com\/it\/wp-json\/wp\/v2\/media\/1442"}],"wp:attachment":[{"href":"https:\/\/www.labopolis.com\/it\/wp-json\/wp\/v2\/media?parent=1413"}],"wp:term":[{"taxonomy":"product_brand","embeddable":true,"href":"https:\/\/www.labopolis.com\/it\/wp-json\/wp\/v2\/product_brand?post=1413"},{"taxonomy":"product_cat","embeddable":true,"href":"https:\/\/www.labopolis.com\/it\/wp-json\/wp\/v2\/product_cat?post=1413"},{"taxonomy":"product_tag","embeddable":true,"href":"https:\/\/www.labopolis.com\/it\/wp-json\/wp\/v2\/product_tag?post=1413"}],"curies":[{"name":"wp","href":"https:\/\/api.w.org\/{rel}","templated":true}]}}