{"id":1343,"date":"2023-07-10T11:33:29","date_gmt":"2023-07-10T11:33:29","guid":{"rendered":"https:\/\/www.labopolis.com\/?post_type=product&#038;p=1343"},"modified":"2025-12-22T12:17:00","modified_gmt":"2025-12-22T12:17:00","slug":"centrifugas-consul-22-consul-22r","status":"publish","type":"product","link":"https:\/\/www.labopolis.com\/it\/prodotto\/centrifugas-consul-22-consul-22r\/","title":{"rendered":"Centrifughe Consul 22 - Consul 22R"},"content":{"rendered":"<p class=\"p3\"><strong><span class=\"s1\">Capacit\u00e0 massima<\/span>\u00a0<\/strong>4 x 400 ml.<br \/>\n<strong><span class=\"s1\">Velocit\u00e0 massima<\/span>\u00a0<\/strong>21.948 xg \/ 14.300 R.P.M.<\/p>\n<p class=\"p3\"><strong>Console 22<\/strong><\/p>\n<p class=\"p1\">Una centrifuga di grandi dimensioni, compatta e ad alta capacit\u00e0, con i vantaggi delle apparecchiature dei segmenti superiori. Il tipo di controllo di cui \u00e8 dotata, attraverso il suo touch screen a colori TFT, fornisce all'utente funzionalit\u00e0 che consentono, oltre a<span class=\"Apple-converted-space\">\u00a0\u00a0<\/span>del controllo dell'apparecchiatura attraverso i parametri di funzionamento, potendo esportare i dati per successive analisi e programmare il funzionamento differito nel tempo. L'autonomia fornita all'utente da questa apparecchiatura ottimizza i tempi di lavoro in laboratorio automatizzando i cicli e le modalit\u00e0 di lavoro. Queste caratteristiche garantiscono inoltre la tracciabilit\u00e0 del processo e la certezza di non lasciare nessun parametro fuori controllo.<\/p>\n<p class=\"p1\">\u00c8 stata progettata per essere versatile, con rotori oscillanti con volumi di 400 ml. per becher, rotori per micropiastre di 80 mm di altezza,<span class=\"Apple-converted-space\">\u00a0\u00a0<\/span>rotori angolari per alta velocit\u00e0 e microtubi e un'ampia gamma di adattatori per tutti loro.<\/p>\n<p><strong>Console 22R\u00a0<\/strong><\/p>\n<p class=\"p3\">Una centrifuga refrigerata di grandi dimensioni, compatta e ad alta capacit\u00e0, con i vantaggi delle apparecchiature dei segmenti superiori. Il suo touch screen a colori TFT mette a disposizione dell'utente funzioni che consentono il controllo dell'apparecchiatura attraverso i parametri di funzionamento e la possibilit\u00e0 di esportare i dati per successive analisi e operazioni programmate nel tempo. \u00c8 molto versatile e dispone di rotori oscillanti.<span class=\"Apple-converted-space\">\u00a0\u00a0<\/span>400 ml. per becher, rotori per micropiastre alte 80 mm,<span class=\"Apple-converted-space\">\u00a0\u00a0<\/span>angoli e microtubi ad alta velocit\u00e0 e un'ampia gamma di adattatori per essi.<\/p>\n<p class=\"p3\">L'autonomia fornita all'utente da questa apparecchiatura ottimizza la routine del suo laboratorio personalizzando la modalit\u00e0 e i cicli di lavoro. Queste caratteristiche garantiscono anche la tracciabilit\u00e0 del processo e la certezza di non lasciare nessun parametro fuori controllo.<\/p>\n<p class=\"p3\">Il tuo<span class=\"Apple-converted-space\">\u00a0\u00a0<\/span>Il sistema di raffreddamento mantiene la temperatura minima della camera sotto i 4\u00b0C, indipendentemente dal tipo di rotore e dalla velocit\u00e0 selezionata.<\/p>\n<p>Tensione: 220-240 V 50-60 Hz*.<br \/>\nAccessori non inclusi**<\/p>\n<p>*Altre tensioni su richiesta<br \/>\n**Per accessori e rotori di questo modello, si prega di chiedere un'offerta.<\/p>","protected":false},"excerpt":{"rendered":"<p><strong>Centrifuga Consul 22 (CE226) e Consul 22 R - Refrigerata (CE232)<\/strong><\/p>\n<p><strong><em><a class=\"ficha-tecnica-es\" href=\"https:\/\/www.labopolis.com\/wp-content\/uploads\/2023\/07\/Catalogo_serie_Consul_22_ESP.pdf\" target=\"_blank\" rel=\"noopener\"><i class=\"fas fa-file-alt\"><\/i>\u00a0Scheda tecnica Consul 22 e 22 R<\/a><\/em><\/strong><\/p>\n<p><strong><em><a class=\"ficha-tecnica-en\" href=\"https:\/\/www.labopolis.com\/wp-content\/uploads\/2025\/02\/Catalogue_series_Consul_22_ENG.pdf\" target=\"_blank\" rel=\"noopener\"><i class=\"fas fa-file-alt\"><\/i> Scheda tecnica Consul 22 e 22 R<\/a><\/em><\/strong><\/p>","protected":false},"featured_media":14788,"comment_status":"open","ping_status":"closed","template":"","meta":[],"product_brand":[],"product_cat":[121,23],"product_tag":[],"class_list":{"0":"post-1343","1":"product","2":"type-product","3":"status-publish","4":"has-post-thumbnail","6":"product_cat-centrifugas","7":"product_cat-laboratorio","9":"first","10":"instock","11":"taxable","12":"shipping-taxable","13":"product-type-simple"},"yoast_head":"<!-- This site is optimized with the Yoast SEO plugin v27.2 - https:\/\/yoast.com\/product\/yoast-seo-wordpress\/ -->\n<title>Centrifugas Consul 22 - Consul 22R - Labopolis<\/title>\n<meta name=\"description\" content=\"Centr\u00edfuga Consul 22 (CE226) y Consul 22 R - Refrigerada (CE232)  \u00a0Ficha T\u00e9cnica Consul 22 y 22 R   Technical Datasheet Consul 22 and 22 R\" \/>\n<meta name=\"robots\" content=\"index, follow, max-snippet:-1, max-image-preview:large, max-video-preview:-1\" \/>\n<link rel=\"canonical\" href=\"https:\/\/www.labopolis.com\/it\/prodotto\/centrifugas-consul-22-consul-22r\/\" \/>\n<meta property=\"og:locale\" content=\"it_IT\" \/>\n<meta property=\"og:type\" content=\"article\" \/>\n<meta property=\"og:title\" content=\"Centrifugas Consul 22 - Consul 22R - Labopolis\" \/>\n<meta property=\"og:description\" content=\"Centr\u00edfuga Consul 22 (CE226) y Consul 22 R - Refrigerada (CE232)  \u00a0Ficha T\u00e9cnica Consul 22 y 22 R   Technical Datasheet Consul 22 and 22 R\" \/>\n<meta property=\"og:url\" content=\"https:\/\/www.labopolis.com\/it\/prodotto\/centrifugas-consul-22-consul-22r\/\" \/>\n<meta property=\"og:site_name\" content=\"Labopolis\" \/>\n<meta property=\"article:publisher\" content=\"https:\/\/www.facebook.com\/profile.php?id=100063251679439\" \/>\n<meta property=\"article:modified_time\" content=\"2025-12-22T12:17:00+00:00\" \/>\n<meta name=\"twitter:card\" content=\"summary_large_image\" \/>\n<meta name=\"twitter:site\" content=\"@Labopolis\" \/>\n<meta name=\"twitter:label1\" content=\"Tempo di lettura stimato\" \/>\n\t<meta name=\"twitter:data1\" content=\"2 minuti\" \/>\n<script type=\"application\/ld+json\" class=\"yoast-schema-graph\">{\"@context\":\"https:\/\/schema.org\",\"@graph\":[{\"@type\":\"WebPage\",\"@id\":\"https:\/\/www.labopolis.com\/producto\/centrifugas-consul-22-consul-22r\/\",\"url\":\"https:\/\/www.labopolis.com\/producto\/centrifugas-consul-22-consul-22r\/\",\"name\":\"Centrifugas Consul 22 - Consul 22R - Labopolis\",\"isPartOf\":{\"@id\":\"https:\/\/www.labopolis.com\/#website\"},\"primaryImageOfPage\":{\"@id\":\"https:\/\/www.labopolis.com\/producto\/centrifugas-consul-22-consul-22r\/#primaryimage\"},\"image\":{\"@id\":\"https:\/\/www.labopolis.com\/producto\/centrifugas-consul-22-consul-22r\/#primaryimage\"},\"thumbnailUrl\":\"https:\/\/www.labopolis.com\/wp-content\/uploads\/2023\/07\/Consul_22.avif\",\"datePublished\":\"2023-07-10T11:33:29+00:00\",\"dateModified\":\"2025-12-22T12:17:00+00:00\",\"description\":\"Centr\u00edfuga Consul 22 (CE226) y Consul 22 R - Refrigerada (CE232) \u00a0Ficha T\u00e9cnica Consul 22 y 22 R Technical Datasheet Consul 22 and 22 R\",\"breadcrumb\":{\"@id\":\"https:\/\/www.labopolis.com\/producto\/centrifugas-consul-22-consul-22r\/#breadcrumb\"},\"inLanguage\":\"it-IT\",\"potentialAction\":[{\"@type\":\"ReadAction\",\"target\":[\"https:\/\/www.labopolis.com\/producto\/centrifugas-consul-22-consul-22r\/\"]}]},{\"@type\":\"ImageObject\",\"inLanguage\":\"it-IT\",\"@id\":\"https:\/\/www.labopolis.com\/producto\/centrifugas-consul-22-consul-22r\/#primaryimage\",\"url\":\"https:\/\/www.labopolis.com\/wp-content\/uploads\/2023\/07\/Consul_22.avif\",\"contentUrl\":\"https:\/\/www.labopolis.com\/wp-content\/uploads\/2023\/07\/Consul_22.avif\",\"width\":947,\"height\":1024},{\"@type\":\"BreadcrumbList\",\"@id\":\"https:\/\/www.labopolis.com\/producto\/centrifugas-consul-22-consul-22r\/#breadcrumb\",\"itemListElement\":[{\"@type\":\"ListItem\",\"position\":1,\"name\":\"Portada\",\"item\":\"https:\/\/www.labopolis.com\/\"},{\"@type\":\"ListItem\",\"position\":2,\"name\":\"Productos\",\"item\":\"https:\/\/www.labopolis.com\/shop\/\"},{\"@type\":\"ListItem\",\"position\":3,\"name\":\"Centrifugas Consul 22 &#8211; Consul 22R\"}]},{\"@type\":\"WebSite\",\"@id\":\"https:\/\/www.labopolis.com\/#website\",\"url\":\"https:\/\/www.labopolis.com\/\",\"name\":\"Labopolis\",\"description\":\"\",\"potentialAction\":[{\"@type\":\"SearchAction\",\"target\":{\"@type\":\"EntryPoint\",\"urlTemplate\":\"https:\/\/www.labopolis.com\/?s={search_term_string}\"},\"query-input\":{\"@type\":\"PropertyValueSpecification\",\"valueRequired\":true,\"valueName\":\"search_term_string\"}}],\"inLanguage\":\"it-IT\"}]}<\/script>\n<!-- \/ Yoast SEO plugin. -->","yoast_head_json":{"title":"Centrifugas Consul 22 - Consul 22R - Labopolis","description":"Centr\u00edfuga Consul 22 (CE226) y Consul 22 R - Refrigerada (CE232)  \u00a0Ficha T\u00e9cnica Consul 22 y 22 R   Technical Datasheet Consul 22 and 22 R","robots":{"index":"index","follow":"follow","max-snippet":"max-snippet:-1","max-image-preview":"max-image-preview:large","max-video-preview":"max-video-preview:-1"},"canonical":"https:\/\/www.labopolis.com\/it\/prodotto\/centrifugas-consul-22-consul-22r\/","og_locale":"it_IT","og_type":"article","og_title":"Centrifugas Consul 22 - Consul 22R - Labopolis","og_description":"Centr\u00edfuga Consul 22 (CE226) y Consul 22 R - Refrigerada (CE232)  \u00a0Ficha T\u00e9cnica Consul 22 y 22 R   Technical Datasheet Consul 22 and 22 R","og_url":"https:\/\/www.labopolis.com\/it\/prodotto\/centrifugas-consul-22-consul-22r\/","og_site_name":"Labopolis","article_publisher":"https:\/\/www.facebook.com\/profile.php?id=100063251679439","article_modified_time":"2025-12-22T12:17:00+00:00","twitter_card":"summary_large_image","twitter_site":"@Labopolis","twitter_misc":{"Tempo di lettura stimato":"2 minuti"},"schema":{"@context":"https:\/\/schema.org","@graph":[{"@type":"WebPage","@id":"https:\/\/www.labopolis.com\/producto\/centrifugas-consul-22-consul-22r\/","url":"https:\/\/www.labopolis.com\/producto\/centrifugas-consul-22-consul-22r\/","name":"Centrifugas Consul 22 - Consul 22R - Labopolis","isPartOf":{"@id":"https:\/\/www.labopolis.com\/#website"},"primaryImageOfPage":{"@id":"https:\/\/www.labopolis.com\/producto\/centrifugas-consul-22-consul-22r\/#primaryimage"},"image":{"@id":"https:\/\/www.labopolis.com\/producto\/centrifugas-consul-22-consul-22r\/#primaryimage"},"thumbnailUrl":"https:\/\/www.labopolis.com\/wp-content\/uploads\/2023\/07\/Consul_22.avif","datePublished":"2023-07-10T11:33:29+00:00","dateModified":"2025-12-22T12:17:00+00:00","description":"Centr\u00edfuga Consul 22 (CE226) y Consul 22 R - Refrigerada (CE232) \u00a0Ficha T\u00e9cnica Consul 22 y 22 R Technical Datasheet Consul 22 and 22 R","breadcrumb":{"@id":"https:\/\/www.labopolis.com\/producto\/centrifugas-consul-22-consul-22r\/#breadcrumb"},"inLanguage":"it-IT","potentialAction":[{"@type":"ReadAction","target":["https:\/\/www.labopolis.com\/producto\/centrifugas-consul-22-consul-22r\/"]}]},{"@type":"ImageObject","inLanguage":"it-IT","@id":"https:\/\/www.labopolis.com\/producto\/centrifugas-consul-22-consul-22r\/#primaryimage","url":"https:\/\/www.labopolis.com\/wp-content\/uploads\/2023\/07\/Consul_22.avif","contentUrl":"https:\/\/www.labopolis.com\/wp-content\/uploads\/2023\/07\/Consul_22.avif","width":947,"height":1024},{"@type":"BreadcrumbList","@id":"https:\/\/www.labopolis.com\/producto\/centrifugas-consul-22-consul-22r\/#breadcrumb","itemListElement":[{"@type":"ListItem","position":1,"name":"Portada","item":"https:\/\/www.labopolis.com\/"},{"@type":"ListItem","position":2,"name":"Productos","item":"https:\/\/www.labopolis.com\/shop\/"},{"@type":"ListItem","position":3,"name":"Centrifugas Consul 22 &#8211; Consul 22R"}]},{"@type":"WebSite","@id":"https:\/\/www.labopolis.com\/#website","url":"https:\/\/www.labopolis.com\/","name":"Labopolis","description":"","potentialAction":[{"@type":"SearchAction","target":{"@type":"EntryPoint","urlTemplate":"https:\/\/www.labopolis.com\/?s={search_term_string}"},"query-input":{"@type":"PropertyValueSpecification","valueRequired":true,"valueName":"search_term_string"}}],"inLanguage":"it-IT"}]}},"_links":{"self":[{"href":"https:\/\/www.labopolis.com\/it\/wp-json\/wp\/v2\/product\/1343","targetHints":{"allow":["GET"]}}],"collection":[{"href":"https:\/\/www.labopolis.com\/it\/wp-json\/wp\/v2\/product"}],"about":[{"href":"https:\/\/www.labopolis.com\/it\/wp-json\/wp\/v2\/types\/product"}],"replies":[{"embeddable":true,"href":"https:\/\/www.labopolis.com\/it\/wp-json\/wp\/v2\/comments?post=1343"}],"wp:featuredmedia":[{"embeddable":true,"href":"https:\/\/www.labopolis.com\/it\/wp-json\/wp\/v2\/media\/14788"}],"wp:attachment":[{"href":"https:\/\/www.labopolis.com\/it\/wp-json\/wp\/v2\/media?parent=1343"}],"wp:term":[{"taxonomy":"product_brand","embeddable":true,"href":"https:\/\/www.labopolis.com\/it\/wp-json\/wp\/v2\/product_brand?post=1343"},{"taxonomy":"product_cat","embeddable":true,"href":"https:\/\/www.labopolis.com\/it\/wp-json\/wp\/v2\/product_cat?post=1343"},{"taxonomy":"product_tag","embeddable":true,"href":"https:\/\/www.labopolis.com\/it\/wp-json\/wp\/v2\/product_tag?post=1343"}],"curies":[{"name":"wp","href":"https:\/\/api.w.org\/{rel}","templated":true}]}}