{"id":1338,"date":"2023-07-10T11:33:29","date_gmt":"2023-07-10T11:33:29","guid":{"rendered":"https:\/\/www.labopolis.com\/?post_type=product&#038;p=1338"},"modified":"2025-09-18T10:43:57","modified_gmt":"2025-09-18T10:43:57","slug":"centrifuga-plasma-22","status":"publish","type":"product","link":"https:\/\/www.labopolis.com\/it\/prodotto\/centrifuga-plasma-22\/","title":{"rendered":"Centrifuga per plasma 22"},"content":{"rendered":"<p>La centrifuga Plasma 22 pu\u00f2 essere configurata con i due programmi per l'ottenimento del plasma ricco di piastrine in base alle diverse capacit\u00e0 delle provette di estrazione, con posizioni libere in memoria per consentire la modifica di questi valori. Questo vantaggio consente all'utente di ottimizzare il risultato in funzione della variabilit\u00e0 del campione del paziente. Un altro dei vantaggi di questa apparecchiatura \u00e8 la facilit\u00e0 di bilanciamento delle provette: la centrifuga ha un unico rotore e un unico set di adattatori, il che significa che tutte le 8 posizioni possono essere utilizzate in un'unica centrifugazione, indipendentemente dal volume in lavorazione.<br \/>\n-Massimo 3.000 giri al minuto per 8 provette da 15 ml.<br \/>\n-Facilita il processo memorizzando i valori di rotazione.<br \/>\n-Capacit\u00e0 di produzione: 8 campioni in soli 8 minuti - Rotori e riduttori autoclavabili.<br \/>\n-Dimensione piccola.<br \/>\n-La centrifugazione oscillante facilita l'estrazione dello strato con la pi\u00f9 alta concentrazione di piastrine.<br \/>\n-Prodotto secondo le normative sui dispositivi medici.<br \/>\nTensione: 220-240 V 50-60 Hz*.<\/p>\n<p>*Altre tensioni su richiesta<\/p>","protected":false},"excerpt":{"rendered":"<p>Centrifuga per plasma 22. Accessori non inclusi.<br \/>\nCapacit\u00e0 massima: 8 x 9\/15 ml.<br \/>\nVelocit\u00e0 massima: 1.288 xg \/ 3.000 giri\/min.<\/p>\n<p>CE 156 PLASMA 22, 220-240 V 50-60 Hz<\/p>\n<p>ACCESSORI:<br \/>\nRT 237 Rotore oscillante per 8 provette da 9\/15 ml<br \/>\nRE 474 8 adattatori per 8 provette da 5 ml<\/p>\n<p><strong><em><a class=\"ficha-tecnica-es\" href=\"https:\/\/www.labopolis.com\/wp-content\/uploads\/2025\/02\/Catalogo_Plasma_22_ESP.pdf\" target=\"_blank\" rel=\"noopener\"><i class=\"fas fa-file-alt\"><\/i>\u00a0Scheda tecnica del plasma 22<\/a><br \/>\n<a class=\"ficha-tecnica-en\" href=\"https:\/\/www.labopolis.com\/wp-content\/uploads\/2025\/02\/Catalogue_Plasma_22_ENG.pdf\" target=\"_blank\" rel=\"noopener\"><i class=\"fas fa-file-alt\"><\/i> Scheda tecnica Plasma 22<\/a><\/em><\/strong><\/p>","protected":false},"featured_media":14803,"comment_status":"open","ping_status":"closed","template":"","meta":[],"product_brand":[],"product_cat":[121,23],"product_tag":[],"class_list":{"0":"post-1338","1":"product","2":"type-product","3":"status-publish","4":"has-post-thumbnail","6":"product_cat-centrifugas","7":"product_cat-laboratorio","9":"first","10":"instock","11":"taxable","12":"shipping-taxable","13":"product-type-simple"},"yoast_head":"<!-- This site is optimized with the Yoast SEO plugin v27.2 - https:\/\/yoast.com\/product\/yoast-seo-wordpress\/ -->\n<title>Centr\u00edfuga Plasma 22 - Labopolis<\/title>\n<meta name=\"description\" content=\"Centr\u00edfuga Plasma 22. Accesorios no incluidos. Max. capacity: 8 x 9\/15 ml. Max. speed: 1.288 xg \/ 3.000 RPM  CE 156 PLASMA 22, 220-240 V 50-60 Hz  ACCESORIOS: RT 237 Rotor Oscilante para 8 tubos de 9\/15 ml RE 474 8 adaptadores para 8 tubos de 5 ml  \u00a0Ficha T\u00e9cnica Plasma 22  Technical Datasheet Plasma 22\" \/>\n<meta name=\"robots\" content=\"index, follow, max-snippet:-1, max-image-preview:large, max-video-preview:-1\" \/>\n<link rel=\"canonical\" href=\"https:\/\/www.labopolis.com\/it\/prodotto\/centrifuga-plasma-22\/\" \/>\n<meta property=\"og:locale\" content=\"it_IT\" \/>\n<meta property=\"og:type\" content=\"article\" \/>\n<meta property=\"og:title\" content=\"Centr\u00edfuga Plasma 22 - Labopolis\" \/>\n<meta property=\"og:description\" content=\"Centr\u00edfuga Plasma 22. Accesorios no incluidos. Max. capacity: 8 x 9\/15 ml. Max. speed: 1.288 xg \/ 3.000 RPM  CE 156 PLASMA 22, 220-240 V 50-60 Hz  ACCESORIOS: RT 237 Rotor Oscilante para 8 tubos de 9\/15 ml RE 474 8 adaptadores para 8 tubos de 5 ml  \u00a0Ficha T\u00e9cnica Plasma 22  Technical Datasheet Plasma 22\" \/>\n<meta property=\"og:url\" content=\"https:\/\/www.labopolis.com\/it\/prodotto\/centrifuga-plasma-22\/\" \/>\n<meta property=\"og:site_name\" content=\"Labopolis\" \/>\n<meta property=\"article:publisher\" content=\"https:\/\/www.facebook.com\/profile.php?id=100063251679439\" \/>\n<meta property=\"article:modified_time\" content=\"2025-09-18T10:43:57+00:00\" \/>\n<meta name=\"twitter:card\" content=\"summary_large_image\" \/>\n<meta name=\"twitter:site\" content=\"@Labopolis\" \/>\n<meta name=\"twitter:label1\" content=\"Tempo di lettura stimato\" \/>\n\t<meta name=\"twitter:data1\" content=\"1 minuto\" \/>\n<script type=\"application\/ld+json\" class=\"yoast-schema-graph\">{\"@context\":\"https:\/\/schema.org\",\"@graph\":[{\"@type\":\"WebPage\",\"@id\":\"https:\/\/www.labopolis.com\/producto\/centrifuga-plasma-22\/\",\"url\":\"https:\/\/www.labopolis.com\/producto\/centrifuga-plasma-22\/\",\"name\":\"Centr\u00edfuga Plasma 22 - Labopolis\",\"isPartOf\":{\"@id\":\"https:\/\/www.labopolis.com\/#website\"},\"primaryImageOfPage\":{\"@id\":\"https:\/\/www.labopolis.com\/producto\/centrifuga-plasma-22\/#primaryimage\"},\"image\":{\"@id\":\"https:\/\/www.labopolis.com\/producto\/centrifuga-plasma-22\/#primaryimage\"},\"thumbnailUrl\":\"https:\/\/www.labopolis.com\/wp-content\/uploads\/2023\/07\/Plasma_22.avif\",\"datePublished\":\"2023-07-10T11:33:29+00:00\",\"dateModified\":\"2025-09-18T10:43:57+00:00\",\"description\":\"Centr\u00edfuga Plasma 22. Accesorios no incluidos. Max. capacity: 8 x 9\/15 ml. Max. speed: 1.288 xg \/ 3.000 RPM CE 156 PLASMA 22, 220-240 V 50-60 Hz ACCESORIOS: RT 237 Rotor Oscilante para 8 tubos de 9\/15 ml RE 474 8 adaptadores para 8 tubos de 5 ml \u00a0Ficha T\u00e9cnica Plasma 22 Technical Datasheet Plasma 22\",\"breadcrumb\":{\"@id\":\"https:\/\/www.labopolis.com\/producto\/centrifuga-plasma-22\/#breadcrumb\"},\"inLanguage\":\"it-IT\",\"potentialAction\":[{\"@type\":\"ReadAction\",\"target\":[\"https:\/\/www.labopolis.com\/producto\/centrifuga-plasma-22\/\"]}]},{\"@type\":\"ImageObject\",\"inLanguage\":\"it-IT\",\"@id\":\"https:\/\/www.labopolis.com\/producto\/centrifuga-plasma-22\/#primaryimage\",\"url\":\"https:\/\/www.labopolis.com\/wp-content\/uploads\/2023\/07\/Plasma_22.avif\",\"contentUrl\":\"https:\/\/www.labopolis.com\/wp-content\/uploads\/2023\/07\/Plasma_22.avif\",\"width\":931,\"height\":1024,\"caption\":\"Centrifuga Plasma\"},{\"@type\":\"BreadcrumbList\",\"@id\":\"https:\/\/www.labopolis.com\/producto\/centrifuga-plasma-22\/#breadcrumb\",\"itemListElement\":[{\"@type\":\"ListItem\",\"position\":1,\"name\":\"Portada\",\"item\":\"https:\/\/www.labopolis.com\/\"},{\"@type\":\"ListItem\",\"position\":2,\"name\":\"Productos\",\"item\":\"https:\/\/www.labopolis.com\/shop\/\"},{\"@type\":\"ListItem\",\"position\":3,\"name\":\"Centr\u00edfuga Plasma 22\"}]},{\"@type\":\"WebSite\",\"@id\":\"https:\/\/www.labopolis.com\/#website\",\"url\":\"https:\/\/www.labopolis.com\/\",\"name\":\"Labopolis\",\"description\":\"\",\"potentialAction\":[{\"@type\":\"SearchAction\",\"target\":{\"@type\":\"EntryPoint\",\"urlTemplate\":\"https:\/\/www.labopolis.com\/?s={search_term_string}\"},\"query-input\":{\"@type\":\"PropertyValueSpecification\",\"valueRequired\":true,\"valueName\":\"search_term_string\"}}],\"inLanguage\":\"it-IT\"}]}<\/script>\n<!-- \/ Yoast SEO plugin. -->","yoast_head_json":{"title":"Centr\u00edfuga Plasma 22 - Labopolis","description":"Centr\u00edfuga Plasma 22. Accesorios no incluidos. Max. capacity: 8 x 9\/15 ml. Max. speed: 1.288 xg \/ 3.000 RPM  CE 156 PLASMA 22, 220-240 V 50-60 Hz  ACCESORIOS: RT 237 Rotor Oscilante para 8 tubos de 9\/15 ml RE 474 8 adaptadores para 8 tubos de 5 ml  \u00a0Ficha T\u00e9cnica Plasma 22  Technical Datasheet Plasma 22","robots":{"index":"index","follow":"follow","max-snippet":"max-snippet:-1","max-image-preview":"max-image-preview:large","max-video-preview":"max-video-preview:-1"},"canonical":"https:\/\/www.labopolis.com\/it\/prodotto\/centrifuga-plasma-22\/","og_locale":"it_IT","og_type":"article","og_title":"Centr\u00edfuga Plasma 22 - Labopolis","og_description":"Centr\u00edfuga Plasma 22. Accesorios no incluidos. Max. capacity: 8 x 9\/15 ml. Max. speed: 1.288 xg \/ 3.000 RPM  CE 156 PLASMA 22, 220-240 V 50-60 Hz  ACCESORIOS: RT 237 Rotor Oscilante para 8 tubos de 9\/15 ml RE 474 8 adaptadores para 8 tubos de 5 ml  \u00a0Ficha T\u00e9cnica Plasma 22  Technical Datasheet Plasma 22","og_url":"https:\/\/www.labopolis.com\/it\/prodotto\/centrifuga-plasma-22\/","og_site_name":"Labopolis","article_publisher":"https:\/\/www.facebook.com\/profile.php?id=100063251679439","article_modified_time":"2025-09-18T10:43:57+00:00","twitter_card":"summary_large_image","twitter_site":"@Labopolis","twitter_misc":{"Tempo di lettura stimato":"1 minuto"},"schema":{"@context":"https:\/\/schema.org","@graph":[{"@type":"WebPage","@id":"https:\/\/www.labopolis.com\/producto\/centrifuga-plasma-22\/","url":"https:\/\/www.labopolis.com\/producto\/centrifuga-plasma-22\/","name":"Centr\u00edfuga Plasma 22 - Labopolis","isPartOf":{"@id":"https:\/\/www.labopolis.com\/#website"},"primaryImageOfPage":{"@id":"https:\/\/www.labopolis.com\/producto\/centrifuga-plasma-22\/#primaryimage"},"image":{"@id":"https:\/\/www.labopolis.com\/producto\/centrifuga-plasma-22\/#primaryimage"},"thumbnailUrl":"https:\/\/www.labopolis.com\/wp-content\/uploads\/2023\/07\/Plasma_22.avif","datePublished":"2023-07-10T11:33:29+00:00","dateModified":"2025-09-18T10:43:57+00:00","description":"Centr\u00edfuga Plasma 22. Accesorios no incluidos. Max. capacity: 8 x 9\/15 ml. Max. speed: 1.288 xg \/ 3.000 RPM CE 156 PLASMA 22, 220-240 V 50-60 Hz ACCESORIOS: RT 237 Rotor Oscilante para 8 tubos de 9\/15 ml RE 474 8 adaptadores para 8 tubos de 5 ml \u00a0Ficha T\u00e9cnica Plasma 22 Technical Datasheet Plasma 22","breadcrumb":{"@id":"https:\/\/www.labopolis.com\/producto\/centrifuga-plasma-22\/#breadcrumb"},"inLanguage":"it-IT","potentialAction":[{"@type":"ReadAction","target":["https:\/\/www.labopolis.com\/producto\/centrifuga-plasma-22\/"]}]},{"@type":"ImageObject","inLanguage":"it-IT","@id":"https:\/\/www.labopolis.com\/producto\/centrifuga-plasma-22\/#primaryimage","url":"https:\/\/www.labopolis.com\/wp-content\/uploads\/2023\/07\/Plasma_22.avif","contentUrl":"https:\/\/www.labopolis.com\/wp-content\/uploads\/2023\/07\/Plasma_22.avif","width":931,"height":1024,"caption":"Centrifuga Plasma"},{"@type":"BreadcrumbList","@id":"https:\/\/www.labopolis.com\/producto\/centrifuga-plasma-22\/#breadcrumb","itemListElement":[{"@type":"ListItem","position":1,"name":"Portada","item":"https:\/\/www.labopolis.com\/"},{"@type":"ListItem","position":2,"name":"Productos","item":"https:\/\/www.labopolis.com\/shop\/"},{"@type":"ListItem","position":3,"name":"Centr\u00edfuga Plasma 22"}]},{"@type":"WebSite","@id":"https:\/\/www.labopolis.com\/#website","url":"https:\/\/www.labopolis.com\/","name":"Labopolis","description":"","potentialAction":[{"@type":"SearchAction","target":{"@type":"EntryPoint","urlTemplate":"https:\/\/www.labopolis.com\/?s={search_term_string}"},"query-input":{"@type":"PropertyValueSpecification","valueRequired":true,"valueName":"search_term_string"}}],"inLanguage":"it-IT"}]}},"_links":{"self":[{"href":"https:\/\/www.labopolis.com\/it\/wp-json\/wp\/v2\/product\/1338","targetHints":{"allow":["GET"]}}],"collection":[{"href":"https:\/\/www.labopolis.com\/it\/wp-json\/wp\/v2\/product"}],"about":[{"href":"https:\/\/www.labopolis.com\/it\/wp-json\/wp\/v2\/types\/product"}],"replies":[{"embeddable":true,"href":"https:\/\/www.labopolis.com\/it\/wp-json\/wp\/v2\/comments?post=1338"}],"wp:featuredmedia":[{"embeddable":true,"href":"https:\/\/www.labopolis.com\/it\/wp-json\/wp\/v2\/media\/14803"}],"wp:attachment":[{"href":"https:\/\/www.labopolis.com\/it\/wp-json\/wp\/v2\/media?parent=1338"}],"wp:term":[{"taxonomy":"product_brand","embeddable":true,"href":"https:\/\/www.labopolis.com\/it\/wp-json\/wp\/v2\/product_brand?post=1338"},{"taxonomy":"product_cat","embeddable":true,"href":"https:\/\/www.labopolis.com\/it\/wp-json\/wp\/v2\/product_cat?post=1338"},{"taxonomy":"product_tag","embeddable":true,"href":"https:\/\/www.labopolis.com\/it\/wp-json\/wp\/v2\/product_tag?post=1338"}],"curies":[{"name":"wp","href":"https:\/\/api.w.org\/{rel}","templated":true}]}}