{"id":1330,"date":"2023-07-10T11:33:28","date_gmt":"2023-07-10T11:33:28","guid":{"rendered":"https:\/\/www.labopolis.com\/?post_type=product&#038;p=1330"},"modified":"2026-02-05T09:56:17","modified_gmt":"2026-02-05T09:56:17","slug":"cabina-pcr-v-ventilada","status":"publish","type":"product","link":"https:\/\/www.labopolis.com\/it\/prodotto\/cabina-pcr-v-ventilada\/","title":{"rendered":"Cabina PCR-V ventilata"},"content":{"rendered":"<p>Cabina PCR-V ventilata<br \/>\nL'armadio PCR-V \u00e8 stato progettato specificamente per le attivit\u00e0 di amplificazione genica con la tecnica PCR (Polymerase Chain Reaction).<\/p>\n<p>La cabina \u00e8 dotata di tre lampade UV-C, due delle quali sono aperte nella parte superiore della cabina. Queste lampade disinfettano l'area di lavoro inattivando i frammenti di DNA\/RNA e prevenendo la contaminazione incrociata tra i campioni, che pu\u00f2 portare a falsi positivi. \u00c8 inoltre dotata di un timer per controllare il tempo di esposizione all'irradiazione diretta dei raggi UV.<\/p>\n<p>La novit\u00e0 di questo modello \u00e8 che \u00e8 dotato di un ricircolo composto da una terza lampada UV, un ventilatore e filtri antipolvere in una struttura chiusa, che consente una costante decontaminazione della cabina durante il funzionamento e protegge l'utente dall'esposizione ai raggi UV mentre lavora all'interno.<\/p>\n<p>Il pannello frontale \u00e8 in vetro temperato e protegge l'operatore dall'esposizione ai raggi UV. In caso di apertura accidentale, le lampade UV si spengono automaticamente per una protezione totale dell'operatore.<\/p>\n<ul>\n<li>Lampada di germinazione UV-C 15 W - UV a ricircolo (1u) e UV aperto (2u)<\/li>\n<li>Vetro frontale temperato da 4 mm<\/li>\n<li>Disconnessione automatica delle lampade UV in caso di apertura accidentale dello sportello<\/li>\n<li>Timer multifunzionale commutabile con UV e illuminazione<\/li>\n<li>Piano di lavoro in vetro temperato bianco<\/li>\n<li>Scaffale in vetro temperato colore bianco<\/li>\n<li>Presa elettrica individuale<\/li>\n<li><strong>Plug&amp;Play<\/strong>facile come uscire dalla scatola e lavorare<\/li>\n<\/ul>\n<p>Utilizzo<\/p>\n<ul>\n<li>Amplificazione enzimatica di specifiche sequenze di DNA o RNA.<\/li>\n<\/ul>\n<table>\n<tbody>\n<tr>\n<td><strong>Modello<\/strong><\/td>\n<td><strong>PCR-V<\/strong><\/td>\n<\/tr>\n<tr>\n<td>Dimensioni interne (larghezza\/profondit\u00e0\/altezza)<\/td>\n<td>550x600x606<\/td>\n<\/tr>\n<tr>\n<td>Misure esterne (larghezza\/profondit\u00e0\/altezza)<\/td>\n<td>600x603x772<\/td>\n<\/tr>\n<tr>\n<td>Volume interno della cabina<\/td>\n<td>0.567 m3<\/td>\n<\/tr>\n<tr>\n<td>Altezza apertura frontale<\/td>\n<td>280 mm<\/td>\n<\/tr>\n<tr>\n<td>Consumo totale di elettricit\u00e0<\/td>\n<td>87 W<\/td>\n<\/tr>\n<tr>\n<td>Periodi di tensione<\/td>\n<td>110-220 V \/ 50-60 Hz<\/td>\n<\/tr>\n<tr>\n<td>Livello di illuminazione del LED<\/td>\n<td>1500 Lux \/ LED 15 W<\/td>\n<\/tr>\n<tr>\n<td>Lampada UV<\/td>\n<td>3 x 15 W<\/td>\n<\/tr>\n<tr>\n<td>Peso<\/td>\n<td>60 Kg<\/td>\n<\/tr>\n<tr>\n<td>Volume della scatola<\/td>\n<td>0.4 m3<\/td>\n<\/tr>\n<\/tbody>\n<\/table>","protected":false},"excerpt":{"rendered":"<p>Cabinet PCR - Ventilato PCR-V<\/p>","protected":false},"featured_media":14332,"comment_status":"open","ping_status":"closed","template":"","meta":[],"product_brand":[],"product_cat":[106,23],"product_tag":[],"class_list":{"0":"post-1330","1":"product","2":"type-product","3":"status-publish","4":"has-post-thumbnail","6":"product_cat-cabinas-de-seguridad","7":"product_cat-laboratorio","9":"first","10":"instock","11":"taxable","12":"shipping-taxable","13":"purchasable","14":"product-type-simple"},"yoast_head":"<!-- This site is optimized with the Yoast SEO plugin v27.2 - https:\/\/yoast.com\/product\/yoast-seo-wordpress\/ -->\n<title>Cabina PCR-V Ventilada - Labopolis<\/title>\n<meta name=\"description\" content=\"Cabina para PCR - PCR-V Ventilada\" \/>\n<meta name=\"robots\" content=\"index, follow, max-snippet:-1, max-image-preview:large, max-video-preview:-1\" \/>\n<link rel=\"canonical\" href=\"https:\/\/www.labopolis.com\/it\/prodotto\/cabina-pcr-v-ventilada\/\" \/>\n<meta property=\"og:locale\" content=\"it_IT\" \/>\n<meta property=\"og:type\" content=\"article\" \/>\n<meta property=\"og:title\" content=\"Cabina PCR-V Ventilada - Labopolis\" \/>\n<meta property=\"og:description\" content=\"Cabina para PCR - PCR-V Ventilada\" \/>\n<meta property=\"og:url\" content=\"https:\/\/www.labopolis.com\/it\/prodotto\/cabina-pcr-v-ventilada\/\" \/>\n<meta property=\"og:site_name\" content=\"Labopolis\" \/>\n<meta property=\"article:publisher\" content=\"https:\/\/www.facebook.com\/profile.php?id=100063251679439\" \/>\n<meta property=\"article:modified_time\" content=\"2026-02-05T09:56:17+00:00\" \/>\n<meta property=\"og:image\" content=\"https:\/\/www.labopolis.com\/wp-content\/uploads\/2023\/07\/PCR-670-FL-04_2022.jpg\" \/>\n\t<meta property=\"og:image:width\" content=\"1417\" \/>\n\t<meta property=\"og:image:height\" content=\"1514\" \/>\n\t<meta property=\"og:image:type\" content=\"image\/jpeg\" \/>\n<meta name=\"twitter:card\" content=\"summary_large_image\" \/>\n<meta name=\"twitter:site\" content=\"@Labopolis\" \/>\n<meta name=\"twitter:label1\" content=\"Tempo di lettura stimato\" \/>\n\t<meta name=\"twitter:data1\" content=\"2 minuti\" \/>\n<script type=\"application\/ld+json\" class=\"yoast-schema-graph\">{\"@context\":\"https:\/\/schema.org\",\"@graph\":[{\"@type\":\"WebPage\",\"@id\":\"https:\/\/www.labopolis.com\/producto\/cabina-pcr-v-ventilada\/\",\"url\":\"https:\/\/www.labopolis.com\/producto\/cabina-pcr-v-ventilada\/\",\"name\":\"Cabina PCR-V Ventilada - Labopolis\",\"isPartOf\":{\"@id\":\"https:\/\/www.labopolis.com\/#website\"},\"primaryImageOfPage\":{\"@id\":\"https:\/\/www.labopolis.com\/producto\/cabina-pcr-v-ventilada\/#primaryimage\"},\"image\":{\"@id\":\"https:\/\/www.labopolis.com\/producto\/cabina-pcr-v-ventilada\/#primaryimage\"},\"thumbnailUrl\":\"https:\/\/www.labopolis.com\/wp-content\/uploads\/2023\/07\/PCR-670-FL-04_2022.jpg\",\"datePublished\":\"2023-07-10T11:33:28+00:00\",\"dateModified\":\"2026-02-05T09:56:17+00:00\",\"description\":\"Cabina para PCR - PCR-V Ventilada\",\"breadcrumb\":{\"@id\":\"https:\/\/www.labopolis.com\/producto\/cabina-pcr-v-ventilada\/#breadcrumb\"},\"inLanguage\":\"it-IT\",\"potentialAction\":[{\"@type\":\"ReadAction\",\"target\":[\"https:\/\/www.labopolis.com\/producto\/cabina-pcr-v-ventilada\/\"]}]},{\"@type\":\"ImageObject\",\"inLanguage\":\"it-IT\",\"@id\":\"https:\/\/www.labopolis.com\/producto\/cabina-pcr-v-ventilada\/#primaryimage\",\"url\":\"https:\/\/www.labopolis.com\/wp-content\/uploads\/2023\/07\/PCR-670-FL-04_2022.jpg\",\"contentUrl\":\"https:\/\/www.labopolis.com\/wp-content\/uploads\/2023\/07\/PCR-670-FL-04_2022.jpg\",\"width\":1417,\"height\":1514},{\"@type\":\"BreadcrumbList\",\"@id\":\"https:\/\/www.labopolis.com\/producto\/cabina-pcr-v-ventilada\/#breadcrumb\",\"itemListElement\":[{\"@type\":\"ListItem\",\"position\":1,\"name\":\"Portada\",\"item\":\"https:\/\/www.labopolis.com\/\"},{\"@type\":\"ListItem\",\"position\":2,\"name\":\"Productos\",\"item\":\"https:\/\/www.labopolis.com\/shop\/\"},{\"@type\":\"ListItem\",\"position\":3,\"name\":\"Cabina PCR-V Ventilada\"}]},{\"@type\":\"WebSite\",\"@id\":\"https:\/\/www.labopolis.com\/#website\",\"url\":\"https:\/\/www.labopolis.com\/\",\"name\":\"Labopolis\",\"description\":\"\",\"potentialAction\":[{\"@type\":\"SearchAction\",\"target\":{\"@type\":\"EntryPoint\",\"urlTemplate\":\"https:\/\/www.labopolis.com\/?s={search_term_string}\"},\"query-input\":{\"@type\":\"PropertyValueSpecification\",\"valueRequired\":true,\"valueName\":\"search_term_string\"}}],\"inLanguage\":\"it-IT\"}]}<\/script>\n<!-- \/ Yoast SEO plugin. -->","yoast_head_json":{"title":"Cabina PCR-V Ventilata - Labopolis","description":"Cabina per PCR - PCR-V Ventilata","robots":{"index":"index","follow":"follow","max-snippet":"max-snippet:-1","max-image-preview":"max-image-preview:large","max-video-preview":"max-video-preview:-1"},"canonical":"https:\/\/www.labopolis.com\/it\/prodotto\/cabina-pcr-v-ventilada\/","og_locale":"it_IT","og_type":"article","og_title":"Cabina PCR-V Ventilada - Labopolis","og_description":"Cabina para PCR - PCR-V Ventilada","og_url":"https:\/\/www.labopolis.com\/it\/prodotto\/cabina-pcr-v-ventilada\/","og_site_name":"Labopolis","article_publisher":"https:\/\/www.facebook.com\/profile.php?id=100063251679439","article_modified_time":"2026-02-05T09:56:17+00:00","og_image":[{"width":1417,"height":1514,"url":"https:\/\/www.labopolis.com\/wp-content\/uploads\/2023\/07\/PCR-670-FL-04_2022.jpg","type":"image\/jpeg"}],"twitter_card":"summary_large_image","twitter_site":"@Labopolis","twitter_misc":{"Tempo di lettura stimato":"2 minuti"},"schema":{"@context":"https:\/\/schema.org","@graph":[{"@type":"WebPage","@id":"https:\/\/www.labopolis.com\/producto\/cabina-pcr-v-ventilada\/","url":"https:\/\/www.labopolis.com\/producto\/cabina-pcr-v-ventilada\/","name":"Cabina PCR-V Ventilata - Labopolis","isPartOf":{"@id":"https:\/\/www.labopolis.com\/#website"},"primaryImageOfPage":{"@id":"https:\/\/www.labopolis.com\/producto\/cabina-pcr-v-ventilada\/#primaryimage"},"image":{"@id":"https:\/\/www.labopolis.com\/producto\/cabina-pcr-v-ventilada\/#primaryimage"},"thumbnailUrl":"https:\/\/www.labopolis.com\/wp-content\/uploads\/2023\/07\/PCR-670-FL-04_2022.jpg","datePublished":"2023-07-10T11:33:28+00:00","dateModified":"2026-02-05T09:56:17+00:00","description":"Cabina per PCR - PCR-V Ventilata","breadcrumb":{"@id":"https:\/\/www.labopolis.com\/producto\/cabina-pcr-v-ventilada\/#breadcrumb"},"inLanguage":"it-IT","potentialAction":[{"@type":"ReadAction","target":["https:\/\/www.labopolis.com\/producto\/cabina-pcr-v-ventilada\/"]}]},{"@type":"ImageObject","inLanguage":"it-IT","@id":"https:\/\/www.labopolis.com\/producto\/cabina-pcr-v-ventilada\/#primaryimage","url":"https:\/\/www.labopolis.com\/wp-content\/uploads\/2023\/07\/PCR-670-FL-04_2022.jpg","contentUrl":"https:\/\/www.labopolis.com\/wp-content\/uploads\/2023\/07\/PCR-670-FL-04_2022.jpg","width":1417,"height":1514},{"@type":"BreadcrumbList","@id":"https:\/\/www.labopolis.com\/producto\/cabina-pcr-v-ventilada\/#breadcrumb","itemListElement":[{"@type":"ListItem","position":1,"name":"Portada","item":"https:\/\/www.labopolis.com\/"},{"@type":"ListItem","position":2,"name":"Productos","item":"https:\/\/www.labopolis.com\/shop\/"},{"@type":"ListItem","position":3,"name":"Cabina PCR-V Ventilada"}]},{"@type":"WebSite","@id":"https:\/\/www.labopolis.com\/#website","url":"https:\/\/www.labopolis.com\/","name":"Labopolis","description":"","potentialAction":[{"@type":"SearchAction","target":{"@type":"EntryPoint","urlTemplate":"https:\/\/www.labopolis.com\/?s={search_term_string}"},"query-input":{"@type":"PropertyValueSpecification","valueRequired":true,"valueName":"search_term_string"}}],"inLanguage":"it-IT"}]}},"_links":{"self":[{"href":"https:\/\/www.labopolis.com\/it\/wp-json\/wp\/v2\/product\/1330","targetHints":{"allow":["GET"]}}],"collection":[{"href":"https:\/\/www.labopolis.com\/it\/wp-json\/wp\/v2\/product"}],"about":[{"href":"https:\/\/www.labopolis.com\/it\/wp-json\/wp\/v2\/types\/product"}],"replies":[{"embeddable":true,"href":"https:\/\/www.labopolis.com\/it\/wp-json\/wp\/v2\/comments?post=1330"}],"wp:featuredmedia":[{"embeddable":true,"href":"https:\/\/www.labopolis.com\/it\/wp-json\/wp\/v2\/media\/14332"}],"wp:attachment":[{"href":"https:\/\/www.labopolis.com\/it\/wp-json\/wp\/v2\/media?parent=1330"}],"wp:term":[{"taxonomy":"product_brand","embeddable":true,"href":"https:\/\/www.labopolis.com\/it\/wp-json\/wp\/v2\/product_brand?post=1330"},{"taxonomy":"product_cat","embeddable":true,"href":"https:\/\/www.labopolis.com\/it\/wp-json\/wp\/v2\/product_cat?post=1330"},{"taxonomy":"product_tag","embeddable":true,"href":"https:\/\/www.labopolis.com\/it\/wp-json\/wp\/v2\/product_tag?post=1330"}],"curies":[{"name":"wp","href":"https:\/\/api.w.org\/{rel}","templated":true}]}}