{"id":1318,"date":"2023-07-10T11:33:21","date_gmt":"2023-07-10T11:33:21","guid":{"rendered":"https:\/\/www.labopolis.com\/?post_type=product&#038;p=1318"},"modified":"2026-02-05T10:07:33","modified_gmt":"2026-02-05T10:07:33","slug":"cabina-de-pesaje","status":"publish","type":"product","link":"https:\/\/www.labopolis.com\/it\/prodotto\/cabina-de-pesaje\/","title":{"rendered":"Armadi di pesatura PLUG &amp; PLAY"},"content":{"rendered":"<p><strong>CABINE DI PESATURA POLVERI MODELLI P-1 E P2<\/strong><br \/>\nPer la protezione dell'operatore durante le operazioni di pesatura di precisione, Cruma ha progettato una nuova cabina con\u00a0<strong>doppio filtraggio Hepa<\/strong>\u00a0per la ritenzione di particelle fino a 0,3 micron. La cabina \u00e8 prodotta in due dimensioni ed \u00e8 dotata di un filtro principale H-14 e di un filtro di sicurezza H-14 in espulsione. In opzione, pu\u00f2 essere configurata con un filtro a carbone attivo in espulsione.<\/p>\n<table class=\"easy-table easy-table-default\">\n<tbody>\n<tr>\n<td><strong>Modello<\/strong><\/td>\n<td><strong>P-1<\/strong><\/td>\n<td><strong>P-2<\/strong><\/td>\n<\/tr>\n<tr>\n<td>Dimensioni interne (larghezza\/profondit\u00e0\/altezza)<\/td>\n<td>710x556x610<\/td>\n<td>1110x556x610<\/td>\n<\/tr>\n<tr>\n<td>Misure esterne (larghezza\/profondit\u00e0\/altezza)<\/td>\n<td>800x600x1137<\/td>\n<td>1200x600x1137<\/td>\n<\/tr>\n<tr>\n<td>Colonne di filtraggio<\/td>\n<td>1<\/td>\n<td>1<\/td>\n<\/tr>\n<tr>\n<td>Numero di filtri<\/td>\n<td>2<\/td>\n<td>2<\/td>\n<\/tr>\n<tr>\n<td>I fan<\/td>\n<td>1<\/td>\n<td>1<\/td>\n<\/tr>\n<tr>\n<td>Volume medio di aria trattata\/ora<\/td>\n<td>175<\/td>\n<td>175<\/td>\n<\/tr>\n<tr>\n<td>Velocit\u00e0 media dell'aria in facciata<\/td>\n<td>0,50 m\/s<\/td>\n<td>0,50 m\/s<\/td>\n<\/tr>\n<tr>\n<td>Volume interno della cabina<\/td>\n<td>0.236m3<\/td>\n<td>0.236m3<\/td>\n<\/tr>\n<tr>\n<td>Rinnovo medio dell'aria in cabina \/ min.<\/td>\n<td>9.6<\/td>\n<td>8.3<\/td>\n<\/tr>\n<tr>\n<td>Consumo totale di elettricit\u00e0<\/td>\n<td>73 W<\/td>\n<td>91 W<\/td>\n<\/tr>\n<tr>\n<td>Periodi di tensione<\/td>\n<td>110-220 V \/ 50-60 Hz<\/td>\n<td>110-220 V \/ 50-60 Hz<\/td>\n<\/tr>\n<tr>\n<td>Livello di illuminazione del LED<\/td>\n<td>900Lux \/ LED 16 W<\/td>\n<td>900Lux \/ LED 16 W<\/td>\n<\/tr>\n<tr>\n<td>Lampada UV<\/td>\n<td>-<\/td>\n<td>-<\/td>\n<\/tr>\n<tr>\n<td>Livello di rumore<\/td>\n<td>48 dB<\/td>\n<td>48 dB<\/td>\n<\/tr>\n<tr>\n<td>Peso<\/td>\n<td>112 Kg<\/td>\n<td>142 Kg<\/td>\n<\/tr>\n<tr>\n<td>Volume Box<\/td>\n<td>0.74 m3<\/td>\n<td>0.95 m3<\/td>\n<\/tr>\n<\/tbody>\n<\/table>\n<p><strong>ARMADI DI PESATURA DI PRECISIONE MODELLO W-2<\/strong><br \/>\nArmadio di pesatura ultrapreciso con protezione totale per il lavoratore e l'ambiente durante la manipolazione di sostanze sviluppate nei laboratori di ricerca.<\/p>\n<p>Lavorare con sostanze estremamente tossiche non \u00e8 pi\u00f9 un problema per il personale di laboratorio grazie alla\u00a0<strong>Sistema di sicurezza a massima filtrazione<\/strong>\u00a0e il cambiamento di\u00a0<strong>Filtro BagIn e BagOut<\/strong> della nuova cabina <strong>W-2<\/strong>.<\/p>\n<p>Il sensibile\u00a0<strong>microbilance<\/strong>\u00a0richiedono un ambiente privo di vibrazioni e protetto da correnti d'aria. Cruma W-2 garantisce un ambiente di lavoro preciso e sicuro per lavorare con sostanze altamente attive, offrendo al contempo un'ergonomia e un comfort eccellenti. Il\u00a0<strong>la superficie di lavoro \u00e8 isolata da qualsiasi vibrazione<\/strong>\u00a0grazie alla sua\u00a0<strong>sistema antivibrazioni<\/strong>\u00a0che permette di calibrare con precisione e rapidit\u00e0 qualsiasi\u00a0<strong>equilibrio fino a 0,000001*.<\/strong>\u00a0grammi. Il suo design ergonomico e funzionale soddisfa i pi\u00f9 elevati standard di qualit\u00e0 e sicurezza.\u00a0 \u00a0<strong><em>*certificato da ENAC<\/em><\/strong><\/p>\n<table class=\"easy-table easy-table-default\">\n<tbody>\n<tr>\n<td><strong>Modello<\/strong><\/td>\n<td><strong>W-2<\/strong><\/td>\n<\/tr>\n<tr>\n<td>Dimensioni interne (larghezza\/profondit\u00e0\/altezza)<\/td>\n<td>1184x559x595 (mm)<\/td>\n<\/tr>\n<tr>\n<td>Misure esterne (larghezza\/profondit\u00e0\/altezza)<\/td>\n<td>1200x736x1675 (mm)<\/td>\n<\/tr>\n<tr>\n<td>Numero di colonne di filtri HEPA H-14<\/td>\n<td>2<\/td>\n<\/tr>\n<tr>\n<td>Numero di ventole IP54<\/td>\n<td>1<\/td>\n<\/tr>\n<tr>\n<td>Velocit\u00e0 media dell'aria in facciata<\/td>\n<td>0,30m\/s<\/td>\n<\/tr>\n<tr>\n<td>Volume medio trattato<\/td>\n<td>208m<sup>3<\/sup>\/h<\/td>\n<\/tr>\n<tr>\n<td>Consumo totale di elettricit\u00e0<\/td>\n<td>75W<\/td>\n<\/tr>\n<tr>\n<td>Periodi di tensione<\/td>\n<td>110-220V \/ 50-60Hz<\/td>\n<\/tr>\n<tr>\n<td>Livello di illuminazione del LED<\/td>\n<td>900lux<\/td>\n<\/tr>\n<tr>\n<td>Livello di rumore<\/td>\n<td>56dB\u00b13<\/td>\n<\/tr>\n<tr>\n<td>Peso<\/td>\n<td>193Kg\/153Kg Netto.<\/td>\n<\/tr>\n<tr>\n<td>Volume Box<\/td>\n<td>1,5 m<sup>3<\/sup><\/td>\n<\/tr>\n<\/tbody>\n<\/table>","protected":false},"excerpt":{"rendered":"<p><strong>CABINE DI PESATURA POLVERI MODELLI P-1 E P2 \/ 2 FILTRI INCLUSI<\/strong><br \/>\nPer la protezione dell'operatore durante le operazioni di pesatura di precisione, Cruma ha progettato una nuova cabina con\u00a0<strong>doppio filtraggio Hepa<\/strong>\u00a0per la ritenzione di particelle fino a 0,3 micron. La cabina \u00e8 prodotta in due dimensioni ed \u00e8 dotata di un filtro principale H-14 e di un filtro di sicurezza H-14 in espulsione. In opzione, pu\u00f2 essere configurata con un filtro a carbone attivo in espulsione.<\/p>\n<p><strong><em><a class=\"ficha-tecnica-es\" href=\"https:\/\/www.labopolis.com\/wp-content\/uploads\/2023\/07\/FichaTecnica-P1-ES.pdf\" target=\"_blank\" rel=\"noopener\"><i class=\"fas fa-file-alt\"><\/i> Schede tecniche degli armadi per la pesatura delle polveri P-1 e P-2<\/a><\/em><\/strong><\/p>\n<p><a class=\"ficha-tecnica-en\" href=\"https:\/\/www.labopolis.com\/wp-content\/uploads\/2023\/07\/TechnicalSheet-P1-EN.pdf\" target=\"_blank\" rel=\"noopener\"><i class=\"fas fa-file-alt\"><\/i> Scheda tecnica degli armadi per la pesatura delle polveri P-1 e P-2<\/a><\/p>\n<p><strong>ARMADI DI PESATURA DI PRECISIONE MODELLO W-2 \/ 2 FILTRI INCLUSI<\/strong><br \/>\nArmadio di pesatura ultrapreciso con protezione totale per il lavoratore e l'ambiente durante la manipolazione di sostanze sviluppate nei laboratori di ricerca.<\/p>\n<p><strong><em><a class=\"ficha-tecnica-es\" href=\"https:\/\/www.labopolis.com\/wp-content\/uploads\/2023\/07\/FichaTecnica-W2-ES.pdf\" target=\"_blank\" rel=\"noopener\"><i class=\"fas fa-file-alt\"><\/i> Scheda tecnica Armadio di pesatura di precisione W-2<\/a><\/em><\/strong><\/p>\n<p><a class=\"ficha-tecnica-en\" href=\"https:\/\/www.labopolis.com\/wp-content\/uploads\/2023\/07\/TechnicalSheet-W2-EN.pdf\" target=\"_blank\" rel=\"noopener\"><i class=\"fas fa-file-alt\"><\/i> Scheda tecnica Cabinet di pesatura di precisione W-2<\/a><\/p>","protected":false},"featured_media":14318,"comment_status":"open","ping_status":"closed","template":"","meta":[],"product_brand":[],"product_cat":[106,23],"product_tag":[],"class_list":{"0":"post-1318","1":"product","2":"type-product","3":"status-publish","4":"has-post-thumbnail","6":"product_cat-cabinas-de-seguridad","7":"product_cat-laboratorio","9":"first","10":"instock","11":"taxable","12":"shipping-taxable","13":"purchasable","14":"product-type-variable"},"yoast_head":"<!-- This site is optimized with the Yoast SEO plugin v27.2 - https:\/\/yoast.com\/product\/yoast-seo-wordpress\/ -->\n<title>Cabinas para pesaje PLUG &amp; PLAY - Labopolis<\/title>\n<meta name=\"description\" content=\"CABINAS PARA PESAJES DE POLVO MODELOS P-1 Y P2 \/ 2 FILTROS INCLUIDOS Para la protecci\u00f3n del operador durante las operaciones de pesadas de precisi\u00f3n, Cruma ha dise\u00f1ado una nueva cabina con\u00a0doble filtraci\u00f3n Hepa\u00a0para la retenci\u00f3n de part\u00edculas de hasta 0,3 micras. La cabina se fabrica en dos medidas\u00a0y va equipada con un filtro principal H-14 m\u00e1s un filtro de seguridad H-14 a la expulsi\u00f3n. Opcionalmente se puede configurar con un filtro de carb\u00f3n activo a la expulsi\u00f3n.   Ficha T\u00e9cnica Cabina de pesada de Polvo P-1 y P-2   Technical Data Sheet Powder Weighing Cabinets P-1 &amp; P-2  CABINAS PARA PESAJE DE PRECISI\u00d3N MODELO W-2 \/ 2 FILTROS INCLUIDOS Cabina para pesadas de ultra precisi\u00f3n con protecci\u00f3n total para el trabajador y el medio ambiente durante la manipulaci\u00f3n de sustancias desarrolladas en laboratorios de investigaci\u00f3n.   Ficha T\u00e9cnica Cabina para pesaje de precisi\u00f3n W-2   Technical Data Sheet Precision Weighing Cabinet W-2\" \/>\n<meta name=\"robots\" content=\"index, follow, max-snippet:-1, max-image-preview:large, max-video-preview:-1\" \/>\n<link rel=\"canonical\" href=\"https:\/\/www.labopolis.com\/it\/prodotto\/cabina-de-pesaje\/\" \/>\n<meta property=\"og:locale\" content=\"it_IT\" \/>\n<meta property=\"og:type\" content=\"article\" \/>\n<meta property=\"og:title\" content=\"Cabinas para pesaje PLUG &amp; PLAY - Labopolis\" \/>\n<meta property=\"og:description\" content=\"CABINAS PARA PESAJES DE POLVO MODELOS P-1 Y P2 \/ 2 FILTROS INCLUIDOS Para la protecci\u00f3n del operador durante las operaciones de pesadas de precisi\u00f3n, Cruma ha dise\u00f1ado una nueva cabina con\u00a0doble filtraci\u00f3n Hepa\u00a0para la retenci\u00f3n de part\u00edculas de hasta 0,3 micras. La cabina se fabrica en dos medidas\u00a0y va equipada con un filtro principal H-14 m\u00e1s un filtro de seguridad H-14 a la expulsi\u00f3n. Opcionalmente se puede configurar con un filtro de carb\u00f3n activo a la expulsi\u00f3n.   Ficha T\u00e9cnica Cabina de pesada de Polvo P-1 y P-2   Technical Data Sheet Powder Weighing Cabinets P-1 &amp; P-2  CABINAS PARA PESAJE DE PRECISI\u00d3N MODELO W-2 \/ 2 FILTROS INCLUIDOS Cabina para pesadas de ultra precisi\u00f3n con protecci\u00f3n total para el trabajador y el medio ambiente durante la manipulaci\u00f3n de sustancias desarrolladas en laboratorios de investigaci\u00f3n.   Ficha T\u00e9cnica Cabina para pesaje de precisi\u00f3n W-2   Technical Data Sheet Precision Weighing Cabinet W-2\" \/>\n<meta property=\"og:url\" content=\"https:\/\/www.labopolis.com\/it\/prodotto\/cabina-de-pesaje\/\" \/>\n<meta property=\"og:site_name\" content=\"Labopolis\" \/>\n<meta property=\"article:publisher\" content=\"https:\/\/www.facebook.com\/profile.php?id=100063251679439\" \/>\n<meta property=\"article:modified_time\" content=\"2026-02-05T10:07:33+00:00\" \/>\n<meta property=\"og:image\" content=\"https:\/\/www.labopolis.com\/wp-content\/uploads\/2023\/07\/P-1_08_2022.jpg\" \/>\n\t<meta property=\"og:image:width\" content=\"1776\" \/>\n\t<meta property=\"og:image:height\" content=\"2362\" \/>\n\t<meta property=\"og:image:type\" content=\"image\/jpeg\" \/>\n<meta name=\"twitter:card\" content=\"summary_large_image\" \/>\n<meta name=\"twitter:site\" content=\"@Labopolis\" \/>\n<meta name=\"twitter:label1\" content=\"Tempo di lettura stimato\" \/>\n\t<meta name=\"twitter:data1\" content=\"3 minuti\" \/>\n<script type=\"application\/ld+json\" class=\"yoast-schema-graph\">{\"@context\":\"https:\/\/schema.org\",\"@graph\":[{\"@type\":\"WebPage\",\"@id\":\"https:\/\/www.labopolis.com\/producto\/cabina-de-pesaje\/\",\"url\":\"https:\/\/www.labopolis.com\/producto\/cabina-de-pesaje\/\",\"name\":\"Cabinas para pesaje PLUG & PLAY - Labopolis\",\"isPartOf\":{\"@id\":\"https:\/\/www.labopolis.com\/#website\"},\"primaryImageOfPage\":{\"@id\":\"https:\/\/www.labopolis.com\/producto\/cabina-de-pesaje\/#primaryimage\"},\"image\":{\"@id\":\"https:\/\/www.labopolis.com\/producto\/cabina-de-pesaje\/#primaryimage\"},\"thumbnailUrl\":\"https:\/\/www.labopolis.com\/wp-content\/uploads\/2023\/07\/P-1_08_2022.jpg\",\"datePublished\":\"2023-07-10T11:33:21+00:00\",\"dateModified\":\"2026-02-05T10:07:33+00:00\",\"description\":\"CABINAS PARA PESAJES DE POLVO MODELOS P-1 Y P2 \/ 2 FILTROS INCLUIDOS Para la protecci\u00f3n del operador durante las operaciones de pesadas de precisi\u00f3n, Cruma ha dise\u00f1ado una nueva cabina con\u00a0doble filtraci\u00f3n Hepa\u00a0para la retenci\u00f3n de part\u00edculas de hasta 0,3 micras. La cabina se fabrica en dos medidas\u00a0y va equipada con un filtro principal H-14 m\u00e1s un filtro de seguridad H-14 a la expulsi\u00f3n. Opcionalmente se puede configurar con un filtro de carb\u00f3n activo a la expulsi\u00f3n. Ficha T\u00e9cnica Cabina de pesada de Polvo P-1 y P-2 Technical Data Sheet Powder Weighing Cabinets P-1 &amp; P-2 CABINAS PARA PESAJE DE PRECISI\u00d3N MODELO W-2 \/ 2 FILTROS INCLUIDOS Cabina para pesadas de ultra precisi\u00f3n con protecci\u00f3n total para el trabajador y el medio ambiente durante la manipulaci\u00f3n de sustancias desarrolladas en laboratorios de investigaci\u00f3n. Ficha T\u00e9cnica Cabina para pesaje de precisi\u00f3n W-2 Technical Data Sheet Precision Weighing Cabinet W-2\",\"breadcrumb\":{\"@id\":\"https:\/\/www.labopolis.com\/producto\/cabina-de-pesaje\/#breadcrumb\"},\"inLanguage\":\"it-IT\",\"potentialAction\":[{\"@type\":\"ReadAction\",\"target\":[\"https:\/\/www.labopolis.com\/producto\/cabina-de-pesaje\/\"]}]},{\"@type\":\"ImageObject\",\"inLanguage\":\"it-IT\",\"@id\":\"https:\/\/www.labopolis.com\/producto\/cabina-de-pesaje\/#primaryimage\",\"url\":\"https:\/\/www.labopolis.com\/wp-content\/uploads\/2023\/07\/P-1_08_2022.jpg\",\"contentUrl\":\"https:\/\/www.labopolis.com\/wp-content\/uploads\/2023\/07\/P-1_08_2022.jpg\",\"width\":1776,\"height\":2362},{\"@type\":\"BreadcrumbList\",\"@id\":\"https:\/\/www.labopolis.com\/producto\/cabina-de-pesaje\/#breadcrumb\",\"itemListElement\":[{\"@type\":\"ListItem\",\"position\":1,\"name\":\"Portada\",\"item\":\"https:\/\/www.labopolis.com\/\"},{\"@type\":\"ListItem\",\"position\":2,\"name\":\"Productos\",\"item\":\"https:\/\/www.labopolis.com\/shop\/\"},{\"@type\":\"ListItem\",\"position\":3,\"name\":\"Cabinas para pesaje PLUG &#038; PLAY\"}]},{\"@type\":\"WebSite\",\"@id\":\"https:\/\/www.labopolis.com\/#website\",\"url\":\"https:\/\/www.labopolis.com\/\",\"name\":\"Labopolis\",\"description\":\"\",\"potentialAction\":[{\"@type\":\"SearchAction\",\"target\":{\"@type\":\"EntryPoint\",\"urlTemplate\":\"https:\/\/www.labopolis.com\/?s={search_term_string}\"},\"query-input\":{\"@type\":\"PropertyValueSpecification\",\"valueRequired\":true,\"valueName\":\"search_term_string\"}}],\"inLanguage\":\"it-IT\"}]}<\/script>\n<!-- \/ Yoast SEO plugin. -->","yoast_head_json":{"title":"Armadi di pesatura PLUG &amp; PLAY - Labopolis","description":"CABINE DI PESATURA A POLVERE MODELLI P-1 E P2 \/ 2 FILTRI INCLUSI Per la protezione dell'operatore durante le operazioni di pesatura di precisione, Cruma ha progettato una nuova cabina con doppio filtraggio Hepa per la ritenzione di particelle fino a 0,3 micron. La cabina \u00e8 disponibile in due dimensioni ed \u00e8 dotata di un filtro principale H-14 e di un filtro di sicurezza H-14 in espulsione. In opzione, pu\u00f2 essere configurata con un filtro a carbone attivo in espulsione.   Scheda tecnica Cabine di pesatura per polveri P-1 e P-2 Scheda tecnica Cabine di pesatura per polveri P-1 e P-2 CABINE DI PESATURA DI PRECISIONE MODELLO W-2 \/ 2 FILTRI INCLUSI Cabina di pesatura di altissima precisione con protezione totale del lavoratore e dell'ambiente durante la manipolazione di sostanze sviluppate nei laboratori di ricerca.   Scheda tecnica armadio di pesatura di precisione W-2 Scheda tecnica armadio di pesatura di precisione W-2","robots":{"index":"index","follow":"follow","max-snippet":"max-snippet:-1","max-image-preview":"max-image-preview:large","max-video-preview":"max-video-preview:-1"},"canonical":"https:\/\/www.labopolis.com\/it\/prodotto\/cabina-de-pesaje\/","og_locale":"it_IT","og_type":"article","og_title":"Cabinas para pesaje PLUG & PLAY - Labopolis","og_description":"CABINAS PARA PESAJES DE POLVO MODELOS P-1 Y P2 \/ 2 FILTROS INCLUIDOS Para la protecci\u00f3n del operador durante las operaciones de pesadas de precisi\u00f3n, Cruma ha dise\u00f1ado una nueva cabina con\u00a0doble filtraci\u00f3n Hepa\u00a0para la retenci\u00f3n de part\u00edculas de hasta 0,3 micras. La cabina se fabrica en dos medidas\u00a0y va equipada con un filtro principal H-14 m\u00e1s un filtro de seguridad H-14 a la expulsi\u00f3n. Opcionalmente se puede configurar con un filtro de carb\u00f3n activo a la expulsi\u00f3n.   Ficha T\u00e9cnica Cabina de pesada de Polvo P-1 y P-2   Technical Data Sheet Powder Weighing Cabinets P-1 &amp; P-2  CABINAS PARA PESAJE DE PRECISI\u00d3N MODELO W-2 \/ 2 FILTROS INCLUIDOS Cabina para pesadas de ultra precisi\u00f3n con protecci\u00f3n total para el trabajador y el medio ambiente durante la manipulaci\u00f3n de sustancias desarrolladas en laboratorios de investigaci\u00f3n.   Ficha T\u00e9cnica Cabina para pesaje de precisi\u00f3n W-2   Technical Data Sheet Precision Weighing Cabinet W-2","og_url":"https:\/\/www.labopolis.com\/it\/prodotto\/cabina-de-pesaje\/","og_site_name":"Labopolis","article_publisher":"https:\/\/www.facebook.com\/profile.php?id=100063251679439","article_modified_time":"2026-02-05T10:07:33+00:00","og_image":[{"width":1776,"height":2362,"url":"https:\/\/www.labopolis.com\/wp-content\/uploads\/2023\/07\/P-1_08_2022.jpg","type":"image\/jpeg"}],"twitter_card":"summary_large_image","twitter_site":"@Labopolis","twitter_misc":{"Tempo di lettura stimato":"3 minuti"},"schema":{"@context":"https:\/\/schema.org","@graph":[{"@type":"WebPage","@id":"https:\/\/www.labopolis.com\/producto\/cabina-de-pesaje\/","url":"https:\/\/www.labopolis.com\/producto\/cabina-de-pesaje\/","name":"Armadi di pesatura PLUG &amp; PLAY - Labopolis","isPartOf":{"@id":"https:\/\/www.labopolis.com\/#website"},"primaryImageOfPage":{"@id":"https:\/\/www.labopolis.com\/producto\/cabina-de-pesaje\/#primaryimage"},"image":{"@id":"https:\/\/www.labopolis.com\/producto\/cabina-de-pesaje\/#primaryimage"},"thumbnailUrl":"https:\/\/www.labopolis.com\/wp-content\/uploads\/2023\/07\/P-1_08_2022.jpg","datePublished":"2023-07-10T11:33:21+00:00","dateModified":"2026-02-05T10:07:33+00:00","description":"CABINE DI PESATURA A POLVERE MODELLI P-1 E P2 \/ 2 FILTRI INCLUSI Per la protezione dell'operatore durante le operazioni di pesatura di precisione, Cruma ha progettato una nuova cabina con doppio filtraggio Hepa per la ritenzione di particelle fino a 0,3 micron. La cabina \u00e8 disponibile in due dimensioni ed \u00e8 dotata di un filtro principale H-14 e di un filtro di sicurezza H-14 in espulsione. In opzione, pu\u00f2 essere configurata con un filtro a carbone attivo in espulsione. Scheda tecnica Cabine di pesatura per polveri P-1 e P-2 Scheda tecnica Cabine di pesatura per polveri P-1 e P-2 CABINE DI PESATURA DI PRECISIONE MODELLO W-2 \/ 2 FILTRI INCLUSI Cabina di pesatura di altissima precisione con protezione totale del lavoratore e dell'ambiente durante la manipolazione di sostanze sviluppate nei laboratori di ricerca. Scheda tecnica armadio di pesatura di precisione W-2 Scheda tecnica armadio di pesatura di precisione W-2","breadcrumb":{"@id":"https:\/\/www.labopolis.com\/producto\/cabina-de-pesaje\/#breadcrumb"},"inLanguage":"it-IT","potentialAction":[{"@type":"ReadAction","target":["https:\/\/www.labopolis.com\/producto\/cabina-de-pesaje\/"]}]},{"@type":"ImageObject","inLanguage":"it-IT","@id":"https:\/\/www.labopolis.com\/producto\/cabina-de-pesaje\/#primaryimage","url":"https:\/\/www.labopolis.com\/wp-content\/uploads\/2023\/07\/P-1_08_2022.jpg","contentUrl":"https:\/\/www.labopolis.com\/wp-content\/uploads\/2023\/07\/P-1_08_2022.jpg","width":1776,"height":2362},{"@type":"BreadcrumbList","@id":"https:\/\/www.labopolis.com\/producto\/cabina-de-pesaje\/#breadcrumb","itemListElement":[{"@type":"ListItem","position":1,"name":"Portada","item":"https:\/\/www.labopolis.com\/"},{"@type":"ListItem","position":2,"name":"Productos","item":"https:\/\/www.labopolis.com\/shop\/"},{"@type":"ListItem","position":3,"name":"Cabinas para pesaje PLUG &#038; PLAY"}]},{"@type":"WebSite","@id":"https:\/\/www.labopolis.com\/#website","url":"https:\/\/www.labopolis.com\/","name":"Labopolis","description":"","potentialAction":[{"@type":"SearchAction","target":{"@type":"EntryPoint","urlTemplate":"https:\/\/www.labopolis.com\/?s={search_term_string}"},"query-input":{"@type":"PropertyValueSpecification","valueRequired":true,"valueName":"search_term_string"}}],"inLanguage":"it-IT"}]}},"_links":{"self":[{"href":"https:\/\/www.labopolis.com\/it\/wp-json\/wp\/v2\/product\/1318","targetHints":{"allow":["GET"]}}],"collection":[{"href":"https:\/\/www.labopolis.com\/it\/wp-json\/wp\/v2\/product"}],"about":[{"href":"https:\/\/www.labopolis.com\/it\/wp-json\/wp\/v2\/types\/product"}],"replies":[{"embeddable":true,"href":"https:\/\/www.labopolis.com\/it\/wp-json\/wp\/v2\/comments?post=1318"}],"wp:featuredmedia":[{"embeddable":true,"href":"https:\/\/www.labopolis.com\/it\/wp-json\/wp\/v2\/media\/14318"}],"wp:attachment":[{"href":"https:\/\/www.labopolis.com\/it\/wp-json\/wp\/v2\/media?parent=1318"}],"wp:term":[{"taxonomy":"product_brand","embeddable":true,"href":"https:\/\/www.labopolis.com\/it\/wp-json\/wp\/v2\/product_brand?post=1318"},{"taxonomy":"product_cat","embeddable":true,"href":"https:\/\/www.labopolis.com\/it\/wp-json\/wp\/v2\/product_cat?post=1318"},{"taxonomy":"product_tag","embeddable":true,"href":"https:\/\/www.labopolis.com\/it\/wp-json\/wp\/v2\/product_tag?post=1318"}],"curies":[{"name":"wp","href":"https:\/\/api.w.org\/{rel}","templated":true}]}}