{"id":1313,"date":"2023-07-10T11:33:21","date_gmt":"2023-07-10T11:33:21","guid":{"rendered":"https:\/\/www.labopolis.com\/?post_type=product&#038;p=1313"},"modified":"2026-02-05T10:03:22","modified_gmt":"2026-02-05T10:03:22","slug":"cabina-de-flujo-laminar-horizontal-hz","status":"publish","type":"product","link":"https:\/\/www.labopolis.com\/it\/prodotto\/cabina-de-flujo-laminar-horizontal-hz\/","title":{"rendered":"ARMADIO A FLUSSO LAMINARE ORIZZONTALE HZ"},"content":{"rendered":"<p>Cappe orizzontali a flusso laminare ISO Classe 5 \/ Filtri inclusi<br \/>\nCostruzione: le superfici esterne sono in acciaio laminato a freddo con rivestimento epossidico bianco, verniciato a forno a 200\u00b0C, resistente ai composti chimici utilizzati per la sterilizzazione.<br \/>\nSuperficie di lavoro: la superficie della zona di lavoro\/camera di lavoro \u00e8 in acciaio inox AISI 304 2B.<br \/>\nFiltro assoluto HEPA H-14 con equalizzatore di flusso, efficienza superiore al 99,995 % su particelle di 0,3 micron. Standard MIL-F51068C e BS 3298.<br \/>\nMotori ventilatori: motori centrifughi a doppia aspirazione, adatti a fornire un flusso laminare nell'area di lavoro, particolarmente in grado di far fronte alla saturazione dei filtri fino a un valore massimo di 400 Pascal.<br \/>\nPannello di controllo. Tastiera soft-touch con interruttore per lampade LED, luce ultravioletta U.V., sistema di mantenimento della velocit\u00e0 dell'aria tramite filtro HEPA autoregolato elettronicamente e pulsante di controllo per la riduzione della velocit\u00e0 ECO.<br \/>\nIlluminazione: lampade LED posizionate centralmente con schermo diffusore prismatico per una migliore distribuzione della luce sul piano di lavoro.<\/p>\n<p>USI<\/p>\n<ul>\n<li>Plasma ricco di piastrine.<\/li>\n<li>Fattori di crescita.<\/li>\n<li>Trasferimento di farmaci nel servizio farmaceutico.<\/li>\n<li>Ematologia, analisi clinica e analisi microscopica.<\/li>\n<li>Riempimento di antibiotici e farmaci iniettabili (eccetto i citostatici).<\/li>\n<li>Coltura di tessuti, coltura di cellule vegetali...<\/li>\n<li>Ricostituzione delle buste parentali.<\/li>\n<li>Metodologia di fecondazione assistita.<\/li>\n<li>Tecniche di micropropagazione.<\/li>\n<li>Controllo della qualit\u00e0 dell'acqua e degli alimenti<\/li>\n<li>Produzione e riparazione di dispositivi elettronici<\/li>\n<li>Protezione dalla polvere nell'industria ottica...<\/li>\n<\/ul>\n<table class=\"easy-table easy-table-default\">\n<tbody>\n<tr>\n<td><strong>Modello<\/strong><\/td>\n<td>HZ-1<\/td>\n<td>HZ-2<\/td>\n<td>HZ-3<\/td>\n<td>HZ-4<\/td>\n<\/tr>\n<tr>\n<td>Dimensioni interne (larghezza\/profondit\u00e0\/altezza)<\/td>\n<td>769x600x633<\/td>\n<td>1169x600x633<\/td>\n<td>1500x600x640<\/td>\n<td>1800x600x640<\/td>\n<\/tr>\n<tr>\n<td>Misure esterne (larghezza\/profondit\u00e0\/altezza)<\/td>\n<td>895x770x977<\/td>\n<td>1295x770x977<\/td>\n<td>1625x771x1053<\/td>\n<td>1925x771x1053<\/td>\n<\/tr>\n<tr>\n<td>Colonne di filtraggio<\/td>\n<td>-<\/td>\n<td>-<\/td>\n<td>-<\/td>\n<td>-<\/td>\n<\/tr>\n<tr>\n<td>Numero di filtri<\/td>\n<td>1<\/td>\n<td>1<\/td>\n<td>1<\/td>\n<td>1<\/td>\n<\/tr>\n<tr>\n<td>I fan<\/td>\n<td>1<\/td>\n<td>2<\/td>\n<\/tr>\n<tr>\n<td>Volume medio di aria trattata\/ora<\/td>\n<td>-<\/td>\n<td>-<\/td>\n<td>-<\/td>\n<td>-<\/td>\n<\/tr>\n<tr>\n<td>Velocit\u00e0 media dell'aria in facciata<\/td>\n<td>0,40 m\/s<\/td>\n<td>0,40 m\/s<\/td>\n<td>0,45 m\/s<\/td>\n<td>0,45 m\/s<\/td>\n<\/tr>\n<tr>\n<td>Volume interno della cabina<\/td>\n<td>0.292m3<\/td>\n<td>0.443m3<\/td>\n<td>0.576m3<\/td>\n<td>0.684m3<\/td>\n<\/tr>\n<tr>\n<td>Rinnovo medio dell'aria in cabina \/ min.<\/td>\n<td>-<\/td>\n<td>-<\/td>\n<td>-<\/td>\n<td>-<\/td>\n<\/tr>\n<tr>\n<td>Consumo totale di elettricit\u00e0<\/td>\n<td>211 W<\/td>\n<td>406 W<\/td>\n<td>211 W<\/td>\n<td>211 W<\/td>\n<\/tr>\n<tr>\n<td>Periodi di tensione<\/td>\n<td>110-220 V \/ 50-60 Hz<\/td>\n<td>110-220 V \/ 50-60 Hz<\/td>\n<td>110-220 V \/ 50-60 Hz<\/td>\n<td>110-220 V \/ 50-60 Hz<\/td>\n<\/tr>\n<tr>\n<td>Livello di illuminazione del LED<\/td>\n<td>900Lux \/ LED 16 W<\/td>\n<td>900Lux \/ 2 x LED 16 W<\/td>\n<td>1100Lux<\/td>\n<td>1100Lux<\/td>\n<\/tr>\n<tr>\n<td>Lampada UV<\/td>\n<td>Opzionale 2x15W<\/td>\n<td>Opzionale 2x15W<\/td>\n<td>Opzionale 2x15W<\/td>\n<td>Opzionale 2x15W<\/td>\n<\/tr>\n<tr>\n<td>Livello di rumore<\/td>\n<td>50 dB<\/td>\n<td>50 dB<\/td>\n<td>57 dB<\/td>\n<td>57 dB<\/td>\n<\/tr>\n<tr>\n<td>Peso<\/td>\n<td>115 Kg<\/td>\n<td>140 Kg<\/td>\n<td>118 Kg<\/td>\n<td>185 Kg<\/td>\n<\/tr>\n<tr>\n<td>Volume Box<\/td>\n<td>0.69 m3<\/td>\n<td>1.0 m3<\/td>\n<td>1.04 m3<\/td>\n<td>1.48 m3<\/td>\n<\/tr>\n<\/tbody>\n<\/table>","protected":false},"excerpt":{"rendered":"<p>Le cappe a flusso laminare orizzontale di classe ISO 5 (ex classe 100) sono ideali per le applicazioni in cui \u00e8 necessario garantire la protezione dei prodotti dalla contaminazione esterna e incrociata. Il particolare sistema di montaggio delle pareti laterali, posizionate all'interno del perimetro del filtro, impedisce l'ingresso di eventuali contaminanti nell'area di lavoro attraverso il telaio del filtro stesso, grazie all'effetto Venturi. L'aria raccolta dall'ambiente viene pre-filtrata su poliuretano ad alta efficienza ponderale e, spinta dal ventilatore motorizzato nel plenum, passa attraverso il filtro assoluto ed entra nell'area di lavoro. L'aria esce dal filtro HEPA H-14 posto di fronte all'operatore, muovendosi in modo compatto e laminare, creando un'area di lavoro in classe ISO 5, quindi sterile, e allontanando eventuali particelle contaminanti dal prodotto in lavorazione. I filtri sono inclusi.<\/p>\n<p><strong><em><a class=\"ficha-tecnica-es\" href=\"https:\/\/www.labopolis.com\/wp-content\/uploads\/2023\/07\/FichaTecnica-HZ1-ES.pdf\" target=\"_blank\" rel=\"noopener\"><i class=\"fas fa-file-alt\"><\/i> Scheda tecnica Cabina a flusso laminare HZ <\/a><br \/>\n<a class=\"ficha-tecnica-en\" href=\"https:\/\/www.labopolis.com\/wp-content\/uploads\/2023\/07\/FichaTecnica-HZ1-ES.pdf\" target=\"_blank\" rel=\"noopener\"><i class=\"fas fa-file-alt\"><\/i> Scheda tecnica Armadi a flusso laminare orizzontale HZ<\/a><\/em><\/strong><\/p>","protected":false},"featured_media":14336,"comment_status":"open","ping_status":"closed","template":"","meta":[],"product_brand":[],"product_cat":[106,23],"product_tag":[],"class_list":{"0":"post-1313","1":"product","2":"type-product","3":"status-publish","4":"has-post-thumbnail","6":"product_cat-cabinas-de-seguridad","7":"product_cat-laboratorio","9":"first","10":"instock","11":"taxable","12":"shipping-taxable","13":"purchasable","14":"product-type-variable"},"yoast_head":"<!-- This site is optimized with the Yoast SEO plugin v27.2 - https:\/\/yoast.com\/product\/yoast-seo-wordpress\/ -->\n<title>CABINA DE FLUJO LAMINAR HORIZONTAL HZ - Labopolis<\/title>\n<meta name=\"description\" content=\"Las campanas de flujo laminar horizontal de Clase ISO 5 (antigua clase 100) son ideales para trabajos que deban asegurar la protecci\u00f3n de los productos frente a contaminaciones externas y cruzadas. El particular sistema de montaje de las paredes laterales, posicionadas en el interior del per\u00edmetro del filtro, evita la entrada de eventuales contaminantes en el \u00e1rea de trabajo a trav\u00e9s del marco del filtro mismo gracias el efecto Venturi. El aire recogido del ambiente es prefiltrado sobre poliuretano a elevada eficiencia ponderada y, empujado por el moto ventilador en el plenum de retenci\u00f3n, atraviesa el filtro absoluto y embiste el \u00e1rea de trabajo. El aire emerge del filtro HEPA H-14 puesto en frente del operador, movi\u00e9ndose en modo compacto y laminar, creando una zona de trabajo en Clase ISO 5, por tanto est\u00e9ril, y alejando eventuales part\u00edculas contaminantes del producto con el que se est\u00e1 trabajando. Los filtros est\u00e1n incluidos.   Ficha T\u00e9cnica Cabina de Flujo Laminar HZ  Technical Data Sheet Horizontal Laminar Flow Cabinets HZ\" \/>\n<meta name=\"robots\" content=\"index, follow, max-snippet:-1, max-image-preview:large, max-video-preview:-1\" \/>\n<link rel=\"canonical\" href=\"https:\/\/www.labopolis.com\/it\/prodotto\/cabina-de-flujo-laminar-horizontal-hz\/\" \/>\n<meta property=\"og:locale\" content=\"it_IT\" \/>\n<meta property=\"og:type\" content=\"article\" \/>\n<meta property=\"og:title\" content=\"CABINA DE FLUJO LAMINAR HORIZONTAL HZ - Labopolis\" \/>\n<meta property=\"og:description\" content=\"Las campanas de flujo laminar horizontal de Clase ISO 5 (antigua clase 100) son ideales para trabajos que deban asegurar la protecci\u00f3n de los productos frente a contaminaciones externas y cruzadas. El particular sistema de montaje de las paredes laterales, posicionadas en el interior del per\u00edmetro del filtro, evita la entrada de eventuales contaminantes en el \u00e1rea de trabajo a trav\u00e9s del marco del filtro mismo gracias el efecto Venturi. El aire recogido del ambiente es prefiltrado sobre poliuretano a elevada eficiencia ponderada y, empujado por el moto ventilador en el plenum de retenci\u00f3n, atraviesa el filtro absoluto y embiste el \u00e1rea de trabajo. El aire emerge del filtro HEPA H-14 puesto en frente del operador, movi\u00e9ndose en modo compacto y laminar, creando una zona de trabajo en Clase ISO 5, por tanto est\u00e9ril, y alejando eventuales part\u00edculas contaminantes del producto con el que se est\u00e1 trabajando. Los filtros est\u00e1n incluidos.   Ficha T\u00e9cnica Cabina de Flujo Laminar HZ  Technical Data Sheet Horizontal Laminar Flow Cabinets HZ\" \/>\n<meta property=\"og:url\" content=\"https:\/\/www.labopolis.com\/it\/prodotto\/cabina-de-flujo-laminar-horizontal-hz\/\" \/>\n<meta property=\"og:site_name\" content=\"Labopolis\" \/>\n<meta property=\"article:publisher\" content=\"https:\/\/www.facebook.com\/profile.php?id=100063251679439\" \/>\n<meta property=\"article:modified_time\" content=\"2026-02-05T10:03:22+00:00\" \/>\n<meta property=\"og:image\" content=\"https:\/\/www.labopolis.com\/wp-content\/uploads\/2023\/07\/HZ-1.jpg\" \/>\n\t<meta property=\"og:image:width\" content=\"1417\" \/>\n\t<meta property=\"og:image:height\" content=\"1280\" \/>\n\t<meta property=\"og:image:type\" content=\"image\/jpeg\" \/>\n<meta name=\"twitter:card\" content=\"summary_large_image\" \/>\n<meta name=\"twitter:site\" content=\"@Labopolis\" \/>\n<meta name=\"twitter:label1\" content=\"Tempo di lettura stimato\" \/>\n\t<meta name=\"twitter:data1\" content=\"2 minuti\" \/>\n<script type=\"application\/ld+json\" class=\"yoast-schema-graph\">{\"@context\":\"https:\/\/schema.org\",\"@graph\":[{\"@type\":\"WebPage\",\"@id\":\"https:\/\/www.labopolis.com\/producto\/cabina-de-flujo-laminar-horizontal-hz\/\",\"url\":\"https:\/\/www.labopolis.com\/producto\/cabina-de-flujo-laminar-horizontal-hz\/\",\"name\":\"CABINA DE FLUJO LAMINAR HORIZONTAL HZ - Labopolis\",\"isPartOf\":{\"@id\":\"https:\/\/www.labopolis.com\/#website\"},\"primaryImageOfPage\":{\"@id\":\"https:\/\/www.labopolis.com\/producto\/cabina-de-flujo-laminar-horizontal-hz\/#primaryimage\"},\"image\":{\"@id\":\"https:\/\/www.labopolis.com\/producto\/cabina-de-flujo-laminar-horizontal-hz\/#primaryimage\"},\"thumbnailUrl\":\"https:\/\/www.labopolis.com\/wp-content\/uploads\/2023\/07\/HZ-1.jpg\",\"datePublished\":\"2023-07-10T11:33:21+00:00\",\"dateModified\":\"2026-02-05T10:03:22+00:00\",\"description\":\"Las campanas de flujo laminar horizontal de Clase ISO 5 (antigua clase 100) son ideales para trabajos que deban asegurar la protecci\u00f3n de los productos frente a contaminaciones externas y cruzadas. El particular sistema de montaje de las paredes laterales, posicionadas en el interior del per\u00edmetro del filtro, evita la entrada de eventuales contaminantes en el \u00e1rea de trabajo a trav\u00e9s del marco del filtro mismo gracias el efecto Venturi. El aire recogido del ambiente es prefiltrado sobre poliuretano a elevada eficiencia ponderada y, empujado por el moto ventilador en el plenum de retenci\u00f3n, atraviesa el filtro absoluto y embiste el \u00e1rea de trabajo. El aire emerge del filtro HEPA H-14 puesto en frente del operador, movi\u00e9ndose en modo compacto y laminar, creando una zona de trabajo en Clase ISO 5, por tanto est\u00e9ril, y alejando eventuales part\u00edculas contaminantes del producto con el que se est\u00e1 trabajando. Los filtros est\u00e1n incluidos. Ficha T\u00e9cnica Cabina de Flujo Laminar HZ Technical Data Sheet Horizontal Laminar Flow Cabinets HZ\",\"breadcrumb\":{\"@id\":\"https:\/\/www.labopolis.com\/producto\/cabina-de-flujo-laminar-horizontal-hz\/#breadcrumb\"},\"inLanguage\":\"it-IT\",\"potentialAction\":[{\"@type\":\"ReadAction\",\"target\":[\"https:\/\/www.labopolis.com\/producto\/cabina-de-flujo-laminar-horizontal-hz\/\"]}]},{\"@type\":\"ImageObject\",\"inLanguage\":\"it-IT\",\"@id\":\"https:\/\/www.labopolis.com\/producto\/cabina-de-flujo-laminar-horizontal-hz\/#primaryimage\",\"url\":\"https:\/\/www.labopolis.com\/wp-content\/uploads\/2023\/07\/HZ-1.jpg\",\"contentUrl\":\"https:\/\/www.labopolis.com\/wp-content\/uploads\/2023\/07\/HZ-1.jpg\",\"width\":1417,\"height\":1280},{\"@type\":\"BreadcrumbList\",\"@id\":\"https:\/\/www.labopolis.com\/producto\/cabina-de-flujo-laminar-horizontal-hz\/#breadcrumb\",\"itemListElement\":[{\"@type\":\"ListItem\",\"position\":1,\"name\":\"Portada\",\"item\":\"https:\/\/www.labopolis.com\/\"},{\"@type\":\"ListItem\",\"position\":2,\"name\":\"Productos\",\"item\":\"https:\/\/www.labopolis.com\/shop\/\"},{\"@type\":\"ListItem\",\"position\":3,\"name\":\"CABINA DE FLUJO LAMINAR HORIZONTAL HZ\"}]},{\"@type\":\"WebSite\",\"@id\":\"https:\/\/www.labopolis.com\/#website\",\"url\":\"https:\/\/www.labopolis.com\/\",\"name\":\"Labopolis\",\"description\":\"\",\"potentialAction\":[{\"@type\":\"SearchAction\",\"target\":{\"@type\":\"EntryPoint\",\"urlTemplate\":\"https:\/\/www.labopolis.com\/?s={search_term_string}\"},\"query-input\":{\"@type\":\"PropertyValueSpecification\",\"valueRequired\":true,\"valueName\":\"search_term_string\"}}],\"inLanguage\":\"it-IT\"}]}<\/script>\n<!-- \/ Yoast SEO plugin. -->","yoast_head_json":{"title":"CABINA DI FLUSSO LAMINARE ORIZZONTALE HZ - Labopolis","description":"Le cappe a flusso laminare orizzontale di classe ISO 5 (ex classe 100) sono ideali per le applicazioni in cui \u00e8 necessario garantire la protezione dei prodotti dalla contaminazione esterna e incrociata. Il particolare sistema di montaggio delle pareti laterali, posizionate all'interno del perimetro del filtro, impedisce l'ingresso di eventuali contaminanti nell'area di lavoro attraverso il telaio del filtro stesso, grazie all'effetto Venturi. L'aria raccolta dall'ambiente viene pre-filtrata su poliuretano ad alta efficienza ponderale e, spinta dal ventilatore motorizzato nel plenum, passa attraverso il filtro assoluto ed entra nell'area di lavoro. L'aria esce dal filtro HEPA H-14 posto di fronte all'operatore, muovendosi in modo compatto e laminare, creando un'area di lavoro in classe ISO 5, quindi sterile, e allontanando eventuali particelle contaminanti dal prodotto in lavorazione. I filtri sono inclusi.   Scheda tecnica Armadi a flusso laminare orizzontale HZ Scheda tecnica Armadi a flusso laminare orizzontale HZ","robots":{"index":"index","follow":"follow","max-snippet":"max-snippet:-1","max-image-preview":"max-image-preview:large","max-video-preview":"max-video-preview:-1"},"canonical":"https:\/\/www.labopolis.com\/it\/prodotto\/cabina-de-flujo-laminar-horizontal-hz\/","og_locale":"it_IT","og_type":"article","og_title":"CABINA DE FLUJO LAMINAR HORIZONTAL HZ - Labopolis","og_description":"Las campanas de flujo laminar horizontal de Clase ISO 5 (antigua clase 100) son ideales para trabajos que deban asegurar la protecci\u00f3n de los productos frente a contaminaciones externas y cruzadas. El particular sistema de montaje de las paredes laterales, posicionadas en el interior del per\u00edmetro del filtro, evita la entrada de eventuales contaminantes en el \u00e1rea de trabajo a trav\u00e9s del marco del filtro mismo gracias el efecto Venturi. El aire recogido del ambiente es prefiltrado sobre poliuretano a elevada eficiencia ponderada y, empujado por el moto ventilador en el plenum de retenci\u00f3n, atraviesa el filtro absoluto y embiste el \u00e1rea de trabajo. El aire emerge del filtro HEPA H-14 puesto en frente del operador, movi\u00e9ndose en modo compacto y laminar, creando una zona de trabajo en Clase ISO 5, por tanto est\u00e9ril, y alejando eventuales part\u00edculas contaminantes del producto con el que se est\u00e1 trabajando. Los filtros est\u00e1n incluidos.   Ficha T\u00e9cnica Cabina de Flujo Laminar HZ  Technical Data Sheet Horizontal Laminar Flow Cabinets HZ","og_url":"https:\/\/www.labopolis.com\/it\/prodotto\/cabina-de-flujo-laminar-horizontal-hz\/","og_site_name":"Labopolis","article_publisher":"https:\/\/www.facebook.com\/profile.php?id=100063251679439","article_modified_time":"2026-02-05T10:03:22+00:00","og_image":[{"width":1417,"height":1280,"url":"https:\/\/www.labopolis.com\/wp-content\/uploads\/2023\/07\/HZ-1.jpg","type":"image\/jpeg"}],"twitter_card":"summary_large_image","twitter_site":"@Labopolis","twitter_misc":{"Tempo di lettura stimato":"2 minuti"},"schema":{"@context":"https:\/\/schema.org","@graph":[{"@type":"WebPage","@id":"https:\/\/www.labopolis.com\/producto\/cabina-de-flujo-laminar-horizontal-hz\/","url":"https:\/\/www.labopolis.com\/producto\/cabina-de-flujo-laminar-horizontal-hz\/","name":"CABINA DI FLUSSO LAMINARE ORIZZONTALE HZ - Labopolis","isPartOf":{"@id":"https:\/\/www.labopolis.com\/#website"},"primaryImageOfPage":{"@id":"https:\/\/www.labopolis.com\/producto\/cabina-de-flujo-laminar-horizontal-hz\/#primaryimage"},"image":{"@id":"https:\/\/www.labopolis.com\/producto\/cabina-de-flujo-laminar-horizontal-hz\/#primaryimage"},"thumbnailUrl":"https:\/\/www.labopolis.com\/wp-content\/uploads\/2023\/07\/HZ-1.jpg","datePublished":"2023-07-10T11:33:21+00:00","dateModified":"2026-02-05T10:03:22+00:00","description":"Le cappe a flusso laminare orizzontale di classe ISO 5 (ex classe 100) sono ideali per le applicazioni in cui \u00e8 necessario garantire la protezione dei prodotti dalla contaminazione esterna e incrociata. Il particolare sistema di montaggio delle pareti laterali, posizionate all'interno del perimetro del filtro, impedisce l'ingresso di eventuali contaminanti nell'area di lavoro attraverso il telaio del filtro stesso, grazie all'effetto Venturi. L'aria raccolta dall'ambiente viene pre-filtrata su poliuretano ad alta efficienza ponderale e, spinta dal ventilatore motorizzato nel plenum, passa attraverso il filtro assoluto ed entra nell'area di lavoro. L'aria esce dal filtro HEPA H-14 posto di fronte all'operatore, muovendosi in modo compatto e laminare, creando un'area di lavoro in classe ISO 5, quindi sterile, e rimuovendo eventuali particelle contaminanti dal prodotto in lavorazione. I filtri sono inclusi. Scheda tecnica Armadi a flusso laminare orizzontale HZ Scheda tecnica Armadi a flusso laminare orizzontale HZ","breadcrumb":{"@id":"https:\/\/www.labopolis.com\/producto\/cabina-de-flujo-laminar-horizontal-hz\/#breadcrumb"},"inLanguage":"it-IT","potentialAction":[{"@type":"ReadAction","target":["https:\/\/www.labopolis.com\/producto\/cabina-de-flujo-laminar-horizontal-hz\/"]}]},{"@type":"ImageObject","inLanguage":"it-IT","@id":"https:\/\/www.labopolis.com\/producto\/cabina-de-flujo-laminar-horizontal-hz\/#primaryimage","url":"https:\/\/www.labopolis.com\/wp-content\/uploads\/2023\/07\/HZ-1.jpg","contentUrl":"https:\/\/www.labopolis.com\/wp-content\/uploads\/2023\/07\/HZ-1.jpg","width":1417,"height":1280},{"@type":"BreadcrumbList","@id":"https:\/\/www.labopolis.com\/producto\/cabina-de-flujo-laminar-horizontal-hz\/#breadcrumb","itemListElement":[{"@type":"ListItem","position":1,"name":"Portada","item":"https:\/\/www.labopolis.com\/"},{"@type":"ListItem","position":2,"name":"Productos","item":"https:\/\/www.labopolis.com\/shop\/"},{"@type":"ListItem","position":3,"name":"CABINA DE FLUJO LAMINAR HORIZONTAL HZ"}]},{"@type":"WebSite","@id":"https:\/\/www.labopolis.com\/#website","url":"https:\/\/www.labopolis.com\/","name":"Labopolis","description":"","potentialAction":[{"@type":"SearchAction","target":{"@type":"EntryPoint","urlTemplate":"https:\/\/www.labopolis.com\/?s={search_term_string}"},"query-input":{"@type":"PropertyValueSpecification","valueRequired":true,"valueName":"search_term_string"}}],"inLanguage":"it-IT"}]}},"_links":{"self":[{"href":"https:\/\/www.labopolis.com\/it\/wp-json\/wp\/v2\/product\/1313","targetHints":{"allow":["GET"]}}],"collection":[{"href":"https:\/\/www.labopolis.com\/it\/wp-json\/wp\/v2\/product"}],"about":[{"href":"https:\/\/www.labopolis.com\/it\/wp-json\/wp\/v2\/types\/product"}],"replies":[{"embeddable":true,"href":"https:\/\/www.labopolis.com\/it\/wp-json\/wp\/v2\/comments?post=1313"}],"wp:featuredmedia":[{"embeddable":true,"href":"https:\/\/www.labopolis.com\/it\/wp-json\/wp\/v2\/media\/14336"}],"wp:attachment":[{"href":"https:\/\/www.labopolis.com\/it\/wp-json\/wp\/v2\/media?parent=1313"}],"wp:term":[{"taxonomy":"product_brand","embeddable":true,"href":"https:\/\/www.labopolis.com\/it\/wp-json\/wp\/v2\/product_brand?post=1313"},{"taxonomy":"product_cat","embeddable":true,"href":"https:\/\/www.labopolis.com\/it\/wp-json\/wp\/v2\/product_cat?post=1313"},{"taxonomy":"product_tag","embeddable":true,"href":"https:\/\/www.labopolis.com\/it\/wp-json\/wp\/v2\/product_tag?post=1313"}],"curies":[{"name":"wp","href":"https:\/\/api.w.org\/{rel}","templated":true}]}}