{"id":1284,"date":"2023-07-10T11:33:10","date_gmt":"2023-07-10T11:33:10","guid":{"rendered":"https:\/\/www.labopolis.com\/?post_type=product&#038;p=1284"},"modified":"2026-02-05T10:40:18","modified_gmt":"2026-02-05T10:40:18","slug":"cabina-de-flujo-laminar-vertical-univers-mv-9","status":"publish","type":"product","link":"https:\/\/www.labopolis.com\/it\/prodotto\/cabina-de-flujo-laminar-vertical-univers-mv-9\/","title":{"rendered":"Armadio ventilato GAMMA CLASSICA"},"content":{"rendered":"<p><strong>Armadio ventilato per laboratorio 2010 \/ FILTRO NON INCLUSO \/ PREFILTRO NON INCLUSO<\/strong><br \/>\nIl sistema di stoccaggio e filtrazione del nostro armadio da laboratorio si basa sulla tecnologia utilizzata nei nostri armadi di aspirazione e filtrazione. Composto da un sistema di ventilazione e da un sistema di filtrazione, impedisce che i prodotti conservati infiammabili, corrosivi e\/o tossici si accumulino all'interno dell'armadio o vengano espulsi nel laboratorio o nella sala di lavoro.<\/p>\n<p>L'armadio 2010 consente di stoccare reagenti liquidi eliminando i vapori infiammabili, corrosivi o tossici grazie all'adsorbimento chimico su uno specifico filtro a carbone attivo e senza necessit\u00e0 di collegamento con l'esterno. Il tutto in conformit\u00e0* ai requisiti e alle raccomandazioni degli standard internazionali: AFNOR NF X 15-211 (Classe 2), BS 7258, CSAZ 316.5, EN-1822 e EN-141. * Completamente o parzialmente, secondo gli standard.<\/p>\n<p>USI<br \/>\nStoccaggio di sostanze chimiche secondo criteri di incompatibilit\u00e0.<br \/>\nFiltri disponibili:<\/p>\n<p>Tipo A: ottimale per composti organici quali: chetoni, alcoli, eteri, acidi organici, idrocarburi aromatici e alogenati, xileni...<br \/>\nTipo BE: ottimale per acidi inorganici e composti solforati volatili come: H2SO4, HCl, HNO3, H2S, SO3, NO2, Cl2.<br \/>\nTipo F: specifico per formalina, formaldeide, formalina, acetaldeide e derivati.<\/p>\n<table>\n<tbody>\n<tr>\n<td><strong>Modello<\/strong><\/td>\n<td><strong>2010<\/strong><\/td>\n<\/tr>\n<tr>\n<td>Dimensioni interne (larghezza\/profondit\u00e0\/altezza)<\/td>\n<td>760x468x1295<\/td>\n<\/tr>\n<tr>\n<td>Misure esterne (larghezza\/profondit\u00e0\/altezza)<\/td>\n<td>800x500x1845<\/td>\n<\/tr>\n<tr>\n<td>Numero di colonne del filtro<\/td>\n<td>1<\/td>\n<\/tr>\n<tr>\n<td>Numero di filtri<\/td>\n<td>1 a 2<\/td>\n<\/tr>\n<tr>\n<td>Numero di ventole IP44<\/td>\n<td>1<\/td>\n<\/tr>\n<tr>\n<td>Capacit\u00e0 di stoccaggio (litri)<\/td>\n<td>80 l. max. (20 l. per vaschetta)<\/td>\n<\/tr>\n<tr>\n<td>Volume interno dell'armadio<\/td>\n<td>0.567m3<\/td>\n<\/tr>\n<tr>\n<td>Consumo totale di elettricit\u00e0<\/td>\n<td>91 W<\/td>\n<\/tr>\n<tr>\n<td>Periodi di tensione<\/td>\n<td>110-220 V \/ 50-60 Hz<\/td>\n<\/tr>\n<tr>\n<td>Livello di illuminazione del LED<\/td>\n<td>1500Lm \/ LED 16 W<\/td>\n<\/tr>\n<tr>\n<td>Scaffalatura<\/td>\n<td>4<\/td>\n<\/tr>\n<tr>\n<td>Livello di rumore<\/td>\n<td>55 dB<\/td>\n<\/tr>\n<tr>\n<td>Peso<\/td>\n<td>150 Kg<\/td>\n<\/tr>\n<tr>\n<td>Volume della scatola<\/td>\n<td>1.1 m3<\/td>\n<\/tr>\n<\/tbody>\n<\/table>\n<p><strong>Armadio ventilato per laboratorio 2010 ECO2 \/ FILTRO NON INCLUSO \/ PREFILTRO INCLUSO<\/strong><br \/>\nL'armadio ECO2 \u00e8 un prodotto pi\u00f9 semplificato e rispettoso dell'ambiente, senza sacrificare prestazioni, funzionalit\u00e0 e qualit\u00e0. In risposta a un mercato esigente, il nostro reparto R&amp;S&amp;I ha sviluppato questo nuovo modello basandosi su due presupposti fondamentali: economia ed ecologia, da cui il nome. Il tutto mantenendo la tecnologia utilizzata nelle nostre cabine di aspirazione e filtrazione, che permette di adsorbire i vapori generati all'interno e non richiede il collegamento con l'esterno. In questo modo, consente di stoccare reagenti liquidi o solidi all'interno ed evita che polvere e vapori tossici, infiammabili o corrosivi si accumulino all'interno o vengano espulsi nella sala di lavoro.<br \/>\nUSI<br \/>\nStoccaggio di sostanze chimiche secondo criteri di incompatibilit\u00e0.<br \/>\nFiltri disponibili:<\/p>\n<p>Tipo A: ottimale per composti organici quali: chetoni, alcoli, eteri, acidi organici, idrocarburi aromatici e alogenati, xileni...<br \/>\nTipo BE: ottimale per acidi inorganici e composti solforati volatili come: H2SO4, HCl, HNO3, H2S, SO3, NO2, Cl2.<br \/>\nTipo F: specifico per formalina, formaldeide, formalina, acetaldeide e derivati.<br \/>\nTipo K: ottimale per vapori ammoniacali (NH3) e ammine.<br \/>\nTipo D: filtro HEPA H-14, adatto alla filtrazione delle polveri.<\/p>\n<table>\n<tbody>\n<tr>\n<td><strong>Modello<\/strong><\/td>\n<td><strong>2010 ECO<sup>2<\/sup>\u00a0<\/strong><\/td>\n<\/tr>\n<tr>\n<td>Dimensioni interne (larghezza\/profondit\u00e0\/altezza)<\/td>\n<td>760x468x1393<\/td>\n<\/tr>\n<tr>\n<td>Misure esterne (larghezza\/profondit\u00e0\/altezza)<\/td>\n<td>800x500x1834<\/td>\n<\/tr>\n<tr>\n<td>Numero di colonne del filtro<\/td>\n<td>1<\/td>\n<\/tr>\n<tr>\n<td>Numero di filtri<\/td>\n<td>1 a 2<\/td>\n<\/tr>\n<tr>\n<td>Numero di ventole IP44<\/td>\n<td>1<\/td>\n<\/tr>\n<tr>\n<td>Capacit\u00e0 di stoccaggio (litri)<\/td>\n<td>80 l. max. (20 l. per vaschetta)<\/td>\n<\/tr>\n<tr>\n<td>Volume interno dell'armadio<\/td>\n<td>0.567m3<\/td>\n<\/tr>\n<tr>\n<td>Consumo totale di elettricit\u00e0<\/td>\n<td>91 W<\/td>\n<\/tr>\n<tr>\n<td>Periodi di tensione<\/td>\n<td>110-220 V \/ 50-60 Hz<\/td>\n<\/tr>\n<tr>\n<td>Livello di illuminazione del LED<\/td>\n<td>1500Lm \/ LED 15 W<\/td>\n<\/tr>\n<tr>\n<td>Scaffalatura<\/td>\n<td>4<\/td>\n<\/tr>\n<tr>\n<td>Livello di rumore<\/td>\n<td>55 dB<\/td>\n<\/tr>\n<tr>\n<td>Peso<\/td>\n<td>150 Kg<\/td>\n<\/tr>\n<tr>\n<td>Volume della scatola<\/td>\n<td>1.1 m3<\/td>\n<\/tr>\n<\/tbody>\n<\/table>","protected":false},"excerpt":{"rendered":"<p><strong>Armadio ventilato per laboratorio 2010 \/ FILTRO NON INCLUSO \/ PREFILTRO NON INCLUSO<\/strong><\/p>\n<p><strong>Armadio ventilato per laboratorio 2010 ECO2 \/ FILTRO NON INCLUSO \/ PREFILTRO INCLUSO<\/strong><\/p>","protected":false},"featured_media":14341,"comment_status":"open","ping_status":"closed","template":"","meta":[],"product_brand":[],"product_cat":[106],"product_tag":[],"class_list":{"0":"post-1284","1":"product","2":"type-product","3":"status-publish","4":"has-post-thumbnail","6":"product_cat-cabinas-de-seguridad","8":"first","9":"instock","10":"taxable","11":"shipping-taxable","12":"purchasable","13":"product-type-variable"},"yoast_head":"<!-- This site is optimized with the Yoast SEO plugin v27.2 - https:\/\/yoast.com\/product\/yoast-seo-wordpress\/ -->\n<title>Armario Almacenamiento Ventilado GAMA CLASSIC - Labopolis<\/title>\n<meta name=\"description\" content=\"Armario para laboratorio de almacenamiento ventilado 2010 \/ FILTRO NO INCLUIDO \/ PREFILTRO NO INCLUIDO  Armario para laboratorio de almacenamiento ventilado 2010 ECO2 \/ FILTRO NO INCLUIDO \/ PREFILTRO INCLUIDO\" \/>\n<meta name=\"robots\" content=\"index, follow, max-snippet:-1, max-image-preview:large, max-video-preview:-1\" \/>\n<link rel=\"canonical\" href=\"https:\/\/www.labopolis.com\/it\/prodotto\/cabina-de-flujo-laminar-vertical-univers-mv-9\/\" \/>\n<meta property=\"og:locale\" content=\"it_IT\" \/>\n<meta property=\"og:type\" content=\"article\" \/>\n<meta property=\"og:title\" content=\"Armario Almacenamiento Ventilado GAMA CLASSIC - Labopolis\" \/>\n<meta property=\"og:description\" content=\"Armario para laboratorio de almacenamiento ventilado 2010 \/ FILTRO NO INCLUIDO \/ PREFILTRO NO INCLUIDO  Armario para laboratorio de almacenamiento ventilado 2010 ECO2 \/ FILTRO NO INCLUIDO \/ PREFILTRO INCLUIDO\" \/>\n<meta property=\"og:url\" content=\"https:\/\/www.labopolis.com\/it\/prodotto\/cabina-de-flujo-laminar-vertical-univers-mv-9\/\" \/>\n<meta property=\"og:site_name\" content=\"Labopolis\" \/>\n<meta property=\"article:publisher\" content=\"https:\/\/www.facebook.com\/profile.php?id=100063251679439\" \/>\n<meta property=\"article:modified_time\" content=\"2026-02-05T10:40:18+00:00\" \/>\n<meta property=\"og:image\" content=\"https:\/\/www.labopolis.com\/wp-content\/uploads\/2023\/07\/ARM-870-1_2023.jpg\" \/>\n\t<meta property=\"og:image:width\" content=\"1417\" \/>\n\t<meta property=\"og:image:height\" content=\"1772\" \/>\n\t<meta property=\"og:image:type\" content=\"image\/jpeg\" \/>\n<meta name=\"twitter:card\" content=\"summary_large_image\" \/>\n<meta name=\"twitter:site\" content=\"@Labopolis\" \/>\n<meta name=\"twitter:label1\" content=\"Tempo di lettura stimato\" \/>\n\t<meta name=\"twitter:data1\" content=\"3 minuti\" \/>\n<script type=\"application\/ld+json\" class=\"yoast-schema-graph\">{\"@context\":\"https:\/\/schema.org\",\"@graph\":[{\"@type\":\"WebPage\",\"@id\":\"https:\/\/www.labopolis.com\/producto\/cabina-de-flujo-laminar-vertical-univers-mv-9\/\",\"url\":\"https:\/\/www.labopolis.com\/producto\/cabina-de-flujo-laminar-vertical-univers-mv-9\/\",\"name\":\"Armario Almacenamiento Ventilado GAMA CLASSIC - Labopolis\",\"isPartOf\":{\"@id\":\"https:\/\/www.labopolis.com\/#website\"},\"primaryImageOfPage\":{\"@id\":\"https:\/\/www.labopolis.com\/producto\/cabina-de-flujo-laminar-vertical-univers-mv-9\/#primaryimage\"},\"image\":{\"@id\":\"https:\/\/www.labopolis.com\/producto\/cabina-de-flujo-laminar-vertical-univers-mv-9\/#primaryimage\"},\"thumbnailUrl\":\"https:\/\/www.labopolis.com\/wp-content\/uploads\/2023\/07\/ARM-870-1_2023.jpg\",\"datePublished\":\"2023-07-10T11:33:10+00:00\",\"dateModified\":\"2026-02-05T10:40:18+00:00\",\"description\":\"Armario para laboratorio de almacenamiento ventilado 2010 \/ FILTRO NO INCLUIDO \/ PREFILTRO NO INCLUIDO Armario para laboratorio de almacenamiento ventilado 2010 ECO2 \/ FILTRO NO INCLUIDO \/ PREFILTRO INCLUIDO\",\"breadcrumb\":{\"@id\":\"https:\/\/www.labopolis.com\/producto\/cabina-de-flujo-laminar-vertical-univers-mv-9\/#breadcrumb\"},\"inLanguage\":\"it-IT\",\"potentialAction\":[{\"@type\":\"ReadAction\",\"target\":[\"https:\/\/www.labopolis.com\/producto\/cabina-de-flujo-laminar-vertical-univers-mv-9\/\"]}]},{\"@type\":\"ImageObject\",\"inLanguage\":\"it-IT\",\"@id\":\"https:\/\/www.labopolis.com\/producto\/cabina-de-flujo-laminar-vertical-univers-mv-9\/#primaryimage\",\"url\":\"https:\/\/www.labopolis.com\/wp-content\/uploads\/2023\/07\/ARM-870-1_2023.jpg\",\"contentUrl\":\"https:\/\/www.labopolis.com\/wp-content\/uploads\/2023\/07\/ARM-870-1_2023.jpg\",\"width\":1417,\"height\":1772},{\"@type\":\"BreadcrumbList\",\"@id\":\"https:\/\/www.labopolis.com\/producto\/cabina-de-flujo-laminar-vertical-univers-mv-9\/#breadcrumb\",\"itemListElement\":[{\"@type\":\"ListItem\",\"position\":1,\"name\":\"Portada\",\"item\":\"https:\/\/www.labopolis.com\/\"},{\"@type\":\"ListItem\",\"position\":2,\"name\":\"Productos\",\"item\":\"https:\/\/www.labopolis.com\/shop\/\"},{\"@type\":\"ListItem\",\"position\":3,\"name\":\"Armario Almacenamiento Ventilado GAMA CLASSIC\"}]},{\"@type\":\"WebSite\",\"@id\":\"https:\/\/www.labopolis.com\/#website\",\"url\":\"https:\/\/www.labopolis.com\/\",\"name\":\"Labopolis\",\"description\":\"\",\"potentialAction\":[{\"@type\":\"SearchAction\",\"target\":{\"@type\":\"EntryPoint\",\"urlTemplate\":\"https:\/\/www.labopolis.com\/?s={search_term_string}\"},\"query-input\":{\"@type\":\"PropertyValueSpecification\",\"valueRequired\":true,\"valueName\":\"search_term_string\"}}],\"inLanguage\":\"it-IT\"}]}<\/script>\n<!-- \/ Yoast SEO plugin. -->","yoast_head_json":{"title":"Armadio di stoccaggio ventilato GAMMA CLASSICA - Labopolis","description":"Armadio da laboratorio ventilato 2010 \/ FILTRO NON INCLUSO \/ PREFILTRO NON INCLUSO Armadio da laboratorio ventilato 2010 ECO2 \/ FILTRO NON INCLUSO \/ PREFILTRO INCLUSO","robots":{"index":"index","follow":"follow","max-snippet":"max-snippet:-1","max-image-preview":"max-image-preview:large","max-video-preview":"max-video-preview:-1"},"canonical":"https:\/\/www.labopolis.com\/it\/prodotto\/cabina-de-flujo-laminar-vertical-univers-mv-9\/","og_locale":"it_IT","og_type":"article","og_title":"Armario Almacenamiento Ventilado GAMA CLASSIC - Labopolis","og_description":"Armario para laboratorio de almacenamiento ventilado 2010 \/ FILTRO NO INCLUIDO \/ PREFILTRO NO INCLUIDO  Armario para laboratorio de almacenamiento ventilado 2010 ECO2 \/ FILTRO NO INCLUIDO \/ PREFILTRO INCLUIDO","og_url":"https:\/\/www.labopolis.com\/it\/prodotto\/cabina-de-flujo-laminar-vertical-univers-mv-9\/","og_site_name":"Labopolis","article_publisher":"https:\/\/www.facebook.com\/profile.php?id=100063251679439","article_modified_time":"2026-02-05T10:40:18+00:00","og_image":[{"width":1417,"height":1772,"url":"https:\/\/www.labopolis.com\/wp-content\/uploads\/2023\/07\/ARM-870-1_2023.jpg","type":"image\/jpeg"}],"twitter_card":"summary_large_image","twitter_site":"@Labopolis","twitter_misc":{"Tempo di lettura stimato":"3 minuti"},"schema":{"@context":"https:\/\/schema.org","@graph":[{"@type":"WebPage","@id":"https:\/\/www.labopolis.com\/producto\/cabina-de-flujo-laminar-vertical-univers-mv-9\/","url":"https:\/\/www.labopolis.com\/producto\/cabina-de-flujo-laminar-vertical-univers-mv-9\/","name":"Armadio di stoccaggio ventilato GAMMA CLASSICA - Labopolis","isPartOf":{"@id":"https:\/\/www.labopolis.com\/#website"},"primaryImageOfPage":{"@id":"https:\/\/www.labopolis.com\/producto\/cabina-de-flujo-laminar-vertical-univers-mv-9\/#primaryimage"},"image":{"@id":"https:\/\/www.labopolis.com\/producto\/cabina-de-flujo-laminar-vertical-univers-mv-9\/#primaryimage"},"thumbnailUrl":"https:\/\/www.labopolis.com\/wp-content\/uploads\/2023\/07\/ARM-870-1_2023.jpg","datePublished":"2023-07-10T11:33:10+00:00","dateModified":"2026-02-05T10:40:18+00:00","description":"Armadio da laboratorio ventilato 2010 \/ FILTRO NON INCLUSO \/ PREFILTRO NON INCLUSO Armadio da laboratorio ventilato 2010 ECO2 \/ FILTRO NON INCLUSO \/ PREFILTRO INCLUSO","breadcrumb":{"@id":"https:\/\/www.labopolis.com\/producto\/cabina-de-flujo-laminar-vertical-univers-mv-9\/#breadcrumb"},"inLanguage":"it-IT","potentialAction":[{"@type":"ReadAction","target":["https:\/\/www.labopolis.com\/producto\/cabina-de-flujo-laminar-vertical-univers-mv-9\/"]}]},{"@type":"ImageObject","inLanguage":"it-IT","@id":"https:\/\/www.labopolis.com\/producto\/cabina-de-flujo-laminar-vertical-univers-mv-9\/#primaryimage","url":"https:\/\/www.labopolis.com\/wp-content\/uploads\/2023\/07\/ARM-870-1_2023.jpg","contentUrl":"https:\/\/www.labopolis.com\/wp-content\/uploads\/2023\/07\/ARM-870-1_2023.jpg","width":1417,"height":1772},{"@type":"BreadcrumbList","@id":"https:\/\/www.labopolis.com\/producto\/cabina-de-flujo-laminar-vertical-univers-mv-9\/#breadcrumb","itemListElement":[{"@type":"ListItem","position":1,"name":"Portada","item":"https:\/\/www.labopolis.com\/"},{"@type":"ListItem","position":2,"name":"Productos","item":"https:\/\/www.labopolis.com\/shop\/"},{"@type":"ListItem","position":3,"name":"Armario Almacenamiento Ventilado GAMA CLASSIC"}]},{"@type":"WebSite","@id":"https:\/\/www.labopolis.com\/#website","url":"https:\/\/www.labopolis.com\/","name":"Labopolis","description":"","potentialAction":[{"@type":"SearchAction","target":{"@type":"EntryPoint","urlTemplate":"https:\/\/www.labopolis.com\/?s={search_term_string}"},"query-input":{"@type":"PropertyValueSpecification","valueRequired":true,"valueName":"search_term_string"}}],"inLanguage":"it-IT"}]}},"_links":{"self":[{"href":"https:\/\/www.labopolis.com\/it\/wp-json\/wp\/v2\/product\/1284","targetHints":{"allow":["GET"]}}],"collection":[{"href":"https:\/\/www.labopolis.com\/it\/wp-json\/wp\/v2\/product"}],"about":[{"href":"https:\/\/www.labopolis.com\/it\/wp-json\/wp\/v2\/types\/product"}],"replies":[{"embeddable":true,"href":"https:\/\/www.labopolis.com\/it\/wp-json\/wp\/v2\/comments?post=1284"}],"wp:featuredmedia":[{"embeddable":true,"href":"https:\/\/www.labopolis.com\/it\/wp-json\/wp\/v2\/media\/14341"}],"wp:attachment":[{"href":"https:\/\/www.labopolis.com\/it\/wp-json\/wp\/v2\/media?parent=1284"}],"wp:term":[{"taxonomy":"product_brand","embeddable":true,"href":"https:\/\/www.labopolis.com\/it\/wp-json\/wp\/v2\/product_brand?post=1284"},{"taxonomy":"product_cat","embeddable":true,"href":"https:\/\/www.labopolis.com\/it\/wp-json\/wp\/v2\/product_cat?post=1284"},{"taxonomy":"product_tag","embeddable":true,"href":"https:\/\/www.labopolis.com\/it\/wp-json\/wp\/v2\/product_tag?post=1284"}],"curies":[{"name":"wp","href":"https:\/\/api.w.org\/{rel}","templated":true}]}}