{"id":1268,"date":"2023-07-10T11:33:09","date_gmt":"2023-07-10T11:33:09","guid":{"rendered":"https:\/\/www.labopolis.com\/?post_type=product&#038;p=1268"},"modified":"2026-03-25T11:25:12","modified_gmt":"2026-03-25T11:25:12","slug":"atemperadores-de-agua","status":"publish","type":"product","link":"https:\/\/www.labopolis.com\/it\/prodotto\/atemperadores-de-agua\/","title":{"rendered":"Regolatori di temperatura dell'acqua"},"content":{"rendered":"<p>Centraline di controllo della temperatura dell'acqua da 3 kW, 6 kW, 9 kW, 12 kW, 18 kW, 24 kW, 30 kW e 36 kW con una temperatura massima di 90\u00b0C.<br \/>\nI modelli SMART BASIC, SMART W, SMART 2 W, SMART 4 W e SMART 5 W sono dotati di circuito di visualizzazione elettronico.<br \/>\nI modelli SMART W TS sono dotati di circuito elettronico touch screen.<\/p>\n<p><strong>MODELLI CON CIRCUITO ELETTRONICO DI VISUALIZZAZIONE<\/strong><\/p>\n<table style=\"height: 409px;\" border=\"1\" width=\"797\">\n<tbody>\n<tr>\n<td class=\"textop\" style=\"font-weight: bold;\" align=\"center\" width=\"11%\">MODELLI<\/td>\n<td class=\"textop\" style=\"font-weight: bold;\" align=\"center\" width=\"11%\">Smart BASIC<\/td>\n<td class=\"textop\" style=\"font-weight: bold;\" align=\"center\" width=\"11%\">Intelligente W<\/td>\n<td class=\"textop\" style=\"font-weight: bold;\" align=\"center\" width=\"11%\">Intelligente 2 W<\/td>\n<td class=\"textop\" style=\"font-weight: bold;\" align=\"center\" width=\"11%\">Intelligente 4 W<\/td>\n<td class=\"textop\" style=\"font-weight: bold;\" align=\"center\" width=\"11%\">Intelligente 5 W<\/td>\n<\/tr>\n<tr>\n<td class=\"textop\" style=\"font-weight: bold;\">Temperatura max.<\/td>\n<td class=\"textop\" style=\"text-align: center;\">Acqua a 90\u00baC<\/td>\n<td class=\"textop\" style=\"text-align: center;\">Acqua a 90\u00baC<\/td>\n<td class=\"textop\" style=\"text-align: center;\">Acqua a 90\u00baC<\/td>\n<td class=\"textop\" style=\"text-align: center;\">Acqua a 90\u00baC<\/td>\n<td class=\"textop\" style=\"text-align: center;\">Acqua a 90\u00baC<\/td>\n<\/tr>\n<tr>\n<td class=\"textop\" style=\"font-weight: bold;\">Capacit\u00e0 di riscaldamento (kW)<\/td>\n<td class=\"textop\" style=\"text-align: center;\">3 \/ 6<\/td>\n<td class=\"textop\" style=\"text-align: center;\">6\u00a0 \/ 9<\/td>\n<td class=\"textop\" style=\"text-align: center;\">9\/12\/18<\/td>\n<td class=\"textop\" style=\"text-align: center;\">18\/24\/30<\/td>\n<td class=\"textop\" style=\"text-align: center;\">18\/24\/30\/36<\/td>\n<\/tr>\n<tr>\n<td class=\"textop\" style=\"font-weight: bold;\">Capacit\u00e0 del serbatoio<\/td>\n<td class=\"textop\" style=\"text-align: center;\">8 L<\/td>\n<td class=\"textop\" style=\"text-align: center;\">12 L<\/td>\n<td class=\"textop\" style=\"text-align: center;\">20 L<\/td>\n<td class=\"textop\" style=\"text-align: center;\">35 L<\/td>\n<td class=\"textop\" style=\"text-align: center;\">70 L<\/td>\n<\/tr>\n<tr>\n<td class=\"textop\" style=\"font-weight: bold; text-align: center;\">Pompa<\/td>\n<td class=\"textop\" style=\"text-align: center;\">60 L\/min<br \/>\n3,8 bar<\/td>\n<td class=\"textop\" style=\"text-align: center;\">60 L\/min<br \/>\n3,8 bar<\/td>\n<td class=\"textop\" style=\"text-align: center;\">60 L\/min<br \/>\n3,8 bar<\/td>\n<td class=\"textop\" style=\"text-align: center;\">60 L\/min<br \/>\n3,8 bar<\/td>\n<td class=\"textop\" style=\"text-align: center;\">60 L\/min<br \/>\n5,8 bar<\/td>\n<\/tr>\n<\/tbody>\n<\/table>\n<p><strong>MODELLI CON CIRCUITO ELETTRONICO TOUCH SCREEN<\/strong><\/p>\n<table style=\"height: 208px;\" border=\"1\" width=\"803\">\n<tbody>\n<tr>\n<td class=\"textop\" style=\"font-weight: bold;\" align=\"center\" width=\"8%\">MODELLI<\/td>\n<td class=\"textop\" style=\"font-weight: bold;\" align=\"center\" width=\"8%\">Intelligente W TS<\/td>\n<td class=\"textop\" style=\"font-weight: bold;\" align=\"center\" width=\"8%\">Smart 2 W TS<\/td>\n<td class=\"textop\" style=\"font-weight: bold;\" align=\"center\" width=\"8%\">Intelligente 4 W TS<\/td>\n<td class=\"textop\" style=\"font-weight: bold;\" align=\"center\" width=\"8%\">Intelligente 5 W TS<\/td>\n<\/tr>\n<tr>\n<td class=\"textop\" style=\"font-weight: bold;\"><strong>Temperatura max.<\/strong><\/td>\n<td class=\"textop\" style=\"text-align: center;\">Acqua a 90\u00baC<\/td>\n<td class=\"textop\" style=\"text-align: center;\">Acqua a 90\u00baC<\/td>\n<td class=\"textop\" style=\"text-align: center;\">Acqua a 90\u00baC<\/td>\n<td class=\"textop\" style=\"text-align: center;\">Acqua a 90\u00baC<\/td>\n<\/tr>\n<tr>\n<td class=\"textop\" style=\"font-weight: bold;\"><strong>Capacit\u00e0 di riscaldamento (kW)<\/strong><\/td>\n<td class=\"textop\" style=\"text-align: center;\">6 \/ 9<\/td>\n<td class=\"textop\" style=\"text-align: center;\">9\/12\/18<\/td>\n<td class=\"textop\" style=\"text-align: center;\">18\/24\/30<\/td>\n<td class=\"textop\" style=\"text-align: center;\">18\/24\/30\/36<\/td>\n<\/tr>\n<tr>\n<td class=\"textop\" style=\"font-weight: bold;\"><strong>Capacit\u00e0 del serbatoio<\/strong><\/td>\n<td class=\"textop\" style=\"text-align: center;\">12 L<\/td>\n<td class=\"textop\" style=\"text-align: center;\">20 L<\/td>\n<td class=\"textop\" style=\"text-align: center;\">35 L<\/td>\n<td class=\"textop\" style=\"text-align: center;\">70 L<\/td>\n<\/tr>\n<tr>\n<td class=\"textop\" style=\"font-weight: bold;\"><strong>Pompa<\/strong><\/td>\n<td class=\"textop\" style=\"text-align: center;\">60 L\/min<br \/>\n3,8 bar<\/td>\n<td class=\"textop\" style=\"text-align: center;\">60 L\/min<br \/>\n3,8 bar<\/td>\n<td class=\"textop\" style=\"text-align: center;\">60 L\/min<br \/>\n3,8 bar<\/td>\n<td class=\"textop\" style=\"text-align: center;\">60 L\/min<br \/>\n5,8 bar<\/td>\n<\/tr>\n<\/tbody>\n<\/table>","protected":false},"excerpt":{"rendered":"<p>Atemperadores de agua de 3 kW, 6 kW, 9 kW, 12 kW, 18 kW, 24 kW, 30 kW y 36 kW con temperatura m\u00e1xima de 90\u00baC.<\/p>\n<ul>\n<li>Control electr\u00f3nico PID de la temperatura en refrigeraci\u00f3n y calefacci\u00f3n<\/li>\n<li>Bomba, posibilidad de trabajar en presi\u00f3n y depresi\u00f3n, solo equipos de agua con dep\u00f3sito.<\/li>\n<li>Detecci\u00f3n rotura mangueras de proceso<\/li>\n<li>Control rotura de termopar<\/li>\n<li>Dep\u00f3sito y resistencias fabricados en acero inoxidable<\/li>\n<li>Sistema de refrigeraci\u00f3n indirecto<\/li>\n<li>Sensor de nivel por electrodo (solo en equipos versi\u00f3n W)<\/li>\n<li>Carga autom\u00e1tica de agua (solo en equipos versi\u00f3n W)<\/li>\n<li>Ruedas<\/li>\n<li>Termostato de seguridad<\/li>\n<li>Alarma ac\u00fastica<\/li>\n<li>Rel\u00e9s de estado s\u00f3lido<\/li>\n<\/ul>\n<p>&nbsp;<\/p>\n<p>[sv slug=\u00bbproductos\u00bb]<\/p>\n","protected":false},"featured_media":16924,"comment_status":"open","ping_status":"closed","template":"","meta":[],"product_brand":[],"product_cat":[120,107],"product_tag":[],"class_list":{"0":"post-1268","1":"product","2":"type-product","3":"status-publish","4":"has-post-thumbnail","6":"product_cat-atemperadores","7":"product_cat-industrial","9":"first","10":"instock","11":"taxable","12":"shipping-taxable","13":"product-type-simple"},"yoast_head":"<!-- This site is optimized with the Yoast SEO plugin v27.2 - https:\/\/yoast.com\/product\/yoast-seo-wordpress\/ -->\n<title>Atemperadores de Agua - Labopolis<\/title>\n<meta name=\"description\" content=\"Atemperadores de agua de 3 kW, 6 kW, 9 kW, 12 kW, 18 kW, 24 kW, 30 kW y 36 kW con temperatura m\u00e1xima de 90\u00baC.   Control electr\u00f3nico PID de la temperatura en refrigeraci\u00f3n y calefacci\u00f3n  Bomba, posibilidad de trabajar en presi\u00f3n y depresi\u00f3n, solo equipos de agua con dep\u00f3sito.  Detecci\u00f3n rotura mangueras de proceso  Control rotura de termopar  Dep\u00f3sito y resistencias fabricados en acero inoxidable  Sistema de refrigeraci\u00f3n indirecto  Sensor de nivel por electrodo (solo en equipos versi\u00f3n W)  Carga autom\u00e1tica de agua (solo en equipos versi\u00f3n W)  Ruedas  Termostato de seguridad  Alarma ac\u00fastica  Rel\u00e9s de estado s\u00f3lido  &nbsp;\" \/>\n<meta name=\"robots\" content=\"index, follow, max-snippet:-1, max-image-preview:large, max-video-preview:-1\" \/>\n<link rel=\"canonical\" href=\"https:\/\/www.labopolis.com\/it\/prodotto\/atemperadores-de-agua\/\" \/>\n<meta property=\"og:locale\" content=\"it_IT\" \/>\n<meta property=\"og:type\" content=\"article\" \/>\n<meta property=\"og:title\" content=\"Atemperadores de Agua - Labopolis\" \/>\n<meta property=\"og:description\" content=\"Atemperadores de agua de 3 kW, 6 kW, 9 kW, 12 kW, 18 kW, 24 kW, 30 kW y 36 kW con temperatura m\u00e1xima de 90\u00baC.   Control electr\u00f3nico PID de la temperatura en refrigeraci\u00f3n y calefacci\u00f3n  Bomba, posibilidad de trabajar en presi\u00f3n y depresi\u00f3n, solo equipos de agua con dep\u00f3sito.  Detecci\u00f3n rotura mangueras de proceso  Control rotura de termopar  Dep\u00f3sito y resistencias fabricados en acero inoxidable  Sistema de refrigeraci\u00f3n indirecto  Sensor de nivel por electrodo (solo en equipos versi\u00f3n W)  Carga autom\u00e1tica de agua (solo en equipos versi\u00f3n W)  Ruedas  Termostato de seguridad  Alarma ac\u00fastica  Rel\u00e9s de estado s\u00f3lido  &nbsp;\" \/>\n<meta property=\"og:url\" content=\"https:\/\/www.labopolis.com\/it\/prodotto\/atemperadores-de-agua\/\" \/>\n<meta property=\"og:site_name\" content=\"Labopolis\" \/>\n<meta property=\"article:publisher\" content=\"https:\/\/www.facebook.com\/profile.php?id=100063251679439\" \/>\n<meta property=\"article:modified_time\" content=\"2026-03-25T11:25:12+00:00\" \/>\n<meta property=\"og:image\" content=\"https:\/\/www.labopolis.com\/wp-content\/uploads\/2023\/07\/Atemperador-agua-SMART-BR.jpg\" \/>\n\t<meta property=\"og:image:width\" content=\"316\" \/>\n\t<meta property=\"og:image:height\" content=\"453\" \/>\n\t<meta property=\"og:image:type\" content=\"image\/jpeg\" \/>\n<meta name=\"twitter:card\" content=\"summary_large_image\" \/>\n<meta name=\"twitter:site\" content=\"@Labopolis\" \/>\n<meta name=\"twitter:label1\" content=\"Tempo di lettura stimato\" \/>\n\t<meta name=\"twitter:data1\" content=\"2 minuti\" \/>\n<script type=\"application\/ld+json\" class=\"yoast-schema-graph\">{\"@context\":\"https:\/\/schema.org\",\"@graph\":[{\"@type\":\"WebPage\",\"@id\":\"https:\/\/www.labopolis.com\/producto\/atemperadores-de-agua\/\",\"url\":\"https:\/\/www.labopolis.com\/producto\/atemperadores-de-agua\/\",\"name\":\"Atemperadores de Agua - Labopolis\",\"isPartOf\":{\"@id\":\"https:\/\/www.labopolis.com\/#website\"},\"primaryImageOfPage\":{\"@id\":\"https:\/\/www.labopolis.com\/producto\/atemperadores-de-agua\/#primaryimage\"},\"image\":{\"@id\":\"https:\/\/www.labopolis.com\/producto\/atemperadores-de-agua\/#primaryimage\"},\"thumbnailUrl\":\"https:\/\/www.labopolis.com\/wp-content\/uploads\/2023\/07\/Atemperador-agua-SMART-BR.jpg\",\"datePublished\":\"2023-07-10T11:33:09+00:00\",\"dateModified\":\"2026-03-25T11:25:12+00:00\",\"description\":\"Atemperadores de agua de 3 kW, 6 kW, 9 kW, 12 kW, 18 kW, 24 kW, 30 kW y 36 kW con temperatura m\u00e1xima de 90\u00baC. Control electr\u00f3nico PID de la temperatura en refrigeraci\u00f3n y calefacci\u00f3n Bomba, posibilidad de trabajar en presi\u00f3n y depresi\u00f3n, solo equipos de agua con dep\u00f3sito. Detecci\u00f3n rotura mangueras de proceso Control rotura de termopar Dep\u00f3sito y resistencias fabricados en acero inoxidable Sistema de refrigeraci\u00f3n indirecto Sensor de nivel por electrodo (solo en equipos versi\u00f3n W) Carga autom\u00e1tica de agua (solo en equipos versi\u00f3n W) Ruedas Termostato de seguridad Alarma ac\u00fastica Rel\u00e9s de estado s\u00f3lido &nbsp;\",\"breadcrumb\":{\"@id\":\"https:\/\/www.labopolis.com\/producto\/atemperadores-de-agua\/#breadcrumb\"},\"inLanguage\":\"it-IT\",\"potentialAction\":[{\"@type\":\"ReadAction\",\"target\":[\"https:\/\/www.labopolis.com\/producto\/atemperadores-de-agua\/\"]}]},{\"@type\":\"ImageObject\",\"inLanguage\":\"it-IT\",\"@id\":\"https:\/\/www.labopolis.com\/producto\/atemperadores-de-agua\/#primaryimage\",\"url\":\"https:\/\/www.labopolis.com\/wp-content\/uploads\/2023\/07\/Atemperador-agua-SMART-BR.jpg\",\"contentUrl\":\"https:\/\/www.labopolis.com\/wp-content\/uploads\/2023\/07\/Atemperador-agua-SMART-BR.jpg\",\"width\":316,\"height\":453,\"caption\":\"Termoregulador de agua Smart\"},{\"@type\":\"BreadcrumbList\",\"@id\":\"https:\/\/www.labopolis.com\/producto\/atemperadores-de-agua\/#breadcrumb\",\"itemListElement\":[{\"@type\":\"ListItem\",\"position\":1,\"name\":\"Portada\",\"item\":\"https:\/\/www.labopolis.com\/\"},{\"@type\":\"ListItem\",\"position\":2,\"name\":\"Productos\",\"item\":\"https:\/\/www.labopolis.com\/shop\/\"},{\"@type\":\"ListItem\",\"position\":3,\"name\":\"Atemperadores de Agua\"}]},{\"@type\":\"WebSite\",\"@id\":\"https:\/\/www.labopolis.com\/#website\",\"url\":\"https:\/\/www.labopolis.com\/\",\"name\":\"Labopolis\",\"description\":\"\",\"potentialAction\":[{\"@type\":\"SearchAction\",\"target\":{\"@type\":\"EntryPoint\",\"urlTemplate\":\"https:\/\/www.labopolis.com\/?s={search_term_string}\"},\"query-input\":{\"@type\":\"PropertyValueSpecification\",\"valueRequired\":true,\"valueName\":\"search_term_string\"}}],\"inLanguage\":\"it-IT\"}]}<\/script>\n<!-- \/ Yoast SEO plugin. -->","yoast_head_json":{"title":"Atemperadores de Agua - Labopolis","description":"Atemperadores de agua de 3 kW, 6 kW, 9 kW, 12 kW, 18 kW, 24 kW, 30 kW y 36 kW con temperatura m\u00e1xima de 90\u00baC.   Control electr\u00f3nico PID de la temperatura en refrigeraci\u00f3n y calefacci\u00f3n  Bomba, posibilidad de trabajar en presi\u00f3n y depresi\u00f3n, solo equipos de agua con dep\u00f3sito.  Detecci\u00f3n rotura mangueras de proceso  Control rotura de termopar  Dep\u00f3sito y resistencias fabricados en acero inoxidable  Sistema de refrigeraci\u00f3n indirecto  Sensor de nivel por electrodo (solo en equipos versi\u00f3n W)  Carga autom\u00e1tica de agua (solo en equipos versi\u00f3n W)  Ruedas  Termostato de seguridad  Alarma ac\u00fastica  Rel\u00e9s de estado s\u00f3lido  &nbsp;","robots":{"index":"index","follow":"follow","max-snippet":"max-snippet:-1","max-image-preview":"max-image-preview:large","max-video-preview":"max-video-preview:-1"},"canonical":"https:\/\/www.labopolis.com\/it\/prodotto\/atemperadores-de-agua\/","og_locale":"it_IT","og_type":"article","og_title":"Atemperadores de Agua - Labopolis","og_description":"Atemperadores de agua de 3 kW, 6 kW, 9 kW, 12 kW, 18 kW, 24 kW, 30 kW y 36 kW con temperatura m\u00e1xima de 90\u00baC.   Control electr\u00f3nico PID de la temperatura en refrigeraci\u00f3n y calefacci\u00f3n  Bomba, posibilidad de trabajar en presi\u00f3n y depresi\u00f3n, solo equipos de agua con dep\u00f3sito.  Detecci\u00f3n rotura mangueras de proceso  Control rotura de termopar  Dep\u00f3sito y resistencias fabricados en acero inoxidable  Sistema de refrigeraci\u00f3n indirecto  Sensor de nivel por electrodo (solo en equipos versi\u00f3n W)  Carga autom\u00e1tica de agua (solo en equipos versi\u00f3n W)  Ruedas  Termostato de seguridad  Alarma ac\u00fastica  Rel\u00e9s de estado s\u00f3lido  &nbsp;","og_url":"https:\/\/www.labopolis.com\/it\/prodotto\/atemperadores-de-agua\/","og_site_name":"Labopolis","article_publisher":"https:\/\/www.facebook.com\/profile.php?id=100063251679439","article_modified_time":"2026-03-25T11:25:12+00:00","og_image":[{"width":316,"height":453,"url":"https:\/\/www.labopolis.com\/wp-content\/uploads\/2023\/07\/Atemperador-agua-SMART-BR.jpg","type":"image\/jpeg"}],"twitter_card":"summary_large_image","twitter_site":"@Labopolis","twitter_misc":{"Tempo di lettura stimato":"2 minuti"},"schema":{"@context":"https:\/\/schema.org","@graph":[{"@type":"WebPage","@id":"https:\/\/www.labopolis.com\/producto\/atemperadores-de-agua\/","url":"https:\/\/www.labopolis.com\/producto\/atemperadores-de-agua\/","name":"Atemperadores de Agua - Labopolis","isPartOf":{"@id":"https:\/\/www.labopolis.com\/#website"},"primaryImageOfPage":{"@id":"https:\/\/www.labopolis.com\/producto\/atemperadores-de-agua\/#primaryimage"},"image":{"@id":"https:\/\/www.labopolis.com\/producto\/atemperadores-de-agua\/#primaryimage"},"thumbnailUrl":"https:\/\/www.labopolis.com\/wp-content\/uploads\/2023\/07\/Atemperador-agua-SMART-BR.jpg","datePublished":"2023-07-10T11:33:09+00:00","dateModified":"2026-03-25T11:25:12+00:00","description":"Atemperadores de agua de 3 kW, 6 kW, 9 kW, 12 kW, 18 kW, 24 kW, 30 kW y 36 kW con temperatura m\u00e1xima de 90\u00baC. Control electr\u00f3nico PID de la temperatura en refrigeraci\u00f3n y calefacci\u00f3n Bomba, posibilidad de trabajar en presi\u00f3n y depresi\u00f3n, solo equipos de agua con dep\u00f3sito. Detecci\u00f3n rotura mangueras de proceso Control rotura de termopar Dep\u00f3sito y resistencias fabricados en acero inoxidable Sistema de refrigeraci\u00f3n indirecto Sensor de nivel por electrodo (solo en equipos versi\u00f3n W) Carga autom\u00e1tica de agua (solo en equipos versi\u00f3n W) Ruedas Termostato de seguridad Alarma ac\u00fastica Rel\u00e9s de estado s\u00f3lido &nbsp;","breadcrumb":{"@id":"https:\/\/www.labopolis.com\/producto\/atemperadores-de-agua\/#breadcrumb"},"inLanguage":"it-IT","potentialAction":[{"@type":"ReadAction","target":["https:\/\/www.labopolis.com\/producto\/atemperadores-de-agua\/"]}]},{"@type":"ImageObject","inLanguage":"it-IT","@id":"https:\/\/www.labopolis.com\/producto\/atemperadores-de-agua\/#primaryimage","url":"https:\/\/www.labopolis.com\/wp-content\/uploads\/2023\/07\/Atemperador-agua-SMART-BR.jpg","contentUrl":"https:\/\/www.labopolis.com\/wp-content\/uploads\/2023\/07\/Atemperador-agua-SMART-BR.jpg","width":316,"height":453,"caption":"Termoregulador de agua Smart"},{"@type":"BreadcrumbList","@id":"https:\/\/www.labopolis.com\/producto\/atemperadores-de-agua\/#breadcrumb","itemListElement":[{"@type":"ListItem","position":1,"name":"Portada","item":"https:\/\/www.labopolis.com\/"},{"@type":"ListItem","position":2,"name":"Productos","item":"https:\/\/www.labopolis.com\/shop\/"},{"@type":"ListItem","position":3,"name":"Atemperadores de Agua"}]},{"@type":"WebSite","@id":"https:\/\/www.labopolis.com\/#website","url":"https:\/\/www.labopolis.com\/","name":"Labopolis","description":"","potentialAction":[{"@type":"SearchAction","target":{"@type":"EntryPoint","urlTemplate":"https:\/\/www.labopolis.com\/?s={search_term_string}"},"query-input":{"@type":"PropertyValueSpecification","valueRequired":true,"valueName":"search_term_string"}}],"inLanguage":"it-IT"}]}},"_links":{"self":[{"href":"https:\/\/www.labopolis.com\/it\/wp-json\/wp\/v2\/product\/1268","targetHints":{"allow":["GET"]}}],"collection":[{"href":"https:\/\/www.labopolis.com\/it\/wp-json\/wp\/v2\/product"}],"about":[{"href":"https:\/\/www.labopolis.com\/it\/wp-json\/wp\/v2\/types\/product"}],"replies":[{"embeddable":true,"href":"https:\/\/www.labopolis.com\/it\/wp-json\/wp\/v2\/comments?post=1268"}],"wp:featuredmedia":[{"embeddable":true,"href":"https:\/\/www.labopolis.com\/it\/wp-json\/wp\/v2\/media\/16924"}],"wp:attachment":[{"href":"https:\/\/www.labopolis.com\/it\/wp-json\/wp\/v2\/media?parent=1268"}],"wp:term":[{"taxonomy":"product_brand","embeddable":true,"href":"https:\/\/www.labopolis.com\/it\/wp-json\/wp\/v2\/product_brand?post=1268"},{"taxonomy":"product_cat","embeddable":true,"href":"https:\/\/www.labopolis.com\/it\/wp-json\/wp\/v2\/product_cat?post=1268"},{"taxonomy":"product_tag","embeddable":true,"href":"https:\/\/www.labopolis.com\/it\/wp-json\/wp\/v2\/product_tag?post=1268"}],"curies":[{"name":"wp","href":"https:\/\/api.w.org\/{rel}","templated":true}]}}