{"id":1218,"date":"2023-07-10T11:32:57","date_gmt":"2023-07-10T11:32:57","guid":{"rendered":"https:\/\/www.labopolis.com\/?post_type=product&#038;p=1218"},"modified":"2025-12-28T17:18:32","modified_gmt":"2025-12-28T17:18:32","slug":"camara-incubadora-termostatizada-incubator-opaq","status":"publish","type":"product","link":"https:\/\/www.labopolis.com\/it\/prodotto\/camara-incubadora-termostatizada-incubator-opaq\/","title":{"rendered":"Incubatore termostatato Camera di incubazione Opaq"},"content":{"rendered":"<p>Incubatore termostatato Camera di incubazione Opaq<br \/>\nCamera di incubazione digitale da tavolo in metallo opaco con porta frontale in metacrilato trasparente, controllata da microprocessore.<br \/>\nDisplay LCD digitale retroilluminato con indicazione del valore di temperatura selezionato e del timer.<br \/>\nTastiera con pulsanti a membrana sensibili al tocco.<br \/>\nCircolazione forzata dell'aria a 60\u00ba C.<br \/>\nPossibilit\u00e0 di incorporare una sonda di temperatura esterna per controllare la temperatura pi\u00f9 vicina al campione in esame.<br \/>\nPossibilit\u00e0 di montaggio su agitatore orbitale o alternativo (modelli Orbital Midi, Orbital Maxi o Horizontal Maxi).<\/p>","protected":false},"excerpt":{"rendered":"<p>Incubatore termostatato Camera di incubazione Opaq<br \/>\nModelli e combinazioni disponibili:<br \/>\n* CI10-OE Telecamera per incubatrice Opaq CI10-OE (senza accessori)<br \/>\n* 10000-01084 Kit Incubatore Opaq CI10-OE + Agitatore orbitale Maxi OL30-ME (senza accessori)<br \/>\n* 10000-01056 Telecamera per incubatrice Opaq CI10 + accoppiatore<br \/>\n* 30000-00201 Kit Incubatore Opaq CI10-OE + AMM90E Agitatore magnetico 9 posti<br \/>\n* 01084-00041 Kit Incubatore Opaq CI10 + Agitatore orbitale Maxi OL30-ME (senza accessori) + Piattaforma universale a 5 rulli 20000-00041<br \/>\n* 10000-01084-PL: Incubatore Opaq CI10-OE + Piattaforma 5 rulli mobili 20000-00041<\/p>\n<p><strong><em><a href=\"https:\/\/www.labopolis.com\/wp-content\/uploads\/2015\/06\/IncubatorOPAQ.pdf\" target=\"_blank\" rel=\"noopener noreferrer\"><i class=\"fas fa-file-alt\"><\/i>\u00a0Scheda tecnica dei setter Opaq<\/a><\/em><\/strong><\/p>","protected":false},"featured_media":1253,"comment_status":"open","ping_status":"closed","template":"","meta":[],"product_brand":[],"product_cat":[117,118,23],"product_tag":[],"class_list":{"0":"post-1218","1":"product","2":"type-product","3":"status-publish","4":"has-post-thumbnail","6":"product_cat-camaras-incubadoras","7":"product_cat-camaras-termostatizadas","8":"product_cat-laboratorio","10":"first","11":"instock","12":"taxable","13":"shipping-taxable","14":"purchasable","15":"product-type-variable"},"yoast_head":"<!-- This site is optimized with the Yoast SEO plugin v27.2 - https:\/\/yoast.com\/product\/yoast-seo-wordpress\/ -->\n<title>C\u00e1mara Incubadora Termostatizada Incubator Opaq - Labopolis<\/title>\n<meta name=\"description\" content=\"C\u00e1mara incubadora opaca digital met\u00e1lica de sobremesa con puerta frontal en metacrilato transparente, controlada por microprocesador.\" \/>\n<meta name=\"robots\" content=\"index, follow, max-snippet:-1, max-image-preview:large, max-video-preview:-1\" \/>\n<link rel=\"canonical\" href=\"https:\/\/www.labopolis.com\/it\/prodotto\/camara-incubadora-termostatizada-incubator-opaq\/\" \/>\n<meta property=\"og:locale\" content=\"it_IT\" \/>\n<meta property=\"og:type\" content=\"article\" \/>\n<meta property=\"og:title\" content=\"C\u00e1mara Incubadora Termostatizada Incubator Opaq - Labopolis\" \/>\n<meta property=\"og:description\" content=\"C\u00e1mara incubadora opaca digital met\u00e1lica de sobremesa con puerta frontal en metacrilato transparente, controlada por microprocesador.\" \/>\n<meta property=\"og:url\" content=\"https:\/\/www.labopolis.com\/it\/prodotto\/camara-incubadora-termostatizada-incubator-opaq\/\" \/>\n<meta property=\"og:site_name\" content=\"Labopolis\" \/>\n<meta property=\"article:publisher\" content=\"https:\/\/www.facebook.com\/profile.php?id=100063251679439\" \/>\n<meta property=\"article:modified_time\" content=\"2025-12-28T17:18:32+00:00\" \/>\n<meta property=\"og:image\" content=\"https:\/\/www.labopolis.com\/wp-content\/uploads\/2023\/07\/IncubadoraOpaqbandejas.png\" \/>\n\t<meta property=\"og:image:width\" content=\"518\" \/>\n\t<meta property=\"og:image:height\" content=\"572\" \/>\n\t<meta property=\"og:image:type\" content=\"image\/png\" \/>\n<meta name=\"twitter:card\" content=\"summary_large_image\" \/>\n<meta name=\"twitter:site\" content=\"@Labopolis\" \/>\n<meta name=\"twitter:label1\" content=\"Tempo di lettura stimato\" \/>\n\t<meta name=\"twitter:data1\" content=\"1 minuto\" \/>\n<script type=\"application\/ld+json\" class=\"yoast-schema-graph\">{\"@context\":\"https:\/\/schema.org\",\"@graph\":[{\"@type\":\"WebPage\",\"@id\":\"https:\/\/www.labopolis.com\/producto\/camara-incubadora-termostatizada-incubator-opaq\/\",\"url\":\"https:\/\/www.labopolis.com\/producto\/camara-incubadora-termostatizada-incubator-opaq\/\",\"name\":\"C\u00e1mara Incubadora Termostatizada Incubator Opaq - Labopolis\",\"isPartOf\":{\"@id\":\"https:\/\/www.labopolis.com\/#website\"},\"primaryImageOfPage\":{\"@id\":\"https:\/\/www.labopolis.com\/producto\/camara-incubadora-termostatizada-incubator-opaq\/#primaryimage\"},\"image\":{\"@id\":\"https:\/\/www.labopolis.com\/producto\/camara-incubadora-termostatizada-incubator-opaq\/#primaryimage\"},\"thumbnailUrl\":\"https:\/\/www.labopolis.com\/wp-content\/uploads\/2023\/07\/IncubadoraOpaqbandejas.png\",\"datePublished\":\"2023-07-10T11:32:57+00:00\",\"dateModified\":\"2025-12-28T17:18:32+00:00\",\"description\":\"C\u00e1mara incubadora opaca digital met\u00e1lica de sobremesa con puerta frontal en metacrilato transparente, controlada por microprocesador.\",\"breadcrumb\":{\"@id\":\"https:\/\/www.labopolis.com\/producto\/camara-incubadora-termostatizada-incubator-opaq\/#breadcrumb\"},\"inLanguage\":\"it-IT\",\"potentialAction\":[{\"@type\":\"ReadAction\",\"target\":[\"https:\/\/www.labopolis.com\/producto\/camara-incubadora-termostatizada-incubator-opaq\/\"]}]},{\"@type\":\"ImageObject\",\"inLanguage\":\"it-IT\",\"@id\":\"https:\/\/www.labopolis.com\/producto\/camara-incubadora-termostatizada-incubator-opaq\/#primaryimage\",\"url\":\"https:\/\/www.labopolis.com\/wp-content\/uploads\/2023\/07\/IncubadoraOpaqbandejas.png\",\"contentUrl\":\"https:\/\/www.labopolis.com\/wp-content\/uploads\/2023\/07\/IncubadoraOpaqbandejas.png\",\"width\":518,\"height\":572,\"caption\":\"Producto\"},{\"@type\":\"BreadcrumbList\",\"@id\":\"https:\/\/www.labopolis.com\/producto\/camara-incubadora-termostatizada-incubator-opaq\/#breadcrumb\",\"itemListElement\":[{\"@type\":\"ListItem\",\"position\":1,\"name\":\"Portada\",\"item\":\"https:\/\/www.labopolis.com\/\"},{\"@type\":\"ListItem\",\"position\":2,\"name\":\"Productos\",\"item\":\"https:\/\/www.labopolis.com\/shop\/\"},{\"@type\":\"ListItem\",\"position\":3,\"name\":\"C\u00e1mara Incubadora Termostatizada Incubator Opaq\"}]},{\"@type\":\"WebSite\",\"@id\":\"https:\/\/www.labopolis.com\/#website\",\"url\":\"https:\/\/www.labopolis.com\/\",\"name\":\"Labopolis\",\"description\":\"\",\"potentialAction\":[{\"@type\":\"SearchAction\",\"target\":{\"@type\":\"EntryPoint\",\"urlTemplate\":\"https:\/\/www.labopolis.com\/?s={search_term_string}\"},\"query-input\":{\"@type\":\"PropertyValueSpecification\",\"valueRequired\":true,\"valueName\":\"search_term_string\"}}],\"inLanguage\":\"it-IT\"}]}<\/script>\n<!-- \/ Yoast SEO plugin. -->","yoast_head_json":{"title":"Incubatore termostatato Opaq Camera di incubazione - Labopolis","description":"Camera di incubazione digitale da tavolo in metallo opaco con porta frontale in metacrilato trasparente, controllata da microprocessore.","robots":{"index":"index","follow":"follow","max-snippet":"max-snippet:-1","max-image-preview":"max-image-preview:large","max-video-preview":"max-video-preview:-1"},"canonical":"https:\/\/www.labopolis.com\/it\/prodotto\/camara-incubadora-termostatizada-incubator-opaq\/","og_locale":"it_IT","og_type":"article","og_title":"C\u00e1mara Incubadora Termostatizada Incubator Opaq - Labopolis","og_description":"C\u00e1mara incubadora opaca digital met\u00e1lica de sobremesa con puerta frontal en metacrilato transparente, controlada por microprocesador.","og_url":"https:\/\/www.labopolis.com\/it\/prodotto\/camara-incubadora-termostatizada-incubator-opaq\/","og_site_name":"Labopolis","article_publisher":"https:\/\/www.facebook.com\/profile.php?id=100063251679439","article_modified_time":"2025-12-28T17:18:32+00:00","og_image":[{"width":518,"height":572,"url":"https:\/\/www.labopolis.com\/wp-content\/uploads\/2023\/07\/IncubadoraOpaqbandejas.png","type":"image\/png"}],"twitter_card":"summary_large_image","twitter_site":"@Labopolis","twitter_misc":{"Tempo di lettura stimato":"1 minuto"},"schema":{"@context":"https:\/\/schema.org","@graph":[{"@type":"WebPage","@id":"https:\/\/www.labopolis.com\/producto\/camara-incubadora-termostatizada-incubator-opaq\/","url":"https:\/\/www.labopolis.com\/producto\/camara-incubadora-termostatizada-incubator-opaq\/","name":"Incubatore termostatato Opaq Camera di incubazione - Labopolis","isPartOf":{"@id":"https:\/\/www.labopolis.com\/#website"},"primaryImageOfPage":{"@id":"https:\/\/www.labopolis.com\/producto\/camara-incubadora-termostatizada-incubator-opaq\/#primaryimage"},"image":{"@id":"https:\/\/www.labopolis.com\/producto\/camara-incubadora-termostatizada-incubator-opaq\/#primaryimage"},"thumbnailUrl":"https:\/\/www.labopolis.com\/wp-content\/uploads\/2023\/07\/IncubadoraOpaqbandejas.png","datePublished":"2023-07-10T11:32:57+00:00","dateModified":"2025-12-28T17:18:32+00:00","description":"Camera di incubazione digitale da tavolo in metallo opaco con porta frontale in metacrilato trasparente, controllata da microprocessore.","breadcrumb":{"@id":"https:\/\/www.labopolis.com\/producto\/camara-incubadora-termostatizada-incubator-opaq\/#breadcrumb"},"inLanguage":"it-IT","potentialAction":[{"@type":"ReadAction","target":["https:\/\/www.labopolis.com\/producto\/camara-incubadora-termostatizada-incubator-opaq\/"]}]},{"@type":"ImageObject","inLanguage":"it-IT","@id":"https:\/\/www.labopolis.com\/producto\/camara-incubadora-termostatizada-incubator-opaq\/#primaryimage","url":"https:\/\/www.labopolis.com\/wp-content\/uploads\/2023\/07\/IncubadoraOpaqbandejas.png","contentUrl":"https:\/\/www.labopolis.com\/wp-content\/uploads\/2023\/07\/IncubadoraOpaqbandejas.png","width":518,"height":572,"caption":"Producto"},{"@type":"BreadcrumbList","@id":"https:\/\/www.labopolis.com\/producto\/camara-incubadora-termostatizada-incubator-opaq\/#breadcrumb","itemListElement":[{"@type":"ListItem","position":1,"name":"Portada","item":"https:\/\/www.labopolis.com\/"},{"@type":"ListItem","position":2,"name":"Productos","item":"https:\/\/www.labopolis.com\/shop\/"},{"@type":"ListItem","position":3,"name":"C\u00e1mara Incubadora Termostatizada Incubator Opaq"}]},{"@type":"WebSite","@id":"https:\/\/www.labopolis.com\/#website","url":"https:\/\/www.labopolis.com\/","name":"Labopolis","description":"","potentialAction":[{"@type":"SearchAction","target":{"@type":"EntryPoint","urlTemplate":"https:\/\/www.labopolis.com\/?s={search_term_string}"},"query-input":{"@type":"PropertyValueSpecification","valueRequired":true,"valueName":"search_term_string"}}],"inLanguage":"it-IT"}]}},"_links":{"self":[{"href":"https:\/\/www.labopolis.com\/it\/wp-json\/wp\/v2\/product\/1218","targetHints":{"allow":["GET"]}}],"collection":[{"href":"https:\/\/www.labopolis.com\/it\/wp-json\/wp\/v2\/product"}],"about":[{"href":"https:\/\/www.labopolis.com\/it\/wp-json\/wp\/v2\/types\/product"}],"replies":[{"embeddable":true,"href":"https:\/\/www.labopolis.com\/it\/wp-json\/wp\/v2\/comments?post=1218"}],"wp:featuredmedia":[{"embeddable":true,"href":"https:\/\/www.labopolis.com\/it\/wp-json\/wp\/v2\/media\/1253"}],"wp:attachment":[{"href":"https:\/\/www.labopolis.com\/it\/wp-json\/wp\/v2\/media?parent=1218"}],"wp:term":[{"taxonomy":"product_brand","embeddable":true,"href":"https:\/\/www.labopolis.com\/it\/wp-json\/wp\/v2\/product_brand?post=1218"},{"taxonomy":"product_cat","embeddable":true,"href":"https:\/\/www.labopolis.com\/it\/wp-json\/wp\/v2\/product_cat?post=1218"},{"taxonomy":"product_tag","embeddable":true,"href":"https:\/\/www.labopolis.com\/it\/wp-json\/wp\/v2\/product_tag?post=1218"}],"curies":[{"name":"wp","href":"https:\/\/api.w.org\/{rel}","templated":true}]}}