{"id":1213,"date":"2023-07-10T11:32:56","date_gmt":"2023-07-10T11:32:56","guid":{"rendered":"https:\/\/www.labopolis.com\/?post_type=product&#038;p=1213"},"modified":"2023-08-17T10:22:22","modified_gmt":"2023-08-17T10:22:22","slug":"tamices-industriales-circulares","status":"publish","type":"product","link":"https:\/\/www.labopolis.com\/it\/prodotto\/tamices-industriales-circulares\/","title":{"rendered":"Setacci industriali circolari"},"content":{"rendered":"<p>Nuovi setacci<br \/>\nProduzione di setacci industriali circolari in acciaio inox AISI-304 e AISI-316, con maglie da 36 micron a 10 mm. Diametri dei cerchi 544 mm, 754 mm, 1.154 mm e 1.491 mm, con e senza centro di tensione.<br \/>\nRiparazione e manutenzione<br \/>\nRifacimento e riparazione di vagli circolari industriali con maglie di alta qualit\u00e0, per tutte le marche di vagli circolari presenti sul mercato.<br \/>\nSostituzione della rete deteriorata con una nuova, garantendo il corretto funzionamento e tensioni adeguate.<\/p>","protected":false},"excerpt":{"rendered":"<p>Tamices nuevos<br \/>\nFabricaci\u00f3n de tamices industriales circulares en acero inoxidable AISI-304 y AISI-316, con luces de malla desde 36 micras a 10 mm. Di\u00e1metros de aro 544 mm, 754 mm, 1.154 mm y 1.491 mm, con y sin centro tensor.<br \/>\nReparaci\u00f3n y mantenimiento<br \/>\nReentelado y reparaci\u00f3n de tamices industriales circulares con mallas de alta calidad, para todas las marcas de tamizadoras circulares existentes en el mercado.<br \/>\nSustituci\u00f3n de la malla deteriorada por una nueva, garantizando el correcto funcionamiento y tensiones adecuadas.<br \/>\nReentelado de aros con sistemas de limpieza por ultrasonido.<br \/>\nReentelado de aros con dispositivos de golpeo por bolas u otras ayudas al tamizado.<br \/>\nMesas de tensi\u00f3n disponibles para reentelado de aros con di\u00e1metros de 300 mm a 1.900 mm con y sin centro tensor, utilizando colas de alta resistencia o soldadura por puntos.<\/p>\n<p>[sv slug=\u00bbproductos\u00bb]<\/p>\n<p>&nbsp;<\/p>\n","protected":false},"featured_media":1237,"comment_status":"open","ping_status":"closed","template":"","meta":[],"product_brand":[],"product_cat":[107,114],"product_tag":[],"class_list":{"0":"post-1213","1":"product","2":"type-product","3":"status-publish","4":"has-post-thumbnail","6":"product_cat-industrial","7":"product_cat-tamices-industriales","9":"first","10":"instock","11":"taxable","12":"shipping-taxable","13":"product-type-simple"},"yoast_head":"<!-- This site is optimized with the Yoast SEO plugin v27.2 - https:\/\/yoast.com\/product\/yoast-seo-wordpress\/ -->\n<title>Tamices Industriales circulares - Labopolis<\/title>\n<meta name=\"description\" content=\"Tamices nuevos Fabricaci\u00f3n de tamices industriales circulares en acero inoxidable AISI-304 y AISI-316, con luces de malla desde 36 micras a 10 mm. Di\u00e1metros de aro 544 mm, 754 mm, 1.154 mm y 1.491 mm, con y sin centro tensor. Reparaci\u00f3n y mantenimiento Reentelado y reparaci\u00f3n de tamices industriales circulares con mallas de alta calidad, para todas las marcas de tamizadoras circulares existentes en el mercado. Sustituci\u00f3n de la malla deteriorada por una nueva, garantizando el correcto funcionamiento y tensiones adecuadas. Reentelado de aros con sistemas de limpieza por ultrasonido. Reentelado de aros con dispositivos de golpeo por bolas u otras ayudas al tamizado. Mesas de tensi\u00f3n disponibles para reentelado de aros con di\u00e1metros de 300 mm a 1.900 mm con y sin centro tensor, utilizando colas de alta resistencia o soldadura por puntos.    &nbsp;\" \/>\n<meta name=\"robots\" content=\"index, follow, max-snippet:-1, max-image-preview:large, max-video-preview:-1\" \/>\n<link rel=\"canonical\" href=\"https:\/\/www.labopolis.com\/it\/prodotto\/tamices-industriales-circulares\/\" \/>\n<meta property=\"og:locale\" content=\"it_IT\" \/>\n<meta property=\"og:type\" content=\"article\" \/>\n<meta property=\"og:title\" content=\"Tamices Industriales circulares - Labopolis\" \/>\n<meta property=\"og:description\" content=\"Tamices nuevos Fabricaci\u00f3n de tamices industriales circulares en acero inoxidable AISI-304 y AISI-316, con luces de malla desde 36 micras a 10 mm. Di\u00e1metros de aro 544 mm, 754 mm, 1.154 mm y 1.491 mm, con y sin centro tensor. Reparaci\u00f3n y mantenimiento Reentelado y reparaci\u00f3n de tamices industriales circulares con mallas de alta calidad, para todas las marcas de tamizadoras circulares existentes en el mercado. Sustituci\u00f3n de la malla deteriorada por una nueva, garantizando el correcto funcionamiento y tensiones adecuadas. Reentelado de aros con sistemas de limpieza por ultrasonido. Reentelado de aros con dispositivos de golpeo por bolas u otras ayudas al tamizado. Mesas de tensi\u00f3n disponibles para reentelado de aros con di\u00e1metros de 300 mm a 1.900 mm con y sin centro tensor, utilizando colas de alta resistencia o soldadura por puntos.    &nbsp;\" \/>\n<meta property=\"og:url\" content=\"https:\/\/www.labopolis.com\/it\/prodotto\/tamices-industriales-circulares\/\" \/>\n<meta property=\"og:site_name\" content=\"Labopolis\" \/>\n<meta property=\"article:publisher\" content=\"https:\/\/www.facebook.com\/profile.php?id=100063251679439\" \/>\n<meta property=\"article:modified_time\" content=\"2023-08-17T10:22:22+00:00\" \/>\n<meta property=\"og:image\" content=\"https:\/\/www.labopolis.com\/wp-content\/uploads\/2023\/07\/tipos-mallas.jpg\" \/>\n\t<meta property=\"og:image:width\" content=\"425\" \/>\n\t<meta property=\"og:image:height\" content=\"205\" \/>\n\t<meta property=\"og:image:type\" content=\"image\/jpeg\" \/>\n<meta name=\"twitter:card\" content=\"summary_large_image\" \/>\n<meta name=\"twitter:site\" content=\"@Labopolis\" \/>\n<script type=\"application\/ld+json\" class=\"yoast-schema-graph\">{\"@context\":\"https:\/\/schema.org\",\"@graph\":[{\"@type\":\"WebPage\",\"@id\":\"https:\/\/www.labopolis.com\/producto\/tamices-industriales-circulares\/\",\"url\":\"https:\/\/www.labopolis.com\/producto\/tamices-industriales-circulares\/\",\"name\":\"Tamices Industriales circulares - Labopolis\",\"isPartOf\":{\"@id\":\"https:\/\/www.labopolis.com\/#website\"},\"primaryImageOfPage\":{\"@id\":\"https:\/\/www.labopolis.com\/producto\/tamices-industriales-circulares\/#primaryimage\"},\"image\":{\"@id\":\"https:\/\/www.labopolis.com\/producto\/tamices-industriales-circulares\/#primaryimage\"},\"thumbnailUrl\":\"https:\/\/www.labopolis.com\/wp-content\/uploads\/2023\/07\/tipos-mallas.jpg\",\"datePublished\":\"2023-07-10T11:32:56+00:00\",\"dateModified\":\"2023-08-17T10:22:22+00:00\",\"description\":\"Tamices nuevos Fabricaci\u00f3n de tamices industriales circulares en acero inoxidable AISI-304 y AISI-316, con luces de malla desde 36 micras a 10 mm. Di\u00e1metros de aro 544 mm, 754 mm, 1.154 mm y 1.491 mm, con y sin centro tensor. Reparaci\u00f3n y mantenimiento Reentelado y reparaci\u00f3n de tamices industriales circulares con mallas de alta calidad, para todas las marcas de tamizadoras circulares existentes en el mercado. Sustituci\u00f3n de la malla deteriorada por una nueva, garantizando el correcto funcionamiento y tensiones adecuadas. Reentelado de aros con sistemas de limpieza por ultrasonido. Reentelado de aros con dispositivos de golpeo por bolas u otras ayudas al tamizado. Mesas de tensi\u00f3n disponibles para reentelado de aros con di\u00e1metros de 300 mm a 1.900 mm con y sin centro tensor, utilizando colas de alta resistencia o soldadura por puntos. &nbsp;\",\"breadcrumb\":{\"@id\":\"https:\/\/www.labopolis.com\/producto\/tamices-industriales-circulares\/#breadcrumb\"},\"inLanguage\":\"it-IT\",\"potentialAction\":[{\"@type\":\"ReadAction\",\"target\":[\"https:\/\/www.labopolis.com\/producto\/tamices-industriales-circulares\/\"]}]},{\"@type\":\"ImageObject\",\"inLanguage\":\"it-IT\",\"@id\":\"https:\/\/www.labopolis.com\/producto\/tamices-industriales-circulares\/#primaryimage\",\"url\":\"https:\/\/www.labopolis.com\/wp-content\/uploads\/2023\/07\/tipos-mallas.jpg\",\"contentUrl\":\"https:\/\/www.labopolis.com\/wp-content\/uploads\/2023\/07\/tipos-mallas.jpg\",\"width\":425,\"height\":205,\"caption\":\"Producto\"},{\"@type\":\"BreadcrumbList\",\"@id\":\"https:\/\/www.labopolis.com\/producto\/tamices-industriales-circulares\/#breadcrumb\",\"itemListElement\":[{\"@type\":\"ListItem\",\"position\":1,\"name\":\"Portada\",\"item\":\"https:\/\/www.labopolis.com\/\"},{\"@type\":\"ListItem\",\"position\":2,\"name\":\"Productos\",\"item\":\"https:\/\/www.labopolis.com\/shop\/\"},{\"@type\":\"ListItem\",\"position\":3,\"name\":\"Tamices Industriales circulares\"}]},{\"@type\":\"WebSite\",\"@id\":\"https:\/\/www.labopolis.com\/#website\",\"url\":\"https:\/\/www.labopolis.com\/\",\"name\":\"Labopolis\",\"description\":\"\",\"potentialAction\":[{\"@type\":\"SearchAction\",\"target\":{\"@type\":\"EntryPoint\",\"urlTemplate\":\"https:\/\/www.labopolis.com\/?s={search_term_string}\"},\"query-input\":{\"@type\":\"PropertyValueSpecification\",\"valueRequired\":true,\"valueName\":\"search_term_string\"}}],\"inLanguage\":\"it-IT\"}]}<\/script>\n<!-- \/ Yoast SEO plugin. -->","yoast_head_json":{"title":"Setacci industriali circolari - Labopolis","description":"Nuovi setacci Produzione di setacci industriali circolari in acciaio inox AISI-304 e AISI-316, con maglie da 36 micron a 10 mm. Diametri del cerchio 544 mm, 754 mm, 1.154 mm e 1.491 mm, con e senza centro di tensione. Riparazione e manutenzione Rimagliatura e riparazione di setacci circolari industriali con maglie di alta qualit\u00e0 per tutte le marche di setacci circolari presenti sul mercato. Sostituzione della rete deteriorata con una nuova, garantendo un funzionamento corretto e tensioni adeguate. Rimagliatura degli anelli con sistemi di pulizia a ultrasuoni. Riammagliatura dei cerchi con dispositivi di spillatura a sfera o altri ausili di setacciatura. Tavole di tensionamento disponibili per il reincollaggio di anelli con diametri da 300 mm a 1.900 mm con e senza centro di tensionamento, utilizzando colle ad alta resistenza o saldatura a punti.    &nbsp;","robots":{"index":"index","follow":"follow","max-snippet":"max-snippet:-1","max-image-preview":"max-image-preview:large","max-video-preview":"max-video-preview:-1"},"canonical":"https:\/\/www.labopolis.com\/it\/prodotto\/tamices-industriales-circulares\/","og_locale":"it_IT","og_type":"article","og_title":"Tamices Industriales circulares - Labopolis","og_description":"Tamices nuevos Fabricaci\u00f3n de tamices industriales circulares en acero inoxidable AISI-304 y AISI-316, con luces de malla desde 36 micras a 10 mm. Di\u00e1metros de aro 544 mm, 754 mm, 1.154 mm y 1.491 mm, con y sin centro tensor. Reparaci\u00f3n y mantenimiento Reentelado y reparaci\u00f3n de tamices industriales circulares con mallas de alta calidad, para todas las marcas de tamizadoras circulares existentes en el mercado. Sustituci\u00f3n de la malla deteriorada por una nueva, garantizando el correcto funcionamiento y tensiones adecuadas. Reentelado de aros con sistemas de limpieza por ultrasonido. Reentelado de aros con dispositivos de golpeo por bolas u otras ayudas al tamizado. Mesas de tensi\u00f3n disponibles para reentelado de aros con di\u00e1metros de 300 mm a 1.900 mm con y sin centro tensor, utilizando colas de alta resistencia o soldadura por puntos.    &nbsp;","og_url":"https:\/\/www.labopolis.com\/it\/prodotto\/tamices-industriales-circulares\/","og_site_name":"Labopolis","article_publisher":"https:\/\/www.facebook.com\/profile.php?id=100063251679439","article_modified_time":"2023-08-17T10:22:22+00:00","og_image":[{"width":425,"height":205,"url":"https:\/\/www.labopolis.com\/wp-content\/uploads\/2023\/07\/tipos-mallas.jpg","type":"image\/jpeg"}],"twitter_card":"summary_large_image","twitter_site":"@Labopolis","schema":{"@context":"https:\/\/schema.org","@graph":[{"@type":"WebPage","@id":"https:\/\/www.labopolis.com\/producto\/tamices-industriales-circulares\/","url":"https:\/\/www.labopolis.com\/producto\/tamices-industriales-circulares\/","name":"Setacci industriali circolari - Labopolis","isPartOf":{"@id":"https:\/\/www.labopolis.com\/#website"},"primaryImageOfPage":{"@id":"https:\/\/www.labopolis.com\/producto\/tamices-industriales-circulares\/#primaryimage"},"image":{"@id":"https:\/\/www.labopolis.com\/producto\/tamices-industriales-circulares\/#primaryimage"},"thumbnailUrl":"https:\/\/www.labopolis.com\/wp-content\/uploads\/2023\/07\/tipos-mallas.jpg","datePublished":"2023-07-10T11:32:56+00:00","dateModified":"2023-08-17T10:22:22+00:00","description":"Nuovi setacci Produzione di setacci industriali circolari in acciaio inox AISI-304 e AISI-316, con maglie da 36 micron a 10 mm. Diametri del cerchio 544 mm, 754 mm, 1.154 mm e 1.491 mm, con e senza centro di tensione. Riparazione e manutenzione Rimagliatura e riparazione di setacci circolari industriali con maglie di alta qualit\u00e0 per tutte le marche di setacci circolari presenti sul mercato. Sostituzione della rete deteriorata con una nuova, garantendo un funzionamento corretto e tensioni adeguate. Rimagliatura degli anelli con sistemi di pulizia a ultrasuoni. Riammagliatura dei cerchi con dispositivi di spillatura a sfera o altri ausili di setacciatura. Tavole di tensionamento disponibili per il reincollaggio di anelli con diametri da 300 mm a 1.900 mm con e senza centro di tensionamento, utilizzando colle ad alta resistenza o saldatura a punti. &nbsp;","breadcrumb":{"@id":"https:\/\/www.labopolis.com\/producto\/tamices-industriales-circulares\/#breadcrumb"},"inLanguage":"it-IT","potentialAction":[{"@type":"ReadAction","target":["https:\/\/www.labopolis.com\/producto\/tamices-industriales-circulares\/"]}]},{"@type":"ImageObject","inLanguage":"it-IT","@id":"https:\/\/www.labopolis.com\/producto\/tamices-industriales-circulares\/#primaryimage","url":"https:\/\/www.labopolis.com\/wp-content\/uploads\/2023\/07\/tipos-mallas.jpg","contentUrl":"https:\/\/www.labopolis.com\/wp-content\/uploads\/2023\/07\/tipos-mallas.jpg","width":425,"height":205,"caption":"Producto"},{"@type":"BreadcrumbList","@id":"https:\/\/www.labopolis.com\/producto\/tamices-industriales-circulares\/#breadcrumb","itemListElement":[{"@type":"ListItem","position":1,"name":"Portada","item":"https:\/\/www.labopolis.com\/"},{"@type":"ListItem","position":2,"name":"Productos","item":"https:\/\/www.labopolis.com\/shop\/"},{"@type":"ListItem","position":3,"name":"Tamices Industriales circulares"}]},{"@type":"WebSite","@id":"https:\/\/www.labopolis.com\/#website","url":"https:\/\/www.labopolis.com\/","name":"Labopolis","description":"","potentialAction":[{"@type":"SearchAction","target":{"@type":"EntryPoint","urlTemplate":"https:\/\/www.labopolis.com\/?s={search_term_string}"},"query-input":{"@type":"PropertyValueSpecification","valueRequired":true,"valueName":"search_term_string"}}],"inLanguage":"it-IT"}]}},"_links":{"self":[{"href":"https:\/\/www.labopolis.com\/it\/wp-json\/wp\/v2\/product\/1213","targetHints":{"allow":["GET"]}}],"collection":[{"href":"https:\/\/www.labopolis.com\/it\/wp-json\/wp\/v2\/product"}],"about":[{"href":"https:\/\/www.labopolis.com\/it\/wp-json\/wp\/v2\/types\/product"}],"replies":[{"embeddable":true,"href":"https:\/\/www.labopolis.com\/it\/wp-json\/wp\/v2\/comments?post=1213"}],"wp:featuredmedia":[{"embeddable":true,"href":"https:\/\/www.labopolis.com\/it\/wp-json\/wp\/v2\/media\/1237"}],"wp:attachment":[{"href":"https:\/\/www.labopolis.com\/it\/wp-json\/wp\/v2\/media?parent=1213"}],"wp:term":[{"taxonomy":"product_brand","embeddable":true,"href":"https:\/\/www.labopolis.com\/it\/wp-json\/wp\/v2\/product_brand?post=1213"},{"taxonomy":"product_cat","embeddable":true,"href":"https:\/\/www.labopolis.com\/it\/wp-json\/wp\/v2\/product_cat?post=1213"},{"taxonomy":"product_tag","embeddable":true,"href":"https:\/\/www.labopolis.com\/it\/wp-json\/wp\/v2\/product_tag?post=1213"}],"curies":[{"name":"wp","href":"https:\/\/api.w.org\/{rel}","templated":true}]}}