{"id":1103,"date":"2023-07-10T11:32:25","date_gmt":"2023-07-10T11:32:25","guid":{"rendered":"https:\/\/www.labopolis.com\/?post_type=product&#038;p=1103"},"modified":"2025-12-28T16:51:58","modified_gmt":"2025-12-28T16:51:58","slug":"bano-de-calor-seco-digital-bath-dry-block","status":"publish","type":"product","link":"https:\/\/www.labopolis.com\/it\/prodotto\/bano-de-calor-seco-digital-bath-dry-block\/","title":{"rendered":"Bagno a secco Blocco digitale a calore secco"},"content":{"rendered":"<p>Modello 1 Blocco: BD200-CE (circolare)<br \/>\nModello 2 Blocchi: BD200-RE (rettangolare)<\/p>\n<p>Bagno di riscaldamento a secco controllato da microprocessore con sensore Pt100 interno integrato.<br \/>\nDisplay LCD digitale retroilluminato con indicazione del valore di temperatura selezionato e di quello effettivo.<br \/>\nTastiera con pulsanti a membrana sensibili al tocco.<br \/>\nRiscaldatori uniformemente distribuiti per un riscaldamento uniforme su tutta la superficie di contatto.<br \/>\nRiarmabile: dopo un'interruzione di corrente, l'apparecchiatura riprende a funzionare con gli stessi parametri di prima. Sul display appare un indicatore di incidente.<\/p>","protected":false},"excerpt":{"rendered":"<p>Bagno di calore a secco Bagno di blocco a secco<\/p>\n<p>Modello 1 Blocco: BD200-CE (circolare)<br \/>\nModello 2 Blocchi: BD200-RE (rettangolare)<br \/>\nAccessori non inclusi<\/p>\n<p><strong><em><a title=\"BAGNO A SECCO BLOCCO digitale a calore secco\" href=\"https:\/\/www.labopolis.com\/wp-content\/uploads\/2015\/05\/BathDryBlock.pdf\" target=\"_blank\" rel=\"noopener\"><i class=\"fas fa-file-alt\"><\/i>\u00a0Scheda tecnica di BATH DRY BLOCK<\/a><\/em><\/strong><\/p>","protected":false},"featured_media":1116,"comment_status":"open","ping_status":"closed","template":"","meta":[],"product_brand":[],"product_cat":[75,86,23],"product_tag":[87,88,89],"class_list":{"0":"post-1103","1":"product","2":"type-product","3":"status-publish","4":"has-post-thumbnail","6":"product_cat-banos","7":"product_cat-banos-secos","8":"product_cat-laboratorio","9":"product_tag-bano-de-calor-seco","10":"product_tag-bano-seco","11":"product_tag-bano-seco-digital","13":"first","14":"instock","15":"taxable","16":"shipping-taxable","17":"purchasable","18":"product-type-variable"},"yoast_head":"<!-- This site is optimized with the Yoast SEO plugin v27.2 - https:\/\/yoast.com\/product\/yoast-seo-wordpress\/ -->\n<title>Ba\u00f1o de calor seco digital Bath Dry Block - Labopolis<\/title>\n<meta name=\"description\" content=\"Ba\u00f1os de calor seco con 1 o 2 bloques, sonda Pt-100 integrada, regulaci\u00f3n de temperatura ARA V2, tecnologia fuzzy logic de alta precisi\u00f3n\" \/>\n<meta name=\"robots\" content=\"index, follow, max-snippet:-1, max-image-preview:large, max-video-preview:-1\" \/>\n<link rel=\"canonical\" href=\"https:\/\/www.labopolis.com\/it\/prodotto\/bano-de-calor-seco-digital-bath-dry-block\/\" \/>\n<meta property=\"og:locale\" content=\"it_IT\" \/>\n<meta property=\"og:type\" content=\"article\" \/>\n<meta property=\"og:title\" content=\"Ba\u00f1o de calor seco digital Bath Dry Block - Labopolis\" \/>\n<meta property=\"og:description\" content=\"Ba\u00f1os de calor seco con 1 o 2 bloques, sonda Pt-100 integrada, regulaci\u00f3n de temperatura ARA V2, tecnologia fuzzy logic de alta precisi\u00f3n\" \/>\n<meta property=\"og:url\" content=\"https:\/\/www.labopolis.com\/it\/prodotto\/bano-de-calor-seco-digital-bath-dry-block\/\" \/>\n<meta property=\"og:site_name\" content=\"Labopolis\" \/>\n<meta property=\"article:publisher\" content=\"https:\/\/www.facebook.com\/profile.php?id=100063251679439\" \/>\n<meta property=\"article:modified_time\" content=\"2025-12-28T16:51:58+00:00\" \/>\n<meta property=\"og:image\" content=\"https:\/\/www.labopolis.com\/wp-content\/uploads\/2023\/07\/BathDryBlockRE.png\" \/>\n\t<meta property=\"og:image:width\" content=\"455\" \/>\n\t<meta property=\"og:image:height\" content=\"438\" \/>\n\t<meta property=\"og:image:type\" content=\"image\/png\" \/>\n<meta name=\"twitter:card\" content=\"summary_large_image\" \/>\n<meta name=\"twitter:site\" content=\"@Labopolis\" \/>\n<meta name=\"twitter:label1\" content=\"Tempo di lettura stimato\" \/>\n\t<meta name=\"twitter:data1\" content=\"1 minuto\" \/>\n<script type=\"application\/ld+json\" class=\"yoast-schema-graph\">{\"@context\":\"https:\/\/schema.org\",\"@graph\":[{\"@type\":\"WebPage\",\"@id\":\"https:\/\/www.labopolis.com\/producto\/bano-de-calor-seco-digital-bath-dry-block\/\",\"url\":\"https:\/\/www.labopolis.com\/producto\/bano-de-calor-seco-digital-bath-dry-block\/\",\"name\":\"Ba\u00f1o de calor seco digital Bath Dry Block - Labopolis\",\"isPartOf\":{\"@id\":\"https:\/\/www.labopolis.com\/#website\"},\"primaryImageOfPage\":{\"@id\":\"https:\/\/www.labopolis.com\/producto\/bano-de-calor-seco-digital-bath-dry-block\/#primaryimage\"},\"image\":{\"@id\":\"https:\/\/www.labopolis.com\/producto\/bano-de-calor-seco-digital-bath-dry-block\/#primaryimage\"},\"thumbnailUrl\":\"https:\/\/www.labopolis.com\/wp-content\/uploads\/2023\/07\/BathDryBlockRE.png\",\"datePublished\":\"2023-07-10T11:32:25+00:00\",\"dateModified\":\"2025-12-28T16:51:58+00:00\",\"description\":\"Ba\u00f1os de calor seco con 1 o 2 bloques, sonda Pt-100 integrada, regulaci\u00f3n de temperatura ARA V2, tecnologia fuzzy logic de alta precisi\u00f3n\",\"breadcrumb\":{\"@id\":\"https:\/\/www.labopolis.com\/producto\/bano-de-calor-seco-digital-bath-dry-block\/#breadcrumb\"},\"inLanguage\":\"it-IT\",\"potentialAction\":[{\"@type\":\"ReadAction\",\"target\":[\"https:\/\/www.labopolis.com\/producto\/bano-de-calor-seco-digital-bath-dry-block\/\"]}]},{\"@type\":\"ImageObject\",\"inLanguage\":\"it-IT\",\"@id\":\"https:\/\/www.labopolis.com\/producto\/bano-de-calor-seco-digital-bath-dry-block\/#primaryimage\",\"url\":\"https:\/\/www.labopolis.com\/wp-content\/uploads\/2023\/07\/BathDryBlockRE.png\",\"contentUrl\":\"https:\/\/www.labopolis.com\/wp-content\/uploads\/2023\/07\/BathDryBlockRE.png\",\"width\":455,\"height\":438,\"caption\":\"Producto\"},{\"@type\":\"BreadcrumbList\",\"@id\":\"https:\/\/www.labopolis.com\/producto\/bano-de-calor-seco-digital-bath-dry-block\/#breadcrumb\",\"itemListElement\":[{\"@type\":\"ListItem\",\"position\":1,\"name\":\"Portada\",\"item\":\"https:\/\/www.labopolis.com\/\"},{\"@type\":\"ListItem\",\"position\":2,\"name\":\"Productos\",\"item\":\"https:\/\/www.labopolis.com\/shop\/\"},{\"@type\":\"ListItem\",\"position\":3,\"name\":\"Ba\u00f1o de calor seco digital Bath Dry Block\"}]},{\"@type\":\"WebSite\",\"@id\":\"https:\/\/www.labopolis.com\/#website\",\"url\":\"https:\/\/www.labopolis.com\/\",\"name\":\"Labopolis\",\"description\":\"\",\"potentialAction\":[{\"@type\":\"SearchAction\",\"target\":{\"@type\":\"EntryPoint\",\"urlTemplate\":\"https:\/\/www.labopolis.com\/?s={search_term_string}\"},\"query-input\":{\"@type\":\"PropertyValueSpecification\",\"valueRequired\":true,\"valueName\":\"search_term_string\"}}],\"inLanguage\":\"it-IT\"}]}<\/script>\n<!-- \/ Yoast SEO plugin. -->","yoast_head_json":{"title":"Bagno Dry Block Asciugatura digitale - Labopolis","description":"Bagni di riscaldamento a secco con 1 o 2 blocchi, sonda Pt-100 integrata, controllo della temperatura ARA V2, tecnologia fuzzy logic ad alta precisione","robots":{"index":"index","follow":"follow","max-snippet":"max-snippet:-1","max-image-preview":"max-image-preview:large","max-video-preview":"max-video-preview:-1"},"canonical":"https:\/\/www.labopolis.com\/it\/prodotto\/bano-de-calor-seco-digital-bath-dry-block\/","og_locale":"it_IT","og_type":"article","og_title":"Ba\u00f1o de calor seco digital Bath Dry Block - Labopolis","og_description":"Ba\u00f1os de calor seco con 1 o 2 bloques, sonda Pt-100 integrada, regulaci\u00f3n de temperatura ARA V2, tecnologia fuzzy logic de alta precisi\u00f3n","og_url":"https:\/\/www.labopolis.com\/it\/prodotto\/bano-de-calor-seco-digital-bath-dry-block\/","og_site_name":"Labopolis","article_publisher":"https:\/\/www.facebook.com\/profile.php?id=100063251679439","article_modified_time":"2025-12-28T16:51:58+00:00","og_image":[{"width":455,"height":438,"url":"https:\/\/www.labopolis.com\/wp-content\/uploads\/2023\/07\/BathDryBlockRE.png","type":"image\/png"}],"twitter_card":"summary_large_image","twitter_site":"@Labopolis","twitter_misc":{"Tempo di lettura stimato":"1 minuto"},"schema":{"@context":"https:\/\/schema.org","@graph":[{"@type":"WebPage","@id":"https:\/\/www.labopolis.com\/producto\/bano-de-calor-seco-digital-bath-dry-block\/","url":"https:\/\/www.labopolis.com\/producto\/bano-de-calor-seco-digital-bath-dry-block\/","name":"Bagno Dry Block Asciugatura digitale - Labopolis","isPartOf":{"@id":"https:\/\/www.labopolis.com\/#website"},"primaryImageOfPage":{"@id":"https:\/\/www.labopolis.com\/producto\/bano-de-calor-seco-digital-bath-dry-block\/#primaryimage"},"image":{"@id":"https:\/\/www.labopolis.com\/producto\/bano-de-calor-seco-digital-bath-dry-block\/#primaryimage"},"thumbnailUrl":"https:\/\/www.labopolis.com\/wp-content\/uploads\/2023\/07\/BathDryBlockRE.png","datePublished":"2023-07-10T11:32:25+00:00","dateModified":"2025-12-28T16:51:58+00:00","description":"Bagni di riscaldamento a secco con 1 o 2 blocchi, sonda Pt-100 integrata, controllo della temperatura ARA V2, tecnologia fuzzy logic ad alta precisione","breadcrumb":{"@id":"https:\/\/www.labopolis.com\/producto\/bano-de-calor-seco-digital-bath-dry-block\/#breadcrumb"},"inLanguage":"it-IT","potentialAction":[{"@type":"ReadAction","target":["https:\/\/www.labopolis.com\/producto\/bano-de-calor-seco-digital-bath-dry-block\/"]}]},{"@type":"ImageObject","inLanguage":"it-IT","@id":"https:\/\/www.labopolis.com\/producto\/bano-de-calor-seco-digital-bath-dry-block\/#primaryimage","url":"https:\/\/www.labopolis.com\/wp-content\/uploads\/2023\/07\/BathDryBlockRE.png","contentUrl":"https:\/\/www.labopolis.com\/wp-content\/uploads\/2023\/07\/BathDryBlockRE.png","width":455,"height":438,"caption":"Producto"},{"@type":"BreadcrumbList","@id":"https:\/\/www.labopolis.com\/producto\/bano-de-calor-seco-digital-bath-dry-block\/#breadcrumb","itemListElement":[{"@type":"ListItem","position":1,"name":"Portada","item":"https:\/\/www.labopolis.com\/"},{"@type":"ListItem","position":2,"name":"Productos","item":"https:\/\/www.labopolis.com\/shop\/"},{"@type":"ListItem","position":3,"name":"Ba\u00f1o de calor seco digital Bath Dry Block"}]},{"@type":"WebSite","@id":"https:\/\/www.labopolis.com\/#website","url":"https:\/\/www.labopolis.com\/","name":"Labopolis","description":"","potentialAction":[{"@type":"SearchAction","target":{"@type":"EntryPoint","urlTemplate":"https:\/\/www.labopolis.com\/?s={search_term_string}"},"query-input":{"@type":"PropertyValueSpecification","valueRequired":true,"valueName":"search_term_string"}}],"inLanguage":"it-IT"}]}},"_links":{"self":[{"href":"https:\/\/www.labopolis.com\/it\/wp-json\/wp\/v2\/product\/1103","targetHints":{"allow":["GET"]}}],"collection":[{"href":"https:\/\/www.labopolis.com\/it\/wp-json\/wp\/v2\/product"}],"about":[{"href":"https:\/\/www.labopolis.com\/it\/wp-json\/wp\/v2\/types\/product"}],"replies":[{"embeddable":true,"href":"https:\/\/www.labopolis.com\/it\/wp-json\/wp\/v2\/comments?post=1103"}],"wp:featuredmedia":[{"embeddable":true,"href":"https:\/\/www.labopolis.com\/it\/wp-json\/wp\/v2\/media\/1116"}],"wp:attachment":[{"href":"https:\/\/www.labopolis.com\/it\/wp-json\/wp\/v2\/media?parent=1103"}],"wp:term":[{"taxonomy":"product_brand","embeddable":true,"href":"https:\/\/www.labopolis.com\/it\/wp-json\/wp\/v2\/product_brand?post=1103"},{"taxonomy":"product_cat","embeddable":true,"href":"https:\/\/www.labopolis.com\/it\/wp-json\/wp\/v2\/product_cat?post=1103"},{"taxonomy":"product_tag","embeddable":true,"href":"https:\/\/www.labopolis.com\/it\/wp-json\/wp\/v2\/product_tag?post=1103"}],"curies":[{"name":"wp","href":"https:\/\/api.w.org\/{rel}","templated":true}]}}