{"id":1088,"date":"2023-07-10T11:32:24","date_gmt":"2023-07-10T11:32:24","guid":{"rendered":"https:\/\/www.labopolis.com\/?post_type=product&#038;p=1088"},"modified":"2025-12-28T16:57:17","modified_gmt":"2025-12-28T16:57:17","slug":"bano-recirculador-refrigerado-digital-bath-cryostat","status":"publish","type":"product","link":"https:\/\/www.labopolis.com\/it\/prodotto\/bano-recirculador-refrigerado-digital-bath-cryostat\/","title":{"rendered":"Bagno digitale a ricircolo refrigerato Bagno criostatico"},"content":{"rendered":"<p>Bagno digitale a ricircolo refrigerato Bagno criostatico<\/p>\n<p>Modello BC10E: 12 L (da -10\u00ba a +100\u00ba C)<br \/>\nModello BC10EXF: 12 L (da -10\u00ba a +100\u00ba C) con velocit\u00e0 della pompa regolabile<\/p>\n<p>Criocooler di precisione controllato da microprocessore.<br \/>\nSerbatoio interno in acciaio inox AISI 304 e telaio esterno in metallo protetto con resina epossidica, altamente resistente agli ambienti aggressivi.<br \/>\nDisplay LCD digitale retroilluminato con indicazione del valore di temperatura selezionato e di quello effettivo.<br \/>\nTastiera con pulsanti a membrana sensibili al tocco.<br \/>\nSonda di alta precisione PT 100 incorporata.<br \/>\nCompressore da 1\/5 HP senza CFC, silenzioso e privo di vibrazioni.<br \/>\nPompa di omogeneizzazione con capacit\u00e0 di 6 litri\/minuto.<br \/>\nControllo del motore con 4 livelli di potenza.<br \/>\nSalva in memoria gli ultimi dati utilizzati.<br \/>\nRaccordi di ingresso e di uscita per la termostatazione esterna.<br \/>\nRaccordo di drenaggio e maniglie per un facile trasporto.<br \/>\nInterruttore principale protetto dagli spruzzi.<\/p>\n<p>Consultare i prezzi per temperature inferiori fino a -40\u00b0C.<\/p>","protected":false},"excerpt":{"rendered":"<p>Bagno digitale a ricircolo refrigerato Bagno criostatico<br \/>\nModello BC10E: 12 l. (da -10\u00ba a +100\u00ba C)<br \/>\nModello BC10EXF: 12 L (da -10\u00ba a +100\u00ba C) con velocit\u00e0 della pompa regolabile<br \/>\nAccessori non inclusi<\/p>\n<p><strong><em><a title=\"Bagno a ricircolo con raffreddamento digitale CRISTALLO DA BAGNO\" href=\"https:\/\/www.labopolis.com\/wp-content\/uploads\/2015\/05\/BathCryostat.pdf\" target=\"_blank\" rel=\"noopener\"><i class=\"fas fa-file-alt\"><\/i>\u00a0Scheda tecnica del CRISTALLO DA BAGNO<\/a><\/em><\/strong><\/p>","protected":false},"featured_media":1113,"comment_status":"open","ping_status":"closed","template":"","meta":[],"product_brand":[],"product_cat":[75,80,23],"product_tag":[81,82,83],"class_list":{"0":"post-1088","1":"product","2":"type-product","3":"status-publish","4":"has-post-thumbnail","6":"product_cat-banos","7":"product_cat-banos-refrigerados","8":"product_cat-laboratorio","9":"product_tag-bano-recirculador-refrigerado","10":"product_tag-bano-refrigerado","11":"product_tag-bano-refrigerado-digital","13":"first","14":"instock","15":"taxable","16":"shipping-taxable","17":"purchasable","18":"product-type-variable"},"yoast_head":"<!-- This site is optimized with the Yoast SEO plugin v27.2 - https:\/\/yoast.com\/product\/yoast-seo-wordpress\/ -->\n<title>Ba\u00f1o recirculador refrigerado digital Bath Cryostat - Labopolis<\/title>\n<meta name=\"description\" content=\"El ba\u00f1o refrigerado Bath de laboratorio dispone de criotermostato de precisi\u00f3n controlado por microprocesador. Fabricado en Espa\u00f1a\" \/>\n<meta name=\"robots\" content=\"index, follow, max-snippet:-1, max-image-preview:large, max-video-preview:-1\" \/>\n<link rel=\"canonical\" href=\"https:\/\/www.labopolis.com\/it\/prodotto\/bano-recirculador-refrigerado-digital-bath-cryostat\/\" \/>\n<meta property=\"og:locale\" content=\"it_IT\" \/>\n<meta property=\"og:type\" content=\"article\" \/>\n<meta property=\"og:title\" content=\"Ba\u00f1o recirculador refrigerado digital Bath Cryostat - Labopolis\" \/>\n<meta property=\"og:description\" content=\"El ba\u00f1o refrigerado Bath de laboratorio dispone de criotermostato de precisi\u00f3n controlado por microprocesador. Fabricado en Espa\u00f1a\" \/>\n<meta property=\"og:url\" content=\"https:\/\/www.labopolis.com\/it\/prodotto\/bano-recirculador-refrigerado-digital-bath-cryostat\/\" \/>\n<meta property=\"og:site_name\" content=\"Labopolis\" \/>\n<meta property=\"article:publisher\" content=\"https:\/\/www.facebook.com\/profile.php?id=100063251679439\" \/>\n<meta property=\"article:modified_time\" content=\"2025-12-28T16:57:17+00:00\" \/>\n<meta property=\"og:image\" content=\"https:\/\/www.labopolis.com\/wp-content\/uploads\/2023\/07\/BathCryostatE.gif\" \/>\n\t<meta property=\"og:image:width\" content=\"489\" \/>\n\t<meta property=\"og:image:height\" content=\"649\" \/>\n\t<meta property=\"og:image:type\" content=\"image\/gif\" \/>\n<meta name=\"twitter:card\" content=\"summary_large_image\" \/>\n<meta name=\"twitter:site\" content=\"@Labopolis\" \/>\n<meta name=\"twitter:label1\" content=\"Tempo di lettura stimato\" \/>\n\t<meta name=\"twitter:data1\" content=\"1 minuto\" \/>\n<script type=\"application\/ld+json\" class=\"yoast-schema-graph\">{\"@context\":\"https:\/\/schema.org\",\"@graph\":[{\"@type\":\"WebPage\",\"@id\":\"https:\/\/www.labopolis.com\/producto\/bano-recirculador-refrigerado-digital-bath-cryostat\/\",\"url\":\"https:\/\/www.labopolis.com\/producto\/bano-recirculador-refrigerado-digital-bath-cryostat\/\",\"name\":\"Ba\u00f1o recirculador refrigerado digital Bath Cryostat - Labopolis\",\"isPartOf\":{\"@id\":\"https:\/\/www.labopolis.com\/#website\"},\"primaryImageOfPage\":{\"@id\":\"https:\/\/www.labopolis.com\/producto\/bano-recirculador-refrigerado-digital-bath-cryostat\/#primaryimage\"},\"image\":{\"@id\":\"https:\/\/www.labopolis.com\/producto\/bano-recirculador-refrigerado-digital-bath-cryostat\/#primaryimage\"},\"thumbnailUrl\":\"https:\/\/www.labopolis.com\/wp-content\/uploads\/2023\/07\/BathCryostatE.gif\",\"datePublished\":\"2023-07-10T11:32:24+00:00\",\"dateModified\":\"2025-12-28T16:57:17+00:00\",\"description\":\"El ba\u00f1o refrigerado Bath de laboratorio dispone de criotermostato de precisi\u00f3n controlado por microprocesador. Fabricado en Espa\u00f1a\",\"breadcrumb\":{\"@id\":\"https:\/\/www.labopolis.com\/producto\/bano-recirculador-refrigerado-digital-bath-cryostat\/#breadcrumb\"},\"inLanguage\":\"it-IT\",\"potentialAction\":[{\"@type\":\"ReadAction\",\"target\":[\"https:\/\/www.labopolis.com\/producto\/bano-recirculador-refrigerado-digital-bath-cryostat\/\"]}]},{\"@type\":\"ImageObject\",\"inLanguage\":\"it-IT\",\"@id\":\"https:\/\/www.labopolis.com\/producto\/bano-recirculador-refrigerado-digital-bath-cryostat\/#primaryimage\",\"url\":\"https:\/\/www.labopolis.com\/wp-content\/uploads\/2023\/07\/BathCryostatE.gif\",\"contentUrl\":\"https:\/\/www.labopolis.com\/wp-content\/uploads\/2023\/07\/BathCryostatE.gif\",\"width\":489,\"height\":649,\"caption\":\"Producto\"},{\"@type\":\"BreadcrumbList\",\"@id\":\"https:\/\/www.labopolis.com\/producto\/bano-recirculador-refrigerado-digital-bath-cryostat\/#breadcrumb\",\"itemListElement\":[{\"@type\":\"ListItem\",\"position\":1,\"name\":\"Portada\",\"item\":\"https:\/\/www.labopolis.com\/\"},{\"@type\":\"ListItem\",\"position\":2,\"name\":\"Productos\",\"item\":\"https:\/\/www.labopolis.com\/shop\/\"},{\"@type\":\"ListItem\",\"position\":3,\"name\":\"Ba\u00f1o recirculador refrigerado digital Bath Cryostat\"}]},{\"@type\":\"WebSite\",\"@id\":\"https:\/\/www.labopolis.com\/#website\",\"url\":\"https:\/\/www.labopolis.com\/\",\"name\":\"Labopolis\",\"description\":\"\",\"potentialAction\":[{\"@type\":\"SearchAction\",\"target\":{\"@type\":\"EntryPoint\",\"urlTemplate\":\"https:\/\/www.labopolis.com\/?s={search_term_string}\"},\"query-input\":{\"@type\":\"PropertyValueSpecification\",\"valueRequired\":true,\"valueName\":\"search_term_string\"}}],\"inLanguage\":\"it-IT\"}]}<\/script>\n<!-- \/ Yoast SEO plugin. -->","yoast_head_json":{"title":"Bagno refrigerato digitale a ricircolo Bagno criostatico - Labopolis","description":"Il bagno da laboratorio refrigerato Bath \u00e8 dotato di un criotermostato di precisione controllato da microprocessore. Prodotto in Spagna","robots":{"index":"index","follow":"follow","max-snippet":"max-snippet:-1","max-image-preview":"max-image-preview:large","max-video-preview":"max-video-preview:-1"},"canonical":"https:\/\/www.labopolis.com\/it\/prodotto\/bano-recirculador-refrigerado-digital-bath-cryostat\/","og_locale":"it_IT","og_type":"article","og_title":"Ba\u00f1o recirculador refrigerado digital Bath Cryostat - Labopolis","og_description":"El ba\u00f1o refrigerado Bath de laboratorio dispone de criotermostato de precisi\u00f3n controlado por microprocesador. Fabricado en Espa\u00f1a","og_url":"https:\/\/www.labopolis.com\/it\/prodotto\/bano-recirculador-refrigerado-digital-bath-cryostat\/","og_site_name":"Labopolis","article_publisher":"https:\/\/www.facebook.com\/profile.php?id=100063251679439","article_modified_time":"2025-12-28T16:57:17+00:00","og_image":[{"width":489,"height":649,"url":"https:\/\/www.labopolis.com\/wp-content\/uploads\/2023\/07\/BathCryostatE.gif","type":"image\/gif"}],"twitter_card":"summary_large_image","twitter_site":"@Labopolis","twitter_misc":{"Tempo di lettura stimato":"1 minuto"},"schema":{"@context":"https:\/\/schema.org","@graph":[{"@type":"WebPage","@id":"https:\/\/www.labopolis.com\/producto\/bano-recirculador-refrigerado-digital-bath-cryostat\/","url":"https:\/\/www.labopolis.com\/producto\/bano-recirculador-refrigerado-digital-bath-cryostat\/","name":"Bagno refrigerato digitale a ricircolo Bagno criostatico - Labopolis","isPartOf":{"@id":"https:\/\/www.labopolis.com\/#website"},"primaryImageOfPage":{"@id":"https:\/\/www.labopolis.com\/producto\/bano-recirculador-refrigerado-digital-bath-cryostat\/#primaryimage"},"image":{"@id":"https:\/\/www.labopolis.com\/producto\/bano-recirculador-refrigerado-digital-bath-cryostat\/#primaryimage"},"thumbnailUrl":"https:\/\/www.labopolis.com\/wp-content\/uploads\/2023\/07\/BathCryostatE.gif","datePublished":"2023-07-10T11:32:24+00:00","dateModified":"2025-12-28T16:57:17+00:00","description":"Il bagno da laboratorio refrigerato Bath \u00e8 dotato di un criotermostato di precisione controllato da microprocessore. Prodotto in Spagna","breadcrumb":{"@id":"https:\/\/www.labopolis.com\/producto\/bano-recirculador-refrigerado-digital-bath-cryostat\/#breadcrumb"},"inLanguage":"it-IT","potentialAction":[{"@type":"ReadAction","target":["https:\/\/www.labopolis.com\/producto\/bano-recirculador-refrigerado-digital-bath-cryostat\/"]}]},{"@type":"ImageObject","inLanguage":"it-IT","@id":"https:\/\/www.labopolis.com\/producto\/bano-recirculador-refrigerado-digital-bath-cryostat\/#primaryimage","url":"https:\/\/www.labopolis.com\/wp-content\/uploads\/2023\/07\/BathCryostatE.gif","contentUrl":"https:\/\/www.labopolis.com\/wp-content\/uploads\/2023\/07\/BathCryostatE.gif","width":489,"height":649,"caption":"Producto"},{"@type":"BreadcrumbList","@id":"https:\/\/www.labopolis.com\/producto\/bano-recirculador-refrigerado-digital-bath-cryostat\/#breadcrumb","itemListElement":[{"@type":"ListItem","position":1,"name":"Portada","item":"https:\/\/www.labopolis.com\/"},{"@type":"ListItem","position":2,"name":"Productos","item":"https:\/\/www.labopolis.com\/shop\/"},{"@type":"ListItem","position":3,"name":"Ba\u00f1o recirculador refrigerado digital Bath Cryostat"}]},{"@type":"WebSite","@id":"https:\/\/www.labopolis.com\/#website","url":"https:\/\/www.labopolis.com\/","name":"Labopolis","description":"","potentialAction":[{"@type":"SearchAction","target":{"@type":"EntryPoint","urlTemplate":"https:\/\/www.labopolis.com\/?s={search_term_string}"},"query-input":{"@type":"PropertyValueSpecification","valueRequired":true,"valueName":"search_term_string"}}],"inLanguage":"it-IT"}]}},"_links":{"self":[{"href":"https:\/\/www.labopolis.com\/it\/wp-json\/wp\/v2\/product\/1088","targetHints":{"allow":["GET"]}}],"collection":[{"href":"https:\/\/www.labopolis.com\/it\/wp-json\/wp\/v2\/product"}],"about":[{"href":"https:\/\/www.labopolis.com\/it\/wp-json\/wp\/v2\/types\/product"}],"replies":[{"embeddable":true,"href":"https:\/\/www.labopolis.com\/it\/wp-json\/wp\/v2\/comments?post=1088"}],"wp:featuredmedia":[{"embeddable":true,"href":"https:\/\/www.labopolis.com\/it\/wp-json\/wp\/v2\/media\/1113"}],"wp:attachment":[{"href":"https:\/\/www.labopolis.com\/it\/wp-json\/wp\/v2\/media?parent=1088"}],"wp:term":[{"taxonomy":"product_brand","embeddable":true,"href":"https:\/\/www.labopolis.com\/it\/wp-json\/wp\/v2\/product_brand?post=1088"},{"taxonomy":"product_cat","embeddable":true,"href":"https:\/\/www.labopolis.com\/it\/wp-json\/wp\/v2\/product_cat?post=1088"},{"taxonomy":"product_tag","embeddable":true,"href":"https:\/\/www.labopolis.com\/it\/wp-json\/wp\/v2\/product_tag?post=1088"}],"curies":[{"name":"wp","href":"https:\/\/api.w.org\/{rel}","templated":true}]}}