{"id":1061,"date":"2023-07-10T11:32:12","date_gmt":"2023-07-10T11:32:12","guid":{"rendered":"https:\/\/www.labopolis.com\/?post_type=product&#038;p=1061"},"modified":"2025-12-10T17:35:12","modified_gmt":"2025-12-10T17:35:12","slug":"autoclave-sobremesa-certoclav-multicontrol","status":"publish","type":"product","link":"https:\/\/www.labopolis.com\/it\/prodotto\/autoclave-sobremesa-certoclav-multicontrol\/","title":{"rendered":"Autoclave da tavolo CERTOCLAV MULTICONTROL"},"content":{"rendered":"<p>SET autoclave CERTOCLAV MULTICONTROL 12 litri in alluminio + cestello con maniglia e piastra portastrumenti - Modello 8502412<br \/>\nInclude il nuovo controllore MC2, con sistema di controllo elettronico di sicurezza e sonda di temperatura Pt100. Stabile tavolo dello strumento in alluminio con supporto. Cavo di alimentazione e versione base del software. Capacit\u00e0: 12 litri. Controllo libero della temperatura da temperatura ambiente a 140 \u00b0C (2,7 bar \/ 39 psi).<br \/>\nIl software che registra i dati di processo tramite la porta USB \u00e8 incluso nella versione base. Senza collegare un PC, l'unit\u00e0 di controllo pu\u00f2 essere utilizzata solo per impostare programmi che includono un solo passo di tempo e temperatura. Per i programmi che includono pi\u00f9 fasi di tempo e temperatura, \u00e8 necessaria la versione professionale del software per PC.<\/p>\n<p>Ideale per cicli lunghi\/estesi e test sui materiali come GSB AL 631, HAST Test, Pressure Vessel Test e ICP - TM 650. Anche per la conservazione degli alimenti, la preparazione dei terreni di coltura, la sterilizzazione dei rifiuti, la sterilizzazione di sostanze biologiche pericolose (S2), solidi non imballati senza corpi cavi, liquidi, bottiglie, strumenti, materiali sintetici e gomma.<br \/>\n\u00d8 Camera interna: 240 mm, Altezza, capacit\u00e0 di carico: 260 mm. Dimensioni: 370 mm x 300 mm x 510 mm<\/p>","protected":false},"excerpt":{"rendered":"<p><span style=\"color: #6f6f6f;\">Modello 8502412: 12 litri CERTOCLAV MULTICONTROL + Cestello e piastra portastrumenti<\/span><br style=\"color: #6f6f6f;\" \/><span style=\"color: #6f6f6f;\">Con nuovo controllore MC2 e sonda Pt-100. Include il software versione base. Con porte RS232 e USB<br \/>\n<\/span><\/p>\n<p><strong><em><a href=\"https:\/\/www.labopolis.com\/wp-content\/uploads\/2016\/01\/Certoclav.pdf\" target=\"_blank\" rel=\"attachment wp-att-3816 noopener noreferrer\"><i class=\"fas fa-file-alt\"><\/i>\u00a0Scheda tecnica CERTOCLAV Multicontrol<\/a><\/em><\/strong><\/p>","protected":false},"featured_media":1077,"comment_status":"open","ping_status":"closed","template":"","meta":[],"product_brand":[],"product_cat":[73,23],"product_tag":[],"class_list":{"0":"post-1061","1":"product","2":"type-product","3":"status-publish","4":"has-post-thumbnail","6":"product_cat-autoclaves","7":"product_cat-laboratorio","9":"first","10":"instock","11":"taxable","12":"shipping-taxable","13":"purchasable","14":"product-type-simple"},"yoast_head":"<!-- This site is optimized with the Yoast SEO plugin v27.2 - https:\/\/yoast.com\/product\/yoast-seo-wordpress\/ -->\n<title>Autoclave sobremesa CERTOCLAV MULTICONTROL - Labopolis<\/title>\n<meta name=\"description\" content=\"Autoclave de sobremesa CERTOCLAV multicontrol con unidad de control MC2 separada del autoclave para controlar sus funciones\" \/>\n<meta name=\"robots\" content=\"index, follow, max-snippet:-1, max-image-preview:large, max-video-preview:-1\" \/>\n<link rel=\"canonical\" href=\"https:\/\/www.labopolis.com\/it\/prodotto\/autoclave-sobremesa-certoclav-multicontrol\/\" \/>\n<meta property=\"og:locale\" content=\"it_IT\" \/>\n<meta property=\"og:type\" content=\"article\" \/>\n<meta property=\"og:title\" content=\"Autoclave sobremesa CERTOCLAV MULTICONTROL - Labopolis\" \/>\n<meta property=\"og:description\" content=\"Autoclave de sobremesa CERTOCLAV multicontrol con unidad de control MC2 separada del autoclave para controlar sus funciones\" \/>\n<meta property=\"og:url\" content=\"https:\/\/www.labopolis.com\/it\/prodotto\/autoclave-sobremesa-certoclav-multicontrol\/\" \/>\n<meta property=\"og:site_name\" content=\"Labopolis\" \/>\n<meta property=\"article:publisher\" content=\"https:\/\/www.facebook.com\/profile.php?id=100063251679439\" \/>\n<meta property=\"article:modified_time\" content=\"2025-12-10T17:35:12+00:00\" \/>\n<meta property=\"og:image\" content=\"https:\/\/www.labopolis.com\/wp-content\/uploads\/2023\/07\/8502418A.jpg\" \/>\n\t<meta property=\"og:image:width\" content=\"1663\" \/>\n\t<meta property=\"og:image:height\" content=\"1763\" \/>\n\t<meta property=\"og:image:type\" content=\"image\/jpeg\" \/>\n<meta name=\"twitter:card\" content=\"summary_large_image\" \/>\n<meta name=\"twitter:site\" content=\"@Labopolis\" \/>\n<meta name=\"twitter:label1\" content=\"Tempo di lettura stimato\" \/>\n\t<meta name=\"twitter:data1\" content=\"2 minuti\" \/>\n<script type=\"application\/ld+json\" class=\"yoast-schema-graph\">{\"@context\":\"https:\/\/schema.org\",\"@graph\":[{\"@type\":\"WebPage\",\"@id\":\"https:\/\/www.labopolis.com\/producto\/autoclave-sobremesa-certoclav-multicontrol\/\",\"url\":\"https:\/\/www.labopolis.com\/producto\/autoclave-sobremesa-certoclav-multicontrol\/\",\"name\":\"Autoclave sobremesa CERTOCLAV MULTICONTROL - Labopolis\",\"isPartOf\":{\"@id\":\"https:\/\/www.labopolis.com\/#website\"},\"primaryImageOfPage\":{\"@id\":\"https:\/\/www.labopolis.com\/producto\/autoclave-sobremesa-certoclav-multicontrol\/#primaryimage\"},\"image\":{\"@id\":\"https:\/\/www.labopolis.com\/producto\/autoclave-sobremesa-certoclav-multicontrol\/#primaryimage\"},\"thumbnailUrl\":\"https:\/\/www.labopolis.com\/wp-content\/uploads\/2023\/07\/8502418A.jpg\",\"datePublished\":\"2023-07-10T11:32:12+00:00\",\"dateModified\":\"2025-12-10T17:35:12+00:00\",\"description\":\"Autoclave de sobremesa CERTOCLAV multicontrol con unidad de control MC2 separada del autoclave para controlar sus funciones\",\"breadcrumb\":{\"@id\":\"https:\/\/www.labopolis.com\/producto\/autoclave-sobremesa-certoclav-multicontrol\/#breadcrumb\"},\"inLanguage\":\"it-IT\",\"potentialAction\":[{\"@type\":\"ReadAction\",\"target\":[\"https:\/\/www.labopolis.com\/producto\/autoclave-sobremesa-certoclav-multicontrol\/\"]}]},{\"@type\":\"ImageObject\",\"inLanguage\":\"it-IT\",\"@id\":\"https:\/\/www.labopolis.com\/producto\/autoclave-sobremesa-certoclav-multicontrol\/#primaryimage\",\"url\":\"https:\/\/www.labopolis.com\/wp-content\/uploads\/2023\/07\/8502418A.jpg\",\"contentUrl\":\"https:\/\/www.labopolis.com\/wp-content\/uploads\/2023\/07\/8502418A.jpg\",\"width\":1663,\"height\":1763,\"caption\":\"Producto\"},{\"@type\":\"BreadcrumbList\",\"@id\":\"https:\/\/www.labopolis.com\/producto\/autoclave-sobremesa-certoclav-multicontrol\/#breadcrumb\",\"itemListElement\":[{\"@type\":\"ListItem\",\"position\":1,\"name\":\"Portada\",\"item\":\"https:\/\/www.labopolis.com\/\"},{\"@type\":\"ListItem\",\"position\":2,\"name\":\"Productos\",\"item\":\"https:\/\/www.labopolis.com\/shop\/\"},{\"@type\":\"ListItem\",\"position\":3,\"name\":\"Autoclave sobremesa CERTOCLAV MULTICONTROL\"}]},{\"@type\":\"WebSite\",\"@id\":\"https:\/\/www.labopolis.com\/#website\",\"url\":\"https:\/\/www.labopolis.com\/\",\"name\":\"Labopolis\",\"description\":\"\",\"potentialAction\":[{\"@type\":\"SearchAction\",\"target\":{\"@type\":\"EntryPoint\",\"urlTemplate\":\"https:\/\/www.labopolis.com\/?s={search_term_string}\"},\"query-input\":{\"@type\":\"PropertyValueSpecification\",\"valueRequired\":true,\"valueName\":\"search_term_string\"}}],\"inLanguage\":\"it-IT\"}]}<\/script>\n<!-- \/ Yoast SEO plugin. -->","yoast_head_json":{"title":"Autoclave sobremesa CERTOCLAV MULTICONTROL - Labopolis","description":"Autoclave de sobremesa CERTOCLAV multicontrol con unidad de control MC2 separada del autoclave para controlar sus funciones","robots":{"index":"index","follow":"follow","max-snippet":"max-snippet:-1","max-image-preview":"max-image-preview:large","max-video-preview":"max-video-preview:-1"},"canonical":"https:\/\/www.labopolis.com\/it\/prodotto\/autoclave-sobremesa-certoclav-multicontrol\/","og_locale":"it_IT","og_type":"article","og_title":"Autoclave sobremesa CERTOCLAV MULTICONTROL - Labopolis","og_description":"Autoclave de sobremesa CERTOCLAV multicontrol con unidad de control MC2 separada del autoclave para controlar sus funciones","og_url":"https:\/\/www.labopolis.com\/it\/prodotto\/autoclave-sobremesa-certoclav-multicontrol\/","og_site_name":"Labopolis","article_publisher":"https:\/\/www.facebook.com\/profile.php?id=100063251679439","article_modified_time":"2025-12-10T17:35:12+00:00","og_image":[{"width":1663,"height":1763,"url":"https:\/\/www.labopolis.com\/wp-content\/uploads\/2023\/07\/8502418A.jpg","type":"image\/jpeg"}],"twitter_card":"summary_large_image","twitter_site":"@Labopolis","twitter_misc":{"Tempo di lettura stimato":"2 minuti"},"schema":{"@context":"https:\/\/schema.org","@graph":[{"@type":"WebPage","@id":"https:\/\/www.labopolis.com\/producto\/autoclave-sobremesa-certoclav-multicontrol\/","url":"https:\/\/www.labopolis.com\/producto\/autoclave-sobremesa-certoclav-multicontrol\/","name":"Autoclave sobremesa CERTOCLAV MULTICONTROL - Labopolis","isPartOf":{"@id":"https:\/\/www.labopolis.com\/#website"},"primaryImageOfPage":{"@id":"https:\/\/www.labopolis.com\/producto\/autoclave-sobremesa-certoclav-multicontrol\/#primaryimage"},"image":{"@id":"https:\/\/www.labopolis.com\/producto\/autoclave-sobremesa-certoclav-multicontrol\/#primaryimage"},"thumbnailUrl":"https:\/\/www.labopolis.com\/wp-content\/uploads\/2023\/07\/8502418A.jpg","datePublished":"2023-07-10T11:32:12+00:00","dateModified":"2025-12-10T17:35:12+00:00","description":"Autoclave de sobremesa CERTOCLAV multicontrol con unidad de control MC2 separada del autoclave para controlar sus funciones","breadcrumb":{"@id":"https:\/\/www.labopolis.com\/producto\/autoclave-sobremesa-certoclav-multicontrol\/#breadcrumb"},"inLanguage":"it-IT","potentialAction":[{"@type":"ReadAction","target":["https:\/\/www.labopolis.com\/producto\/autoclave-sobremesa-certoclav-multicontrol\/"]}]},{"@type":"ImageObject","inLanguage":"it-IT","@id":"https:\/\/www.labopolis.com\/producto\/autoclave-sobremesa-certoclav-multicontrol\/#primaryimage","url":"https:\/\/www.labopolis.com\/wp-content\/uploads\/2023\/07\/8502418A.jpg","contentUrl":"https:\/\/www.labopolis.com\/wp-content\/uploads\/2023\/07\/8502418A.jpg","width":1663,"height":1763,"caption":"Producto"},{"@type":"BreadcrumbList","@id":"https:\/\/www.labopolis.com\/producto\/autoclave-sobremesa-certoclav-multicontrol\/#breadcrumb","itemListElement":[{"@type":"ListItem","position":1,"name":"Portada","item":"https:\/\/www.labopolis.com\/"},{"@type":"ListItem","position":2,"name":"Productos","item":"https:\/\/www.labopolis.com\/shop\/"},{"@type":"ListItem","position":3,"name":"Autoclave sobremesa CERTOCLAV MULTICONTROL"}]},{"@type":"WebSite","@id":"https:\/\/www.labopolis.com\/#website","url":"https:\/\/www.labopolis.com\/","name":"Labopolis","description":"","potentialAction":[{"@type":"SearchAction","target":{"@type":"EntryPoint","urlTemplate":"https:\/\/www.labopolis.com\/?s={search_term_string}"},"query-input":{"@type":"PropertyValueSpecification","valueRequired":true,"valueName":"search_term_string"}}],"inLanguage":"it-IT"}]}},"_links":{"self":[{"href":"https:\/\/www.labopolis.com\/it\/wp-json\/wp\/v2\/product\/1061","targetHints":{"allow":["GET"]}}],"collection":[{"href":"https:\/\/www.labopolis.com\/it\/wp-json\/wp\/v2\/product"}],"about":[{"href":"https:\/\/www.labopolis.com\/it\/wp-json\/wp\/v2\/types\/product"}],"replies":[{"embeddable":true,"href":"https:\/\/www.labopolis.com\/it\/wp-json\/wp\/v2\/comments?post=1061"}],"wp:featuredmedia":[{"embeddable":true,"href":"https:\/\/www.labopolis.com\/it\/wp-json\/wp\/v2\/media\/1077"}],"wp:attachment":[{"href":"https:\/\/www.labopolis.com\/it\/wp-json\/wp\/v2\/media?parent=1061"}],"wp:term":[{"taxonomy":"product_brand","embeddable":true,"href":"https:\/\/www.labopolis.com\/it\/wp-json\/wp\/v2\/product_brand?post=1061"},{"taxonomy":"product_cat","embeddable":true,"href":"https:\/\/www.labopolis.com\/it\/wp-json\/wp\/v2\/product_cat?post=1061"},{"taxonomy":"product_tag","embeddable":true,"href":"https:\/\/www.labopolis.com\/it\/wp-json\/wp\/v2\/product_tag?post=1061"}],"curies":[{"name":"wp","href":"https:\/\/api.w.org\/{rel}","templated":true}]}}