{"id":2873,"date":"2023-07-10T11:41:34","date_gmt":"2023-07-10T11:41:34","guid":{"rendered":"https:\/\/www.labopolis.com\/?post_type=product&#038;p=2873"},"modified":"2025-04-30T12:24:25","modified_gmt":"2025-04-30T12:24:25","slug":"microscopios-levenhuk-rainbow-2l-plus","status":"publish","type":"product","link":"https:\/\/www.labopolis.com\/fr\/produit\/microscopios-levenhuk-rainbow-2l-plus\/","title":{"rendered":"LEVENHUK RAINBOW 2L PLUS Microscopes"},"content":{"rendered":"<p>Les microscopes Rainbow 2L PLUS, au design magnifique et aux couleurs vives, sont la suite logique de la s\u00e9rie Rainbow 2L de Levenhuk. Ces nouveaux microscopes combinent tous les avantages de la gamme pr\u00e9c\u00e9dente avec l'ajout de nouvelles caract\u00e9ristiques. Ces microscopes sont \u00e9quip\u00e9s de deux syst\u00e8mes d'\u00e9clairage, ce qui permet d'observer des \u00e9chantillons transparents, semi-transparents et opaques.<\/p>\n<p>Chaque mod\u00e8le est livr\u00e9 avec un kit d'exp\u00e9rimentation Levenhuk K50, qui permettra aux jeunes chercheurs de r\u00e9aliser eux-m\u00eames leurs premi\u00e8res exp\u00e9riences et investigations. La principale diff\u00e9rence de ces nouveaux microscopes est qu'ils sont dot\u00e9s d'une meilleure optique. Ils offrent des grossissements plus \u00e9lev\u00e9s (jusqu'\u00e0 640x), adapt\u00e9s aux \u00e9tudiants en biologie qui souhaitent les utiliser dans le cadre de leurs recherches. Tous les microscopes sont \u00e9quip\u00e9s d'un objectif \u00e0 ressort. Cette conception \u00e9vite d'endommager l'objectif, m\u00eame si celui-ci touche la lame en essayant de faire la mise au point.<\/p>\n<p>Les microscopes Levenhuk Rainbow 2L PLUS sont dot\u00e9s de corps m\u00e9talliques robustes qui ont prouv\u00e9 leur solidit\u00e9 et leur long\u00e9vit\u00e9, m\u00eame lorsqu'ils sont utilis\u00e9s en continu dans les universit\u00e9s ou les laboratoires. Et bien s\u00fbr, nous devons mentionner leur design moderne avec cinq couleurs vives ; n'importe lequel de ces magnifiques microscopes sera du plus bel effet dans la chambre de vos enfants ou sur le bureau de votre entreprise.<\/p>\n<p><strong>Caract\u00e9ristiques :<\/strong><\/p>\n<ul>\n<li>Microscope biologique avec des grossissements compris entre 64 et 640x<\/li>\n<li>Disponible en cinq couleurs attrayantes<\/li>\n<li>Corps m\u00e9tallique robuste et durable<\/li>\n<li>\u00c9clairage par le haut et par le bas<\/li>\n<li>Kit d'exp\u00e9rimentation inclus<\/li>\n<\/ul>\n<p><strong>Le kit comprend<\/strong><\/p>\n<ul>\n<li>Microscope<\/li>\n<li>Objectifs : 4x, 10x et 40xs<\/li>\n<li>Oculaire : WF16x<\/li>\n<li>Plateau avec clips<\/li>\n<li>Membrane \u00e0 disque<\/li>\n<li>Condensateur<\/li>\n<li>\u00c9clairage LED int\u00e9gr\u00e9 en haut et en bas<\/li>\n<li>Adaptateur \u00e9lectrique<\/li>\n<li>3 piles AA<\/li>\n<li>Kit d'exp\u00e9rimentation Levenhuk K50<\/li>\n<li>Manuel d'instruction et garantie \u00e0 vie<\/li>\n<\/ul>\n<p><strong>Le kit d'exp\u00e9rimentation Levenhuk K50 comprend les \u00e9l\u00e9ments suivants<\/strong><\/p>\n<ul>\n<li>Manuel d'utilisation \"Fascinant microscope. \u00c9tude du microcosme\".<\/li>\n<li>Pipette<\/li>\n<li>Pince \u00e0 \u00e9piler<\/li>\n<li>Incubateur pour \u0153ufs d'art\u00e9mia<\/li>\n<li>R\u00e9cipient avec art\u00e9mia<\/li>\n<li>Microtome<\/li>\n<li>R\u00e9cipient \u00e0 levure<\/li>\n<li>R\u00e9cipient avec du sel de mer<\/li>\n<li>R\u00e9cipient avec colle<\/li>\n<li>Lames de verre vides (5 pi\u00e8ces)<\/li>\n<li>5 \u00e9chantillons : patte de mouche, oignon, tige de coton, \u00e9chantillon de tronc d'arbre, boutures de bois de pin<\/li>\n<li>Pochette de protection<\/li>\n<\/ul>","protected":false},"excerpt":{"rendered":"<p><strong>LEVENHUK RAINBOW 2L PLUS Microscopes<\/strong><\/p>\n<p><strong>Caract\u00e9ristiques : <\/strong>Microscope biologique avec grossissement 64-640x, disponible en cinq couleurs vives, corps en plastique m\u00e9tallique robuste et durable. \u00c9clairage sup\u00e9rieur et inf\u00e9rieur. Kit d'exp\u00e9rimentation inclus.<\/p>","protected":false},"featured_media":2895,"comment_status":"open","ping_status":"closed","template":"","meta":[],"product_brand":[],"product_cat":[23,160,165],"product_tag":[],"class_list":{"0":"post-2873","1":"product","2":"type-product","3":"status-publish","4":"has-post-thumbnail","6":"product_cat-laboratorio","7":"product_cat-microscopios","8":"product_cat-microscopios-educacion","10":"first","11":"instock","12":"taxable","13":"shipping-taxable","14":"purchasable","15":"product-type-variable"},"yoast_head":"<!-- This site is optimized with the Yoast SEO plugin v27.2 - https:\/\/yoast.com\/product\/yoast-seo-wordpress\/ -->\n<title>Microscopios LEVENHUK RAINBOW 2L PLUS - Labopolis<\/title>\n<meta name=\"description\" content=\"Microscopios Levenhuk de gran calidad \/ precio, El modelo 2L Plus, para estudiantes de escuela o universidad . Ampliaci\u00f3n: 64\u2013640x\" \/>\n<meta name=\"robots\" content=\"index, follow, max-snippet:-1, max-image-preview:large, max-video-preview:-1\" \/>\n<link rel=\"canonical\" href=\"https:\/\/www.labopolis.com\/fr\/produit\/microscopios-levenhuk-rainbow-2l-plus\/\" \/>\n<meta property=\"og:locale\" content=\"fr_FR\" \/>\n<meta property=\"og:type\" content=\"article\" \/>\n<meta property=\"og:title\" content=\"Microscopios LEVENHUK RAINBOW 2L PLUS - Labopolis\" \/>\n<meta property=\"og:description\" content=\"Microscopios Levenhuk de gran calidad \/ precio, El modelo 2L Plus, para estudiantes de escuela o universidad . Ampliaci\u00f3n: 64\u2013640x\" \/>\n<meta property=\"og:url\" content=\"https:\/\/www.labopolis.com\/fr\/produit\/microscopios-levenhuk-rainbow-2l-plus\/\" \/>\n<meta property=\"og:site_name\" content=\"Labopolis\" \/>\n<meta property=\"article:publisher\" content=\"https:\/\/www.facebook.com\/profile.php?id=100063251679439\" \/>\n<meta property=\"article:modified_time\" content=\"2025-04-30T12:24:25+00:00\" \/>\n<meta property=\"og:image\" content=\"https:\/\/www.labopolis.com\/wp-content\/uploads\/2023\/07\/LVH-microscopes-Rainbow-2L-PLUS.jpg\" \/>\n\t<meta property=\"og:image:width\" content=\"1000\" \/>\n\t<meta property=\"og:image:height\" content=\"800\" \/>\n\t<meta property=\"og:image:type\" content=\"image\/jpeg\" \/>\n<meta name=\"twitter:card\" content=\"summary_large_image\" \/>\n<meta name=\"twitter:site\" content=\"@Labopolis\" \/>\n<meta name=\"twitter:label1\" content=\"Dur\u00e9e de lecture estim\u00e9e\" \/>\n\t<meta name=\"twitter:data1\" content=\"2 minutes\" \/>\n<script type=\"application\/ld+json\" class=\"yoast-schema-graph\">{\"@context\":\"https:\/\/schema.org\",\"@graph\":[{\"@type\":\"WebPage\",\"@id\":\"https:\/\/www.labopolis.com\/producto\/microscopios-levenhuk-rainbow-2l-plus\/\",\"url\":\"https:\/\/www.labopolis.com\/producto\/microscopios-levenhuk-rainbow-2l-plus\/\",\"name\":\"Microscopios LEVENHUK RAINBOW 2L PLUS - Labopolis\",\"isPartOf\":{\"@id\":\"https:\/\/www.labopolis.com\/#website\"},\"primaryImageOfPage\":{\"@id\":\"https:\/\/www.labopolis.com\/producto\/microscopios-levenhuk-rainbow-2l-plus\/#primaryimage\"},\"image\":{\"@id\":\"https:\/\/www.labopolis.com\/producto\/microscopios-levenhuk-rainbow-2l-plus\/#primaryimage\"},\"thumbnailUrl\":\"https:\/\/www.labopolis.com\/wp-content\/uploads\/2023\/07\/LVH-microscopes-Rainbow-2L-PLUS.jpg\",\"datePublished\":\"2023-07-10T11:41:34+00:00\",\"dateModified\":\"2025-04-30T12:24:25+00:00\",\"description\":\"Microscopios Levenhuk de gran calidad \/ precio, El modelo 2L Plus, para estudiantes de escuela o universidad . Ampliaci\u00f3n: 64\u2013640x\",\"breadcrumb\":{\"@id\":\"https:\/\/www.labopolis.com\/producto\/microscopios-levenhuk-rainbow-2l-plus\/#breadcrumb\"},\"inLanguage\":\"fr-FR\",\"potentialAction\":[{\"@type\":\"ReadAction\",\"target\":[\"https:\/\/www.labopolis.com\/producto\/microscopios-levenhuk-rainbow-2l-plus\/\"]}]},{\"@type\":\"ImageObject\",\"inLanguage\":\"fr-FR\",\"@id\":\"https:\/\/www.labopolis.com\/producto\/microscopios-levenhuk-rainbow-2l-plus\/#primaryimage\",\"url\":\"https:\/\/www.labopolis.com\/wp-content\/uploads\/2023\/07\/LVH-microscopes-Rainbow-2L-PLUS.jpg\",\"contentUrl\":\"https:\/\/www.labopolis.com\/wp-content\/uploads\/2023\/07\/LVH-microscopes-Rainbow-2L-PLUS.jpg\",\"width\":1000,\"height\":800,\"caption\":\"Producto\"},{\"@type\":\"BreadcrumbList\",\"@id\":\"https:\/\/www.labopolis.com\/producto\/microscopios-levenhuk-rainbow-2l-plus\/#breadcrumb\",\"itemListElement\":[{\"@type\":\"ListItem\",\"position\":1,\"name\":\"Portada\",\"item\":\"https:\/\/www.labopolis.com\/\"},{\"@type\":\"ListItem\",\"position\":2,\"name\":\"Productos\",\"item\":\"https:\/\/www.labopolis.com\/shop\/\"},{\"@type\":\"ListItem\",\"position\":3,\"name\":\"Microscopios LEVENHUK RAINBOW 2L PLUS\"}]},{\"@type\":\"WebSite\",\"@id\":\"https:\/\/www.labopolis.com\/#website\",\"url\":\"https:\/\/www.labopolis.com\/\",\"name\":\"Labopolis\",\"description\":\"\",\"potentialAction\":[{\"@type\":\"SearchAction\",\"target\":{\"@type\":\"EntryPoint\",\"urlTemplate\":\"https:\/\/www.labopolis.com\/?s={search_term_string}\"},\"query-input\":{\"@type\":\"PropertyValueSpecification\",\"valueRequired\":true,\"valueName\":\"search_term_string\"}}],\"inLanguage\":\"fr-FR\"}]}<\/script>\n<!-- \/ Yoast SEO plugin. -->","yoast_head_json":{"title":"Microscopios LEVENHUK RAINBOW 2L PLUS - Labopolis","description":"Microscopios Levenhuk de gran calidad \/ precio, El modelo 2L Plus, para estudiantes de escuela o universidad . Ampliaci\u00f3n: 64\u2013640x","robots":{"index":"index","follow":"follow","max-snippet":"max-snippet:-1","max-image-preview":"max-image-preview:large","max-video-preview":"max-video-preview:-1"},"canonical":"https:\/\/www.labopolis.com\/fr\/produit\/microscopios-levenhuk-rainbow-2l-plus\/","og_locale":"fr_FR","og_type":"article","og_title":"Microscopios LEVENHUK RAINBOW 2L PLUS - Labopolis","og_description":"Microscopios Levenhuk de gran calidad \/ precio, El modelo 2L Plus, para estudiantes de escuela o universidad . Ampliaci\u00f3n: 64\u2013640x","og_url":"https:\/\/www.labopolis.com\/fr\/produit\/microscopios-levenhuk-rainbow-2l-plus\/","og_site_name":"Labopolis","article_publisher":"https:\/\/www.facebook.com\/profile.php?id=100063251679439","article_modified_time":"2025-04-30T12:24:25+00:00","og_image":[{"width":1000,"height":800,"url":"https:\/\/www.labopolis.com\/wp-content\/uploads\/2023\/07\/LVH-microscopes-Rainbow-2L-PLUS.jpg","type":"image\/jpeg"}],"twitter_card":"summary_large_image","twitter_site":"@Labopolis","twitter_misc":{"Dur\u00e9e de lecture estim\u00e9e":"2 minutes"},"schema":{"@context":"https:\/\/schema.org","@graph":[{"@type":"WebPage","@id":"https:\/\/www.labopolis.com\/producto\/microscopios-levenhuk-rainbow-2l-plus\/","url":"https:\/\/www.labopolis.com\/producto\/microscopios-levenhuk-rainbow-2l-plus\/","name":"Microscopios LEVENHUK RAINBOW 2L PLUS - Labopolis","isPartOf":{"@id":"https:\/\/www.labopolis.com\/#website"},"primaryImageOfPage":{"@id":"https:\/\/www.labopolis.com\/producto\/microscopios-levenhuk-rainbow-2l-plus\/#primaryimage"},"image":{"@id":"https:\/\/www.labopolis.com\/producto\/microscopios-levenhuk-rainbow-2l-plus\/#primaryimage"},"thumbnailUrl":"https:\/\/www.labopolis.com\/wp-content\/uploads\/2023\/07\/LVH-microscopes-Rainbow-2L-PLUS.jpg","datePublished":"2023-07-10T11:41:34+00:00","dateModified":"2025-04-30T12:24:25+00:00","description":"Microscopios Levenhuk de gran calidad \/ precio, El modelo 2L Plus, para estudiantes de escuela o universidad . Ampliaci\u00f3n: 64\u2013640x","breadcrumb":{"@id":"https:\/\/www.labopolis.com\/producto\/microscopios-levenhuk-rainbow-2l-plus\/#breadcrumb"},"inLanguage":"fr-FR","potentialAction":[{"@type":"ReadAction","target":["https:\/\/www.labopolis.com\/producto\/microscopios-levenhuk-rainbow-2l-plus\/"]}]},{"@type":"ImageObject","inLanguage":"fr-FR","@id":"https:\/\/www.labopolis.com\/producto\/microscopios-levenhuk-rainbow-2l-plus\/#primaryimage","url":"https:\/\/www.labopolis.com\/wp-content\/uploads\/2023\/07\/LVH-microscopes-Rainbow-2L-PLUS.jpg","contentUrl":"https:\/\/www.labopolis.com\/wp-content\/uploads\/2023\/07\/LVH-microscopes-Rainbow-2L-PLUS.jpg","width":1000,"height":800,"caption":"Producto"},{"@type":"BreadcrumbList","@id":"https:\/\/www.labopolis.com\/producto\/microscopios-levenhuk-rainbow-2l-plus\/#breadcrumb","itemListElement":[{"@type":"ListItem","position":1,"name":"Portada","item":"https:\/\/www.labopolis.com\/"},{"@type":"ListItem","position":2,"name":"Productos","item":"https:\/\/www.labopolis.com\/shop\/"},{"@type":"ListItem","position":3,"name":"Microscopios LEVENHUK RAINBOW 2L PLUS"}]},{"@type":"WebSite","@id":"https:\/\/www.labopolis.com\/#website","url":"https:\/\/www.labopolis.com\/","name":"Labopolis","description":"","potentialAction":[{"@type":"SearchAction","target":{"@type":"EntryPoint","urlTemplate":"https:\/\/www.labopolis.com\/?s={search_term_string}"},"query-input":{"@type":"PropertyValueSpecification","valueRequired":true,"valueName":"search_term_string"}}],"inLanguage":"fr-FR"}]}},"_links":{"self":[{"href":"https:\/\/www.labopolis.com\/fr\/wp-json\/wp\/v2\/product\/2873","targetHints":{"allow":["GET"]}}],"collection":[{"href":"https:\/\/www.labopolis.com\/fr\/wp-json\/wp\/v2\/product"}],"about":[{"href":"https:\/\/www.labopolis.com\/fr\/wp-json\/wp\/v2\/types\/product"}],"replies":[{"embeddable":true,"href":"https:\/\/www.labopolis.com\/fr\/wp-json\/wp\/v2\/comments?post=2873"}],"wp:featuredmedia":[{"embeddable":true,"href":"https:\/\/www.labopolis.com\/fr\/wp-json\/wp\/v2\/media\/2895"}],"wp:attachment":[{"href":"https:\/\/www.labopolis.com\/fr\/wp-json\/wp\/v2\/media?parent=2873"}],"wp:term":[{"taxonomy":"product_brand","embeddable":true,"href":"https:\/\/www.labopolis.com\/fr\/wp-json\/wp\/v2\/product_brand?post=2873"},{"taxonomy":"product_cat","embeddable":true,"href":"https:\/\/www.labopolis.com\/fr\/wp-json\/wp\/v2\/product_cat?post=2873"},{"taxonomy":"product_tag","embeddable":true,"href":"https:\/\/www.labopolis.com\/fr\/wp-json\/wp\/v2\/product_tag?post=2873"}],"curies":[{"name":"wp","href":"https:\/\/api.w.org\/{rel}","templated":true}]}}