{"id":2850,"date":"2023-07-10T11:41:24","date_gmt":"2023-07-10T11:41:24","guid":{"rendered":"https:\/\/www.labopolis.com\/?post_type=product&#038;p=2850"},"modified":"2025-12-09T12:29:55","modified_gmt":"2025-12-09T12:29:55","slug":"contador-de-colonias-automatico-sphereflash","status":"publish","type":"product","link":"https:\/\/www.labopolis.com\/fr\/produit\/contador-de-colonias-automatico-sphereflash\/","title":{"rendered":"Compteur automatique de colonies - SphereFlash"},"content":{"rendered":"<p>Le SphereFlash\u00ae est un compteur automatique de colonies qui r\u00e9pond \u00e0 toutes les exigences d'un laboratoire de microbiologie moderne.<br \/>\nAvec sa version logicielle Colony Lite, Colony Lite effectue le comptage des colonies de mani\u00e8re simple et fiable gr\u00e2ce \u00e0 son logiciel de classe mondiale et \u00e0 son syst\u00e8me d'illumination int\u00e9gr\u00e9 brevet\u00e9.<br \/>\nPour les utilisateurs plus exigeants, le logiciel peut \u00eatre mis \u00e0 niveau vers Colonies PRO afin d'augmenter ses capacit\u00e9s, par exemple la configuration des niveaux d'autorisation des utilisateurs, la connectivit\u00e9 LIMS, les feuilles de travail, la lecture des codes-barres, les rapports, la piste d'audit ou CFR21 Part 11.<br \/>\nAvec l'application optionnelle Halos PRO, l'unit\u00e9 Sphere Flash peut \u00eatre transform\u00e9e pour mesurer les halos d'inhibition en acceptant diff\u00e9rents crit\u00e8res d'approximation des cercles pour obtenir les diam\u00e8tres correspondants des zones de cercles virtuels.<br \/>\nDans toutes les versions, l'\u00e9clairage est assur\u00e9 par des LED qui sont dirig\u00e9es vers la paroi int\u00e9rieure d'une chambre sph\u00e9rique mobile. Il en r\u00e9sulte un \u00e9clairage uniforme et non \u00e9blouissant sans pr\u00e9c\u00e9dent dans un dispositif de comptage de colonies.<br \/>\nLa sph\u00e8re mobile ferme automatiquement la chambre et emp\u00eache la zone o\u00f9 se trouve la bo\u00eete de Petri de recevoir de la lumi\u00e8re ext\u00e9rieure. Elle \u00e9vite toute r\u00e9flexion ou interf\u00e9rence de la lumi\u00e8re ext\u00e9rieure, cr\u00e9ant une atmosph\u00e8re lumineuse sans r\u00e9flexion sur les parois de la bo\u00eete de Petri ou sur les colonies. Pour les milieux transparents, la lumi\u00e8re de transmission est \u00e9galement disponible dans toutes les versions.<\/p>","protected":false},"excerpt":{"rendered":"<p>Ref. 90007000 Compteur automatique de colonies SphereFlash + Logiciel Colonies LITE + Plan promotionnel inclus 1 Logiciel SphereFlash AI<\/p>\n<p>Accessoires (vendus avec le compteur de colonies, non vendus s\u00e9par\u00e9ment) :<br \/>\n90007001 Colonies PRO Software<br \/>\n90007002 Haloes PRO Software<br \/>\n90002131 Motif pour 6 halos (10 pi\u00e8ces)<br \/>\n90002132 Motif pour 4 halos (10 pi\u00e8ces)<br \/>\n900013512 Dispositif de centrage des bo\u00eetes de Petri 54-60mm \u00d8<br \/>\n900013513 Dispositif de centrage des bo\u00eetes de Petri 65-70mm \u00d8<\/p>\n<p><strong>**En vente dans le cadre du comptoir de la colonie<\/strong><\/p>\n<p><strong><em><a class=\"ficha-tecnica-es\" href=\"https:\/\/www.labopolis.com\/wp-content\/uploads\/2025\/02\/Contador_colonias_Automatico_ES.pdf\" target=\"_blank\" rel=\"noopener\"><i class=\"fas fa-file-alt\"><\/i> Fiche technique Compteur de colonies automatique - Sphere Flash<\/a><br \/>\n<a class=\"ficha-tecnica-en\" href=\"https:\/\/www.labopolis.com\/wp-content\/uploads\/2025\/02\/Contador_colonias_Automatico.pdf\" target=\"_blank\" rel=\"noopener\"><i class=\"fas fa-file-alt\"><\/i> Fiche technique Compteur automatique de colonies - Sph\u00e8re Flash<\/a><\/em><\/strong><\/p>\n<p>&nbsp;<\/p>","protected":false},"featured_media":2861,"comment_status":"open","ping_status":"closed","template":"","meta":[],"product_brand":[],"product_cat":[26,23],"product_tag":[],"class_list":{"0":"post-2850","1":"product","2":"type-product","3":"status-publish","4":"has-post-thumbnail","6":"product_cat-contadores-colonias","7":"product_cat-laboratorio","9":"first","10":"instock","11":"taxable","12":"shipping-taxable","13":"purchasable","14":"product-type-variable"},"yoast_head":"<!-- This site is optimized with the Yoast SEO plugin v27.2 - https:\/\/yoast.com\/product\/yoast-seo-wordpress\/ -->\n<title>Contador de Colonias Autom\u00e1tico - SphereFlash - Labopolis<\/title>\n<meta name=\"description\" content=\"Ref. 90007000 SphereFlash Contador de colonias autom\u00e1tico + Software Colonies LITE + Incluye Plan Promocional 1 SphereFlash AI Software  Accesorios (de venta conjunta con el contador de colonias, no se venden por separado): 90007001 Software Colonies PRO 90007002 Software Haloes PRO 90002131 Patr\u00f3n para 6 halos (10 unidades) 90002132 Patr\u00f3n para 4 halos (10 unidades) 900013512 Centrador c\u00e1psulas Petri 54-60mm \u00d8 900013513 Centrador c\u00e1psulas Petri 65-70mm \u00d8  **De venta conjuntamente con el Contador de colonias   Ficha T\u00e9cnica Contador de colonias autom\u00e1tico - Sphere Flash  Technical Data Sheet Automatic Colony Counter-Sphere Flash  &nbsp;\" \/>\n<meta name=\"robots\" content=\"index, follow, max-snippet:-1, max-image-preview:large, max-video-preview:-1\" \/>\n<link rel=\"canonical\" href=\"https:\/\/www.labopolis.com\/fr\/produit\/contador-de-colonias-automatico-sphereflash\/\" \/>\n<meta property=\"og:locale\" content=\"fr_FR\" \/>\n<meta property=\"og:type\" content=\"article\" \/>\n<meta property=\"og:title\" content=\"Contador de Colonias Autom\u00e1tico - SphereFlash - Labopolis\" \/>\n<meta property=\"og:description\" content=\"Ref. 90007000 SphereFlash Contador de colonias autom\u00e1tico + Software Colonies LITE + Incluye Plan Promocional 1 SphereFlash AI Software  Accesorios (de venta conjunta con el contador de colonias, no se venden por separado): 90007001 Software Colonies PRO 90007002 Software Haloes PRO 90002131 Patr\u00f3n para 6 halos (10 unidades) 90002132 Patr\u00f3n para 4 halos (10 unidades) 900013512 Centrador c\u00e1psulas Petri 54-60mm \u00d8 900013513 Centrador c\u00e1psulas Petri 65-70mm \u00d8  **De venta conjuntamente con el Contador de colonias   Ficha T\u00e9cnica Contador de colonias autom\u00e1tico - Sphere Flash  Technical Data Sheet Automatic Colony Counter-Sphere Flash  &nbsp;\" \/>\n<meta property=\"og:url\" content=\"https:\/\/www.labopolis.com\/fr\/produit\/contador-de-colonias-automatico-sphereflash\/\" \/>\n<meta property=\"og:site_name\" content=\"Labopolis\" \/>\n<meta property=\"article:publisher\" content=\"https:\/\/www.facebook.com\/profile.php?id=100063251679439\" \/>\n<meta property=\"article:modified_time\" content=\"2025-12-09T12:29:55+00:00\" \/>\n<meta property=\"og:image\" content=\"https:\/\/www.labopolis.com\/wp-content\/uploads\/2023\/07\/SphereFlash.jpg\" \/>\n\t<meta property=\"og:image:width\" content=\"1633\" \/>\n\t<meta property=\"og:image:height\" content=\"1134\" \/>\n\t<meta property=\"og:image:type\" content=\"image\/jpeg\" \/>\n<meta name=\"twitter:card\" content=\"summary_large_image\" \/>\n<meta name=\"twitter:site\" content=\"@Labopolis\" \/>\n<meta name=\"twitter:label1\" content=\"Dur\u00e9e de lecture estim\u00e9e\" \/>\n\t<meta name=\"twitter:data1\" content=\"2 minutes\" \/>\n<script type=\"application\/ld+json\" class=\"yoast-schema-graph\">{\"@context\":\"https:\/\/schema.org\",\"@graph\":[{\"@type\":\"WebPage\",\"@id\":\"https:\/\/www.labopolis.com\/producto\/contador-de-colonias-automatico-sphereflash\/\",\"url\":\"https:\/\/www.labopolis.com\/producto\/contador-de-colonias-automatico-sphereflash\/\",\"name\":\"Contador de Colonias Autom\u00e1tico - SphereFlash - Labopolis\",\"isPartOf\":{\"@id\":\"https:\/\/www.labopolis.com\/#website\"},\"primaryImageOfPage\":{\"@id\":\"https:\/\/www.labopolis.com\/producto\/contador-de-colonias-automatico-sphereflash\/#primaryimage\"},\"image\":{\"@id\":\"https:\/\/www.labopolis.com\/producto\/contador-de-colonias-automatico-sphereflash\/#primaryimage\"},\"thumbnailUrl\":\"https:\/\/www.labopolis.com\/wp-content\/uploads\/2023\/07\/SphereFlash.jpg\",\"datePublished\":\"2023-07-10T11:41:24+00:00\",\"dateModified\":\"2025-12-09T12:29:55+00:00\",\"description\":\"Ref. 90007000 SphereFlash Contador de colonias autom\u00e1tico + Software Colonies LITE + Incluye Plan Promocional 1 SphereFlash AI Software Accesorios (de venta conjunta con el contador de colonias, no se venden por separado): 90007001 Software Colonies PRO 90007002 Software Haloes PRO 90002131 Patr\u00f3n para 6 halos (10 unidades) 90002132 Patr\u00f3n para 4 halos (10 unidades) 900013512 Centrador c\u00e1psulas Petri 54-60mm \u00d8 900013513 Centrador c\u00e1psulas Petri 65-70mm \u00d8 **De venta conjuntamente con el Contador de colonias Ficha T\u00e9cnica Contador de colonias autom\u00e1tico - Sphere Flash Technical Data Sheet Automatic Colony Counter-Sphere Flash &nbsp;\",\"breadcrumb\":{\"@id\":\"https:\/\/www.labopolis.com\/producto\/contador-de-colonias-automatico-sphereflash\/#breadcrumb\"},\"inLanguage\":\"fr-FR\",\"potentialAction\":[{\"@type\":\"ReadAction\",\"target\":[\"https:\/\/www.labopolis.com\/producto\/contador-de-colonias-automatico-sphereflash\/\"]}]},{\"@type\":\"ImageObject\",\"inLanguage\":\"fr-FR\",\"@id\":\"https:\/\/www.labopolis.com\/producto\/contador-de-colonias-automatico-sphereflash\/#primaryimage\",\"url\":\"https:\/\/www.labopolis.com\/wp-content\/uploads\/2023\/07\/SphereFlash.jpg\",\"contentUrl\":\"https:\/\/www.labopolis.com\/wp-content\/uploads\/2023\/07\/SphereFlash.jpg\",\"width\":1633,\"height\":1134,\"caption\":\"Producto\"},{\"@type\":\"BreadcrumbList\",\"@id\":\"https:\/\/www.labopolis.com\/producto\/contador-de-colonias-automatico-sphereflash\/#breadcrumb\",\"itemListElement\":[{\"@type\":\"ListItem\",\"position\":1,\"name\":\"Portada\",\"item\":\"https:\/\/www.labopolis.com\/\"},{\"@type\":\"ListItem\",\"position\":2,\"name\":\"Productos\",\"item\":\"https:\/\/www.labopolis.com\/shop\/\"},{\"@type\":\"ListItem\",\"position\":3,\"name\":\"Contador de Colonias Autom\u00e1tico &#8211; SphereFlash\"}]},{\"@type\":\"WebSite\",\"@id\":\"https:\/\/www.labopolis.com\/#website\",\"url\":\"https:\/\/www.labopolis.com\/\",\"name\":\"Labopolis\",\"description\":\"\",\"potentialAction\":[{\"@type\":\"SearchAction\",\"target\":{\"@type\":\"EntryPoint\",\"urlTemplate\":\"https:\/\/www.labopolis.com\/?s={search_term_string}\"},\"query-input\":{\"@type\":\"PropertyValueSpecification\",\"valueRequired\":true,\"valueName\":\"search_term_string\"}}],\"inLanguage\":\"fr-FR\"}]}<\/script>\n<!-- \/ Yoast SEO plugin. -->","yoast_head_json":{"title":"Compteur de colonies automatique - SphereFlash - Labopolis","description":"Ref. 90007000 Compteur automatique de colonies SphereFlash + Logiciel Colonies LITE + Plan promotionnel inclus 1 Logiciel SphereFlash AI Accessoires (vendus avec le compteur de colonies, non vendus s\u00e9par\u00e9ment) : 90007001 Logiciel Colonies PRO 90007002 Logiciel Haloes PRO 90002131 Motif pour 6 halos (10 unit\u00e9s) 90002132 Motif pour 4 halos (10 unit\u00e9s) 900013512 Dispositif de centrage des bo\u00eetes de Petri 54-60mm \u00d8 900013513 Dispositif de centrage des bo\u00eetes de Petri 65-70mm \u00d8 **Vendu avec le compteur de colonies Fiche technique Compteur automatique de colonies - Sphere Flash Fiche technique Compteur automatique de colonies - Sphere Flash  &nbsp;","robots":{"index":"index","follow":"follow","max-snippet":"max-snippet:-1","max-image-preview":"max-image-preview:large","max-video-preview":"max-video-preview:-1"},"canonical":"https:\/\/www.labopolis.com\/fr\/produit\/contador-de-colonias-automatico-sphereflash\/","og_locale":"fr_FR","og_type":"article","og_title":"Contador de Colonias Autom\u00e1tico - SphereFlash - Labopolis","og_description":"Ref. 90007000 SphereFlash Contador de colonias autom\u00e1tico + Software Colonies LITE + Incluye Plan Promocional 1 SphereFlash AI Software  Accesorios (de venta conjunta con el contador de colonias, no se venden por separado): 90007001 Software Colonies PRO 90007002 Software Haloes PRO 90002131 Patr\u00f3n para 6 halos (10 unidades) 90002132 Patr\u00f3n para 4 halos (10 unidades) 900013512 Centrador c\u00e1psulas Petri 54-60mm \u00d8 900013513 Centrador c\u00e1psulas Petri 65-70mm \u00d8  **De venta conjuntamente con el Contador de colonias   Ficha T\u00e9cnica Contador de colonias autom\u00e1tico - Sphere Flash  Technical Data Sheet Automatic Colony Counter-Sphere Flash  &nbsp;","og_url":"https:\/\/www.labopolis.com\/fr\/produit\/contador-de-colonias-automatico-sphereflash\/","og_site_name":"Labopolis","article_publisher":"https:\/\/www.facebook.com\/profile.php?id=100063251679439","article_modified_time":"2025-12-09T12:29:55+00:00","og_image":[{"width":1633,"height":1134,"url":"https:\/\/www.labopolis.com\/wp-content\/uploads\/2023\/07\/SphereFlash.jpg","type":"image\/jpeg"}],"twitter_card":"summary_large_image","twitter_site":"@Labopolis","twitter_misc":{"Dur\u00e9e de lecture estim\u00e9e":"2 minutes"},"schema":{"@context":"https:\/\/schema.org","@graph":[{"@type":"WebPage","@id":"https:\/\/www.labopolis.com\/producto\/contador-de-colonias-automatico-sphereflash\/","url":"https:\/\/www.labopolis.com\/producto\/contador-de-colonias-automatico-sphereflash\/","name":"Compteur de colonies automatique - SphereFlash - Labopolis","isPartOf":{"@id":"https:\/\/www.labopolis.com\/#website"},"primaryImageOfPage":{"@id":"https:\/\/www.labopolis.com\/producto\/contador-de-colonias-automatico-sphereflash\/#primaryimage"},"image":{"@id":"https:\/\/www.labopolis.com\/producto\/contador-de-colonias-automatico-sphereflash\/#primaryimage"},"thumbnailUrl":"https:\/\/www.labopolis.com\/wp-content\/uploads\/2023\/07\/SphereFlash.jpg","datePublished":"2023-07-10T11:41:24+00:00","dateModified":"2025-12-09T12:29:55+00:00","description":"Ref. 90007000 Compteur automatique de colonies SphereFlash + Logiciel Colonies LITE + Plan promotionnel inclus 1 Logiciel SphereFlash AI Accessoires (vendus avec le compteur de colonies, non vendus s\u00e9par\u00e9ment) : 90007001 Logiciel Colonies PRO 90007002 Logiciel Haloes PRO 90002131 Motif pour 6 halos (10 unit\u00e9s) 90002132 Motif pour 4 halos (10 unit\u00e9s) 900013512 Dispositif de centrage des bo\u00eetes de Petri 54-60mm \u00d8 900013513 Dispositif de centrage des bo\u00eetes de Petri 65-70mm \u00d8 **Vendu avec le compteur de colonies Fiche technique Compteur automatique de colonies - Sphere Flash Fiche technique Compteur automatique de colonies - Sphere Flash &nbsp;","breadcrumb":{"@id":"https:\/\/www.labopolis.com\/producto\/contador-de-colonias-automatico-sphereflash\/#breadcrumb"},"inLanguage":"fr-FR","potentialAction":[{"@type":"ReadAction","target":["https:\/\/www.labopolis.com\/producto\/contador-de-colonias-automatico-sphereflash\/"]}]},{"@type":"ImageObject","inLanguage":"fr-FR","@id":"https:\/\/www.labopolis.com\/producto\/contador-de-colonias-automatico-sphereflash\/#primaryimage","url":"https:\/\/www.labopolis.com\/wp-content\/uploads\/2023\/07\/SphereFlash.jpg","contentUrl":"https:\/\/www.labopolis.com\/wp-content\/uploads\/2023\/07\/SphereFlash.jpg","width":1633,"height":1134,"caption":"Producto"},{"@type":"BreadcrumbList","@id":"https:\/\/www.labopolis.com\/producto\/contador-de-colonias-automatico-sphereflash\/#breadcrumb","itemListElement":[{"@type":"ListItem","position":1,"name":"Portada","item":"https:\/\/www.labopolis.com\/"},{"@type":"ListItem","position":2,"name":"Productos","item":"https:\/\/www.labopolis.com\/shop\/"},{"@type":"ListItem","position":3,"name":"Contador de Colonias Autom\u00e1tico &#8211; SphereFlash"}]},{"@type":"WebSite","@id":"https:\/\/www.labopolis.com\/#website","url":"https:\/\/www.labopolis.com\/","name":"Labopolis","description":"","potentialAction":[{"@type":"SearchAction","target":{"@type":"EntryPoint","urlTemplate":"https:\/\/www.labopolis.com\/?s={search_term_string}"},"query-input":{"@type":"PropertyValueSpecification","valueRequired":true,"valueName":"search_term_string"}}],"inLanguage":"fr-FR"}]}},"_links":{"self":[{"href":"https:\/\/www.labopolis.com\/fr\/wp-json\/wp\/v2\/product\/2850","targetHints":{"allow":["GET"]}}],"collection":[{"href":"https:\/\/www.labopolis.com\/fr\/wp-json\/wp\/v2\/product"}],"about":[{"href":"https:\/\/www.labopolis.com\/fr\/wp-json\/wp\/v2\/types\/product"}],"replies":[{"embeddable":true,"href":"https:\/\/www.labopolis.com\/fr\/wp-json\/wp\/v2\/comments?post=2850"}],"wp:featuredmedia":[{"embeddable":true,"href":"https:\/\/www.labopolis.com\/fr\/wp-json\/wp\/v2\/media\/2861"}],"wp:attachment":[{"href":"https:\/\/www.labopolis.com\/fr\/wp-json\/wp\/v2\/media?parent=2850"}],"wp:term":[{"taxonomy":"product_brand","embeddable":true,"href":"https:\/\/www.labopolis.com\/fr\/wp-json\/wp\/v2\/product_brand?post=2850"},{"taxonomy":"product_cat","embeddable":true,"href":"https:\/\/www.labopolis.com\/fr\/wp-json\/wp\/v2\/product_cat?post=2850"},{"taxonomy":"product_tag","embeddable":true,"href":"https:\/\/www.labopolis.com\/fr\/wp-json\/wp\/v2\/product_tag?post=2850"}],"curies":[{"name":"wp","href":"https:\/\/api.w.org\/{rel}","templated":true}]}}